{"id":4248,"date":"2025-07-10T11:41:32","date_gmt":"2025-07-10T09:41:32","guid":{"rendered":"https:\/\/pans.krosno.pl\/fundusze-zewnetrzne\/?page_id=4248"},"modified":"2025-07-10T11:42:23","modified_gmt":"2025-07-10T09:42:23","slug":"materialy-w-ramach-warsztatow-i-wykladow","status":"publish","type":"page","link":"https:\/\/pans.krosno.pl\/fundusze-zewnetrzne\/rola-roslin-zielarskich-i-barwierskich-w-ekologicznym-systemie-gospodarowania\/materialy-w-ramach-warsztatow-i-wykladow\/","title":{"rendered":"Materia\u0142y w ramach warsztat\u00f3w i wyk\u0142ad\u00f3w"},"content":{"rendered":"\n<p>Materia\u0142y w j\u0119zyku polskim i angielskim<\/p>\n\n\n\n<hr class=\"wp-block-separator has-alpha-channel-opacity\" \/>\n\n\n\n<p>Temat 1. OCHRONA RO\u015aLIN W ROLNICTWIE EKOLOGICZNYM<\/p>\n\n\n\n<div class=\"wp-block-file\"><a id=\"wp-block-file--media-478b92bd-1fc0-435a-8754-bb5807cfc863\" href=\"https:\/\/pans.krosno.pl\/fundusze-zewnetrzne\/wp-content\/uploads\/sites\/14\/2025\/07\/Ochrona-roslin-w-rolnictwie-ekologicznym.pdf\">Ochrona ro\u015blin w rolnictwie ekologicznym<\/a><a href=\"https:\/\/pans.krosno.pl\/fundusze-zewnetrzne\/wp-content\/uploads\/sites\/14\/2025\/07\/Ochrona-roslin-w-rolnictwie-ekologicznym.pdf\" class=\"wp-block-file__button wp-element-button\" download aria-describedby=\"wp-block-file--media-478b92bd-1fc0-435a-8754-bb5807cfc863\">Pobierz<\/a><\/div>\n\n\n\n<hr class=\"wp-block-separator has-alpha-channel-opacity\" \/>\n\n\n\n<p>Temat 2. Wsp\u00f3\u0142rz\u0119dna uprawa warzyw i ro\u015blin uprawnych z zio\u0142ami<\/p>\n\n\n\n<div class=\"wp-block-file\"><a id=\"wp-block-file--media-8d4d22ef-82e0-4387-b8d7-6f9db9ff5181\" href=\"https:\/\/pans.krosno.pl\/fundusze-zewnetrzne\/wp-content\/uploads\/sites\/14\/2025\/07\/Wspolrzedna-uprawa-warzyw-i-roslin-uprawnych-z-ziolami.pdf\">Wsp\u00f3\u0142rz\u0119dna uprawa warzyw i ro\u015blin uprawnych z zio\u0142ami<\/a><a href=\"https:\/\/pans.krosno.pl\/fundusze-zewnetrzne\/wp-content\/uploads\/sites\/14\/2025\/07\/Wspolrzedna-uprawa-warzyw-i-roslin-uprawnych-z-ziolami.pdf\" class=\"wp-block-file__button wp-element-button\" download aria-describedby=\"wp-block-file--media-8d4d22ef-82e0-4387-b8d7-6f9db9ff5181\">Pobierz<\/a><\/div>\n\n\n\n<hr class=\"wp-block-separator has-alpha-channel-opacity\" \/>\n\n\n\n<p>Temat 3. Podstawy projektowania i zak\u0142adania ogrodu systemem ekologicznym<\/p>\n\n\n\n<div class=\"wp-block-file\"><a id=\"wp-block-file--media-90093e87-8555-43a4-af57-3d636b7fe9c2\" href=\"https:\/\/pans.krosno.pl\/fundusze-zewnetrzne\/wp-content\/uploads\/sites\/14\/2025\/07\/Podstawy-projektowania-i-zakladania-ogrodu-systemem-ekologicznym.pdf\">Podstawy projektowania i zak\u0142adania ogrodu systemem ekologicznym<\/a><a href=\"https:\/\/pans.krosno.pl\/fundusze-zewnetrzne\/wp-content\/uploads\/sites\/14\/2025\/07\/Podstawy-projektowania-i-zakladania-ogrodu-systemem-ekologicznym.pdf\" class=\"wp-block-file__button wp-element-button\" download aria-describedby=\"wp-block-file--media-90093e87-8555-43a4-af57-3d636b7fe9c2\">Pobierz<\/a><\/div>\n\n\n\n<hr class=\"wp-block-separator has-alpha-channel-opacity\" \/>\n\n\n\n<p>Temat 4. Surowce zielarskie<\/p>\n\n\n\n<div class=\"wp-block-file\"><a id=\"wp-block-file--media-1cce9fc3-0894-4389-831b-e78cfd4c2325\" href=\"https:\/\/pans.krosno.pl\/fundusze-zewnetrzne\/wp-content\/uploads\/sites\/14\/2025\/07\/Surowce-zielarskie.pdf\">Surowce zielarskie<\/a><a href=\"https:\/\/pans.krosno.pl\/fundusze-zewnetrzne\/wp-content\/uploads\/sites\/14\/2025\/07\/Surowce-zielarskie.pdf\" class=\"wp-block-file__button wp-element-button\" download aria-describedby=\"wp-block-file--media-1cce9fc3-0894-4389-831b-e78cfd4c2325\">Pobierz<\/a><\/div>\n\n\n\n<hr class=\"wp-block-separator has-alpha-channel-opacity\" \/>\n\n\n\n<p>Temat 5. Zio\u0142a w \u017cywno\u015bci i \u017cywieniu cz\u0142owieka<\/p>\n\n\n\n<div class=\"wp-block-file\"><a id=\"wp-block-file--media-7d1c7f01-f074-46da-abc8-9a5b5ab59dea\" href=\"https:\/\/pans.krosno.pl\/fundusze-zewnetrzne\/wp-content\/uploads\/sites\/14\/2025\/07\/Ziola-w-zywnosci-i-zywieniu-czlowieka.pdf\">Zio\u0142a w \u017cywno\u015bci i \u017cywieniu cz\u0142owieka<\/a><a href=\"https:\/\/pans.krosno.pl\/fundusze-zewnetrzne\/wp-content\/uploads\/sites\/14\/2025\/07\/Ziola-w-zywnosci-i-zywieniu-czlowieka.pdf\" class=\"wp-block-file__button wp-element-button\" download aria-describedby=\"wp-block-file--media-7d1c7f01-f074-46da-abc8-9a5b5ab59dea\">Pobierz<\/a><\/div>\n\n\n\n<hr class=\"wp-block-separator has-alpha-channel-opacity\" \/>\n\n\n\n<p>Temat 6. Zalety i wady permakultury<\/p>\n\n\n\n<div class=\"wp-block-file\"><a id=\"wp-block-file--media-4b4b0864-8088-4d84-bf23-116686e19dc8\" href=\"https:\/\/pans.krosno.pl\/fundusze-zewnetrzne\/wp-content\/uploads\/sites\/14\/2025\/07\/Zalety-i-wady-permakultury.pdf\">Zalety i wady permakultury<\/a><a href=\"https:\/\/pans.krosno.pl\/fundusze-zewnetrzne\/wp-content\/uploads\/sites\/14\/2025\/07\/Zalety-i-wady-permakultury.pdf\" class=\"wp-block-file__button wp-element-button\" download aria-describedby=\"wp-block-file--media-4b4b0864-8088-4d84-bf23-116686e19dc8\">Pobierz<\/a><\/div>\n\n\n\n<hr class=\"wp-block-separator has-alpha-channel-opacity\" \/>\n\n\n\n<p>Temat 7. Znaczenie kompostu w rolnictwie ekologicznym<\/p>\n\n\n\n<div class=\"wp-block-file\"><a id=\"wp-block-file--media-86751fdb-4fb6-4ab1-aff2-dfd1d140901c\" href=\"https:\/\/pans.krosno.pl\/fundusze-zewnetrzne\/wp-content\/uploads\/sites\/14\/2025\/07\/Znaczenie-kompostu-w-rolnictwie-ekologicznym.pdf\">Znaczenie kompostu w rolnictwie ekologicznym<\/a><a href=\"https:\/\/pans.krosno.pl\/fundusze-zewnetrzne\/wp-content\/uploads\/sites\/14\/2025\/07\/Znaczenie-kompostu-w-rolnictwie-ekologicznym.pdf\" class=\"wp-block-file__button wp-element-button\" download aria-describedby=\"wp-block-file--media-86751fdb-4fb6-4ab1-aff2-dfd1d140901c\">Pobierz<\/a><\/div>\n\n\n\n<hr class=\"wp-block-separator has-alpha-channel-opacity\" \/>\n\n\n\n<p>Temat 8. Ozdobne gatunki ro\u015blin zielarskich<\/p>\n\n\n\n<div class=\"wp-block-file\"><a id=\"wp-block-file--media-19840a00-cdc8-4dc1-a360-79297ebbed9d\" href=\"https:\/\/pans.krosno.pl\/fundusze-zewnetrzne\/wp-content\/uploads\/sites\/14\/2025\/07\/Ozdobne-gatunki-roslin-zielarskich.pdf\">Ozdobne gatunki ro\u015blin zielarskich<\/a><a href=\"https:\/\/pans.krosno.pl\/fundusze-zewnetrzne\/wp-content\/uploads\/sites\/14\/2025\/07\/Ozdobne-gatunki-roslin-zielarskich.pdf\" class=\"wp-block-file__button wp-element-button\" download aria-describedby=\"wp-block-file--media-19840a00-cdc8-4dc1-a360-79297ebbed9d\">Pobierz<\/a><\/div>\n\n\n\n<hr class=\"wp-block-separator has-alpha-channel-opacity\" \/>\n\n\n\n<p>Temat 9. Zio\u0142a w gospodarstwie domowym<\/p>\n\n\n\n<div class=\"wp-block-file\"><a id=\"wp-block-file--media-712e3efd-5157-4ba1-9407-e83429e70f5a\" href=\"https:\/\/pans.krosno.pl\/fundusze-zewnetrzne\/wp-content\/uploads\/sites\/14\/2025\/07\/Ziola-w-gospodarstwie-domowym.pdf\">Zio\u0142a w gospodarstwie domowym<\/a><a href=\"https:\/\/pans.krosno.pl\/fundusze-zewnetrzne\/wp-content\/uploads\/sites\/14\/2025\/07\/Ziola-w-gospodarstwie-domowym.pdf\" class=\"wp-block-file__button wp-element-button\" download aria-describedby=\"wp-block-file--media-712e3efd-5157-4ba1-9407-e83429e70f5a\">Pobierz<\/a><\/div>\n\n\n\n<hr class=\"wp-block-separator has-alpha-channel-opacity\" \/>\n\n\n\n<p>Temat 10. Warzywa ma\u0142o znane i ich znaczenie prozdrowotne<\/p>\n\n\n\n<div class=\"wp-block-file\"><a id=\"wp-block-file--media-ef22164f-e76b-4ae1-94c1-bbcbbfcbc245\" href=\"https:\/\/pans.krosno.pl\/fundusze-zewnetrzne\/wp-content\/uploads\/sites\/14\/2025\/07\/Warzywa-malo-znane-i-ich-znaczenie-prozdrowotne.pdf\">Warzywa ma\u0142o znane i ich znaczenie prozdrowotne<\/a><a href=\"https:\/\/pans.krosno.pl\/fundusze-zewnetrzne\/wp-content\/uploads\/sites\/14\/2025\/07\/Warzywa-malo-znane-i-ich-znaczenie-prozdrowotne.pdf\" class=\"wp-block-file__button wp-element-button\" download aria-describedby=\"wp-block-file--media-ef22164f-e76b-4ae1-94c1-bbcbbfcbc245\">Pobierz<\/a><\/div>\n\n\n\n<hr class=\"wp-block-separator has-alpha-channel-opacity\" \/>\n","protected":false},"excerpt":{"rendered":"<p>Materia\u0142y w j\u0119zyku polskim i angielskim Temat 1. OCHRONA RO\u015aLIN W ROLNICTWIE EKOLOGICZNYM Temat 2. Wsp\u00f3\u0142rz\u0119dna uprawa warzyw i ro\u015blin uprawnych z zio\u0142ami Temat 3. Podstawy projektowania i zak\u0142adania ogrodu systemem ekologicznym Temat 4. Surowce zielarskie Temat 5. Zio\u0142a w \u017cywno\u015bci i \u017cywieniu cz\u0142owieka Temat 6. Zalety i wady permakultury [\u2026] <\/p>\n<div class=\"clear\"><\/div>\n<p><a class=\"more_link clearfix\" href=\"https:\/\/pans.krosno.pl\/fundusze-zewnetrzne\/rola-roslin-zielarskich-i-barwierskich-w-ekologicznym-systemie-gospodarowania\/materialy-w-ramach-warsztatow-i-wykladow\/\" rel=\"nofollow\">Read More<\/a><\/p>\n","protected":false},"author":53,"featured_media":0,"parent":3754,"menu_order":0,"comment_status":"closed","ping_status":"closed","template":"","meta":{"ngg_post_thumbnail":0,"footnotes":""},"class_list":["post-4248","page","type-page","status-publish","hentry"],"yoast_head":"<!-- This site is optimized with the Yoast SEO Premium plugin v27.3 (Yoast SEO v27.3) - https:\/\/yoast.com\/product\/yoast-seo-premium-wordpress\/ -->\n<title>Materia\u0142y w ramach warsztat\u00f3w i wyk\u0142ad\u00f3w - Fundusze zewn\u0119trzne PANS w Kro\u015bnie<\/title>\n<meta name=\"robots\" content=\"index, follow, max-snippet:-1, max-image-preview:large, max-video-preview:-1\" \/>\n<link rel=\"canonical\" href=\"https:\/\/pans.krosno.pl\/fundusze-zewnetrzne\/rola-roslin-zielarskich-i-barwierskich-w-ekologicznym-systemie-gospodarowania\/materialy-w-ramach-warsztatow-i-wykladow\/\" \/>\n<meta property=\"og:locale\" content=\"pl_PL\" \/>\n<meta property=\"og:type\" content=\"article\" \/>\n<meta property=\"og:title\" content=\"Materia\u0142y w ramach warsztat\u00f3w i wyk\u0142ad\u00f3w\" \/>\n<meta property=\"og:description\" content=\"Materia\u0142y w j\u0119zyku polskim i angielskim Temat 1. OCHRONA RO\u015aLIN W ROLNICTWIE EKOLOGICZNYM Temat 2. Wsp\u00f3\u0142rz\u0119dna uprawa warzyw i ro\u015blin uprawnych z zio\u0142ami Temat 3. Podstawy projektowania i zak\u0142adania ogrodu systemem ekologicznym Temat 4. Surowce zielarskie Temat 5. Zio\u0142a w \u017cywno\u015bci i \u017cywieniu cz\u0142owieka Temat 6. Zalety i wady permakultury [\u2026] Read More\" \/>\n<meta property=\"og:url\" content=\"https:\/\/pans.krosno.pl\/fundusze-zewnetrzne\/rola-roslin-zielarskich-i-barwierskich-w-ekologicznym-systemie-gospodarowania\/materialy-w-ramach-warsztatow-i-wykladow\/\" \/>\n<meta property=\"og:site_name\" content=\"Fundusze zewn\u0119trzne PANS w Kro\u015bnie\" \/>\n<meta property=\"article:modified_time\" content=\"2025-07-10T09:42:23+00:00\" \/>\n<meta name=\"twitter:card\" content=\"summary_large_image\" \/>\n<meta name=\"twitter:label1\" content=\"Szacowany czas czytania\" \/>\n\t<meta name=\"twitter:data1\" content=\"1 minuta\" \/>\n<script type=\"application\/ld+json\" class=\"yoast-schema-graph\">{\"@context\":\"https:\\\/\\\/schema.org\",\"@graph\":[{\"@type\":\"WebPage\",\"@id\":\"https:\\\/\\\/pans.krosno.pl\\\/fundusze-zewnetrzne\\\/rola-roslin-zielarskich-i-barwierskich-w-ekologicznym-systemie-gospodarowania\\\/materialy-w-ramach-warsztatow-i-wykladow\\\/\",\"url\":\"https:\\\/\\\/pans.krosno.pl\\\/fundusze-zewnetrzne\\\/rola-roslin-zielarskich-i-barwierskich-w-ekologicznym-systemie-gospodarowania\\\/materialy-w-ramach-warsztatow-i-wykladow\\\/\",\"name\":\"Materia\u0142y w ramach warsztat\u00f3w i wyk\u0142ad\u00f3w - Fundusze zewn\u0119trzne PANS w Kro\u015bnie\",\"isPartOf\":{\"@id\":\"https:\\\/\\\/pans.krosno.pl\\\/fundusze-zewnetrzne\\\/#website\"},\"datePublished\":\"2025-07-10T09:41:32+00:00\",\"dateModified\":\"2025-07-10T09:42:23+00:00\",\"breadcrumb\":{\"@id\":\"https:\\\/\\\/pans.krosno.pl\\\/fundusze-zewnetrzne\\\/rola-roslin-zielarskich-i-barwierskich-w-ekologicznym-systemie-gospodarowania\\\/materialy-w-ramach-warsztatow-i-wykladow\\\/#breadcrumb\"},\"inLanguage\":\"pl-PL\",\"potentialAction\":[{\"@type\":\"ReadAction\",\"target\":[\"https:\\\/\\\/pans.krosno.pl\\\/fundusze-zewnetrzne\\\/rola-roslin-zielarskich-i-barwierskich-w-ekologicznym-systemie-gospodarowania\\\/materialy-w-ramach-warsztatow-i-wykladow\\\/\"]}]},{\"@type\":\"BreadcrumbList\",\"@id\":\"https:\\\/\\\/pans.krosno.pl\\\/fundusze-zewnetrzne\\\/rola-roslin-zielarskich-i-barwierskich-w-ekologicznym-systemie-gospodarowania\\\/materialy-w-ramach-warsztatow-i-wykladow\\\/#breadcrumb\",\"itemListElement\":[{\"@type\":\"ListItem\",\"position\":1,\"name\":\"Strona g\u0142\u00f3wna\",\"item\":\"https:\\\/\\\/pans.krosno.pl\\\/fundusze-zewnetrzne\\\/\"},{\"@type\":\"ListItem\",\"position\":2,\"name\":\"&#8222;Rola ro\u015blin zielarskich i barwierskich w ekologicznym systemie gospodarowania&#8221;\",\"item\":\"https:\\\/\\\/pans.krosno.pl\\\/fundusze-zewnetrzne\\\/rola-roslin-zielarskich-i-barwierskich-w-ekologicznym-systemie-gospodarowania\\\/\"},{\"@type\":\"ListItem\",\"position\":3,\"name\":\"Materia\u0142y w ramach warsztat\u00f3w i wyk\u0142ad\u00f3w\"}]},{\"@type\":\"WebSite\",\"@id\":\"https:\\\/\\\/pans.krosno.pl\\\/fundusze-zewnetrzne\\\/#website\",\"url\":\"https:\\\/\\\/pans.krosno.pl\\\/fundusze-zewnetrzne\\\/\",\"name\":\"Fundusze zewn\u0119trzne PANS w Kro\u015bnie\",\"description\":\"Fundusze zewn\u0119trzne  - Pa\u0144stwowa Akademia Nauk Stosowanych\",\"publisher\":{\"@id\":\"https:\\\/\\\/pans.krosno.pl\\\/fundusze-zewnetrzne\\\/#organization\"},\"potentialAction\":[{\"@type\":\"SearchAction\",\"target\":{\"@type\":\"EntryPoint\",\"urlTemplate\":\"https:\\\/\\\/pans.krosno.pl\\\/fundusze-zewnetrzne\\\/?s={search_term_string}\"},\"query-input\":{\"@type\":\"PropertyValueSpecification\",\"valueRequired\":true,\"valueName\":\"search_term_string\"}}],\"inLanguage\":\"pl-PL\"},{\"@type\":\"Organization\",\"@id\":\"https:\\\/\\\/pans.krosno.pl\\\/fundusze-zewnetrzne\\\/#organization\",\"name\":\"Fundusze zewn\u0119trzne PANS w Kro\u015bnie\",\"url\":\"https:\\\/\\\/pans.krosno.pl\\\/fundusze-zewnetrzne\\\/\",\"logo\":{\"@type\":\"ImageObject\",\"inLanguage\":\"pl-PL\",\"@id\":\"https:\\\/\\\/pans.krosno.pl\\\/fundusze-zewnetrzne\\\/#\\\/schema\\\/logo\\\/image\\\/\",\"url\":\"https:\\\/\\\/pans.krosno.pl\\\/fundusze-zewnetrzne\\\/wp-content\\\/uploads\\\/sites\\\/14\\\/2023\\\/01\\\/Logo-PANS-2022-pelne.png\",\"contentUrl\":\"https:\\\/\\\/pans.krosno.pl\\\/fundusze-zewnetrzne\\\/wp-content\\\/uploads\\\/sites\\\/14\\\/2023\\\/01\\\/Logo-PANS-2022-pelne.png\",\"width\":3096,\"height\":696,\"caption\":\"Fundusze zewn\u0119trzne PANS w Kro\u015bnie\"},\"image\":{\"@id\":\"https:\\\/\\\/pans.krosno.pl\\\/fundusze-zewnetrzne\\\/#\\\/schema\\\/logo\\\/image\\\/\"}}]}<\/script>\n<!-- \/ Yoast SEO Premium plugin. -->","yoast_head_json":{"title":"Materia\u0142y w ramach warsztat\u00f3w i wyk\u0142ad\u00f3w - Fundusze zewn\u0119trzne PANS w Kro\u015bnie","robots":{"index":"index","follow":"follow","max-snippet":"max-snippet:-1","max-image-preview":"max-image-preview:large","max-video-preview":"max-video-preview:-1"},"canonical":"https:\/\/pans.krosno.pl\/fundusze-zewnetrzne\/rola-roslin-zielarskich-i-barwierskich-w-ekologicznym-systemie-gospodarowania\/materialy-w-ramach-warsztatow-i-wykladow\/","og_locale":"pl_PL","og_type":"article","og_title":"Materia\u0142y w ramach warsztat\u00f3w i wyk\u0142ad\u00f3w","og_description":"Materia\u0142y w j\u0119zyku polskim i angielskim Temat 1. OCHRONA RO\u015aLIN W ROLNICTWIE EKOLOGICZNYM Temat 2. Wsp\u00f3\u0142rz\u0119dna uprawa warzyw i ro\u015blin uprawnych z zio\u0142ami Temat 3. Podstawy projektowania i zak\u0142adania ogrodu systemem ekologicznym Temat 4. Surowce zielarskie Temat 5. Zio\u0142a w \u017cywno\u015bci i \u017cywieniu cz\u0142owieka Temat 6. Zalety i wady permakultury [\u2026] Read More","og_url":"https:\/\/pans.krosno.pl\/fundusze-zewnetrzne\/rola-roslin-zielarskich-i-barwierskich-w-ekologicznym-systemie-gospodarowania\/materialy-w-ramach-warsztatow-i-wykladow\/","og_site_name":"Fundusze zewn\u0119trzne PANS w Kro\u015bnie","article_modified_time":"2025-07-10T09:42:23+00:00","twitter_card":"summary_large_image","twitter_misc":{"Szacowany czas czytania":"1 minuta"},"schema":{"@context":"https:\/\/schema.org","@graph":[{"@type":"WebPage","@id":"https:\/\/pans.krosno.pl\/fundusze-zewnetrzne\/rola-roslin-zielarskich-i-barwierskich-w-ekologicznym-systemie-gospodarowania\/materialy-w-ramach-warsztatow-i-wykladow\/","url":"https:\/\/pans.krosno.pl\/fundusze-zewnetrzne\/rola-roslin-zielarskich-i-barwierskich-w-ekologicznym-systemie-gospodarowania\/materialy-w-ramach-warsztatow-i-wykladow\/","name":"Materia\u0142y w ramach warsztat\u00f3w i wyk\u0142ad\u00f3w - Fundusze zewn\u0119trzne PANS w Kro\u015bnie","isPartOf":{"@id":"https:\/\/pans.krosno.pl\/fundusze-zewnetrzne\/#website"},"datePublished":"2025-07-10T09:41:32+00:00","dateModified":"2025-07-10T09:42:23+00:00","breadcrumb":{"@id":"https:\/\/pans.krosno.pl\/fundusze-zewnetrzne\/rola-roslin-zielarskich-i-barwierskich-w-ekologicznym-systemie-gospodarowania\/materialy-w-ramach-warsztatow-i-wykladow\/#breadcrumb"},"inLanguage":"pl-PL","potentialAction":[{"@type":"ReadAction","target":["https:\/\/pans.krosno.pl\/fundusze-zewnetrzne\/rola-roslin-zielarskich-i-barwierskich-w-ekologicznym-systemie-gospodarowania\/materialy-w-ramach-warsztatow-i-wykladow\/"]}]},{"@type":"BreadcrumbList","@id":"https:\/\/pans.krosno.pl\/fundusze-zewnetrzne\/rola-roslin-zielarskich-i-barwierskich-w-ekologicznym-systemie-gospodarowania\/materialy-w-ramach-warsztatow-i-wykladow\/#breadcrumb","itemListElement":[{"@type":"ListItem","position":1,"name":"Strona g\u0142\u00f3wna","item":"https:\/\/pans.krosno.pl\/fundusze-zewnetrzne\/"},{"@type":"ListItem","position":2,"name":"&#8222;Rola ro\u015blin zielarskich i barwierskich w ekologicznym systemie gospodarowania&#8221;","item":"https:\/\/pans.krosno.pl\/fundusze-zewnetrzne\/rola-roslin-zielarskich-i-barwierskich-w-ekologicznym-systemie-gospodarowania\/"},{"@type":"ListItem","position":3,"name":"Materia\u0142y w ramach warsztat\u00f3w i wyk\u0142ad\u00f3w"}]},{"@type":"WebSite","@id":"https:\/\/pans.krosno.pl\/fundusze-zewnetrzne\/#website","url":"https:\/\/pans.krosno.pl\/fundusze-zewnetrzne\/","name":"Fundusze zewn\u0119trzne PANS w Kro\u015bnie","description":"Fundusze zewn\u0119trzne  - Pa\u0144stwowa Akademia Nauk Stosowanych","publisher":{"@id":"https:\/\/pans.krosno.pl\/fundusze-zewnetrzne\/#organization"},"potentialAction":[{"@type":"SearchAction","target":{"@type":"EntryPoint","urlTemplate":"https:\/\/pans.krosno.pl\/fundusze-zewnetrzne\/?s={search_term_string}"},"query-input":{"@type":"PropertyValueSpecification","valueRequired":true,"valueName":"search_term_string"}}],"inLanguage":"pl-PL"},{"@type":"Organization","@id":"https:\/\/pans.krosno.pl\/fundusze-zewnetrzne\/#organization","name":"Fundusze zewn\u0119trzne PANS w Kro\u015bnie","url":"https:\/\/pans.krosno.pl\/fundusze-zewnetrzne\/","logo":{"@type":"ImageObject","inLanguage":"pl-PL","@id":"https:\/\/pans.krosno.pl\/fundusze-zewnetrzne\/#\/schema\/logo\/image\/","url":"https:\/\/pans.krosno.pl\/fundusze-zewnetrzne\/wp-content\/uploads\/sites\/14\/2023\/01\/Logo-PANS-2022-pelne.png","contentUrl":"https:\/\/pans.krosno.pl\/fundusze-zewnetrzne\/wp-content\/uploads\/sites\/14\/2023\/01\/Logo-PANS-2022-pelne.png","width":3096,"height":696,"caption":"Fundusze zewn\u0119trzne PANS w Kro\u015bnie"},"image":{"@id":"https:\/\/pans.krosno.pl\/fundusze-zewnetrzne\/#\/schema\/logo\/image\/"}}]}},"_links":{"self":[{"href":"https:\/\/pans.krosno.pl\/fundusze-zewnetrzne\/wp-json\/wp\/v2\/pages\/4248","targetHints":{"allow":["GET"]}}],"collection":[{"href":"https:\/\/pans.krosno.pl\/fundusze-zewnetrzne\/wp-json\/wp\/v2\/pages"}],"about":[{"href":"https:\/\/pans.krosno.pl\/fundusze-zewnetrzne\/wp-json\/wp\/v2\/types\/page"}],"author":[{"embeddable":true,"href":"https:\/\/pans.krosno.pl\/fundusze-zewnetrzne\/wp-json\/wp\/v2\/users\/53"}],"replies":[{"embeddable":true,"href":"https:\/\/pans.krosno.pl\/fundusze-zewnetrzne\/wp-json\/wp\/v2\/comments?post=4248"}],"version-history":[{"count":3,"href":"https:\/\/pans.krosno.pl\/fundusze-zewnetrzne\/wp-json\/wp\/v2\/pages\/4248\/revisions"}],"predecessor-version":[{"id":4263,"href":"https:\/\/pans.krosno.pl\/fundusze-zewnetrzne\/wp-json\/wp\/v2\/pages\/4248\/revisions\/4263"}],"up":[{"embeddable":true,"href":"https:\/\/pans.krosno.pl\/fundusze-zewnetrzne\/wp-json\/wp\/v2\/pages\/3754"}],"wp:attachment":[{"href":"https:\/\/pans.krosno.pl\/fundusze-zewnetrzne\/wp-json\/wp\/v2\/media?parent=4248"}],"curies":[{"name":"wp","href":"https:\/\/api.w.org\/{rel}","templated":true}]}}