{"id":4197,"date":"2025-03-25T09:50:33","date_gmt":"2025-03-25T08:50:33","guid":{"rendered":"https:\/\/pans.krosno.pl\/fundusze-zewnetrzne\/?page_id=4197"},"modified":"2025-04-25T11:45:34","modified_gmt":"2025-04-25T09:45:34","slug":"program","status":"publish","type":"page","link":"https:\/\/pans.krosno.pl\/fundusze-zewnetrzne\/rola-roslin-zielarskich-i-barwierskich-w-ekologicznym-systemie-gospodarowania\/program\/","title":{"rendered":"Program"},"content":{"rendered":"\n<hr class=\"wp-block-separator has-alpha-channel-opacity\" \/>\n\n\n\n<p class=\"has-text-align-center\"><strong>PROGRAM KONFERENCJI<\/strong><\/p>\n\n\n\n<p class=\"has-text-align-center\"><strong>ROLA RO\u015aLIN ZIELARSKICH I BARWIERSKICH W \u00a0EKOLOGICZNYM\u00a0 SYSTEMIE\u00a0 GOSPODAROWANIA<\/strong><\/p>\n\n\n\n<p class=\"has-text-align-center\"><strong>KONFERENCJA 20 MAJA 2025, UL. DMOCHOWSKIEGO 12<\/strong><\/p>\n\n\n\n<p>10.00 Powitanie uczestnik\u00f3w i cel grantu<\/p>\n\n\n\n<p>&nbsp;<strong>Sesja I &nbsp;<\/strong><\/p>\n\n\n\n<p>10:15 prof. dr hab. J. Andrzejewska: Pozyskiwanie surowc\u00f3w zielarskich w obliczu zmian klimatycznych<\/p>\n\n\n\n<p>10:35 mgr arch. G. Cha\u0142ubiec-Skoczylas: Koncepcja architektoniczna uczelnianego ogrodu edukacyjnego&nbsp; PANS w Kro\u015bnie\u2028<\/p>\n\n\n\n<p>11:00 dr in\u017c. B. Bienia: Nawozy organiczne i naturalne stosowane w rolnictwie ekologicznym<\/p>\n\n\n\n<p>11:15 dr in\u017c. M. Pisarek: Metody regulacji organizm\u00f3w szkodliwych w ekologicznych systemach uprawy ro\u015blin<\/p>\n\n\n\n<p>11:30 PRZERWA KAWOWA<\/p>\n\n\n\n<p><strong>Sesja II<\/strong><\/p>\n\n\n\n<p>12;00 dr hab. in\u017c. B. Krochmal-Marczak:&nbsp; Uprawa oraz w\u0142a\u015bciwo\u015bci antyoksydacyjne ziela i korzeni witanii ospa\u0142ej&nbsp; uprawianej w warunkach Podkarpacia<\/p>\n\n\n\n<p>12:20 prof. dr hab. E. Pisulewska \u2013 Realizacja grantu<\/p>\n\n\n\n<p>12:40 prof. dr hab. I. Czyczy\u0142o-Mysza: Wymierne efekty warsztat\u00f3w<\/p>\n\n\n\n<p>13:00 Ogr\u00f3d edukacyjny &#8211; zwiedzanie<\/p>\n","protected":false},"excerpt":{"rendered":"<p>PROGRAM KONFERENCJI ROLA RO\u015aLIN ZIELARSKICH I BARWIERSKICH W \u00a0EKOLOGICZNYM\u00a0 SYSTEMIE\u00a0 GOSPODAROWANIA KONFERENCJA 20 MAJA 2025, UL. DMOCHOWSKIEGO 12 10.00 Powitanie uczestnik\u00f3w i cel grantu &nbsp;Sesja I &nbsp; 10:15 prof. dr hab. J. Andrzejewska: Pozyskiwanie surowc\u00f3w zielarskich w obliczu zmian klimatycznych 10:35 mgr arch. G. Cha\u0142ubiec-Skoczylas: Koncepcja architektoniczna uczelnianego ogrodu edukacyjnego&nbsp; [\u2026] <\/p>\n<div class=\"clear\"><\/div>\n<p><a class=\"more_link clearfix\" href=\"https:\/\/pans.krosno.pl\/fundusze-zewnetrzne\/rola-roslin-zielarskich-i-barwierskich-w-ekologicznym-systemie-gospodarowania\/program\/\" rel=\"nofollow\">Read More<\/a><\/p>\n","protected":false},"author":53,"featured_media":0,"parent":3754,"menu_order":0,"comment_status":"closed","ping_status":"closed","template":"","meta":{"ngg_post_thumbnail":0,"footnotes":""},"class_list":["post-4197","page","type-page","status-publish","hentry"],"yoast_head":"<!-- This site is optimized with the Yoast SEO Premium plugin v27.3 (Yoast SEO v27.3) - https:\/\/yoast.com\/product\/yoast-seo-premium-wordpress\/ -->\n<title>Program - Fundusze zewn\u0119trzne PANS w Kro\u015bnie<\/title>\n<meta name=\"robots\" content=\"index, follow, max-snippet:-1, max-image-preview:large, max-video-preview:-1\" \/>\n<link rel=\"canonical\" href=\"https:\/\/pans.krosno.pl\/fundusze-zewnetrzne\/rola-roslin-zielarskich-i-barwierskich-w-ekologicznym-systemie-gospodarowania\/program\/\" \/>\n<meta property=\"og:locale\" content=\"pl_PL\" \/>\n<meta property=\"og:type\" content=\"article\" \/>\n<meta property=\"og:title\" content=\"Program\" \/>\n<meta property=\"og:description\" content=\"PROGRAM KONFERENCJI ROLA RO\u015aLIN ZIELARSKICH I BARWIERSKICH W \u00a0EKOLOGICZNYM\u00a0 SYSTEMIE\u00a0 GOSPODAROWANIA KONFERENCJA 20 MAJA 2025, UL. DMOCHOWSKIEGO 12 10.00 Powitanie uczestnik\u00f3w i cel grantu &nbsp;Sesja I &nbsp; 10:15 prof. dr hab. J. Andrzejewska: Pozyskiwanie surowc\u00f3w zielarskich w obliczu zmian klimatycznych 10:35 mgr arch. G. Cha\u0142ubiec-Skoczylas: Koncepcja architektoniczna uczelnianego ogrodu edukacyjnego&nbsp; [\u2026] Read More\" \/>\n<meta property=\"og:url\" content=\"https:\/\/pans.krosno.pl\/fundusze-zewnetrzne\/rola-roslin-zielarskich-i-barwierskich-w-ekologicznym-systemie-gospodarowania\/program\/\" \/>\n<meta property=\"og:site_name\" content=\"Fundusze zewn\u0119trzne PANS w Kro\u015bnie\" \/>\n<meta property=\"article:modified_time\" content=\"2025-04-25T09:45:34+00:00\" \/>\n<meta name=\"twitter:card\" content=\"summary_large_image\" \/>\n<meta name=\"twitter:label1\" content=\"Szacowany czas czytania\" \/>\n\t<meta name=\"twitter:data1\" content=\"1 minuta\" \/>\n<script type=\"application\/ld+json\" class=\"yoast-schema-graph\">{\"@context\":\"https:\\\/\\\/schema.org\",\"@graph\":[{\"@type\":\"WebPage\",\"@id\":\"https:\\\/\\\/pans.krosno.pl\\\/fundusze-zewnetrzne\\\/rola-roslin-zielarskich-i-barwierskich-w-ekologicznym-systemie-gospodarowania\\\/program\\\/\",\"url\":\"https:\\\/\\\/pans.krosno.pl\\\/fundusze-zewnetrzne\\\/rola-roslin-zielarskich-i-barwierskich-w-ekologicznym-systemie-gospodarowania\\\/program\\\/\",\"name\":\"Program - Fundusze zewn\u0119trzne PANS w Kro\u015bnie\",\"isPartOf\":{\"@id\":\"https:\\\/\\\/pans.krosno.pl\\\/fundusze-zewnetrzne\\\/#website\"},\"datePublished\":\"2025-03-25T08:50:33+00:00\",\"dateModified\":\"2025-04-25T09:45:34+00:00\",\"breadcrumb\":{\"@id\":\"https:\\\/\\\/pans.krosno.pl\\\/fundusze-zewnetrzne\\\/rola-roslin-zielarskich-i-barwierskich-w-ekologicznym-systemie-gospodarowania\\\/program\\\/#breadcrumb\"},\"inLanguage\":\"pl-PL\",\"potentialAction\":[{\"@type\":\"ReadAction\",\"target\":[\"https:\\\/\\\/pans.krosno.pl\\\/fundusze-zewnetrzne\\\/rola-roslin-zielarskich-i-barwierskich-w-ekologicznym-systemie-gospodarowania\\\/program\\\/\"]}]},{\"@type\":\"BreadcrumbList\",\"@id\":\"https:\\\/\\\/pans.krosno.pl\\\/fundusze-zewnetrzne\\\/rola-roslin-zielarskich-i-barwierskich-w-ekologicznym-systemie-gospodarowania\\\/program\\\/#breadcrumb\",\"itemListElement\":[{\"@type\":\"ListItem\",\"position\":1,\"name\":\"Strona g\u0142\u00f3wna\",\"item\":\"https:\\\/\\\/pans.krosno.pl\\\/fundusze-zewnetrzne\\\/\"},{\"@type\":\"ListItem\",\"position\":2,\"name\":\"&#8222;Rola ro\u015blin zielarskich i barwierskich w ekologicznym systemie gospodarowania&#8221;\",\"item\":\"https:\\\/\\\/pans.krosno.pl\\\/fundusze-zewnetrzne\\\/rola-roslin-zielarskich-i-barwierskich-w-ekologicznym-systemie-gospodarowania\\\/\"},{\"@type\":\"ListItem\",\"position\":3,\"name\":\"Program\"}]},{\"@type\":\"WebSite\",\"@id\":\"https:\\\/\\\/pans.krosno.pl\\\/fundusze-zewnetrzne\\\/#website\",\"url\":\"https:\\\/\\\/pans.krosno.pl\\\/fundusze-zewnetrzne\\\/\",\"name\":\"Fundusze zewn\u0119trzne PANS w Kro\u015bnie\",\"description\":\"Fundusze zewn\u0119trzne  - Pa\u0144stwowa Akademia Nauk Stosowanych\",\"publisher\":{\"@id\":\"https:\\\/\\\/pans.krosno.pl\\\/fundusze-zewnetrzne\\\/#organization\"},\"potentialAction\":[{\"@type\":\"SearchAction\",\"target\":{\"@type\":\"EntryPoint\",\"urlTemplate\":\"https:\\\/\\\/pans.krosno.pl\\\/fundusze-zewnetrzne\\\/?s={search_term_string}\"},\"query-input\":{\"@type\":\"PropertyValueSpecification\",\"valueRequired\":true,\"valueName\":\"search_term_string\"}}],\"inLanguage\":\"pl-PL\"},{\"@type\":\"Organization\",\"@id\":\"https:\\\/\\\/pans.krosno.pl\\\/fundusze-zewnetrzne\\\/#organization\",\"name\":\"Fundusze zewn\u0119trzne PANS w Kro\u015bnie\",\"url\":\"https:\\\/\\\/pans.krosno.pl\\\/fundusze-zewnetrzne\\\/\",\"logo\":{\"@type\":\"ImageObject\",\"inLanguage\":\"pl-PL\",\"@id\":\"https:\\\/\\\/pans.krosno.pl\\\/fundusze-zewnetrzne\\\/#\\\/schema\\\/logo\\\/image\\\/\",\"url\":\"https:\\\/\\\/pans.krosno.pl\\\/fundusze-zewnetrzne\\\/wp-content\\\/uploads\\\/sites\\\/14\\\/2023\\\/01\\\/Logo-PANS-2022-pelne.png\",\"contentUrl\":\"https:\\\/\\\/pans.krosno.pl\\\/fundusze-zewnetrzne\\\/wp-content\\\/uploads\\\/sites\\\/14\\\/2023\\\/01\\\/Logo-PANS-2022-pelne.png\",\"width\":3096,\"height\":696,\"caption\":\"Fundusze zewn\u0119trzne PANS w Kro\u015bnie\"},\"image\":{\"@id\":\"https:\\\/\\\/pans.krosno.pl\\\/fundusze-zewnetrzne\\\/#\\\/schema\\\/logo\\\/image\\\/\"}}]}<\/script>\n<!-- \/ Yoast SEO Premium plugin. -->","yoast_head_json":{"title":"Program - Fundusze zewn\u0119trzne PANS w Kro\u015bnie","robots":{"index":"index","follow":"follow","max-snippet":"max-snippet:-1","max-image-preview":"max-image-preview:large","max-video-preview":"max-video-preview:-1"},"canonical":"https:\/\/pans.krosno.pl\/fundusze-zewnetrzne\/rola-roslin-zielarskich-i-barwierskich-w-ekologicznym-systemie-gospodarowania\/program\/","og_locale":"pl_PL","og_type":"article","og_title":"Program","og_description":"PROGRAM KONFERENCJI ROLA RO\u015aLIN ZIELARSKICH I BARWIERSKICH W \u00a0EKOLOGICZNYM\u00a0 SYSTEMIE\u00a0 GOSPODAROWANIA KONFERENCJA 20 MAJA 2025, UL. DMOCHOWSKIEGO 12 10.00 Powitanie uczestnik\u00f3w i cel grantu &nbsp;Sesja I &nbsp; 10:15 prof. dr hab. J. Andrzejewska: Pozyskiwanie surowc\u00f3w zielarskich w obliczu zmian klimatycznych 10:35 mgr arch. G. Cha\u0142ubiec-Skoczylas: Koncepcja architektoniczna uczelnianego ogrodu edukacyjnego&nbsp; [\u2026] Read More","og_url":"https:\/\/pans.krosno.pl\/fundusze-zewnetrzne\/rola-roslin-zielarskich-i-barwierskich-w-ekologicznym-systemie-gospodarowania\/program\/","og_site_name":"Fundusze zewn\u0119trzne PANS w Kro\u015bnie","article_modified_time":"2025-04-25T09:45:34+00:00","twitter_card":"summary_large_image","twitter_misc":{"Szacowany czas czytania":"1 minuta"},"schema":{"@context":"https:\/\/schema.org","@graph":[{"@type":"WebPage","@id":"https:\/\/pans.krosno.pl\/fundusze-zewnetrzne\/rola-roslin-zielarskich-i-barwierskich-w-ekologicznym-systemie-gospodarowania\/program\/","url":"https:\/\/pans.krosno.pl\/fundusze-zewnetrzne\/rola-roslin-zielarskich-i-barwierskich-w-ekologicznym-systemie-gospodarowania\/program\/","name":"Program - Fundusze zewn\u0119trzne PANS w Kro\u015bnie","isPartOf":{"@id":"https:\/\/pans.krosno.pl\/fundusze-zewnetrzne\/#website"},"datePublished":"2025-03-25T08:50:33+00:00","dateModified":"2025-04-25T09:45:34+00:00","breadcrumb":{"@id":"https:\/\/pans.krosno.pl\/fundusze-zewnetrzne\/rola-roslin-zielarskich-i-barwierskich-w-ekologicznym-systemie-gospodarowania\/program\/#breadcrumb"},"inLanguage":"pl-PL","potentialAction":[{"@type":"ReadAction","target":["https:\/\/pans.krosno.pl\/fundusze-zewnetrzne\/rola-roslin-zielarskich-i-barwierskich-w-ekologicznym-systemie-gospodarowania\/program\/"]}]},{"@type":"BreadcrumbList","@id":"https:\/\/pans.krosno.pl\/fundusze-zewnetrzne\/rola-roslin-zielarskich-i-barwierskich-w-ekologicznym-systemie-gospodarowania\/program\/#breadcrumb","itemListElement":[{"@type":"ListItem","position":1,"name":"Strona g\u0142\u00f3wna","item":"https:\/\/pans.krosno.pl\/fundusze-zewnetrzne\/"},{"@type":"ListItem","position":2,"name":"&#8222;Rola ro\u015blin zielarskich i barwierskich w ekologicznym systemie gospodarowania&#8221;","item":"https:\/\/pans.krosno.pl\/fundusze-zewnetrzne\/rola-roslin-zielarskich-i-barwierskich-w-ekologicznym-systemie-gospodarowania\/"},{"@type":"ListItem","position":3,"name":"Program"}]},{"@type":"WebSite","@id":"https:\/\/pans.krosno.pl\/fundusze-zewnetrzne\/#website","url":"https:\/\/pans.krosno.pl\/fundusze-zewnetrzne\/","name":"Fundusze zewn\u0119trzne PANS w Kro\u015bnie","description":"Fundusze zewn\u0119trzne  - Pa\u0144stwowa Akademia Nauk Stosowanych","publisher":{"@id":"https:\/\/pans.krosno.pl\/fundusze-zewnetrzne\/#organization"},"potentialAction":[{"@type":"SearchAction","target":{"@type":"EntryPoint","urlTemplate":"https:\/\/pans.krosno.pl\/fundusze-zewnetrzne\/?s={search_term_string}"},"query-input":{"@type":"PropertyValueSpecification","valueRequired":true,"valueName":"search_term_string"}}],"inLanguage":"pl-PL"},{"@type":"Organization","@id":"https:\/\/pans.krosno.pl\/fundusze-zewnetrzne\/#organization","name":"Fundusze zewn\u0119trzne PANS w Kro\u015bnie","url":"https:\/\/pans.krosno.pl\/fundusze-zewnetrzne\/","logo":{"@type":"ImageObject","inLanguage":"pl-PL","@id":"https:\/\/pans.krosno.pl\/fundusze-zewnetrzne\/#\/schema\/logo\/image\/","url":"https:\/\/pans.krosno.pl\/fundusze-zewnetrzne\/wp-content\/uploads\/sites\/14\/2023\/01\/Logo-PANS-2022-pelne.png","contentUrl":"https:\/\/pans.krosno.pl\/fundusze-zewnetrzne\/wp-content\/uploads\/sites\/14\/2023\/01\/Logo-PANS-2022-pelne.png","width":3096,"height":696,"caption":"Fundusze zewn\u0119trzne PANS w Kro\u015bnie"},"image":{"@id":"https:\/\/pans.krosno.pl\/fundusze-zewnetrzne\/#\/schema\/logo\/image\/"}}]}},"_links":{"self":[{"href":"https:\/\/pans.krosno.pl\/fundusze-zewnetrzne\/wp-json\/wp\/v2\/pages\/4197","targetHints":{"allow":["GET"]}}],"collection":[{"href":"https:\/\/pans.krosno.pl\/fundusze-zewnetrzne\/wp-json\/wp\/v2\/pages"}],"about":[{"href":"https:\/\/pans.krosno.pl\/fundusze-zewnetrzne\/wp-json\/wp\/v2\/types\/page"}],"author":[{"embeddable":true,"href":"https:\/\/pans.krosno.pl\/fundusze-zewnetrzne\/wp-json\/wp\/v2\/users\/53"}],"replies":[{"embeddable":true,"href":"https:\/\/pans.krosno.pl\/fundusze-zewnetrzne\/wp-json\/wp\/v2\/comments?post=4197"}],"version-history":[{"count":5,"href":"https:\/\/pans.krosno.pl\/fundusze-zewnetrzne\/wp-json\/wp\/v2\/pages\/4197\/revisions"}],"predecessor-version":[{"id":4224,"href":"https:\/\/pans.krosno.pl\/fundusze-zewnetrzne\/wp-json\/wp\/v2\/pages\/4197\/revisions\/4224"}],"up":[{"embeddable":true,"href":"https:\/\/pans.krosno.pl\/fundusze-zewnetrzne\/wp-json\/wp\/v2\/pages\/3754"}],"wp:attachment":[{"href":"https:\/\/pans.krosno.pl\/fundusze-zewnetrzne\/wp-json\/wp\/v2\/media?parent=4197"}],"curies":[{"name":"wp","href":"https:\/\/api.w.org\/{rel}","templated":true}]}}