{"id":4178,"date":"2025-03-24T13:54:11","date_gmt":"2025-03-24T12:54:11","guid":{"rendered":"https:\/\/pans.krosno.pl\/fundusze-zewnetrzne\/?page_id=4178"},"modified":"2025-03-25T09:40:27","modified_gmt":"2025-03-25T08:40:27","slug":"komunikaty","status":"publish","type":"page","link":"https:\/\/pans.krosno.pl\/fundusze-zewnetrzne\/rola-roslin-zielarskich-i-barwierskich-w-ekologicznym-systemie-gospodarowania\/komunikaty\/","title":{"rendered":"Komunikaty"},"content":{"rendered":"\n<hr class=\"wp-block-separator has-alpha-channel-opacity\" \/>\n\n\n\n<p class=\"has-text-align-center\"><strong>Komunikat 1<\/strong><\/p>\n\n\n\n<p>&nbsp;Ro\u015bliny zielarskie zawsze zajmowa\u0142y i nadal zajmuj\u0105 specjalne miejsce w ogrodnictwie. Pe\u0142ni\u0105 one w naszych ogrodach wiele r\u00f3\u017cnych funkcji, zaczynaj\u0105c od u\u017cytkowych, poprzez aromatyczne i ochronne a\u017c po ozdobne. Konferencja organizowana w Pa\u0144stwowej Akademii Nauk Stosowanych w Kro\u015bnie jest podsumowaniem wyk\u0142ad\u00f3w i warsztat\u00f3w dotycz\u0105cych roli ro\u015blin zielarskich i barwierskich w ogrodzie przydomowym prowadzonym systemem ekologicznym, a tak\u017ce mo\u017cliwo\u015bci wykorzystania zi\u00f3\u0142 w warunkach domowych.<\/p>\n\n\n\n<p>Przewidziana jest dla os\u00f3b zainteresowanych projektowaniem i prowadzeniem przydomowego ogrodu ekologicznego, ze szczeg\u00f3lnym uwzgl\u0119dnieniem permakultury i upraw wsp\u00f3\u0142rz\u0119dnych. W czasie konferencji zaprezentowany zostanie ogr\u00f3d edukacyjny zrealizowany z funduszy uzyskanych w projekcie. Udzia\u0142 w konferencji jest bezp\u0142atny, prosimy natomiast o zarejestrowanie uczestnictwa pod adresem:<\/p>\n\n\n\n<p><a href=\"https:\/\/ankiety.kpu.krosno.pl\/index.php?r=survey\/index&amp;sid=477733&amp;lang=pl\">https:\/\/ankiety.kpu.krosno.pl\/index.php?r=survey\/index&amp;sid=477733&amp;lang=pl<\/a><\/p>\n\n\n\n<p>Rejestracja potrwa do 16 maja 2025 r.<\/p>\n\n\n\n<p class=\"has-text-align-right\">prof. dr hab. in\u017c. El\u017cbieta Pisulewska<\/p>\n","protected":false},"excerpt":{"rendered":"<p>Komunikat 1 &nbsp;Ro\u015bliny zielarskie zawsze zajmowa\u0142y i nadal zajmuj\u0105 specjalne miejsce w ogrodnictwie. Pe\u0142ni\u0105 one w naszych ogrodach wiele r\u00f3\u017cnych funkcji, zaczynaj\u0105c od u\u017cytkowych, poprzez aromatyczne i ochronne a\u017c po ozdobne. Konferencja organizowana w Pa\u0144stwowej Akademii Nauk Stosowanych w Kro\u015bnie jest podsumowaniem wyk\u0142ad\u00f3w i warsztat\u00f3w dotycz\u0105cych roli ro\u015blin zielarskich i [\u2026] <\/p>\n<div class=\"clear\"><\/div>\n<p><a class=\"more_link clearfix\" href=\"https:\/\/pans.krosno.pl\/fundusze-zewnetrzne\/rola-roslin-zielarskich-i-barwierskich-w-ekologicznym-systemie-gospodarowania\/komunikaty\/\" rel=\"nofollow\">Read More<\/a><\/p>\n","protected":false},"author":53,"featured_media":0,"parent":3754,"menu_order":0,"comment_status":"closed","ping_status":"closed","template":"","meta":{"ngg_post_thumbnail":0,"footnotes":""},"class_list":["post-4178","page","type-page","status-publish","hentry"],"yoast_head":"<!-- This site is optimized with the Yoast SEO Premium plugin v27.4 (Yoast SEO v27.4) - https:\/\/yoast.com\/product\/yoast-seo-premium-wordpress\/ -->\n<title>Komunikaty - Fundusze zewn\u0119trzne PANS w Kro\u015bnie<\/title>\n<meta name=\"robots\" content=\"index, follow, max-snippet:-1, max-image-preview:large, max-video-preview:-1\" \/>\n<link rel=\"canonical\" href=\"https:\/\/pans.krosno.pl\/fundusze-zewnetrzne\/rola-roslin-zielarskich-i-barwierskich-w-ekologicznym-systemie-gospodarowania\/komunikaty\/\" \/>\n<meta property=\"og:locale\" content=\"pl_PL\" \/>\n<meta property=\"og:type\" content=\"article\" \/>\n<meta property=\"og:title\" content=\"Komunikaty\" \/>\n<meta property=\"og:description\" content=\"Komunikat 1 &nbsp;Ro\u015bliny zielarskie zawsze zajmowa\u0142y i nadal zajmuj\u0105 specjalne miejsce w ogrodnictwie. Pe\u0142ni\u0105 one w naszych ogrodach wiele r\u00f3\u017cnych funkcji, zaczynaj\u0105c od u\u017cytkowych, poprzez aromatyczne i ochronne a\u017c po ozdobne. Konferencja organizowana w Pa\u0144stwowej Akademii Nauk Stosowanych w Kro\u015bnie jest podsumowaniem wyk\u0142ad\u00f3w i warsztat\u00f3w dotycz\u0105cych roli ro\u015blin zielarskich i [\u2026] Read More\" \/>\n<meta property=\"og:url\" content=\"https:\/\/pans.krosno.pl\/fundusze-zewnetrzne\/rola-roslin-zielarskich-i-barwierskich-w-ekologicznym-systemie-gospodarowania\/komunikaty\/\" \/>\n<meta property=\"og:site_name\" content=\"Fundusze zewn\u0119trzne PANS w Kro\u015bnie\" \/>\n<meta property=\"article:modified_time\" content=\"2025-03-25T08:40:27+00:00\" \/>\n<meta name=\"twitter:card\" content=\"summary_large_image\" \/>\n<meta name=\"twitter:label1\" content=\"Szacowany czas czytania\" \/>\n\t<meta name=\"twitter:data1\" content=\"1 minuta\" \/>\n<script type=\"application\/ld+json\" class=\"yoast-schema-graph\">{\"@context\":\"https:\\\/\\\/schema.org\",\"@graph\":[{\"@type\":\"WebPage\",\"@id\":\"https:\\\/\\\/pans.krosno.pl\\\/fundusze-zewnetrzne\\\/rola-roslin-zielarskich-i-barwierskich-w-ekologicznym-systemie-gospodarowania\\\/komunikaty\\\/\",\"url\":\"https:\\\/\\\/pans.krosno.pl\\\/fundusze-zewnetrzne\\\/rola-roslin-zielarskich-i-barwierskich-w-ekologicznym-systemie-gospodarowania\\\/komunikaty\\\/\",\"name\":\"Komunikaty - Fundusze zewn\u0119trzne PANS w Kro\u015bnie\",\"isPartOf\":{\"@id\":\"https:\\\/\\\/pans.krosno.pl\\\/fundusze-zewnetrzne\\\/#website\"},\"datePublished\":\"2025-03-24T12:54:11+00:00\",\"dateModified\":\"2025-03-25T08:40:27+00:00\",\"breadcrumb\":{\"@id\":\"https:\\\/\\\/pans.krosno.pl\\\/fundusze-zewnetrzne\\\/rola-roslin-zielarskich-i-barwierskich-w-ekologicznym-systemie-gospodarowania\\\/komunikaty\\\/#breadcrumb\"},\"inLanguage\":\"pl-PL\",\"potentialAction\":[{\"@type\":\"ReadAction\",\"target\":[\"https:\\\/\\\/pans.krosno.pl\\\/fundusze-zewnetrzne\\\/rola-roslin-zielarskich-i-barwierskich-w-ekologicznym-systemie-gospodarowania\\\/komunikaty\\\/\"]}]},{\"@type\":\"BreadcrumbList\",\"@id\":\"https:\\\/\\\/pans.krosno.pl\\\/fundusze-zewnetrzne\\\/rola-roslin-zielarskich-i-barwierskich-w-ekologicznym-systemie-gospodarowania\\\/komunikaty\\\/#breadcrumb\",\"itemListElement\":[{\"@type\":\"ListItem\",\"position\":1,\"name\":\"Strona g\u0142\u00f3wna\",\"item\":\"https:\\\/\\\/pans.krosno.pl\\\/fundusze-zewnetrzne\\\/\"},{\"@type\":\"ListItem\",\"position\":2,\"name\":\"&#8222;Rola ro\u015blin zielarskich i barwierskich w ekologicznym systemie gospodarowania&#8221;\",\"item\":\"https:\\\/\\\/pans.krosno.pl\\\/fundusze-zewnetrzne\\\/rola-roslin-zielarskich-i-barwierskich-w-ekologicznym-systemie-gospodarowania\\\/\"},{\"@type\":\"ListItem\",\"position\":3,\"name\":\"Komunikaty\"}]},{\"@type\":\"WebSite\",\"@id\":\"https:\\\/\\\/pans.krosno.pl\\\/fundusze-zewnetrzne\\\/#website\",\"url\":\"https:\\\/\\\/pans.krosno.pl\\\/fundusze-zewnetrzne\\\/\",\"name\":\"Fundusze zewn\u0119trzne PANS w Kro\u015bnie\",\"description\":\"Fundusze zewn\u0119trzne  - Pa\u0144stwowa Akademia Nauk Stosowanych\",\"publisher\":{\"@id\":\"https:\\\/\\\/pans.krosno.pl\\\/fundusze-zewnetrzne\\\/#organization\"},\"potentialAction\":[{\"@type\":\"SearchAction\",\"target\":{\"@type\":\"EntryPoint\",\"urlTemplate\":\"https:\\\/\\\/pans.krosno.pl\\\/fundusze-zewnetrzne\\\/?s={search_term_string}\"},\"query-input\":{\"@type\":\"PropertyValueSpecification\",\"valueRequired\":true,\"valueName\":\"search_term_string\"}}],\"inLanguage\":\"pl-PL\"},{\"@type\":\"Organization\",\"@id\":\"https:\\\/\\\/pans.krosno.pl\\\/fundusze-zewnetrzne\\\/#organization\",\"name\":\"Fundusze zewn\u0119trzne PANS w Kro\u015bnie\",\"url\":\"https:\\\/\\\/pans.krosno.pl\\\/fundusze-zewnetrzne\\\/\",\"logo\":{\"@type\":\"ImageObject\",\"inLanguage\":\"pl-PL\",\"@id\":\"https:\\\/\\\/pans.krosno.pl\\\/fundusze-zewnetrzne\\\/#\\\/schema\\\/logo\\\/image\\\/\",\"url\":\"https:\\\/\\\/pans.krosno.pl\\\/fundusze-zewnetrzne\\\/wp-content\\\/uploads\\\/sites\\\/14\\\/2023\\\/01\\\/Logo-PANS-2022-pelne.png\",\"contentUrl\":\"https:\\\/\\\/pans.krosno.pl\\\/fundusze-zewnetrzne\\\/wp-content\\\/uploads\\\/sites\\\/14\\\/2023\\\/01\\\/Logo-PANS-2022-pelne.png\",\"width\":3096,\"height\":696,\"caption\":\"Fundusze zewn\u0119trzne PANS w Kro\u015bnie\"},\"image\":{\"@id\":\"https:\\\/\\\/pans.krosno.pl\\\/fundusze-zewnetrzne\\\/#\\\/schema\\\/logo\\\/image\\\/\"}}]}<\/script>\n<!-- \/ Yoast SEO Premium plugin. -->","yoast_head_json":{"title":"Komunikaty - Fundusze zewn\u0119trzne PANS w Kro\u015bnie","robots":{"index":"index","follow":"follow","max-snippet":"max-snippet:-1","max-image-preview":"max-image-preview:large","max-video-preview":"max-video-preview:-1"},"canonical":"https:\/\/pans.krosno.pl\/fundusze-zewnetrzne\/rola-roslin-zielarskich-i-barwierskich-w-ekologicznym-systemie-gospodarowania\/komunikaty\/","og_locale":"pl_PL","og_type":"article","og_title":"Komunikaty","og_description":"Komunikat 1 &nbsp;Ro\u015bliny zielarskie zawsze zajmowa\u0142y i nadal zajmuj\u0105 specjalne miejsce w ogrodnictwie. Pe\u0142ni\u0105 one w naszych ogrodach wiele r\u00f3\u017cnych funkcji, zaczynaj\u0105c od u\u017cytkowych, poprzez aromatyczne i ochronne a\u017c po ozdobne. Konferencja organizowana w Pa\u0144stwowej Akademii Nauk Stosowanych w Kro\u015bnie jest podsumowaniem wyk\u0142ad\u00f3w i warsztat\u00f3w dotycz\u0105cych roli ro\u015blin zielarskich i [\u2026] Read More","og_url":"https:\/\/pans.krosno.pl\/fundusze-zewnetrzne\/rola-roslin-zielarskich-i-barwierskich-w-ekologicznym-systemie-gospodarowania\/komunikaty\/","og_site_name":"Fundusze zewn\u0119trzne PANS w Kro\u015bnie","article_modified_time":"2025-03-25T08:40:27+00:00","twitter_card":"summary_large_image","twitter_misc":{"Szacowany czas czytania":"1 minuta"},"schema":{"@context":"https:\/\/schema.org","@graph":[{"@type":"WebPage","@id":"https:\/\/pans.krosno.pl\/fundusze-zewnetrzne\/rola-roslin-zielarskich-i-barwierskich-w-ekologicznym-systemie-gospodarowania\/komunikaty\/","url":"https:\/\/pans.krosno.pl\/fundusze-zewnetrzne\/rola-roslin-zielarskich-i-barwierskich-w-ekologicznym-systemie-gospodarowania\/komunikaty\/","name":"Komunikaty - Fundusze zewn\u0119trzne PANS w Kro\u015bnie","isPartOf":{"@id":"https:\/\/pans.krosno.pl\/fundusze-zewnetrzne\/#website"},"datePublished":"2025-03-24T12:54:11+00:00","dateModified":"2025-03-25T08:40:27+00:00","breadcrumb":{"@id":"https:\/\/pans.krosno.pl\/fundusze-zewnetrzne\/rola-roslin-zielarskich-i-barwierskich-w-ekologicznym-systemie-gospodarowania\/komunikaty\/#breadcrumb"},"inLanguage":"pl-PL","potentialAction":[{"@type":"ReadAction","target":["https:\/\/pans.krosno.pl\/fundusze-zewnetrzne\/rola-roslin-zielarskich-i-barwierskich-w-ekologicznym-systemie-gospodarowania\/komunikaty\/"]}]},{"@type":"BreadcrumbList","@id":"https:\/\/pans.krosno.pl\/fundusze-zewnetrzne\/rola-roslin-zielarskich-i-barwierskich-w-ekologicznym-systemie-gospodarowania\/komunikaty\/#breadcrumb","itemListElement":[{"@type":"ListItem","position":1,"name":"Strona g\u0142\u00f3wna","item":"https:\/\/pans.krosno.pl\/fundusze-zewnetrzne\/"},{"@type":"ListItem","position":2,"name":"&#8222;Rola ro\u015blin zielarskich i barwierskich w ekologicznym systemie gospodarowania&#8221;","item":"https:\/\/pans.krosno.pl\/fundusze-zewnetrzne\/rola-roslin-zielarskich-i-barwierskich-w-ekologicznym-systemie-gospodarowania\/"},{"@type":"ListItem","position":3,"name":"Komunikaty"}]},{"@type":"WebSite","@id":"https:\/\/pans.krosno.pl\/fundusze-zewnetrzne\/#website","url":"https:\/\/pans.krosno.pl\/fundusze-zewnetrzne\/","name":"Fundusze zewn\u0119trzne PANS w Kro\u015bnie","description":"Fundusze zewn\u0119trzne  - Pa\u0144stwowa Akademia Nauk Stosowanych","publisher":{"@id":"https:\/\/pans.krosno.pl\/fundusze-zewnetrzne\/#organization"},"potentialAction":[{"@type":"SearchAction","target":{"@type":"EntryPoint","urlTemplate":"https:\/\/pans.krosno.pl\/fundusze-zewnetrzne\/?s={search_term_string}"},"query-input":{"@type":"PropertyValueSpecification","valueRequired":true,"valueName":"search_term_string"}}],"inLanguage":"pl-PL"},{"@type":"Organization","@id":"https:\/\/pans.krosno.pl\/fundusze-zewnetrzne\/#organization","name":"Fundusze zewn\u0119trzne PANS w Kro\u015bnie","url":"https:\/\/pans.krosno.pl\/fundusze-zewnetrzne\/","logo":{"@type":"ImageObject","inLanguage":"pl-PL","@id":"https:\/\/pans.krosno.pl\/fundusze-zewnetrzne\/#\/schema\/logo\/image\/","url":"https:\/\/pans.krosno.pl\/fundusze-zewnetrzne\/wp-content\/uploads\/sites\/14\/2023\/01\/Logo-PANS-2022-pelne.png","contentUrl":"https:\/\/pans.krosno.pl\/fundusze-zewnetrzne\/wp-content\/uploads\/sites\/14\/2023\/01\/Logo-PANS-2022-pelne.png","width":3096,"height":696,"caption":"Fundusze zewn\u0119trzne PANS w Kro\u015bnie"},"image":{"@id":"https:\/\/pans.krosno.pl\/fundusze-zewnetrzne\/#\/schema\/logo\/image\/"}}]}},"_links":{"self":[{"href":"https:\/\/pans.krosno.pl\/fundusze-zewnetrzne\/wp-json\/wp\/v2\/pages\/4178","targetHints":{"allow":["GET"]}}],"collection":[{"href":"https:\/\/pans.krosno.pl\/fundusze-zewnetrzne\/wp-json\/wp\/v2\/pages"}],"about":[{"href":"https:\/\/pans.krosno.pl\/fundusze-zewnetrzne\/wp-json\/wp\/v2\/types\/page"}],"author":[{"embeddable":true,"href":"https:\/\/pans.krosno.pl\/fundusze-zewnetrzne\/wp-json\/wp\/v2\/users\/53"}],"replies":[{"embeddable":true,"href":"https:\/\/pans.krosno.pl\/fundusze-zewnetrzne\/wp-json\/wp\/v2\/comments?post=4178"}],"version-history":[{"count":2,"href":"https:\/\/pans.krosno.pl\/fundusze-zewnetrzne\/wp-json\/wp\/v2\/pages\/4178\/revisions"}],"predecessor-version":[{"id":4182,"href":"https:\/\/pans.krosno.pl\/fundusze-zewnetrzne\/wp-json\/wp\/v2\/pages\/4178\/revisions\/4182"}],"up":[{"embeddable":true,"href":"https:\/\/pans.krosno.pl\/fundusze-zewnetrzne\/wp-json\/wp\/v2\/pages\/3754"}],"wp:attachment":[{"href":"https:\/\/pans.krosno.pl\/fundusze-zewnetrzne\/wp-json\/wp\/v2\/media?parent=4178"}],"curies":[{"name":"wp","href":"https:\/\/api.w.org\/{rel}","templated":true}]}}