{"id":4071,"date":"2024-09-10T13:36:07","date_gmt":"2024-09-10T11:36:07","guid":{"rendered":"https:\/\/pans.krosno.pl\/fundusze-zewnetrzne\/?page_id=4071"},"modified":"2024-09-10T14:00:08","modified_gmt":"2024-09-10T12:00:08","slug":"opracowanie-innowacjnych-kol-z-wlokna-weglowego","status":"publish","type":"page","link":"https:\/\/pans.krosno.pl\/fundusze-zewnetrzne\/projekty-realizowane\/opracowanie-innowacjnych-kol-z-wlokna-weglowego\/","title":{"rendered":"&#8222;Opracowanie innowacyjnych k\u00f3\u0142 z w\u0142\u00f3kna w\u0119glowego&#8221;"},"content":{"rendered":"\n<hr class=\"wp-block-separator has-alpha-channel-opacity\" \/>\n\n\n\n<figure class=\"wp-block-image aligncenter size-large is-resized\"><img loading=\"lazy\" decoding=\"async\" width=\"1024\" height=\"319\" src=\"https:\/\/pans.krosno.pl\/fundusze-zewnetrzne\/wp-content\/uploads\/sites\/14\/2024\/09\/01_znak_siatka_podstawowy_kolor_biale_tlo-1024x319.png\" alt=\"\" class=\"wp-image-4077\" style=\"width:462px;height:auto\" srcset=\"https:\/\/pans.krosno.pl\/fundusze-zewnetrzne\/wp-content\/uploads\/sites\/14\/2024\/09\/01_znak_siatka_podstawowy_kolor_biale_tlo-1024x319.png 1024w, https:\/\/pans.krosno.pl\/fundusze-zewnetrzne\/wp-content\/uploads\/sites\/14\/2024\/09\/01_znak_siatka_podstawowy_kolor_biale_tlo-300x93.png 300w, https:\/\/pans.krosno.pl\/fundusze-zewnetrzne\/wp-content\/uploads\/sites\/14\/2024\/09\/01_znak_siatka_podstawowy_kolor_biale_tlo-768x239.png 768w, https:\/\/pans.krosno.pl\/fundusze-zewnetrzne\/wp-content\/uploads\/sites\/14\/2024\/09\/01_znak_siatka_podstawowy_kolor_biale_tlo-800x249.png 800w, https:\/\/pans.krosno.pl\/fundusze-zewnetrzne\/wp-content\/uploads\/sites\/14\/2024\/09\/01_znak_siatka_podstawowy_kolor_biale_tlo-580x181.png 580w, https:\/\/pans.krosno.pl\/fundusze-zewnetrzne\/wp-content\/uploads\/sites\/14\/2024\/09\/01_znak_siatka_podstawowy_kolor_biale_tlo.png 1388w\" sizes=\"auto, (max-width: 1024px) 100vw, 1024px\" \/><\/figure>\n\n\n\n<p class=\"has-text-align-center\">Projekt finansowany ze \u015brodk\u00f3w bud\u017cetu pa\u0144stwa, przyznanych przez Ministra Nauki w ramach Programu \u201eStudenckie ko\u0142a naukowe tworz\u0105 innowacje&#8221;<\/p>\n\n\n\n<figure class=\"wp-block-image aligncenter size-large is-resized\"><img loading=\"lazy\" decoding=\"async\" width=\"1024\" height=\"449\" src=\"https:\/\/pans.krosno.pl\/fundusze-zewnetrzne\/wp-content\/uploads\/sites\/14\/2024\/09\/kola-naukowe-1024x449.png\" alt=\"\" class=\"wp-image-4075\" style=\"width:374px;height:auto\" srcset=\"https:\/\/pans.krosno.pl\/fundusze-zewnetrzne\/wp-content\/uploads\/sites\/14\/2024\/09\/kola-naukowe-1024x449.png 1024w, https:\/\/pans.krosno.pl\/fundusze-zewnetrzne\/wp-content\/uploads\/sites\/14\/2024\/09\/kola-naukowe-300x131.png 300w, https:\/\/pans.krosno.pl\/fundusze-zewnetrzne\/wp-content\/uploads\/sites\/14\/2024\/09\/kola-naukowe-768x337.png 768w, https:\/\/pans.krosno.pl\/fundusze-zewnetrzne\/wp-content\/uploads\/sites\/14\/2024\/09\/kola-naukowe-1536x673.png 1536w, https:\/\/pans.krosno.pl\/fundusze-zewnetrzne\/wp-content\/uploads\/sites\/14\/2024\/09\/kola-naukowe-800x351.png 800w, https:\/\/pans.krosno.pl\/fundusze-zewnetrzne\/wp-content\/uploads\/sites\/14\/2024\/09\/kola-naukowe-580x254.png 580w, https:\/\/pans.krosno.pl\/fundusze-zewnetrzne\/wp-content\/uploads\/sites\/14\/2024\/09\/kola-naukowe.png 1595w\" sizes=\"auto, (max-width: 1024px) 100vw, 1024px\" \/><\/figure>\n\n\n\n<hr class=\"wp-block-separator has-alpha-channel-opacity\" \/>\n\n\n\n<p>Celem projektu jest wdro\u017cenie przez student\u00f3w &#8211; cz\u0142onk\u00f3w ko\u0142a naukowego, innowacyjnych rozwi\u0105za\u0144 oraz materia\u0142\u00f3w do konstrukcji pojazdu ekologicznego z mo\u017cliwo\u015bci\u0105 aplikacji zastosowanych rozwi\u0105za\u0144 w w\u00f3zkach inwalidzkich czy te\u017c rowerach wyczynowych. W ramach dzia\u0142a\u0144 zostanie opracowany ergonomiczny system mocowania k\u00f3\u0142 pozwalaj\u0105cy na szybk\u0105 i prost\u0105 ich wymian\u0119 bez konieczno\u015bci zdejmowania piasty ko\u0142a. Studenci SKN Rotor zaprojektuj\u0105, wykonaj\u0105 i poddadz\u0105 badaniom nowatorskie ko\u0142a wykonane z w\u0142\u00f3kna w\u0119glowego. Cz\u0142onkowie ko\u0142a zapoznaj\u0105 si\u0119 z dost\u0119pnymi technologiami tworzenia kompozyt\u00f3w oraz powszechnie stosowanymi rozwi\u0105zaniami w konstrukcjach w\u00f3zk\u00f3w inwalidzkich oraz rower\u00f3w wyczynowych. Wykorzystuj\u0105c systemy CAD i CAM zostan\u0105 zaprojektowane i wykonane formy oraz laminaty w\u0119glowe kt\u00f3re zostan\u0105 poddane badaniom. Na podstawie przeprowadzonych bada\u0144 opracowane zostan\u0105 ko\u0142a o du\u017cej sztywno\u015bci i ma\u0142ej masie w\u0142asnej pozwalaj\u0105ce na redukcj\u0119 opor\u00f3w toczenia podczas jazdy. Cz\u0142onkowie ko\u0142a zwoje nowatorskie rozwi\u0105zania wykorzystaj\u0105 w budowie bolidu startuj\u0105cego w mi\u0119dzynarodowych zawodach kt\u00f3rych celem jest przejechanie jak najd\u0142u\u017cszego dystansu na ekwiwalencie jednego litra paliwa. Przebieg dzia\u0142a\u0144 obj\u0119tych projektem b\u0119dzie publikowany w mediach spo\u0142eczno\u015bciowych SKN Rotor, a wyniki bada\u0144 zostan\u0105 zaprezentowane na Targach Pracy oraz opublikowane w czasopi\u015bmie naukowym.<\/p>\n\n\n\n<hr class=\"wp-block-separator has-alpha-channel-opacity\" \/>\n","protected":false},"excerpt":{"rendered":"<p>Projekt finansowany ze \u015brodk\u00f3w bud\u017cetu pa\u0144stwa, przyznanych przez Ministra Nauki w ramach Programu \u201eStudenckie ko\u0142a naukowe tworz\u0105 innowacje&#8221; Celem projektu jest wdro\u017cenie przez student\u00f3w &#8211; cz\u0142onk\u00f3w ko\u0142a naukowego, innowacyjnych rozwi\u0105za\u0144 oraz materia\u0142\u00f3w do konstrukcji pojazdu ekologicznego z mo\u017cliwo\u015bci\u0105 aplikacji zastosowanych rozwi\u0105za\u0144 w w\u00f3zkach inwalidzkich czy te\u017c rowerach wyczynowych. W ramach [\u2026] <\/p>\n<div class=\"clear\"><\/div>\n<p><a class=\"more_link clearfix\" href=\"https:\/\/pans.krosno.pl\/fundusze-zewnetrzne\/projekty-realizowane\/opracowanie-innowacjnych-kol-z-wlokna-weglowego\/\" rel=\"nofollow\">Read More<\/a><\/p>\n","protected":false},"author":53,"featured_media":0,"parent":12,"menu_order":0,"comment_status":"closed","ping_status":"closed","template":"","meta":{"ngg_post_thumbnail":0,"footnotes":""},"class_list":["post-4071","page","type-page","status-publish","hentry"],"yoast_head":"<!-- This site is optimized with the Yoast SEO Premium plugin v27.3 (Yoast SEO v27.3) - https:\/\/yoast.com\/product\/yoast-seo-premium-wordpress\/ -->\n<title>&quot;Opracowanie innowacyjnych k\u00f3\u0142 z w\u0142\u00f3kna w\u0119glowego&quot; - Fundusze zewn\u0119trzne PANS w Kro\u015bnie<\/title>\n<meta name=\"robots\" content=\"index, follow, max-snippet:-1, max-image-preview:large, max-video-preview:-1\" \/>\n<link rel=\"canonical\" href=\"https:\/\/pans.krosno.pl\/fundusze-zewnetrzne\/projekty-realizowane\/opracowanie-innowacjnych-kol-z-wlokna-weglowego\/\" \/>\n<meta property=\"og:locale\" content=\"pl_PL\" \/>\n<meta property=\"og:type\" content=\"article\" \/>\n<meta property=\"og:title\" content=\"&quot;Opracowanie innowacyjnych k\u00f3\u0142 z w\u0142\u00f3kna w\u0119glowego&quot;\" \/>\n<meta property=\"og:description\" content=\"Projekt finansowany ze \u015brodk\u00f3w bud\u017cetu pa\u0144stwa, przyznanych przez Ministra Nauki w ramach Programu \u201eStudenckie ko\u0142a naukowe tworz\u0105 innowacje&#8221; Celem projektu jest wdro\u017cenie przez student\u00f3w &#8211; cz\u0142onk\u00f3w ko\u0142a naukowego, innowacyjnych rozwi\u0105za\u0144 oraz materia\u0142\u00f3w do konstrukcji pojazdu ekologicznego z mo\u017cliwo\u015bci\u0105 aplikacji zastosowanych rozwi\u0105za\u0144 w w\u00f3zkach inwalidzkich czy te\u017c rowerach wyczynowych. W ramach [\u2026] Read More\" \/>\n<meta property=\"og:url\" content=\"https:\/\/pans.krosno.pl\/fundusze-zewnetrzne\/projekty-realizowane\/opracowanie-innowacjnych-kol-z-wlokna-weglowego\/\" \/>\n<meta property=\"og:site_name\" content=\"Fundusze zewn\u0119trzne PANS w Kro\u015bnie\" \/>\n<meta property=\"article:modified_time\" content=\"2024-09-10T12:00:08+00:00\" \/>\n<meta property=\"og:image\" content=\"https:\/\/pans.krosno.pl\/fundusze-zewnetrzne\/wp-content\/uploads\/sites\/14\/2024\/09\/01_znak_siatka_podstawowy_kolor_biale_tlo-1024x319.png\" \/>\n<meta name=\"twitter:card\" content=\"summary_large_image\" \/>\n<meta name=\"twitter:label1\" content=\"Szacowany czas czytania\" \/>\n\t<meta name=\"twitter:data1\" content=\"2 minuty\" \/>\n<script type=\"application\/ld+json\" class=\"yoast-schema-graph\">{\"@context\":\"https:\\\/\\\/schema.org\",\"@graph\":[{\"@type\":\"WebPage\",\"@id\":\"https:\\\/\\\/pans.krosno.pl\\\/fundusze-zewnetrzne\\\/projekty-realizowane\\\/opracowanie-innowacjnych-kol-z-wlokna-weglowego\\\/\",\"url\":\"https:\\\/\\\/pans.krosno.pl\\\/fundusze-zewnetrzne\\\/projekty-realizowane\\\/opracowanie-innowacjnych-kol-z-wlokna-weglowego\\\/\",\"name\":\"\\\"Opracowanie innowacyjnych k\u00f3\u0142 z w\u0142\u00f3kna w\u0119glowego\\\" - Fundusze zewn\u0119trzne PANS w Kro\u015bnie\",\"isPartOf\":{\"@id\":\"https:\\\/\\\/pans.krosno.pl\\\/fundusze-zewnetrzne\\\/#website\"},\"primaryImageOfPage\":{\"@id\":\"https:\\\/\\\/pans.krosno.pl\\\/fundusze-zewnetrzne\\\/projekty-realizowane\\\/opracowanie-innowacjnych-kol-z-wlokna-weglowego\\\/#primaryimage\"},\"image\":{\"@id\":\"https:\\\/\\\/pans.krosno.pl\\\/fundusze-zewnetrzne\\\/projekty-realizowane\\\/opracowanie-innowacjnych-kol-z-wlokna-weglowego\\\/#primaryimage\"},\"thumbnailUrl\":\"https:\\\/\\\/pans.krosno.pl\\\/fundusze-zewnetrzne\\\/wp-content\\\/uploads\\\/sites\\\/14\\\/2024\\\/09\\\/01_znak_siatka_podstawowy_kolor_biale_tlo-1024x319.png\",\"datePublished\":\"2024-09-10T11:36:07+00:00\",\"dateModified\":\"2024-09-10T12:00:08+00:00\",\"breadcrumb\":{\"@id\":\"https:\\\/\\\/pans.krosno.pl\\\/fundusze-zewnetrzne\\\/projekty-realizowane\\\/opracowanie-innowacjnych-kol-z-wlokna-weglowego\\\/#breadcrumb\"},\"inLanguage\":\"pl-PL\",\"potentialAction\":[{\"@type\":\"ReadAction\",\"target\":[\"https:\\\/\\\/pans.krosno.pl\\\/fundusze-zewnetrzne\\\/projekty-realizowane\\\/opracowanie-innowacjnych-kol-z-wlokna-weglowego\\\/\"]}]},{\"@type\":\"ImageObject\",\"inLanguage\":\"pl-PL\",\"@id\":\"https:\\\/\\\/pans.krosno.pl\\\/fundusze-zewnetrzne\\\/projekty-realizowane\\\/opracowanie-innowacjnych-kol-z-wlokna-weglowego\\\/#primaryimage\",\"url\":\"https:\\\/\\\/pans.krosno.pl\\\/fundusze-zewnetrzne\\\/wp-content\\\/uploads\\\/sites\\\/14\\\/2024\\\/09\\\/01_znak_siatka_podstawowy_kolor_biale_tlo.png\",\"contentUrl\":\"https:\\\/\\\/pans.krosno.pl\\\/fundusze-zewnetrzne\\\/wp-content\\\/uploads\\\/sites\\\/14\\\/2024\\\/09\\\/01_znak_siatka_podstawowy_kolor_biale_tlo.png\",\"width\":1388,\"height\":432},{\"@type\":\"BreadcrumbList\",\"@id\":\"https:\\\/\\\/pans.krosno.pl\\\/fundusze-zewnetrzne\\\/projekty-realizowane\\\/opracowanie-innowacjnych-kol-z-wlokna-weglowego\\\/#breadcrumb\",\"itemListElement\":[{\"@type\":\"ListItem\",\"position\":1,\"name\":\"Strona g\u0142\u00f3wna\",\"item\":\"https:\\\/\\\/pans.krosno.pl\\\/fundusze-zewnetrzne\\\/\"},{\"@type\":\"ListItem\",\"position\":2,\"name\":\"Projekty realizowane\",\"item\":\"https:\\\/\\\/pans.krosno.pl\\\/fundusze-zewnetrzne\\\/projekty-realizowane\\\/\"},{\"@type\":\"ListItem\",\"position\":3,\"name\":\"&#8222;Opracowanie innowacyjnych k\u00f3\u0142 z w\u0142\u00f3kna w\u0119glowego&#8221;\"}]},{\"@type\":\"WebSite\",\"@id\":\"https:\\\/\\\/pans.krosno.pl\\\/fundusze-zewnetrzne\\\/#website\",\"url\":\"https:\\\/\\\/pans.krosno.pl\\\/fundusze-zewnetrzne\\\/\",\"name\":\"Fundusze zewn\u0119trzne PANS w Kro\u015bnie\",\"description\":\"Fundusze zewn\u0119trzne  - Pa\u0144stwowa Akademia Nauk Stosowanych\",\"publisher\":{\"@id\":\"https:\\\/\\\/pans.krosno.pl\\\/fundusze-zewnetrzne\\\/#organization\"},\"potentialAction\":[{\"@type\":\"SearchAction\",\"target\":{\"@type\":\"EntryPoint\",\"urlTemplate\":\"https:\\\/\\\/pans.krosno.pl\\\/fundusze-zewnetrzne\\\/?s={search_term_string}\"},\"query-input\":{\"@type\":\"PropertyValueSpecification\",\"valueRequired\":true,\"valueName\":\"search_term_string\"}}],\"inLanguage\":\"pl-PL\"},{\"@type\":\"Organization\",\"@id\":\"https:\\\/\\\/pans.krosno.pl\\\/fundusze-zewnetrzne\\\/#organization\",\"name\":\"Fundusze zewn\u0119trzne PANS w Kro\u015bnie\",\"url\":\"https:\\\/\\\/pans.krosno.pl\\\/fundusze-zewnetrzne\\\/\",\"logo\":{\"@type\":\"ImageObject\",\"inLanguage\":\"pl-PL\",\"@id\":\"https:\\\/\\\/pans.krosno.pl\\\/fundusze-zewnetrzne\\\/#\\\/schema\\\/logo\\\/image\\\/\",\"url\":\"https:\\\/\\\/pans.krosno.pl\\\/fundusze-zewnetrzne\\\/wp-content\\\/uploads\\\/sites\\\/14\\\/2023\\\/01\\\/Logo-PANS-2022-pelne.png\",\"contentUrl\":\"https:\\\/\\\/pans.krosno.pl\\\/fundusze-zewnetrzne\\\/wp-content\\\/uploads\\\/sites\\\/14\\\/2023\\\/01\\\/Logo-PANS-2022-pelne.png\",\"width\":3096,\"height\":696,\"caption\":\"Fundusze zewn\u0119trzne PANS w Kro\u015bnie\"},\"image\":{\"@id\":\"https:\\\/\\\/pans.krosno.pl\\\/fundusze-zewnetrzne\\\/#\\\/schema\\\/logo\\\/image\\\/\"}}]}<\/script>\n<!-- \/ Yoast SEO Premium plugin. -->","yoast_head_json":{"title":"\"Opracowanie innowacyjnych k\u00f3\u0142 z w\u0142\u00f3kna w\u0119glowego\" - Fundusze zewn\u0119trzne PANS w Kro\u015bnie","robots":{"index":"index","follow":"follow","max-snippet":"max-snippet:-1","max-image-preview":"max-image-preview:large","max-video-preview":"max-video-preview:-1"},"canonical":"https:\/\/pans.krosno.pl\/fundusze-zewnetrzne\/projekty-realizowane\/opracowanie-innowacjnych-kol-z-wlokna-weglowego\/","og_locale":"pl_PL","og_type":"article","og_title":"\"Opracowanie innowacyjnych k\u00f3\u0142 z w\u0142\u00f3kna w\u0119glowego\"","og_description":"Projekt finansowany ze \u015brodk\u00f3w bud\u017cetu pa\u0144stwa, przyznanych przez Ministra Nauki w ramach Programu \u201eStudenckie ko\u0142a naukowe tworz\u0105 innowacje&#8221; Celem projektu jest wdro\u017cenie przez student\u00f3w &#8211; cz\u0142onk\u00f3w ko\u0142a naukowego, innowacyjnych rozwi\u0105za\u0144 oraz materia\u0142\u00f3w do konstrukcji pojazdu ekologicznego z mo\u017cliwo\u015bci\u0105 aplikacji zastosowanych rozwi\u0105za\u0144 w w\u00f3zkach inwalidzkich czy te\u017c rowerach wyczynowych. W ramach [\u2026] Read More","og_url":"https:\/\/pans.krosno.pl\/fundusze-zewnetrzne\/projekty-realizowane\/opracowanie-innowacjnych-kol-z-wlokna-weglowego\/","og_site_name":"Fundusze zewn\u0119trzne PANS w Kro\u015bnie","article_modified_time":"2024-09-10T12:00:08+00:00","og_image":[{"url":"https:\/\/pans.krosno.pl\/fundusze-zewnetrzne\/wp-content\/uploads\/sites\/14\/2024\/09\/01_znak_siatka_podstawowy_kolor_biale_tlo-1024x319.png","type":"","width":"","height":""}],"twitter_card":"summary_large_image","twitter_misc":{"Szacowany czas czytania":"2 minuty"},"schema":{"@context":"https:\/\/schema.org","@graph":[{"@type":"WebPage","@id":"https:\/\/pans.krosno.pl\/fundusze-zewnetrzne\/projekty-realizowane\/opracowanie-innowacjnych-kol-z-wlokna-weglowego\/","url":"https:\/\/pans.krosno.pl\/fundusze-zewnetrzne\/projekty-realizowane\/opracowanie-innowacjnych-kol-z-wlokna-weglowego\/","name":"\"Opracowanie innowacyjnych k\u00f3\u0142 z w\u0142\u00f3kna w\u0119glowego\" - Fundusze zewn\u0119trzne PANS w Kro\u015bnie","isPartOf":{"@id":"https:\/\/pans.krosno.pl\/fundusze-zewnetrzne\/#website"},"primaryImageOfPage":{"@id":"https:\/\/pans.krosno.pl\/fundusze-zewnetrzne\/projekty-realizowane\/opracowanie-innowacjnych-kol-z-wlokna-weglowego\/#primaryimage"},"image":{"@id":"https:\/\/pans.krosno.pl\/fundusze-zewnetrzne\/projekty-realizowane\/opracowanie-innowacjnych-kol-z-wlokna-weglowego\/#primaryimage"},"thumbnailUrl":"https:\/\/pans.krosno.pl\/fundusze-zewnetrzne\/wp-content\/uploads\/sites\/14\/2024\/09\/01_znak_siatka_podstawowy_kolor_biale_tlo-1024x319.png","datePublished":"2024-09-10T11:36:07+00:00","dateModified":"2024-09-10T12:00:08+00:00","breadcrumb":{"@id":"https:\/\/pans.krosno.pl\/fundusze-zewnetrzne\/projekty-realizowane\/opracowanie-innowacjnych-kol-z-wlokna-weglowego\/#breadcrumb"},"inLanguage":"pl-PL","potentialAction":[{"@type":"ReadAction","target":["https:\/\/pans.krosno.pl\/fundusze-zewnetrzne\/projekty-realizowane\/opracowanie-innowacjnych-kol-z-wlokna-weglowego\/"]}]},{"@type":"ImageObject","inLanguage":"pl-PL","@id":"https:\/\/pans.krosno.pl\/fundusze-zewnetrzne\/projekty-realizowane\/opracowanie-innowacjnych-kol-z-wlokna-weglowego\/#primaryimage","url":"https:\/\/pans.krosno.pl\/fundusze-zewnetrzne\/wp-content\/uploads\/sites\/14\/2024\/09\/01_znak_siatka_podstawowy_kolor_biale_tlo.png","contentUrl":"https:\/\/pans.krosno.pl\/fundusze-zewnetrzne\/wp-content\/uploads\/sites\/14\/2024\/09\/01_znak_siatka_podstawowy_kolor_biale_tlo.png","width":1388,"height":432},{"@type":"BreadcrumbList","@id":"https:\/\/pans.krosno.pl\/fundusze-zewnetrzne\/projekty-realizowane\/opracowanie-innowacjnych-kol-z-wlokna-weglowego\/#breadcrumb","itemListElement":[{"@type":"ListItem","position":1,"name":"Strona g\u0142\u00f3wna","item":"https:\/\/pans.krosno.pl\/fundusze-zewnetrzne\/"},{"@type":"ListItem","position":2,"name":"Projekty realizowane","item":"https:\/\/pans.krosno.pl\/fundusze-zewnetrzne\/projekty-realizowane\/"},{"@type":"ListItem","position":3,"name":"&#8222;Opracowanie innowacyjnych k\u00f3\u0142 z w\u0142\u00f3kna w\u0119glowego&#8221;"}]},{"@type":"WebSite","@id":"https:\/\/pans.krosno.pl\/fundusze-zewnetrzne\/#website","url":"https:\/\/pans.krosno.pl\/fundusze-zewnetrzne\/","name":"Fundusze zewn\u0119trzne PANS w Kro\u015bnie","description":"Fundusze zewn\u0119trzne  - Pa\u0144stwowa Akademia Nauk Stosowanych","publisher":{"@id":"https:\/\/pans.krosno.pl\/fundusze-zewnetrzne\/#organization"},"potentialAction":[{"@type":"SearchAction","target":{"@type":"EntryPoint","urlTemplate":"https:\/\/pans.krosno.pl\/fundusze-zewnetrzne\/?s={search_term_string}"},"query-input":{"@type":"PropertyValueSpecification","valueRequired":true,"valueName":"search_term_string"}}],"inLanguage":"pl-PL"},{"@type":"Organization","@id":"https:\/\/pans.krosno.pl\/fundusze-zewnetrzne\/#organization","name":"Fundusze zewn\u0119trzne PANS w Kro\u015bnie","url":"https:\/\/pans.krosno.pl\/fundusze-zewnetrzne\/","logo":{"@type":"ImageObject","inLanguage":"pl-PL","@id":"https:\/\/pans.krosno.pl\/fundusze-zewnetrzne\/#\/schema\/logo\/image\/","url":"https:\/\/pans.krosno.pl\/fundusze-zewnetrzne\/wp-content\/uploads\/sites\/14\/2023\/01\/Logo-PANS-2022-pelne.png","contentUrl":"https:\/\/pans.krosno.pl\/fundusze-zewnetrzne\/wp-content\/uploads\/sites\/14\/2023\/01\/Logo-PANS-2022-pelne.png","width":3096,"height":696,"caption":"Fundusze zewn\u0119trzne PANS w Kro\u015bnie"},"image":{"@id":"https:\/\/pans.krosno.pl\/fundusze-zewnetrzne\/#\/schema\/logo\/image\/"}}]}},"_links":{"self":[{"href":"https:\/\/pans.krosno.pl\/fundusze-zewnetrzne\/wp-json\/wp\/v2\/pages\/4071","targetHints":{"allow":["GET"]}}],"collection":[{"href":"https:\/\/pans.krosno.pl\/fundusze-zewnetrzne\/wp-json\/wp\/v2\/pages"}],"about":[{"href":"https:\/\/pans.krosno.pl\/fundusze-zewnetrzne\/wp-json\/wp\/v2\/types\/page"}],"author":[{"embeddable":true,"href":"https:\/\/pans.krosno.pl\/fundusze-zewnetrzne\/wp-json\/wp\/v2\/users\/53"}],"replies":[{"embeddable":true,"href":"https:\/\/pans.krosno.pl\/fundusze-zewnetrzne\/wp-json\/wp\/v2\/comments?post=4071"}],"version-history":[{"count":4,"href":"https:\/\/pans.krosno.pl\/fundusze-zewnetrzne\/wp-json\/wp\/v2\/pages\/4071\/revisions"}],"predecessor-version":[{"id":4080,"href":"https:\/\/pans.krosno.pl\/fundusze-zewnetrzne\/wp-json\/wp\/v2\/pages\/4071\/revisions\/4080"}],"up":[{"embeddable":true,"href":"https:\/\/pans.krosno.pl\/fundusze-zewnetrzne\/wp-json\/wp\/v2\/pages\/12"}],"wp:attachment":[{"href":"https:\/\/pans.krosno.pl\/fundusze-zewnetrzne\/wp-json\/wp\/v2\/media?parent=4071"}],"curies":[{"name":"wp","href":"https:\/\/api.w.org\/{rel}","templated":true}]}}