{"id":4049,"date":"2024-09-09T12:48:45","date_gmt":"2024-09-09T10:48:45","guid":{"rendered":"https:\/\/pans.krosno.pl\/fundusze-zewnetrzne\/?page_id=4049"},"modified":"2024-09-10T13:25:13","modified_gmt":"2024-09-10T11:25:13","slug":"o-projekcie","status":"publish","type":"page","link":"https:\/\/pans.krosno.pl\/fundusze-zewnetrzne\/miedzynarodowy-tydzien-symulacji-w-opiece-zdrowotnej\/o-projekcie\/","title":{"rendered":"O projekcie"},"content":{"rendered":"\n<hr class=\"wp-block-separator has-alpha-channel-opacity\" \/>\n\n\n\n<h2 class=\"wp-block-heading has-text-align-center\" id=\"h-miedzynarodowy-tydzien-symulacji-w-opiece-zdrowotnej\"><strong>\u201eMi\u0119dzynarodowy Tydzie\u0144 Symulacji w Opiece Zdrowotnej&#8221;<\/strong><\/h2>\n\n\n\n<hr class=\"wp-block-separator has-alpha-channel-opacity\" \/>\n\n\n\n<figure class=\"wp-block-image size-full is-resized\"><img loading=\"lazy\" decoding=\"async\" width=\"700\" height=\"394\" src=\"https:\/\/pans.krosno.pl\/fundusze-zewnetrzne\/wp-content\/uploads\/sites\/14\/2023\/01\/godlo-i-flaga-polski-z-ustawy2-1.jpg\" alt=\"\" class=\"wp-image-3555\" style=\"width:313px;height:auto\" srcset=\"https:\/\/pans.krosno.pl\/fundusze-zewnetrzne\/wp-content\/uploads\/sites\/14\/2023\/01\/godlo-i-flaga-polski-z-ustawy2-1.jpg 700w, https:\/\/pans.krosno.pl\/fundusze-zewnetrzne\/wp-content\/uploads\/sites\/14\/2023\/01\/godlo-i-flaga-polski-z-ustawy2-1-300x169.jpg 300w, https:\/\/pans.krosno.pl\/fundusze-zewnetrzne\/wp-content\/uploads\/sites\/14\/2023\/01\/godlo-i-flaga-polski-z-ustawy2-1-270x152.jpg 270w, https:\/\/pans.krosno.pl\/fundusze-zewnetrzne\/wp-content\/uploads\/sites\/14\/2023\/01\/godlo-i-flaga-polski-z-ustawy2-1-580x326.jpg 580w\" sizes=\"auto, (max-width: 700px) 100vw, 700px\" \/><\/figure>\n\n\n\n<p class=\"has-text-align-center\">Projekt dofinansowany ze \u015brodk\u00f3w Ministra Edukacji i Nauki w ramach programu pod nazw\u0105<\/p>\n\n\n\n<p class=\"has-text-align-center\">\u201eSpo\u0142eczna odpowiedzialno\u015b\u0107 nauki II\u201d<\/p>\n\n\n\n<figure class=\"wp-block-image size-large is-resized\"><img loading=\"lazy\" decoding=\"async\" width=\"1024\" height=\"576\" src=\"https:\/\/pans.krosno.pl\/fundusze-zewnetrzne\/wp-content\/uploads\/sites\/14\/2024\/01\/mein_son_logo_on_white-1024x576.png\" alt=\"\" class=\"wp-image-3757\" style=\"width:354px;height:auto\" srcset=\"https:\/\/pans.krosno.pl\/fundusze-zewnetrzne\/wp-content\/uploads\/sites\/14\/2024\/01\/mein_son_logo_on_white-1024x576.png 1024w, https:\/\/pans.krosno.pl\/fundusze-zewnetrzne\/wp-content\/uploads\/sites\/14\/2024\/01\/mein_son_logo_on_white-300x169.png 300w, https:\/\/pans.krosno.pl\/fundusze-zewnetrzne\/wp-content\/uploads\/sites\/14\/2024\/01\/mein_son_logo_on_white-768x432.png 768w, https:\/\/pans.krosno.pl\/fundusze-zewnetrzne\/wp-content\/uploads\/sites\/14\/2024\/01\/mein_son_logo_on_white-1536x864.png 1536w, https:\/\/pans.krosno.pl\/fundusze-zewnetrzne\/wp-content\/uploads\/sites\/14\/2024\/01\/mein_son_logo_on_white-800x450.png 800w, https:\/\/pans.krosno.pl\/fundusze-zewnetrzne\/wp-content\/uploads\/sites\/14\/2024\/01\/mein_son_logo_on_white-270x152.png 270w, https:\/\/pans.krosno.pl\/fundusze-zewnetrzne\/wp-content\/uploads\/sites\/14\/2024\/01\/mein_son_logo_on_white-580x326.png 580w, https:\/\/pans.krosno.pl\/fundusze-zewnetrzne\/wp-content\/uploads\/sites\/14\/2024\/01\/mein_son_logo_on_white.png 1920w\" sizes=\"auto, (max-width: 1024px) 100vw, 1024px\" \/><\/figure>\n\n\n\n<hr class=\"wp-block-separator has-alpha-channel-opacity\" \/>\n\n\n\n<p>Celem realizacji projektu jest zorganizowanie w Pa\u0144stwowej Akademii Nauk Stosowanych w Kro\u015bnie \u201eMi\u0119dzynarodowego Tygodnia Symulacji w Opiece Zdrowotnej\u201d. Celem planowanego wydarzenia jest promowanie symulacji medycznej jako innowacyjnej oraz skutecznej metody doskonalenia podyplomowego kadr medycznych.&nbsp; Obecnie, symulacja to dynamicznie rozwijaj\u0105ca si\u0119 metoda kszta\u0142cenia wykorzystuj\u0105ca wysoko zaawansowany technologicznie i informatycznie sprz\u0119t. G\u0142\u00f3wnym jej celem, jako metody kszta\u0142cenia, jest poprawa jako\u015bci opieki i zapewnienie bezpiecze\u0144stwa pacjenta.<\/p>\n\n\n\n<p>Organizacja warsztat\u00f3w skierowana do Ratownik\u00f3w Medycznych, Stra\u017cak\u00f3w i Policjant\u00f3w kro\u015bnie\u0144skich oddzia\u0142\u00f3w jest doskona\u0142a okazj\u0105 do zapoznania si\u0119 przez nich z symulacj\u0105 medyczn\u0105, jako formy doskonalenia zawodowego, gdzie w bezpiecznych warunkach mo\u017cna szlifowa\u0107 umiej\u0119tno\u015bci praktyczne wykorzystywane na co dzie\u0144 w pracy.<br><br>W strukturach CSM PANS istnieje mo\u017cliwo\u015b\u0107 organizacji warsztat\u00f3w dotycz\u0105cych doskonalenia umiej\u0119tno\u015bci praktycznych. Co wi\u0119cej, z uwagi na posiadanie w strukturach CSM PANS sal umiej\u0119tno\u015bci po\u0142o\u017cniczych oraz sali porodowej wysokiej wierno\u015bci, planowane jest r\u00f3wnie\u017c przeprowadzone warsztat\u00f3w z udzia\u0142em zaproszonych uczestnik\u00f3w z umiej\u0119tno\u015bci przyjmowania porod\u00f3w.<br>Wszystkie warsztaty b\u0119d\u0105 prowadzone przez wykwalifikowan\u0105 kadr\u0119 akademick\u0105 PANS.<\/p>\n\n\n\n<p>Efektem wy\u017cej wymienionych dzia\u0142a\u0144 b\u0119dzie podniesienie jako\u015bci opieki przedszpitalnej, co w rezultacie prze\u0142o\u017cy si\u0119 na bezpiecze\u0144stwo ca\u0142ej kro\u015bnie\u0144skiej spo\u0142eczno\u015bci, a jest to skutek i\u015bcie niewymierny.<\/p>\n\n\n\n<p>Data podpisania umowy: 24.10.2023 r.<\/p>\n\n\n\n<p>Termin realizacji projektu: 1.12.2023 r. \u2013 30.11.2024 r.<\/p>\n\n\n\n<p>Przyznane \u015brodki: 100 000,00 z\u0142<\/p>\n\n\n\n<hr class=\"wp-block-separator has-alpha-channel-opacity\" \/>\n\n\n\n<figure class=\"wp-block-image size-large\"><img loading=\"lazy\" decoding=\"async\" width=\"724\" height=\"1024\" src=\"https:\/\/pans.krosno.pl\/fundusze-zewnetrzne\/wp-content\/uploads\/sites\/14\/2024\/01\/plakat-Miedzynarodowy-Tydzien-SM-724x1024.jpg\" alt=\"\" class=\"wp-image-3794\" srcset=\"https:\/\/pans.krosno.pl\/fundusze-zewnetrzne\/wp-content\/uploads\/sites\/14\/2024\/01\/plakat-Miedzynarodowy-Tydzien-SM-724x1024.jpg 724w, https:\/\/pans.krosno.pl\/fundusze-zewnetrzne\/wp-content\/uploads\/sites\/14\/2024\/01\/plakat-Miedzynarodowy-Tydzien-SM-212x300.jpg 212w, https:\/\/pans.krosno.pl\/fundusze-zewnetrzne\/wp-content\/uploads\/sites\/14\/2024\/01\/plakat-Miedzynarodowy-Tydzien-SM-768x1086.jpg 768w, https:\/\/pans.krosno.pl\/fundusze-zewnetrzne\/wp-content\/uploads\/sites\/14\/2024\/01\/plakat-Miedzynarodowy-Tydzien-SM-1086x1536.jpg 1086w, https:\/\/pans.krosno.pl\/fundusze-zewnetrzne\/wp-content\/uploads\/sites\/14\/2024\/01\/plakat-Miedzynarodowy-Tydzien-SM-1448x2048.jpg 1448w, https:\/\/pans.krosno.pl\/fundusze-zewnetrzne\/wp-content\/uploads\/sites\/14\/2024\/01\/plakat-Miedzynarodowy-Tydzien-SM-2000x2828.jpg 2000w, https:\/\/pans.krosno.pl\/fundusze-zewnetrzne\/wp-content\/uploads\/sites\/14\/2024\/01\/plakat-Miedzynarodowy-Tydzien-SM-800x1131.jpg 800w, https:\/\/pans.krosno.pl\/fundusze-zewnetrzne\/wp-content\/uploads\/sites\/14\/2024\/01\/plakat-Miedzynarodowy-Tydzien-SM-580x820.jpg 580w, https:\/\/pans.krosno.pl\/fundusze-zewnetrzne\/wp-content\/uploads\/sites\/14\/2024\/01\/plakat-Miedzynarodowy-Tydzien-SM-scaled.jpg 1810w\" sizes=\"auto, (max-width: 724px) 100vw, 724px\" \/><\/figure>\n\n\n\n<hr class=\"wp-block-separator has-alpha-channel-opacity\" \/>\n","protected":false},"excerpt":{"rendered":"<p>\u201eMi\u0119dzynarodowy Tydzie\u0144 Symulacji w Opiece Zdrowotnej&#8221; Projekt dofinansowany ze \u015brodk\u00f3w Ministra Edukacji i Nauki w ramach programu pod nazw\u0105 \u201eSpo\u0142eczna odpowiedzialno\u015b\u0107 nauki II\u201d Celem realizacji projektu jest zorganizowanie w Pa\u0144stwowej Akademii Nauk Stosowanych w Kro\u015bnie \u201eMi\u0119dzynarodowego Tygodnia Symulacji w Opiece Zdrowotnej\u201d. Celem planowanego wydarzenia jest promowanie symulacji medycznej jako innowacyjnej [\u2026] <\/p>\n<div class=\"clear\"><\/div>\n<p><a class=\"more_link clearfix\" href=\"https:\/\/pans.krosno.pl\/fundusze-zewnetrzne\/miedzynarodowy-tydzien-symulacji-w-opiece-zdrowotnej\/o-projekcie\/\" rel=\"nofollow\">Read More<\/a><\/p>\n","protected":false},"author":53,"featured_media":0,"parent":3751,"menu_order":0,"comment_status":"closed","ping_status":"closed","template":"","meta":{"ngg_post_thumbnail":0,"footnotes":""},"class_list":["post-4049","page","type-page","status-publish","hentry"],"yoast_head":"<!-- This site is optimized with the Yoast SEO Premium plugin v27.3 (Yoast SEO v27.3) - https:\/\/yoast.com\/product\/yoast-seo-premium-wordpress\/ -->\n<title>O projekcie - Fundusze zewn\u0119trzne PANS w Kro\u015bnie<\/title>\n<meta name=\"robots\" content=\"index, follow, max-snippet:-1, max-image-preview:large, max-video-preview:-1\" \/>\n<link rel=\"canonical\" href=\"https:\/\/pans.krosno.pl\/fundusze-zewnetrzne\/miedzynarodowy-tydzien-symulacji-w-opiece-zdrowotnej\/o-projekcie\/\" \/>\n<meta property=\"og:locale\" content=\"pl_PL\" \/>\n<meta property=\"og:type\" content=\"article\" \/>\n<meta property=\"og:title\" content=\"O projekcie\" \/>\n<meta property=\"og:description\" content=\"\u201eMi\u0119dzynarodowy Tydzie\u0144 Symulacji w Opiece Zdrowotnej&#8221; Projekt dofinansowany ze \u015brodk\u00f3w Ministra Edukacji i Nauki w ramach programu pod nazw\u0105 \u201eSpo\u0142eczna odpowiedzialno\u015b\u0107 nauki II\u201d Celem realizacji projektu jest zorganizowanie w Pa\u0144stwowej Akademii Nauk Stosowanych w Kro\u015bnie \u201eMi\u0119dzynarodowego Tygodnia Symulacji w Opiece Zdrowotnej\u201d. Celem planowanego wydarzenia jest promowanie symulacji medycznej jako innowacyjnej [\u2026] Read More\" \/>\n<meta property=\"og:url\" content=\"https:\/\/pans.krosno.pl\/fundusze-zewnetrzne\/miedzynarodowy-tydzien-symulacji-w-opiece-zdrowotnej\/o-projekcie\/\" \/>\n<meta property=\"og:site_name\" content=\"Fundusze zewn\u0119trzne PANS w Kro\u015bnie\" \/>\n<meta property=\"article:modified_time\" content=\"2024-09-10T11:25:13+00:00\" \/>\n<meta property=\"og:image\" content=\"https:\/\/pans.krosno.pl\/fundusze-zewnetrzne\/wp-content\/uploads\/sites\/14\/2023\/01\/godlo-i-flaga-polski-z-ustawy2-1.jpg\" \/>\n<meta name=\"twitter:card\" content=\"summary_large_image\" \/>\n<meta name=\"twitter:label1\" content=\"Szacowany czas czytania\" \/>\n\t<meta name=\"twitter:data1\" content=\"2 minuty\" \/>\n<script type=\"application\/ld+json\" class=\"yoast-schema-graph\">{\"@context\":\"https:\\\/\\\/schema.org\",\"@graph\":[{\"@type\":\"WebPage\",\"@id\":\"https:\\\/\\\/pans.krosno.pl\\\/fundusze-zewnetrzne\\\/miedzynarodowy-tydzien-symulacji-w-opiece-zdrowotnej\\\/o-projekcie\\\/\",\"url\":\"https:\\\/\\\/pans.krosno.pl\\\/fundusze-zewnetrzne\\\/miedzynarodowy-tydzien-symulacji-w-opiece-zdrowotnej\\\/o-projekcie\\\/\",\"name\":\"O projekcie - Fundusze zewn\u0119trzne PANS w Kro\u015bnie\",\"isPartOf\":{\"@id\":\"https:\\\/\\\/pans.krosno.pl\\\/fundusze-zewnetrzne\\\/#website\"},\"primaryImageOfPage\":{\"@id\":\"https:\\\/\\\/pans.krosno.pl\\\/fundusze-zewnetrzne\\\/miedzynarodowy-tydzien-symulacji-w-opiece-zdrowotnej\\\/o-projekcie\\\/#primaryimage\"},\"image\":{\"@id\":\"https:\\\/\\\/pans.krosno.pl\\\/fundusze-zewnetrzne\\\/miedzynarodowy-tydzien-symulacji-w-opiece-zdrowotnej\\\/o-projekcie\\\/#primaryimage\"},\"thumbnailUrl\":\"https:\\\/\\\/pans.krosno.pl\\\/fundusze-zewnetrzne\\\/wp-content\\\/uploads\\\/sites\\\/14\\\/2023\\\/01\\\/godlo-i-flaga-polski-z-ustawy2-1.jpg\",\"datePublished\":\"2024-09-09T10:48:45+00:00\",\"dateModified\":\"2024-09-10T11:25:13+00:00\",\"breadcrumb\":{\"@id\":\"https:\\\/\\\/pans.krosno.pl\\\/fundusze-zewnetrzne\\\/miedzynarodowy-tydzien-symulacji-w-opiece-zdrowotnej\\\/o-projekcie\\\/#breadcrumb\"},\"inLanguage\":\"pl-PL\",\"potentialAction\":[{\"@type\":\"ReadAction\",\"target\":[\"https:\\\/\\\/pans.krosno.pl\\\/fundusze-zewnetrzne\\\/miedzynarodowy-tydzien-symulacji-w-opiece-zdrowotnej\\\/o-projekcie\\\/\"]}]},{\"@type\":\"ImageObject\",\"inLanguage\":\"pl-PL\",\"@id\":\"https:\\\/\\\/pans.krosno.pl\\\/fundusze-zewnetrzne\\\/miedzynarodowy-tydzien-symulacji-w-opiece-zdrowotnej\\\/o-projekcie\\\/#primaryimage\",\"url\":\"https:\\\/\\\/pans.krosno.pl\\\/fundusze-zewnetrzne\\\/wp-content\\\/uploads\\\/sites\\\/14\\\/2023\\\/01\\\/godlo-i-flaga-polski-z-ustawy2-1.jpg\",\"contentUrl\":\"https:\\\/\\\/pans.krosno.pl\\\/fundusze-zewnetrzne\\\/wp-content\\\/uploads\\\/sites\\\/14\\\/2023\\\/01\\\/godlo-i-flaga-polski-z-ustawy2-1.jpg\",\"width\":700,\"height\":394},{\"@type\":\"BreadcrumbList\",\"@id\":\"https:\\\/\\\/pans.krosno.pl\\\/fundusze-zewnetrzne\\\/miedzynarodowy-tydzien-symulacji-w-opiece-zdrowotnej\\\/o-projekcie\\\/#breadcrumb\",\"itemListElement\":[{\"@type\":\"ListItem\",\"position\":1,\"name\":\"Strona g\u0142\u00f3wna\",\"item\":\"https:\\\/\\\/pans.krosno.pl\\\/fundusze-zewnetrzne\\\/\"},{\"@type\":\"ListItem\",\"position\":2,\"name\":\"&#8222;Mi\u0119dzynarodowy Tydzie\u0144 Symulacji w Opiece Zdrowotnej&#8221;\",\"item\":\"https:\\\/\\\/pans.krosno.pl\\\/fundusze-zewnetrzne\\\/miedzynarodowy-tydzien-symulacji-w-opiece-zdrowotnej\\\/\"},{\"@type\":\"ListItem\",\"position\":3,\"name\":\"O projekcie\"}]},{\"@type\":\"WebSite\",\"@id\":\"https:\\\/\\\/pans.krosno.pl\\\/fundusze-zewnetrzne\\\/#website\",\"url\":\"https:\\\/\\\/pans.krosno.pl\\\/fundusze-zewnetrzne\\\/\",\"name\":\"Fundusze zewn\u0119trzne PANS w Kro\u015bnie\",\"description\":\"Fundusze zewn\u0119trzne  - Pa\u0144stwowa Akademia Nauk Stosowanych\",\"publisher\":{\"@id\":\"https:\\\/\\\/pans.krosno.pl\\\/fundusze-zewnetrzne\\\/#organization\"},\"potentialAction\":[{\"@type\":\"SearchAction\",\"target\":{\"@type\":\"EntryPoint\",\"urlTemplate\":\"https:\\\/\\\/pans.krosno.pl\\\/fundusze-zewnetrzne\\\/?s={search_term_string}\"},\"query-input\":{\"@type\":\"PropertyValueSpecification\",\"valueRequired\":true,\"valueName\":\"search_term_string\"}}],\"inLanguage\":\"pl-PL\"},{\"@type\":\"Organization\",\"@id\":\"https:\\\/\\\/pans.krosno.pl\\\/fundusze-zewnetrzne\\\/#organization\",\"name\":\"Fundusze zewn\u0119trzne PANS w Kro\u015bnie\",\"url\":\"https:\\\/\\\/pans.krosno.pl\\\/fundusze-zewnetrzne\\\/\",\"logo\":{\"@type\":\"ImageObject\",\"inLanguage\":\"pl-PL\",\"@id\":\"https:\\\/\\\/pans.krosno.pl\\\/fundusze-zewnetrzne\\\/#\\\/schema\\\/logo\\\/image\\\/\",\"url\":\"https:\\\/\\\/pans.krosno.pl\\\/fundusze-zewnetrzne\\\/wp-content\\\/uploads\\\/sites\\\/14\\\/2023\\\/01\\\/Logo-PANS-2022-pelne.png\",\"contentUrl\":\"https:\\\/\\\/pans.krosno.pl\\\/fundusze-zewnetrzne\\\/wp-content\\\/uploads\\\/sites\\\/14\\\/2023\\\/01\\\/Logo-PANS-2022-pelne.png\",\"width\":3096,\"height\":696,\"caption\":\"Fundusze zewn\u0119trzne PANS w Kro\u015bnie\"},\"image\":{\"@id\":\"https:\\\/\\\/pans.krosno.pl\\\/fundusze-zewnetrzne\\\/#\\\/schema\\\/logo\\\/image\\\/\"}}]}<\/script>\n<!-- \/ Yoast SEO Premium plugin. -->","yoast_head_json":{"title":"O projekcie - Fundusze zewn\u0119trzne PANS w Kro\u015bnie","robots":{"index":"index","follow":"follow","max-snippet":"max-snippet:-1","max-image-preview":"max-image-preview:large","max-video-preview":"max-video-preview:-1"},"canonical":"https:\/\/pans.krosno.pl\/fundusze-zewnetrzne\/miedzynarodowy-tydzien-symulacji-w-opiece-zdrowotnej\/o-projekcie\/","og_locale":"pl_PL","og_type":"article","og_title":"O projekcie","og_description":"\u201eMi\u0119dzynarodowy Tydzie\u0144 Symulacji w Opiece Zdrowotnej&#8221; Projekt dofinansowany ze \u015brodk\u00f3w Ministra Edukacji i Nauki w ramach programu pod nazw\u0105 \u201eSpo\u0142eczna odpowiedzialno\u015b\u0107 nauki II\u201d Celem realizacji projektu jest zorganizowanie w Pa\u0144stwowej Akademii Nauk Stosowanych w Kro\u015bnie \u201eMi\u0119dzynarodowego Tygodnia Symulacji w Opiece Zdrowotnej\u201d. Celem planowanego wydarzenia jest promowanie symulacji medycznej jako innowacyjnej [\u2026] Read More","og_url":"https:\/\/pans.krosno.pl\/fundusze-zewnetrzne\/miedzynarodowy-tydzien-symulacji-w-opiece-zdrowotnej\/o-projekcie\/","og_site_name":"Fundusze zewn\u0119trzne PANS w Kro\u015bnie","article_modified_time":"2024-09-10T11:25:13+00:00","og_image":[{"url":"https:\/\/pans.krosno.pl\/fundusze-zewnetrzne\/wp-content\/uploads\/sites\/14\/2023\/01\/godlo-i-flaga-polski-z-ustawy2-1.jpg","type":"","width":"","height":""}],"twitter_card":"summary_large_image","twitter_misc":{"Szacowany czas czytania":"2 minuty"},"schema":{"@context":"https:\/\/schema.org","@graph":[{"@type":"WebPage","@id":"https:\/\/pans.krosno.pl\/fundusze-zewnetrzne\/miedzynarodowy-tydzien-symulacji-w-opiece-zdrowotnej\/o-projekcie\/","url":"https:\/\/pans.krosno.pl\/fundusze-zewnetrzne\/miedzynarodowy-tydzien-symulacji-w-opiece-zdrowotnej\/o-projekcie\/","name":"O projekcie - Fundusze zewn\u0119trzne PANS w Kro\u015bnie","isPartOf":{"@id":"https:\/\/pans.krosno.pl\/fundusze-zewnetrzne\/#website"},"primaryImageOfPage":{"@id":"https:\/\/pans.krosno.pl\/fundusze-zewnetrzne\/miedzynarodowy-tydzien-symulacji-w-opiece-zdrowotnej\/o-projekcie\/#primaryimage"},"image":{"@id":"https:\/\/pans.krosno.pl\/fundusze-zewnetrzne\/miedzynarodowy-tydzien-symulacji-w-opiece-zdrowotnej\/o-projekcie\/#primaryimage"},"thumbnailUrl":"https:\/\/pans.krosno.pl\/fundusze-zewnetrzne\/wp-content\/uploads\/sites\/14\/2023\/01\/godlo-i-flaga-polski-z-ustawy2-1.jpg","datePublished":"2024-09-09T10:48:45+00:00","dateModified":"2024-09-10T11:25:13+00:00","breadcrumb":{"@id":"https:\/\/pans.krosno.pl\/fundusze-zewnetrzne\/miedzynarodowy-tydzien-symulacji-w-opiece-zdrowotnej\/o-projekcie\/#breadcrumb"},"inLanguage":"pl-PL","potentialAction":[{"@type":"ReadAction","target":["https:\/\/pans.krosno.pl\/fundusze-zewnetrzne\/miedzynarodowy-tydzien-symulacji-w-opiece-zdrowotnej\/o-projekcie\/"]}]},{"@type":"ImageObject","inLanguage":"pl-PL","@id":"https:\/\/pans.krosno.pl\/fundusze-zewnetrzne\/miedzynarodowy-tydzien-symulacji-w-opiece-zdrowotnej\/o-projekcie\/#primaryimage","url":"https:\/\/pans.krosno.pl\/fundusze-zewnetrzne\/wp-content\/uploads\/sites\/14\/2023\/01\/godlo-i-flaga-polski-z-ustawy2-1.jpg","contentUrl":"https:\/\/pans.krosno.pl\/fundusze-zewnetrzne\/wp-content\/uploads\/sites\/14\/2023\/01\/godlo-i-flaga-polski-z-ustawy2-1.jpg","width":700,"height":394},{"@type":"BreadcrumbList","@id":"https:\/\/pans.krosno.pl\/fundusze-zewnetrzne\/miedzynarodowy-tydzien-symulacji-w-opiece-zdrowotnej\/o-projekcie\/#breadcrumb","itemListElement":[{"@type":"ListItem","position":1,"name":"Strona g\u0142\u00f3wna","item":"https:\/\/pans.krosno.pl\/fundusze-zewnetrzne\/"},{"@type":"ListItem","position":2,"name":"&#8222;Mi\u0119dzynarodowy Tydzie\u0144 Symulacji w Opiece Zdrowotnej&#8221;","item":"https:\/\/pans.krosno.pl\/fundusze-zewnetrzne\/miedzynarodowy-tydzien-symulacji-w-opiece-zdrowotnej\/"},{"@type":"ListItem","position":3,"name":"O projekcie"}]},{"@type":"WebSite","@id":"https:\/\/pans.krosno.pl\/fundusze-zewnetrzne\/#website","url":"https:\/\/pans.krosno.pl\/fundusze-zewnetrzne\/","name":"Fundusze zewn\u0119trzne PANS w Kro\u015bnie","description":"Fundusze zewn\u0119trzne  - Pa\u0144stwowa Akademia Nauk Stosowanych","publisher":{"@id":"https:\/\/pans.krosno.pl\/fundusze-zewnetrzne\/#organization"},"potentialAction":[{"@type":"SearchAction","target":{"@type":"EntryPoint","urlTemplate":"https:\/\/pans.krosno.pl\/fundusze-zewnetrzne\/?s={search_term_string}"},"query-input":{"@type":"PropertyValueSpecification","valueRequired":true,"valueName":"search_term_string"}}],"inLanguage":"pl-PL"},{"@type":"Organization","@id":"https:\/\/pans.krosno.pl\/fundusze-zewnetrzne\/#organization","name":"Fundusze zewn\u0119trzne PANS w Kro\u015bnie","url":"https:\/\/pans.krosno.pl\/fundusze-zewnetrzne\/","logo":{"@type":"ImageObject","inLanguage":"pl-PL","@id":"https:\/\/pans.krosno.pl\/fundusze-zewnetrzne\/#\/schema\/logo\/image\/","url":"https:\/\/pans.krosno.pl\/fundusze-zewnetrzne\/wp-content\/uploads\/sites\/14\/2023\/01\/Logo-PANS-2022-pelne.png","contentUrl":"https:\/\/pans.krosno.pl\/fundusze-zewnetrzne\/wp-content\/uploads\/sites\/14\/2023\/01\/Logo-PANS-2022-pelne.png","width":3096,"height":696,"caption":"Fundusze zewn\u0119trzne PANS w Kro\u015bnie"},"image":{"@id":"https:\/\/pans.krosno.pl\/fundusze-zewnetrzne\/#\/schema\/logo\/image\/"}}]}},"_links":{"self":[{"href":"https:\/\/pans.krosno.pl\/fundusze-zewnetrzne\/wp-json\/wp\/v2\/pages\/4049","targetHints":{"allow":["GET"]}}],"collection":[{"href":"https:\/\/pans.krosno.pl\/fundusze-zewnetrzne\/wp-json\/wp\/v2\/pages"}],"about":[{"href":"https:\/\/pans.krosno.pl\/fundusze-zewnetrzne\/wp-json\/wp\/v2\/types\/page"}],"author":[{"embeddable":true,"href":"https:\/\/pans.krosno.pl\/fundusze-zewnetrzne\/wp-json\/wp\/v2\/users\/53"}],"replies":[{"embeddable":true,"href":"https:\/\/pans.krosno.pl\/fundusze-zewnetrzne\/wp-json\/wp\/v2\/comments?post=4049"}],"version-history":[{"count":2,"href":"https:\/\/pans.krosno.pl\/fundusze-zewnetrzne\/wp-json\/wp\/v2\/pages\/4049\/revisions"}],"predecessor-version":[{"id":4069,"href":"https:\/\/pans.krosno.pl\/fundusze-zewnetrzne\/wp-json\/wp\/v2\/pages\/4049\/revisions\/4069"}],"up":[{"embeddable":true,"href":"https:\/\/pans.krosno.pl\/fundusze-zewnetrzne\/wp-json\/wp\/v2\/pages\/3751"}],"wp:attachment":[{"href":"https:\/\/pans.krosno.pl\/fundusze-zewnetrzne\/wp-json\/wp\/v2\/media?parent=4049"}],"curies":[{"name":"wp","href":"https:\/\/api.w.org\/{rel}","templated":true}]}}