{"id":4013,"date":"2024-07-31T15:05:21","date_gmt":"2024-07-31T13:05:21","guid":{"rendered":"https:\/\/pans.krosno.pl\/fundusze-zewnetrzne\/?page_id=4013"},"modified":"2025-11-18T11:02:44","modified_gmt":"2025-11-18T10:02:44","slug":"rozwoj-infrastruktury-dydaktycznej-pans-w-krosnie","status":"publish","type":"page","link":"https:\/\/pans.krosno.pl\/fundusze-zewnetrzne\/rozwoj-infrastruktury-dydaktycznej-pans-w-krosnie\/","title":{"rendered":"Rozw\u00f3j infrastruktury dydaktycznej PANS w Kro\u015bnie"},"content":{"rendered":"\n<figure class=\"wp-block-image size-large\"><img loading=\"lazy\" decoding=\"async\" width=\"1024\" height=\"84\" src=\"https:\/\/pans.krosno.pl\/fundusze-zewnetrzne\/wp-content\/uploads\/sites\/14\/2024\/07\/pasek-21-27-RGB-1024x84.jpg\" alt=\"\" class=\"wp-image-4016\" srcset=\"https:\/\/pans.krosno.pl\/fundusze-zewnetrzne\/wp-content\/uploads\/sites\/14\/2024\/07\/pasek-21-27-RGB-1024x84.jpg 1024w, https:\/\/pans.krosno.pl\/fundusze-zewnetrzne\/wp-content\/uploads\/sites\/14\/2024\/07\/pasek-21-27-RGB-300x25.jpg 300w, https:\/\/pans.krosno.pl\/fundusze-zewnetrzne\/wp-content\/uploads\/sites\/14\/2024\/07\/pasek-21-27-RGB-768x63.jpg 768w, https:\/\/pans.krosno.pl\/fundusze-zewnetrzne\/wp-content\/uploads\/sites\/14\/2024\/07\/pasek-21-27-RGB-1536x126.jpg 1536w, https:\/\/pans.krosno.pl\/fundusze-zewnetrzne\/wp-content\/uploads\/sites\/14\/2024\/07\/pasek-21-27-RGB-2048x169.jpg 2048w, https:\/\/pans.krosno.pl\/fundusze-zewnetrzne\/wp-content\/uploads\/sites\/14\/2024\/07\/pasek-21-27-RGB-2000x165.jpg 2000w, https:\/\/pans.krosno.pl\/fundusze-zewnetrzne\/wp-content\/uploads\/sites\/14\/2024\/07\/pasek-21-27-RGB-800x66.jpg 800w, https:\/\/pans.krosno.pl\/fundusze-zewnetrzne\/wp-content\/uploads\/sites\/14\/2024\/07\/pasek-21-27-RGB-580x48.jpg 580w\" sizes=\"auto, (max-width: 1024px) 100vw, 1024px\" \/><\/figure>\n\n\n\n<p><strong>Projekt &#8222;Rozw\u00f3j infrastruktury dydaktycznej PANS w Kro\u015bnie&#8221; by\u0142 wsp\u00f3\u0142finansowany w ze \u015brodk\u00f3w Europejskiego Funduszu Rozwoju Regionalnego w ramach Programu Fundusze Europejskie dla Podkarpacia 2021-2027, Priorytet FEPK.05 Przyjazna przestrze\u0144 spo\u0142eczna, Dzia\u0142anie FEPK.05.01 Edukacja<\/strong><\/p>\n\n\n\n<p>G\u0142\u00f3wnym celem projektu by\u0142o podniesienie jako\u015bci kszta\u0142cenia student\u00f3w na kierunkach zgodnych z potrzebami rynku pracy (w tym kszta\u0142c\u0105cych w obr\u0119bie inteligentnych specjalizacji) poprzez modernizacj\u0119, adaptacj\u0119 i utworzenie sal dydaktycznych, a tak\u017ce wdro\u017cenie nowoczesnych system\u00f3w audiowizualnych w auli Uczelni, co pozwoli na prowadzenie zaj\u0119\u0107 w spos\u00f3b hybrydowy lub zdalny, a tak\u017ce transmisje live z wydarze\u0144 organizowanych dla student\u00f3w, zwi\u0119kszaj\u0105c tym samym dost\u0119pno\u015b\u0107 form kszta\u0142cenia. Celem projektu by\u0142o tak\u017ce dostosowanie Uczelni do potrzeb os\u00f3b z niepe\u0142nosprawno\u015bciami poprzez zakup p\u0119tli indukcyjnej, monta\u017c plan\u00f3w i tabliczek tyflograficznych.<br><br>W ramach projektu zrealizowano nast\u0119puj\u0105ce zadania inwestycyjne:<\/p>\n\n\n\n<ol class=\"wp-block-list\">\n<li>Utworzenie czterech pracowni dla kierunku Ratownictwo medyczne:<br>a. Sala z symulatorem karetki:<br>b. Sala szpitalnego oddzia\u0142u ratunkowego SOR<br>c. Sala umiej\u0119tno\u015bci technicznych<br>d. Sala taktycznego ratownictwa medycznego<\/li>\n<\/ol>\n\n\n\n<p>2. Adaptacja i modernizacja sali dydaktycznej dla kierunku Bezpiecze\u0144stwo wewn\u0119trzne &#8211; prace zwi\u0105zane z modernizacj\u0105 i adaptacj\u0105 sali (m. in. akustyczna \u015bciana mobilna, nowa instalacja<br>o\u015bwietleniowa, stworzenie dodatkowego stanowiska pracy dla wyk\u0142adowcy oraz modernizacja istniej\u0105cego, zakup wyposa\u017cenia niezb\u0119dnego do funkcjonowania sali 108 jako du\u017cej sali wyk\u0142adowej oraz dw\u00f3ch niezale\u017cnie funkcjonuj\u0105cych sal laboratoryjnych\/\u0107wiczeniowych, monta\u017c systemu audiowizualnego.<\/p>\n\n\n\n<p>3. Doposa\u017cenie pracowni 5G dla kierunku Informatyka &#8211; autonomiczne stanowisko robotyczne<\/p>\n\n\n\n<p>4. Modernizacja system\u00f3w audiowizualnych w auli Uczelni &#8211; zakup i monta\u017c oraz wdro\u017cenie nowoczesnych system\u00f3w audiowizualnych w auli Uczelni.<\/p>\n\n\n\n<p>5. Zwi\u0119kszenie dost\u0119pno\u015bci Uczelni dla os\u00f3b z niepe\u0142nosprawno\u015bciami:<br>a. Instalacja p\u0119tli indukcyjnej w auli przy ul. Dmochowskiego 12,<br>b. Plany i tabliczki tyflograficzne w budynkach Uczelni &#8211; Kampus przy ul. Dmochowskiego, Rektorat, Biblioteka.<\/p>\n\n\n\n<p>Odbiorcami projektu s\u0105 studenci i studentki Pa\u0144stwowej Akademii Nauk Stosowanych w Kro\u015bnie. Oferta kszta\u0142cenia Uczelni skierowana jest przede wszystkim do os\u00f3b z wojew\u00f3dztwa podkarpackiego.<\/p>\n\n\n\n<p>Wszystkie produkty projektu s\u0105 dost\u0119pne dla os\u00f3b z niepe\u0142nosprawno\u015bciami zgodnie ze standardami<br>dost\u0119pno\u015bci adekwatnymi do zakresu realizowanego projektu (w tym z koncepcj\u0105 uniwersalnego<br>projektowania).<\/p>\n\n\n\n<p><strong>Okres realizacji projektu:<\/strong>  1 wrze\u015bnia 2023 r. \u2013 30 wrze\u015bnia 2025 r.<\/p>\n\n\n\n<p><strong>Warto\u015b\u0107 ca\u0142kowita projektu:<\/strong> 5 532 498,09 PLN<\/p>\n\n\n\n<p><strong>Warto\u015b\u0107 dofinansowania: <\/strong>4 007 396,99 PLN<\/p>\n\n\n\n<p>#funduszeue<\/p>\n\n\n\n<p>#funduszeeuropejskie<\/p>\n","protected":false},"excerpt":{"rendered":"<p>Projekt &#8222;Rozw\u00f3j infrastruktury dydaktycznej PANS w Kro\u015bnie&#8221; by\u0142 wsp\u00f3\u0142finansowany w ze \u015brodk\u00f3w Europejskiego Funduszu Rozwoju Regionalnego w ramach Programu Fundusze Europejskie dla Podkarpacia 2021-2027, Priorytet FEPK.05 Przyjazna przestrze\u0144 spo\u0142eczna, Dzia\u0142anie FEPK.05.01 Edukacja G\u0142\u00f3wnym celem projektu by\u0142o podniesienie jako\u015bci kszta\u0142cenia student\u00f3w na kierunkach zgodnych z potrzebami rynku pracy (w tym kszta\u0142c\u0105cych [\u2026] <\/p>\n<div class=\"clear\"><\/div>\n<p><a class=\"more_link clearfix\" href=\"https:\/\/pans.krosno.pl\/fundusze-zewnetrzne\/rozwoj-infrastruktury-dydaktycznej-pans-w-krosnie\/\" rel=\"nofollow\">Read More<\/a><\/p>\n","protected":false},"author":53,"featured_media":0,"parent":0,"menu_order":0,"comment_status":"closed","ping_status":"closed","template":"","meta":{"ngg_post_thumbnail":0,"footnotes":""},"class_list":["post-4013","page","type-page","status-publish","hentry"],"yoast_head":"<!-- This site is optimized with the Yoast SEO Premium plugin v27.3 (Yoast SEO v27.3) - https:\/\/yoast.com\/product\/yoast-seo-premium-wordpress\/ -->\n<title>Rozw\u00f3j infrastruktury dydaktycznej PANS w Kro\u015bnie - Fundusze zewn\u0119trzne PANS w Kro\u015bnie<\/title>\n<meta name=\"robots\" content=\"index, follow, max-snippet:-1, max-image-preview:large, max-video-preview:-1\" \/>\n<link rel=\"canonical\" href=\"https:\/\/pans.krosno.pl\/fundusze-zewnetrzne\/rozwoj-infrastruktury-dydaktycznej-pans-w-krosnie\/\" \/>\n<meta property=\"og:locale\" content=\"pl_PL\" \/>\n<meta property=\"og:type\" content=\"article\" \/>\n<meta property=\"og:title\" content=\"Rozw\u00f3j infrastruktury dydaktycznej PANS w Kro\u015bnie\" \/>\n<meta property=\"og:description\" content=\"Projekt &#8222;Rozw\u00f3j infrastruktury dydaktycznej PANS w Kro\u015bnie&#8221; by\u0142 wsp\u00f3\u0142finansowany w ze \u015brodk\u00f3w Europejskiego Funduszu Rozwoju Regionalnego w ramach Programu Fundusze Europejskie dla Podkarpacia 2021-2027, Priorytet FEPK.05 Przyjazna przestrze\u0144 spo\u0142eczna, Dzia\u0142anie FEPK.05.01 Edukacja G\u0142\u00f3wnym celem projektu by\u0142o podniesienie jako\u015bci kszta\u0142cenia student\u00f3w na kierunkach zgodnych z potrzebami rynku pracy (w tym kszta\u0142c\u0105cych [\u2026] Read More\" \/>\n<meta property=\"og:url\" content=\"https:\/\/pans.krosno.pl\/fundusze-zewnetrzne\/rozwoj-infrastruktury-dydaktycznej-pans-w-krosnie\/\" \/>\n<meta property=\"og:site_name\" content=\"Fundusze zewn\u0119trzne PANS w Kro\u015bnie\" \/>\n<meta property=\"article:modified_time\" content=\"2025-11-18T10:02:44+00:00\" \/>\n<meta property=\"og:image\" content=\"https:\/\/pans.krosno.pl\/fundusze-zewnetrzne\/wp-content\/uploads\/sites\/14\/2024\/07\/pasek-21-27-RGB-scaled.jpg\" \/>\n\t<meta property=\"og:image:width\" content=\"2560\" \/>\n\t<meta property=\"og:image:height\" content=\"211\" \/>\n\t<meta property=\"og:image:type\" content=\"image\/jpeg\" \/>\n<meta name=\"twitter:card\" content=\"summary_large_image\" \/>\n<meta name=\"twitter:label1\" content=\"Szacowany czas czytania\" \/>\n\t<meta name=\"twitter:data1\" content=\"3 minuty\" \/>\n<script type=\"application\/ld+json\" class=\"yoast-schema-graph\">{\"@context\":\"https:\\\/\\\/schema.org\",\"@graph\":[{\"@type\":\"WebPage\",\"@id\":\"https:\\\/\\\/pans.krosno.pl\\\/fundusze-zewnetrzne\\\/rozwoj-infrastruktury-dydaktycznej-pans-w-krosnie\\\/\",\"url\":\"https:\\\/\\\/pans.krosno.pl\\\/fundusze-zewnetrzne\\\/rozwoj-infrastruktury-dydaktycznej-pans-w-krosnie\\\/\",\"name\":\"Rozw\u00f3j infrastruktury dydaktycznej PANS w Kro\u015bnie - Fundusze zewn\u0119trzne PANS w Kro\u015bnie\",\"isPartOf\":{\"@id\":\"https:\\\/\\\/pans.krosno.pl\\\/fundusze-zewnetrzne\\\/#website\"},\"primaryImageOfPage\":{\"@id\":\"https:\\\/\\\/pans.krosno.pl\\\/fundusze-zewnetrzne\\\/rozwoj-infrastruktury-dydaktycznej-pans-w-krosnie\\\/#primaryimage\"},\"image\":{\"@id\":\"https:\\\/\\\/pans.krosno.pl\\\/fundusze-zewnetrzne\\\/rozwoj-infrastruktury-dydaktycznej-pans-w-krosnie\\\/#primaryimage\"},\"thumbnailUrl\":\"https:\\\/\\\/pans.krosno.pl\\\/fundusze-zewnetrzne\\\/wp-content\\\/uploads\\\/sites\\\/14\\\/2024\\\/07\\\/pasek-21-27-RGB-1024x84.jpg\",\"datePublished\":\"2024-07-31T13:05:21+00:00\",\"dateModified\":\"2025-11-18T10:02:44+00:00\",\"breadcrumb\":{\"@id\":\"https:\\\/\\\/pans.krosno.pl\\\/fundusze-zewnetrzne\\\/rozwoj-infrastruktury-dydaktycznej-pans-w-krosnie\\\/#breadcrumb\"},\"inLanguage\":\"pl-PL\",\"potentialAction\":[{\"@type\":\"ReadAction\",\"target\":[\"https:\\\/\\\/pans.krosno.pl\\\/fundusze-zewnetrzne\\\/rozwoj-infrastruktury-dydaktycznej-pans-w-krosnie\\\/\"]}]},{\"@type\":\"ImageObject\",\"inLanguage\":\"pl-PL\",\"@id\":\"https:\\\/\\\/pans.krosno.pl\\\/fundusze-zewnetrzne\\\/rozwoj-infrastruktury-dydaktycznej-pans-w-krosnie\\\/#primaryimage\",\"url\":\"https:\\\/\\\/pans.krosno.pl\\\/fundusze-zewnetrzne\\\/wp-content\\\/uploads\\\/sites\\\/14\\\/2024\\\/07\\\/pasek-21-27-RGB-scaled.jpg\",\"contentUrl\":\"https:\\\/\\\/pans.krosno.pl\\\/fundusze-zewnetrzne\\\/wp-content\\\/uploads\\\/sites\\\/14\\\/2024\\\/07\\\/pasek-21-27-RGB-scaled.jpg\",\"width\":2560,\"height\":211},{\"@type\":\"BreadcrumbList\",\"@id\":\"https:\\\/\\\/pans.krosno.pl\\\/fundusze-zewnetrzne\\\/rozwoj-infrastruktury-dydaktycznej-pans-w-krosnie\\\/#breadcrumb\",\"itemListElement\":[{\"@type\":\"ListItem\",\"position\":1,\"name\":\"Strona g\u0142\u00f3wna\",\"item\":\"https:\\\/\\\/pans.krosno.pl\\\/fundusze-zewnetrzne\\\/\"},{\"@type\":\"ListItem\",\"position\":2,\"name\":\"Rozw\u00f3j infrastruktury dydaktycznej PANS w Kro\u015bnie\"}]},{\"@type\":\"WebSite\",\"@id\":\"https:\\\/\\\/pans.krosno.pl\\\/fundusze-zewnetrzne\\\/#website\",\"url\":\"https:\\\/\\\/pans.krosno.pl\\\/fundusze-zewnetrzne\\\/\",\"name\":\"Fundusze zewn\u0119trzne PANS w Kro\u015bnie\",\"description\":\"Fundusze zewn\u0119trzne  - Pa\u0144stwowa Akademia Nauk Stosowanych\",\"publisher\":{\"@id\":\"https:\\\/\\\/pans.krosno.pl\\\/fundusze-zewnetrzne\\\/#organization\"},\"potentialAction\":[{\"@type\":\"SearchAction\",\"target\":{\"@type\":\"EntryPoint\",\"urlTemplate\":\"https:\\\/\\\/pans.krosno.pl\\\/fundusze-zewnetrzne\\\/?s={search_term_string}\"},\"query-input\":{\"@type\":\"PropertyValueSpecification\",\"valueRequired\":true,\"valueName\":\"search_term_string\"}}],\"inLanguage\":\"pl-PL\"},{\"@type\":\"Organization\",\"@id\":\"https:\\\/\\\/pans.krosno.pl\\\/fundusze-zewnetrzne\\\/#organization\",\"name\":\"Fundusze zewn\u0119trzne PANS w Kro\u015bnie\",\"url\":\"https:\\\/\\\/pans.krosno.pl\\\/fundusze-zewnetrzne\\\/\",\"logo\":{\"@type\":\"ImageObject\",\"inLanguage\":\"pl-PL\",\"@id\":\"https:\\\/\\\/pans.krosno.pl\\\/fundusze-zewnetrzne\\\/#\\\/schema\\\/logo\\\/image\\\/\",\"url\":\"https:\\\/\\\/pans.krosno.pl\\\/fundusze-zewnetrzne\\\/wp-content\\\/uploads\\\/sites\\\/14\\\/2023\\\/01\\\/Logo-PANS-2022-pelne.png\",\"contentUrl\":\"https:\\\/\\\/pans.krosno.pl\\\/fundusze-zewnetrzne\\\/wp-content\\\/uploads\\\/sites\\\/14\\\/2023\\\/01\\\/Logo-PANS-2022-pelne.png\",\"width\":3096,\"height\":696,\"caption\":\"Fundusze zewn\u0119trzne PANS w Kro\u015bnie\"},\"image\":{\"@id\":\"https:\\\/\\\/pans.krosno.pl\\\/fundusze-zewnetrzne\\\/#\\\/schema\\\/logo\\\/image\\\/\"}}]}<\/script>\n<!-- \/ Yoast SEO Premium plugin. -->","yoast_head_json":{"title":"Rozw\u00f3j infrastruktury dydaktycznej PANS w Kro\u015bnie - Fundusze zewn\u0119trzne PANS w Kro\u015bnie","robots":{"index":"index","follow":"follow","max-snippet":"max-snippet:-1","max-image-preview":"max-image-preview:large","max-video-preview":"max-video-preview:-1"},"canonical":"https:\/\/pans.krosno.pl\/fundusze-zewnetrzne\/rozwoj-infrastruktury-dydaktycznej-pans-w-krosnie\/","og_locale":"pl_PL","og_type":"article","og_title":"Rozw\u00f3j infrastruktury dydaktycznej PANS w Kro\u015bnie","og_description":"Projekt &#8222;Rozw\u00f3j infrastruktury dydaktycznej PANS w Kro\u015bnie&#8221; by\u0142 wsp\u00f3\u0142finansowany w ze \u015brodk\u00f3w Europejskiego Funduszu Rozwoju Regionalnego w ramach Programu Fundusze Europejskie dla Podkarpacia 2021-2027, Priorytet FEPK.05 Przyjazna przestrze\u0144 spo\u0142eczna, Dzia\u0142anie FEPK.05.01 Edukacja G\u0142\u00f3wnym celem projektu by\u0142o podniesienie jako\u015bci kszta\u0142cenia student\u00f3w na kierunkach zgodnych z potrzebami rynku pracy (w tym kszta\u0142c\u0105cych [\u2026] Read More","og_url":"https:\/\/pans.krosno.pl\/fundusze-zewnetrzne\/rozwoj-infrastruktury-dydaktycznej-pans-w-krosnie\/","og_site_name":"Fundusze zewn\u0119trzne PANS w Kro\u015bnie","article_modified_time":"2025-11-18T10:02:44+00:00","og_image":[{"width":2560,"height":211,"url":"https:\/\/pans.krosno.pl\/fundusze-zewnetrzne\/wp-content\/uploads\/sites\/14\/2024\/07\/pasek-21-27-RGB-scaled.jpg","type":"image\/jpeg"}],"twitter_card":"summary_large_image","twitter_misc":{"Szacowany czas czytania":"3 minuty"},"schema":{"@context":"https:\/\/schema.org","@graph":[{"@type":"WebPage","@id":"https:\/\/pans.krosno.pl\/fundusze-zewnetrzne\/rozwoj-infrastruktury-dydaktycznej-pans-w-krosnie\/","url":"https:\/\/pans.krosno.pl\/fundusze-zewnetrzne\/rozwoj-infrastruktury-dydaktycznej-pans-w-krosnie\/","name":"Rozw\u00f3j infrastruktury dydaktycznej PANS w Kro\u015bnie - Fundusze zewn\u0119trzne PANS w Kro\u015bnie","isPartOf":{"@id":"https:\/\/pans.krosno.pl\/fundusze-zewnetrzne\/#website"},"primaryImageOfPage":{"@id":"https:\/\/pans.krosno.pl\/fundusze-zewnetrzne\/rozwoj-infrastruktury-dydaktycznej-pans-w-krosnie\/#primaryimage"},"image":{"@id":"https:\/\/pans.krosno.pl\/fundusze-zewnetrzne\/rozwoj-infrastruktury-dydaktycznej-pans-w-krosnie\/#primaryimage"},"thumbnailUrl":"https:\/\/pans.krosno.pl\/fundusze-zewnetrzne\/wp-content\/uploads\/sites\/14\/2024\/07\/pasek-21-27-RGB-1024x84.jpg","datePublished":"2024-07-31T13:05:21+00:00","dateModified":"2025-11-18T10:02:44+00:00","breadcrumb":{"@id":"https:\/\/pans.krosno.pl\/fundusze-zewnetrzne\/rozwoj-infrastruktury-dydaktycznej-pans-w-krosnie\/#breadcrumb"},"inLanguage":"pl-PL","potentialAction":[{"@type":"ReadAction","target":["https:\/\/pans.krosno.pl\/fundusze-zewnetrzne\/rozwoj-infrastruktury-dydaktycznej-pans-w-krosnie\/"]}]},{"@type":"ImageObject","inLanguage":"pl-PL","@id":"https:\/\/pans.krosno.pl\/fundusze-zewnetrzne\/rozwoj-infrastruktury-dydaktycznej-pans-w-krosnie\/#primaryimage","url":"https:\/\/pans.krosno.pl\/fundusze-zewnetrzne\/wp-content\/uploads\/sites\/14\/2024\/07\/pasek-21-27-RGB-scaled.jpg","contentUrl":"https:\/\/pans.krosno.pl\/fundusze-zewnetrzne\/wp-content\/uploads\/sites\/14\/2024\/07\/pasek-21-27-RGB-scaled.jpg","width":2560,"height":211},{"@type":"BreadcrumbList","@id":"https:\/\/pans.krosno.pl\/fundusze-zewnetrzne\/rozwoj-infrastruktury-dydaktycznej-pans-w-krosnie\/#breadcrumb","itemListElement":[{"@type":"ListItem","position":1,"name":"Strona g\u0142\u00f3wna","item":"https:\/\/pans.krosno.pl\/fundusze-zewnetrzne\/"},{"@type":"ListItem","position":2,"name":"Rozw\u00f3j infrastruktury dydaktycznej PANS w Kro\u015bnie"}]},{"@type":"WebSite","@id":"https:\/\/pans.krosno.pl\/fundusze-zewnetrzne\/#website","url":"https:\/\/pans.krosno.pl\/fundusze-zewnetrzne\/","name":"Fundusze zewn\u0119trzne PANS w Kro\u015bnie","description":"Fundusze zewn\u0119trzne  - Pa\u0144stwowa Akademia Nauk Stosowanych","publisher":{"@id":"https:\/\/pans.krosno.pl\/fundusze-zewnetrzne\/#organization"},"potentialAction":[{"@type":"SearchAction","target":{"@type":"EntryPoint","urlTemplate":"https:\/\/pans.krosno.pl\/fundusze-zewnetrzne\/?s={search_term_string}"},"query-input":{"@type":"PropertyValueSpecification","valueRequired":true,"valueName":"search_term_string"}}],"inLanguage":"pl-PL"},{"@type":"Organization","@id":"https:\/\/pans.krosno.pl\/fundusze-zewnetrzne\/#organization","name":"Fundusze zewn\u0119trzne PANS w Kro\u015bnie","url":"https:\/\/pans.krosno.pl\/fundusze-zewnetrzne\/","logo":{"@type":"ImageObject","inLanguage":"pl-PL","@id":"https:\/\/pans.krosno.pl\/fundusze-zewnetrzne\/#\/schema\/logo\/image\/","url":"https:\/\/pans.krosno.pl\/fundusze-zewnetrzne\/wp-content\/uploads\/sites\/14\/2023\/01\/Logo-PANS-2022-pelne.png","contentUrl":"https:\/\/pans.krosno.pl\/fundusze-zewnetrzne\/wp-content\/uploads\/sites\/14\/2023\/01\/Logo-PANS-2022-pelne.png","width":3096,"height":696,"caption":"Fundusze zewn\u0119trzne PANS w Kro\u015bnie"},"image":{"@id":"https:\/\/pans.krosno.pl\/fundusze-zewnetrzne\/#\/schema\/logo\/image\/"}}]}},"_links":{"self":[{"href":"https:\/\/pans.krosno.pl\/fundusze-zewnetrzne\/wp-json\/wp\/v2\/pages\/4013","targetHints":{"allow":["GET"]}}],"collection":[{"href":"https:\/\/pans.krosno.pl\/fundusze-zewnetrzne\/wp-json\/wp\/v2\/pages"}],"about":[{"href":"https:\/\/pans.krosno.pl\/fundusze-zewnetrzne\/wp-json\/wp\/v2\/types\/page"}],"author":[{"embeddable":true,"href":"https:\/\/pans.krosno.pl\/fundusze-zewnetrzne\/wp-json\/wp\/v2\/users\/53"}],"replies":[{"embeddable":true,"href":"https:\/\/pans.krosno.pl\/fundusze-zewnetrzne\/wp-json\/wp\/v2\/comments?post=4013"}],"version-history":[{"count":10,"href":"https:\/\/pans.krosno.pl\/fundusze-zewnetrzne\/wp-json\/wp\/v2\/pages\/4013\/revisions"}],"predecessor-version":[{"id":4341,"href":"https:\/\/pans.krosno.pl\/fundusze-zewnetrzne\/wp-json\/wp\/v2\/pages\/4013\/revisions\/4341"}],"wp:attachment":[{"href":"https:\/\/pans.krosno.pl\/fundusze-zewnetrzne\/wp-json\/wp\/v2\/media?parent=4013"}],"curies":[{"name":"wp","href":"https:\/\/api.w.org\/{rel}","templated":true}]}}