{"id":3958,"date":"2024-03-13T12:53:54","date_gmt":"2024-03-13T11:53:54","guid":{"rendered":"https:\/\/pans.krosno.pl\/fundusze-zewnetrzne\/?page_id=3958"},"modified":"2024-08-29T11:58:30","modified_gmt":"2024-08-29T09:58:30","slug":"rekrutacja-na-warsztaty","status":"publish","type":"page","link":"https:\/\/pans.krosno.pl\/fundusze-zewnetrzne\/rola-roslin-zielarskich-i-barwierskich-w-ekologicznym-systemie-gospodarowania\/rekrutacja-na-warsztaty\/","title":{"rendered":"Rekrutacja na warsztaty"},"content":{"rendered":"\n<hr class=\"wp-block-separator has-alpha-channel-opacity\" \/>\n\n\n\n<hr class=\"wp-block-separator has-alpha-channel-opacity\" \/>\n\n\n\n<h2 class=\"wp-block-heading has-text-align-center\" id=\"h-rekrutacja-na-warsztaty-7-8-9-i-10-terminy-wrzesien-i-pazdziernik-2024-r\">REKRUTACJA NA WARSZTATY 7, 8, 9 i 10 &#8211; terminy wrzesie\u0144 i pa\u017adziernik 2024 r.<\/h2>\n\n\n\n<p><strong>W terminie od 29 sierpnia 2024 r. od godziny 12:00 do dnia 5 wrze\u015bnia 2024 r. do godziny 12:00 prowadzona jest rekrutacja na warsztaty 7, warsztaty 8, warsztaty 9 i warsztaty 10 za pomoc\u0105 ELEKTRONICZNEGO FORMULARZA REJESTRACJI<\/strong> <strong>znajduj\u0105cego si\u0119 pod adresem:<\/strong><\/p>\n\n\n\n<p><a href=\"https:\/\/ankiety.kpu.krosno.pl\/index.php?r=survey\/index&amp;sid=844271&amp;lang=pl\">https:\/\/ankiety.kpu.krosno.pl\/index.php?r=survey\/index&amp;sid=844271&amp;lang=pl<\/a><\/p>\n\n\n\n<p>Wype\u0142nienie formularza oznacza tylko udzia\u0142 w rekrutacji. O tym czy zostali Pa\u0144stwo zakwalifikowani do udzia\u0142u poinformujemy po zako\u0144czeniu rekrutacji w dniu 5 wrze\u015bnia po godzinie 12:00.<\/p>\n\n\n\n<p><strong>Uwaga! Wype\u0142nienie formularza<\/strong> <strong>pozwala na zapisanie si\u0119 na jeden termin wybranych warsztat\u00f3w. Aby zapisa\u0107 si\u0119 na wi\u0119cej ni\u017c jedno spotkanie nale\u017cy wype\u0142ni\u0107 oddzielny formularz elektronicznej rejestracji oddzielnie dla ka\u017cdego ze spotka\u0144<\/strong>.<\/p>\n\n\n\n<p>Zasady Rekrutacji zosta\u0142y okre\u015blone w poni\u017cszym dokumencie:<\/p>\n\n\n\n<div class=\"wp-block-file\"><a id=\"wp-block-file--media-520a6a93-6b01-482f-83bb-2e61d86ae7c2\" href=\"https:\/\/pans.krosno.pl\/fundusze-zewnetrzne\/wp-content\/uploads\/sites\/14\/2024\/08\/Zasady-rekrutacji-do-udzialu-w-warsztatach-w-miesiacach-wrzesien-pazdziernik-2024.pdf\">Zasady-rekrutacji-do-udzialu-w-warsztatach-w-miesiacach-wrzesien-pazdziernik-2024<\/a><a href=\"https:\/\/pans.krosno.pl\/fundusze-zewnetrzne\/wp-content\/uploads\/sites\/14\/2024\/08\/Zasady-rekrutacji-do-udzialu-w-warsztatach-w-miesiacach-wrzesien-pazdziernik-2024.pdf\" class=\"wp-block-file__button wp-element-button\" download aria-describedby=\"wp-block-file--media-520a6a93-6b01-482f-83bb-2e61d86ae7c2\">Pobierz<\/a><\/div>\n\n\n\n<p>Opisy wszystkich warsztat\u00f3w znajduj\u0105 si\u0119 <a href=\"https:\/\/pans.krosno.pl\/fundusze-zewnetrzne\/rola-roslin-zielarskich-i-barwierskich-w-ekologicznym-systemie-gospodarowania\/opisy-warsztatow\/\">TUTAJ<\/a><\/p>\n\n\n\n<hr class=\"wp-block-separator has-alpha-channel-opacity\" \/>\n\n\n\n<hr class=\"wp-block-separator has-alpha-channel-opacity\" \/>\n\n\n\n<p><strong>Przed\u0142u\u017camy rekrutacj\u0119 do dnia 12 kwietnia 2024 r. do godziny 12:00.<\/strong><\/p>\n\n\n\n<p><strong>Serdecznie zapraszamy do zapis\u00f3w<\/strong><\/p>\n\n\n\n<hr class=\"wp-block-separator has-alpha-channel-opacity\" \/>\n\n\n\n<p>Serdecznie zapraszamy do udzia\u0142u w warsztatach realizowanych w ramach projektu badawczego pn. &#8222;Rola ro\u015blin zielarskich i barwierskich w ekologicznym systemie gospodarowania&#8221;<\/p>\n\n\n\n<p><strong>W terminie 15 marca 2024 r. od godziny 12:00 do dnia 12 kwietnia 2024 r. do godziny 12:00 prowadzona jest rekrutacja na pierwsze trzy spotkania tematyczne (warsztaty 1, warsztaty 2 i warsztaty 3) za pomoc\u0105 ELEKTRONICZNEGO FORMULARZA REJESTRACJI<\/strong> <strong>znajduj\u0105cego si\u0119 pod adresem:<\/strong><\/p>\n\n\n\n<p><a href=\"https:\/\/ankiety.pans.krosno.pl\/index.php?r=survey\/index&amp;sid=488862&amp;lang=pl\">https:\/\/ankiety.pans.krosno.pl\/index.php?r=survey\/index&amp;sid=488862&amp;lang=pl<\/a><\/p>\n\n\n\n<p><strong>Uwaga! Wype\u0142nienie formularza pozwala na zapisanie si\u0119 na jeden termin wybranych warsztat\u00f3w. Aby zapisa\u0107 si\u0119 na wi\u0119cej ni\u017c jedno spotkanie nale\u017cy wype\u0142ni\u0107 oddzielny formularz elektronicznej rejestracji oddzielnie dla ka\u017cdego ze spotka\u0144<\/strong>.<\/p>\n\n\n\n<hr class=\"wp-block-separator has-alpha-channel-opacity\" \/>\n\n\n\n<p>Planowane terminy kolejnych nabor\u00f3w oraz opisy wszystkich warsztat\u00f3w znajduj\u0105 si\u0119 <a href=\"https:\/\/pans.krosno.pl\/fundusze-zewnetrzne\/rola-roslin-zielarskich-i-barwierskich-w-ekologicznym-systemie-gospodarowania\/opisy-warsztatow\/\">TUTAJ<\/a><\/p>\n\n\n\n<hr class=\"wp-block-separator has-alpha-channel-opacity\" \/>\n\n\n\n<p>Zasady Rekrutacji zosta\u0142y okre\u015blone w poni\u017cszym dokumencie:<\/p>\n\n\n\n<div class=\"wp-block-file\"><a id=\"wp-block-file--media-62768f43-1eca-4282-a0b8-a640e1af2b49\" href=\"https:\/\/pans.krosno.pl\/fundusze-zewnetrzne\/wp-content\/uploads\/sites\/14\/2024\/04\/Zasady-rekrutacji-do-udzialu-w-warsztatach-w-miesiacach-kwiecien-i-maj-2024-r.pdf\">Zasady-rekrutacji-do-udzialu-w-warsztatach-w-miesiacach-kwiecien-i-maj-2024-r<\/a><a href=\"https:\/\/pans.krosno.pl\/fundusze-zewnetrzne\/wp-content\/uploads\/sites\/14\/2024\/04\/Zasady-rekrutacji-do-udzialu-w-warsztatach-w-miesiacach-kwiecien-i-maj-2024-r.pdf\" class=\"wp-block-file__button wp-element-button\" download aria-describedby=\"wp-block-file--media-62768f43-1eca-4282-a0b8-a640e1af2b49\">Pobierz<\/a><\/div>\n\n\n\n<hr class=\"wp-block-separator has-alpha-channel-opacity\" \/>\n\n\n\n<p>W razie pyta\u0144 zapraszamy do kontaktu z biurem projektu:<br><br>Dzia\u0142 pozyskiwania funduszy i zarz\u0105dzania projektami<br><br>Izabela Zajdel<br><br>e-mail: <a href=\"mailto:izabela.zajdel@pans.krosno.pl\">izabela.zajdel@pans.krosno.pl<\/a><br><br>tel. 13 43 755 19 od pon. do pt. w godzinach 8:00-16:00<\/p>\n","protected":false},"excerpt":{"rendered":"<p>REKRUTACJA NA WARSZTATY 7, 8, 9 i 10 &#8211; terminy wrzesie\u0144 i pa\u017adziernik 2024 r. W terminie od 29 sierpnia 2024 r. od godziny 12:00 do dnia 5 wrze\u015bnia 2024 r. do godziny 12:00 prowadzona jest rekrutacja na warsztaty 7, warsztaty 8, warsztaty 9 i warsztaty 10 za pomoc\u0105 ELEKTRONICZNEGO [\u2026] <\/p>\n<div class=\"clear\"><\/div>\n<p><a class=\"more_link clearfix\" href=\"https:\/\/pans.krosno.pl\/fundusze-zewnetrzne\/rola-roslin-zielarskich-i-barwierskich-w-ekologicznym-systemie-gospodarowania\/rekrutacja-na-warsztaty\/\" rel=\"nofollow\">Read More<\/a><\/p>\n","protected":false},"author":53,"featured_media":0,"parent":3754,"menu_order":0,"comment_status":"closed","ping_status":"closed","template":"","meta":{"ngg_post_thumbnail":0,"footnotes":""},"class_list":["post-3958","page","type-page","status-publish","hentry"],"yoast_head":"<!-- This site is optimized with the Yoast SEO Premium plugin v27.4 (Yoast SEO v27.4) - https:\/\/yoast.com\/product\/yoast-seo-premium-wordpress\/ -->\n<title>Rekrutacja na warsztaty - Fundusze zewn\u0119trzne PANS w Kro\u015bnie<\/title>\n<meta name=\"robots\" content=\"index, follow, max-snippet:-1, max-image-preview:large, max-video-preview:-1\" \/>\n<link rel=\"canonical\" href=\"https:\/\/pans.krosno.pl\/fundusze-zewnetrzne\/rola-roslin-zielarskich-i-barwierskich-w-ekologicznym-systemie-gospodarowania\/rekrutacja-na-warsztaty\/\" \/>\n<meta property=\"og:locale\" content=\"pl_PL\" \/>\n<meta property=\"og:type\" content=\"article\" \/>\n<meta property=\"og:title\" content=\"Rekrutacja na warsztaty\" \/>\n<meta property=\"og:description\" content=\"REKRUTACJA NA WARSZTATY 7, 8, 9 i 10 &#8211; terminy wrzesie\u0144 i pa\u017adziernik 2024 r. W terminie od 29 sierpnia 2024 r. od godziny 12:00 do dnia 5 wrze\u015bnia 2024 r. do godziny 12:00 prowadzona jest rekrutacja na warsztaty 7, warsztaty 8, warsztaty 9 i warsztaty 10 za pomoc\u0105 ELEKTRONICZNEGO [\u2026] Read More\" \/>\n<meta property=\"og:url\" content=\"https:\/\/pans.krosno.pl\/fundusze-zewnetrzne\/rola-roslin-zielarskich-i-barwierskich-w-ekologicznym-systemie-gospodarowania\/rekrutacja-na-warsztaty\/\" \/>\n<meta property=\"og:site_name\" content=\"Fundusze zewn\u0119trzne PANS w Kro\u015bnie\" \/>\n<meta property=\"article:modified_time\" content=\"2024-08-29T09:58:30+00:00\" \/>\n<meta name=\"twitter:card\" content=\"summary_large_image\" \/>\n<meta name=\"twitter:label1\" content=\"Szacowany czas czytania\" \/>\n\t<meta name=\"twitter:data1\" content=\"2 minuty\" \/>\n<script type=\"application\/ld+json\" class=\"yoast-schema-graph\">{\"@context\":\"https:\\\/\\\/schema.org\",\"@graph\":[{\"@type\":\"WebPage\",\"@id\":\"https:\\\/\\\/pans.krosno.pl\\\/fundusze-zewnetrzne\\\/rola-roslin-zielarskich-i-barwierskich-w-ekologicznym-systemie-gospodarowania\\\/rekrutacja-na-warsztaty\\\/\",\"url\":\"https:\\\/\\\/pans.krosno.pl\\\/fundusze-zewnetrzne\\\/rola-roslin-zielarskich-i-barwierskich-w-ekologicznym-systemie-gospodarowania\\\/rekrutacja-na-warsztaty\\\/\",\"name\":\"Rekrutacja na warsztaty - Fundusze zewn\u0119trzne PANS w Kro\u015bnie\",\"isPartOf\":{\"@id\":\"https:\\\/\\\/pans.krosno.pl\\\/fundusze-zewnetrzne\\\/#website\"},\"datePublished\":\"2024-03-13T11:53:54+00:00\",\"dateModified\":\"2024-08-29T09:58:30+00:00\",\"breadcrumb\":{\"@id\":\"https:\\\/\\\/pans.krosno.pl\\\/fundusze-zewnetrzne\\\/rola-roslin-zielarskich-i-barwierskich-w-ekologicznym-systemie-gospodarowania\\\/rekrutacja-na-warsztaty\\\/#breadcrumb\"},\"inLanguage\":\"pl-PL\",\"potentialAction\":[{\"@type\":\"ReadAction\",\"target\":[\"https:\\\/\\\/pans.krosno.pl\\\/fundusze-zewnetrzne\\\/rola-roslin-zielarskich-i-barwierskich-w-ekologicznym-systemie-gospodarowania\\\/rekrutacja-na-warsztaty\\\/\"]}]},{\"@type\":\"BreadcrumbList\",\"@id\":\"https:\\\/\\\/pans.krosno.pl\\\/fundusze-zewnetrzne\\\/rola-roslin-zielarskich-i-barwierskich-w-ekologicznym-systemie-gospodarowania\\\/rekrutacja-na-warsztaty\\\/#breadcrumb\",\"itemListElement\":[{\"@type\":\"ListItem\",\"position\":1,\"name\":\"Strona g\u0142\u00f3wna\",\"item\":\"https:\\\/\\\/pans.krosno.pl\\\/fundusze-zewnetrzne\\\/\"},{\"@type\":\"ListItem\",\"position\":2,\"name\":\"&#8222;Rola ro\u015blin zielarskich i barwierskich w ekologicznym systemie gospodarowania&#8221;\",\"item\":\"https:\\\/\\\/pans.krosno.pl\\\/fundusze-zewnetrzne\\\/rola-roslin-zielarskich-i-barwierskich-w-ekologicznym-systemie-gospodarowania\\\/\"},{\"@type\":\"ListItem\",\"position\":3,\"name\":\"Rekrutacja na warsztaty\"}]},{\"@type\":\"WebSite\",\"@id\":\"https:\\\/\\\/pans.krosno.pl\\\/fundusze-zewnetrzne\\\/#website\",\"url\":\"https:\\\/\\\/pans.krosno.pl\\\/fundusze-zewnetrzne\\\/\",\"name\":\"Fundusze zewn\u0119trzne PANS w Kro\u015bnie\",\"description\":\"Fundusze zewn\u0119trzne  - Pa\u0144stwowa Akademia Nauk Stosowanych\",\"publisher\":{\"@id\":\"https:\\\/\\\/pans.krosno.pl\\\/fundusze-zewnetrzne\\\/#organization\"},\"potentialAction\":[{\"@type\":\"SearchAction\",\"target\":{\"@type\":\"EntryPoint\",\"urlTemplate\":\"https:\\\/\\\/pans.krosno.pl\\\/fundusze-zewnetrzne\\\/?s={search_term_string}\"},\"query-input\":{\"@type\":\"PropertyValueSpecification\",\"valueRequired\":true,\"valueName\":\"search_term_string\"}}],\"inLanguage\":\"pl-PL\"},{\"@type\":\"Organization\",\"@id\":\"https:\\\/\\\/pans.krosno.pl\\\/fundusze-zewnetrzne\\\/#organization\",\"name\":\"Fundusze zewn\u0119trzne PANS w Kro\u015bnie\",\"url\":\"https:\\\/\\\/pans.krosno.pl\\\/fundusze-zewnetrzne\\\/\",\"logo\":{\"@type\":\"ImageObject\",\"inLanguage\":\"pl-PL\",\"@id\":\"https:\\\/\\\/pans.krosno.pl\\\/fundusze-zewnetrzne\\\/#\\\/schema\\\/logo\\\/image\\\/\",\"url\":\"https:\\\/\\\/pans.krosno.pl\\\/fundusze-zewnetrzne\\\/wp-content\\\/uploads\\\/sites\\\/14\\\/2023\\\/01\\\/Logo-PANS-2022-pelne.png\",\"contentUrl\":\"https:\\\/\\\/pans.krosno.pl\\\/fundusze-zewnetrzne\\\/wp-content\\\/uploads\\\/sites\\\/14\\\/2023\\\/01\\\/Logo-PANS-2022-pelne.png\",\"width\":3096,\"height\":696,\"caption\":\"Fundusze zewn\u0119trzne PANS w Kro\u015bnie\"},\"image\":{\"@id\":\"https:\\\/\\\/pans.krosno.pl\\\/fundusze-zewnetrzne\\\/#\\\/schema\\\/logo\\\/image\\\/\"}}]}<\/script>\n<!-- \/ Yoast SEO Premium plugin. -->","yoast_head_json":{"title":"Rekrutacja na warsztaty - Fundusze zewn\u0119trzne PANS w Kro\u015bnie","robots":{"index":"index","follow":"follow","max-snippet":"max-snippet:-1","max-image-preview":"max-image-preview:large","max-video-preview":"max-video-preview:-1"},"canonical":"https:\/\/pans.krosno.pl\/fundusze-zewnetrzne\/rola-roslin-zielarskich-i-barwierskich-w-ekologicznym-systemie-gospodarowania\/rekrutacja-na-warsztaty\/","og_locale":"pl_PL","og_type":"article","og_title":"Rekrutacja na warsztaty","og_description":"REKRUTACJA NA WARSZTATY 7, 8, 9 i 10 &#8211; terminy wrzesie\u0144 i pa\u017adziernik 2024 r. W terminie od 29 sierpnia 2024 r. od godziny 12:00 do dnia 5 wrze\u015bnia 2024 r. do godziny 12:00 prowadzona jest rekrutacja na warsztaty 7, warsztaty 8, warsztaty 9 i warsztaty 10 za pomoc\u0105 ELEKTRONICZNEGO [\u2026] Read More","og_url":"https:\/\/pans.krosno.pl\/fundusze-zewnetrzne\/rola-roslin-zielarskich-i-barwierskich-w-ekologicznym-systemie-gospodarowania\/rekrutacja-na-warsztaty\/","og_site_name":"Fundusze zewn\u0119trzne PANS w Kro\u015bnie","article_modified_time":"2024-08-29T09:58:30+00:00","twitter_card":"summary_large_image","twitter_misc":{"Szacowany czas czytania":"2 minuty"},"schema":{"@context":"https:\/\/schema.org","@graph":[{"@type":"WebPage","@id":"https:\/\/pans.krosno.pl\/fundusze-zewnetrzne\/rola-roslin-zielarskich-i-barwierskich-w-ekologicznym-systemie-gospodarowania\/rekrutacja-na-warsztaty\/","url":"https:\/\/pans.krosno.pl\/fundusze-zewnetrzne\/rola-roslin-zielarskich-i-barwierskich-w-ekologicznym-systemie-gospodarowania\/rekrutacja-na-warsztaty\/","name":"Rekrutacja na warsztaty - Fundusze zewn\u0119trzne PANS w Kro\u015bnie","isPartOf":{"@id":"https:\/\/pans.krosno.pl\/fundusze-zewnetrzne\/#website"},"datePublished":"2024-03-13T11:53:54+00:00","dateModified":"2024-08-29T09:58:30+00:00","breadcrumb":{"@id":"https:\/\/pans.krosno.pl\/fundusze-zewnetrzne\/rola-roslin-zielarskich-i-barwierskich-w-ekologicznym-systemie-gospodarowania\/rekrutacja-na-warsztaty\/#breadcrumb"},"inLanguage":"pl-PL","potentialAction":[{"@type":"ReadAction","target":["https:\/\/pans.krosno.pl\/fundusze-zewnetrzne\/rola-roslin-zielarskich-i-barwierskich-w-ekologicznym-systemie-gospodarowania\/rekrutacja-na-warsztaty\/"]}]},{"@type":"BreadcrumbList","@id":"https:\/\/pans.krosno.pl\/fundusze-zewnetrzne\/rola-roslin-zielarskich-i-barwierskich-w-ekologicznym-systemie-gospodarowania\/rekrutacja-na-warsztaty\/#breadcrumb","itemListElement":[{"@type":"ListItem","position":1,"name":"Strona g\u0142\u00f3wna","item":"https:\/\/pans.krosno.pl\/fundusze-zewnetrzne\/"},{"@type":"ListItem","position":2,"name":"&#8222;Rola ro\u015blin zielarskich i barwierskich w ekologicznym systemie gospodarowania&#8221;","item":"https:\/\/pans.krosno.pl\/fundusze-zewnetrzne\/rola-roslin-zielarskich-i-barwierskich-w-ekologicznym-systemie-gospodarowania\/"},{"@type":"ListItem","position":3,"name":"Rekrutacja na warsztaty"}]},{"@type":"WebSite","@id":"https:\/\/pans.krosno.pl\/fundusze-zewnetrzne\/#website","url":"https:\/\/pans.krosno.pl\/fundusze-zewnetrzne\/","name":"Fundusze zewn\u0119trzne PANS w Kro\u015bnie","description":"Fundusze zewn\u0119trzne  - Pa\u0144stwowa Akademia Nauk Stosowanych","publisher":{"@id":"https:\/\/pans.krosno.pl\/fundusze-zewnetrzne\/#organization"},"potentialAction":[{"@type":"SearchAction","target":{"@type":"EntryPoint","urlTemplate":"https:\/\/pans.krosno.pl\/fundusze-zewnetrzne\/?s={search_term_string}"},"query-input":{"@type":"PropertyValueSpecification","valueRequired":true,"valueName":"search_term_string"}}],"inLanguage":"pl-PL"},{"@type":"Organization","@id":"https:\/\/pans.krosno.pl\/fundusze-zewnetrzne\/#organization","name":"Fundusze zewn\u0119trzne PANS w Kro\u015bnie","url":"https:\/\/pans.krosno.pl\/fundusze-zewnetrzne\/","logo":{"@type":"ImageObject","inLanguage":"pl-PL","@id":"https:\/\/pans.krosno.pl\/fundusze-zewnetrzne\/#\/schema\/logo\/image\/","url":"https:\/\/pans.krosno.pl\/fundusze-zewnetrzne\/wp-content\/uploads\/sites\/14\/2023\/01\/Logo-PANS-2022-pelne.png","contentUrl":"https:\/\/pans.krosno.pl\/fundusze-zewnetrzne\/wp-content\/uploads\/sites\/14\/2023\/01\/Logo-PANS-2022-pelne.png","width":3096,"height":696,"caption":"Fundusze zewn\u0119trzne PANS w Kro\u015bnie"},"image":{"@id":"https:\/\/pans.krosno.pl\/fundusze-zewnetrzne\/#\/schema\/logo\/image\/"}}]}},"_links":{"self":[{"href":"https:\/\/pans.krosno.pl\/fundusze-zewnetrzne\/wp-json\/wp\/v2\/pages\/3958","targetHints":{"allow":["GET"]}}],"collection":[{"href":"https:\/\/pans.krosno.pl\/fundusze-zewnetrzne\/wp-json\/wp\/v2\/pages"}],"about":[{"href":"https:\/\/pans.krosno.pl\/fundusze-zewnetrzne\/wp-json\/wp\/v2\/types\/page"}],"author":[{"embeddable":true,"href":"https:\/\/pans.krosno.pl\/fundusze-zewnetrzne\/wp-json\/wp\/v2\/users\/53"}],"replies":[{"embeddable":true,"href":"https:\/\/pans.krosno.pl\/fundusze-zewnetrzne\/wp-json\/wp\/v2\/comments?post=3958"}],"version-history":[{"count":12,"href":"https:\/\/pans.krosno.pl\/fundusze-zewnetrzne\/wp-json\/wp\/v2\/pages\/3958\/revisions"}],"predecessor-version":[{"id":4036,"href":"https:\/\/pans.krosno.pl\/fundusze-zewnetrzne\/wp-json\/wp\/v2\/pages\/3958\/revisions\/4036"}],"up":[{"embeddable":true,"href":"https:\/\/pans.krosno.pl\/fundusze-zewnetrzne\/wp-json\/wp\/v2\/pages\/3754"}],"wp:attachment":[{"href":"https:\/\/pans.krosno.pl\/fundusze-zewnetrzne\/wp-json\/wp\/v2\/media?parent=3958"}],"curies":[{"name":"wp","href":"https:\/\/api.w.org\/{rel}","templated":true}]}}