{"id":3908,"date":"2024-03-13T11:32:23","date_gmt":"2024-03-13T10:32:23","guid":{"rendered":"https:\/\/pans.krosno.pl\/fundusze-zewnetrzne\/?page_id=3908"},"modified":"2025-03-25T09:53:12","modified_gmt":"2025-03-25T08:53:12","slug":"o-projekcie","status":"publish","type":"page","link":"https:\/\/pans.krosno.pl\/fundusze-zewnetrzne\/rola-roslin-zielarskich-i-barwierskich-w-ekologicznym-systemie-gospodarowania\/o-projekcie\/","title":{"rendered":"O projekcie"},"content":{"rendered":"\n<h2 class=\"wp-block-heading has-text-align-center\" id=\"h-rola-roslin-zielarskich-i-barwierskich-w-ekologicznym-systemie-gospodarowania\">&#8222;Rola ro\u015blin zielarskich i barwierskich w ekologicznym systemie gospodarowania&#8221;<\/h2>\n\n\n\n<figure class=\"wp-block-image aligncenter size-full is-resized\"><img loading=\"lazy\" decoding=\"async\" width=\"700\" height=\"394\" src=\"https:\/\/pans.krosno.pl\/fundusze-zewnetrzne\/wp-content\/uploads\/sites\/14\/2023\/01\/godlo-i-flaga-polski-z-ustawy2-2.jpg\" alt=\"\" class=\"wp-image-3559\" style=\"width:382px;height:auto\" srcset=\"https:\/\/pans.krosno.pl\/fundusze-zewnetrzne\/wp-content\/uploads\/sites\/14\/2023\/01\/godlo-i-flaga-polski-z-ustawy2-2.jpg 700w, https:\/\/pans.krosno.pl\/fundusze-zewnetrzne\/wp-content\/uploads\/sites\/14\/2023\/01\/godlo-i-flaga-polski-z-ustawy2-2-300x169.jpg 300w, https:\/\/pans.krosno.pl\/fundusze-zewnetrzne\/wp-content\/uploads\/sites\/14\/2023\/01\/godlo-i-flaga-polski-z-ustawy2-2-270x152.jpg 270w, https:\/\/pans.krosno.pl\/fundusze-zewnetrzne\/wp-content\/uploads\/sites\/14\/2023\/01\/godlo-i-flaga-polski-z-ustawy2-2-580x326.jpg 580w\" sizes=\"auto, (max-width: 700px) 100vw, 700px\" \/><\/figure>\n\n\n\n<p class=\"has-text-align-center\">Projekt badawczy dofinansowany ze \u015brodk\u00f3w Ministra Edukacji i Nauki w ramach programu pod<br>nazw\u0105 \u201eNauka dla Spo\u0142ecze\u0144stwa II\u201d<\/p>\n\n\n\n<figure class=\"wp-block-image aligncenter size-large is-resized\"><img loading=\"lazy\" decoding=\"async\" width=\"1024\" height=\"702\" src=\"https:\/\/pans.krosno.pl\/fundusze-zewnetrzne\/wp-content\/uploads\/sites\/14\/2024\/01\/mein_nds_rgb_multicolor_black-1024x702.png\" alt=\"\" class=\"wp-image-3767\" style=\"width:252px;height:auto\" srcset=\"https:\/\/pans.krosno.pl\/fundusze-zewnetrzne\/wp-content\/uploads\/sites\/14\/2024\/01\/mein_nds_rgb_multicolor_black-1024x702.png 1024w, https:\/\/pans.krosno.pl\/fundusze-zewnetrzne\/wp-content\/uploads\/sites\/14\/2024\/01\/mein_nds_rgb_multicolor_black-300x206.png 300w, https:\/\/pans.krosno.pl\/fundusze-zewnetrzne\/wp-content\/uploads\/sites\/14\/2024\/01\/mein_nds_rgb_multicolor_black-768x527.png 768w, https:\/\/pans.krosno.pl\/fundusze-zewnetrzne\/wp-content\/uploads\/sites\/14\/2024\/01\/mein_nds_rgb_multicolor_black-1536x1053.png 1536w, https:\/\/pans.krosno.pl\/fundusze-zewnetrzne\/wp-content\/uploads\/sites\/14\/2024\/01\/mein_nds_rgb_multicolor_black-2048x1404.png 2048w, https:\/\/pans.krosno.pl\/fundusze-zewnetrzne\/wp-content\/uploads\/sites\/14\/2024\/01\/mein_nds_rgb_multicolor_black-2000x1371.png 2000w, https:\/\/pans.krosno.pl\/fundusze-zewnetrzne\/wp-content\/uploads\/sites\/14\/2024\/01\/mein_nds_rgb_multicolor_black-800x549.png 800w, https:\/\/pans.krosno.pl\/fundusze-zewnetrzne\/wp-content\/uploads\/sites\/14\/2024\/01\/mein_nds_rgb_multicolor_black-580x398.png 580w\" sizes=\"auto, (max-width: 1024px) 100vw, 1024px\" \/><\/figure>\n\n\n\n<p>G\u0142\u00f3wnym celem projektu jest budowanie wsp\u00f3\u0142pracy Wnioskodawcy z podmiotami dzia\u0142aj\u0105cymi w sferze spo\u0142eczno-gospodarczej, a tak\u017ce opracowanie i implementacja rozwi\u0105za\u0144 s\u0142u\u017c\u0105cych spo\u0142eczno\u015bci lokalnej i regionalnej.<br>Cel ten zostanie zrealizowany poprzez:<br>1) naukowe opracowanie zasad projektowania, zak\u0142adania, utrzymania i wykorzystania tematycznych ogrod\u00f3w na bazie teren\u00f3w usytuowanych wok\u00f3\u0142 zabudowy siedliskowej lub ma\u0142oobszarowych gospodarstw rolnych (charakterystycznych dla regionu Podkarpacia i Ma\u0142opolski):<\/p>\n\n\n\n<ul class=\"wp-block-list\">\n<li>z wykorzystaniem ekologicznego sposobu gospodarowania,<\/li>\n\n\n\n<li>z udzia\u0142em ro\u015blin zielarskich, ro\u015blin adaptogennych, ro\u015blin barwierskich &#8211; odpowiednio dobranych do specyficznych warunk\u00f3w przyrodniczych i klimatycznych regionu,<\/li>\n\n\n\n<li>z wykorzystaniem innowacyjnych rozwi\u0105za\u0144 z zakresu architektury i kompozycji krajobrazu,<\/li>\n\n\n\n<li>maj\u0105cych potencja\u0142 do komercjalizacji.<\/li>\n<\/ul>\n\n\n\n<p>2) spopularyzowanie zasad i technik zak\u0142adania, utrzymania oraz efektywnego wykorzystywania ogrod\u00f3w, o jakich mowa w pkt 1), w\u015br\u00f3d os\u00f3b i podmiot\u00f3w aktywnych w regionie w sferze spo\u0142eczno-gospodarczej.<br>Do realizacji wykorzystany zostanie potencja\u0142 (kadra naukowo-dydaktyczna, baza laboratoryjna, area\u0142 &#8211; poletka) Wnioskodawcy.<br><\/p>\n\n\n\n<p><br>Interdyscyplinarne badania przewidziane w projekcie uwzgl\u0119dniaj\u0105 zapotrzebowanie spo\u0142eczne na nowe, atrakcyjne wykorzystanie (spo\u0142eczno-gospodarcze) przydomowych ogrod\u00f3w i area\u0142\u00f3w dawnych ma\u0142oobszarowych gospodarstw rolnych. Badania te uwzgl\u0119dni\u0105 lokaln\u0105 i regionaln\u0105 specyfik\u0119 kulturow\u0105 oraz lokalne i regionalne zasoby spo\u0142eczno-gospodarcze, a tak\u017ce zachodz\u0105ce zmiany klimatyczne.<br>Badania naukowe i dzia\u0142ania edukacyjne b\u0119d\u0105 prowadzone w \u015bcis\u0142ej korelacji z otoczeniem spo\u0142eczno-gospodarczym. Projekt b\u0119dzie weryfikowany zar\u00f3wno podczas realizacji jak i ewaluacji z udzia\u0142em (partycypacj\u0105) czynnik\u00f3w spo\u0142eczno-gospodarczych.<\/p>\n\n\n\n<p>W wyniku realizacji projektu wykonane zostan\u0105 innowacyjne badania naukowe nad introdukcj\u0105 gatunk\u00f3w w innej strefy klimatycznej i wprowadzeniem do uprawy na obszar Pog\u00f3rza Karpackiego wybranych ro\u015blin adaptogennych.<\/p>\n\n\n\n<p><br>Upowszechniona zostanie wiedza na temat:<br>-systemu ekologicznego w uprawie ro\u015blin,<br>-uprawy i wykorzystania zi\u00f3\u0142 o specyficznych, ochronnych, w\u0142a\u015bciwo\u015bciach,<br>-wsp\u00f3\u0142rz\u0119dnej uprawy warzyw i ro\u015blin uprawnych z zio\u0142ami,<br>-najnowszych trend\u00f3w w uprawie ro\u015blin na ma\u0142ych area\u0142ach takich jak m.in.: powr\u00f3t do naturalnego ekosystemu, zak\u0142adanie zagon\u00f3w permakulturowych, wykorzystanie podniesionych rabat,<br>-potencja\u0142u komercjalizacyjnego prowadzonych w ramach projektu bada\u0144 i prac rozwojowych.<\/p>\n\n\n\n<p><\/p>\n\n\n\n<p>Projekt przyczyni si\u0119 do podniesienia jako\u015bci dydaktyki akademickiej i do rozwoju kompetencji kadry naukowo-dydaktycznej. Umo\u017cliwi prowadzenie \u0107wicze\u0144 z towaroznawstwa zielarskiego, projektowania ogrod\u00f3w, ochrony ro\u015blin, a tak\u017ce zaj\u0119\u0107 praktycznych i praktyki produkcyjnej dla student\u00f3w kierunk\u00f3w: Zielarstwo, Produkcja i Bezpiecze\u0144stwo \u017bywno\u015bci oraz In\u017cynieria Jako\u015bci. Studenci b\u0119d\u0105 mieli mo\u017cliwo\u015b\u0107 zaznajomienia si\u0119 z budow\u0105 morfologiczn\u0105 ma\u0142o znanych a popularnych w zio\u0142olecznictwie i aromaterapii gatunk\u00f3w.<\/p>\n\n\n\n<p><\/p>\n\n\n\n<p>Data podpisania umowy: 18.12.2023 r.<\/p>\n\n\n\n<p>Termin realizacji projektu: 18.12.2023 r. &#8211; 18.06.2025 r.<\/p>\n\n\n\n<p>Przyznane \u015brodki: 446\u00a0362,06 z\u0142<\/p>\n\n\n\n<figure class=\"wp-block-image aligncenter size-large\"><img loading=\"lazy\" decoding=\"async\" width=\"724\" height=\"1024\" src=\"https:\/\/pans.krosno.pl\/fundusze-zewnetrzne\/wp-content\/uploads\/sites\/14\/2024\/01\/plakat-prof.-Pisulewska-724x1024.jpg\" alt=\"\" class=\"wp-image-3796\" srcset=\"https:\/\/pans.krosno.pl\/fundusze-zewnetrzne\/wp-content\/uploads\/sites\/14\/2024\/01\/plakat-prof.-Pisulewska-724x1024.jpg 724w, https:\/\/pans.krosno.pl\/fundusze-zewnetrzne\/wp-content\/uploads\/sites\/14\/2024\/01\/plakat-prof.-Pisulewska-212x300.jpg 212w, https:\/\/pans.krosno.pl\/fundusze-zewnetrzne\/wp-content\/uploads\/sites\/14\/2024\/01\/plakat-prof.-Pisulewska-768x1086.jpg 768w, https:\/\/pans.krosno.pl\/fundusze-zewnetrzne\/wp-content\/uploads\/sites\/14\/2024\/01\/plakat-prof.-Pisulewska-1086x1536.jpg 1086w, https:\/\/pans.krosno.pl\/fundusze-zewnetrzne\/wp-content\/uploads\/sites\/14\/2024\/01\/plakat-prof.-Pisulewska-1448x2048.jpg 1448w, https:\/\/pans.krosno.pl\/fundusze-zewnetrzne\/wp-content\/uploads\/sites\/14\/2024\/01\/plakat-prof.-Pisulewska-2000x2828.jpg 2000w, https:\/\/pans.krosno.pl\/fundusze-zewnetrzne\/wp-content\/uploads\/sites\/14\/2024\/01\/plakat-prof.-Pisulewska-800x1131.jpg 800w, https:\/\/pans.krosno.pl\/fundusze-zewnetrzne\/wp-content\/uploads\/sites\/14\/2024\/01\/plakat-prof.-Pisulewska-580x820.jpg 580w, https:\/\/pans.krosno.pl\/fundusze-zewnetrzne\/wp-content\/uploads\/sites\/14\/2024\/01\/plakat-prof.-Pisulewska-scaled.jpg 1810w\" sizes=\"auto, (max-width: 724px) 100vw, 724px\" \/><\/figure>\n","protected":false},"excerpt":{"rendered":"<p>&#8222;Rola ro\u015blin zielarskich i barwierskich w ekologicznym systemie gospodarowania&#8221; Projekt badawczy dofinansowany ze \u015brodk\u00f3w Ministra Edukacji i Nauki w ramach programu podnazw\u0105 \u201eNauka dla Spo\u0142ecze\u0144stwa II\u201d G\u0142\u00f3wnym celem projektu jest budowanie wsp\u00f3\u0142pracy Wnioskodawcy z podmiotami dzia\u0142aj\u0105cymi w sferze spo\u0142eczno-gospodarczej, a tak\u017ce opracowanie i implementacja rozwi\u0105za\u0144 s\u0142u\u017c\u0105cych spo\u0142eczno\u015bci lokalnej i regionalnej.Cel [\u2026] <\/p>\n<div class=\"clear\"><\/div>\n<p><a class=\"more_link clearfix\" href=\"https:\/\/pans.krosno.pl\/fundusze-zewnetrzne\/rola-roslin-zielarskich-i-barwierskich-w-ekologicznym-systemie-gospodarowania\/o-projekcie\/\" rel=\"nofollow\">Read More<\/a><\/p>\n","protected":false},"author":53,"featured_media":0,"parent":3754,"menu_order":0,"comment_status":"closed","ping_status":"closed","template":"","meta":{"ngg_post_thumbnail":0,"footnotes":""},"class_list":["post-3908","page","type-page","status-publish","hentry"],"yoast_head":"<!-- This site is optimized with the Yoast SEO Premium plugin v27.3 (Yoast SEO v27.3) - https:\/\/yoast.com\/product\/yoast-seo-premium-wordpress\/ -->\n<title>O projekcie - Fundusze zewn\u0119trzne PANS w Kro\u015bnie<\/title>\n<meta name=\"robots\" content=\"index, follow, max-snippet:-1, max-image-preview:large, max-video-preview:-1\" \/>\n<link rel=\"canonical\" href=\"https:\/\/pans.krosno.pl\/fundusze-zewnetrzne\/rola-roslin-zielarskich-i-barwierskich-w-ekologicznym-systemie-gospodarowania\/o-projekcie\/\" \/>\n<meta property=\"og:locale\" content=\"pl_PL\" \/>\n<meta property=\"og:type\" content=\"article\" \/>\n<meta property=\"og:title\" content=\"O projekcie\" \/>\n<meta property=\"og:description\" content=\"&#8222;Rola ro\u015blin zielarskich i barwierskich w ekologicznym systemie gospodarowania&#8221; Projekt badawczy dofinansowany ze \u015brodk\u00f3w Ministra Edukacji i Nauki w ramach programu podnazw\u0105 \u201eNauka dla Spo\u0142ecze\u0144stwa II\u201d G\u0142\u00f3wnym celem projektu jest budowanie wsp\u00f3\u0142pracy Wnioskodawcy z podmiotami dzia\u0142aj\u0105cymi w sferze spo\u0142eczno-gospodarczej, a tak\u017ce opracowanie i implementacja rozwi\u0105za\u0144 s\u0142u\u017c\u0105cych spo\u0142eczno\u015bci lokalnej i regionalnej.Cel [\u2026] Read More\" \/>\n<meta property=\"og:url\" content=\"https:\/\/pans.krosno.pl\/fundusze-zewnetrzne\/rola-roslin-zielarskich-i-barwierskich-w-ekologicznym-systemie-gospodarowania\/o-projekcie\/\" \/>\n<meta property=\"og:site_name\" content=\"Fundusze zewn\u0119trzne PANS w Kro\u015bnie\" \/>\n<meta property=\"article:modified_time\" content=\"2025-03-25T08:53:12+00:00\" \/>\n<meta property=\"og:image\" content=\"https:\/\/pans.krosno.pl\/fundusze-zewnetrzne\/wp-content\/uploads\/sites\/14\/2023\/01\/godlo-i-flaga-polski-z-ustawy2-2.jpg\" \/>\n\t<meta property=\"og:image:width\" content=\"700\" \/>\n\t<meta property=\"og:image:height\" content=\"394\" \/>\n\t<meta property=\"og:image:type\" content=\"image\/jpeg\" \/>\n<meta name=\"twitter:card\" content=\"summary_large_image\" \/>\n<meta name=\"twitter:label1\" content=\"Szacowany czas czytania\" \/>\n\t<meta name=\"twitter:data1\" content=\"3 minuty\" \/>\n<script type=\"application\/ld+json\" class=\"yoast-schema-graph\">{\"@context\":\"https:\\\/\\\/schema.org\",\"@graph\":[{\"@type\":\"WebPage\",\"@id\":\"https:\\\/\\\/pans.krosno.pl\\\/fundusze-zewnetrzne\\\/rola-roslin-zielarskich-i-barwierskich-w-ekologicznym-systemie-gospodarowania\\\/o-projekcie\\\/\",\"url\":\"https:\\\/\\\/pans.krosno.pl\\\/fundusze-zewnetrzne\\\/rola-roslin-zielarskich-i-barwierskich-w-ekologicznym-systemie-gospodarowania\\\/o-projekcie\\\/\",\"name\":\"O projekcie - Fundusze zewn\u0119trzne PANS w Kro\u015bnie\",\"isPartOf\":{\"@id\":\"https:\\\/\\\/pans.krosno.pl\\\/fundusze-zewnetrzne\\\/#website\"},\"primaryImageOfPage\":{\"@id\":\"https:\\\/\\\/pans.krosno.pl\\\/fundusze-zewnetrzne\\\/rola-roslin-zielarskich-i-barwierskich-w-ekologicznym-systemie-gospodarowania\\\/o-projekcie\\\/#primaryimage\"},\"image\":{\"@id\":\"https:\\\/\\\/pans.krosno.pl\\\/fundusze-zewnetrzne\\\/rola-roslin-zielarskich-i-barwierskich-w-ekologicznym-systemie-gospodarowania\\\/o-projekcie\\\/#primaryimage\"},\"thumbnailUrl\":\"https:\\\/\\\/pans.krosno.pl\\\/fundusze-zewnetrzne\\\/wp-content\\\/uploads\\\/sites\\\/14\\\/2023\\\/01\\\/godlo-i-flaga-polski-z-ustawy2-2.jpg\",\"datePublished\":\"2024-03-13T10:32:23+00:00\",\"dateModified\":\"2025-03-25T08:53:12+00:00\",\"breadcrumb\":{\"@id\":\"https:\\\/\\\/pans.krosno.pl\\\/fundusze-zewnetrzne\\\/rola-roslin-zielarskich-i-barwierskich-w-ekologicznym-systemie-gospodarowania\\\/o-projekcie\\\/#breadcrumb\"},\"inLanguage\":\"pl-PL\",\"potentialAction\":[{\"@type\":\"ReadAction\",\"target\":[\"https:\\\/\\\/pans.krosno.pl\\\/fundusze-zewnetrzne\\\/rola-roslin-zielarskich-i-barwierskich-w-ekologicznym-systemie-gospodarowania\\\/o-projekcie\\\/\"]}]},{\"@type\":\"ImageObject\",\"inLanguage\":\"pl-PL\",\"@id\":\"https:\\\/\\\/pans.krosno.pl\\\/fundusze-zewnetrzne\\\/rola-roslin-zielarskich-i-barwierskich-w-ekologicznym-systemie-gospodarowania\\\/o-projekcie\\\/#primaryimage\",\"url\":\"https:\\\/\\\/pans.krosno.pl\\\/fundusze-zewnetrzne\\\/wp-content\\\/uploads\\\/sites\\\/14\\\/2023\\\/01\\\/godlo-i-flaga-polski-z-ustawy2-2.jpg\",\"contentUrl\":\"https:\\\/\\\/pans.krosno.pl\\\/fundusze-zewnetrzne\\\/wp-content\\\/uploads\\\/sites\\\/14\\\/2023\\\/01\\\/godlo-i-flaga-polski-z-ustawy2-2.jpg\",\"width\":700,\"height\":394},{\"@type\":\"BreadcrumbList\",\"@id\":\"https:\\\/\\\/pans.krosno.pl\\\/fundusze-zewnetrzne\\\/rola-roslin-zielarskich-i-barwierskich-w-ekologicznym-systemie-gospodarowania\\\/o-projekcie\\\/#breadcrumb\",\"itemListElement\":[{\"@type\":\"ListItem\",\"position\":1,\"name\":\"Strona g\u0142\u00f3wna\",\"item\":\"https:\\\/\\\/pans.krosno.pl\\\/fundusze-zewnetrzne\\\/\"},{\"@type\":\"ListItem\",\"position\":2,\"name\":\"&#8222;Rola ro\u015blin zielarskich i barwierskich w ekologicznym systemie gospodarowania&#8221;\",\"item\":\"https:\\\/\\\/pans.krosno.pl\\\/fundusze-zewnetrzne\\\/rola-roslin-zielarskich-i-barwierskich-w-ekologicznym-systemie-gospodarowania\\\/\"},{\"@type\":\"ListItem\",\"position\":3,\"name\":\"O projekcie\"}]},{\"@type\":\"WebSite\",\"@id\":\"https:\\\/\\\/pans.krosno.pl\\\/fundusze-zewnetrzne\\\/#website\",\"url\":\"https:\\\/\\\/pans.krosno.pl\\\/fundusze-zewnetrzne\\\/\",\"name\":\"Fundusze zewn\u0119trzne PANS w Kro\u015bnie\",\"description\":\"Fundusze zewn\u0119trzne  - Pa\u0144stwowa Akademia Nauk Stosowanych\",\"publisher\":{\"@id\":\"https:\\\/\\\/pans.krosno.pl\\\/fundusze-zewnetrzne\\\/#organization\"},\"potentialAction\":[{\"@type\":\"SearchAction\",\"target\":{\"@type\":\"EntryPoint\",\"urlTemplate\":\"https:\\\/\\\/pans.krosno.pl\\\/fundusze-zewnetrzne\\\/?s={search_term_string}\"},\"query-input\":{\"@type\":\"PropertyValueSpecification\",\"valueRequired\":true,\"valueName\":\"search_term_string\"}}],\"inLanguage\":\"pl-PL\"},{\"@type\":\"Organization\",\"@id\":\"https:\\\/\\\/pans.krosno.pl\\\/fundusze-zewnetrzne\\\/#organization\",\"name\":\"Fundusze zewn\u0119trzne PANS w Kro\u015bnie\",\"url\":\"https:\\\/\\\/pans.krosno.pl\\\/fundusze-zewnetrzne\\\/\",\"logo\":{\"@type\":\"ImageObject\",\"inLanguage\":\"pl-PL\",\"@id\":\"https:\\\/\\\/pans.krosno.pl\\\/fundusze-zewnetrzne\\\/#\\\/schema\\\/logo\\\/image\\\/\",\"url\":\"https:\\\/\\\/pans.krosno.pl\\\/fundusze-zewnetrzne\\\/wp-content\\\/uploads\\\/sites\\\/14\\\/2023\\\/01\\\/Logo-PANS-2022-pelne.png\",\"contentUrl\":\"https:\\\/\\\/pans.krosno.pl\\\/fundusze-zewnetrzne\\\/wp-content\\\/uploads\\\/sites\\\/14\\\/2023\\\/01\\\/Logo-PANS-2022-pelne.png\",\"width\":3096,\"height\":696,\"caption\":\"Fundusze zewn\u0119trzne PANS w Kro\u015bnie\"},\"image\":{\"@id\":\"https:\\\/\\\/pans.krosno.pl\\\/fundusze-zewnetrzne\\\/#\\\/schema\\\/logo\\\/image\\\/\"}}]}<\/script>\n<!-- \/ Yoast SEO Premium plugin. -->","yoast_head_json":{"title":"O projekcie - Fundusze zewn\u0119trzne PANS w Kro\u015bnie","robots":{"index":"index","follow":"follow","max-snippet":"max-snippet:-1","max-image-preview":"max-image-preview:large","max-video-preview":"max-video-preview:-1"},"canonical":"https:\/\/pans.krosno.pl\/fundusze-zewnetrzne\/rola-roslin-zielarskich-i-barwierskich-w-ekologicznym-systemie-gospodarowania\/o-projekcie\/","og_locale":"pl_PL","og_type":"article","og_title":"O projekcie","og_description":"&#8222;Rola ro\u015blin zielarskich i barwierskich w ekologicznym systemie gospodarowania&#8221; Projekt badawczy dofinansowany ze \u015brodk\u00f3w Ministra Edukacji i Nauki w ramach programu podnazw\u0105 \u201eNauka dla Spo\u0142ecze\u0144stwa II\u201d G\u0142\u00f3wnym celem projektu jest budowanie wsp\u00f3\u0142pracy Wnioskodawcy z podmiotami dzia\u0142aj\u0105cymi w sferze spo\u0142eczno-gospodarczej, a tak\u017ce opracowanie i implementacja rozwi\u0105za\u0144 s\u0142u\u017c\u0105cych spo\u0142eczno\u015bci lokalnej i regionalnej.Cel [\u2026] Read More","og_url":"https:\/\/pans.krosno.pl\/fundusze-zewnetrzne\/rola-roslin-zielarskich-i-barwierskich-w-ekologicznym-systemie-gospodarowania\/o-projekcie\/","og_site_name":"Fundusze zewn\u0119trzne PANS w Kro\u015bnie","article_modified_time":"2025-03-25T08:53:12+00:00","og_image":[{"width":700,"height":394,"url":"https:\/\/pans.krosno.pl\/fundusze-zewnetrzne\/wp-content\/uploads\/sites\/14\/2023\/01\/godlo-i-flaga-polski-z-ustawy2-2.jpg","type":"image\/jpeg"}],"twitter_card":"summary_large_image","twitter_misc":{"Szacowany czas czytania":"3 minuty"},"schema":{"@context":"https:\/\/schema.org","@graph":[{"@type":"WebPage","@id":"https:\/\/pans.krosno.pl\/fundusze-zewnetrzne\/rola-roslin-zielarskich-i-barwierskich-w-ekologicznym-systemie-gospodarowania\/o-projekcie\/","url":"https:\/\/pans.krosno.pl\/fundusze-zewnetrzne\/rola-roslin-zielarskich-i-barwierskich-w-ekologicznym-systemie-gospodarowania\/o-projekcie\/","name":"O projekcie - Fundusze zewn\u0119trzne PANS w Kro\u015bnie","isPartOf":{"@id":"https:\/\/pans.krosno.pl\/fundusze-zewnetrzne\/#website"},"primaryImageOfPage":{"@id":"https:\/\/pans.krosno.pl\/fundusze-zewnetrzne\/rola-roslin-zielarskich-i-barwierskich-w-ekologicznym-systemie-gospodarowania\/o-projekcie\/#primaryimage"},"image":{"@id":"https:\/\/pans.krosno.pl\/fundusze-zewnetrzne\/rola-roslin-zielarskich-i-barwierskich-w-ekologicznym-systemie-gospodarowania\/o-projekcie\/#primaryimage"},"thumbnailUrl":"https:\/\/pans.krosno.pl\/fundusze-zewnetrzne\/wp-content\/uploads\/sites\/14\/2023\/01\/godlo-i-flaga-polski-z-ustawy2-2.jpg","datePublished":"2024-03-13T10:32:23+00:00","dateModified":"2025-03-25T08:53:12+00:00","breadcrumb":{"@id":"https:\/\/pans.krosno.pl\/fundusze-zewnetrzne\/rola-roslin-zielarskich-i-barwierskich-w-ekologicznym-systemie-gospodarowania\/o-projekcie\/#breadcrumb"},"inLanguage":"pl-PL","potentialAction":[{"@type":"ReadAction","target":["https:\/\/pans.krosno.pl\/fundusze-zewnetrzne\/rola-roslin-zielarskich-i-barwierskich-w-ekologicznym-systemie-gospodarowania\/o-projekcie\/"]}]},{"@type":"ImageObject","inLanguage":"pl-PL","@id":"https:\/\/pans.krosno.pl\/fundusze-zewnetrzne\/rola-roslin-zielarskich-i-barwierskich-w-ekologicznym-systemie-gospodarowania\/o-projekcie\/#primaryimage","url":"https:\/\/pans.krosno.pl\/fundusze-zewnetrzne\/wp-content\/uploads\/sites\/14\/2023\/01\/godlo-i-flaga-polski-z-ustawy2-2.jpg","contentUrl":"https:\/\/pans.krosno.pl\/fundusze-zewnetrzne\/wp-content\/uploads\/sites\/14\/2023\/01\/godlo-i-flaga-polski-z-ustawy2-2.jpg","width":700,"height":394},{"@type":"BreadcrumbList","@id":"https:\/\/pans.krosno.pl\/fundusze-zewnetrzne\/rola-roslin-zielarskich-i-barwierskich-w-ekologicznym-systemie-gospodarowania\/o-projekcie\/#breadcrumb","itemListElement":[{"@type":"ListItem","position":1,"name":"Strona g\u0142\u00f3wna","item":"https:\/\/pans.krosno.pl\/fundusze-zewnetrzne\/"},{"@type":"ListItem","position":2,"name":"&#8222;Rola ro\u015blin zielarskich i barwierskich w ekologicznym systemie gospodarowania&#8221;","item":"https:\/\/pans.krosno.pl\/fundusze-zewnetrzne\/rola-roslin-zielarskich-i-barwierskich-w-ekologicznym-systemie-gospodarowania\/"},{"@type":"ListItem","position":3,"name":"O projekcie"}]},{"@type":"WebSite","@id":"https:\/\/pans.krosno.pl\/fundusze-zewnetrzne\/#website","url":"https:\/\/pans.krosno.pl\/fundusze-zewnetrzne\/","name":"Fundusze zewn\u0119trzne PANS w Kro\u015bnie","description":"Fundusze zewn\u0119trzne  - Pa\u0144stwowa Akademia Nauk Stosowanych","publisher":{"@id":"https:\/\/pans.krosno.pl\/fundusze-zewnetrzne\/#organization"},"potentialAction":[{"@type":"SearchAction","target":{"@type":"EntryPoint","urlTemplate":"https:\/\/pans.krosno.pl\/fundusze-zewnetrzne\/?s={search_term_string}"},"query-input":{"@type":"PropertyValueSpecification","valueRequired":true,"valueName":"search_term_string"}}],"inLanguage":"pl-PL"},{"@type":"Organization","@id":"https:\/\/pans.krosno.pl\/fundusze-zewnetrzne\/#organization","name":"Fundusze zewn\u0119trzne PANS w Kro\u015bnie","url":"https:\/\/pans.krosno.pl\/fundusze-zewnetrzne\/","logo":{"@type":"ImageObject","inLanguage":"pl-PL","@id":"https:\/\/pans.krosno.pl\/fundusze-zewnetrzne\/#\/schema\/logo\/image\/","url":"https:\/\/pans.krosno.pl\/fundusze-zewnetrzne\/wp-content\/uploads\/sites\/14\/2023\/01\/Logo-PANS-2022-pelne.png","contentUrl":"https:\/\/pans.krosno.pl\/fundusze-zewnetrzne\/wp-content\/uploads\/sites\/14\/2023\/01\/Logo-PANS-2022-pelne.png","width":3096,"height":696,"caption":"Fundusze zewn\u0119trzne PANS w Kro\u015bnie"},"image":{"@id":"https:\/\/pans.krosno.pl\/fundusze-zewnetrzne\/#\/schema\/logo\/image\/"}}]}},"_links":{"self":[{"href":"https:\/\/pans.krosno.pl\/fundusze-zewnetrzne\/wp-json\/wp\/v2\/pages\/3908","targetHints":{"allow":["GET"]}}],"collection":[{"href":"https:\/\/pans.krosno.pl\/fundusze-zewnetrzne\/wp-json\/wp\/v2\/pages"}],"about":[{"href":"https:\/\/pans.krosno.pl\/fundusze-zewnetrzne\/wp-json\/wp\/v2\/types\/page"}],"author":[{"embeddable":true,"href":"https:\/\/pans.krosno.pl\/fundusze-zewnetrzne\/wp-json\/wp\/v2\/users\/53"}],"replies":[{"embeddable":true,"href":"https:\/\/pans.krosno.pl\/fundusze-zewnetrzne\/wp-json\/wp\/v2\/comments?post=3908"}],"version-history":[{"count":2,"href":"https:\/\/pans.krosno.pl\/fundusze-zewnetrzne\/wp-json\/wp\/v2\/pages\/3908\/revisions"}],"predecessor-version":[{"id":3924,"href":"https:\/\/pans.krosno.pl\/fundusze-zewnetrzne\/wp-json\/wp\/v2\/pages\/3908\/revisions\/3924"}],"up":[{"embeddable":true,"href":"https:\/\/pans.krosno.pl\/fundusze-zewnetrzne\/wp-json\/wp\/v2\/pages\/3754"}],"wp:attachment":[{"href":"https:\/\/pans.krosno.pl\/fundusze-zewnetrzne\/wp-json\/wp\/v2\/media?parent=3908"}],"curies":[{"name":"wp","href":"https:\/\/api.w.org\/{rel}","templated":true}]}}