{"id":3894,"date":"2024-03-07T12:38:48","date_gmt":"2024-03-07T11:38:48","guid":{"rendered":"https:\/\/pans.krosno.pl\/fundusze-zewnetrzne\/?page_id=3894"},"modified":"2024-03-13T11:35:49","modified_gmt":"2024-03-13T10:35:49","slug":"komitet-organizacyjny-konferencji-miejsca-i-nie-miejsca-edukacji","status":"publish","type":"page","link":"https:\/\/pans.krosno.pl\/fundusze-zewnetrzne\/miejsca-i-nie-miejsca-edukacji\/komitet-organizacyjny-konferencji-miejsca-i-nie-miejsca-edukacji\/","title":{"rendered":"Komitet organizacyjny konferencji &#8222;Miejsca i nie-miejsca edukacji&#8221;"},"content":{"rendered":"\n<hr class=\"wp-block-separator has-alpha-channel-opacity\" \/>\n\n\n\n<p>prof. dr hab. Kazimierz Szmyd \u2013 przewodnicz\u0105cy komitetu organizacyjnego konferencji<\/p>\n\n\n\n<p>dr Barbara Lulek &#8211; zast\u0119pca przewodnicz\u0105cego<\/p>\n\n\n\n<p>mgr Szymon Uliasz \u2013 sekretarz konferencji<\/p>\n\n\n\n<p>dr Janusz Boczar<\/p>\n\n\n\n<p>dr Adam Przybysz<\/p>\n\n\n\n<p>dr Beata Piechota<\/p>\n\n\n\n<p>dr Ma\u0142gorzata W\u00f3jcik<\/p>\n\n\n\n<p>mgr Magdalena Gole\u0144<\/p>\n\n\n\n<p>mgr Julita Kara\u015b- Klimek<\/p>\n\n\n\n<hr class=\"wp-block-separator has-alpha-channel-opacity\" \/>\n","protected":false},"excerpt":{"rendered":"<p>prof. dr hab. Kazimierz Szmyd \u2013 przewodnicz\u0105cy komitetu organizacyjnego konferencji dr Barbara Lulek &#8211; zast\u0119pca przewodnicz\u0105cego mgr Szymon Uliasz \u2013 sekretarz konferencji dr Janusz Boczar dr Adam Przybysz dr Beata Piechota dr Ma\u0142gorzata W\u00f3jcik mgr Magdalena Gole\u0144 mgr Julita Kara\u015b- Klimek<\/p>\n","protected":false},"author":53,"featured_media":0,"parent":3748,"menu_order":0,"comment_status":"closed","ping_status":"closed","template":"","meta":{"ngg_post_thumbnail":0,"footnotes":""},"class_list":["post-3894","page","type-page","status-publish","hentry"],"yoast_head":"<!-- This site is optimized with the Yoast SEO Premium plugin v27.3 (Yoast SEO v27.3) - https:\/\/yoast.com\/product\/yoast-seo-premium-wordpress\/ -->\n<title>Komitet organizacyjny konferencji &quot;Miejsca i nie-miejsca edukacji&quot; - Fundusze zewn\u0119trzne PANS w Kro\u015bnie<\/title>\n<meta name=\"robots\" content=\"index, follow, max-snippet:-1, max-image-preview:large, max-video-preview:-1\" \/>\n<link rel=\"canonical\" href=\"https:\/\/pans.krosno.pl\/fundusze-zewnetrzne\/miejsca-i-nie-miejsca-edukacji\/komitet-organizacyjny-konferencji-miejsca-i-nie-miejsca-edukacji\/\" \/>\n<meta property=\"og:locale\" content=\"pl_PL\" \/>\n<meta property=\"og:type\" content=\"article\" \/>\n<meta property=\"og:title\" content=\"Komitet organizacyjny konferencji &quot;Miejsca i nie-miejsca edukacji&quot;\" \/>\n<meta property=\"og:description\" content=\"prof. dr hab. Kazimierz Szmyd \u2013 przewodnicz\u0105cy komitetu organizacyjnego konferencji dr Barbara Lulek &#8211; zast\u0119pca przewodnicz\u0105cego mgr Szymon Uliasz \u2013 sekretarz konferencji dr Janusz Boczar dr Adam Przybysz dr Beata Piechota dr Ma\u0142gorzata W\u00f3jcik mgr Magdalena Gole\u0144 mgr Julita Kara\u015b- Klimek\" \/>\n<meta property=\"og:url\" content=\"https:\/\/pans.krosno.pl\/fundusze-zewnetrzne\/miejsca-i-nie-miejsca-edukacji\/komitet-organizacyjny-konferencji-miejsca-i-nie-miejsca-edukacji\/\" \/>\n<meta property=\"og:site_name\" content=\"Fundusze zewn\u0119trzne PANS w Kro\u015bnie\" \/>\n<meta property=\"article:modified_time\" content=\"2024-03-13T10:35:49+00:00\" \/>\n<meta name=\"twitter:card\" content=\"summary_large_image\" \/>\n<meta name=\"twitter:label1\" content=\"Szacowany czas czytania\" \/>\n\t<meta name=\"twitter:data1\" content=\"1 minuta\" \/>\n<script type=\"application\/ld+json\" class=\"yoast-schema-graph\">{\"@context\":\"https:\\\/\\\/schema.org\",\"@graph\":[{\"@type\":\"WebPage\",\"@id\":\"https:\\\/\\\/pans.krosno.pl\\\/fundusze-zewnetrzne\\\/miejsca-i-nie-miejsca-edukacji\\\/komitet-organizacyjny-konferencji-miejsca-i-nie-miejsca-edukacji\\\/\",\"url\":\"https:\\\/\\\/pans.krosno.pl\\\/fundusze-zewnetrzne\\\/miejsca-i-nie-miejsca-edukacji\\\/komitet-organizacyjny-konferencji-miejsca-i-nie-miejsca-edukacji\\\/\",\"name\":\"Komitet organizacyjny konferencji \\\"Miejsca i nie-miejsca edukacji\\\" - Fundusze zewn\u0119trzne PANS w Kro\u015bnie\",\"isPartOf\":{\"@id\":\"https:\\\/\\\/pans.krosno.pl\\\/fundusze-zewnetrzne\\\/#website\"},\"datePublished\":\"2024-03-07T11:38:48+00:00\",\"dateModified\":\"2024-03-13T10:35:49+00:00\",\"breadcrumb\":{\"@id\":\"https:\\\/\\\/pans.krosno.pl\\\/fundusze-zewnetrzne\\\/miejsca-i-nie-miejsca-edukacji\\\/komitet-organizacyjny-konferencji-miejsca-i-nie-miejsca-edukacji\\\/#breadcrumb\"},\"inLanguage\":\"pl-PL\",\"potentialAction\":[{\"@type\":\"ReadAction\",\"target\":[\"https:\\\/\\\/pans.krosno.pl\\\/fundusze-zewnetrzne\\\/miejsca-i-nie-miejsca-edukacji\\\/komitet-organizacyjny-konferencji-miejsca-i-nie-miejsca-edukacji\\\/\"]}]},{\"@type\":\"BreadcrumbList\",\"@id\":\"https:\\\/\\\/pans.krosno.pl\\\/fundusze-zewnetrzne\\\/miejsca-i-nie-miejsca-edukacji\\\/komitet-organizacyjny-konferencji-miejsca-i-nie-miejsca-edukacji\\\/#breadcrumb\",\"itemListElement\":[{\"@type\":\"ListItem\",\"position\":1,\"name\":\"Strona g\u0142\u00f3wna\",\"item\":\"https:\\\/\\\/pans.krosno.pl\\\/fundusze-zewnetrzne\\\/\"},{\"@type\":\"ListItem\",\"position\":2,\"name\":\"\u201eMiejsca i nie-miejsca edukacji\u201d\",\"item\":\"https:\\\/\\\/pans.krosno.pl\\\/fundusze-zewnetrzne\\\/miejsca-i-nie-miejsca-edukacji\\\/\"},{\"@type\":\"ListItem\",\"position\":3,\"name\":\"Komitet organizacyjny konferencji &#8222;Miejsca i nie-miejsca edukacji&#8221;\"}]},{\"@type\":\"WebSite\",\"@id\":\"https:\\\/\\\/pans.krosno.pl\\\/fundusze-zewnetrzne\\\/#website\",\"url\":\"https:\\\/\\\/pans.krosno.pl\\\/fundusze-zewnetrzne\\\/\",\"name\":\"Fundusze zewn\u0119trzne PANS w Kro\u015bnie\",\"description\":\"Fundusze zewn\u0119trzne  - Pa\u0144stwowa Akademia Nauk Stosowanych\",\"publisher\":{\"@id\":\"https:\\\/\\\/pans.krosno.pl\\\/fundusze-zewnetrzne\\\/#organization\"},\"potentialAction\":[{\"@type\":\"SearchAction\",\"target\":{\"@type\":\"EntryPoint\",\"urlTemplate\":\"https:\\\/\\\/pans.krosno.pl\\\/fundusze-zewnetrzne\\\/?s={search_term_string}\"},\"query-input\":{\"@type\":\"PropertyValueSpecification\",\"valueRequired\":true,\"valueName\":\"search_term_string\"}}],\"inLanguage\":\"pl-PL\"},{\"@type\":\"Organization\",\"@id\":\"https:\\\/\\\/pans.krosno.pl\\\/fundusze-zewnetrzne\\\/#organization\",\"name\":\"Fundusze zewn\u0119trzne PANS w Kro\u015bnie\",\"url\":\"https:\\\/\\\/pans.krosno.pl\\\/fundusze-zewnetrzne\\\/\",\"logo\":{\"@type\":\"ImageObject\",\"inLanguage\":\"pl-PL\",\"@id\":\"https:\\\/\\\/pans.krosno.pl\\\/fundusze-zewnetrzne\\\/#\\\/schema\\\/logo\\\/image\\\/\",\"url\":\"https:\\\/\\\/pans.krosno.pl\\\/fundusze-zewnetrzne\\\/wp-content\\\/uploads\\\/sites\\\/14\\\/2023\\\/01\\\/Logo-PANS-2022-pelne.png\",\"contentUrl\":\"https:\\\/\\\/pans.krosno.pl\\\/fundusze-zewnetrzne\\\/wp-content\\\/uploads\\\/sites\\\/14\\\/2023\\\/01\\\/Logo-PANS-2022-pelne.png\",\"width\":3096,\"height\":696,\"caption\":\"Fundusze zewn\u0119trzne PANS w Kro\u015bnie\"},\"image\":{\"@id\":\"https:\\\/\\\/pans.krosno.pl\\\/fundusze-zewnetrzne\\\/#\\\/schema\\\/logo\\\/image\\\/\"}}]}<\/script>\n<!-- \/ Yoast SEO Premium plugin. -->","yoast_head_json":{"title":"Komitet organizacyjny konferencji \"Miejsca i nie-miejsca edukacji\" - Fundusze zewn\u0119trzne PANS w Kro\u015bnie","robots":{"index":"index","follow":"follow","max-snippet":"max-snippet:-1","max-image-preview":"max-image-preview:large","max-video-preview":"max-video-preview:-1"},"canonical":"https:\/\/pans.krosno.pl\/fundusze-zewnetrzne\/miejsca-i-nie-miejsca-edukacji\/komitet-organizacyjny-konferencji-miejsca-i-nie-miejsca-edukacji\/","og_locale":"pl_PL","og_type":"article","og_title":"Komitet organizacyjny konferencji \"Miejsca i nie-miejsca edukacji\"","og_description":"prof. dr hab. Kazimierz Szmyd \u2013 przewodnicz\u0105cy komitetu organizacyjnego konferencji dr Barbara Lulek &#8211; zast\u0119pca przewodnicz\u0105cego mgr Szymon Uliasz \u2013 sekretarz konferencji dr Janusz Boczar dr Adam Przybysz dr Beata Piechota dr Ma\u0142gorzata W\u00f3jcik mgr Magdalena Gole\u0144 mgr Julita Kara\u015b- Klimek","og_url":"https:\/\/pans.krosno.pl\/fundusze-zewnetrzne\/miejsca-i-nie-miejsca-edukacji\/komitet-organizacyjny-konferencji-miejsca-i-nie-miejsca-edukacji\/","og_site_name":"Fundusze zewn\u0119trzne PANS w Kro\u015bnie","article_modified_time":"2024-03-13T10:35:49+00:00","twitter_card":"summary_large_image","twitter_misc":{"Szacowany czas czytania":"1 minuta"},"schema":{"@context":"https:\/\/schema.org","@graph":[{"@type":"WebPage","@id":"https:\/\/pans.krosno.pl\/fundusze-zewnetrzne\/miejsca-i-nie-miejsca-edukacji\/komitet-organizacyjny-konferencji-miejsca-i-nie-miejsca-edukacji\/","url":"https:\/\/pans.krosno.pl\/fundusze-zewnetrzne\/miejsca-i-nie-miejsca-edukacji\/komitet-organizacyjny-konferencji-miejsca-i-nie-miejsca-edukacji\/","name":"Komitet organizacyjny konferencji \"Miejsca i nie-miejsca edukacji\" - Fundusze zewn\u0119trzne PANS w Kro\u015bnie","isPartOf":{"@id":"https:\/\/pans.krosno.pl\/fundusze-zewnetrzne\/#website"},"datePublished":"2024-03-07T11:38:48+00:00","dateModified":"2024-03-13T10:35:49+00:00","breadcrumb":{"@id":"https:\/\/pans.krosno.pl\/fundusze-zewnetrzne\/miejsca-i-nie-miejsca-edukacji\/komitet-organizacyjny-konferencji-miejsca-i-nie-miejsca-edukacji\/#breadcrumb"},"inLanguage":"pl-PL","potentialAction":[{"@type":"ReadAction","target":["https:\/\/pans.krosno.pl\/fundusze-zewnetrzne\/miejsca-i-nie-miejsca-edukacji\/komitet-organizacyjny-konferencji-miejsca-i-nie-miejsca-edukacji\/"]}]},{"@type":"BreadcrumbList","@id":"https:\/\/pans.krosno.pl\/fundusze-zewnetrzne\/miejsca-i-nie-miejsca-edukacji\/komitet-organizacyjny-konferencji-miejsca-i-nie-miejsca-edukacji\/#breadcrumb","itemListElement":[{"@type":"ListItem","position":1,"name":"Strona g\u0142\u00f3wna","item":"https:\/\/pans.krosno.pl\/fundusze-zewnetrzne\/"},{"@type":"ListItem","position":2,"name":"\u201eMiejsca i nie-miejsca edukacji\u201d","item":"https:\/\/pans.krosno.pl\/fundusze-zewnetrzne\/miejsca-i-nie-miejsca-edukacji\/"},{"@type":"ListItem","position":3,"name":"Komitet organizacyjny konferencji &#8222;Miejsca i nie-miejsca edukacji&#8221;"}]},{"@type":"WebSite","@id":"https:\/\/pans.krosno.pl\/fundusze-zewnetrzne\/#website","url":"https:\/\/pans.krosno.pl\/fundusze-zewnetrzne\/","name":"Fundusze zewn\u0119trzne PANS w Kro\u015bnie","description":"Fundusze zewn\u0119trzne  - Pa\u0144stwowa Akademia Nauk Stosowanych","publisher":{"@id":"https:\/\/pans.krosno.pl\/fundusze-zewnetrzne\/#organization"},"potentialAction":[{"@type":"SearchAction","target":{"@type":"EntryPoint","urlTemplate":"https:\/\/pans.krosno.pl\/fundusze-zewnetrzne\/?s={search_term_string}"},"query-input":{"@type":"PropertyValueSpecification","valueRequired":true,"valueName":"search_term_string"}}],"inLanguage":"pl-PL"},{"@type":"Organization","@id":"https:\/\/pans.krosno.pl\/fundusze-zewnetrzne\/#organization","name":"Fundusze zewn\u0119trzne PANS w Kro\u015bnie","url":"https:\/\/pans.krosno.pl\/fundusze-zewnetrzne\/","logo":{"@type":"ImageObject","inLanguage":"pl-PL","@id":"https:\/\/pans.krosno.pl\/fundusze-zewnetrzne\/#\/schema\/logo\/image\/","url":"https:\/\/pans.krosno.pl\/fundusze-zewnetrzne\/wp-content\/uploads\/sites\/14\/2023\/01\/Logo-PANS-2022-pelne.png","contentUrl":"https:\/\/pans.krosno.pl\/fundusze-zewnetrzne\/wp-content\/uploads\/sites\/14\/2023\/01\/Logo-PANS-2022-pelne.png","width":3096,"height":696,"caption":"Fundusze zewn\u0119trzne PANS w Kro\u015bnie"},"image":{"@id":"https:\/\/pans.krosno.pl\/fundusze-zewnetrzne\/#\/schema\/logo\/image\/"}}]}},"_links":{"self":[{"href":"https:\/\/pans.krosno.pl\/fundusze-zewnetrzne\/wp-json\/wp\/v2\/pages\/3894","targetHints":{"allow":["GET"]}}],"collection":[{"href":"https:\/\/pans.krosno.pl\/fundusze-zewnetrzne\/wp-json\/wp\/v2\/pages"}],"about":[{"href":"https:\/\/pans.krosno.pl\/fundusze-zewnetrzne\/wp-json\/wp\/v2\/types\/page"}],"author":[{"embeddable":true,"href":"https:\/\/pans.krosno.pl\/fundusze-zewnetrzne\/wp-json\/wp\/v2\/users\/53"}],"replies":[{"embeddable":true,"href":"https:\/\/pans.krosno.pl\/fundusze-zewnetrzne\/wp-json\/wp\/v2\/comments?post=3894"}],"version-history":[{"count":2,"href":"https:\/\/pans.krosno.pl\/fundusze-zewnetrzne\/wp-json\/wp\/v2\/pages\/3894\/revisions"}],"predecessor-version":[{"id":3898,"href":"https:\/\/pans.krosno.pl\/fundusze-zewnetrzne\/wp-json\/wp\/v2\/pages\/3894\/revisions\/3898"}],"up":[{"embeddable":true,"href":"https:\/\/pans.krosno.pl\/fundusze-zewnetrzne\/wp-json\/wp\/v2\/pages\/3748"}],"wp:attachment":[{"href":"https:\/\/pans.krosno.pl\/fundusze-zewnetrzne\/wp-json\/wp\/v2\/media?parent=3894"}],"curies":[{"name":"wp","href":"https:\/\/api.w.org\/{rel}","templated":true}]}}