{"id":3863,"date":"2024-03-01T15:11:28","date_gmt":"2024-03-01T14:11:28","guid":{"rendered":"https:\/\/pans.krosno.pl\/fundusze-zewnetrzne\/?page_id=3863"},"modified":"2024-05-06T13:26:50","modified_gmt":"2024-05-06T11:26:50","slug":"rejestracja","status":"publish","type":"page","link":"https:\/\/pans.krosno.pl\/fundusze-zewnetrzne\/miejsca-i-nie-miejsca-edukacji\/rejestracja\/","title":{"rendered":"Rejestracja"},"content":{"rendered":"\n<p><strong>Rejestracja do udzia\u0142u w konferencji trwa do 10.05.2024 r.<\/strong><\/p>\n\n\n\n<p>Udzia\u0142 w konferencji jest bezp\u0142atny. <\/p>\n\n\n\n<hr class=\"wp-block-separator has-alpha-channel-opacity\" \/>\n\n\n\n<p><strong>Poni\u017cej zamieszczamy link do formularza rejestracyjnego:<\/strong><\/p>\n\n\n\n<p><a href=\"https:\/\/ankiety.pans.krosno.pl\/index.php?r=survey\/index&amp;sid=824162&amp;newtest=Y&amp;lang=pl\">https:\/\/ankiety.pans.krosno.pl\/index.php?r=survey\/index&amp;sid=824162&amp;newtest=Y&amp;lang=pl<\/a><\/p>\n\n\n\n<p>Po w\u0142a\u015bciwym wype\u0142nieniu i przes\u0142aniu formularza rejestracyjnego otrzymaj\u0105 Pa\u0144stwo potwierdzenie na adres mailowy wskazany w formularzu elektronicznym.<\/p>\n\n\n\n<hr class=\"wp-block-separator has-alpha-channel-opacity\" \/>\n\n\n\n<p><strong><u>Wa\u017cne terminy<\/u><\/strong>:<\/p>\n\n\n\n<p>10.05.2024 \u2013 zg\u0142oszenie udzia\u0142u w konferencji i nadsy\u0142anie temat\u00f3w oraz abstrakt\u00f3w konferencji.<\/p>\n\n\n\n<p>24.05.2024 \u2013 przes\u0142anie Uczestnikom programu konferencji.<\/p>\n","protected":false},"excerpt":{"rendered":"<p>Rejestracja do udzia\u0142u w konferencji trwa do 10.05.2024 r. Udzia\u0142 w konferencji jest bezp\u0142atny. Poni\u017cej zamieszczamy link do formularza rejestracyjnego: https:\/\/ankiety.pans.krosno.pl\/index.php?r=survey\/index&amp;sid=824162&amp;newtest=Y&amp;lang=pl Po w\u0142a\u015bciwym wype\u0142nieniu i przes\u0142aniu formularza rejestracyjnego otrzymaj\u0105 Pa\u0144stwo potwierdzenie na adres mailowy wskazany w formularzu elektronicznym. Wa\u017cne terminy: 10.05.2024 \u2013 zg\u0142oszenie udzia\u0142u w konferencji i nadsy\u0142anie temat\u00f3w oraz [\u2026] <\/p>\n<div class=\"clear\"><\/div>\n<p><a class=\"more_link clearfix\" href=\"https:\/\/pans.krosno.pl\/fundusze-zewnetrzne\/miejsca-i-nie-miejsca-edukacji\/rejestracja\/\" rel=\"nofollow\">Read More<\/a><\/p>\n","protected":false},"author":53,"featured_media":0,"parent":3748,"menu_order":0,"comment_status":"closed","ping_status":"closed","template":"","meta":{"ngg_post_thumbnail":0,"footnotes":""},"class_list":["post-3863","page","type-page","status-publish","hentry"],"yoast_head":"<!-- This site is optimized with the Yoast SEO Premium plugin v27.4 (Yoast SEO v27.4) - https:\/\/yoast.com\/product\/yoast-seo-premium-wordpress\/ -->\n<title>Rejestracja - Fundusze zewn\u0119trzne PANS w Kro\u015bnie<\/title>\n<meta name=\"robots\" content=\"index, follow, max-snippet:-1, max-image-preview:large, max-video-preview:-1\" \/>\n<link rel=\"canonical\" href=\"https:\/\/pans.krosno.pl\/fundusze-zewnetrzne\/miejsca-i-nie-miejsca-edukacji\/rejestracja\/\" \/>\n<meta property=\"og:locale\" content=\"pl_PL\" \/>\n<meta property=\"og:type\" content=\"article\" \/>\n<meta property=\"og:title\" content=\"Rejestracja\" \/>\n<meta property=\"og:description\" content=\"Rejestracja do udzia\u0142u w konferencji trwa do 10.05.2024 r. Udzia\u0142 w konferencji jest bezp\u0142atny. Poni\u017cej zamieszczamy link do formularza rejestracyjnego: https:\/\/ankiety.pans.krosno.pl\/index.php?r=survey\/index&amp;sid=824162&amp;newtest=Y&amp;lang=pl Po w\u0142a\u015bciwym wype\u0142nieniu i przes\u0142aniu formularza rejestracyjnego otrzymaj\u0105 Pa\u0144stwo potwierdzenie na adres mailowy wskazany w formularzu elektronicznym. Wa\u017cne terminy: 10.05.2024 \u2013 zg\u0142oszenie udzia\u0142u w konferencji i nadsy\u0142anie temat\u00f3w oraz [\u2026] Read More\" \/>\n<meta property=\"og:url\" content=\"https:\/\/pans.krosno.pl\/fundusze-zewnetrzne\/miejsca-i-nie-miejsca-edukacji\/rejestracja\/\" \/>\n<meta property=\"og:site_name\" content=\"Fundusze zewn\u0119trzne PANS w Kro\u015bnie\" \/>\n<meta property=\"article:modified_time\" content=\"2024-05-06T11:26:50+00:00\" \/>\n<meta name=\"twitter:card\" content=\"summary_large_image\" \/>\n<meta name=\"twitter:label1\" content=\"Szacowany czas czytania\" \/>\n\t<meta name=\"twitter:data1\" content=\"1 minuta\" \/>\n<script type=\"application\/ld+json\" class=\"yoast-schema-graph\">{\"@context\":\"https:\\\/\\\/schema.org\",\"@graph\":[{\"@type\":\"WebPage\",\"@id\":\"https:\\\/\\\/pans.krosno.pl\\\/fundusze-zewnetrzne\\\/miejsca-i-nie-miejsca-edukacji\\\/rejestracja\\\/\",\"url\":\"https:\\\/\\\/pans.krosno.pl\\\/fundusze-zewnetrzne\\\/miejsca-i-nie-miejsca-edukacji\\\/rejestracja\\\/\",\"name\":\"Rejestracja - Fundusze zewn\u0119trzne PANS w Kro\u015bnie\",\"isPartOf\":{\"@id\":\"https:\\\/\\\/pans.krosno.pl\\\/fundusze-zewnetrzne\\\/#website\"},\"datePublished\":\"2024-03-01T14:11:28+00:00\",\"dateModified\":\"2024-05-06T11:26:50+00:00\",\"breadcrumb\":{\"@id\":\"https:\\\/\\\/pans.krosno.pl\\\/fundusze-zewnetrzne\\\/miejsca-i-nie-miejsca-edukacji\\\/rejestracja\\\/#breadcrumb\"},\"inLanguage\":\"pl-PL\",\"potentialAction\":[{\"@type\":\"ReadAction\",\"target\":[\"https:\\\/\\\/pans.krosno.pl\\\/fundusze-zewnetrzne\\\/miejsca-i-nie-miejsca-edukacji\\\/rejestracja\\\/\"]}]},{\"@type\":\"BreadcrumbList\",\"@id\":\"https:\\\/\\\/pans.krosno.pl\\\/fundusze-zewnetrzne\\\/miejsca-i-nie-miejsca-edukacji\\\/rejestracja\\\/#breadcrumb\",\"itemListElement\":[{\"@type\":\"ListItem\",\"position\":1,\"name\":\"Strona g\u0142\u00f3wna\",\"item\":\"https:\\\/\\\/pans.krosno.pl\\\/fundusze-zewnetrzne\\\/\"},{\"@type\":\"ListItem\",\"position\":2,\"name\":\"\u201eMiejsca i nie-miejsca edukacji\u201d\",\"item\":\"https:\\\/\\\/pans.krosno.pl\\\/fundusze-zewnetrzne\\\/miejsca-i-nie-miejsca-edukacji\\\/\"},{\"@type\":\"ListItem\",\"position\":3,\"name\":\"Rejestracja\"}]},{\"@type\":\"WebSite\",\"@id\":\"https:\\\/\\\/pans.krosno.pl\\\/fundusze-zewnetrzne\\\/#website\",\"url\":\"https:\\\/\\\/pans.krosno.pl\\\/fundusze-zewnetrzne\\\/\",\"name\":\"Fundusze zewn\u0119trzne PANS w Kro\u015bnie\",\"description\":\"Fundusze zewn\u0119trzne  - Pa\u0144stwowa Akademia Nauk Stosowanych\",\"publisher\":{\"@id\":\"https:\\\/\\\/pans.krosno.pl\\\/fundusze-zewnetrzne\\\/#organization\"},\"potentialAction\":[{\"@type\":\"SearchAction\",\"target\":{\"@type\":\"EntryPoint\",\"urlTemplate\":\"https:\\\/\\\/pans.krosno.pl\\\/fundusze-zewnetrzne\\\/?s={search_term_string}\"},\"query-input\":{\"@type\":\"PropertyValueSpecification\",\"valueRequired\":true,\"valueName\":\"search_term_string\"}}],\"inLanguage\":\"pl-PL\"},{\"@type\":\"Organization\",\"@id\":\"https:\\\/\\\/pans.krosno.pl\\\/fundusze-zewnetrzne\\\/#organization\",\"name\":\"Fundusze zewn\u0119trzne PANS w Kro\u015bnie\",\"url\":\"https:\\\/\\\/pans.krosno.pl\\\/fundusze-zewnetrzne\\\/\",\"logo\":{\"@type\":\"ImageObject\",\"inLanguage\":\"pl-PL\",\"@id\":\"https:\\\/\\\/pans.krosno.pl\\\/fundusze-zewnetrzne\\\/#\\\/schema\\\/logo\\\/image\\\/\",\"url\":\"https:\\\/\\\/pans.krosno.pl\\\/fundusze-zewnetrzne\\\/wp-content\\\/uploads\\\/sites\\\/14\\\/2023\\\/01\\\/Logo-PANS-2022-pelne.png\",\"contentUrl\":\"https:\\\/\\\/pans.krosno.pl\\\/fundusze-zewnetrzne\\\/wp-content\\\/uploads\\\/sites\\\/14\\\/2023\\\/01\\\/Logo-PANS-2022-pelne.png\",\"width\":3096,\"height\":696,\"caption\":\"Fundusze zewn\u0119trzne PANS w Kro\u015bnie\"},\"image\":{\"@id\":\"https:\\\/\\\/pans.krosno.pl\\\/fundusze-zewnetrzne\\\/#\\\/schema\\\/logo\\\/image\\\/\"}}]}<\/script>\n<!-- \/ Yoast SEO Premium plugin. -->","yoast_head_json":{"title":"Rejestracja - Fundusze zewn\u0119trzne PANS w Kro\u015bnie","robots":{"index":"index","follow":"follow","max-snippet":"max-snippet:-1","max-image-preview":"max-image-preview:large","max-video-preview":"max-video-preview:-1"},"canonical":"https:\/\/pans.krosno.pl\/fundusze-zewnetrzne\/miejsca-i-nie-miejsca-edukacji\/rejestracja\/","og_locale":"pl_PL","og_type":"article","og_title":"Rejestracja","og_description":"Rejestracja do udzia\u0142u w konferencji trwa do 10.05.2024 r. Udzia\u0142 w konferencji jest bezp\u0142atny. Poni\u017cej zamieszczamy link do formularza rejestracyjnego: https:\/\/ankiety.pans.krosno.pl\/index.php?r=survey\/index&amp;sid=824162&amp;newtest=Y&amp;lang=pl Po w\u0142a\u015bciwym wype\u0142nieniu i przes\u0142aniu formularza rejestracyjnego otrzymaj\u0105 Pa\u0144stwo potwierdzenie na adres mailowy wskazany w formularzu elektronicznym. Wa\u017cne terminy: 10.05.2024 \u2013 zg\u0142oszenie udzia\u0142u w konferencji i nadsy\u0142anie temat\u00f3w oraz [\u2026] Read More","og_url":"https:\/\/pans.krosno.pl\/fundusze-zewnetrzne\/miejsca-i-nie-miejsca-edukacji\/rejestracja\/","og_site_name":"Fundusze zewn\u0119trzne PANS w Kro\u015bnie","article_modified_time":"2024-05-06T11:26:50+00:00","twitter_card":"summary_large_image","twitter_misc":{"Szacowany czas czytania":"1 minuta"},"schema":{"@context":"https:\/\/schema.org","@graph":[{"@type":"WebPage","@id":"https:\/\/pans.krosno.pl\/fundusze-zewnetrzne\/miejsca-i-nie-miejsca-edukacji\/rejestracja\/","url":"https:\/\/pans.krosno.pl\/fundusze-zewnetrzne\/miejsca-i-nie-miejsca-edukacji\/rejestracja\/","name":"Rejestracja - Fundusze zewn\u0119trzne PANS w Kro\u015bnie","isPartOf":{"@id":"https:\/\/pans.krosno.pl\/fundusze-zewnetrzne\/#website"},"datePublished":"2024-03-01T14:11:28+00:00","dateModified":"2024-05-06T11:26:50+00:00","breadcrumb":{"@id":"https:\/\/pans.krosno.pl\/fundusze-zewnetrzne\/miejsca-i-nie-miejsca-edukacji\/rejestracja\/#breadcrumb"},"inLanguage":"pl-PL","potentialAction":[{"@type":"ReadAction","target":["https:\/\/pans.krosno.pl\/fundusze-zewnetrzne\/miejsca-i-nie-miejsca-edukacji\/rejestracja\/"]}]},{"@type":"BreadcrumbList","@id":"https:\/\/pans.krosno.pl\/fundusze-zewnetrzne\/miejsca-i-nie-miejsca-edukacji\/rejestracja\/#breadcrumb","itemListElement":[{"@type":"ListItem","position":1,"name":"Strona g\u0142\u00f3wna","item":"https:\/\/pans.krosno.pl\/fundusze-zewnetrzne\/"},{"@type":"ListItem","position":2,"name":"\u201eMiejsca i nie-miejsca edukacji\u201d","item":"https:\/\/pans.krosno.pl\/fundusze-zewnetrzne\/miejsca-i-nie-miejsca-edukacji\/"},{"@type":"ListItem","position":3,"name":"Rejestracja"}]},{"@type":"WebSite","@id":"https:\/\/pans.krosno.pl\/fundusze-zewnetrzne\/#website","url":"https:\/\/pans.krosno.pl\/fundusze-zewnetrzne\/","name":"Fundusze zewn\u0119trzne PANS w Kro\u015bnie","description":"Fundusze zewn\u0119trzne  - Pa\u0144stwowa Akademia Nauk Stosowanych","publisher":{"@id":"https:\/\/pans.krosno.pl\/fundusze-zewnetrzne\/#organization"},"potentialAction":[{"@type":"SearchAction","target":{"@type":"EntryPoint","urlTemplate":"https:\/\/pans.krosno.pl\/fundusze-zewnetrzne\/?s={search_term_string}"},"query-input":{"@type":"PropertyValueSpecification","valueRequired":true,"valueName":"search_term_string"}}],"inLanguage":"pl-PL"},{"@type":"Organization","@id":"https:\/\/pans.krosno.pl\/fundusze-zewnetrzne\/#organization","name":"Fundusze zewn\u0119trzne PANS w Kro\u015bnie","url":"https:\/\/pans.krosno.pl\/fundusze-zewnetrzne\/","logo":{"@type":"ImageObject","inLanguage":"pl-PL","@id":"https:\/\/pans.krosno.pl\/fundusze-zewnetrzne\/#\/schema\/logo\/image\/","url":"https:\/\/pans.krosno.pl\/fundusze-zewnetrzne\/wp-content\/uploads\/sites\/14\/2023\/01\/Logo-PANS-2022-pelne.png","contentUrl":"https:\/\/pans.krosno.pl\/fundusze-zewnetrzne\/wp-content\/uploads\/sites\/14\/2023\/01\/Logo-PANS-2022-pelne.png","width":3096,"height":696,"caption":"Fundusze zewn\u0119trzne PANS w Kro\u015bnie"},"image":{"@id":"https:\/\/pans.krosno.pl\/fundusze-zewnetrzne\/#\/schema\/logo\/image\/"}}]}},"_links":{"self":[{"href":"https:\/\/pans.krosno.pl\/fundusze-zewnetrzne\/wp-json\/wp\/v2\/pages\/3863","targetHints":{"allow":["GET"]}}],"collection":[{"href":"https:\/\/pans.krosno.pl\/fundusze-zewnetrzne\/wp-json\/wp\/v2\/pages"}],"about":[{"href":"https:\/\/pans.krosno.pl\/fundusze-zewnetrzne\/wp-json\/wp\/v2\/types\/page"}],"author":[{"embeddable":true,"href":"https:\/\/pans.krosno.pl\/fundusze-zewnetrzne\/wp-json\/wp\/v2\/users\/53"}],"replies":[{"embeddable":true,"href":"https:\/\/pans.krosno.pl\/fundusze-zewnetrzne\/wp-json\/wp\/v2\/comments?post=3863"}],"version-history":[{"count":5,"href":"https:\/\/pans.krosno.pl\/fundusze-zewnetrzne\/wp-json\/wp\/v2\/pages\/3863\/revisions"}],"predecessor-version":[{"id":3994,"href":"https:\/\/pans.krosno.pl\/fundusze-zewnetrzne\/wp-json\/wp\/v2\/pages\/3863\/revisions\/3994"}],"up":[{"embeddable":true,"href":"https:\/\/pans.krosno.pl\/fundusze-zewnetrzne\/wp-json\/wp\/v2\/pages\/3748"}],"wp:attachment":[{"href":"https:\/\/pans.krosno.pl\/fundusze-zewnetrzne\/wp-json\/wp\/v2\/media?parent=3863"}],"curies":[{"name":"wp","href":"https:\/\/api.w.org\/{rel}","templated":true}]}}