{"id":3754,"date":"2024-01-16T13:01:11","date_gmt":"2024-01-16T12:01:11","guid":{"rendered":"https:\/\/pans.krosno.pl\/fundusze-zewnetrzne\/?page_id=3754"},"modified":"2025-07-10T11:41:45","modified_gmt":"2025-07-10T09:41:45","slug":"rola-roslin-zielarskich-i-barwierskich-w-ekologicznym-systemie-gospodarowania","status":"publish","type":"page","link":"https:\/\/pans.krosno.pl\/fundusze-zewnetrzne\/rola-roslin-zielarskich-i-barwierskich-w-ekologicznym-systemie-gospodarowania\/","title":{"rendered":"&#8222;Rola ro\u015blin zielarskich i barwierskich w ekologicznym systemie gospodarowania&#8221;"},"content":{"rendered":"\n<figure class=\"wp-block-image size-large is-resized\"><img loading=\"lazy\" decoding=\"async\" width=\"1024\" height=\"702\" src=\"https:\/\/pans.krosno.pl\/fundusze-zewnetrzne\/wp-content\/uploads\/sites\/14\/2024\/01\/mein_nds_rgb_multicolor_black-1024x702.png\" alt=\"\" class=\"wp-image-3767\" style=\"width:195px;height:auto\" srcset=\"https:\/\/pans.krosno.pl\/fundusze-zewnetrzne\/wp-content\/uploads\/sites\/14\/2024\/01\/mein_nds_rgb_multicolor_black-1024x702.png 1024w, https:\/\/pans.krosno.pl\/fundusze-zewnetrzne\/wp-content\/uploads\/sites\/14\/2024\/01\/mein_nds_rgb_multicolor_black-300x206.png 300w, https:\/\/pans.krosno.pl\/fundusze-zewnetrzne\/wp-content\/uploads\/sites\/14\/2024\/01\/mein_nds_rgb_multicolor_black-768x527.png 768w, https:\/\/pans.krosno.pl\/fundusze-zewnetrzne\/wp-content\/uploads\/sites\/14\/2024\/01\/mein_nds_rgb_multicolor_black-1536x1053.png 1536w, https:\/\/pans.krosno.pl\/fundusze-zewnetrzne\/wp-content\/uploads\/sites\/14\/2024\/01\/mein_nds_rgb_multicolor_black-2048x1404.png 2048w, https:\/\/pans.krosno.pl\/fundusze-zewnetrzne\/wp-content\/uploads\/sites\/14\/2024\/01\/mein_nds_rgb_multicolor_black-2000x1371.png 2000w, https:\/\/pans.krosno.pl\/fundusze-zewnetrzne\/wp-content\/uploads\/sites\/14\/2024\/01\/mein_nds_rgb_multicolor_black-800x549.png 800w, https:\/\/pans.krosno.pl\/fundusze-zewnetrzne\/wp-content\/uploads\/sites\/14\/2024\/01\/mein_nds_rgb_multicolor_black-580x398.png 580w\" sizes=\"auto, (max-width: 1024px) 100vw, 1024px\" \/><\/figure>\n\n\n\n<ul class=\"wp-block-list\">\n<li><a href=\"https:\/\/pans.krosno.pl\/fundusze-zewnetrzne\/rola-roslin-zielarskich-i-barwierskich-w-ekologicznym-systemie-gospodarowania\/o-projekcie\/\">O projekcie<\/a><\/li>\n\n\n\n<li><a href=\"https:\/\/pans.krosno.pl\/fundusze-zewnetrzne\/rola-roslin-zielarskich-i-barwierskich-w-ekologicznym-systemie-gospodarowania\/konferencja-naukowa\/\">Konferencja<\/a><\/li>\n\n\n\n<li><a href=\"https:\/\/pans.krosno.pl\/fundusze-zewnetrzne\/rola-roslin-zielarskich-i-barwierskich-w-ekologicznym-systemie-gospodarowania\/publikacja-rola-ziol-w-przydomowym-ogrodzie-ekologicznym\/\">Publikacja &#8222;Rola zi\u00f3\u0142 w przydomowym ogrodzie ekologicznym&#8221;<\/a><\/li>\n\n\n\n<li><a href=\"https:\/\/pans.krosno.pl\/fundusze-zewnetrzne\/rola-roslin-zielarskich-i-barwierskich-w-ekologicznym-systemie-gospodarowania\/opisy-warsztatow\/\">Opisy warsztat\u00f3w i wyk\u0142ad\u00f3w<\/a><\/li>\n\n\n\n<li><a href=\"https:\/\/pans.krosno.pl\/fundusze-zewnetrzne\/rola-roslin-zielarskich-i-barwierskich-w-ekologicznym-systemie-gospodarowania\/materialy-w-ramach-warsztatow-i-wykladow\/\">Materia\u0142y w ramach warsztat\u00f3w i wyk\u0142ad\u00f3w<\/a><\/li>\n\n\n\n<li><a href=\"https:\/\/pans.krosno.pl\/fundusze-zewnetrzne\/rola-roslin-zielarskich-i-barwierskich-w-ekologicznym-systemie-gospodarowania\/galeria-zdjec\/\">Galeria zdj\u0119\u0107<\/a><\/li>\n\n\n\n<li><a href=\"https:\/\/pans.krosno.pl\/fundusze-zewnetrzne\/rola-roslin-zielarskich-i-barwierskich-w-ekologicznym-systemie-gospodarowania\/rekrutacja-na-warsztaty\/\">Rekrutacja na warsztaty<\/a><\/li>\n\n\n\n<li><a href=\"https:\/\/pans.krosno.pl\/fundusze-zewnetrzne\/rola-roslin-zielarskich-i-barwierskich-w-ekologicznym-systemie-gospodarowania\/dostepnosc\/\">Dost\u0119pno\u015b\u0107<\/a><\/li>\n\n\n\n<li><a href=\"https:\/\/pans.krosno.pl\/fundusze-zewnetrzne\/rola-roslin-zielarskich-i-barwierskich-w-ekologicznym-systemie-gospodarowania\/kontakt\/\">Kontakt<\/a><\/li>\n<\/ul>\n\n\n\n<figure class=\"wp-block-image aligncenter size-large is-resized\"><img loading=\"lazy\" decoding=\"async\" width=\"1024\" height=\"319\" src=\"https:\/\/pans.krosno.pl\/fundusze-zewnetrzne\/wp-content\/uploads\/sites\/14\/2025\/07\/01_znak_siatka_podstawowy_kolor_biale_tlo-1024x319.png\" alt=\"\" class=\"wp-image-4242\" style=\"width:480px;height:auto\" srcset=\"https:\/\/pans.krosno.pl\/fundusze-zewnetrzne\/wp-content\/uploads\/sites\/14\/2025\/07\/01_znak_siatka_podstawowy_kolor_biale_tlo-1024x319.png 1024w, https:\/\/pans.krosno.pl\/fundusze-zewnetrzne\/wp-content\/uploads\/sites\/14\/2025\/07\/01_znak_siatka_podstawowy_kolor_biale_tlo-300x93.png 300w, https:\/\/pans.krosno.pl\/fundusze-zewnetrzne\/wp-content\/uploads\/sites\/14\/2025\/07\/01_znak_siatka_podstawowy_kolor_biale_tlo-768x239.png 768w, https:\/\/pans.krosno.pl\/fundusze-zewnetrzne\/wp-content\/uploads\/sites\/14\/2025\/07\/01_znak_siatka_podstawowy_kolor_biale_tlo-800x249.png 800w, https:\/\/pans.krosno.pl\/fundusze-zewnetrzne\/wp-content\/uploads\/sites\/14\/2025\/07\/01_znak_siatka_podstawowy_kolor_biale_tlo-580x181.png 580w, https:\/\/pans.krosno.pl\/fundusze-zewnetrzne\/wp-content\/uploads\/sites\/14\/2025\/07\/01_znak_siatka_podstawowy_kolor_biale_tlo.png 1388w\" sizes=\"auto, (max-width: 1024px) 100vw, 1024px\" \/><\/figure>\n\n\n\n<p><\/p>\n","protected":false},"excerpt":{"rendered":"","protected":false},"author":53,"featured_media":0,"parent":0,"menu_order":0,"comment_status":"closed","ping_status":"closed","template":"","meta":{"ngg_post_thumbnail":0,"footnotes":""},"class_list":["post-3754","page","type-page","status-publish","hentry"],"yoast_head":"<!-- This site is optimized with the Yoast SEO Premium plugin v27.3 (Yoast SEO v27.3) - https:\/\/yoast.com\/product\/yoast-seo-premium-wordpress\/ -->\n<title>&quot;Rola ro\u015blin zielarskich i barwierskich w ekologicznym systemie gospodarowania&quot; - Fundusze zewn\u0119trzne PANS w Kro\u015bnie<\/title>\n<meta name=\"robots\" content=\"index, follow, max-snippet:-1, max-image-preview:large, max-video-preview:-1\" \/>\n<link rel=\"canonical\" href=\"https:\/\/pans.krosno.pl\/fundusze-zewnetrzne\/rola-roslin-zielarskich-i-barwierskich-w-ekologicznym-systemie-gospodarowania\/\" \/>\n<meta property=\"og:locale\" content=\"pl_PL\" \/>\n<meta property=\"og:type\" content=\"article\" \/>\n<meta property=\"og:title\" content=\"&quot;Rola ro\u015blin zielarskich i barwierskich w ekologicznym systemie gospodarowania&quot;\" \/>\n<meta property=\"og:url\" content=\"https:\/\/pans.krosno.pl\/fundusze-zewnetrzne\/rola-roslin-zielarskich-i-barwierskich-w-ekologicznym-systemie-gospodarowania\/\" \/>\n<meta property=\"og:site_name\" content=\"Fundusze zewn\u0119trzne PANS w Kro\u015bnie\" \/>\n<meta property=\"article:modified_time\" content=\"2025-07-10T09:41:45+00:00\" \/>\n<meta property=\"og:image\" content=\"https:\/\/pans.krosno.pl\/fundusze-zewnetrzne\/wp-content\/uploads\/sites\/14\/2024\/01\/mein_nds_rgb_multicolor_black.png\" \/>\n\t<meta property=\"og:image:width\" content=\"7270\" \/>\n\t<meta property=\"og:image:height\" content=\"4985\" \/>\n\t<meta property=\"og:image:type\" content=\"image\/png\" \/>\n<meta name=\"twitter:card\" content=\"summary_large_image\" \/>\n<script type=\"application\/ld+json\" class=\"yoast-schema-graph\">{\"@context\":\"https:\\\/\\\/schema.org\",\"@graph\":[{\"@type\":\"WebPage\",\"@id\":\"https:\\\/\\\/pans.krosno.pl\\\/fundusze-zewnetrzne\\\/rola-roslin-zielarskich-i-barwierskich-w-ekologicznym-systemie-gospodarowania\\\/\",\"url\":\"https:\\\/\\\/pans.krosno.pl\\\/fundusze-zewnetrzne\\\/rola-roslin-zielarskich-i-barwierskich-w-ekologicznym-systemie-gospodarowania\\\/\",\"name\":\"\\\"Rola ro\u015blin zielarskich i barwierskich w ekologicznym systemie gospodarowania\\\" - Fundusze zewn\u0119trzne PANS w Kro\u015bnie\",\"isPartOf\":{\"@id\":\"https:\\\/\\\/pans.krosno.pl\\\/fundusze-zewnetrzne\\\/#website\"},\"primaryImageOfPage\":{\"@id\":\"https:\\\/\\\/pans.krosno.pl\\\/fundusze-zewnetrzne\\\/rola-roslin-zielarskich-i-barwierskich-w-ekologicznym-systemie-gospodarowania\\\/#primaryimage\"},\"image\":{\"@id\":\"https:\\\/\\\/pans.krosno.pl\\\/fundusze-zewnetrzne\\\/rola-roslin-zielarskich-i-barwierskich-w-ekologicznym-systemie-gospodarowania\\\/#primaryimage\"},\"thumbnailUrl\":\"https:\\\/\\\/pans.krosno.pl\\\/fundusze-zewnetrzne\\\/wp-content\\\/uploads\\\/sites\\\/14\\\/2024\\\/01\\\/mein_nds_rgb_multicolor_black-1024x702.png\",\"datePublished\":\"2024-01-16T12:01:11+00:00\",\"dateModified\":\"2025-07-10T09:41:45+00:00\",\"breadcrumb\":{\"@id\":\"https:\\\/\\\/pans.krosno.pl\\\/fundusze-zewnetrzne\\\/rola-roslin-zielarskich-i-barwierskich-w-ekologicznym-systemie-gospodarowania\\\/#breadcrumb\"},\"inLanguage\":\"pl-PL\",\"potentialAction\":[{\"@type\":\"ReadAction\",\"target\":[\"https:\\\/\\\/pans.krosno.pl\\\/fundusze-zewnetrzne\\\/rola-roslin-zielarskich-i-barwierskich-w-ekologicznym-systemie-gospodarowania\\\/\"]}]},{\"@type\":\"ImageObject\",\"inLanguage\":\"pl-PL\",\"@id\":\"https:\\\/\\\/pans.krosno.pl\\\/fundusze-zewnetrzne\\\/rola-roslin-zielarskich-i-barwierskich-w-ekologicznym-systemie-gospodarowania\\\/#primaryimage\",\"url\":\"https:\\\/\\\/pans.krosno.pl\\\/fundusze-zewnetrzne\\\/wp-content\\\/uploads\\\/sites\\\/14\\\/2024\\\/01\\\/mein_nds_rgb_multicolor_black.png\",\"contentUrl\":\"https:\\\/\\\/pans.krosno.pl\\\/fundusze-zewnetrzne\\\/wp-content\\\/uploads\\\/sites\\\/14\\\/2024\\\/01\\\/mein_nds_rgb_multicolor_black.png\",\"width\":7270,\"height\":4985},{\"@type\":\"BreadcrumbList\",\"@id\":\"https:\\\/\\\/pans.krosno.pl\\\/fundusze-zewnetrzne\\\/rola-roslin-zielarskich-i-barwierskich-w-ekologicznym-systemie-gospodarowania\\\/#breadcrumb\",\"itemListElement\":[{\"@type\":\"ListItem\",\"position\":1,\"name\":\"Strona g\u0142\u00f3wna\",\"item\":\"https:\\\/\\\/pans.krosno.pl\\\/fundusze-zewnetrzne\\\/\"},{\"@type\":\"ListItem\",\"position\":2,\"name\":\"&#8222;Rola ro\u015blin zielarskich i barwierskich w ekologicznym systemie gospodarowania&#8221;\"}]},{\"@type\":\"WebSite\",\"@id\":\"https:\\\/\\\/pans.krosno.pl\\\/fundusze-zewnetrzne\\\/#website\",\"url\":\"https:\\\/\\\/pans.krosno.pl\\\/fundusze-zewnetrzne\\\/\",\"name\":\"Fundusze zewn\u0119trzne PANS w Kro\u015bnie\",\"description\":\"Fundusze zewn\u0119trzne  - Pa\u0144stwowa Akademia Nauk Stosowanych\",\"publisher\":{\"@id\":\"https:\\\/\\\/pans.krosno.pl\\\/fundusze-zewnetrzne\\\/#organization\"},\"potentialAction\":[{\"@type\":\"SearchAction\",\"target\":{\"@type\":\"EntryPoint\",\"urlTemplate\":\"https:\\\/\\\/pans.krosno.pl\\\/fundusze-zewnetrzne\\\/?s={search_term_string}\"},\"query-input\":{\"@type\":\"PropertyValueSpecification\",\"valueRequired\":true,\"valueName\":\"search_term_string\"}}],\"inLanguage\":\"pl-PL\"},{\"@type\":\"Organization\",\"@id\":\"https:\\\/\\\/pans.krosno.pl\\\/fundusze-zewnetrzne\\\/#organization\",\"name\":\"Fundusze zewn\u0119trzne PANS w Kro\u015bnie\",\"url\":\"https:\\\/\\\/pans.krosno.pl\\\/fundusze-zewnetrzne\\\/\",\"logo\":{\"@type\":\"ImageObject\",\"inLanguage\":\"pl-PL\",\"@id\":\"https:\\\/\\\/pans.krosno.pl\\\/fundusze-zewnetrzne\\\/#\\\/schema\\\/logo\\\/image\\\/\",\"url\":\"https:\\\/\\\/pans.krosno.pl\\\/fundusze-zewnetrzne\\\/wp-content\\\/uploads\\\/sites\\\/14\\\/2023\\\/01\\\/Logo-PANS-2022-pelne.png\",\"contentUrl\":\"https:\\\/\\\/pans.krosno.pl\\\/fundusze-zewnetrzne\\\/wp-content\\\/uploads\\\/sites\\\/14\\\/2023\\\/01\\\/Logo-PANS-2022-pelne.png\",\"width\":3096,\"height\":696,\"caption\":\"Fundusze zewn\u0119trzne PANS w Kro\u015bnie\"},\"image\":{\"@id\":\"https:\\\/\\\/pans.krosno.pl\\\/fundusze-zewnetrzne\\\/#\\\/schema\\\/logo\\\/image\\\/\"}}]}<\/script>\n<!-- \/ Yoast SEO Premium plugin. -->","yoast_head_json":{"title":"\"Rola ro\u015blin zielarskich i barwierskich w ekologicznym systemie gospodarowania\" - Fundusze zewn\u0119trzne PANS w Kro\u015bnie","robots":{"index":"index","follow":"follow","max-snippet":"max-snippet:-1","max-image-preview":"max-image-preview:large","max-video-preview":"max-video-preview:-1"},"canonical":"https:\/\/pans.krosno.pl\/fundusze-zewnetrzne\/rola-roslin-zielarskich-i-barwierskich-w-ekologicznym-systemie-gospodarowania\/","og_locale":"pl_PL","og_type":"article","og_title":"\"Rola ro\u015blin zielarskich i barwierskich w ekologicznym systemie gospodarowania\"","og_url":"https:\/\/pans.krosno.pl\/fundusze-zewnetrzne\/rola-roslin-zielarskich-i-barwierskich-w-ekologicznym-systemie-gospodarowania\/","og_site_name":"Fundusze zewn\u0119trzne PANS w Kro\u015bnie","article_modified_time":"2025-07-10T09:41:45+00:00","og_image":[{"width":7270,"height":4985,"url":"https:\/\/pans.krosno.pl\/fundusze-zewnetrzne\/wp-content\/uploads\/sites\/14\/2024\/01\/mein_nds_rgb_multicolor_black.png","type":"image\/png"}],"twitter_card":"summary_large_image","schema":{"@context":"https:\/\/schema.org","@graph":[{"@type":"WebPage","@id":"https:\/\/pans.krosno.pl\/fundusze-zewnetrzne\/rola-roslin-zielarskich-i-barwierskich-w-ekologicznym-systemie-gospodarowania\/","url":"https:\/\/pans.krosno.pl\/fundusze-zewnetrzne\/rola-roslin-zielarskich-i-barwierskich-w-ekologicznym-systemie-gospodarowania\/","name":"\"Rola ro\u015blin zielarskich i barwierskich w ekologicznym systemie gospodarowania\" - Fundusze zewn\u0119trzne PANS w Kro\u015bnie","isPartOf":{"@id":"https:\/\/pans.krosno.pl\/fundusze-zewnetrzne\/#website"},"primaryImageOfPage":{"@id":"https:\/\/pans.krosno.pl\/fundusze-zewnetrzne\/rola-roslin-zielarskich-i-barwierskich-w-ekologicznym-systemie-gospodarowania\/#primaryimage"},"image":{"@id":"https:\/\/pans.krosno.pl\/fundusze-zewnetrzne\/rola-roslin-zielarskich-i-barwierskich-w-ekologicznym-systemie-gospodarowania\/#primaryimage"},"thumbnailUrl":"https:\/\/pans.krosno.pl\/fundusze-zewnetrzne\/wp-content\/uploads\/sites\/14\/2024\/01\/mein_nds_rgb_multicolor_black-1024x702.png","datePublished":"2024-01-16T12:01:11+00:00","dateModified":"2025-07-10T09:41:45+00:00","breadcrumb":{"@id":"https:\/\/pans.krosno.pl\/fundusze-zewnetrzne\/rola-roslin-zielarskich-i-barwierskich-w-ekologicznym-systemie-gospodarowania\/#breadcrumb"},"inLanguage":"pl-PL","potentialAction":[{"@type":"ReadAction","target":["https:\/\/pans.krosno.pl\/fundusze-zewnetrzne\/rola-roslin-zielarskich-i-barwierskich-w-ekologicznym-systemie-gospodarowania\/"]}]},{"@type":"ImageObject","inLanguage":"pl-PL","@id":"https:\/\/pans.krosno.pl\/fundusze-zewnetrzne\/rola-roslin-zielarskich-i-barwierskich-w-ekologicznym-systemie-gospodarowania\/#primaryimage","url":"https:\/\/pans.krosno.pl\/fundusze-zewnetrzne\/wp-content\/uploads\/sites\/14\/2024\/01\/mein_nds_rgb_multicolor_black.png","contentUrl":"https:\/\/pans.krosno.pl\/fundusze-zewnetrzne\/wp-content\/uploads\/sites\/14\/2024\/01\/mein_nds_rgb_multicolor_black.png","width":7270,"height":4985},{"@type":"BreadcrumbList","@id":"https:\/\/pans.krosno.pl\/fundusze-zewnetrzne\/rola-roslin-zielarskich-i-barwierskich-w-ekologicznym-systemie-gospodarowania\/#breadcrumb","itemListElement":[{"@type":"ListItem","position":1,"name":"Strona g\u0142\u00f3wna","item":"https:\/\/pans.krosno.pl\/fundusze-zewnetrzne\/"},{"@type":"ListItem","position":2,"name":"&#8222;Rola ro\u015blin zielarskich i barwierskich w ekologicznym systemie gospodarowania&#8221;"}]},{"@type":"WebSite","@id":"https:\/\/pans.krosno.pl\/fundusze-zewnetrzne\/#website","url":"https:\/\/pans.krosno.pl\/fundusze-zewnetrzne\/","name":"Fundusze zewn\u0119trzne PANS w Kro\u015bnie","description":"Fundusze zewn\u0119trzne  - Pa\u0144stwowa Akademia Nauk Stosowanych","publisher":{"@id":"https:\/\/pans.krosno.pl\/fundusze-zewnetrzne\/#organization"},"potentialAction":[{"@type":"SearchAction","target":{"@type":"EntryPoint","urlTemplate":"https:\/\/pans.krosno.pl\/fundusze-zewnetrzne\/?s={search_term_string}"},"query-input":{"@type":"PropertyValueSpecification","valueRequired":true,"valueName":"search_term_string"}}],"inLanguage":"pl-PL"},{"@type":"Organization","@id":"https:\/\/pans.krosno.pl\/fundusze-zewnetrzne\/#organization","name":"Fundusze zewn\u0119trzne PANS w Kro\u015bnie","url":"https:\/\/pans.krosno.pl\/fundusze-zewnetrzne\/","logo":{"@type":"ImageObject","inLanguage":"pl-PL","@id":"https:\/\/pans.krosno.pl\/fundusze-zewnetrzne\/#\/schema\/logo\/image\/","url":"https:\/\/pans.krosno.pl\/fundusze-zewnetrzne\/wp-content\/uploads\/sites\/14\/2023\/01\/Logo-PANS-2022-pelne.png","contentUrl":"https:\/\/pans.krosno.pl\/fundusze-zewnetrzne\/wp-content\/uploads\/sites\/14\/2023\/01\/Logo-PANS-2022-pelne.png","width":3096,"height":696,"caption":"Fundusze zewn\u0119trzne PANS w Kro\u015bnie"},"image":{"@id":"https:\/\/pans.krosno.pl\/fundusze-zewnetrzne\/#\/schema\/logo\/image\/"}}]}},"_links":{"self":[{"href":"https:\/\/pans.krosno.pl\/fundusze-zewnetrzne\/wp-json\/wp\/v2\/pages\/3754","targetHints":{"allow":["GET"]}}],"collection":[{"href":"https:\/\/pans.krosno.pl\/fundusze-zewnetrzne\/wp-json\/wp\/v2\/pages"}],"about":[{"href":"https:\/\/pans.krosno.pl\/fundusze-zewnetrzne\/wp-json\/wp\/v2\/types\/page"}],"author":[{"embeddable":true,"href":"https:\/\/pans.krosno.pl\/fundusze-zewnetrzne\/wp-json\/wp\/v2\/users\/53"}],"replies":[{"embeddable":true,"href":"https:\/\/pans.krosno.pl\/fundusze-zewnetrzne\/wp-json\/wp\/v2\/comments?post=3754"}],"version-history":[{"count":24,"href":"https:\/\/pans.krosno.pl\/fundusze-zewnetrzne\/wp-json\/wp\/v2\/pages\/3754\/revisions"}],"predecessor-version":[{"id":4261,"href":"https:\/\/pans.krosno.pl\/fundusze-zewnetrzne\/wp-json\/wp\/v2\/pages\/3754\/revisions\/4261"}],"wp:attachment":[{"href":"https:\/\/pans.krosno.pl\/fundusze-zewnetrzne\/wp-json\/wp\/v2\/media?parent=3754"}],"curies":[{"name":"wp","href":"https:\/\/api.w.org\/{rel}","templated":true}]}}