{"id":3552,"date":"2023-01-19T15:28:33","date_gmt":"2023-01-19T14:28:33","guid":{"rendered":"https:\/\/pans.krosno.pl\/fundusze-zewnetrzne\/?page_id=3552"},"modified":"2024-01-25T15:05:53","modified_gmt":"2024-01-25T14:05:53","slug":"usuwanie-azotu-w-procesie-anammox-opis-empiryczny-i-teoretyczny-praktyczne-zastosowanie","status":"publish","type":"page","link":"https:\/\/pans.krosno.pl\/fundusze-zewnetrzne\/usuwanie-azotu-w-procesie-anammox-opis-empiryczny-i-teoretyczny-praktyczne-zastosowanie\/","title":{"rendered":"Usuwanie azotu w procesie anammox: opis empiryczny i teoretyczny, praktyczne zastosowanie"},"content":{"rendered":"\n<figure class=\"wp-block-image size-full\"><img loading=\"lazy\" decoding=\"async\" width=\"700\" height=\"394\" src=\"https:\/\/pans.krosno.pl\/fundusze-zewnetrzne\/wp-content\/uploads\/sites\/14\/2023\/01\/godlo-i-flaga-polski-z-ustawy2-1.jpg\" alt=\"\" class=\"wp-image-3554\" srcset=\"https:\/\/pans.krosno.pl\/fundusze-zewnetrzne\/wp-content\/uploads\/sites\/14\/2023\/01\/godlo-i-flaga-polski-z-ustawy2-1.jpg 700w, https:\/\/pans.krosno.pl\/fundusze-zewnetrzne\/wp-content\/uploads\/sites\/14\/2023\/01\/godlo-i-flaga-polski-z-ustawy2-1-300x169.jpg 300w, https:\/\/pans.krosno.pl\/fundusze-zewnetrzne\/wp-content\/uploads\/sites\/14\/2023\/01\/godlo-i-flaga-polski-z-ustawy2-1-270x152.jpg 270w, https:\/\/pans.krosno.pl\/fundusze-zewnetrzne\/wp-content\/uploads\/sites\/14\/2023\/01\/godlo-i-flaga-polski-z-ustawy2-1-580x326.jpg 580w\" sizes=\"auto, (max-width: 700px) 100vw, 700px\" \/><\/figure>\n\n\n\n<p>Projekt &#8222;Usuwanie azotu w procesie anammox: opis empiryczny i teoretyczny, praktyczne zastosowanie&#8221; nr DNM\/SP\/549217\/2022 jest dofinansowany ze \u015brodk\u00f3w bud\u017cetu pa\u0144stwa w ramach programu Ministra Edukacji i Nauki pod nazw\u0105 Doskona\u0142a Nauka, kwota dofinansowania 15&nbsp;000,00 z\u0142 ca\u0142kowita warto\u015b\u0107 projektu 24 448,00 z\u0142<\/p>\n\n\n\n<p>Celem projektu jest wydanie monografii\u00a0zwi\u0105zanej z aktualnymi wyzwaniami stawianymi przed wsp\u00f3\u0142czesnymi systemami oczyszczania \u015bciek\u00f3w, do kt\u00f3rych nale\u017c\u0105 m.in.:\u00a0zwi\u0119kszenie wydajno\u015bci i efektywno\u015bci odzysku energii ze \u015bciek\u00f3w,\u00a0zaostrzenie wymaga\u0144 prawnych z zakresu usuwania azotu i fosforu ze \u015bciek\u00f3w,\u00a0zr\u00f3wnowa\u017cone ekologicznie zagospodarowanie osad\u00f3w \u015bciekowych. Przedstawione wyniki i wnioski dotycz\u0105 rozwi\u0105zania problemu efektywnej i wydajnej autotroficznej deamonifkacji, opartej o procesy cz\u0119\u015bciowej nitryfikacji (PN) i anammox (A), &#8222;g\u0142\u00f3wnego strumienia \u015bciek\u00f3w&#8221;.<\/p>\n\n\n\n<hr class=\"wp-block-separator has-alpha-channel-opacity\" \/>\n\n\n\n<h2 class=\"wp-block-heading has-text-align-center\" id=\"h-w-wyniku-realizacji-projektu-powstala-monografia-naukowa-usuwanie-azotu-w-procesie-anammox-opis-empiryczny-i-teoretyczny-praktyczne-zastosowanie\">W wyniku realizacji projektu powsta\u0142a monografia naukowa &#8222;Usuwanie azotu w procesie anammox: opis empiryczny i teoretyczny, praktyczne zastosowanie&#8221;<\/h2>\n\n\n\n<div class=\"wp-block-file\"><a id=\"wp-block-file--media-216bcf3d-23d7-4303-88e1-4a6156040f78\" href=\"https:\/\/pans.krosno.pl\/fundusze-zewnetrzne\/wp-content\/uploads\/sites\/14\/2024\/01\/Usuwanie-azotu_monografia.pdf\">Usuwanie-azotu_monografia<\/a><a href=\"https:\/\/pans.krosno.pl\/fundusze-zewnetrzne\/wp-content\/uploads\/sites\/14\/2024\/01\/Usuwanie-azotu_monografia.pdf\" class=\"wp-block-file__button wp-element-button\" download aria-describedby=\"wp-block-file--media-216bcf3d-23d7-4303-88e1-4a6156040f78\">Pobierz<\/a><\/div>\n\n\n\n<hr class=\"wp-block-separator has-alpha-channel-opacity\" \/>\n\n\n\n<figure class=\"wp-block-image size-large\"><img loading=\"lazy\" decoding=\"async\" width=\"724\" height=\"1024\" src=\"https:\/\/pans.krosno.pl\/fundusze-zewnetrzne\/wp-content\/uploads\/sites\/14\/2024\/01\/plakat-Usuwanie-azotu-724x1024.jpg\" alt=\"\" class=\"wp-image-3798\" srcset=\"https:\/\/pans.krosno.pl\/fundusze-zewnetrzne\/wp-content\/uploads\/sites\/14\/2024\/01\/plakat-Usuwanie-azotu-724x1024.jpg 724w, https:\/\/pans.krosno.pl\/fundusze-zewnetrzne\/wp-content\/uploads\/sites\/14\/2024\/01\/plakat-Usuwanie-azotu-212x300.jpg 212w, https:\/\/pans.krosno.pl\/fundusze-zewnetrzne\/wp-content\/uploads\/sites\/14\/2024\/01\/plakat-Usuwanie-azotu-768x1086.jpg 768w, https:\/\/pans.krosno.pl\/fundusze-zewnetrzne\/wp-content\/uploads\/sites\/14\/2024\/01\/plakat-Usuwanie-azotu-1086x1536.jpg 1086w, https:\/\/pans.krosno.pl\/fundusze-zewnetrzne\/wp-content\/uploads\/sites\/14\/2024\/01\/plakat-Usuwanie-azotu-1448x2048.jpg 1448w, https:\/\/pans.krosno.pl\/fundusze-zewnetrzne\/wp-content\/uploads\/sites\/14\/2024\/01\/plakat-Usuwanie-azotu-2000x2828.jpg 2000w, https:\/\/pans.krosno.pl\/fundusze-zewnetrzne\/wp-content\/uploads\/sites\/14\/2024\/01\/plakat-Usuwanie-azotu-800x1131.jpg 800w, https:\/\/pans.krosno.pl\/fundusze-zewnetrzne\/wp-content\/uploads\/sites\/14\/2024\/01\/plakat-Usuwanie-azotu-580x820.jpg 580w, https:\/\/pans.krosno.pl\/fundusze-zewnetrzne\/wp-content\/uploads\/sites\/14\/2024\/01\/plakat-Usuwanie-azotu-scaled.jpg 1810w\" sizes=\"auto, (max-width: 724px) 100vw, 724px\" \/><\/figure>\n","protected":false},"excerpt":{"rendered":"<p>Projekt &#8222;Usuwanie azotu w procesie anammox: opis empiryczny i teoretyczny, praktyczne zastosowanie&#8221; nr DNM\/SP\/549217\/2022 jest dofinansowany ze \u015brodk\u00f3w bud\u017cetu pa\u0144stwa w ramach programu Ministra Edukacji i Nauki pod nazw\u0105 Doskona\u0142a Nauka, kwota dofinansowania 15&nbsp;000,00 z\u0142 ca\u0142kowita warto\u015b\u0107 projektu 24 448,00 z\u0142 Celem projektu jest wydanie monografii\u00a0zwi\u0105zanej z aktualnymi wyzwaniami stawianymi [\u2026] <\/p>\n<div class=\"clear\"><\/div>\n<p><a class=\"more_link clearfix\" href=\"https:\/\/pans.krosno.pl\/fundusze-zewnetrzne\/usuwanie-azotu-w-procesie-anammox-opis-empiryczny-i-teoretyczny-praktyczne-zastosowanie\/\" rel=\"nofollow\">Read More<\/a><\/p>\n","protected":false},"author":52,"featured_media":0,"parent":0,"menu_order":0,"comment_status":"closed","ping_status":"closed","template":"","meta":{"ngg_post_thumbnail":0,"footnotes":""},"class_list":["post-3552","page","type-page","status-publish","hentry"],"yoast_head":"<!-- This site is optimized with the Yoast SEO Premium plugin v27.4 (Yoast SEO v27.4) - https:\/\/yoast.com\/product\/yoast-seo-premium-wordpress\/ -->\n<title>Usuwanie azotu w procesie anammox: opis empiryczny i teoretyczny, praktyczne zastosowanie - Fundusze zewn\u0119trzne PANS w Kro\u015bnie<\/title>\n<meta name=\"robots\" content=\"index, follow, max-snippet:-1, max-image-preview:large, max-video-preview:-1\" \/>\n<link rel=\"canonical\" href=\"https:\/\/pans.krosno.pl\/fundusze-zewnetrzne\/usuwanie-azotu-w-procesie-anammox-opis-empiryczny-i-teoretyczny-praktyczne-zastosowanie\/\" \/>\n<meta property=\"og:locale\" content=\"pl_PL\" \/>\n<meta property=\"og:type\" content=\"article\" \/>\n<meta property=\"og:title\" content=\"Usuwanie azotu w procesie anammox: opis empiryczny i teoretyczny, praktyczne zastosowanie\" \/>\n<meta property=\"og:description\" content=\"Projekt &#8222;Usuwanie azotu w procesie anammox: opis empiryczny i teoretyczny, praktyczne zastosowanie&#8221; nr DNM\/SP\/549217\/2022 jest dofinansowany ze \u015brodk\u00f3w bud\u017cetu pa\u0144stwa w ramach programu Ministra Edukacji i Nauki pod nazw\u0105 Doskona\u0142a Nauka, kwota dofinansowania 15&nbsp;000,00 z\u0142 ca\u0142kowita warto\u015b\u0107 projektu 24 448,00 z\u0142 Celem projektu jest wydanie monografii\u00a0zwi\u0105zanej z aktualnymi wyzwaniami stawianymi [\u2026] Read More\" \/>\n<meta property=\"og:url\" content=\"https:\/\/pans.krosno.pl\/fundusze-zewnetrzne\/usuwanie-azotu-w-procesie-anammox-opis-empiryczny-i-teoretyczny-praktyczne-zastosowanie\/\" \/>\n<meta property=\"og:site_name\" content=\"Fundusze zewn\u0119trzne PANS w Kro\u015bnie\" \/>\n<meta property=\"article:modified_time\" content=\"2024-01-25T14:05:53+00:00\" \/>\n<meta property=\"og:image\" content=\"https:\/\/pans.krosno.pl\/fundusze-zewnetrzne\/wp-content\/uploads\/sites\/14\/2023\/01\/godlo-i-flaga-polski-z-ustawy2-1.jpg\" \/>\n<meta name=\"twitter:card\" content=\"summary_large_image\" \/>\n<meta name=\"twitter:label1\" content=\"Szacowany czas czytania\" \/>\n\t<meta name=\"twitter:data1\" content=\"2 minuty\" \/>\n<script type=\"application\/ld+json\" class=\"yoast-schema-graph\">{\"@context\":\"https:\\\/\\\/schema.org\",\"@graph\":[{\"@type\":\"WebPage\",\"@id\":\"https:\\\/\\\/pans.krosno.pl\\\/fundusze-zewnetrzne\\\/usuwanie-azotu-w-procesie-anammox-opis-empiryczny-i-teoretyczny-praktyczne-zastosowanie\\\/\",\"url\":\"https:\\\/\\\/pans.krosno.pl\\\/fundusze-zewnetrzne\\\/usuwanie-azotu-w-procesie-anammox-opis-empiryczny-i-teoretyczny-praktyczne-zastosowanie\\\/\",\"name\":\"Usuwanie azotu w procesie anammox: opis empiryczny i teoretyczny, praktyczne zastosowanie - Fundusze zewn\u0119trzne PANS w Kro\u015bnie\",\"isPartOf\":{\"@id\":\"https:\\\/\\\/pans.krosno.pl\\\/fundusze-zewnetrzne\\\/#website\"},\"primaryImageOfPage\":{\"@id\":\"https:\\\/\\\/pans.krosno.pl\\\/fundusze-zewnetrzne\\\/usuwanie-azotu-w-procesie-anammox-opis-empiryczny-i-teoretyczny-praktyczne-zastosowanie\\\/#primaryimage\"},\"image\":{\"@id\":\"https:\\\/\\\/pans.krosno.pl\\\/fundusze-zewnetrzne\\\/usuwanie-azotu-w-procesie-anammox-opis-empiryczny-i-teoretyczny-praktyczne-zastosowanie\\\/#primaryimage\"},\"thumbnailUrl\":\"https:\\\/\\\/pans.krosno.pl\\\/fundusze-zewnetrzne\\\/wp-content\\\/uploads\\\/sites\\\/14\\\/2023\\\/01\\\/godlo-i-flaga-polski-z-ustawy2-1.jpg\",\"datePublished\":\"2023-01-19T14:28:33+00:00\",\"dateModified\":\"2024-01-25T14:05:53+00:00\",\"breadcrumb\":{\"@id\":\"https:\\\/\\\/pans.krosno.pl\\\/fundusze-zewnetrzne\\\/usuwanie-azotu-w-procesie-anammox-opis-empiryczny-i-teoretyczny-praktyczne-zastosowanie\\\/#breadcrumb\"},\"inLanguage\":\"pl-PL\",\"potentialAction\":[{\"@type\":\"ReadAction\",\"target\":[\"https:\\\/\\\/pans.krosno.pl\\\/fundusze-zewnetrzne\\\/usuwanie-azotu-w-procesie-anammox-opis-empiryczny-i-teoretyczny-praktyczne-zastosowanie\\\/\"]}]},{\"@type\":\"ImageObject\",\"inLanguage\":\"pl-PL\",\"@id\":\"https:\\\/\\\/pans.krosno.pl\\\/fundusze-zewnetrzne\\\/usuwanie-azotu-w-procesie-anammox-opis-empiryczny-i-teoretyczny-praktyczne-zastosowanie\\\/#primaryimage\",\"url\":\"https:\\\/\\\/pans.krosno.pl\\\/fundusze-zewnetrzne\\\/wp-content\\\/uploads\\\/sites\\\/14\\\/2023\\\/01\\\/godlo-i-flaga-polski-z-ustawy2-1.jpg\",\"contentUrl\":\"https:\\\/\\\/pans.krosno.pl\\\/fundusze-zewnetrzne\\\/wp-content\\\/uploads\\\/sites\\\/14\\\/2023\\\/01\\\/godlo-i-flaga-polski-z-ustawy2-1.jpg\",\"width\":700,\"height\":394},{\"@type\":\"BreadcrumbList\",\"@id\":\"https:\\\/\\\/pans.krosno.pl\\\/fundusze-zewnetrzne\\\/usuwanie-azotu-w-procesie-anammox-opis-empiryczny-i-teoretyczny-praktyczne-zastosowanie\\\/#breadcrumb\",\"itemListElement\":[{\"@type\":\"ListItem\",\"position\":1,\"name\":\"Strona g\u0142\u00f3wna\",\"item\":\"https:\\\/\\\/pans.krosno.pl\\\/fundusze-zewnetrzne\\\/\"},{\"@type\":\"ListItem\",\"position\":2,\"name\":\"Usuwanie azotu w procesie anammox: opis empiryczny i teoretyczny, praktyczne zastosowanie\"}]},{\"@type\":\"WebSite\",\"@id\":\"https:\\\/\\\/pans.krosno.pl\\\/fundusze-zewnetrzne\\\/#website\",\"url\":\"https:\\\/\\\/pans.krosno.pl\\\/fundusze-zewnetrzne\\\/\",\"name\":\"Fundusze zewn\u0119trzne PANS w Kro\u015bnie\",\"description\":\"Fundusze zewn\u0119trzne  - Pa\u0144stwowa Akademia Nauk Stosowanych\",\"publisher\":{\"@id\":\"https:\\\/\\\/pans.krosno.pl\\\/fundusze-zewnetrzne\\\/#organization\"},\"potentialAction\":[{\"@type\":\"SearchAction\",\"target\":{\"@type\":\"EntryPoint\",\"urlTemplate\":\"https:\\\/\\\/pans.krosno.pl\\\/fundusze-zewnetrzne\\\/?s={search_term_string}\"},\"query-input\":{\"@type\":\"PropertyValueSpecification\",\"valueRequired\":true,\"valueName\":\"search_term_string\"}}],\"inLanguage\":\"pl-PL\"},{\"@type\":\"Organization\",\"@id\":\"https:\\\/\\\/pans.krosno.pl\\\/fundusze-zewnetrzne\\\/#organization\",\"name\":\"Fundusze zewn\u0119trzne PANS w Kro\u015bnie\",\"url\":\"https:\\\/\\\/pans.krosno.pl\\\/fundusze-zewnetrzne\\\/\",\"logo\":{\"@type\":\"ImageObject\",\"inLanguage\":\"pl-PL\",\"@id\":\"https:\\\/\\\/pans.krosno.pl\\\/fundusze-zewnetrzne\\\/#\\\/schema\\\/logo\\\/image\\\/\",\"url\":\"https:\\\/\\\/pans.krosno.pl\\\/fundusze-zewnetrzne\\\/wp-content\\\/uploads\\\/sites\\\/14\\\/2023\\\/01\\\/Logo-PANS-2022-pelne.png\",\"contentUrl\":\"https:\\\/\\\/pans.krosno.pl\\\/fundusze-zewnetrzne\\\/wp-content\\\/uploads\\\/sites\\\/14\\\/2023\\\/01\\\/Logo-PANS-2022-pelne.png\",\"width\":3096,\"height\":696,\"caption\":\"Fundusze zewn\u0119trzne PANS w Kro\u015bnie\"},\"image\":{\"@id\":\"https:\\\/\\\/pans.krosno.pl\\\/fundusze-zewnetrzne\\\/#\\\/schema\\\/logo\\\/image\\\/\"}}]}<\/script>\n<!-- \/ Yoast SEO Premium plugin. -->","yoast_head_json":{"title":"Usuwanie azotu w procesie anammox: opis empiryczny i teoretyczny, praktyczne zastosowanie - Fundusze zewn\u0119trzne PANS w Kro\u015bnie","robots":{"index":"index","follow":"follow","max-snippet":"max-snippet:-1","max-image-preview":"max-image-preview:large","max-video-preview":"max-video-preview:-1"},"canonical":"https:\/\/pans.krosno.pl\/fundusze-zewnetrzne\/usuwanie-azotu-w-procesie-anammox-opis-empiryczny-i-teoretyczny-praktyczne-zastosowanie\/","og_locale":"pl_PL","og_type":"article","og_title":"Usuwanie azotu w procesie anammox: opis empiryczny i teoretyczny, praktyczne zastosowanie","og_description":"Projekt &#8222;Usuwanie azotu w procesie anammox: opis empiryczny i teoretyczny, praktyczne zastosowanie&#8221; nr DNM\/SP\/549217\/2022 jest dofinansowany ze \u015brodk\u00f3w bud\u017cetu pa\u0144stwa w ramach programu Ministra Edukacji i Nauki pod nazw\u0105 Doskona\u0142a Nauka, kwota dofinansowania 15&nbsp;000,00 z\u0142 ca\u0142kowita warto\u015b\u0107 projektu 24 448,00 z\u0142 Celem projektu jest wydanie monografii\u00a0zwi\u0105zanej z aktualnymi wyzwaniami stawianymi [\u2026] Read More","og_url":"https:\/\/pans.krosno.pl\/fundusze-zewnetrzne\/usuwanie-azotu-w-procesie-anammox-opis-empiryczny-i-teoretyczny-praktyczne-zastosowanie\/","og_site_name":"Fundusze zewn\u0119trzne PANS w Kro\u015bnie","article_modified_time":"2024-01-25T14:05:53+00:00","og_image":[{"url":"https:\/\/pans.krosno.pl\/fundusze-zewnetrzne\/wp-content\/uploads\/sites\/14\/2023\/01\/godlo-i-flaga-polski-z-ustawy2-1.jpg","type":"","width":"","height":""}],"twitter_card":"summary_large_image","twitter_misc":{"Szacowany czas czytania":"2 minuty"},"schema":{"@context":"https:\/\/schema.org","@graph":[{"@type":"WebPage","@id":"https:\/\/pans.krosno.pl\/fundusze-zewnetrzne\/usuwanie-azotu-w-procesie-anammox-opis-empiryczny-i-teoretyczny-praktyczne-zastosowanie\/","url":"https:\/\/pans.krosno.pl\/fundusze-zewnetrzne\/usuwanie-azotu-w-procesie-anammox-opis-empiryczny-i-teoretyczny-praktyczne-zastosowanie\/","name":"Usuwanie azotu w procesie anammox: opis empiryczny i teoretyczny, praktyczne zastosowanie - Fundusze zewn\u0119trzne PANS w Kro\u015bnie","isPartOf":{"@id":"https:\/\/pans.krosno.pl\/fundusze-zewnetrzne\/#website"},"primaryImageOfPage":{"@id":"https:\/\/pans.krosno.pl\/fundusze-zewnetrzne\/usuwanie-azotu-w-procesie-anammox-opis-empiryczny-i-teoretyczny-praktyczne-zastosowanie\/#primaryimage"},"image":{"@id":"https:\/\/pans.krosno.pl\/fundusze-zewnetrzne\/usuwanie-azotu-w-procesie-anammox-opis-empiryczny-i-teoretyczny-praktyczne-zastosowanie\/#primaryimage"},"thumbnailUrl":"https:\/\/pans.krosno.pl\/fundusze-zewnetrzne\/wp-content\/uploads\/sites\/14\/2023\/01\/godlo-i-flaga-polski-z-ustawy2-1.jpg","datePublished":"2023-01-19T14:28:33+00:00","dateModified":"2024-01-25T14:05:53+00:00","breadcrumb":{"@id":"https:\/\/pans.krosno.pl\/fundusze-zewnetrzne\/usuwanie-azotu-w-procesie-anammox-opis-empiryczny-i-teoretyczny-praktyczne-zastosowanie\/#breadcrumb"},"inLanguage":"pl-PL","potentialAction":[{"@type":"ReadAction","target":["https:\/\/pans.krosno.pl\/fundusze-zewnetrzne\/usuwanie-azotu-w-procesie-anammox-opis-empiryczny-i-teoretyczny-praktyczne-zastosowanie\/"]}]},{"@type":"ImageObject","inLanguage":"pl-PL","@id":"https:\/\/pans.krosno.pl\/fundusze-zewnetrzne\/usuwanie-azotu-w-procesie-anammox-opis-empiryczny-i-teoretyczny-praktyczne-zastosowanie\/#primaryimage","url":"https:\/\/pans.krosno.pl\/fundusze-zewnetrzne\/wp-content\/uploads\/sites\/14\/2023\/01\/godlo-i-flaga-polski-z-ustawy2-1.jpg","contentUrl":"https:\/\/pans.krosno.pl\/fundusze-zewnetrzne\/wp-content\/uploads\/sites\/14\/2023\/01\/godlo-i-flaga-polski-z-ustawy2-1.jpg","width":700,"height":394},{"@type":"BreadcrumbList","@id":"https:\/\/pans.krosno.pl\/fundusze-zewnetrzne\/usuwanie-azotu-w-procesie-anammox-opis-empiryczny-i-teoretyczny-praktyczne-zastosowanie\/#breadcrumb","itemListElement":[{"@type":"ListItem","position":1,"name":"Strona g\u0142\u00f3wna","item":"https:\/\/pans.krosno.pl\/fundusze-zewnetrzne\/"},{"@type":"ListItem","position":2,"name":"Usuwanie azotu w procesie anammox: opis empiryczny i teoretyczny, praktyczne zastosowanie"}]},{"@type":"WebSite","@id":"https:\/\/pans.krosno.pl\/fundusze-zewnetrzne\/#website","url":"https:\/\/pans.krosno.pl\/fundusze-zewnetrzne\/","name":"Fundusze zewn\u0119trzne PANS w Kro\u015bnie","description":"Fundusze zewn\u0119trzne  - Pa\u0144stwowa Akademia Nauk Stosowanych","publisher":{"@id":"https:\/\/pans.krosno.pl\/fundusze-zewnetrzne\/#organization"},"potentialAction":[{"@type":"SearchAction","target":{"@type":"EntryPoint","urlTemplate":"https:\/\/pans.krosno.pl\/fundusze-zewnetrzne\/?s={search_term_string}"},"query-input":{"@type":"PropertyValueSpecification","valueRequired":true,"valueName":"search_term_string"}}],"inLanguage":"pl-PL"},{"@type":"Organization","@id":"https:\/\/pans.krosno.pl\/fundusze-zewnetrzne\/#organization","name":"Fundusze zewn\u0119trzne PANS w Kro\u015bnie","url":"https:\/\/pans.krosno.pl\/fundusze-zewnetrzne\/","logo":{"@type":"ImageObject","inLanguage":"pl-PL","@id":"https:\/\/pans.krosno.pl\/fundusze-zewnetrzne\/#\/schema\/logo\/image\/","url":"https:\/\/pans.krosno.pl\/fundusze-zewnetrzne\/wp-content\/uploads\/sites\/14\/2023\/01\/Logo-PANS-2022-pelne.png","contentUrl":"https:\/\/pans.krosno.pl\/fundusze-zewnetrzne\/wp-content\/uploads\/sites\/14\/2023\/01\/Logo-PANS-2022-pelne.png","width":3096,"height":696,"caption":"Fundusze zewn\u0119trzne PANS w Kro\u015bnie"},"image":{"@id":"https:\/\/pans.krosno.pl\/fundusze-zewnetrzne\/#\/schema\/logo\/image\/"}}]}},"_links":{"self":[{"href":"https:\/\/pans.krosno.pl\/fundusze-zewnetrzne\/wp-json\/wp\/v2\/pages\/3552","targetHints":{"allow":["GET"]}}],"collection":[{"href":"https:\/\/pans.krosno.pl\/fundusze-zewnetrzne\/wp-json\/wp\/v2\/pages"}],"about":[{"href":"https:\/\/pans.krosno.pl\/fundusze-zewnetrzne\/wp-json\/wp\/v2\/types\/page"}],"author":[{"embeddable":true,"href":"https:\/\/pans.krosno.pl\/fundusze-zewnetrzne\/wp-json\/wp\/v2\/users\/52"}],"replies":[{"embeddable":true,"href":"https:\/\/pans.krosno.pl\/fundusze-zewnetrzne\/wp-json\/wp\/v2\/comments?post=3552"}],"version-history":[{"count":4,"href":"https:\/\/pans.krosno.pl\/fundusze-zewnetrzne\/wp-json\/wp\/v2\/pages\/3552\/revisions"}],"predecessor-version":[{"id":3803,"href":"https:\/\/pans.krosno.pl\/fundusze-zewnetrzne\/wp-json\/wp\/v2\/pages\/3552\/revisions\/3803"}],"wp:attachment":[{"href":"https:\/\/pans.krosno.pl\/fundusze-zewnetrzne\/wp-json\/wp\/v2\/media?parent=3552"}],"curies":[{"name":"wp","href":"https:\/\/api.w.org\/{rel}","templated":true}]}}