{"id":349,"date":"2020-05-13T16:26:10","date_gmt":"2020-05-13T14:26:10","guid":{"rendered":"https:\/\/pans.krosno.pl\/fundusze-europejskie-kursy\/?page_id=349"},"modified":"2022-05-25T09:32:12","modified_gmt":"2022-05-25T07:32:12","slug":"biuro-karier-rekrutacja","status":"publish","type":"page","link":"https:\/\/pans.krosno.pl\/fundusze-zewnetrzne\/projekty-zrealizowane\/biuro-karier\/biuro-karier-rekrutacja\/","title":{"rendered":"Zaplanuj swoj\u0105 przysz\u0142o\u015b\u0107 z Akademickim Biurem Karier w PWSZ w Kro\u015bnie &#8211; Rekrutacja"},"content":{"rendered":"<hr>\n<p><img loading=\"lazy\" decoding=\"async\" class=\"alignnone size-full wp-image-1096\" src=\"https:\/\/pans.krosno.pl\/fundusze-europejskie-kursy\/wp-content\/uploads\/sites\/14\/2020\/05\/Po-WER-NCBR-scaled.jpg\" alt=\"\" width=\"2560\" height=\"323\" srcset=\"https:\/\/pans.krosno.pl\/fundusze-zewnetrzne\/wp-content\/uploads\/sites\/14\/2020\/05\/Po-WER-NCBR-scaled.jpg 2560w, https:\/\/pans.krosno.pl\/fundusze-zewnetrzne\/wp-content\/uploads\/sites\/14\/2020\/05\/Po-WER-NCBR-300x38.jpg 300w, https:\/\/pans.krosno.pl\/fundusze-zewnetrzne\/wp-content\/uploads\/sites\/14\/2020\/05\/Po-WER-NCBR-1024x129.jpg 1024w, https:\/\/pans.krosno.pl\/fundusze-zewnetrzne\/wp-content\/uploads\/sites\/14\/2020\/05\/Po-WER-NCBR-768x97.jpg 768w, https:\/\/pans.krosno.pl\/fundusze-zewnetrzne\/wp-content\/uploads\/sites\/14\/2020\/05\/Po-WER-NCBR-1536x194.jpg 1536w, https:\/\/pans.krosno.pl\/fundusze-zewnetrzne\/wp-content\/uploads\/sites\/14\/2020\/05\/Po-WER-NCBR-2048x258.jpg 2048w, https:\/\/pans.krosno.pl\/fundusze-zewnetrzne\/wp-content\/uploads\/sites\/14\/2020\/05\/Po-WER-NCBR-2000x252.jpg 2000w, https:\/\/pans.krosno.pl\/fundusze-zewnetrzne\/wp-content\/uploads\/sites\/14\/2020\/05\/Po-WER-NCBR-800x101.jpg 800w, https:\/\/pans.krosno.pl\/fundusze-zewnetrzne\/wp-content\/uploads\/sites\/14\/2020\/05\/Po-WER-NCBR-580x73.jpg 580w\" sizes=\"auto, (max-width: 2560px) 100vw, 2560px\" \/><\/p>\n\n\n<h3 class=\"wp-block-heading\">III edycja rekrutacji uczestnik\u00f3w\/uczestniczek projektu<\/h3>\n\n\n\n<p>Mi\u0142o nam poinformowa\u0107, \u017ce wraz z pocz\u0105tkiem semestru letniego roku akademickiego 2018\/2019, rozpoczynamy III etap rekrutacji do projektu pn. \u201eZaplanuj swoj\u0105 przysz\u0142o\u015b\u0107 z Akademickim Biurem Karier w PWSZ w Kro\u015bnie\u201d wsp\u00f3\u0142finansowanego ze \u015brodk\u00f3w Unii Europejskiej w ramach Europejskiego Funduszu Spo\u0142ecznego.<\/p>\n\n\n\n<figure class=\"wp-block-image size-large\"><img loading=\"lazy\" decoding=\"async\" width=\"523\" height=\"740\" src=\"https:\/\/pans.krosno.pl\/fundusze-europejskie-kursy\/wp-content\/uploads\/sites\/14\/2020\/05\/plakat_2019_11.jpg\" alt=\"\" class=\"wp-image-352\" srcset=\"https:\/\/pans.krosno.pl\/fundusze-zewnetrzne\/wp-content\/uploads\/sites\/14\/2020\/05\/plakat_2019_11.jpg 523w, https:\/\/pans.krosno.pl\/fundusze-zewnetrzne\/wp-content\/uploads\/sites\/14\/2020\/05\/plakat_2019_11-212x300.jpg 212w\" sizes=\"auto, (max-width: 523px) 100vw, 523px\" \/><\/figure>\n\n\n\n<p>Projekt skierowany jest do student\u00f3w ostatniego semestru studi\u00f3w licencjackich.Rekrutacja do projektu: od lutego 2019 r.&nbsp;Co oferujemy w ramach projektu?<\/p>\n\n\n\n<ol class=\"wp-block-list\"><li>Badanie kompetencji, doradztwo zawodowe: okre\u015blenie zainteresowa\u0144 i predyspozycji zawodowych przy pomocy narz\u0119dzi diagnostycznych, wsparcie w tworzeniu dokument\u00f3w aplikacyjnych oraz wsparcie w poszukiwaniu zatrudnienia.<\/li><li>Warsztaty i szkolenia z przedsi\u0119biorczo\u015bci: doradztwo w zakresie przedsi\u0119biorczo\u015bci &#8211; to cykl szkole\u0144 i warsztat\u00f3w z zakresu przedsi\u0119biorczo\u015bci maj\u0105cych na celu rozwijanie i kszta\u0142towanie postaw przedsi\u0119biorczych w\u015br\u00f3d uczestnik\u00f3w projektu, zwi\u0119kszenie aktywno\u015bci zawodowej na rynku pracy, zak\u0142adanie dzia\u0142alno\u015bci gospodarczej m.in. zgodnie z kierunkiem kszta\u0142cenia.<\/li><li>Udzia\u0142 w spotkaniach z przedsi\u0119biorcami w ramach Targ\u00f3w Pracy.<\/li><li>Symulacja rozmowy kwalifikacyjnej.<\/li><\/ol>\n\n\n\n<p>&nbsp;Dokumenty rekrutacyjne mo\u017cna wype\u0142ni\u0107 i z\u0142o\u017cy\u0107 bezpo\u015brednio w Biurze Karier PWSZ w Kro\u015bnie lub wydrukowa\u0107 i donie\u015b\u0107 do ABK.&nbsp;Dokumenty rekrutacyjne:&nbsp;<a href=\"http:\/\/www.pwsz.krosno.pl\/gfx\/pwszkrosno\/userfiles\/andrzej.przytocki\/regulamin_projektu.pdf\">Regulamin Projektu<\/a><a href=\"http:\/\/www.pwsz.krosno.pl\/gfx\/pwszkrosno\/userfiles\/andrzej.przytocki\/zalacznik_nr_1_do_regulaminu_-_formularz_rekrutacyjny_2.pdf\">Formularz rekrutacyjny<\/a><a href=\"http:\/\/www.pwsz.krosno.pl\/gfx\/pwszkrosno\/userfiles\/andrzej.przytocki\/zalacznik_nr_2_do_regulaminu_-_deklaracja_uczestnictwa_w_projekcie.pdf\">Deklaracja uczestnictwa w Projekcie<\/a><a href=\"http:\/\/www.pwsz.krosno.pl\/gfx\/pwszkrosno\/userfiles\/andrzej.przytocki\/zalacznik_nr_3_do_regulaminu_-_oswiadczenie_uczestnika_projektu_rodo_obowiazuje_od_25.05.2018.pdf\">O\u015bwiadczenie uczestnika Projektu&nbsp;<\/a>&nbsp;Je\u015bli masz pytania zadzwo\u0144 lub napisz.Kontakt:Akademickie Biuro Karier PWSZ w Kro\u015bnie,ul. Rynek 1, 38 \u2013 400 Krosnopok\u00f3j 01tel. 13 43 755 18e-mail: biurokarier@pans.krosno.pl&nbsp;<\/p>\n\n\n\n<h3 class=\"wp-block-heading\">\u201eZaplanuj swoj\u0105 przysz\u0142o\u015b\u0107 z Akademickim Biurem Karier w PWSZ w Kro\u015bnie\u201d<\/h3>\n\n\n\n<p>Mi\u0142o nam poinformowa\u0107, \u017ce wraz z pocz\u0105tkiem roku akademickiego 2018\/2019, rozpoczynamy kolejny etap rekrutacji do projektu: \u201eZaplanuj swoj\u0105 przysz\u0142o\u015b\u0107 z Akademickim Biurem Karier w PWSZ w Kro\u015bnie\u201d dofinansowanego ze \u015brodk\u00f3w Unii Europejskiej w ramach Europejskiego Funduszu Spo\u0142ecznego.<\/p>\n\n\n\n<figure class=\"wp-block-image size-large\"><img loading=\"lazy\" decoding=\"async\" width=\"523\" height=\"740\" src=\"https:\/\/pans.krosno.pl\/fundusze-europejskie-kursy\/wp-content\/uploads\/sites\/14\/2020\/05\/plakat_2018_11-1-1.jpg\" alt=\"\" class=\"wp-image-351\" srcset=\"https:\/\/pans.krosno.pl\/fundusze-zewnetrzne\/wp-content\/uploads\/sites\/14\/2020\/05\/plakat_2018_11-1-1.jpg 523w, https:\/\/pans.krosno.pl\/fundusze-zewnetrzne\/wp-content\/uploads\/sites\/14\/2020\/05\/plakat_2018_11-1-1-212x300.jpg 212w\" sizes=\"auto, (max-width: 523px) 100vw, 523px\" \/><\/figure>\n\n\n\n<p>Projekt skierowany jest do student\u00f3w ostatniego semestru studi\u00f3w in\u017cynierskich.<br><strong>Rekrutacja do projektu:&nbsp;<\/strong>od 01 pa\u017adziernikka 2018<\/p>\n\n\n\n<p><strong>Co oferujemy w ramach projektu?<\/strong><br>1. Badanie kompetencji, doradztwo zawodowe: okre\u015blenie zainteresowa\u0144 i predyspozycji zawodowych przy pomocy narz\u0119dzi diagnostycznych, wsparcie w tworzeniu dokument\u00f3w aplikacyjnych oraz wsparcie w poszukiwaniu zatrudnienia.<br>2. Warsztaty i szkolenia z przedsi\u0119biorczo\u015bci: doradztwo w zakresie przedsi\u0119biorczo\u015bci &#8211; to cykl szkole\u0144 i warsztat\u00f3w z zakresu przedsi\u0119biorczo\u015bci maj\u0105cych na celu rozwijanie i kszta\u0142towanie postaw przedsi\u0119biorczych w\u015br\u00f3d uczestnik\u00f3w projektu, zwi\u0119kszenie aktywno\u015bci zawodowej na rynku pracy, zak\u0142adanie dzia\u0142alno\u015bci gospodarczej m.in. zgodnie z kierunkiem kszta\u0142cenia.<br>3. Udzia\u0142 w spotkaniach z przedsi\u0119biorcami w ramach Targ\u00f3w Pracy.<br>4. Symulacja rozmowy kwalifikacyjnej.<\/p>\n\n\n\n<p>Dokumenty rekrutacyjne mo\u017cna wype\u0142ni\u0107 i z\u0142o\u017cy\u0107 bezpo\u015brednio w Biurze Karier PWSZ w Kro\u015bnie lub wydrukowa\u0107 i donie\u015b\u0107 do ABK.<\/p>\n\n\n\n<p><strong>Dokumenty rekrutacyjne:<\/strong><\/p>\n\n\n\n<p><a href=\"http:\/\/www.pwsz.krosno.pl\/gfx\/pwszkrosno\/pl\/defaultopisy\/1679\/1\/1\/regulamin_projektu.pdf\"><strong>Regulamin Projektu<\/strong><\/a><\/p>\n\n\n\n<p><a href=\"http:\/\/www.pwsz.krosno.pl\/gfx\/pwszkrosno\/pl\/defaultopisy\/1679\/1\/1\/zalacznik_nr_1_do_regulaminu_-_formularz_rekrutacyjny_2.pdf\"><strong>Formularz rekrutacyjny<\/strong><\/a><\/p>\n\n\n\n<p><a href=\"http:\/\/www.pwsz.krosno.pl\/gfx\/pwszkrosno\/pl\/defaultopisy\/1679\/1\/1\/zalacznik_nr_2_do_regulaminu_-_deklaracja_uczestnictwa_w_projekcie.pdf\"><strong>Deklaracja uczestnictwa w Projekcie<\/strong><\/a><\/p>\n\n\n\n<p><a href=\"http:\/\/pwsz.krosno.pl\/gfx\/pwszkrosno\/pl\/defaultopisy\/1679\/1\/1\/zalacznik_nr_3_do_regulaminu_-_oswiadczenie_uczestnika_projektu_rodo_obowiazuje_od_25.05.2018.pdf\"><strong>O\u015bwiadczenie uczestnika Projektu<\/strong><\/a><br><br>Je\u015bli masz pytania zadzwo\u0144 lub napisz.<br>Kontakt:<br>Akademickie Biuro Karier PWSZ w Kro\u015bnie,<br>ul. Rynek 1, 38 \u2013 400 Krosno<br>pok\u00f3j 01<br>tel. 13 43 755 18<br>e-mail:&nbsp;<a href=\"mailto:biurokarier@pans.krosno.pl\">biurokarier@pans.krosno.pl<\/a><\/p>\n\n\n\n<h3 class=\"wp-block-heading\">&#8222;Zaplanuj swoj\u0105 przysz\u0142o\u015b\u0107 z Akademickim Biurem Karier w PWSZ w Kro\u015bnie&#8221;<\/h3>\n\n\n\n<p>Mi\u0142o nam poinformowa\u0107, \u017ce wraz z pocz\u0105tkiem 2018 roku rozpoczynamy realizacj\u0119 projektu: \u201eZaplanuj swoj\u0105 przysz\u0142o\u015b\u0107 z Akademickim Biurem Karier w PWSZ w Kro\u015bnie\u201d dofinansowanego ze \u015brodk\u00f3w Unii Europejskiej w ramach Europejskiego Funduszu Spo\u0142ecznego.<\/p>\n\n\n\n<figure class=\"wp-block-image size-large\"><img loading=\"lazy\" decoding=\"async\" width=\"523\" height=\"740\" src=\"https:\/\/pans.krosno.pl\/fundusze-europejskie-kursy\/wp-content\/uploads\/sites\/14\/2020\/05\/bk.jpg\" alt=\"\" class=\"wp-image-350\" srcset=\"https:\/\/pans.krosno.pl\/fundusze-zewnetrzne\/wp-content\/uploads\/sites\/14\/2020\/05\/bk.jpg 523w, https:\/\/pans.krosno.pl\/fundusze-zewnetrzne\/wp-content\/uploads\/sites\/14\/2020\/05\/bk-212x300.jpg 212w\" sizes=\"auto, (max-width: 523px) 100vw, 523px\" \/><\/figure>\n\n\n\n<p>Badanie kompetencji, doradztwo zawodowe, warsztaty i szkolenia z przedsi\u0119biorczo\u015bci, Targi Pracy \u2013 to najwa\u017cniejsze elementy projektu \u201eZaplanuj swoj\u0105 przysz\u0142o\u015b\u0107 z Akademickim Biurem Karier w PWSZ w Kro\u015bnie\u201d, kt\u00f3rymi zostan\u0105 obj\u0119ci studenci PWSZ w Kro\u015bnie.&nbsp;<br>Rekrutacja ju\u017c trwa!!!&nbsp; Projekt skierowany jest do student\u00f3w ostatniego roku studi\u00f3w stacjonarnych i niestacjonarnych.<br>Uczestnicy projektu podnios\u0105 swoje kompetencje w zakresie przedsi\u0119biorczo\u015bci i przygotuj\u0105 si\u0119 do wej\u015bcia na rynek pracy, poprzez budowanie \u015bwiadomo\u015bci, rozwijanie postaw przedsi\u0119biorczych oraz kszta\u0142towanie swojej \u015bcie\u017cki kariery<\/p>\n\n\n\n<p><br><strong>Rekrutacja trwa! Zg\u0142o\u015b si\u0119 ju\u017c dzisiaj!<\/strong><\/p>\n\n\n\n<p><br>Kto mo\u017ce wzi\u0105\u0107 udzia\u0142?<br>Studenci ostatniego roku studi\u00f3w stacjonarnych i niestacjonarnych&nbsp;<\/p>\n\n\n\n<p><br><strong>Co oferujemy w ramach projektu?<\/strong><\/p>\n\n\n\n<p><br>\u2022&nbsp;&nbsp;&nbsp; indywidualne doradztwo zawodowe&nbsp; oraz diagnoz\u0119 kompetencji i predyspozycji zawodowych &#8211; doradca zawodowy pomo\u017ce Ci w okre\u015bleniu zainteresowa\u0144 i predyspozycji zawodowych. Dzi\u0119ki narz\u0119dziom diagnostycznym lepiej poznasz swoje kompetencje, obszary do rozwoju oraz potrzeby. Otrzymasz wsparcie w tworzeniu planu kariery, a tak\u017ce przygotujesz si\u0119 do wej\u015bcia na rynek pracy.<br>\u2022&nbsp;&nbsp;&nbsp; doradztwo w zakresie przedsi\u0119biorczo\u015bci &#8211; to cykl szkole\u0144 i warsztat\u00f3w z zakresu przedsi\u0119biorczo\u015bci maj\u0105cych na celu rozwijanie i kszta\u0142towanie postaw przedsi\u0119biorczych w\u015br\u00f3d uczestnik\u00f3w projektu, zwi\u0119kszenie aktywno\u015bci zawodowej na rynku pracy, zak\u0142adanie dzia\u0142alno\u015bci gospodarczej m.in. zgodnie z kierunkiem kszta\u0142cenia.<\/p>\n\n\n\n<p><strong>Mo\u017cecie wzi\u0105\u0107 udzia\u0142 w dowolnej ilo\u015bci szkole\u0144!<\/strong><br><br>Je\u015bli masz pytania zadzwo\u0144 lub napisz.<br>Kontakt:<br>Akademickie Biuro Karier PWSZ w Kro\u015bnie,<br>ul. Rynek 1, 38 \u2013 400 Krosno<br>pok\u00f3j 01<br>tel. 13 43 755 18<br>e-mail: biurokarier@pans.krosno.pl<\/p>\n","protected":false},"excerpt":{"rendered":"<p>III edycja rekrutacji uczestnik\u00f3w\/uczestniczek projektu Mi\u0142o nam poinformowa\u0107, \u017ce wraz z pocz\u0105tkiem semestru letniego roku akademickiego 2018\/2019, rozpoczynamy III etap rekrutacji do projektu pn. \u201eZaplanuj swoj\u0105 przysz\u0142o\u015b\u0107 z Akademickim Biurem Karier w PWSZ w Kro\u015bnie\u201d wsp\u00f3\u0142finansowanego ze \u015brodk\u00f3w Unii Europejskiej w ramach Europejskiego Funduszu Spo\u0142ecznego. Projekt skierowany jest do student\u00f3w [\u2026] <\/p>\n<div class=\"clear\"><\/div>\n<p><a class=\"more_link clearfix\" href=\"https:\/\/pans.krosno.pl\/fundusze-zewnetrzne\/projekty-zrealizowane\/biuro-karier\/biuro-karier-rekrutacja\/\" rel=\"nofollow\">Read More<\/a><\/p>\n","protected":false},"author":27,"featured_media":0,"parent":281,"menu_order":0,"comment_status":"closed","ping_status":"closed","template":"page-templates\/template-full-width.php","meta":{"ngg_post_thumbnail":0,"footnotes":""},"class_list":["post-349","page","type-page","status-publish","hentry"],"yoast_head":"<!-- This site is optimized with the Yoast SEO Premium plugin v27.3 (Yoast SEO v27.3) - https:\/\/yoast.com\/product\/yoast-seo-premium-wordpress\/ -->\n<title>Zaplanuj swoj\u0105 przysz\u0142o\u015b\u0107 z Akademickim Biurem Karier w PWSZ w Kro\u015bnie - Rekrutacja - Fundusze zewn\u0119trzne PANS w Kro\u015bnie<\/title>\n<meta name=\"robots\" content=\"index, follow, max-snippet:-1, max-image-preview:large, max-video-preview:-1\" \/>\n<link rel=\"canonical\" href=\"https:\/\/pans.krosno.pl\/fundusze-zewnetrzne\/projekty-zrealizowane\/biuro-karier\/biuro-karier-rekrutacja\/\" \/>\n<meta property=\"og:locale\" content=\"pl_PL\" \/>\n<meta property=\"og:type\" content=\"article\" \/>\n<meta property=\"og:title\" content=\"Zaplanuj swoj\u0105 przysz\u0142o\u015b\u0107 z Akademickim Biurem Karier w PWSZ w Kro\u015bnie - Rekrutacja\" \/>\n<meta property=\"og:description\" content=\"III edycja rekrutacji uczestnik\u00f3w\/uczestniczek projektu Mi\u0142o nam poinformowa\u0107, \u017ce wraz z pocz\u0105tkiem semestru letniego roku akademickiego 2018\/2019, rozpoczynamy III etap rekrutacji do projektu pn. \u201eZaplanuj swoj\u0105 przysz\u0142o\u015b\u0107 z Akademickim Biurem Karier w PWSZ w Kro\u015bnie\u201d wsp\u00f3\u0142finansowanego ze \u015brodk\u00f3w Unii Europejskiej w ramach Europejskiego Funduszu Spo\u0142ecznego. Projekt skierowany jest do student\u00f3w [\u2026] Read More\" \/>\n<meta property=\"og:url\" content=\"https:\/\/pans.krosno.pl\/fundusze-zewnetrzne\/projekty-zrealizowane\/biuro-karier\/biuro-karier-rekrutacja\/\" \/>\n<meta property=\"og:site_name\" content=\"Fundusze zewn\u0119trzne PANS w Kro\u015bnie\" \/>\n<meta property=\"article:modified_time\" content=\"2022-05-25T07:32:12+00:00\" \/>\n<meta property=\"og:image\" content=\"https:\/\/pans.krosno.pl\/fundusze-europejskie-kursy\/wp-content\/uploads\/sites\/14\/2020\/05\/Po-WER-NCBR-scaled.jpg\" \/>\n<meta name=\"twitter:card\" content=\"summary_large_image\" \/>\n<meta name=\"twitter:label1\" content=\"Szacowany czas czytania\" \/>\n\t<meta name=\"twitter:data1\" content=\"5 minut\" \/>\n<script type=\"application\/ld+json\" class=\"yoast-schema-graph\">{\"@context\":\"https:\\\/\\\/schema.org\",\"@graph\":[{\"@type\":\"WebPage\",\"@id\":\"https:\\\/\\\/pans.krosno.pl\\\/fundusze-zewnetrzne\\\/projekty-zrealizowane\\\/biuro-karier\\\/biuro-karier-rekrutacja\\\/\",\"url\":\"https:\\\/\\\/pans.krosno.pl\\\/fundusze-zewnetrzne\\\/projekty-zrealizowane\\\/biuro-karier\\\/biuro-karier-rekrutacja\\\/\",\"name\":\"Zaplanuj swoj\u0105 przysz\u0142o\u015b\u0107 z Akademickim Biurem Karier w PWSZ w Kro\u015bnie - Rekrutacja - Fundusze zewn\u0119trzne PANS w Kro\u015bnie\",\"isPartOf\":{\"@id\":\"https:\\\/\\\/pans.krosno.pl\\\/fundusze-zewnetrzne\\\/#website\"},\"primaryImageOfPage\":{\"@id\":\"https:\\\/\\\/pans.krosno.pl\\\/fundusze-zewnetrzne\\\/projekty-zrealizowane\\\/biuro-karier\\\/biuro-karier-rekrutacja\\\/#primaryimage\"},\"image\":{\"@id\":\"https:\\\/\\\/pans.krosno.pl\\\/fundusze-zewnetrzne\\\/projekty-zrealizowane\\\/biuro-karier\\\/biuro-karier-rekrutacja\\\/#primaryimage\"},\"thumbnailUrl\":\"https:\\\/\\\/pans.krosno.pl\\\/fundusze-europejskie-kursy\\\/wp-content\\\/uploads\\\/sites\\\/14\\\/2020\\\/05\\\/Po-WER-NCBR-scaled.jpg\",\"datePublished\":\"2020-05-13T14:26:10+00:00\",\"dateModified\":\"2022-05-25T07:32:12+00:00\",\"breadcrumb\":{\"@id\":\"https:\\\/\\\/pans.krosno.pl\\\/fundusze-zewnetrzne\\\/projekty-zrealizowane\\\/biuro-karier\\\/biuro-karier-rekrutacja\\\/#breadcrumb\"},\"inLanguage\":\"pl-PL\",\"potentialAction\":[{\"@type\":\"ReadAction\",\"target\":[\"https:\\\/\\\/pans.krosno.pl\\\/fundusze-zewnetrzne\\\/projekty-zrealizowane\\\/biuro-karier\\\/biuro-karier-rekrutacja\\\/\"]}]},{\"@type\":\"ImageObject\",\"inLanguage\":\"pl-PL\",\"@id\":\"https:\\\/\\\/pans.krosno.pl\\\/fundusze-zewnetrzne\\\/projekty-zrealizowane\\\/biuro-karier\\\/biuro-karier-rekrutacja\\\/#primaryimage\",\"url\":\"https:\\\/\\\/pans.krosno.pl\\\/fundusze-europejskie-kursy\\\/wp-content\\\/uploads\\\/sites\\\/14\\\/2020\\\/05\\\/Po-WER-NCBR-scaled.jpg\",\"contentUrl\":\"https:\\\/\\\/pans.krosno.pl\\\/fundusze-europejskie-kursy\\\/wp-content\\\/uploads\\\/sites\\\/14\\\/2020\\\/05\\\/Po-WER-NCBR-scaled.jpg\"},{\"@type\":\"BreadcrumbList\",\"@id\":\"https:\\\/\\\/pans.krosno.pl\\\/fundusze-zewnetrzne\\\/projekty-zrealizowane\\\/biuro-karier\\\/biuro-karier-rekrutacja\\\/#breadcrumb\",\"itemListElement\":[{\"@type\":\"ListItem\",\"position\":1,\"name\":\"Strona g\u0142\u00f3wna\",\"item\":\"https:\\\/\\\/pans.krosno.pl\\\/fundusze-zewnetrzne\\\/\"},{\"@type\":\"ListItem\",\"position\":2,\"name\":\"Projekty zrealizowane\",\"item\":\"https:\\\/\\\/pans.krosno.pl\\\/fundusze-zewnetrzne\\\/projekty-zrealizowane\\\/\"},{\"@type\":\"ListItem\",\"position\":3,\"name\":\"Zaplanuj swoj\u0105 przysz\u0142o\u015b\u0107 z Akademickim Biurem Karier w PWSZ w Kro\u015bnie\",\"item\":\"https:\\\/\\\/pans.krosno.pl\\\/fundusze-zewnetrzne\\\/projekty-zrealizowane\\\/biuro-karier\\\/\"},{\"@type\":\"ListItem\",\"position\":4,\"name\":\"Zaplanuj swoj\u0105 przysz\u0142o\u015b\u0107 z Akademickim Biurem Karier w PWSZ w Kro\u015bnie &#8211; Rekrutacja\"}]},{\"@type\":\"WebSite\",\"@id\":\"https:\\\/\\\/pans.krosno.pl\\\/fundusze-zewnetrzne\\\/#website\",\"url\":\"https:\\\/\\\/pans.krosno.pl\\\/fundusze-zewnetrzne\\\/\",\"name\":\"Fundusze zewn\u0119trzne PANS w Kro\u015bnie\",\"description\":\"Fundusze zewn\u0119trzne  - Pa\u0144stwowa Akademia Nauk Stosowanych\",\"publisher\":{\"@id\":\"https:\\\/\\\/pans.krosno.pl\\\/fundusze-zewnetrzne\\\/#organization\"},\"potentialAction\":[{\"@type\":\"SearchAction\",\"target\":{\"@type\":\"EntryPoint\",\"urlTemplate\":\"https:\\\/\\\/pans.krosno.pl\\\/fundusze-zewnetrzne\\\/?s={search_term_string}\"},\"query-input\":{\"@type\":\"PropertyValueSpecification\",\"valueRequired\":true,\"valueName\":\"search_term_string\"}}],\"inLanguage\":\"pl-PL\"},{\"@type\":\"Organization\",\"@id\":\"https:\\\/\\\/pans.krosno.pl\\\/fundusze-zewnetrzne\\\/#organization\",\"name\":\"Fundusze zewn\u0119trzne PANS w Kro\u015bnie\",\"url\":\"https:\\\/\\\/pans.krosno.pl\\\/fundusze-zewnetrzne\\\/\",\"logo\":{\"@type\":\"ImageObject\",\"inLanguage\":\"pl-PL\",\"@id\":\"https:\\\/\\\/pans.krosno.pl\\\/fundusze-zewnetrzne\\\/#\\\/schema\\\/logo\\\/image\\\/\",\"url\":\"https:\\\/\\\/pans.krosno.pl\\\/fundusze-zewnetrzne\\\/wp-content\\\/uploads\\\/sites\\\/14\\\/2023\\\/01\\\/Logo-PANS-2022-pelne.png\",\"contentUrl\":\"https:\\\/\\\/pans.krosno.pl\\\/fundusze-zewnetrzne\\\/wp-content\\\/uploads\\\/sites\\\/14\\\/2023\\\/01\\\/Logo-PANS-2022-pelne.png\",\"width\":3096,\"height\":696,\"caption\":\"Fundusze zewn\u0119trzne PANS w Kro\u015bnie\"},\"image\":{\"@id\":\"https:\\\/\\\/pans.krosno.pl\\\/fundusze-zewnetrzne\\\/#\\\/schema\\\/logo\\\/image\\\/\"}}]}<\/script>\n<!-- \/ Yoast SEO Premium plugin. -->","yoast_head_json":{"title":"Zaplanuj swoj\u0105 przysz\u0142o\u015b\u0107 z Akademickim Biurem Karier w PWSZ w Kro\u015bnie - Rekrutacja - Fundusze zewn\u0119trzne PANS w Kro\u015bnie","robots":{"index":"index","follow":"follow","max-snippet":"max-snippet:-1","max-image-preview":"max-image-preview:large","max-video-preview":"max-video-preview:-1"},"canonical":"https:\/\/pans.krosno.pl\/fundusze-zewnetrzne\/projekty-zrealizowane\/biuro-karier\/biuro-karier-rekrutacja\/","og_locale":"pl_PL","og_type":"article","og_title":"Zaplanuj swoj\u0105 przysz\u0142o\u015b\u0107 z Akademickim Biurem Karier w PWSZ w Kro\u015bnie - Rekrutacja","og_description":"III edycja rekrutacji uczestnik\u00f3w\/uczestniczek projektu Mi\u0142o nam poinformowa\u0107, \u017ce wraz z pocz\u0105tkiem semestru letniego roku akademickiego 2018\/2019, rozpoczynamy III etap rekrutacji do projektu pn. \u201eZaplanuj swoj\u0105 przysz\u0142o\u015b\u0107 z Akademickim Biurem Karier w PWSZ w Kro\u015bnie\u201d wsp\u00f3\u0142finansowanego ze \u015brodk\u00f3w Unii Europejskiej w ramach Europejskiego Funduszu Spo\u0142ecznego. Projekt skierowany jest do student\u00f3w [\u2026] Read More","og_url":"https:\/\/pans.krosno.pl\/fundusze-zewnetrzne\/projekty-zrealizowane\/biuro-karier\/biuro-karier-rekrutacja\/","og_site_name":"Fundusze zewn\u0119trzne PANS w Kro\u015bnie","article_modified_time":"2022-05-25T07:32:12+00:00","og_image":[{"url":"https:\/\/pans.krosno.pl\/fundusze-europejskie-kursy\/wp-content\/uploads\/sites\/14\/2020\/05\/Po-WER-NCBR-scaled.jpg","type":"","width":"","height":""}],"twitter_card":"summary_large_image","twitter_misc":{"Szacowany czas czytania":"5 minut"},"schema":{"@context":"https:\/\/schema.org","@graph":[{"@type":"WebPage","@id":"https:\/\/pans.krosno.pl\/fundusze-zewnetrzne\/projekty-zrealizowane\/biuro-karier\/biuro-karier-rekrutacja\/","url":"https:\/\/pans.krosno.pl\/fundusze-zewnetrzne\/projekty-zrealizowane\/biuro-karier\/biuro-karier-rekrutacja\/","name":"Zaplanuj swoj\u0105 przysz\u0142o\u015b\u0107 z Akademickim Biurem Karier w PWSZ w Kro\u015bnie - Rekrutacja - Fundusze zewn\u0119trzne PANS w Kro\u015bnie","isPartOf":{"@id":"https:\/\/pans.krosno.pl\/fundusze-zewnetrzne\/#website"},"primaryImageOfPage":{"@id":"https:\/\/pans.krosno.pl\/fundusze-zewnetrzne\/projekty-zrealizowane\/biuro-karier\/biuro-karier-rekrutacja\/#primaryimage"},"image":{"@id":"https:\/\/pans.krosno.pl\/fundusze-zewnetrzne\/projekty-zrealizowane\/biuro-karier\/biuro-karier-rekrutacja\/#primaryimage"},"thumbnailUrl":"https:\/\/pans.krosno.pl\/fundusze-europejskie-kursy\/wp-content\/uploads\/sites\/14\/2020\/05\/Po-WER-NCBR-scaled.jpg","datePublished":"2020-05-13T14:26:10+00:00","dateModified":"2022-05-25T07:32:12+00:00","breadcrumb":{"@id":"https:\/\/pans.krosno.pl\/fundusze-zewnetrzne\/projekty-zrealizowane\/biuro-karier\/biuro-karier-rekrutacja\/#breadcrumb"},"inLanguage":"pl-PL","potentialAction":[{"@type":"ReadAction","target":["https:\/\/pans.krosno.pl\/fundusze-zewnetrzne\/projekty-zrealizowane\/biuro-karier\/biuro-karier-rekrutacja\/"]}]},{"@type":"ImageObject","inLanguage":"pl-PL","@id":"https:\/\/pans.krosno.pl\/fundusze-zewnetrzne\/projekty-zrealizowane\/biuro-karier\/biuro-karier-rekrutacja\/#primaryimage","url":"https:\/\/pans.krosno.pl\/fundusze-europejskie-kursy\/wp-content\/uploads\/sites\/14\/2020\/05\/Po-WER-NCBR-scaled.jpg","contentUrl":"https:\/\/pans.krosno.pl\/fundusze-europejskie-kursy\/wp-content\/uploads\/sites\/14\/2020\/05\/Po-WER-NCBR-scaled.jpg"},{"@type":"BreadcrumbList","@id":"https:\/\/pans.krosno.pl\/fundusze-zewnetrzne\/projekty-zrealizowane\/biuro-karier\/biuro-karier-rekrutacja\/#breadcrumb","itemListElement":[{"@type":"ListItem","position":1,"name":"Strona g\u0142\u00f3wna","item":"https:\/\/pans.krosno.pl\/fundusze-zewnetrzne\/"},{"@type":"ListItem","position":2,"name":"Projekty zrealizowane","item":"https:\/\/pans.krosno.pl\/fundusze-zewnetrzne\/projekty-zrealizowane\/"},{"@type":"ListItem","position":3,"name":"Zaplanuj swoj\u0105 przysz\u0142o\u015b\u0107 z Akademickim Biurem Karier w PWSZ w Kro\u015bnie","item":"https:\/\/pans.krosno.pl\/fundusze-zewnetrzne\/projekty-zrealizowane\/biuro-karier\/"},{"@type":"ListItem","position":4,"name":"Zaplanuj swoj\u0105 przysz\u0142o\u015b\u0107 z Akademickim Biurem Karier w PWSZ w Kro\u015bnie &#8211; Rekrutacja"}]},{"@type":"WebSite","@id":"https:\/\/pans.krosno.pl\/fundusze-zewnetrzne\/#website","url":"https:\/\/pans.krosno.pl\/fundusze-zewnetrzne\/","name":"Fundusze zewn\u0119trzne PANS w Kro\u015bnie","description":"Fundusze zewn\u0119trzne  - Pa\u0144stwowa Akademia Nauk Stosowanych","publisher":{"@id":"https:\/\/pans.krosno.pl\/fundusze-zewnetrzne\/#organization"},"potentialAction":[{"@type":"SearchAction","target":{"@type":"EntryPoint","urlTemplate":"https:\/\/pans.krosno.pl\/fundusze-zewnetrzne\/?s={search_term_string}"},"query-input":{"@type":"PropertyValueSpecification","valueRequired":true,"valueName":"search_term_string"}}],"inLanguage":"pl-PL"},{"@type":"Organization","@id":"https:\/\/pans.krosno.pl\/fundusze-zewnetrzne\/#organization","name":"Fundusze zewn\u0119trzne PANS w Kro\u015bnie","url":"https:\/\/pans.krosno.pl\/fundusze-zewnetrzne\/","logo":{"@type":"ImageObject","inLanguage":"pl-PL","@id":"https:\/\/pans.krosno.pl\/fundusze-zewnetrzne\/#\/schema\/logo\/image\/","url":"https:\/\/pans.krosno.pl\/fundusze-zewnetrzne\/wp-content\/uploads\/sites\/14\/2023\/01\/Logo-PANS-2022-pelne.png","contentUrl":"https:\/\/pans.krosno.pl\/fundusze-zewnetrzne\/wp-content\/uploads\/sites\/14\/2023\/01\/Logo-PANS-2022-pelne.png","width":3096,"height":696,"caption":"Fundusze zewn\u0119trzne PANS w Kro\u015bnie"},"image":{"@id":"https:\/\/pans.krosno.pl\/fundusze-zewnetrzne\/#\/schema\/logo\/image\/"}}]}},"_links":{"self":[{"href":"https:\/\/pans.krosno.pl\/fundusze-zewnetrzne\/wp-json\/wp\/v2\/pages\/349","targetHints":{"allow":["GET"]}}],"collection":[{"href":"https:\/\/pans.krosno.pl\/fundusze-zewnetrzne\/wp-json\/wp\/v2\/pages"}],"about":[{"href":"https:\/\/pans.krosno.pl\/fundusze-zewnetrzne\/wp-json\/wp\/v2\/types\/page"}],"author":[{"embeddable":true,"href":"https:\/\/pans.krosno.pl\/fundusze-zewnetrzne\/wp-json\/wp\/v2\/users\/27"}],"replies":[{"embeddable":true,"href":"https:\/\/pans.krosno.pl\/fundusze-zewnetrzne\/wp-json\/wp\/v2\/comments?post=349"}],"version-history":[{"count":10,"href":"https:\/\/pans.krosno.pl\/fundusze-zewnetrzne\/wp-json\/wp\/v2\/pages\/349\/revisions"}],"predecessor-version":[{"id":3244,"href":"https:\/\/pans.krosno.pl\/fundusze-zewnetrzne\/wp-json\/wp\/v2\/pages\/349\/revisions\/3244"}],"up":[{"embeddable":true,"href":"https:\/\/pans.krosno.pl\/fundusze-zewnetrzne\/wp-json\/wp\/v2\/pages\/281"}],"wp:attachment":[{"href":"https:\/\/pans.krosno.pl\/fundusze-zewnetrzne\/wp-json\/wp\/v2\/media?parent=349"}],"curies":[{"name":"wp","href":"https:\/\/api.w.org\/{rel}","templated":true}]}}