{"id":3287,"date":"2022-07-20T14:31:04","date_gmt":"2022-07-20T12:31:04","guid":{"rendered":"https:\/\/pans.krosno.pl\/fundusze-zewnetrzne\/?page_id=3287"},"modified":"2022-07-22T13:13:48","modified_gmt":"2022-07-22T11:13:48","slug":"dostepnosc-2","status":"publish","type":"page","link":"https:\/\/pans.krosno.pl\/fundusze-zewnetrzne\/dostepnosc-2\/","title":{"rendered":"Dost\u0119pno\u015b\u0107"},"content":{"rendered":"\n<figure class=\"wp-block-image size-large\"><img loading=\"lazy\" decoding=\"async\" width=\"1024\" height=\"131\" src=\"https:\/\/pans.krosno.pl\/fundusze-zewnetrzne\/wp-content\/uploads\/sites\/14\/2020\/05\/LOGO-KOLOR-18-1024x131.jpg\" alt=\"\" class=\"wp-image-1148\" srcset=\"https:\/\/pans.krosno.pl\/fundusze-zewnetrzne\/wp-content\/uploads\/sites\/14\/2020\/05\/LOGO-KOLOR-18-1024x131.jpg 1024w, https:\/\/pans.krosno.pl\/fundusze-zewnetrzne\/wp-content\/uploads\/sites\/14\/2020\/05\/LOGO-KOLOR-18-300x38.jpg 300w, https:\/\/pans.krosno.pl\/fundusze-zewnetrzne\/wp-content\/uploads\/sites\/14\/2020\/05\/LOGO-KOLOR-18-768x99.jpg 768w, https:\/\/pans.krosno.pl\/fundusze-zewnetrzne\/wp-content\/uploads\/sites\/14\/2020\/05\/LOGO-KOLOR-18-1536x197.jpg 1536w, https:\/\/pans.krosno.pl\/fundusze-zewnetrzne\/wp-content\/uploads\/sites\/14\/2020\/05\/LOGO-KOLOR-18-800x103.jpg 800w, https:\/\/pans.krosno.pl\/fundusze-zewnetrzne\/wp-content\/uploads\/sites\/14\/2020\/05\/LOGO-KOLOR-18-580x74.jpg 580w, https:\/\/pans.krosno.pl\/fundusze-zewnetrzne\/wp-content\/uploads\/sites\/14\/2020\/05\/LOGO-KOLOR-18.jpg 1988w\" sizes=\"auto, (max-width: 1024px) 100vw, 1024px\" \/><\/figure>\n\n\n\n<p>Wszystkie dzia\u0142ania w ramach projektu &#8222;Uczelnia bez barier &#8211; w kierunku edukacji w\u0142\u0105czaj\u0105cej&#8221; s\u0105 realizowane zgodnie ze standardami dost\u0119pno\u015bci.<\/p>\n\n\n\n<p>Wszystkie przedsi\u0119wzi\u0119cia s\u0105 realizowane zgodnie z zasad\u0105 r\u00f3wno\u015bci szans kobiet i m\u0119\u017cczyzn oraz z zasad\u0105 r\u00f3wno\u015bci szans i dost\u0119pno\u015bci dla os\u00f3b z niepe\u0142nosprawno\u015bciami. Beneficjent gwarantuje r\u00f3wny dost\u0119p do zaplanowanych wydarze\u0144 wszystkim uczestnikom\/-czkom, takie same wymagania oraz spos\u00f3b realizacji niezale\u017cnie od p\u0142ci, wyznania, narodowo\u015bci itp.<\/p>\n\n\n\n<p>Wszystkie zaj\u0119cia\/wydarzenia w ramach projektu s\u0105 realizowane w budynkach dostosowanych do potrzeb os\u00f3b z niepe\u0142nosprawno\u015bciami i s\u0105 w pe\u0142ni dost\u0119pne.<\/p>\n\n\n\n<p>W zwi\u0105zku z tym prosimy o&nbsp;<strong>ZG\u0141ASZANIE SPECJALNYCH POTRZEB UCZESTNIK\u00d3W PROJEKTU<\/strong>&nbsp;do wyznaczonej \u201eosoby pierwszego kontaktu\u201d.<\/p>\n\n\n\n<p>Zg\u0142oszenie specjalnej potrzeby zobliguje Karpack\u0105 Pa\u0144stwow\u0105 Uczelni\u0119 w Kro\u015bnie do jej spe\u0142nienia w mo\u017cliwie najwi\u0119kszym stopniu.<\/p>\n\n\n\n<hr class=\"wp-block-separator\" \/>\n\n\n\n<p><strong>DANE KONTAKTOWE<\/strong><\/p>\n\n\n\n<p>Dane kontaktowe do \u201eosoby pierwszego kontaktu\u201d \u2013 Sekcja zarz\u0105dzania projektami<\/p>\n\n\n\n<p>Izabela Zajdel<\/p>\n\n\n\n<p>e-mail: <a href=\"mailto:izabela.zajdel@pans.krosno.pl\">izabela.zajdel@pans.krosno.pl<\/a><\/p>\n\n\n\n<p>tel. 13 43&nbsp;755 19<\/p>\n","protected":false},"excerpt":{"rendered":"<p>Wszystkie dzia\u0142ania w ramach projektu &#8222;Uczelnia bez barier &#8211; w kierunku edukacji w\u0142\u0105czaj\u0105cej&#8221; s\u0105 realizowane zgodnie ze standardami dost\u0119pno\u015bci. Wszystkie przedsi\u0119wzi\u0119cia s\u0105 realizowane zgodnie z zasad\u0105 r\u00f3wno\u015bci szans kobiet i m\u0119\u017cczyzn oraz z zasad\u0105 r\u00f3wno\u015bci szans i dost\u0119pno\u015bci dla os\u00f3b z niepe\u0142nosprawno\u015bciami. Beneficjent gwarantuje r\u00f3wny dost\u0119p do zaplanowanych wydarze\u0144 wszystkim [\u2026] <\/p>\n<div class=\"clear\"><\/div>\n<p><a class=\"more_link clearfix\" href=\"https:\/\/pans.krosno.pl\/fundusze-zewnetrzne\/dostepnosc-2\/\" rel=\"nofollow\">Read More<\/a><\/p>\n","protected":false},"author":53,"featured_media":0,"parent":0,"menu_order":0,"comment_status":"closed","ping_status":"closed","template":"","meta":{"ngg_post_thumbnail":0,"footnotes":""},"class_list":["post-3287","page","type-page","status-publish","hentry"],"yoast_head":"<!-- This site is optimized with the Yoast SEO Premium plugin v27.4 (Yoast SEO v27.4) - https:\/\/yoast.com\/product\/yoast-seo-premium-wordpress\/ -->\n<title>Dost\u0119pno\u015b\u0107 - Fundusze zewn\u0119trzne PANS w Kro\u015bnie<\/title>\n<meta name=\"robots\" content=\"index, follow, max-snippet:-1, max-image-preview:large, max-video-preview:-1\" \/>\n<link rel=\"canonical\" href=\"https:\/\/pans.krosno.pl\/fundusze-zewnetrzne\/dostepnosc-2\/\" \/>\n<meta property=\"og:locale\" content=\"pl_PL\" \/>\n<meta property=\"og:type\" content=\"article\" \/>\n<meta property=\"og:title\" content=\"Dost\u0119pno\u015b\u0107\" \/>\n<meta property=\"og:description\" content=\"Wszystkie dzia\u0142ania w ramach projektu &#8222;Uczelnia bez barier &#8211; w kierunku edukacji w\u0142\u0105czaj\u0105cej&#8221; s\u0105 realizowane zgodnie ze standardami dost\u0119pno\u015bci. Wszystkie przedsi\u0119wzi\u0119cia s\u0105 realizowane zgodnie z zasad\u0105 r\u00f3wno\u015bci szans kobiet i m\u0119\u017cczyzn oraz z zasad\u0105 r\u00f3wno\u015bci szans i dost\u0119pno\u015bci dla os\u00f3b z niepe\u0142nosprawno\u015bciami. Beneficjent gwarantuje r\u00f3wny dost\u0119p do zaplanowanych wydarze\u0144 wszystkim [\u2026] Read More\" \/>\n<meta property=\"og:url\" content=\"https:\/\/pans.krosno.pl\/fundusze-zewnetrzne\/dostepnosc-2\/\" \/>\n<meta property=\"og:site_name\" content=\"Fundusze zewn\u0119trzne PANS w Kro\u015bnie\" \/>\n<meta property=\"article:modified_time\" content=\"2022-07-22T11:13:48+00:00\" \/>\n<meta property=\"og:image\" content=\"https:\/\/pans.krosno.pl\/fundusze-zewnetrzne\/wp-content\/uploads\/sites\/14\/2020\/05\/LOGO-KOLOR-18-1024x131.jpg\" \/>\n<meta name=\"twitter:card\" content=\"summary_large_image\" \/>\n<meta name=\"twitter:label1\" content=\"Szacowany czas czytania\" \/>\n\t<meta name=\"twitter:data1\" content=\"2 minuty\" \/>\n<script type=\"application\/ld+json\" class=\"yoast-schema-graph\">{\"@context\":\"https:\\\/\\\/schema.org\",\"@graph\":[{\"@type\":\"WebPage\",\"@id\":\"https:\\\/\\\/pans.krosno.pl\\\/fundusze-zewnetrzne\\\/dostepnosc-2\\\/\",\"url\":\"https:\\\/\\\/pans.krosno.pl\\\/fundusze-zewnetrzne\\\/dostepnosc-2\\\/\",\"name\":\"Dost\u0119pno\u015b\u0107 - Fundusze zewn\u0119trzne PANS w Kro\u015bnie\",\"isPartOf\":{\"@id\":\"https:\\\/\\\/pans.krosno.pl\\\/fundusze-zewnetrzne\\\/#website\"},\"primaryImageOfPage\":{\"@id\":\"https:\\\/\\\/pans.krosno.pl\\\/fundusze-zewnetrzne\\\/dostepnosc-2\\\/#primaryimage\"},\"image\":{\"@id\":\"https:\\\/\\\/pans.krosno.pl\\\/fundusze-zewnetrzne\\\/dostepnosc-2\\\/#primaryimage\"},\"thumbnailUrl\":\"https:\\\/\\\/pans.krosno.pl\\\/fundusze-zewnetrzne\\\/wp-content\\\/uploads\\\/sites\\\/14\\\/2020\\\/05\\\/LOGO-KOLOR-18-1024x131.jpg\",\"datePublished\":\"2022-07-20T12:31:04+00:00\",\"dateModified\":\"2022-07-22T11:13:48+00:00\",\"breadcrumb\":{\"@id\":\"https:\\\/\\\/pans.krosno.pl\\\/fundusze-zewnetrzne\\\/dostepnosc-2\\\/#breadcrumb\"},\"inLanguage\":\"pl-PL\",\"potentialAction\":[{\"@type\":\"ReadAction\",\"target\":[\"https:\\\/\\\/pans.krosno.pl\\\/fundusze-zewnetrzne\\\/dostepnosc-2\\\/\"]}]},{\"@type\":\"ImageObject\",\"inLanguage\":\"pl-PL\",\"@id\":\"https:\\\/\\\/pans.krosno.pl\\\/fundusze-zewnetrzne\\\/dostepnosc-2\\\/#primaryimage\",\"url\":\"https:\\\/\\\/pans.krosno.pl\\\/fundusze-zewnetrzne\\\/wp-content\\\/uploads\\\/sites\\\/14\\\/2020\\\/05\\\/LOGO-KOLOR-18.jpg\",\"contentUrl\":\"https:\\\/\\\/pans.krosno.pl\\\/fundusze-zewnetrzne\\\/wp-content\\\/uploads\\\/sites\\\/14\\\/2020\\\/05\\\/LOGO-KOLOR-18.jpg\",\"width\":1988,\"height\":255},{\"@type\":\"BreadcrumbList\",\"@id\":\"https:\\\/\\\/pans.krosno.pl\\\/fundusze-zewnetrzne\\\/dostepnosc-2\\\/#breadcrumb\",\"itemListElement\":[{\"@type\":\"ListItem\",\"position\":1,\"name\":\"Strona g\u0142\u00f3wna\",\"item\":\"https:\\\/\\\/pans.krosno.pl\\\/fundusze-zewnetrzne\\\/\"},{\"@type\":\"ListItem\",\"position\":2,\"name\":\"Dost\u0119pno\u015b\u0107\"}]},{\"@type\":\"WebSite\",\"@id\":\"https:\\\/\\\/pans.krosno.pl\\\/fundusze-zewnetrzne\\\/#website\",\"url\":\"https:\\\/\\\/pans.krosno.pl\\\/fundusze-zewnetrzne\\\/\",\"name\":\"Fundusze zewn\u0119trzne PANS w Kro\u015bnie\",\"description\":\"Fundusze zewn\u0119trzne  - Pa\u0144stwowa Akademia Nauk Stosowanych\",\"publisher\":{\"@id\":\"https:\\\/\\\/pans.krosno.pl\\\/fundusze-zewnetrzne\\\/#organization\"},\"potentialAction\":[{\"@type\":\"SearchAction\",\"target\":{\"@type\":\"EntryPoint\",\"urlTemplate\":\"https:\\\/\\\/pans.krosno.pl\\\/fundusze-zewnetrzne\\\/?s={search_term_string}\"},\"query-input\":{\"@type\":\"PropertyValueSpecification\",\"valueRequired\":true,\"valueName\":\"search_term_string\"}}],\"inLanguage\":\"pl-PL\"},{\"@type\":\"Organization\",\"@id\":\"https:\\\/\\\/pans.krosno.pl\\\/fundusze-zewnetrzne\\\/#organization\",\"name\":\"Fundusze zewn\u0119trzne PANS w Kro\u015bnie\",\"url\":\"https:\\\/\\\/pans.krosno.pl\\\/fundusze-zewnetrzne\\\/\",\"logo\":{\"@type\":\"ImageObject\",\"inLanguage\":\"pl-PL\",\"@id\":\"https:\\\/\\\/pans.krosno.pl\\\/fundusze-zewnetrzne\\\/#\\\/schema\\\/logo\\\/image\\\/\",\"url\":\"https:\\\/\\\/pans.krosno.pl\\\/fundusze-zewnetrzne\\\/wp-content\\\/uploads\\\/sites\\\/14\\\/2023\\\/01\\\/Logo-PANS-2022-pelne.png\",\"contentUrl\":\"https:\\\/\\\/pans.krosno.pl\\\/fundusze-zewnetrzne\\\/wp-content\\\/uploads\\\/sites\\\/14\\\/2023\\\/01\\\/Logo-PANS-2022-pelne.png\",\"width\":3096,\"height\":696,\"caption\":\"Fundusze zewn\u0119trzne PANS w Kro\u015bnie\"},\"image\":{\"@id\":\"https:\\\/\\\/pans.krosno.pl\\\/fundusze-zewnetrzne\\\/#\\\/schema\\\/logo\\\/image\\\/\"}}]}<\/script>\n<!-- \/ Yoast SEO Premium plugin. -->","yoast_head_json":{"title":"Dost\u0119pno\u015b\u0107 - Fundusze zewn\u0119trzne PANS w Kro\u015bnie","robots":{"index":"index","follow":"follow","max-snippet":"max-snippet:-1","max-image-preview":"max-image-preview:large","max-video-preview":"max-video-preview:-1"},"canonical":"https:\/\/pans.krosno.pl\/fundusze-zewnetrzne\/dostepnosc-2\/","og_locale":"pl_PL","og_type":"article","og_title":"Dost\u0119pno\u015b\u0107","og_description":"Wszystkie dzia\u0142ania w ramach projektu &#8222;Uczelnia bez barier &#8211; w kierunku edukacji w\u0142\u0105czaj\u0105cej&#8221; s\u0105 realizowane zgodnie ze standardami dost\u0119pno\u015bci. Wszystkie przedsi\u0119wzi\u0119cia s\u0105 realizowane zgodnie z zasad\u0105 r\u00f3wno\u015bci szans kobiet i m\u0119\u017cczyzn oraz z zasad\u0105 r\u00f3wno\u015bci szans i dost\u0119pno\u015bci dla os\u00f3b z niepe\u0142nosprawno\u015bciami. Beneficjent gwarantuje r\u00f3wny dost\u0119p do zaplanowanych wydarze\u0144 wszystkim [\u2026] Read More","og_url":"https:\/\/pans.krosno.pl\/fundusze-zewnetrzne\/dostepnosc-2\/","og_site_name":"Fundusze zewn\u0119trzne PANS w Kro\u015bnie","article_modified_time":"2022-07-22T11:13:48+00:00","og_image":[{"url":"https:\/\/pans.krosno.pl\/fundusze-zewnetrzne\/wp-content\/uploads\/sites\/14\/2020\/05\/LOGO-KOLOR-18-1024x131.jpg","type":"","width":"","height":""}],"twitter_card":"summary_large_image","twitter_misc":{"Szacowany czas czytania":"2 minuty"},"schema":{"@context":"https:\/\/schema.org","@graph":[{"@type":"WebPage","@id":"https:\/\/pans.krosno.pl\/fundusze-zewnetrzne\/dostepnosc-2\/","url":"https:\/\/pans.krosno.pl\/fundusze-zewnetrzne\/dostepnosc-2\/","name":"Dost\u0119pno\u015b\u0107 - Fundusze zewn\u0119trzne PANS w Kro\u015bnie","isPartOf":{"@id":"https:\/\/pans.krosno.pl\/fundusze-zewnetrzne\/#website"},"primaryImageOfPage":{"@id":"https:\/\/pans.krosno.pl\/fundusze-zewnetrzne\/dostepnosc-2\/#primaryimage"},"image":{"@id":"https:\/\/pans.krosno.pl\/fundusze-zewnetrzne\/dostepnosc-2\/#primaryimage"},"thumbnailUrl":"https:\/\/pans.krosno.pl\/fundusze-zewnetrzne\/wp-content\/uploads\/sites\/14\/2020\/05\/LOGO-KOLOR-18-1024x131.jpg","datePublished":"2022-07-20T12:31:04+00:00","dateModified":"2022-07-22T11:13:48+00:00","breadcrumb":{"@id":"https:\/\/pans.krosno.pl\/fundusze-zewnetrzne\/dostepnosc-2\/#breadcrumb"},"inLanguage":"pl-PL","potentialAction":[{"@type":"ReadAction","target":["https:\/\/pans.krosno.pl\/fundusze-zewnetrzne\/dostepnosc-2\/"]}]},{"@type":"ImageObject","inLanguage":"pl-PL","@id":"https:\/\/pans.krosno.pl\/fundusze-zewnetrzne\/dostepnosc-2\/#primaryimage","url":"https:\/\/pans.krosno.pl\/fundusze-zewnetrzne\/wp-content\/uploads\/sites\/14\/2020\/05\/LOGO-KOLOR-18.jpg","contentUrl":"https:\/\/pans.krosno.pl\/fundusze-zewnetrzne\/wp-content\/uploads\/sites\/14\/2020\/05\/LOGO-KOLOR-18.jpg","width":1988,"height":255},{"@type":"BreadcrumbList","@id":"https:\/\/pans.krosno.pl\/fundusze-zewnetrzne\/dostepnosc-2\/#breadcrumb","itemListElement":[{"@type":"ListItem","position":1,"name":"Strona g\u0142\u00f3wna","item":"https:\/\/pans.krosno.pl\/fundusze-zewnetrzne\/"},{"@type":"ListItem","position":2,"name":"Dost\u0119pno\u015b\u0107"}]},{"@type":"WebSite","@id":"https:\/\/pans.krosno.pl\/fundusze-zewnetrzne\/#website","url":"https:\/\/pans.krosno.pl\/fundusze-zewnetrzne\/","name":"Fundusze zewn\u0119trzne PANS w Kro\u015bnie","description":"Fundusze zewn\u0119trzne  - Pa\u0144stwowa Akademia Nauk Stosowanych","publisher":{"@id":"https:\/\/pans.krosno.pl\/fundusze-zewnetrzne\/#organization"},"potentialAction":[{"@type":"SearchAction","target":{"@type":"EntryPoint","urlTemplate":"https:\/\/pans.krosno.pl\/fundusze-zewnetrzne\/?s={search_term_string}"},"query-input":{"@type":"PropertyValueSpecification","valueRequired":true,"valueName":"search_term_string"}}],"inLanguage":"pl-PL"},{"@type":"Organization","@id":"https:\/\/pans.krosno.pl\/fundusze-zewnetrzne\/#organization","name":"Fundusze zewn\u0119trzne PANS w Kro\u015bnie","url":"https:\/\/pans.krosno.pl\/fundusze-zewnetrzne\/","logo":{"@type":"ImageObject","inLanguage":"pl-PL","@id":"https:\/\/pans.krosno.pl\/fundusze-zewnetrzne\/#\/schema\/logo\/image\/","url":"https:\/\/pans.krosno.pl\/fundusze-zewnetrzne\/wp-content\/uploads\/sites\/14\/2023\/01\/Logo-PANS-2022-pelne.png","contentUrl":"https:\/\/pans.krosno.pl\/fundusze-zewnetrzne\/wp-content\/uploads\/sites\/14\/2023\/01\/Logo-PANS-2022-pelne.png","width":3096,"height":696,"caption":"Fundusze zewn\u0119trzne PANS w Kro\u015bnie"},"image":{"@id":"https:\/\/pans.krosno.pl\/fundusze-zewnetrzne\/#\/schema\/logo\/image\/"}}]}},"_links":{"self":[{"href":"https:\/\/pans.krosno.pl\/fundusze-zewnetrzne\/wp-json\/wp\/v2\/pages\/3287","targetHints":{"allow":["GET"]}}],"collection":[{"href":"https:\/\/pans.krosno.pl\/fundusze-zewnetrzne\/wp-json\/wp\/v2\/pages"}],"about":[{"href":"https:\/\/pans.krosno.pl\/fundusze-zewnetrzne\/wp-json\/wp\/v2\/types\/page"}],"author":[{"embeddable":true,"href":"https:\/\/pans.krosno.pl\/fundusze-zewnetrzne\/wp-json\/wp\/v2\/users\/53"}],"replies":[{"embeddable":true,"href":"https:\/\/pans.krosno.pl\/fundusze-zewnetrzne\/wp-json\/wp\/v2\/comments?post=3287"}],"version-history":[{"count":3,"href":"https:\/\/pans.krosno.pl\/fundusze-zewnetrzne\/wp-json\/wp\/v2\/pages\/3287\/revisions"}],"predecessor-version":[{"id":3294,"href":"https:\/\/pans.krosno.pl\/fundusze-zewnetrzne\/wp-json\/wp\/v2\/pages\/3287\/revisions\/3294"}],"wp:attachment":[{"href":"https:\/\/pans.krosno.pl\/fundusze-zewnetrzne\/wp-json\/wp\/v2\/media?parent=3287"}],"curies":[{"name":"wp","href":"https:\/\/api.w.org\/{rel}","templated":true}]}}