{"id":3091,"date":"2022-04-21T14:35:45","date_gmt":"2022-04-21T12:35:45","guid":{"rendered":"https:\/\/pans.krosno.pl\/fundusze-zewnetrzne\/?page_id=3091"},"modified":"2022-05-25T09:29:24","modified_gmt":"2022-05-25T07:29:24","slug":"opracowanie-innowacyjnej-technologii-wypieku-biszkoptow-wolnych-od-glutenu-laktozy-sacharozy-gmo-o-podwyzszonych-wlasciwosciach-prozdrowotnych","status":"publish","type":"page","link":"https:\/\/pans.krosno.pl\/fundusze-zewnetrzne\/projekty-realizowane\/opracowanie-innowacyjnej-technologii-wypieku-biszkoptow-wolnych-od-glutenu-laktozy-sacharozy-gmo-o-podwyzszonych-wlasciwosciach-prozdrowotnych\/","title":{"rendered":"&#8222;Opracowanie innowacyjnej technologii wypieku biszkopt\u00f3w wolnych od glutenu, laktozy, sacharozy, GMO o podwy\u017cszonych w\u0142a\u015bciwo\u015bciach prozdrowotnych&#8221;"},"content":{"rendered":"\n<figure class=\"wp-block-image size-full is-resized\"><img loading=\"lazy\" decoding=\"async\" src=\"https:\/\/pans.krosno.pl\/fundusze-zewnetrzne\/wp-content\/uploads\/sites\/14\/2022\/04\/logotypy-PCI-kolor.png\" alt=\"\" class=\"wp-image-3100\" width=\"542\" height=\"34\" srcset=\"https:\/\/pans.krosno.pl\/fundusze-zewnetrzne\/wp-content\/uploads\/sites\/14\/2022\/04\/logotypy-PCI-kolor.png 605w, https:\/\/pans.krosno.pl\/fundusze-zewnetrzne\/wp-content\/uploads\/sites\/14\/2022\/04\/logotypy-PCI-kolor-300x19.png 300w, https:\/\/pans.krosno.pl\/fundusze-zewnetrzne\/wp-content\/uploads\/sites\/14\/2022\/04\/logotypy-PCI-kolor-580x36.png 580w\" sizes=\"auto, (max-width: 542px) 100vw, 542px\" \/><\/figure>\n\n\n\n<hr class=\"wp-block-separator\"\/>\n\n\n\n<p>Celem projektu jest wytworzenie biszkopt\u00f3w wolnych od glutenu, laktozy, sacharozy, GMO o podwy\u017cszonych warto\u015bciach od\u017cywczych. Projekt posiada charakter multidyscyplinarny, gdy\u017c jego realizacja zwi\u0105zana jest z zaanga\u017cowaniem ekspert\u00f3w z r\u00f3\u017cnych Uczelni (Karpacka Pa\u0144stwowa Uczelnia w Kro\u015bnie oraz Uniwersytet Rzeszowski), a tak\u017ce ekspert\u00f3w z ro\u017cnych dziedzin naukowych (dziedzina nauk rolniczych oraz dziedzina nauk medycznych i nauk o zdrowiu) oraz ro\u017cnych dyscyplin naukowych (rolnictwo i ogrodnictwo, technologia \u017cywno\u015bci i \u017cywienia oraz nauki o zdrowiu). <\/p>\n\n\n\n<p>Synergia wiedzy i do\u015bwiadczenia ekspert\u00f3w z r\u00f3\u017cnych Uczelni, z r\u00f3\u017cnych dziedzin naukowych, a tak\u017ce z ro\u017cnych dyscyplin naukowych zapewni kompleksowe zaprojektowanie prototypu produktu i jego komercjalizacj\u0119, poprzez odpowiedni dob\u00f3r surowca, technologi\u0119 wytwarzania wyrob\u00f3w, jako\u015b\u0107 gotowego produktu oraz oznaczenie warto\u015bci od\u017cywczej i energetycznej wyprodukowanych biszkopt\u00f3w wolnych od glutenu, laktozy, sacharozy i GMO o podwy\u017cszonych warto\u015bciach prozdrowotnych. Wynik takiej wsp\u00f3\u0142pracy rokuje powstanie innowacyjnego produktu, ciesz\u0105cego si\u0119 wysokim zainteresowaniem rynkowym konsument\u00f3w poszukuj\u0105cych tego typu \u017cywno\u015bci. <\/p>\n\n\n\n<p>Mo\u017cna si\u0119 spodziewa\u0107 \u017ce opracowany produkt odniesie sukces rynkowy. Przede wszystkim poprawi jako\u015b\u0107 \u017cycia os\u00f3b maj\u0105cych nietolerancj\u0119 glutenu, laktozy oraz problemy zdrowotne zwi\u0105zane z szeroko poj\u0119tymi chorobami metabolicznymi (oty\u0142o\u015b\u0107, cukrzyca typ 2, Hashimoto). Powsta\u0142y produkt b\u0119dzie nowym i jedynym takim wyrobem dost\u0119pnym na rynku \u017cywno\u015bciowym o zasi\u0119gu krajowym i przeznaczony dla os\u00f3b maj\u0105cych problemy z nietolerancj\u0105 glutenu, laktozy oraz chorobami metabolicznymi, jak r\u00f3wnie\u017c dla os\u00f3b ceni\u0105cych zdrowy spos\u00f3b \u017cywienia.<\/p>\n\n\n\n<p><strong>Okres realizacji projektu:<\/strong>&nbsp;od 01.04.2022 r. do 30.09.2022 r.<\/p>\n","protected":false},"excerpt":{"rendered":"<p>Celem projektu jest wytworzenie biszkopt\u00f3w wolnych od glutenu, laktozy, sacharozy, GMO o podwy\u017cszonych warto\u015bciach od\u017cywczych. Projekt posiada charakter multidyscyplinarny, gdy\u017c jego realizacja zwi\u0105zana jest z zaanga\u017cowaniem ekspert\u00f3w z r\u00f3\u017cnych Uczelni (Karpacka Pa\u0144stwowa Uczelnia w Kro\u015bnie oraz Uniwersytet Rzeszowski), a tak\u017ce ekspert\u00f3w z ro\u017cnych dziedzin naukowych (dziedzina nauk rolniczych oraz dziedzina [\u2026] <\/p>\n<div class=\"clear\"><\/div>\n<p><a class=\"more_link clearfix\" href=\"https:\/\/pans.krosno.pl\/fundusze-zewnetrzne\/projekty-realizowane\/opracowanie-innowacyjnej-technologii-wypieku-biszkoptow-wolnych-od-glutenu-laktozy-sacharozy-gmo-o-podwyzszonych-wlasciwosciach-prozdrowotnych\/\" rel=\"nofollow\">Read More<\/a><\/p>\n","protected":false},"author":53,"featured_media":0,"parent":12,"menu_order":0,"comment_status":"closed","ping_status":"closed","template":"","meta":{"ngg_post_thumbnail":0,"footnotes":""},"class_list":["post-3091","page","type-page","status-publish","hentry"],"yoast_head":"<!-- This site is optimized with the Yoast SEO Premium plugin v27.3 (Yoast SEO v27.3) - https:\/\/yoast.com\/product\/yoast-seo-premium-wordpress\/ -->\n<title>&quot;Opracowanie innowacyjnej technologii wypieku biszkopt\u00f3w wolnych od glutenu, laktozy, sacharozy, GMO o podwy\u017cszonych w\u0142a\u015bciwo\u015bciach prozdrowotnych&quot; - Fundusze zewn\u0119trzne PANS w Kro\u015bnie<\/title>\n<meta name=\"robots\" content=\"index, follow, max-snippet:-1, max-image-preview:large, max-video-preview:-1\" \/>\n<link rel=\"canonical\" href=\"https:\/\/pans.krosno.pl\/fundusze-zewnetrzne\/projekty-realizowane\/opracowanie-innowacyjnej-technologii-wypieku-biszkoptow-wolnych-od-glutenu-laktozy-sacharozy-gmo-o-podwyzszonych-wlasciwosciach-prozdrowotnych\/\" \/>\n<meta property=\"og:locale\" content=\"pl_PL\" \/>\n<meta property=\"og:type\" content=\"article\" \/>\n<meta property=\"og:title\" content=\"&quot;Opracowanie innowacyjnej technologii wypieku biszkopt\u00f3w wolnych od glutenu, laktozy, sacharozy, GMO o podwy\u017cszonych w\u0142a\u015bciwo\u015bciach prozdrowotnych&quot;\" \/>\n<meta property=\"og:description\" content=\"Celem projektu jest wytworzenie biszkopt\u00f3w wolnych od glutenu, laktozy, sacharozy, GMO o podwy\u017cszonych warto\u015bciach od\u017cywczych. Projekt posiada charakter multidyscyplinarny, gdy\u017c jego realizacja zwi\u0105zana jest z zaanga\u017cowaniem ekspert\u00f3w z r\u00f3\u017cnych Uczelni (Karpacka Pa\u0144stwowa Uczelnia w Kro\u015bnie oraz Uniwersytet Rzeszowski), a tak\u017ce ekspert\u00f3w z ro\u017cnych dziedzin naukowych (dziedzina nauk rolniczych oraz dziedzina [\u2026] Read More\" \/>\n<meta property=\"og:url\" content=\"https:\/\/pans.krosno.pl\/fundusze-zewnetrzne\/projekty-realizowane\/opracowanie-innowacyjnej-technologii-wypieku-biszkoptow-wolnych-od-glutenu-laktozy-sacharozy-gmo-o-podwyzszonych-wlasciwosciach-prozdrowotnych\/\" \/>\n<meta property=\"og:site_name\" content=\"Fundusze zewn\u0119trzne PANS w Kro\u015bnie\" \/>\n<meta property=\"article:modified_time\" content=\"2022-05-25T07:29:24+00:00\" \/>\n<meta property=\"og:image\" content=\"https:\/\/pans.krosno.pl\/fundusze-zewnetrzne\/wp-content\/uploads\/sites\/14\/2022\/04\/logotypy-PCI-kolor.png\" \/>\n<meta name=\"twitter:card\" content=\"summary_large_image\" \/>\n<meta name=\"twitter:label1\" content=\"Szacowany czas czytania\" \/>\n\t<meta name=\"twitter:data1\" content=\"2 minuty\" \/>\n<script type=\"application\/ld+json\" class=\"yoast-schema-graph\">{\"@context\":\"https:\\\/\\\/schema.org\",\"@graph\":[{\"@type\":\"WebPage\",\"@id\":\"https:\\\/\\\/pans.krosno.pl\\\/fundusze-zewnetrzne\\\/projekty-realizowane\\\/opracowanie-innowacyjnej-technologii-wypieku-biszkoptow-wolnych-od-glutenu-laktozy-sacharozy-gmo-o-podwyzszonych-wlasciwosciach-prozdrowotnych\\\/\",\"url\":\"https:\\\/\\\/pans.krosno.pl\\\/fundusze-zewnetrzne\\\/projekty-realizowane\\\/opracowanie-innowacyjnej-technologii-wypieku-biszkoptow-wolnych-od-glutenu-laktozy-sacharozy-gmo-o-podwyzszonych-wlasciwosciach-prozdrowotnych\\\/\",\"name\":\"\\\"Opracowanie innowacyjnej technologii wypieku biszkopt\u00f3w wolnych od glutenu, laktozy, sacharozy, GMO o podwy\u017cszonych w\u0142a\u015bciwo\u015bciach prozdrowotnych\\\" - Fundusze zewn\u0119trzne PANS w Kro\u015bnie\",\"isPartOf\":{\"@id\":\"https:\\\/\\\/pans.krosno.pl\\\/fundusze-zewnetrzne\\\/#website\"},\"primaryImageOfPage\":{\"@id\":\"https:\\\/\\\/pans.krosno.pl\\\/fundusze-zewnetrzne\\\/projekty-realizowane\\\/opracowanie-innowacyjnej-technologii-wypieku-biszkoptow-wolnych-od-glutenu-laktozy-sacharozy-gmo-o-podwyzszonych-wlasciwosciach-prozdrowotnych\\\/#primaryimage\"},\"image\":{\"@id\":\"https:\\\/\\\/pans.krosno.pl\\\/fundusze-zewnetrzne\\\/projekty-realizowane\\\/opracowanie-innowacyjnej-technologii-wypieku-biszkoptow-wolnych-od-glutenu-laktozy-sacharozy-gmo-o-podwyzszonych-wlasciwosciach-prozdrowotnych\\\/#primaryimage\"},\"thumbnailUrl\":\"https:\\\/\\\/pans.krosno.pl\\\/fundusze-zewnetrzne\\\/wp-content\\\/uploads\\\/sites\\\/14\\\/2022\\\/04\\\/logotypy-PCI-kolor.png\",\"datePublished\":\"2022-04-21T12:35:45+00:00\",\"dateModified\":\"2022-05-25T07:29:24+00:00\",\"breadcrumb\":{\"@id\":\"https:\\\/\\\/pans.krosno.pl\\\/fundusze-zewnetrzne\\\/projekty-realizowane\\\/opracowanie-innowacyjnej-technologii-wypieku-biszkoptow-wolnych-od-glutenu-laktozy-sacharozy-gmo-o-podwyzszonych-wlasciwosciach-prozdrowotnych\\\/#breadcrumb\"},\"inLanguage\":\"pl-PL\",\"potentialAction\":[{\"@type\":\"ReadAction\",\"target\":[\"https:\\\/\\\/pans.krosno.pl\\\/fundusze-zewnetrzne\\\/projekty-realizowane\\\/opracowanie-innowacyjnej-technologii-wypieku-biszkoptow-wolnych-od-glutenu-laktozy-sacharozy-gmo-o-podwyzszonych-wlasciwosciach-prozdrowotnych\\\/\"]}]},{\"@type\":\"ImageObject\",\"inLanguage\":\"pl-PL\",\"@id\":\"https:\\\/\\\/pans.krosno.pl\\\/fundusze-zewnetrzne\\\/projekty-realizowane\\\/opracowanie-innowacyjnej-technologii-wypieku-biszkoptow-wolnych-od-glutenu-laktozy-sacharozy-gmo-o-podwyzszonych-wlasciwosciach-prozdrowotnych\\\/#primaryimage\",\"url\":\"https:\\\/\\\/pans.krosno.pl\\\/fundusze-zewnetrzne\\\/wp-content\\\/uploads\\\/sites\\\/14\\\/2022\\\/04\\\/logotypy-PCI-kolor.png\",\"contentUrl\":\"https:\\\/\\\/pans.krosno.pl\\\/fundusze-zewnetrzne\\\/wp-content\\\/uploads\\\/sites\\\/14\\\/2022\\\/04\\\/logotypy-PCI-kolor.png\",\"width\":605,\"height\":38},{\"@type\":\"BreadcrumbList\",\"@id\":\"https:\\\/\\\/pans.krosno.pl\\\/fundusze-zewnetrzne\\\/projekty-realizowane\\\/opracowanie-innowacyjnej-technologii-wypieku-biszkoptow-wolnych-od-glutenu-laktozy-sacharozy-gmo-o-podwyzszonych-wlasciwosciach-prozdrowotnych\\\/#breadcrumb\",\"itemListElement\":[{\"@type\":\"ListItem\",\"position\":1,\"name\":\"Strona g\u0142\u00f3wna\",\"item\":\"https:\\\/\\\/pans.krosno.pl\\\/fundusze-zewnetrzne\\\/\"},{\"@type\":\"ListItem\",\"position\":2,\"name\":\"Projekty realizowane\",\"item\":\"https:\\\/\\\/pans.krosno.pl\\\/fundusze-zewnetrzne\\\/projekty-realizowane\\\/\"},{\"@type\":\"ListItem\",\"position\":3,\"name\":\"&#8222;Opracowanie innowacyjnej technologii wypieku biszkopt\u00f3w wolnych od glutenu, laktozy, sacharozy, GMO o podwy\u017cszonych w\u0142a\u015bciwo\u015bciach prozdrowotnych&#8221;\"}]},{\"@type\":\"WebSite\",\"@id\":\"https:\\\/\\\/pans.krosno.pl\\\/fundusze-zewnetrzne\\\/#website\",\"url\":\"https:\\\/\\\/pans.krosno.pl\\\/fundusze-zewnetrzne\\\/\",\"name\":\"Fundusze zewn\u0119trzne PANS w Kro\u015bnie\",\"description\":\"Fundusze zewn\u0119trzne  - Pa\u0144stwowa Akademia Nauk Stosowanych\",\"publisher\":{\"@id\":\"https:\\\/\\\/pans.krosno.pl\\\/fundusze-zewnetrzne\\\/#organization\"},\"potentialAction\":[{\"@type\":\"SearchAction\",\"target\":{\"@type\":\"EntryPoint\",\"urlTemplate\":\"https:\\\/\\\/pans.krosno.pl\\\/fundusze-zewnetrzne\\\/?s={search_term_string}\"},\"query-input\":{\"@type\":\"PropertyValueSpecification\",\"valueRequired\":true,\"valueName\":\"search_term_string\"}}],\"inLanguage\":\"pl-PL\"},{\"@type\":\"Organization\",\"@id\":\"https:\\\/\\\/pans.krosno.pl\\\/fundusze-zewnetrzne\\\/#organization\",\"name\":\"Fundusze zewn\u0119trzne PANS w Kro\u015bnie\",\"url\":\"https:\\\/\\\/pans.krosno.pl\\\/fundusze-zewnetrzne\\\/\",\"logo\":{\"@type\":\"ImageObject\",\"inLanguage\":\"pl-PL\",\"@id\":\"https:\\\/\\\/pans.krosno.pl\\\/fundusze-zewnetrzne\\\/#\\\/schema\\\/logo\\\/image\\\/\",\"url\":\"https:\\\/\\\/pans.krosno.pl\\\/fundusze-zewnetrzne\\\/wp-content\\\/uploads\\\/sites\\\/14\\\/2023\\\/01\\\/Logo-PANS-2022-pelne.png\",\"contentUrl\":\"https:\\\/\\\/pans.krosno.pl\\\/fundusze-zewnetrzne\\\/wp-content\\\/uploads\\\/sites\\\/14\\\/2023\\\/01\\\/Logo-PANS-2022-pelne.png\",\"width\":3096,\"height\":696,\"caption\":\"Fundusze zewn\u0119trzne PANS w Kro\u015bnie\"},\"image\":{\"@id\":\"https:\\\/\\\/pans.krosno.pl\\\/fundusze-zewnetrzne\\\/#\\\/schema\\\/logo\\\/image\\\/\"}}]}<\/script>\n<!-- \/ Yoast SEO Premium plugin. -->","yoast_head_json":{"title":"\"Opracowanie innowacyjnej technologii wypieku biszkopt\u00f3w wolnych od glutenu, laktozy, sacharozy, GMO o podwy\u017cszonych w\u0142a\u015bciwo\u015bciach prozdrowotnych\" - Fundusze zewn\u0119trzne PANS w Kro\u015bnie","robots":{"index":"index","follow":"follow","max-snippet":"max-snippet:-1","max-image-preview":"max-image-preview:large","max-video-preview":"max-video-preview:-1"},"canonical":"https:\/\/pans.krosno.pl\/fundusze-zewnetrzne\/projekty-realizowane\/opracowanie-innowacyjnej-technologii-wypieku-biszkoptow-wolnych-od-glutenu-laktozy-sacharozy-gmo-o-podwyzszonych-wlasciwosciach-prozdrowotnych\/","og_locale":"pl_PL","og_type":"article","og_title":"\"Opracowanie innowacyjnej technologii wypieku biszkopt\u00f3w wolnych od glutenu, laktozy, sacharozy, GMO o podwy\u017cszonych w\u0142a\u015bciwo\u015bciach prozdrowotnych\"","og_description":"Celem projektu jest wytworzenie biszkopt\u00f3w wolnych od glutenu, laktozy, sacharozy, GMO o podwy\u017cszonych warto\u015bciach od\u017cywczych. Projekt posiada charakter multidyscyplinarny, gdy\u017c jego realizacja zwi\u0105zana jest z zaanga\u017cowaniem ekspert\u00f3w z r\u00f3\u017cnych Uczelni (Karpacka Pa\u0144stwowa Uczelnia w Kro\u015bnie oraz Uniwersytet Rzeszowski), a tak\u017ce ekspert\u00f3w z ro\u017cnych dziedzin naukowych (dziedzina nauk rolniczych oraz dziedzina [\u2026] Read More","og_url":"https:\/\/pans.krosno.pl\/fundusze-zewnetrzne\/projekty-realizowane\/opracowanie-innowacyjnej-technologii-wypieku-biszkoptow-wolnych-od-glutenu-laktozy-sacharozy-gmo-o-podwyzszonych-wlasciwosciach-prozdrowotnych\/","og_site_name":"Fundusze zewn\u0119trzne PANS w Kro\u015bnie","article_modified_time":"2022-05-25T07:29:24+00:00","og_image":[{"url":"https:\/\/pans.krosno.pl\/fundusze-zewnetrzne\/wp-content\/uploads\/sites\/14\/2022\/04\/logotypy-PCI-kolor.png","type":"","width":"","height":""}],"twitter_card":"summary_large_image","twitter_misc":{"Szacowany czas czytania":"2 minuty"},"schema":{"@context":"https:\/\/schema.org","@graph":[{"@type":"WebPage","@id":"https:\/\/pans.krosno.pl\/fundusze-zewnetrzne\/projekty-realizowane\/opracowanie-innowacyjnej-technologii-wypieku-biszkoptow-wolnych-od-glutenu-laktozy-sacharozy-gmo-o-podwyzszonych-wlasciwosciach-prozdrowotnych\/","url":"https:\/\/pans.krosno.pl\/fundusze-zewnetrzne\/projekty-realizowane\/opracowanie-innowacyjnej-technologii-wypieku-biszkoptow-wolnych-od-glutenu-laktozy-sacharozy-gmo-o-podwyzszonych-wlasciwosciach-prozdrowotnych\/","name":"\"Opracowanie innowacyjnej technologii wypieku biszkopt\u00f3w wolnych od glutenu, laktozy, sacharozy, GMO o podwy\u017cszonych w\u0142a\u015bciwo\u015bciach prozdrowotnych\" - Fundusze zewn\u0119trzne PANS w Kro\u015bnie","isPartOf":{"@id":"https:\/\/pans.krosno.pl\/fundusze-zewnetrzne\/#website"},"primaryImageOfPage":{"@id":"https:\/\/pans.krosno.pl\/fundusze-zewnetrzne\/projekty-realizowane\/opracowanie-innowacyjnej-technologii-wypieku-biszkoptow-wolnych-od-glutenu-laktozy-sacharozy-gmo-o-podwyzszonych-wlasciwosciach-prozdrowotnych\/#primaryimage"},"image":{"@id":"https:\/\/pans.krosno.pl\/fundusze-zewnetrzne\/projekty-realizowane\/opracowanie-innowacyjnej-technologii-wypieku-biszkoptow-wolnych-od-glutenu-laktozy-sacharozy-gmo-o-podwyzszonych-wlasciwosciach-prozdrowotnych\/#primaryimage"},"thumbnailUrl":"https:\/\/pans.krosno.pl\/fundusze-zewnetrzne\/wp-content\/uploads\/sites\/14\/2022\/04\/logotypy-PCI-kolor.png","datePublished":"2022-04-21T12:35:45+00:00","dateModified":"2022-05-25T07:29:24+00:00","breadcrumb":{"@id":"https:\/\/pans.krosno.pl\/fundusze-zewnetrzne\/projekty-realizowane\/opracowanie-innowacyjnej-technologii-wypieku-biszkoptow-wolnych-od-glutenu-laktozy-sacharozy-gmo-o-podwyzszonych-wlasciwosciach-prozdrowotnych\/#breadcrumb"},"inLanguage":"pl-PL","potentialAction":[{"@type":"ReadAction","target":["https:\/\/pans.krosno.pl\/fundusze-zewnetrzne\/projekty-realizowane\/opracowanie-innowacyjnej-technologii-wypieku-biszkoptow-wolnych-od-glutenu-laktozy-sacharozy-gmo-o-podwyzszonych-wlasciwosciach-prozdrowotnych\/"]}]},{"@type":"ImageObject","inLanguage":"pl-PL","@id":"https:\/\/pans.krosno.pl\/fundusze-zewnetrzne\/projekty-realizowane\/opracowanie-innowacyjnej-technologii-wypieku-biszkoptow-wolnych-od-glutenu-laktozy-sacharozy-gmo-o-podwyzszonych-wlasciwosciach-prozdrowotnych\/#primaryimage","url":"https:\/\/pans.krosno.pl\/fundusze-zewnetrzne\/wp-content\/uploads\/sites\/14\/2022\/04\/logotypy-PCI-kolor.png","contentUrl":"https:\/\/pans.krosno.pl\/fundusze-zewnetrzne\/wp-content\/uploads\/sites\/14\/2022\/04\/logotypy-PCI-kolor.png","width":605,"height":38},{"@type":"BreadcrumbList","@id":"https:\/\/pans.krosno.pl\/fundusze-zewnetrzne\/projekty-realizowane\/opracowanie-innowacyjnej-technologii-wypieku-biszkoptow-wolnych-od-glutenu-laktozy-sacharozy-gmo-o-podwyzszonych-wlasciwosciach-prozdrowotnych\/#breadcrumb","itemListElement":[{"@type":"ListItem","position":1,"name":"Strona g\u0142\u00f3wna","item":"https:\/\/pans.krosno.pl\/fundusze-zewnetrzne\/"},{"@type":"ListItem","position":2,"name":"Projekty realizowane","item":"https:\/\/pans.krosno.pl\/fundusze-zewnetrzne\/projekty-realizowane\/"},{"@type":"ListItem","position":3,"name":"&#8222;Opracowanie innowacyjnej technologii wypieku biszkopt\u00f3w wolnych od glutenu, laktozy, sacharozy, GMO o podwy\u017cszonych w\u0142a\u015bciwo\u015bciach prozdrowotnych&#8221;"}]},{"@type":"WebSite","@id":"https:\/\/pans.krosno.pl\/fundusze-zewnetrzne\/#website","url":"https:\/\/pans.krosno.pl\/fundusze-zewnetrzne\/","name":"Fundusze zewn\u0119trzne PANS w Kro\u015bnie","description":"Fundusze zewn\u0119trzne  - Pa\u0144stwowa Akademia Nauk Stosowanych","publisher":{"@id":"https:\/\/pans.krosno.pl\/fundusze-zewnetrzne\/#organization"},"potentialAction":[{"@type":"SearchAction","target":{"@type":"EntryPoint","urlTemplate":"https:\/\/pans.krosno.pl\/fundusze-zewnetrzne\/?s={search_term_string}"},"query-input":{"@type":"PropertyValueSpecification","valueRequired":true,"valueName":"search_term_string"}}],"inLanguage":"pl-PL"},{"@type":"Organization","@id":"https:\/\/pans.krosno.pl\/fundusze-zewnetrzne\/#organization","name":"Fundusze zewn\u0119trzne PANS w Kro\u015bnie","url":"https:\/\/pans.krosno.pl\/fundusze-zewnetrzne\/","logo":{"@type":"ImageObject","inLanguage":"pl-PL","@id":"https:\/\/pans.krosno.pl\/fundusze-zewnetrzne\/#\/schema\/logo\/image\/","url":"https:\/\/pans.krosno.pl\/fundusze-zewnetrzne\/wp-content\/uploads\/sites\/14\/2023\/01\/Logo-PANS-2022-pelne.png","contentUrl":"https:\/\/pans.krosno.pl\/fundusze-zewnetrzne\/wp-content\/uploads\/sites\/14\/2023\/01\/Logo-PANS-2022-pelne.png","width":3096,"height":696,"caption":"Fundusze zewn\u0119trzne PANS w Kro\u015bnie"},"image":{"@id":"https:\/\/pans.krosno.pl\/fundusze-zewnetrzne\/#\/schema\/logo\/image\/"}}]}},"_links":{"self":[{"href":"https:\/\/pans.krosno.pl\/fundusze-zewnetrzne\/wp-json\/wp\/v2\/pages\/3091","targetHints":{"allow":["GET"]}}],"collection":[{"href":"https:\/\/pans.krosno.pl\/fundusze-zewnetrzne\/wp-json\/wp\/v2\/pages"}],"about":[{"href":"https:\/\/pans.krosno.pl\/fundusze-zewnetrzne\/wp-json\/wp\/v2\/types\/page"}],"author":[{"embeddable":true,"href":"https:\/\/pans.krosno.pl\/fundusze-zewnetrzne\/wp-json\/wp\/v2\/users\/53"}],"replies":[{"embeddable":true,"href":"https:\/\/pans.krosno.pl\/fundusze-zewnetrzne\/wp-json\/wp\/v2\/comments?post=3091"}],"version-history":[{"count":8,"href":"https:\/\/pans.krosno.pl\/fundusze-zewnetrzne\/wp-json\/wp\/v2\/pages\/3091\/revisions"}],"predecessor-version":[{"id":3241,"href":"https:\/\/pans.krosno.pl\/fundusze-zewnetrzne\/wp-json\/wp\/v2\/pages\/3091\/revisions\/3241"}],"up":[{"embeddable":true,"href":"https:\/\/pans.krosno.pl\/fundusze-zewnetrzne\/wp-json\/wp\/v2\/pages\/12"}],"wp:attachment":[{"href":"https:\/\/pans.krosno.pl\/fundusze-zewnetrzne\/wp-json\/wp\/v2\/media?parent=3091"}],"curies":[{"name":"wp","href":"https:\/\/api.w.org\/{rel}","templated":true}]}}