{"id":2952,"date":"2022-04-05T09:31:06","date_gmt":"2022-04-05T07:31:06","guid":{"rendered":"https:\/\/pans.krosno.pl\/fundusze-zewnetrzne\/?page_id=2952"},"modified":"2022-04-26T12:13:14","modified_gmt":"2022-04-26T10:13:14","slug":"dostepnosc","status":"publish","type":"page","link":"https:\/\/pans.krosno.pl\/fundusze-zewnetrzne\/dostepnosc\/","title":{"rendered":"Dost\u0119pno\u015b\u0107"},"content":{"rendered":"\n<figure class=\"wp-block-image size-large is-resized\"><img loading=\"lazy\" decoding=\"async\" src=\"https:\/\/pans.krosno.pl\/fundusze-zewnetrzne\/wp-content\/uploads\/sites\/14\/2022\/03\/Norway_grants@4x-913x1024.png\" alt=\"\" class=\"wp-image-2888\" width=\"113\" height=\"127\" srcset=\"https:\/\/pans.krosno.pl\/fundusze-zewnetrzne\/wp-content\/uploads\/sites\/14\/2022\/03\/Norway_grants@4x-913x1024.png 913w, https:\/\/pans.krosno.pl\/fundusze-zewnetrzne\/wp-content\/uploads\/sites\/14\/2022\/03\/Norway_grants@4x-268x300.png 268w, https:\/\/pans.krosno.pl\/fundusze-zewnetrzne\/wp-content\/uploads\/sites\/14\/2022\/03\/Norway_grants@4x-768x861.png 768w, https:\/\/pans.krosno.pl\/fundusze-zewnetrzne\/wp-content\/uploads\/sites\/14\/2022\/03\/Norway_grants@4x-800x897.png 800w, https:\/\/pans.krosno.pl\/fundusze-zewnetrzne\/wp-content\/uploads\/sites\/14\/2022\/03\/Norway_grants@4x-580x650.png 580w, https:\/\/pans.krosno.pl\/fundusze-zewnetrzne\/wp-content\/uploads\/sites\/14\/2022\/03\/Norway_grants@4x.png 931w\" sizes=\"auto, (max-width: 113px) 100vw, 113px\" \/><\/figure>\n\n\n\n<hr class=\"wp-block-separator\" \/>\n\n\n\n<p>Wszystkie wydarzenia w ramach projektu \u201eKreujemy+Rozwijamy+O\u017cywiamy+Stymulujemy+Nakre\u015blamy+Odmieniamy=KROSNO\u201d s\u0105 realizowane zgodnie ze standardami dost\u0119pno\u015bci. <\/p>\n\n\n\n<p>Wszystkie przedsi\u0119wzi\u0119cia s\u0105 realizowane zgodnie z zasad\u0105 r\u00f3wno\u015bci szans kobiet i m\u0119\u017cczyzn oraz z zasad\u0105 r\u00f3wno\u015bci szans i dost\u0119pno\u015bci dla os\u00f3b z niepe\u0142nosprawno\u015bciami. Beneficjent gwarantuje r\u00f3wny dost\u0119p do zaplanowanych wydarze\u0144 wszystkim uczestnikom\/-czkom, takie same wymagania oraz spos\u00f3b realizacji niezale\u017cnie od p\u0142ci, wyznania, narodowo\u015bci itp. <\/p>\n\n\n\n<p>Wszystkie zaj\u0119cia\/wydarzenia w ramach projektu s\u0105 realizowane w budynkach dostosowanych do potrzeb os\u00f3b z niepe\u0142nosprawno\u015bciami i s\u0105 w pe\u0142ni dost\u0119pne.<\/p>\n\n\n\n<p>W zwi\u0105zku z tym prosimy o&nbsp;<strong>ZG\u0141ASZANIE SPECJALNYCH POTRZEB UCZESTNIK\u00d3W PROJEKTU<\/strong>&nbsp;do wyznaczonej \u201eosoby pierwszego kontaktu\u201d.<\/p>\n\n\n\n<p>Zg\u0142oszenie specjalnej potrzeby zobliguje Karpack\u0105 Pa\u0144stwow\u0105 Uczelni\u0119 w Kro\u015bnie do jej spe\u0142nienia w mo\u017cliwie najwi\u0119kszym stopniu.<\/p>\n\n\n\n<hr class=\"wp-block-separator\" \/>\n\n\n\n<p><strong>DANE KONTAKTOWE<\/strong><\/p>\n\n\n\n<p>Dane kontaktowe do \u201eosoby pierwszego kontaktu\u201d \u2013 Sekcja zarz\u0105dzania projektami<\/p>\n\n\n\n<p>Izabela Zajdel<\/p>\n\n\n\n<p>e-mail: <a href=\"mailto:izabela.zajdel@pans.krosno.pl\">izabela.zajdel@pans.krosno.pl<\/a><\/p>\n\n\n\n<p>tel. 13 43&nbsp;755 19<\/p>\n","protected":false},"excerpt":{"rendered":"<p>Wszystkie wydarzenia w ramach projektu \u201eKreujemy+Rozwijamy+O\u017cywiamy+Stymulujemy+Nakre\u015blamy+Odmieniamy=KROSNO\u201d s\u0105 realizowane zgodnie ze standardami dost\u0119pno\u015bci. Wszystkie przedsi\u0119wzi\u0119cia s\u0105 realizowane zgodnie z zasad\u0105 r\u00f3wno\u015bci szans kobiet i m\u0119\u017cczyzn oraz z zasad\u0105 r\u00f3wno\u015bci szans i dost\u0119pno\u015bci dla os\u00f3b z niepe\u0142nosprawno\u015bciami. Beneficjent gwarantuje r\u00f3wny dost\u0119p do zaplanowanych wydarze\u0144 wszystkim uczestnikom\/-czkom, takie same wymagania oraz spos\u00f3b realizacji [\u2026] <\/p>\n<div class=\"clear\"><\/div>\n<p><a class=\"more_link clearfix\" href=\"https:\/\/pans.krosno.pl\/fundusze-zewnetrzne\/dostepnosc\/\" rel=\"nofollow\">Read More<\/a><\/p>\n","protected":false},"author":53,"featured_media":0,"parent":0,"menu_order":0,"comment_status":"closed","ping_status":"closed","template":"","meta":{"ngg_post_thumbnail":0,"footnotes":""},"class_list":["post-2952","page","type-page","status-publish","hentry"],"yoast_head":"<!-- This site is optimized with the Yoast SEO Premium plugin v27.3 (Yoast SEO v27.3) - https:\/\/yoast.com\/product\/yoast-seo-premium-wordpress\/ -->\n<title>Dost\u0119pno\u015b\u0107 - Fundusze zewn\u0119trzne PANS w Kro\u015bnie<\/title>\n<meta name=\"robots\" content=\"index, follow, max-snippet:-1, max-image-preview:large, max-video-preview:-1\" \/>\n<link rel=\"canonical\" href=\"https:\/\/pans.krosno.pl\/fundusze-zewnetrzne\/dostepnosc\/\" \/>\n<meta property=\"og:locale\" content=\"pl_PL\" \/>\n<meta property=\"og:type\" content=\"article\" \/>\n<meta property=\"og:title\" content=\"Dost\u0119pno\u015b\u0107\" \/>\n<meta property=\"og:description\" content=\"Wszystkie wydarzenia w ramach projektu \u201eKreujemy+Rozwijamy+O\u017cywiamy+Stymulujemy+Nakre\u015blamy+Odmieniamy=KROSNO\u201d s\u0105 realizowane zgodnie ze standardami dost\u0119pno\u015bci. Wszystkie przedsi\u0119wzi\u0119cia s\u0105 realizowane zgodnie z zasad\u0105 r\u00f3wno\u015bci szans kobiet i m\u0119\u017cczyzn oraz z zasad\u0105 r\u00f3wno\u015bci szans i dost\u0119pno\u015bci dla os\u00f3b z niepe\u0142nosprawno\u015bciami. Beneficjent gwarantuje r\u00f3wny dost\u0119p do zaplanowanych wydarze\u0144 wszystkim uczestnikom\/-czkom, takie same wymagania oraz spos\u00f3b realizacji [\u2026] Read More\" \/>\n<meta property=\"og:url\" content=\"https:\/\/pans.krosno.pl\/fundusze-zewnetrzne\/dostepnosc\/\" \/>\n<meta property=\"og:site_name\" content=\"Fundusze zewn\u0119trzne PANS w Kro\u015bnie\" \/>\n<meta property=\"article:modified_time\" content=\"2022-04-26T10:13:14+00:00\" \/>\n<meta property=\"og:image\" content=\"https:\/\/pans.krosno.pl\/fundusze-zewnetrzne\/wp-content\/uploads\/sites\/14\/2022\/03\/Norway_grants@4x-913x1024.png\" \/>\n<meta name=\"twitter:card\" content=\"summary_large_image\" \/>\n<meta name=\"twitter:label1\" content=\"Szacowany czas czytania\" \/>\n\t<meta name=\"twitter:data1\" content=\"1 minuta\" \/>\n<script type=\"application\/ld+json\" class=\"yoast-schema-graph\">{\"@context\":\"https:\\\/\\\/schema.org\",\"@graph\":[{\"@type\":\"WebPage\",\"@id\":\"https:\\\/\\\/pans.krosno.pl\\\/fundusze-zewnetrzne\\\/dostepnosc\\\/\",\"url\":\"https:\\\/\\\/pans.krosno.pl\\\/fundusze-zewnetrzne\\\/dostepnosc\\\/\",\"name\":\"Dost\u0119pno\u015b\u0107 - Fundusze zewn\u0119trzne PANS w Kro\u015bnie\",\"isPartOf\":{\"@id\":\"https:\\\/\\\/pans.krosno.pl\\\/fundusze-zewnetrzne\\\/#website\"},\"primaryImageOfPage\":{\"@id\":\"https:\\\/\\\/pans.krosno.pl\\\/fundusze-zewnetrzne\\\/dostepnosc\\\/#primaryimage\"},\"image\":{\"@id\":\"https:\\\/\\\/pans.krosno.pl\\\/fundusze-zewnetrzne\\\/dostepnosc\\\/#primaryimage\"},\"thumbnailUrl\":\"https:\\\/\\\/pans.krosno.pl\\\/fundusze-zewnetrzne\\\/wp-content\\\/uploads\\\/sites\\\/14\\\/2022\\\/03\\\/Norway_grants@4x-913x1024.png\",\"datePublished\":\"2022-04-05T07:31:06+00:00\",\"dateModified\":\"2022-04-26T10:13:14+00:00\",\"breadcrumb\":{\"@id\":\"https:\\\/\\\/pans.krosno.pl\\\/fundusze-zewnetrzne\\\/dostepnosc\\\/#breadcrumb\"},\"inLanguage\":\"pl-PL\",\"potentialAction\":[{\"@type\":\"ReadAction\",\"target\":[\"https:\\\/\\\/pans.krosno.pl\\\/fundusze-zewnetrzne\\\/dostepnosc\\\/\"]}]},{\"@type\":\"ImageObject\",\"inLanguage\":\"pl-PL\",\"@id\":\"https:\\\/\\\/pans.krosno.pl\\\/fundusze-zewnetrzne\\\/dostepnosc\\\/#primaryimage\",\"url\":\"https:\\\/\\\/pans.krosno.pl\\\/fundusze-zewnetrzne\\\/wp-content\\\/uploads\\\/sites\\\/14\\\/2022\\\/03\\\/Norway_grants@4x.png\",\"contentUrl\":\"https:\\\/\\\/pans.krosno.pl\\\/fundusze-zewnetrzne\\\/wp-content\\\/uploads\\\/sites\\\/14\\\/2022\\\/03\\\/Norway_grants@4x.png\",\"width\":931,\"height\":1044},{\"@type\":\"BreadcrumbList\",\"@id\":\"https:\\\/\\\/pans.krosno.pl\\\/fundusze-zewnetrzne\\\/dostepnosc\\\/#breadcrumb\",\"itemListElement\":[{\"@type\":\"ListItem\",\"position\":1,\"name\":\"Strona g\u0142\u00f3wna\",\"item\":\"https:\\\/\\\/pans.krosno.pl\\\/fundusze-zewnetrzne\\\/\"},{\"@type\":\"ListItem\",\"position\":2,\"name\":\"Dost\u0119pno\u015b\u0107\"}]},{\"@type\":\"WebSite\",\"@id\":\"https:\\\/\\\/pans.krosno.pl\\\/fundusze-zewnetrzne\\\/#website\",\"url\":\"https:\\\/\\\/pans.krosno.pl\\\/fundusze-zewnetrzne\\\/\",\"name\":\"Fundusze zewn\u0119trzne PANS w Kro\u015bnie\",\"description\":\"Fundusze zewn\u0119trzne  - Pa\u0144stwowa Akademia Nauk Stosowanych\",\"publisher\":{\"@id\":\"https:\\\/\\\/pans.krosno.pl\\\/fundusze-zewnetrzne\\\/#organization\"},\"potentialAction\":[{\"@type\":\"SearchAction\",\"target\":{\"@type\":\"EntryPoint\",\"urlTemplate\":\"https:\\\/\\\/pans.krosno.pl\\\/fundusze-zewnetrzne\\\/?s={search_term_string}\"},\"query-input\":{\"@type\":\"PropertyValueSpecification\",\"valueRequired\":true,\"valueName\":\"search_term_string\"}}],\"inLanguage\":\"pl-PL\"},{\"@type\":\"Organization\",\"@id\":\"https:\\\/\\\/pans.krosno.pl\\\/fundusze-zewnetrzne\\\/#organization\",\"name\":\"Fundusze zewn\u0119trzne PANS w Kro\u015bnie\",\"url\":\"https:\\\/\\\/pans.krosno.pl\\\/fundusze-zewnetrzne\\\/\",\"logo\":{\"@type\":\"ImageObject\",\"inLanguage\":\"pl-PL\",\"@id\":\"https:\\\/\\\/pans.krosno.pl\\\/fundusze-zewnetrzne\\\/#\\\/schema\\\/logo\\\/image\\\/\",\"url\":\"https:\\\/\\\/pans.krosno.pl\\\/fundusze-zewnetrzne\\\/wp-content\\\/uploads\\\/sites\\\/14\\\/2023\\\/01\\\/Logo-PANS-2022-pelne.png\",\"contentUrl\":\"https:\\\/\\\/pans.krosno.pl\\\/fundusze-zewnetrzne\\\/wp-content\\\/uploads\\\/sites\\\/14\\\/2023\\\/01\\\/Logo-PANS-2022-pelne.png\",\"width\":3096,\"height\":696,\"caption\":\"Fundusze zewn\u0119trzne PANS w Kro\u015bnie\"},\"image\":{\"@id\":\"https:\\\/\\\/pans.krosno.pl\\\/fundusze-zewnetrzne\\\/#\\\/schema\\\/logo\\\/image\\\/\"}}]}<\/script>\n<!-- \/ Yoast SEO Premium plugin. -->","yoast_head_json":{"title":"Dost\u0119pno\u015b\u0107 - Fundusze zewn\u0119trzne PANS w Kro\u015bnie","robots":{"index":"index","follow":"follow","max-snippet":"max-snippet:-1","max-image-preview":"max-image-preview:large","max-video-preview":"max-video-preview:-1"},"canonical":"https:\/\/pans.krosno.pl\/fundusze-zewnetrzne\/dostepnosc\/","og_locale":"pl_PL","og_type":"article","og_title":"Dost\u0119pno\u015b\u0107","og_description":"Wszystkie wydarzenia w ramach projektu \u201eKreujemy+Rozwijamy+O\u017cywiamy+Stymulujemy+Nakre\u015blamy+Odmieniamy=KROSNO\u201d s\u0105 realizowane zgodnie ze standardami dost\u0119pno\u015bci. Wszystkie przedsi\u0119wzi\u0119cia s\u0105 realizowane zgodnie z zasad\u0105 r\u00f3wno\u015bci szans kobiet i m\u0119\u017cczyzn oraz z zasad\u0105 r\u00f3wno\u015bci szans i dost\u0119pno\u015bci dla os\u00f3b z niepe\u0142nosprawno\u015bciami. Beneficjent gwarantuje r\u00f3wny dost\u0119p do zaplanowanych wydarze\u0144 wszystkim uczestnikom\/-czkom, takie same wymagania oraz spos\u00f3b realizacji [\u2026] Read More","og_url":"https:\/\/pans.krosno.pl\/fundusze-zewnetrzne\/dostepnosc\/","og_site_name":"Fundusze zewn\u0119trzne PANS w Kro\u015bnie","article_modified_time":"2022-04-26T10:13:14+00:00","og_image":[{"url":"https:\/\/pans.krosno.pl\/fundusze-zewnetrzne\/wp-content\/uploads\/sites\/14\/2022\/03\/Norway_grants@4x-913x1024.png","type":"","width":"","height":""}],"twitter_card":"summary_large_image","twitter_misc":{"Szacowany czas czytania":"1 minuta"},"schema":{"@context":"https:\/\/schema.org","@graph":[{"@type":"WebPage","@id":"https:\/\/pans.krosno.pl\/fundusze-zewnetrzne\/dostepnosc\/","url":"https:\/\/pans.krosno.pl\/fundusze-zewnetrzne\/dostepnosc\/","name":"Dost\u0119pno\u015b\u0107 - Fundusze zewn\u0119trzne PANS w Kro\u015bnie","isPartOf":{"@id":"https:\/\/pans.krosno.pl\/fundusze-zewnetrzne\/#website"},"primaryImageOfPage":{"@id":"https:\/\/pans.krosno.pl\/fundusze-zewnetrzne\/dostepnosc\/#primaryimage"},"image":{"@id":"https:\/\/pans.krosno.pl\/fundusze-zewnetrzne\/dostepnosc\/#primaryimage"},"thumbnailUrl":"https:\/\/pans.krosno.pl\/fundusze-zewnetrzne\/wp-content\/uploads\/sites\/14\/2022\/03\/Norway_grants@4x-913x1024.png","datePublished":"2022-04-05T07:31:06+00:00","dateModified":"2022-04-26T10:13:14+00:00","breadcrumb":{"@id":"https:\/\/pans.krosno.pl\/fundusze-zewnetrzne\/dostepnosc\/#breadcrumb"},"inLanguage":"pl-PL","potentialAction":[{"@type":"ReadAction","target":["https:\/\/pans.krosno.pl\/fundusze-zewnetrzne\/dostepnosc\/"]}]},{"@type":"ImageObject","inLanguage":"pl-PL","@id":"https:\/\/pans.krosno.pl\/fundusze-zewnetrzne\/dostepnosc\/#primaryimage","url":"https:\/\/pans.krosno.pl\/fundusze-zewnetrzne\/wp-content\/uploads\/sites\/14\/2022\/03\/Norway_grants@4x.png","contentUrl":"https:\/\/pans.krosno.pl\/fundusze-zewnetrzne\/wp-content\/uploads\/sites\/14\/2022\/03\/Norway_grants@4x.png","width":931,"height":1044},{"@type":"BreadcrumbList","@id":"https:\/\/pans.krosno.pl\/fundusze-zewnetrzne\/dostepnosc\/#breadcrumb","itemListElement":[{"@type":"ListItem","position":1,"name":"Strona g\u0142\u00f3wna","item":"https:\/\/pans.krosno.pl\/fundusze-zewnetrzne\/"},{"@type":"ListItem","position":2,"name":"Dost\u0119pno\u015b\u0107"}]},{"@type":"WebSite","@id":"https:\/\/pans.krosno.pl\/fundusze-zewnetrzne\/#website","url":"https:\/\/pans.krosno.pl\/fundusze-zewnetrzne\/","name":"Fundusze zewn\u0119trzne PANS w Kro\u015bnie","description":"Fundusze zewn\u0119trzne  - Pa\u0144stwowa Akademia Nauk Stosowanych","publisher":{"@id":"https:\/\/pans.krosno.pl\/fundusze-zewnetrzne\/#organization"},"potentialAction":[{"@type":"SearchAction","target":{"@type":"EntryPoint","urlTemplate":"https:\/\/pans.krosno.pl\/fundusze-zewnetrzne\/?s={search_term_string}"},"query-input":{"@type":"PropertyValueSpecification","valueRequired":true,"valueName":"search_term_string"}}],"inLanguage":"pl-PL"},{"@type":"Organization","@id":"https:\/\/pans.krosno.pl\/fundusze-zewnetrzne\/#organization","name":"Fundusze zewn\u0119trzne PANS w Kro\u015bnie","url":"https:\/\/pans.krosno.pl\/fundusze-zewnetrzne\/","logo":{"@type":"ImageObject","inLanguage":"pl-PL","@id":"https:\/\/pans.krosno.pl\/fundusze-zewnetrzne\/#\/schema\/logo\/image\/","url":"https:\/\/pans.krosno.pl\/fundusze-zewnetrzne\/wp-content\/uploads\/sites\/14\/2023\/01\/Logo-PANS-2022-pelne.png","contentUrl":"https:\/\/pans.krosno.pl\/fundusze-zewnetrzne\/wp-content\/uploads\/sites\/14\/2023\/01\/Logo-PANS-2022-pelne.png","width":3096,"height":696,"caption":"Fundusze zewn\u0119trzne PANS w Kro\u015bnie"},"image":{"@id":"https:\/\/pans.krosno.pl\/fundusze-zewnetrzne\/#\/schema\/logo\/image\/"}}]}},"_links":{"self":[{"href":"https:\/\/pans.krosno.pl\/fundusze-zewnetrzne\/wp-json\/wp\/v2\/pages\/2952","targetHints":{"allow":["GET"]}}],"collection":[{"href":"https:\/\/pans.krosno.pl\/fundusze-zewnetrzne\/wp-json\/wp\/v2\/pages"}],"about":[{"href":"https:\/\/pans.krosno.pl\/fundusze-zewnetrzne\/wp-json\/wp\/v2\/types\/page"}],"author":[{"embeddable":true,"href":"https:\/\/pans.krosno.pl\/fundusze-zewnetrzne\/wp-json\/wp\/v2\/users\/53"}],"replies":[{"embeddable":true,"href":"https:\/\/pans.krosno.pl\/fundusze-zewnetrzne\/wp-json\/wp\/v2\/comments?post=2952"}],"version-history":[{"count":6,"href":"https:\/\/pans.krosno.pl\/fundusze-zewnetrzne\/wp-json\/wp\/v2\/pages\/2952\/revisions"}],"predecessor-version":[{"id":3130,"href":"https:\/\/pans.krosno.pl\/fundusze-zewnetrzne\/wp-json\/wp\/v2\/pages\/2952\/revisions\/3130"}],"wp:attachment":[{"href":"https:\/\/pans.krosno.pl\/fundusze-zewnetrzne\/wp-json\/wp\/v2\/media?parent=2952"}],"curies":[{"name":"wp","href":"https:\/\/api.w.org\/{rel}","templated":true}]}}