{"id":2931,"date":"2022-04-04T13:04:36","date_gmt":"2022-04-04T11:04:36","guid":{"rendered":"https:\/\/pans.krosno.pl\/fundusze-zewnetrzne\/?page_id=2931"},"modified":"2022-04-26T14:02:11","modified_gmt":"2022-04-26T12:02:11","slug":"zakwaterowanie","status":"publish","type":"page","link":"https:\/\/pans.krosno.pl\/fundusze-zewnetrzne\/projekty-realizowane\/iii-sympozjum-csm\/zakwaterowanie\/","title":{"rendered":"Zakwaterowanie"},"content":{"rendered":"\n<h2 class=\"wp-block-heading\" id=\"h-propozycje-noclegow\">Propozycje nocleg\u00f3w<\/h2>\n\n\n\n<hr class=\"wp-block-separator\" \/>\n\n\n\n<p><strong>Hotel Krosno-Nafta****<\/strong><\/p>\n\n\n\n<p>ul. Lwowska 21, 38-400 Krosno<\/p>\n\n\n\n<p>tel: +48 (13) 43&nbsp;662 12<\/p>\n\n\n\n<p>e-mail: &nbsp;rezerwacje@hotel.nafta.pl<\/p>\n\n\n\n<p>www: nafta.pl<\/p>\n\n\n\n<hr class=\"wp-block-separator\" \/>\n\n\n\n<p><strong>Pa\u0142ac Polanka Hotel Restauracja &amp; Spa****<\/strong><\/p>\n\n\n\n<p>ul. Ksi\u0119dza Jerzego Popie\u0142uszki 103, 38-400 Krosno<\/p>\n\n\n\n<p>tel:+48 (13) 492 44 55<\/p>\n\n\n\n<p>e-mail: &nbsp;rezerwacje@palacpolanka.pl<\/p>\n\n\n\n<p>www: palacpolanka.pl<\/p>\n\n\n\n<hr class=\"wp-block-separator\" \/>\n\n\n\n<p><strong>Hotel Portius***<\/strong><\/p>\n\n\n\n<p>ul. Bursaki 29A, 38-400 Krosno<\/p>\n\n\n\n<p>tel:+48&nbsp; (13) 47 480 80<\/p>\n\n\n\n<p>e-mail: &nbsp;r<a href=\"mailto:ecepcja@hotelportius.pl\">ecepcja@hotelportius.pl<\/a><\/p>\n\n\n\n<p>www: hotelportius.pl<\/p>\n\n\n\n<hr class=\"wp-block-separator\" \/>\n\n\n\n<p><strong>Hotel Lord&nbsp;***<\/strong><\/p>\n\n\n\n<p>ul. J\u00f3zefa Bema 68A, 38-400 Krosno<\/p>\n\n\n\n<p>tel:+48&nbsp; (13) 306 13 07<\/p>\n\n\n\n<p>e-mail: &nbsp;krosno@hotel-lord.pl<\/p>\n\n\n\n<p>www: hotel-lord.pl\/krosno<\/p>\n\n\n\n<hr class=\"wp-block-separator\" \/>\n\n\n\n<p><strong>Hotel \u015anie\u017cka**<\/strong><\/p>\n\n\n\n<p>ul. Lewakowskiego 22, 38-400 Krosno<\/p>\n\n\n\n<p>tel: <a href=\"tel:+48%20515%20012%20070\">+48 515 012&nbsp;070<\/a><\/p>\n\n\n\n<p>e-mail: &nbsp;<a href=\"mailto:recepcja@hotelsniezka.pl\">recepcja@hotelsniezka.pl<\/a><\/p>\n\n\n\n<p>www: hotelsniezka.pl<\/p>\n\n\n\n<hr class=\"wp-block-separator\" \/>\n\n\n\n<p><strong>Hotel Restauracja Twist**<\/strong><\/p>\n\n\n\n<p>ul. Kazimierza Pu\u017caka 37, 38-400 Krosno<\/p>\n\n\n\n<p>tel: +48 570 057 717<\/p>\n\n\n\n<p>e-mail: <a href=\"http:\/\/www.twistkrosno.pl\/admin\/edytuj\/1\/0\/%22mailto:recepcja@twistkrosno.pl%22\">recepcja@twistkrosno.pl<\/a><\/p>\n\n\n\n<p>www: www.twistkrosno.pl<\/p>\n\n\n\n<hr class=\"wp-block-separator\" \/>\n\n\n\n<p><strong>Zajazd Kasztelan&nbsp;<\/strong><\/p>\n\n\n\n<p>ul. Bieszczadzka 53A, 38-400 Krosno<\/p>\n\n\n\n<p>tel: +48 (13) 43&nbsp;689 69<\/p>\n\n\n\n<p>e-mail: <a href=\"mailto:zajazdkasztelan@op.pl\">zajazdkasztelan@op.pl<\/a><\/p>\n\n\n\n<p>www: kasztelankrosno.pl<\/p>\n\n\n\n<hr class=\"wp-block-separator\" \/>\n","protected":false},"excerpt":{"rendered":"<p>Propozycje nocleg\u00f3w Hotel Krosno-Nafta**** ul. Lwowska 21, 38-400 Krosno tel: +48 (13) 43&nbsp;662 12 e-mail: &nbsp;rezerwacje@hotel.nafta.pl www: nafta.pl Pa\u0142ac Polanka Hotel Restauracja &amp; Spa**** ul. Ksi\u0119dza Jerzego Popie\u0142uszki 103, 38-400 Krosno tel:+48 (13) 492 44 55 e-mail: &nbsp;rezerwacje@palacpolanka.pl www: palacpolanka.pl Hotel Portius*** ul. Bursaki 29A, 38-400 Krosno tel:+48&nbsp; (13) 47 [\u2026] <\/p>\n<div class=\"clear\"><\/div>\n<p><a class=\"more_link clearfix\" href=\"https:\/\/pans.krosno.pl\/fundusze-zewnetrzne\/projekty-realizowane\/iii-sympozjum-csm\/zakwaterowanie\/\" rel=\"nofollow\">Read More<\/a><\/p>\n","protected":false},"author":53,"featured_media":0,"parent":2809,"menu_order":0,"comment_status":"closed","ping_status":"closed","template":"","meta":{"ngg_post_thumbnail":0,"footnotes":""},"class_list":["post-2931","page","type-page","status-publish","hentry"],"yoast_head":"<!-- This site is optimized with the Yoast SEO Premium plugin v27.4 (Yoast SEO v27.4) - https:\/\/yoast.com\/product\/yoast-seo-premium-wordpress\/ -->\n<title>Zakwaterowanie - Fundusze zewn\u0119trzne PANS w Kro\u015bnie<\/title>\n<meta name=\"robots\" content=\"index, follow, max-snippet:-1, max-image-preview:large, max-video-preview:-1\" \/>\n<link rel=\"canonical\" href=\"https:\/\/pans.krosno.pl\/fundusze-zewnetrzne\/projekty-realizowane\/iii-sympozjum-csm\/zakwaterowanie\/\" \/>\n<meta property=\"og:locale\" content=\"pl_PL\" \/>\n<meta property=\"og:type\" content=\"article\" \/>\n<meta property=\"og:title\" content=\"Zakwaterowanie\" \/>\n<meta property=\"og:description\" content=\"Propozycje nocleg\u00f3w Hotel Krosno-Nafta**** ul. Lwowska 21, 38-400 Krosno tel: +48 (13) 43&nbsp;662 12 e-mail: &nbsp;rezerwacje@hotel.nafta.pl www: nafta.pl Pa\u0142ac Polanka Hotel Restauracja &amp; Spa**** ul. Ksi\u0119dza Jerzego Popie\u0142uszki 103, 38-400 Krosno tel:+48 (13) 492 44 55 e-mail: &nbsp;rezerwacje@palacpolanka.pl www: palacpolanka.pl Hotel Portius*** ul. Bursaki 29A, 38-400 Krosno tel:+48&nbsp; (13) 47 [\u2026] Read More\" \/>\n<meta property=\"og:url\" content=\"https:\/\/pans.krosno.pl\/fundusze-zewnetrzne\/projekty-realizowane\/iii-sympozjum-csm\/zakwaterowanie\/\" \/>\n<meta property=\"og:site_name\" content=\"Fundusze zewn\u0119trzne PANS w Kro\u015bnie\" \/>\n<meta property=\"article:modified_time\" content=\"2022-04-26T12:02:11+00:00\" \/>\n<meta name=\"twitter:card\" content=\"summary_large_image\" \/>\n<meta name=\"twitter:label1\" content=\"Szacowany czas czytania\" \/>\n\t<meta name=\"twitter:data1\" content=\"1 minuta\" \/>\n<script type=\"application\/ld+json\" class=\"yoast-schema-graph\">{\"@context\":\"https:\\\/\\\/schema.org\",\"@graph\":[{\"@type\":\"WebPage\",\"@id\":\"https:\\\/\\\/pans.krosno.pl\\\/fundusze-zewnetrzne\\\/projekty-realizowane\\\/iii-sympozjum-csm\\\/zakwaterowanie\\\/\",\"url\":\"https:\\\/\\\/pans.krosno.pl\\\/fundusze-zewnetrzne\\\/projekty-realizowane\\\/iii-sympozjum-csm\\\/zakwaterowanie\\\/\",\"name\":\"Zakwaterowanie - Fundusze zewn\u0119trzne PANS w Kro\u015bnie\",\"isPartOf\":{\"@id\":\"https:\\\/\\\/pans.krosno.pl\\\/fundusze-zewnetrzne\\\/#website\"},\"datePublished\":\"2022-04-04T11:04:36+00:00\",\"dateModified\":\"2022-04-26T12:02:11+00:00\",\"breadcrumb\":{\"@id\":\"https:\\\/\\\/pans.krosno.pl\\\/fundusze-zewnetrzne\\\/projekty-realizowane\\\/iii-sympozjum-csm\\\/zakwaterowanie\\\/#breadcrumb\"},\"inLanguage\":\"pl-PL\",\"potentialAction\":[{\"@type\":\"ReadAction\",\"target\":[\"https:\\\/\\\/pans.krosno.pl\\\/fundusze-zewnetrzne\\\/projekty-realizowane\\\/iii-sympozjum-csm\\\/zakwaterowanie\\\/\"]}]},{\"@type\":\"BreadcrumbList\",\"@id\":\"https:\\\/\\\/pans.krosno.pl\\\/fundusze-zewnetrzne\\\/projekty-realizowane\\\/iii-sympozjum-csm\\\/zakwaterowanie\\\/#breadcrumb\",\"itemListElement\":[{\"@type\":\"ListItem\",\"position\":1,\"name\":\"Strona g\u0142\u00f3wna\",\"item\":\"https:\\\/\\\/pans.krosno.pl\\\/fundusze-zewnetrzne\\\/\"},{\"@type\":\"ListItem\",\"position\":2,\"name\":\"Projekty realizowane\",\"item\":\"https:\\\/\\\/pans.krosno.pl\\\/fundusze-zewnetrzne\\\/projekty-realizowane\\\/\"},{\"@type\":\"ListItem\",\"position\":3,\"name\":\"III Sympozjum CSM\",\"item\":\"https:\\\/\\\/pans.krosno.pl\\\/fundusze-zewnetrzne\\\/projekty-realizowane\\\/iii-sympozjum-csm\\\/\"},{\"@type\":\"ListItem\",\"position\":4,\"name\":\"Zakwaterowanie\"}]},{\"@type\":\"WebSite\",\"@id\":\"https:\\\/\\\/pans.krosno.pl\\\/fundusze-zewnetrzne\\\/#website\",\"url\":\"https:\\\/\\\/pans.krosno.pl\\\/fundusze-zewnetrzne\\\/\",\"name\":\"Fundusze zewn\u0119trzne PANS w Kro\u015bnie\",\"description\":\"Fundusze zewn\u0119trzne  - Pa\u0144stwowa Akademia Nauk Stosowanych\",\"publisher\":{\"@id\":\"https:\\\/\\\/pans.krosno.pl\\\/fundusze-zewnetrzne\\\/#organization\"},\"potentialAction\":[{\"@type\":\"SearchAction\",\"target\":{\"@type\":\"EntryPoint\",\"urlTemplate\":\"https:\\\/\\\/pans.krosno.pl\\\/fundusze-zewnetrzne\\\/?s={search_term_string}\"},\"query-input\":{\"@type\":\"PropertyValueSpecification\",\"valueRequired\":true,\"valueName\":\"search_term_string\"}}],\"inLanguage\":\"pl-PL\"},{\"@type\":\"Organization\",\"@id\":\"https:\\\/\\\/pans.krosno.pl\\\/fundusze-zewnetrzne\\\/#organization\",\"name\":\"Fundusze zewn\u0119trzne PANS w Kro\u015bnie\",\"url\":\"https:\\\/\\\/pans.krosno.pl\\\/fundusze-zewnetrzne\\\/\",\"logo\":{\"@type\":\"ImageObject\",\"inLanguage\":\"pl-PL\",\"@id\":\"https:\\\/\\\/pans.krosno.pl\\\/fundusze-zewnetrzne\\\/#\\\/schema\\\/logo\\\/image\\\/\",\"url\":\"https:\\\/\\\/pans.krosno.pl\\\/fundusze-zewnetrzne\\\/wp-content\\\/uploads\\\/sites\\\/14\\\/2023\\\/01\\\/Logo-PANS-2022-pelne.png\",\"contentUrl\":\"https:\\\/\\\/pans.krosno.pl\\\/fundusze-zewnetrzne\\\/wp-content\\\/uploads\\\/sites\\\/14\\\/2023\\\/01\\\/Logo-PANS-2022-pelne.png\",\"width\":3096,\"height\":696,\"caption\":\"Fundusze zewn\u0119trzne PANS w Kro\u015bnie\"},\"image\":{\"@id\":\"https:\\\/\\\/pans.krosno.pl\\\/fundusze-zewnetrzne\\\/#\\\/schema\\\/logo\\\/image\\\/\"}}]}<\/script>\n<!-- \/ Yoast SEO Premium plugin. -->","yoast_head_json":{"title":"Zakwaterowanie - Fundusze zewn\u0119trzne PANS w Kro\u015bnie","robots":{"index":"index","follow":"follow","max-snippet":"max-snippet:-1","max-image-preview":"max-image-preview:large","max-video-preview":"max-video-preview:-1"},"canonical":"https:\/\/pans.krosno.pl\/fundusze-zewnetrzne\/projekty-realizowane\/iii-sympozjum-csm\/zakwaterowanie\/","og_locale":"pl_PL","og_type":"article","og_title":"Zakwaterowanie","og_description":"Propozycje nocleg\u00f3w Hotel Krosno-Nafta**** ul. Lwowska 21, 38-400 Krosno tel: +48 (13) 43&nbsp;662 12 e-mail: &nbsp;rezerwacje@hotel.nafta.pl www: nafta.pl Pa\u0142ac Polanka Hotel Restauracja &amp; Spa**** ul. Ksi\u0119dza Jerzego Popie\u0142uszki 103, 38-400 Krosno tel:+48 (13) 492 44 55 e-mail: &nbsp;rezerwacje@palacpolanka.pl www: palacpolanka.pl Hotel Portius*** ul. Bursaki 29A, 38-400 Krosno tel:+48&nbsp; (13) 47 [\u2026] Read More","og_url":"https:\/\/pans.krosno.pl\/fundusze-zewnetrzne\/projekty-realizowane\/iii-sympozjum-csm\/zakwaterowanie\/","og_site_name":"Fundusze zewn\u0119trzne PANS w Kro\u015bnie","article_modified_time":"2022-04-26T12:02:11+00:00","twitter_card":"summary_large_image","twitter_misc":{"Szacowany czas czytania":"1 minuta"},"schema":{"@context":"https:\/\/schema.org","@graph":[{"@type":"WebPage","@id":"https:\/\/pans.krosno.pl\/fundusze-zewnetrzne\/projekty-realizowane\/iii-sympozjum-csm\/zakwaterowanie\/","url":"https:\/\/pans.krosno.pl\/fundusze-zewnetrzne\/projekty-realizowane\/iii-sympozjum-csm\/zakwaterowanie\/","name":"Zakwaterowanie - Fundusze zewn\u0119trzne PANS w Kro\u015bnie","isPartOf":{"@id":"https:\/\/pans.krosno.pl\/fundusze-zewnetrzne\/#website"},"datePublished":"2022-04-04T11:04:36+00:00","dateModified":"2022-04-26T12:02:11+00:00","breadcrumb":{"@id":"https:\/\/pans.krosno.pl\/fundusze-zewnetrzne\/projekty-realizowane\/iii-sympozjum-csm\/zakwaterowanie\/#breadcrumb"},"inLanguage":"pl-PL","potentialAction":[{"@type":"ReadAction","target":["https:\/\/pans.krosno.pl\/fundusze-zewnetrzne\/projekty-realizowane\/iii-sympozjum-csm\/zakwaterowanie\/"]}]},{"@type":"BreadcrumbList","@id":"https:\/\/pans.krosno.pl\/fundusze-zewnetrzne\/projekty-realizowane\/iii-sympozjum-csm\/zakwaterowanie\/#breadcrumb","itemListElement":[{"@type":"ListItem","position":1,"name":"Strona g\u0142\u00f3wna","item":"https:\/\/pans.krosno.pl\/fundusze-zewnetrzne\/"},{"@type":"ListItem","position":2,"name":"Projekty realizowane","item":"https:\/\/pans.krosno.pl\/fundusze-zewnetrzne\/projekty-realizowane\/"},{"@type":"ListItem","position":3,"name":"III Sympozjum CSM","item":"https:\/\/pans.krosno.pl\/fundusze-zewnetrzne\/projekty-realizowane\/iii-sympozjum-csm\/"},{"@type":"ListItem","position":4,"name":"Zakwaterowanie"}]},{"@type":"WebSite","@id":"https:\/\/pans.krosno.pl\/fundusze-zewnetrzne\/#website","url":"https:\/\/pans.krosno.pl\/fundusze-zewnetrzne\/","name":"Fundusze zewn\u0119trzne PANS w Kro\u015bnie","description":"Fundusze zewn\u0119trzne  - Pa\u0144stwowa Akademia Nauk Stosowanych","publisher":{"@id":"https:\/\/pans.krosno.pl\/fundusze-zewnetrzne\/#organization"},"potentialAction":[{"@type":"SearchAction","target":{"@type":"EntryPoint","urlTemplate":"https:\/\/pans.krosno.pl\/fundusze-zewnetrzne\/?s={search_term_string}"},"query-input":{"@type":"PropertyValueSpecification","valueRequired":true,"valueName":"search_term_string"}}],"inLanguage":"pl-PL"},{"@type":"Organization","@id":"https:\/\/pans.krosno.pl\/fundusze-zewnetrzne\/#organization","name":"Fundusze zewn\u0119trzne PANS w Kro\u015bnie","url":"https:\/\/pans.krosno.pl\/fundusze-zewnetrzne\/","logo":{"@type":"ImageObject","inLanguage":"pl-PL","@id":"https:\/\/pans.krosno.pl\/fundusze-zewnetrzne\/#\/schema\/logo\/image\/","url":"https:\/\/pans.krosno.pl\/fundusze-zewnetrzne\/wp-content\/uploads\/sites\/14\/2023\/01\/Logo-PANS-2022-pelne.png","contentUrl":"https:\/\/pans.krosno.pl\/fundusze-zewnetrzne\/wp-content\/uploads\/sites\/14\/2023\/01\/Logo-PANS-2022-pelne.png","width":3096,"height":696,"caption":"Fundusze zewn\u0119trzne PANS w Kro\u015bnie"},"image":{"@id":"https:\/\/pans.krosno.pl\/fundusze-zewnetrzne\/#\/schema\/logo\/image\/"}}]}},"_links":{"self":[{"href":"https:\/\/pans.krosno.pl\/fundusze-zewnetrzne\/wp-json\/wp\/v2\/pages\/2931","targetHints":{"allow":["GET"]}}],"collection":[{"href":"https:\/\/pans.krosno.pl\/fundusze-zewnetrzne\/wp-json\/wp\/v2\/pages"}],"about":[{"href":"https:\/\/pans.krosno.pl\/fundusze-zewnetrzne\/wp-json\/wp\/v2\/types\/page"}],"author":[{"embeddable":true,"href":"https:\/\/pans.krosno.pl\/fundusze-zewnetrzne\/wp-json\/wp\/v2\/users\/53"}],"replies":[{"embeddable":true,"href":"https:\/\/pans.krosno.pl\/fundusze-zewnetrzne\/wp-json\/wp\/v2\/comments?post=2931"}],"version-history":[{"count":3,"href":"https:\/\/pans.krosno.pl\/fundusze-zewnetrzne\/wp-json\/wp\/v2\/pages\/2931\/revisions"}],"predecessor-version":[{"id":2993,"href":"https:\/\/pans.krosno.pl\/fundusze-zewnetrzne\/wp-json\/wp\/v2\/pages\/2931\/revisions\/2993"}],"up":[{"embeddable":true,"href":"https:\/\/pans.krosno.pl\/fundusze-zewnetrzne\/wp-json\/wp\/v2\/pages\/2809"}],"wp:attachment":[{"href":"https:\/\/pans.krosno.pl\/fundusze-zewnetrzne\/wp-json\/wp\/v2\/media?parent=2931"}],"curies":[{"name":"wp","href":"https:\/\/api.w.org\/{rel}","templated":true}]}}