{"id":2923,"date":"2022-04-04T13:02:59","date_gmt":"2022-04-04T11:02:59","guid":{"rendered":"https:\/\/pans.krosno.pl\/fundusze-zewnetrzne\/?page_id=2923"},"modified":"2022-05-25T09:17:39","modified_gmt":"2022-05-25T07:17:39","slug":"sesja-posterowa","status":"publish","type":"page","link":"https:\/\/pans.krosno.pl\/fundusze-zewnetrzne\/projekty-realizowane\/iii-sympozjum-csm\/sesja-posterowa\/","title":{"rendered":"Sesja posterowa"},"content":{"rendered":"\n<p>Tre\u015bci plakatu powinny dotyczy\u0107 symulacji medycznej.<\/p>\n\n\n\n<p>Termin nadsy\u0142ania poster\u00f3w (drog\u0105 elektroniczn\u0105 &#8211; w formacie pdf) &#8211; &nbsp;<strong>16 maja 2022 r.<\/strong><\/p>\n\n\n\n<p>Forma drukowana powinna mie\u0107 format&nbsp; 70cm x 90cm w pionie.<\/p>\n\n\n\n<p>Poster nale\u017cy przygotowa\u0107 na jednym arkuszu, wydrukowa\u0107 i dostarczy\u0107 w dniu rozpocz\u0119cia sympozjum.<\/p>\n\n\n\n<p>Plakaty zostan\u0105 umieszczone na stronie internetowej, a najciekawszy z nich zostanie uhonorowany nagrod\u0105 specjaln\u0105.<\/p>\n\n\n\n<p>Wybrane postery zostan\u0105 tak\u017ce zaprezentowane podczas konferencji w formie wydrukowanej.<\/p>\n\n\n\n<p><strong>Tre\u015b\u0107 plakatu badawczego:<\/strong><\/p>\n\n\n\n<ol class=\"wp-block-list\" type=\"1\"><li>Tytu\u0142 (pozycja: \u015brodek plakatu, czcionka: 48 pkt.).<\/li><li>Imi\u0119 i nazwisko, afiliacja oraz adres e-mail Autora\/Autor\u00f3w.<\/li><li>Merytoryczna zawarto\u015b\u0107 poster\u00f3w empirycznych<br>&#8211; wst\u0119p teoretyczny,<br>&#8211; cel badania i hipotezy badawcze,<br>&#8211; metoda: osoby badane, narz\u0119dzia badawcze,<br>&#8211; wyniki bada\u0144,<br>&#8211; dyskusja wynik\u00f3w,<br>&#8211; wnioski.<br>Dodatkowo: wykresy, schematy, ilustracje, inne elementy graficzne.<\/li><\/ol>\n\n\n\n<p><strong>Tre\u015b\u0107 plakatu teoretycznego:<\/strong><\/p>\n\n\n\n<ol class=\"wp-block-list\" type=\"1\"><li>Ciekawa tematyka \u2013 studium indywidualnego przypadku, kt\u00f3re ma zastosowanie w symulacji medycznej.<\/li><li>Prezentacja w zakresie stosowania innowacyjnych metod w symulacji medycznej lub wyj\u0105tkowo\u015bci swojego Centrum Symulacji Medycznej.<\/li><\/ol>\n\n\n\n<p><strong>Wymagania techniczne obejmuj\u0105:<\/strong><\/p>\n\n\n\n<ol class=\"wp-block-list\" type=\"1\"><li>Zalecan\u0105 czcionk\u0105 jest Arial.<\/li><li>Interlinia powinna wynosi\u0107 co najmniej 1,15.<\/li><li>Wielko\u015b\u0107 czcionki wykorzystanej na plakacie \u2013 nie mo\u017ce by\u0107 mniejsza ni\u017c 24 pkt; dopuszcza si\u0119 zastosowanie czcionki o wielko\u015bci 18 pkt. w cz\u0119\u015bci dotycz\u0105cej cytowania literatury.<\/li><li>Je\u015bli na plakacie umieszczane s\u0105 zdj\u0119cia\/mapy zaleca si\u0119, by ich rozdzielczo\u015b\u0107 wynosi\u0142a co najmniej 150 dpi i by\u0142a nie wi\u0119ksza ni\u017c 300 dpi.<\/li><\/ol>\n\n\n\n<p><strong>Postery nale\u017cy przes\u0142a\u0107 na adres:<\/strong> sympozjumcsm@pans.krosno.pl<\/p>\n\n\n\n<p><\/p>\n","protected":false},"excerpt":{"rendered":"<p>Tre\u015bci plakatu powinny dotyczy\u0107 symulacji medycznej. Termin nadsy\u0142ania poster\u00f3w (drog\u0105 elektroniczn\u0105 &#8211; w formacie pdf) &#8211; &nbsp;16 maja 2022 r. Forma drukowana powinna mie\u0107 format&nbsp; 70cm x 90cm w pionie. Poster nale\u017cy przygotowa\u0107 na jednym arkuszu, wydrukowa\u0107 i dostarczy\u0107 w dniu rozpocz\u0119cia sympozjum. Plakaty zostan\u0105 umieszczone na stronie internetowej, a [\u2026] <\/p>\n<div class=\"clear\"><\/div>\n<p><a class=\"more_link clearfix\" href=\"https:\/\/pans.krosno.pl\/fundusze-zewnetrzne\/projekty-realizowane\/iii-sympozjum-csm\/sesja-posterowa\/\" rel=\"nofollow\">Read More<\/a><\/p>\n","protected":false},"author":53,"featured_media":0,"parent":2809,"menu_order":0,"comment_status":"closed","ping_status":"closed","template":"","meta":{"ngg_post_thumbnail":0,"footnotes":""},"class_list":["post-2923","page","type-page","status-publish","hentry"],"yoast_head":"<!-- This site is optimized with the Yoast SEO Premium plugin v27.4 (Yoast SEO v27.4) - https:\/\/yoast.com\/product\/yoast-seo-premium-wordpress\/ -->\n<title>Sesja posterowa - Fundusze zewn\u0119trzne PANS w Kro\u015bnie<\/title>\n<meta name=\"robots\" content=\"index, follow, max-snippet:-1, max-image-preview:large, max-video-preview:-1\" \/>\n<link rel=\"canonical\" href=\"https:\/\/pans.krosno.pl\/fundusze-zewnetrzne\/projekty-realizowane\/iii-sympozjum-csm\/sesja-posterowa\/\" \/>\n<meta property=\"og:locale\" content=\"pl_PL\" \/>\n<meta property=\"og:type\" content=\"article\" \/>\n<meta property=\"og:title\" content=\"Sesja posterowa\" \/>\n<meta property=\"og:description\" content=\"Tre\u015bci plakatu powinny dotyczy\u0107 symulacji medycznej. Termin nadsy\u0142ania poster\u00f3w (drog\u0105 elektroniczn\u0105 &#8211; w formacie pdf) &#8211; &nbsp;16 maja 2022 r. Forma drukowana powinna mie\u0107 format&nbsp; 70cm x 90cm w pionie. Poster nale\u017cy przygotowa\u0107 na jednym arkuszu, wydrukowa\u0107 i dostarczy\u0107 w dniu rozpocz\u0119cia sympozjum. Plakaty zostan\u0105 umieszczone na stronie internetowej, a [\u2026] Read More\" \/>\n<meta property=\"og:url\" content=\"https:\/\/pans.krosno.pl\/fundusze-zewnetrzne\/projekty-realizowane\/iii-sympozjum-csm\/sesja-posterowa\/\" \/>\n<meta property=\"og:site_name\" content=\"Fundusze zewn\u0119trzne PANS w Kro\u015bnie\" \/>\n<meta property=\"article:modified_time\" content=\"2022-05-25T07:17:39+00:00\" \/>\n<meta name=\"twitter:card\" content=\"summary_large_image\" \/>\n<meta name=\"twitter:label1\" content=\"Szacowany czas czytania\" \/>\n\t<meta name=\"twitter:data1\" content=\"2 minuty\" \/>\n<script type=\"application\/ld+json\" class=\"yoast-schema-graph\">{\"@context\":\"https:\\\/\\\/schema.org\",\"@graph\":[{\"@type\":\"WebPage\",\"@id\":\"https:\\\/\\\/pans.krosno.pl\\\/fundusze-zewnetrzne\\\/projekty-realizowane\\\/iii-sympozjum-csm\\\/sesja-posterowa\\\/\",\"url\":\"https:\\\/\\\/pans.krosno.pl\\\/fundusze-zewnetrzne\\\/projekty-realizowane\\\/iii-sympozjum-csm\\\/sesja-posterowa\\\/\",\"name\":\"Sesja posterowa - Fundusze zewn\u0119trzne PANS w Kro\u015bnie\",\"isPartOf\":{\"@id\":\"https:\\\/\\\/pans.krosno.pl\\\/fundusze-zewnetrzne\\\/#website\"},\"datePublished\":\"2022-04-04T11:02:59+00:00\",\"dateModified\":\"2022-05-25T07:17:39+00:00\",\"breadcrumb\":{\"@id\":\"https:\\\/\\\/pans.krosno.pl\\\/fundusze-zewnetrzne\\\/projekty-realizowane\\\/iii-sympozjum-csm\\\/sesja-posterowa\\\/#breadcrumb\"},\"inLanguage\":\"pl-PL\",\"potentialAction\":[{\"@type\":\"ReadAction\",\"target\":[\"https:\\\/\\\/pans.krosno.pl\\\/fundusze-zewnetrzne\\\/projekty-realizowane\\\/iii-sympozjum-csm\\\/sesja-posterowa\\\/\"]}]},{\"@type\":\"BreadcrumbList\",\"@id\":\"https:\\\/\\\/pans.krosno.pl\\\/fundusze-zewnetrzne\\\/projekty-realizowane\\\/iii-sympozjum-csm\\\/sesja-posterowa\\\/#breadcrumb\",\"itemListElement\":[{\"@type\":\"ListItem\",\"position\":1,\"name\":\"Strona g\u0142\u00f3wna\",\"item\":\"https:\\\/\\\/pans.krosno.pl\\\/fundusze-zewnetrzne\\\/\"},{\"@type\":\"ListItem\",\"position\":2,\"name\":\"Projekty realizowane\",\"item\":\"https:\\\/\\\/pans.krosno.pl\\\/fundusze-zewnetrzne\\\/projekty-realizowane\\\/\"},{\"@type\":\"ListItem\",\"position\":3,\"name\":\"III Sympozjum CSM\",\"item\":\"https:\\\/\\\/pans.krosno.pl\\\/fundusze-zewnetrzne\\\/projekty-realizowane\\\/iii-sympozjum-csm\\\/\"},{\"@type\":\"ListItem\",\"position\":4,\"name\":\"Sesja posterowa\"}]},{\"@type\":\"WebSite\",\"@id\":\"https:\\\/\\\/pans.krosno.pl\\\/fundusze-zewnetrzne\\\/#website\",\"url\":\"https:\\\/\\\/pans.krosno.pl\\\/fundusze-zewnetrzne\\\/\",\"name\":\"Fundusze zewn\u0119trzne PANS w Kro\u015bnie\",\"description\":\"Fundusze zewn\u0119trzne  - Pa\u0144stwowa Akademia Nauk Stosowanych\",\"publisher\":{\"@id\":\"https:\\\/\\\/pans.krosno.pl\\\/fundusze-zewnetrzne\\\/#organization\"},\"potentialAction\":[{\"@type\":\"SearchAction\",\"target\":{\"@type\":\"EntryPoint\",\"urlTemplate\":\"https:\\\/\\\/pans.krosno.pl\\\/fundusze-zewnetrzne\\\/?s={search_term_string}\"},\"query-input\":{\"@type\":\"PropertyValueSpecification\",\"valueRequired\":true,\"valueName\":\"search_term_string\"}}],\"inLanguage\":\"pl-PL\"},{\"@type\":\"Organization\",\"@id\":\"https:\\\/\\\/pans.krosno.pl\\\/fundusze-zewnetrzne\\\/#organization\",\"name\":\"Fundusze zewn\u0119trzne PANS w Kro\u015bnie\",\"url\":\"https:\\\/\\\/pans.krosno.pl\\\/fundusze-zewnetrzne\\\/\",\"logo\":{\"@type\":\"ImageObject\",\"inLanguage\":\"pl-PL\",\"@id\":\"https:\\\/\\\/pans.krosno.pl\\\/fundusze-zewnetrzne\\\/#\\\/schema\\\/logo\\\/image\\\/\",\"url\":\"https:\\\/\\\/pans.krosno.pl\\\/fundusze-zewnetrzne\\\/wp-content\\\/uploads\\\/sites\\\/14\\\/2023\\\/01\\\/Logo-PANS-2022-pelne.png\",\"contentUrl\":\"https:\\\/\\\/pans.krosno.pl\\\/fundusze-zewnetrzne\\\/wp-content\\\/uploads\\\/sites\\\/14\\\/2023\\\/01\\\/Logo-PANS-2022-pelne.png\",\"width\":3096,\"height\":696,\"caption\":\"Fundusze zewn\u0119trzne PANS w Kro\u015bnie\"},\"image\":{\"@id\":\"https:\\\/\\\/pans.krosno.pl\\\/fundusze-zewnetrzne\\\/#\\\/schema\\\/logo\\\/image\\\/\"}}]}<\/script>\n<!-- \/ Yoast SEO Premium plugin. -->","yoast_head_json":{"title":"Sesja posterowa - Fundusze zewn\u0119trzne PANS w Kro\u015bnie","robots":{"index":"index","follow":"follow","max-snippet":"max-snippet:-1","max-image-preview":"max-image-preview:large","max-video-preview":"max-video-preview:-1"},"canonical":"https:\/\/pans.krosno.pl\/fundusze-zewnetrzne\/projekty-realizowane\/iii-sympozjum-csm\/sesja-posterowa\/","og_locale":"pl_PL","og_type":"article","og_title":"Sesja posterowa","og_description":"Tre\u015bci plakatu powinny dotyczy\u0107 symulacji medycznej. Termin nadsy\u0142ania poster\u00f3w (drog\u0105 elektroniczn\u0105 &#8211; w formacie pdf) &#8211; &nbsp;16 maja 2022 r. Forma drukowana powinna mie\u0107 format&nbsp; 70cm x 90cm w pionie. Poster nale\u017cy przygotowa\u0107 na jednym arkuszu, wydrukowa\u0107 i dostarczy\u0107 w dniu rozpocz\u0119cia sympozjum. Plakaty zostan\u0105 umieszczone na stronie internetowej, a [\u2026] Read More","og_url":"https:\/\/pans.krosno.pl\/fundusze-zewnetrzne\/projekty-realizowane\/iii-sympozjum-csm\/sesja-posterowa\/","og_site_name":"Fundusze zewn\u0119trzne PANS w Kro\u015bnie","article_modified_time":"2022-05-25T07:17:39+00:00","twitter_card":"summary_large_image","twitter_misc":{"Szacowany czas czytania":"2 minuty"},"schema":{"@context":"https:\/\/schema.org","@graph":[{"@type":"WebPage","@id":"https:\/\/pans.krosno.pl\/fundusze-zewnetrzne\/projekty-realizowane\/iii-sympozjum-csm\/sesja-posterowa\/","url":"https:\/\/pans.krosno.pl\/fundusze-zewnetrzne\/projekty-realizowane\/iii-sympozjum-csm\/sesja-posterowa\/","name":"Sesja posterowa - Fundusze zewn\u0119trzne PANS w Kro\u015bnie","isPartOf":{"@id":"https:\/\/pans.krosno.pl\/fundusze-zewnetrzne\/#website"},"datePublished":"2022-04-04T11:02:59+00:00","dateModified":"2022-05-25T07:17:39+00:00","breadcrumb":{"@id":"https:\/\/pans.krosno.pl\/fundusze-zewnetrzne\/projekty-realizowane\/iii-sympozjum-csm\/sesja-posterowa\/#breadcrumb"},"inLanguage":"pl-PL","potentialAction":[{"@type":"ReadAction","target":["https:\/\/pans.krosno.pl\/fundusze-zewnetrzne\/projekty-realizowane\/iii-sympozjum-csm\/sesja-posterowa\/"]}]},{"@type":"BreadcrumbList","@id":"https:\/\/pans.krosno.pl\/fundusze-zewnetrzne\/projekty-realizowane\/iii-sympozjum-csm\/sesja-posterowa\/#breadcrumb","itemListElement":[{"@type":"ListItem","position":1,"name":"Strona g\u0142\u00f3wna","item":"https:\/\/pans.krosno.pl\/fundusze-zewnetrzne\/"},{"@type":"ListItem","position":2,"name":"Projekty realizowane","item":"https:\/\/pans.krosno.pl\/fundusze-zewnetrzne\/projekty-realizowane\/"},{"@type":"ListItem","position":3,"name":"III Sympozjum CSM","item":"https:\/\/pans.krosno.pl\/fundusze-zewnetrzne\/projekty-realizowane\/iii-sympozjum-csm\/"},{"@type":"ListItem","position":4,"name":"Sesja posterowa"}]},{"@type":"WebSite","@id":"https:\/\/pans.krosno.pl\/fundusze-zewnetrzne\/#website","url":"https:\/\/pans.krosno.pl\/fundusze-zewnetrzne\/","name":"Fundusze zewn\u0119trzne PANS w Kro\u015bnie","description":"Fundusze zewn\u0119trzne  - Pa\u0144stwowa Akademia Nauk Stosowanych","publisher":{"@id":"https:\/\/pans.krosno.pl\/fundusze-zewnetrzne\/#organization"},"potentialAction":[{"@type":"SearchAction","target":{"@type":"EntryPoint","urlTemplate":"https:\/\/pans.krosno.pl\/fundusze-zewnetrzne\/?s={search_term_string}"},"query-input":{"@type":"PropertyValueSpecification","valueRequired":true,"valueName":"search_term_string"}}],"inLanguage":"pl-PL"},{"@type":"Organization","@id":"https:\/\/pans.krosno.pl\/fundusze-zewnetrzne\/#organization","name":"Fundusze zewn\u0119trzne PANS w Kro\u015bnie","url":"https:\/\/pans.krosno.pl\/fundusze-zewnetrzne\/","logo":{"@type":"ImageObject","inLanguage":"pl-PL","@id":"https:\/\/pans.krosno.pl\/fundusze-zewnetrzne\/#\/schema\/logo\/image\/","url":"https:\/\/pans.krosno.pl\/fundusze-zewnetrzne\/wp-content\/uploads\/sites\/14\/2023\/01\/Logo-PANS-2022-pelne.png","contentUrl":"https:\/\/pans.krosno.pl\/fundusze-zewnetrzne\/wp-content\/uploads\/sites\/14\/2023\/01\/Logo-PANS-2022-pelne.png","width":3096,"height":696,"caption":"Fundusze zewn\u0119trzne PANS w Kro\u015bnie"},"image":{"@id":"https:\/\/pans.krosno.pl\/fundusze-zewnetrzne\/#\/schema\/logo\/image\/"}}]}},"_links":{"self":[{"href":"https:\/\/pans.krosno.pl\/fundusze-zewnetrzne\/wp-json\/wp\/v2\/pages\/2923","targetHints":{"allow":["GET"]}}],"collection":[{"href":"https:\/\/pans.krosno.pl\/fundusze-zewnetrzne\/wp-json\/wp\/v2\/pages"}],"about":[{"href":"https:\/\/pans.krosno.pl\/fundusze-zewnetrzne\/wp-json\/wp\/v2\/types\/page"}],"author":[{"embeddable":true,"href":"https:\/\/pans.krosno.pl\/fundusze-zewnetrzne\/wp-json\/wp\/v2\/users\/53"}],"replies":[{"embeddable":true,"href":"https:\/\/pans.krosno.pl\/fundusze-zewnetrzne\/wp-json\/wp\/v2\/comments?post=2923"}],"version-history":[{"count":7,"href":"https:\/\/pans.krosno.pl\/fundusze-zewnetrzne\/wp-json\/wp\/v2\/pages\/2923\/revisions"}],"predecessor-version":[{"id":3230,"href":"https:\/\/pans.krosno.pl\/fundusze-zewnetrzne\/wp-json\/wp\/v2\/pages\/2923\/revisions\/3230"}],"up":[{"embeddable":true,"href":"https:\/\/pans.krosno.pl\/fundusze-zewnetrzne\/wp-json\/wp\/v2\/pages\/2809"}],"wp:attachment":[{"href":"https:\/\/pans.krosno.pl\/fundusze-zewnetrzne\/wp-json\/wp\/v2\/media?parent=2923"}],"curies":[{"name":"wp","href":"https:\/\/api.w.org\/{rel}","templated":true}]}}