{"id":284,"date":"2020-05-13T16:18:56","date_gmt":"2020-05-13T14:18:56","guid":{"rendered":"https:\/\/pans.krosno.pl\/fundusze-europejskie-kursy\/?page_id=284"},"modified":"2022-05-25T09:31:32","modified_gmt":"2022-05-25T07:31:32","slug":"biuro-karier-aktualnosci","status":"publish","type":"page","link":"https:\/\/pans.krosno.pl\/fundusze-zewnetrzne\/projekty-zrealizowane\/biuro-karier\/biuro-karier-aktualnosci\/","title":{"rendered":"Zaplanuj swoj\u0105 przysz\u0142o\u015b\u0107 z Akademickim Biurem Karier w PWSZ w Kro\u015bnie &#8211; Aktualno\u015bci"},"content":{"rendered":"<hr>\n<p><img loading=\"lazy\" decoding=\"async\" class=\"alignnone size-full wp-image-1096\" src=\"https:\/\/pans.krosno.pl\/fundusze-europejskie-kursy\/wp-content\/uploads\/sites\/14\/2020\/05\/Po-WER-NCBR-scaled.jpg\" alt=\"\" width=\"2560\" height=\"323\" srcset=\"https:\/\/pans.krosno.pl\/fundusze-zewnetrzne\/wp-content\/uploads\/sites\/14\/2020\/05\/Po-WER-NCBR-scaled.jpg 2560w, https:\/\/pans.krosno.pl\/fundusze-zewnetrzne\/wp-content\/uploads\/sites\/14\/2020\/05\/Po-WER-NCBR-300x38.jpg 300w, https:\/\/pans.krosno.pl\/fundusze-zewnetrzne\/wp-content\/uploads\/sites\/14\/2020\/05\/Po-WER-NCBR-1024x129.jpg 1024w, https:\/\/pans.krosno.pl\/fundusze-zewnetrzne\/wp-content\/uploads\/sites\/14\/2020\/05\/Po-WER-NCBR-768x97.jpg 768w, https:\/\/pans.krosno.pl\/fundusze-zewnetrzne\/wp-content\/uploads\/sites\/14\/2020\/05\/Po-WER-NCBR-1536x194.jpg 1536w, https:\/\/pans.krosno.pl\/fundusze-zewnetrzne\/wp-content\/uploads\/sites\/14\/2020\/05\/Po-WER-NCBR-2048x258.jpg 2048w, https:\/\/pans.krosno.pl\/fundusze-zewnetrzne\/wp-content\/uploads\/sites\/14\/2020\/05\/Po-WER-NCBR-2000x252.jpg 2000w, https:\/\/pans.krosno.pl\/fundusze-zewnetrzne\/wp-content\/uploads\/sites\/14\/2020\/05\/Po-WER-NCBR-800x101.jpg 800w, https:\/\/pans.krosno.pl\/fundusze-zewnetrzne\/wp-content\/uploads\/sites\/14\/2020\/05\/Po-WER-NCBR-580x73.jpg 580w\" sizes=\"auto, (max-width: 2560px) 100vw, 2560px\" \/><\/p>\n\n<ul class=\"wp-block-latest-posts__list has-dates wp-block-latest-posts\"><li><div class=\"wp-block-latest-posts__featured-image alignleft\"><img loading=\"lazy\" decoding=\"async\" width=\"150\" height=\"150\" src=\"https:\/\/pans.krosno.pl\/fundusze-zewnetrzne\/wp-content\/uploads\/sites\/14\/2020\/05\/dsc_7762-1-150x150.jpg\" class=\"attachment-thumbnail size-thumbnail wp-post-image\" alt=\"\" style=\"\" \/><\/div><a class=\"wp-block-latest-posts__post-title\" href=\"https:\/\/pans.krosno.pl\/fundusze-zewnetrzne\/podsumowanie-targow-pracy-w-pwsz-w-krosnie\/\">Podsumowanie Targ\u00f3w Pracy w PWSZ w Kro\u015bnie<\/a><time datetime=\"2019-03-29T16:10:00+01:00\" class=\"wp-block-latest-posts__post-date\">29 marca 2019<\/time><div class=\"wp-block-latest-posts__post-excerpt\">Targi zorganizowane zosta\u0142y przez Biuro Karier PWSZ w Kro\u015bnie oraz Wojew\u00f3dzk\u0105 Komend\u0119 Ochotniczych Hufc\u00f3w Pracy w Rzeszowie, CEiPM OHP w Kro\u015bnie.&nbsp;Tegoroczna edycja Targ\u00f3w Pracy, zgromadzi\u0142a, najwi\u0119cej jak do tej pory, bo 46 wystawc\u00f3w i rekordow\u0105 liczb\u0119 uczestnik\u00f3w, kt\u00f3r\u0105 szacujemy na ponad 1000 os\u00f3b, w tym absolwent\u00f3w, student\u00f3w PWSZ w Kro\u015bnie, uczni\u00f3w szk\u00f3\u0142 ponadgimnazjalnych oraz os\u00f3b [\u2026] <div class=\"clear\"><\/div><a class=\"more_link clearfix\" href=\"https:\/\/pans.krosno.pl\/fundusze-zewnetrzne\/podsumowanie-targow-pracy-w-pwsz-w-krosnie\/\" rel=\"nofollow\">Read More<\/a><\/div><\/li>\n<li><div class=\"wp-block-latest-posts__featured-image alignleft\"><img loading=\"lazy\" decoding=\"async\" width=\"150\" height=\"150\" src=\"https:\/\/pans.krosno.pl\/fundusze-zewnetrzne\/wp-content\/uploads\/sites\/14\/2020\/05\/targi_pracy_2019_3_2-150x150.jpg\" class=\"attachment-thumbnail size-thumbnail wp-post-image\" alt=\"\" style=\"\" \/><\/div><a class=\"wp-block-latest-posts__post-title\" href=\"https:\/\/pans.krosno.pl\/fundusze-zewnetrzne\/targi-pracy-w-pwsz-w-krosnie-w-dniu-22-marca-2019-r\/\">Targi Pracy w PWSZ w Kro\u015bnie w dniu 22 marca 2019 r.<\/a><time datetime=\"2019-03-14T16:12:00+01:00\" class=\"wp-block-latest-posts__post-date\">14 marca 2019<\/time><div class=\"wp-block-latest-posts__post-excerpt\">Targi Pracy organizowane s\u0105 przez Biuro Karier PWSZ w Kro\u015bnie oraz Wojew\u00f3dzk\u0105 Komend\u0119 Ochotniczych Hufc\u00f3w Pracy w Rzeszowie, CEiPM OHP w Kro\u015bnie w ramach projektu pn. &#8222;Zaplanuj swoj\u0105 przysz\u0142o\u015b\u0107 z Akademickim Biurem Karier w PWSZ w Kro\u015bnie nr POWR.03.01.00-00-B039\/17 wsp\u00f3\u0142finansowany ze \u015brodk\u00f3w Europejskiego Funduszu Spo\u0142ecznego w ramach Programu Operacyjnego Wiedza Edukacja Rozw\u00f3j. Uczestnictwo w Targach [\u2026] <div class=\"clear\"><\/div><a class=\"more_link clearfix\" href=\"https:\/\/pans.krosno.pl\/fundusze-zewnetrzne\/targi-pracy-w-pwsz-w-krosnie-w-dniu-22-marca-2019-r\/\" rel=\"nofollow\">Read More<\/a><\/div><\/li>\n<li><div class=\"wp-block-latest-posts__featured-image alignleft\"><img loading=\"lazy\" decoding=\"async\" width=\"150\" height=\"150\" src=\"https:\/\/pans.krosno.pl\/fundusze-zewnetrzne\/wp-content\/uploads\/sites\/14\/2020\/05\/plakat_2018_11-1-150x150.jpg\" class=\"attachment-thumbnail size-thumbnail wp-post-image\" alt=\"\" style=\"\" \/><\/div><a class=\"wp-block-latest-posts__post-title\" href=\"https:\/\/pans.krosno.pl\/fundusze-zewnetrzne\/zapraszamy-do-udzialu-w-projekcie-zaplanuj-swoja-przyszlosc-z-akademickim-biurem-karier-w-pwsz-w-krosnie\/\">Zapraszamy do udzia\u0142u w projekcie \u201eZaplanuj swoj\u0105 przysz\u0142o\u015b\u0107 z Akademickim Biurem Karier w PWSZ w Kro\u015bnie\u201d<\/a><time datetime=\"2018-10-08T16:13:00+02:00\" class=\"wp-block-latest-posts__post-date\">8 pa\u017adziernika 2018<\/time><div class=\"wp-block-latest-posts__post-excerpt\">Drodzy studenci, wraz z rozpocz\u0119ciem nowego roku akademickiego startujemy z rekrutacj\u0105 do II etapu Projektu \u201eZaplanuj swoj\u0105 przysz\u0142o\u015b\u0107 z Akademickim Biurem Karier w PWSZ w Kro\u015bnie\u201d. Projekt skierowany jest do student\u00f3w si\u00f3dmych semestr\u00f3w studi\u00f3w stacjonarnych i niestacjonarnych. Wi\u0119cej szczeg\u00f3\u0142\u00f3w znajdziecie pod linkiem:&nbsp;http:\/\/www.pwsz.krosno.pl\/do-pobrania-projekt-abk\/ W przypadku pyta\u0144 zapraszamy do kontaktu z Akademickim Biurem Karier, pok\u00f3j 01, ul.Rynek [\u2026] <div class=\"clear\"><\/div><a class=\"more_link clearfix\" href=\"https:\/\/pans.krosno.pl\/fundusze-zewnetrzne\/zapraszamy-do-udzialu-w-projekcie-zaplanuj-swoja-przyszlosc-z-akademickim-biurem-karier-w-pwsz-w-krosnie\/\" rel=\"nofollow\">Read More<\/a><\/div><\/li>\n<li><div class=\"wp-block-latest-posts__featured-image alignleft\"><img loading=\"lazy\" decoding=\"async\" width=\"150\" height=\"150\" src=\"https:\/\/pans.krosno.pl\/fundusze-zewnetrzne\/wp-content\/uploads\/sites\/14\/2020\/05\/img_2419-1-150x150.jpg\" class=\"attachment-thumbnail size-thumbnail wp-post-image\" alt=\"\" style=\"\" \/><\/div><a class=\"wp-block-latest-posts__post-title\" href=\"https:\/\/pans.krosno.pl\/fundusze-zewnetrzne\/jak-napisac-biznesplan-warsztaty-z-przedsiebiorczosci\/\">&#8222;Jak napisa\u0107 biznesplan&#8221; &#8211; warsztaty z przedsi\u0119biorczo\u015bci<\/a><time datetime=\"2018-05-13T16:18:00+02:00\" class=\"wp-block-latest-posts__post-date\">13 maja 2018<\/time><div class=\"wp-block-latest-posts__post-excerpt\">W ramach realizacji projektu pn. &#8222;Zaplanuj swoj\u0105 przysz\u0142o\u015b\u0107 z Akademickim Biurem Karier w PWSZ w Kro\u015bnie&#8221; w dniu 8 marca br. odby\u0142y si\u0119 pierwsze warsztaty z przedsi\u0119biorczo\u015bci.Uczestnicy projektu udzia\u0142 wzi\u0119li w zaj\u0119ciach pt. &#8222;Jak napisa\u0107 biznesplan&#8221;, prowadzonych przez dr Lilian\u0119 Mierzwi\u0144sk\u0105. Kolejne spotkanie ju\u017c 22 marca, serdecznie zapraszamy.<\/div><\/li>\n<li><div class=\"wp-block-latest-posts__featured-image alignleft\"><img loading=\"lazy\" decoding=\"async\" width=\"150\" height=\"150\" src=\"https:\/\/pans.krosno.pl\/fundusze-zewnetrzne\/wp-content\/uploads\/sites\/14\/2020\/05\/plakat_targi_pracyd-1-150x150.jpg\" class=\"attachment-thumbnail size-thumbnail wp-post-image\" alt=\"\" style=\"\" \/><\/div><a class=\"wp-block-latest-posts__post-title\" href=\"https:\/\/pans.krosno.pl\/fundusze-zewnetrzne\/szkolenia-w-ramach-targow-pracy-w-pwsz-w-krosnie-23-marca-2018-r\/\">Szkolenia w ramach Targ\u00f3w Pracy w PWSZ w Kro\u015bnie 23 marca 2018 r.<\/a><time datetime=\"2018-05-13T16:17:00+02:00\" class=\"wp-block-latest-posts__post-date\">13 maja 2018<\/time><div class=\"wp-block-latest-posts__post-excerpt\">Pragniemy zaprosi\u0107 Pa\u0144stwa do udzia\u0142u w Targach Pracy w PWSZ w Kro\u015bnie, kt\u00f3re odb\u0119d\u0105 si\u0119 w dniu 23 marca 2018 r. w Kampusie techniczno-sportowym przy ul. Stanis\u0142awa Wyspia\u0144skiego 20 \/hala sportowa\/. W ramach targ\u00f3w pracy serdecznie zapraszamy do uczestnictwa w szkoleniach pt.: &#8222;Kapita\u0142 Kariery&#8221; we wsp\u00f3\u0142pracy z Centrum Informacji i Planowania Kariery Zawodowej Wojew\u00f3dzkiego Urz\u0119du [\u2026] <div class=\"clear\"><\/div><a class=\"more_link clearfix\" href=\"https:\/\/pans.krosno.pl\/fundusze-zewnetrzne\/szkolenia-w-ramach-targow-pracy-w-pwsz-w-krosnie-23-marca-2018-r\/\" rel=\"nofollow\">Read More<\/a><\/div><\/li>\n<li><div class=\"wp-block-latest-posts__featured-image alignleft\"><img loading=\"lazy\" decoding=\"async\" width=\"150\" height=\"150\" src=\"https:\/\/pans.krosno.pl\/fundusze-zewnetrzne\/wp-content\/uploads\/sites\/14\/2020\/05\/plakat2-1-150x150.jpg\" class=\"attachment-thumbnail size-thumbnail wp-post-image\" alt=\"\" style=\"\" \/><\/div><a class=\"wp-block-latest-posts__post-title\" href=\"https:\/\/pans.krosno.pl\/fundusze-zewnetrzne\/symulacja-rozmowy-kwalifikacyjnej-7-czerwca-2018-r\/\">Symulacja rozmowy kwalifikacyjnej &#8211; 7 czerwca 2018 r.<\/a><time datetime=\"2018-05-13T16:15:00+02:00\" class=\"wp-block-latest-posts__post-date\">13 maja 2018<\/time><div class=\"wp-block-latest-posts__post-excerpt\">Zapraszamy uczestnik\u00f3w projektu \u201eZaplanuj swoj\u0105 przysz\u0142o\u015b\u0107 z Akademickim Biurem Karier PWSZ w Kro\u015bnie&#8221; do udzia\u0142u w SYMULACJI ROZMOWY KWALIFIKACYJNEJ. We\u017a udzia\u0142 w wyj\u0105tkowym spotkaniu, z profesjonalnym rekruterem \u2013 Anit\u0105 Szyd\u0142o &#8211; Specjalist\u0105 ds. personalnych w firmie Eba sp. z o.o. Zobacz jak wygl\u0105da prawdziwa rozmowa kwalifikacyjna, wejd\u017a w rol\u0119 kandydata, daj sobie szans\u0119 na zadanie [\u2026] <div class=\"clear\"><\/div><a class=\"more_link clearfix\" href=\"https:\/\/pans.krosno.pl\/fundusze-zewnetrzne\/symulacja-rozmowy-kwalifikacyjnej-7-czerwca-2018-r\/\" rel=\"nofollow\">Read More<\/a><\/div><\/li>\n<li><div class=\"wp-block-latest-posts__featured-image alignleft\"><img loading=\"lazy\" decoding=\"async\" width=\"150\" height=\"150\" src=\"https:\/\/pans.krosno.pl\/fundusze-zewnetrzne\/wp-content\/uploads\/sites\/14\/2020\/05\/baner_targi_pracy_2018a-1-150x150.jpg\" class=\"attachment-thumbnail size-thumbnail wp-post-image\" alt=\"\" style=\"\" \/><\/div><a class=\"wp-block-latest-posts__post-title\" href=\"https:\/\/pans.krosno.pl\/fundusze-zewnetrzne\/targi-pracy-pracodawcy-z-regionu-w-pwsz-w-krosnie\/\">Targi Pracy &#8211; pracodawcy z regionu w PWSZ w Kro\u015bnie<\/a><time datetime=\"2018-05-13T16:15:00+02:00\" class=\"wp-block-latest-posts__post-date\">13 maja 2018<\/time><div class=\"wp-block-latest-posts__post-excerpt\">W dniu 23 marca 2018 roku w Kampusie Techniczno-Sportowym PWSZ w Kro\u015bnie odby\u0142y si\u0119 Targi Pracy organizowane przez Biuro Karier PWSZ w Kro\u015bnie oraz Wojew\u00f3dzk\u0105 Komend\u0119 Ochotniczych Hufc\u00f3w Pracy w Rzeszowie, CEiPM OHP w Kro\u015bnie w ramach projektu pn. &#8222;Zaplanuj swoj\u0105 przysz\u0142o\u015b\u0107 z Akademickim Biurem Karier w PWSZ w Kro\u015bnie&#8221; wsp\u00f3\u0142finansowanego ze \u015brodk\u00f3w Europejskiego Funduszu [\u2026] <div class=\"clear\"><\/div><a class=\"more_link clearfix\" href=\"https:\/\/pans.krosno.pl\/fundusze-zewnetrzne\/targi-pracy-pracodawcy-z-regionu-w-pwsz-w-krosnie\/\" rel=\"nofollow\">Read More<\/a><\/div><\/li>\n<li><div class=\"wp-block-latest-posts__featured-image alignleft\"><img loading=\"lazy\" decoding=\"async\" width=\"150\" height=\"150\" src=\"https:\/\/pans.krosno.pl\/fundusze-zewnetrzne\/wp-content\/uploads\/sites\/14\/2020\/05\/dscn8884-1-150x150.jpg\" class=\"attachment-thumbnail size-thumbnail wp-post-image\" alt=\"\" style=\"\" \/><\/div><a class=\"wp-block-latest-posts__post-title\" href=\"https:\/\/pans.krosno.pl\/fundusze-zewnetrzne\/symulacja-rozmowy-kwalifikacyjnej-spotkanie-z-profesjonalnym-rekruterem\/\">Symulacja rozmowy kwalifikacyjnej &#8211; spotkanie z profesjonalnym rekruterem<\/a><time datetime=\"2018-05-13T16:14:00+02:00\" class=\"wp-block-latest-posts__post-date\">13 maja 2018<\/time><div class=\"wp-block-latest-posts__post-excerpt\">W dniu 7 czerwca br. uczestnicy projektu &#8222;Zaplanuj swoj\u0105 przysz\u0142o\u015b\u0107 z Akademickim Biurem Karier PWSZ w Kro\u015bnie&#8221; mieli okazj\u0119 wzi\u0105\u0107 udzia\u0142 w wyj\u0105tkowym spotkaniu z profesjonalnym rekruterem, pani\u0105 Anita Szyd\u0142o \u2013 specjalist\u0105 ds. personalnych w firmie Eba sp. z o.o. Studenci mogli aplikowa\u0107 na jedno z dw\u00f3ch stanowisk: Asystent Dzia\u0142u Zakup\u00f3w lub Asystent Dzia\u0142u Logistyki [\u2026] <div class=\"clear\"><\/div><a class=\"more_link clearfix\" href=\"https:\/\/pans.krosno.pl\/fundusze-zewnetrzne\/symulacja-rozmowy-kwalifikacyjnej-spotkanie-z-profesjonalnym-rekruterem\/\" rel=\"nofollow\">Read More<\/a><\/div><\/li>\n<\/ul>","protected":false},"excerpt":{"rendered":"","protected":false},"author":27,"featured_media":0,"parent":281,"menu_order":0,"comment_status":"closed","ping_status":"closed","template":"page-templates\/template-full-width.php","meta":{"ngg_post_thumbnail":0,"footnotes":""},"class_list":["post-284","page","type-page","status-publish","hentry"],"yoast_head":"<!-- This site is optimized with the Yoast SEO Premium plugin v27.3 (Yoast SEO v27.3) - https:\/\/yoast.com\/product\/yoast-seo-premium-wordpress\/ -->\n<title>Zaplanuj swoj\u0105 przysz\u0142o\u015b\u0107 z Akademickim Biurem Karier w PWSZ w Kro\u015bnie - Aktualno\u015bci - Fundusze zewn\u0119trzne PANS w Kro\u015bnie<\/title>\n<meta name=\"robots\" content=\"index, follow, max-snippet:-1, max-image-preview:large, max-video-preview:-1\" \/>\n<link rel=\"canonical\" href=\"https:\/\/pans.krosno.pl\/fundusze-zewnetrzne\/projekty-zrealizowane\/biuro-karier\/biuro-karier-aktualnosci\/\" \/>\n<meta property=\"og:locale\" content=\"pl_PL\" \/>\n<meta property=\"og:type\" content=\"article\" \/>\n<meta property=\"og:title\" content=\"Zaplanuj swoj\u0105 przysz\u0142o\u015b\u0107 z Akademickim Biurem Karier w PWSZ w Kro\u015bnie - Aktualno\u015bci\" \/>\n<meta property=\"og:url\" content=\"https:\/\/pans.krosno.pl\/fundusze-zewnetrzne\/projekty-zrealizowane\/biuro-karier\/biuro-karier-aktualnosci\/\" \/>\n<meta property=\"og:site_name\" content=\"Fundusze zewn\u0119trzne PANS w Kro\u015bnie\" \/>\n<meta property=\"article:modified_time\" content=\"2022-05-25T07:31:32+00:00\" \/>\n<meta property=\"og:image\" content=\"https:\/\/pans.krosno.pl\/fundusze-europejskie-kursy\/wp-content\/uploads\/sites\/14\/2020\/05\/Po-WER-NCBR-scaled.jpg\" \/>\n<meta name=\"twitter:card\" content=\"summary_large_image\" \/>\n<meta name=\"twitter:label1\" content=\"Szacowany czas czytania\" \/>\n\t<meta name=\"twitter:data1\" content=\"1 minuta\" \/>\n<script type=\"application\/ld+json\" class=\"yoast-schema-graph\">{\"@context\":\"https:\\\/\\\/schema.org\",\"@graph\":[{\"@type\":\"WebPage\",\"@id\":\"https:\\\/\\\/pans.krosno.pl\\\/fundusze-zewnetrzne\\\/projekty-zrealizowane\\\/biuro-karier\\\/biuro-karier-aktualnosci\\\/\",\"url\":\"https:\\\/\\\/pans.krosno.pl\\\/fundusze-zewnetrzne\\\/projekty-zrealizowane\\\/biuro-karier\\\/biuro-karier-aktualnosci\\\/\",\"name\":\"Zaplanuj swoj\u0105 przysz\u0142o\u015b\u0107 z Akademickim Biurem Karier w PWSZ w Kro\u015bnie - Aktualno\u015bci - Fundusze zewn\u0119trzne PANS w Kro\u015bnie\",\"isPartOf\":{\"@id\":\"https:\\\/\\\/pans.krosno.pl\\\/fundusze-zewnetrzne\\\/#website\"},\"primaryImageOfPage\":{\"@id\":\"https:\\\/\\\/pans.krosno.pl\\\/fundusze-zewnetrzne\\\/projekty-zrealizowane\\\/biuro-karier\\\/biuro-karier-aktualnosci\\\/#primaryimage\"},\"image\":{\"@id\":\"https:\\\/\\\/pans.krosno.pl\\\/fundusze-zewnetrzne\\\/projekty-zrealizowane\\\/biuro-karier\\\/biuro-karier-aktualnosci\\\/#primaryimage\"},\"thumbnailUrl\":\"https:\\\/\\\/pans.krosno.pl\\\/fundusze-europejskie-kursy\\\/wp-content\\\/uploads\\\/sites\\\/14\\\/2020\\\/05\\\/Po-WER-NCBR-scaled.jpg\",\"datePublished\":\"2020-05-13T14:18:56+00:00\",\"dateModified\":\"2022-05-25T07:31:32+00:00\",\"breadcrumb\":{\"@id\":\"https:\\\/\\\/pans.krosno.pl\\\/fundusze-zewnetrzne\\\/projekty-zrealizowane\\\/biuro-karier\\\/biuro-karier-aktualnosci\\\/#breadcrumb\"},\"inLanguage\":\"pl-PL\",\"potentialAction\":[{\"@type\":\"ReadAction\",\"target\":[\"https:\\\/\\\/pans.krosno.pl\\\/fundusze-zewnetrzne\\\/projekty-zrealizowane\\\/biuro-karier\\\/biuro-karier-aktualnosci\\\/\"]}]},{\"@type\":\"ImageObject\",\"inLanguage\":\"pl-PL\",\"@id\":\"https:\\\/\\\/pans.krosno.pl\\\/fundusze-zewnetrzne\\\/projekty-zrealizowane\\\/biuro-karier\\\/biuro-karier-aktualnosci\\\/#primaryimage\",\"url\":\"https:\\\/\\\/pans.krosno.pl\\\/fundusze-europejskie-kursy\\\/wp-content\\\/uploads\\\/sites\\\/14\\\/2020\\\/05\\\/Po-WER-NCBR-scaled.jpg\",\"contentUrl\":\"https:\\\/\\\/pans.krosno.pl\\\/fundusze-europejskie-kursy\\\/wp-content\\\/uploads\\\/sites\\\/14\\\/2020\\\/05\\\/Po-WER-NCBR-scaled.jpg\"},{\"@type\":\"BreadcrumbList\",\"@id\":\"https:\\\/\\\/pans.krosno.pl\\\/fundusze-zewnetrzne\\\/projekty-zrealizowane\\\/biuro-karier\\\/biuro-karier-aktualnosci\\\/#breadcrumb\",\"itemListElement\":[{\"@type\":\"ListItem\",\"position\":1,\"name\":\"Strona g\u0142\u00f3wna\",\"item\":\"https:\\\/\\\/pans.krosno.pl\\\/fundusze-zewnetrzne\\\/\"},{\"@type\":\"ListItem\",\"position\":2,\"name\":\"Projekty zrealizowane\",\"item\":\"https:\\\/\\\/pans.krosno.pl\\\/fundusze-zewnetrzne\\\/projekty-zrealizowane\\\/\"},{\"@type\":\"ListItem\",\"position\":3,\"name\":\"Zaplanuj swoj\u0105 przysz\u0142o\u015b\u0107 z Akademickim Biurem Karier w PWSZ w Kro\u015bnie\",\"item\":\"https:\\\/\\\/pans.krosno.pl\\\/fundusze-zewnetrzne\\\/projekty-zrealizowane\\\/biuro-karier\\\/\"},{\"@type\":\"ListItem\",\"position\":4,\"name\":\"Zaplanuj swoj\u0105 przysz\u0142o\u015b\u0107 z Akademickim Biurem Karier w PWSZ w Kro\u015bnie &#8211; Aktualno\u015bci\"}]},{\"@type\":\"WebSite\",\"@id\":\"https:\\\/\\\/pans.krosno.pl\\\/fundusze-zewnetrzne\\\/#website\",\"url\":\"https:\\\/\\\/pans.krosno.pl\\\/fundusze-zewnetrzne\\\/\",\"name\":\"Fundusze zewn\u0119trzne PANS w Kro\u015bnie\",\"description\":\"Fundusze zewn\u0119trzne  - Pa\u0144stwowa Akademia Nauk Stosowanych\",\"publisher\":{\"@id\":\"https:\\\/\\\/pans.krosno.pl\\\/fundusze-zewnetrzne\\\/#organization\"},\"potentialAction\":[{\"@type\":\"SearchAction\",\"target\":{\"@type\":\"EntryPoint\",\"urlTemplate\":\"https:\\\/\\\/pans.krosno.pl\\\/fundusze-zewnetrzne\\\/?s={search_term_string}\"},\"query-input\":{\"@type\":\"PropertyValueSpecification\",\"valueRequired\":true,\"valueName\":\"search_term_string\"}}],\"inLanguage\":\"pl-PL\"},{\"@type\":\"Organization\",\"@id\":\"https:\\\/\\\/pans.krosno.pl\\\/fundusze-zewnetrzne\\\/#organization\",\"name\":\"Fundusze zewn\u0119trzne PANS w Kro\u015bnie\",\"url\":\"https:\\\/\\\/pans.krosno.pl\\\/fundusze-zewnetrzne\\\/\",\"logo\":{\"@type\":\"ImageObject\",\"inLanguage\":\"pl-PL\",\"@id\":\"https:\\\/\\\/pans.krosno.pl\\\/fundusze-zewnetrzne\\\/#\\\/schema\\\/logo\\\/image\\\/\",\"url\":\"https:\\\/\\\/pans.krosno.pl\\\/fundusze-zewnetrzne\\\/wp-content\\\/uploads\\\/sites\\\/14\\\/2023\\\/01\\\/Logo-PANS-2022-pelne.png\",\"contentUrl\":\"https:\\\/\\\/pans.krosno.pl\\\/fundusze-zewnetrzne\\\/wp-content\\\/uploads\\\/sites\\\/14\\\/2023\\\/01\\\/Logo-PANS-2022-pelne.png\",\"width\":3096,\"height\":696,\"caption\":\"Fundusze zewn\u0119trzne PANS w Kro\u015bnie\"},\"image\":{\"@id\":\"https:\\\/\\\/pans.krosno.pl\\\/fundusze-zewnetrzne\\\/#\\\/schema\\\/logo\\\/image\\\/\"}}]}<\/script>\n<!-- \/ Yoast SEO Premium plugin. -->","yoast_head_json":{"title":"Zaplanuj swoj\u0105 przysz\u0142o\u015b\u0107 z Akademickim Biurem Karier w PWSZ w Kro\u015bnie - Aktualno\u015bci - Fundusze zewn\u0119trzne PANS w Kro\u015bnie","robots":{"index":"index","follow":"follow","max-snippet":"max-snippet:-1","max-image-preview":"max-image-preview:large","max-video-preview":"max-video-preview:-1"},"canonical":"https:\/\/pans.krosno.pl\/fundusze-zewnetrzne\/projekty-zrealizowane\/biuro-karier\/biuro-karier-aktualnosci\/","og_locale":"pl_PL","og_type":"article","og_title":"Zaplanuj swoj\u0105 przysz\u0142o\u015b\u0107 z Akademickim Biurem Karier w PWSZ w Kro\u015bnie - Aktualno\u015bci","og_url":"https:\/\/pans.krosno.pl\/fundusze-zewnetrzne\/projekty-zrealizowane\/biuro-karier\/biuro-karier-aktualnosci\/","og_site_name":"Fundusze zewn\u0119trzne PANS w Kro\u015bnie","article_modified_time":"2022-05-25T07:31:32+00:00","og_image":[{"url":"https:\/\/pans.krosno.pl\/fundusze-europejskie-kursy\/wp-content\/uploads\/sites\/14\/2020\/05\/Po-WER-NCBR-scaled.jpg","type":"","width":"","height":""}],"twitter_card":"summary_large_image","twitter_misc":{"Szacowany czas czytania":"1 minuta"},"schema":{"@context":"https:\/\/schema.org","@graph":[{"@type":"WebPage","@id":"https:\/\/pans.krosno.pl\/fundusze-zewnetrzne\/projekty-zrealizowane\/biuro-karier\/biuro-karier-aktualnosci\/","url":"https:\/\/pans.krosno.pl\/fundusze-zewnetrzne\/projekty-zrealizowane\/biuro-karier\/biuro-karier-aktualnosci\/","name":"Zaplanuj swoj\u0105 przysz\u0142o\u015b\u0107 z Akademickim Biurem Karier w PWSZ w Kro\u015bnie - Aktualno\u015bci - Fundusze zewn\u0119trzne PANS w Kro\u015bnie","isPartOf":{"@id":"https:\/\/pans.krosno.pl\/fundusze-zewnetrzne\/#website"},"primaryImageOfPage":{"@id":"https:\/\/pans.krosno.pl\/fundusze-zewnetrzne\/projekty-zrealizowane\/biuro-karier\/biuro-karier-aktualnosci\/#primaryimage"},"image":{"@id":"https:\/\/pans.krosno.pl\/fundusze-zewnetrzne\/projekty-zrealizowane\/biuro-karier\/biuro-karier-aktualnosci\/#primaryimage"},"thumbnailUrl":"https:\/\/pans.krosno.pl\/fundusze-europejskie-kursy\/wp-content\/uploads\/sites\/14\/2020\/05\/Po-WER-NCBR-scaled.jpg","datePublished":"2020-05-13T14:18:56+00:00","dateModified":"2022-05-25T07:31:32+00:00","breadcrumb":{"@id":"https:\/\/pans.krosno.pl\/fundusze-zewnetrzne\/projekty-zrealizowane\/biuro-karier\/biuro-karier-aktualnosci\/#breadcrumb"},"inLanguage":"pl-PL","potentialAction":[{"@type":"ReadAction","target":["https:\/\/pans.krosno.pl\/fundusze-zewnetrzne\/projekty-zrealizowane\/biuro-karier\/biuro-karier-aktualnosci\/"]}]},{"@type":"ImageObject","inLanguage":"pl-PL","@id":"https:\/\/pans.krosno.pl\/fundusze-zewnetrzne\/projekty-zrealizowane\/biuro-karier\/biuro-karier-aktualnosci\/#primaryimage","url":"https:\/\/pans.krosno.pl\/fundusze-europejskie-kursy\/wp-content\/uploads\/sites\/14\/2020\/05\/Po-WER-NCBR-scaled.jpg","contentUrl":"https:\/\/pans.krosno.pl\/fundusze-europejskie-kursy\/wp-content\/uploads\/sites\/14\/2020\/05\/Po-WER-NCBR-scaled.jpg"},{"@type":"BreadcrumbList","@id":"https:\/\/pans.krosno.pl\/fundusze-zewnetrzne\/projekty-zrealizowane\/biuro-karier\/biuro-karier-aktualnosci\/#breadcrumb","itemListElement":[{"@type":"ListItem","position":1,"name":"Strona g\u0142\u00f3wna","item":"https:\/\/pans.krosno.pl\/fundusze-zewnetrzne\/"},{"@type":"ListItem","position":2,"name":"Projekty zrealizowane","item":"https:\/\/pans.krosno.pl\/fundusze-zewnetrzne\/projekty-zrealizowane\/"},{"@type":"ListItem","position":3,"name":"Zaplanuj swoj\u0105 przysz\u0142o\u015b\u0107 z Akademickim Biurem Karier w PWSZ w Kro\u015bnie","item":"https:\/\/pans.krosno.pl\/fundusze-zewnetrzne\/projekty-zrealizowane\/biuro-karier\/"},{"@type":"ListItem","position":4,"name":"Zaplanuj swoj\u0105 przysz\u0142o\u015b\u0107 z Akademickim Biurem Karier w PWSZ w Kro\u015bnie &#8211; Aktualno\u015bci"}]},{"@type":"WebSite","@id":"https:\/\/pans.krosno.pl\/fundusze-zewnetrzne\/#website","url":"https:\/\/pans.krosno.pl\/fundusze-zewnetrzne\/","name":"Fundusze zewn\u0119trzne PANS w Kro\u015bnie","description":"Fundusze zewn\u0119trzne  - Pa\u0144stwowa Akademia Nauk Stosowanych","publisher":{"@id":"https:\/\/pans.krosno.pl\/fundusze-zewnetrzne\/#organization"},"potentialAction":[{"@type":"SearchAction","target":{"@type":"EntryPoint","urlTemplate":"https:\/\/pans.krosno.pl\/fundusze-zewnetrzne\/?s={search_term_string}"},"query-input":{"@type":"PropertyValueSpecification","valueRequired":true,"valueName":"search_term_string"}}],"inLanguage":"pl-PL"},{"@type":"Organization","@id":"https:\/\/pans.krosno.pl\/fundusze-zewnetrzne\/#organization","name":"Fundusze zewn\u0119trzne PANS w Kro\u015bnie","url":"https:\/\/pans.krosno.pl\/fundusze-zewnetrzne\/","logo":{"@type":"ImageObject","inLanguage":"pl-PL","@id":"https:\/\/pans.krosno.pl\/fundusze-zewnetrzne\/#\/schema\/logo\/image\/","url":"https:\/\/pans.krosno.pl\/fundusze-zewnetrzne\/wp-content\/uploads\/sites\/14\/2023\/01\/Logo-PANS-2022-pelne.png","contentUrl":"https:\/\/pans.krosno.pl\/fundusze-zewnetrzne\/wp-content\/uploads\/sites\/14\/2023\/01\/Logo-PANS-2022-pelne.png","width":3096,"height":696,"caption":"Fundusze zewn\u0119trzne PANS w Kro\u015bnie"},"image":{"@id":"https:\/\/pans.krosno.pl\/fundusze-zewnetrzne\/#\/schema\/logo\/image\/"}}]}},"_links":{"self":[{"href":"https:\/\/pans.krosno.pl\/fundusze-zewnetrzne\/wp-json\/wp\/v2\/pages\/284","targetHints":{"allow":["GET"]}}],"collection":[{"href":"https:\/\/pans.krosno.pl\/fundusze-zewnetrzne\/wp-json\/wp\/v2\/pages"}],"about":[{"href":"https:\/\/pans.krosno.pl\/fundusze-zewnetrzne\/wp-json\/wp\/v2\/types\/page"}],"author":[{"embeddable":true,"href":"https:\/\/pans.krosno.pl\/fundusze-zewnetrzne\/wp-json\/wp\/v2\/users\/27"}],"replies":[{"embeddable":true,"href":"https:\/\/pans.krosno.pl\/fundusze-zewnetrzne\/wp-json\/wp\/v2\/comments?post=284"}],"version-history":[{"count":9,"href":"https:\/\/pans.krosno.pl\/fundusze-zewnetrzne\/wp-json\/wp\/v2\/pages\/284\/revisions"}],"predecessor-version":[{"id":3242,"href":"https:\/\/pans.krosno.pl\/fundusze-zewnetrzne\/wp-json\/wp\/v2\/pages\/284\/revisions\/3242"}],"up":[{"embeddable":true,"href":"https:\/\/pans.krosno.pl\/fundusze-zewnetrzne\/wp-json\/wp\/v2\/pages\/281"}],"wp:attachment":[{"href":"https:\/\/pans.krosno.pl\/fundusze-zewnetrzne\/wp-json\/wp\/v2\/media?parent=284"}],"curies":[{"name":"wp","href":"https:\/\/api.w.org\/{rel}","templated":true}]}}