{"id":2810,"date":"2022-03-09T09:30:54","date_gmt":"2022-03-09T08:30:54","guid":{"rendered":"https:\/\/pans.krosno.pl\/fundusze-zewnetrzne\/?page_id=2810"},"modified":"2023-02-28T08:37:52","modified_gmt":"2023-02-28T07:37:52","slug":"iii-sympozjum-csm-o-projekcie","status":"publish","type":"page","link":"https:\/\/pans.krosno.pl\/fundusze-zewnetrzne\/projekty-realizowane\/iii-sympozjum-csm\/iii-sympozjum-csm-o-projekcie\/","title":{"rendered":"III Sympozjum CSM &#8211; O projekcie"},"content":{"rendered":"\n<p>Karpacka Pa\u0144stwowa Uczelnia w Kro\u015bnie od 1 listopada 2021 r. realizuje projekt pt. III Sympozjum Symulacji Medycznej&nbsp;&#8222;Wsp\u00f3\u0142czesne trendy w kszta\u0142ceniu na kierunkach medycznych&#8221;. Fundusze na realizacj\u0119 projektu w wysoko\u015bci 55 250,00 z\u0142 zosta\u0142y pozyskane ze \u015brodk\u00f3w Ministra Edukacji i Nauki w ramach programu \u201eDoskona\u0142a nauka\u201d.<\/p>\n\n\n\n<p>Celem III Sympozjum Symulacji Medycznej jest prezentacja najnowszych osi\u0105gni\u0119\u0107 naukowych zwi\u0105zanych z symulacj\u0105 w opiece zdrowotnej. Ponadto konferencja b\u0119dzie p\u0142aszczyzn\u0105 do wymiany do\u015bwiadcze\u0144 i integracji \u015brodowiska symulacyjnego, nie tylko medycznego, ale tak\u017ce studenckiego i administracyjnego czy technicznego. Dzia\u0142ania centrum symulacji wymagaj\u0105 znacznych zasob\u00f3w ludzkich.&nbsp;Technicy, aktorzy, pracownicy socjalni, psychologowie i eksperci od czynnik\u00f3w ludzkich to tylko niekt\u00f3rzy specjali\u015bci zaanga\u017cowani w centrum obok piel\u0119gniarek, &nbsp;po\u0142o\u017cnych, ratownik\u00f3w medycznych czy lekarzy.&nbsp;<br>Celem lider\u00f3w centr\u00f3w symulacji jest nieustanne dostarczanie wysokiej jako\u015bci tre\u015bci w edukacji i symulacji,&nbsp;utrzymanie niskich koszt\u00f3w.<\/p>\n\n\n\n<p>Symulacja medyczna to obecnie bardzo szybko rozwijaj\u0105ca si\u0119 metoda kszta\u0142cenia student\u00f3w na kierunkach medycznych. Stwarza mo\u017cliwo\u015b\u0107 uczenia si\u0119 i oceny umiej\u0119tno\u015bci klinicznych na r\u00f3\u017cnych poziomach edukacji danego kierunku, np. piel\u0119gniarstwa, po\u0142o\u017cnictwa czy ratownictwa medycznego. G\u0142\u00f3wnym celem symulacji jako metody kszta\u0142cenia jest poprawa jako\u015bci opieki i zapewnienie bezpiecze\u0144stwa pacjenta. Ponadto symulacja korzystanie wp\u0142ywa na uczni\u00f3w, nauczycieli oraz wszystkie osoby i instytucje zaanga\u017cowane w jej przebieg (WHO, 2018).<\/p>\n\n\n\n<p>Udzia\u0142 w sympozjum jest bezp\u0142atny.<\/p>\n\n\n\n<p>Limit miejsc: 70 &#8211; decyduje kolejno\u015b\u0107 zg\u0142osze\u0144.<\/p>\n\n\n\n<div class=\"wp-block-file\"><a href=\"https:\/\/pans.krosno.pl\/fundusze-zewnetrzne\/wp-content\/uploads\/sites\/14\/2022\/04\/III-Sympozjum-KPU-plakat.pdf\">III-Sympozjum-KPU-plakat<\/a><a href=\"https:\/\/pans.krosno.pl\/fundusze-zewnetrzne\/wp-content\/uploads\/sites\/14\/2022\/04\/III-Sympozjum-KPU-plakat.pdf\" class=\"wp-block-file__button\" download>Pobierz<\/a><\/div>\n\n\n\n<div data-wp-interactive=\"core\/file\" class=\"wp-block-file\"><object data-wp-bind--hidden=\"!state.hasPdfPreview\" hidden class=\"wp-block-file__embed\" data=\"https:\/\/pans.krosno.pl\/fundusze-zewnetrzne\/wp-content\/uploads\/sites\/14\/2023\/02\/SKRYPT.pdf\" type=\"application\/pdf\" style=\"width:100%;height:600px\" aria-label=\"Osadzone z SKRYPT.\"><\/object><a id=\"wp-block-file--media-8215dd62-a33e-4642-ac1e-54f7e004bf2b\" href=\"https:\/\/pans.krosno.pl\/fundusze-zewnetrzne\/wp-content\/uploads\/sites\/14\/2023\/02\/SKRYPT.pdf\">SKRYPT<\/a><a href=\"https:\/\/pans.krosno.pl\/fundusze-zewnetrzne\/wp-content\/uploads\/sites\/14\/2023\/02\/SKRYPT.pdf\" class=\"wp-block-file__button wp-element-button\" download aria-describedby=\"wp-block-file--media-8215dd62-a33e-4642-ac1e-54f7e004bf2b\">Pobierz<\/a><\/div>\n","protected":false},"excerpt":{"rendered":"<p>Karpacka Pa\u0144stwowa Uczelnia w Kro\u015bnie od 1 listopada 2021 r. realizuje projekt pt. III Sympozjum Symulacji Medycznej&nbsp;&#8222;Wsp\u00f3\u0142czesne trendy w kszta\u0142ceniu na kierunkach medycznych&#8221;. Fundusze na realizacj\u0119 projektu w wysoko\u015bci 55 250,00 z\u0142 zosta\u0142y pozyskane ze \u015brodk\u00f3w Ministra Edukacji i Nauki w ramach programu \u201eDoskona\u0142a nauka\u201d. Celem III Sympozjum Symulacji Medycznej [\u2026] <\/p>\n<div class=\"clear\"><\/div>\n<p><a class=\"more_link clearfix\" href=\"https:\/\/pans.krosno.pl\/fundusze-zewnetrzne\/projekty-realizowane\/iii-sympozjum-csm\/iii-sympozjum-csm-o-projekcie\/\" rel=\"nofollow\">Read More<\/a><\/p>\n","protected":false},"author":27,"featured_media":0,"parent":2809,"menu_order":0,"comment_status":"closed","ping_status":"closed","template":"page-templates\/template-full-width.php","meta":{"ngg_post_thumbnail":0,"footnotes":""},"class_list":["post-2810","page","type-page","status-publish","hentry"],"yoast_head":"<!-- This site is optimized with the Yoast SEO Premium plugin v27.4 (Yoast SEO v27.4) - https:\/\/yoast.com\/product\/yoast-seo-premium-wordpress\/ -->\n<title>III Sympozjum CSM - O projekcie - Fundusze zewn\u0119trzne PANS w Kro\u015bnie<\/title>\n<meta name=\"robots\" content=\"index, follow, max-snippet:-1, max-image-preview:large, max-video-preview:-1\" \/>\n<link rel=\"canonical\" href=\"https:\/\/pans.krosno.pl\/fundusze-zewnetrzne\/projekty-realizowane\/iii-sympozjum-csm\/iii-sympozjum-csm-o-projekcie\/\" \/>\n<meta property=\"og:locale\" content=\"pl_PL\" \/>\n<meta property=\"og:type\" content=\"article\" \/>\n<meta property=\"og:title\" content=\"III Sympozjum CSM - O projekcie\" \/>\n<meta property=\"og:description\" content=\"Karpacka Pa\u0144stwowa Uczelnia w Kro\u015bnie od 1 listopada 2021 r. realizuje projekt pt. III Sympozjum Symulacji Medycznej&nbsp;&#8222;Wsp\u00f3\u0142czesne trendy w kszta\u0142ceniu na kierunkach medycznych&#8221;. Fundusze na realizacj\u0119 projektu w wysoko\u015bci 55 250,00 z\u0142 zosta\u0142y pozyskane ze \u015brodk\u00f3w Ministra Edukacji i Nauki w ramach programu \u201eDoskona\u0142a nauka\u201d. Celem III Sympozjum Symulacji Medycznej [\u2026] Read More\" \/>\n<meta property=\"og:url\" content=\"https:\/\/pans.krosno.pl\/fundusze-zewnetrzne\/projekty-realizowane\/iii-sympozjum-csm\/iii-sympozjum-csm-o-projekcie\/\" \/>\n<meta property=\"og:site_name\" content=\"Fundusze zewn\u0119trzne PANS w Kro\u015bnie\" \/>\n<meta property=\"article:modified_time\" content=\"2023-02-28T07:37:52+00:00\" \/>\n<meta name=\"twitter:card\" content=\"summary_large_image\" \/>\n<meta name=\"twitter:label1\" content=\"Szacowany czas czytania\" \/>\n\t<meta name=\"twitter:data1\" content=\"2 minuty\" \/>\n<script type=\"application\/ld+json\" class=\"yoast-schema-graph\">{\"@context\":\"https:\\\/\\\/schema.org\",\"@graph\":[{\"@type\":\"WebPage\",\"@id\":\"https:\\\/\\\/pans.krosno.pl\\\/fundusze-zewnetrzne\\\/projekty-realizowane\\\/iii-sympozjum-csm\\\/iii-sympozjum-csm-o-projekcie\\\/\",\"url\":\"https:\\\/\\\/pans.krosno.pl\\\/fundusze-zewnetrzne\\\/projekty-realizowane\\\/iii-sympozjum-csm\\\/iii-sympozjum-csm-o-projekcie\\\/\",\"name\":\"III Sympozjum CSM - O projekcie - Fundusze zewn\u0119trzne PANS w Kro\u015bnie\",\"isPartOf\":{\"@id\":\"https:\\\/\\\/pans.krosno.pl\\\/fundusze-zewnetrzne\\\/#website\"},\"datePublished\":\"2022-03-09T08:30:54+00:00\",\"dateModified\":\"2023-02-28T07:37:52+00:00\",\"breadcrumb\":{\"@id\":\"https:\\\/\\\/pans.krosno.pl\\\/fundusze-zewnetrzne\\\/projekty-realizowane\\\/iii-sympozjum-csm\\\/iii-sympozjum-csm-o-projekcie\\\/#breadcrumb\"},\"inLanguage\":\"pl-PL\",\"potentialAction\":[{\"@type\":\"ReadAction\",\"target\":[\"https:\\\/\\\/pans.krosno.pl\\\/fundusze-zewnetrzne\\\/projekty-realizowane\\\/iii-sympozjum-csm\\\/iii-sympozjum-csm-o-projekcie\\\/\"]}]},{\"@type\":\"BreadcrumbList\",\"@id\":\"https:\\\/\\\/pans.krosno.pl\\\/fundusze-zewnetrzne\\\/projekty-realizowane\\\/iii-sympozjum-csm\\\/iii-sympozjum-csm-o-projekcie\\\/#breadcrumb\",\"itemListElement\":[{\"@type\":\"ListItem\",\"position\":1,\"name\":\"Strona g\u0142\u00f3wna\",\"item\":\"https:\\\/\\\/pans.krosno.pl\\\/fundusze-zewnetrzne\\\/\"},{\"@type\":\"ListItem\",\"position\":2,\"name\":\"Projekty realizowane\",\"item\":\"https:\\\/\\\/pans.krosno.pl\\\/fundusze-zewnetrzne\\\/projekty-realizowane\\\/\"},{\"@type\":\"ListItem\",\"position\":3,\"name\":\"III Sympozjum CSM\",\"item\":\"https:\\\/\\\/pans.krosno.pl\\\/fundusze-zewnetrzne\\\/projekty-realizowane\\\/iii-sympozjum-csm\\\/\"},{\"@type\":\"ListItem\",\"position\":4,\"name\":\"III Sympozjum CSM &#8211; O projekcie\"}]},{\"@type\":\"WebSite\",\"@id\":\"https:\\\/\\\/pans.krosno.pl\\\/fundusze-zewnetrzne\\\/#website\",\"url\":\"https:\\\/\\\/pans.krosno.pl\\\/fundusze-zewnetrzne\\\/\",\"name\":\"Fundusze zewn\u0119trzne PANS w Kro\u015bnie\",\"description\":\"Fundusze zewn\u0119trzne  - Pa\u0144stwowa Akademia Nauk Stosowanych\",\"publisher\":{\"@id\":\"https:\\\/\\\/pans.krosno.pl\\\/fundusze-zewnetrzne\\\/#organization\"},\"potentialAction\":[{\"@type\":\"SearchAction\",\"target\":{\"@type\":\"EntryPoint\",\"urlTemplate\":\"https:\\\/\\\/pans.krosno.pl\\\/fundusze-zewnetrzne\\\/?s={search_term_string}\"},\"query-input\":{\"@type\":\"PropertyValueSpecification\",\"valueRequired\":true,\"valueName\":\"search_term_string\"}}],\"inLanguage\":\"pl-PL\"},{\"@type\":\"Organization\",\"@id\":\"https:\\\/\\\/pans.krosno.pl\\\/fundusze-zewnetrzne\\\/#organization\",\"name\":\"Fundusze zewn\u0119trzne PANS w Kro\u015bnie\",\"url\":\"https:\\\/\\\/pans.krosno.pl\\\/fundusze-zewnetrzne\\\/\",\"logo\":{\"@type\":\"ImageObject\",\"inLanguage\":\"pl-PL\",\"@id\":\"https:\\\/\\\/pans.krosno.pl\\\/fundusze-zewnetrzne\\\/#\\\/schema\\\/logo\\\/image\\\/\",\"url\":\"https:\\\/\\\/pans.krosno.pl\\\/fundusze-zewnetrzne\\\/wp-content\\\/uploads\\\/sites\\\/14\\\/2023\\\/01\\\/Logo-PANS-2022-pelne.png\",\"contentUrl\":\"https:\\\/\\\/pans.krosno.pl\\\/fundusze-zewnetrzne\\\/wp-content\\\/uploads\\\/sites\\\/14\\\/2023\\\/01\\\/Logo-PANS-2022-pelne.png\",\"width\":3096,\"height\":696,\"caption\":\"Fundusze zewn\u0119trzne PANS w Kro\u015bnie\"},\"image\":{\"@id\":\"https:\\\/\\\/pans.krosno.pl\\\/fundusze-zewnetrzne\\\/#\\\/schema\\\/logo\\\/image\\\/\"}}]}<\/script>\n<!-- \/ Yoast SEO Premium plugin. -->","yoast_head_json":{"title":"III Sympozjum CSM - O projekcie - Fundusze zewn\u0119trzne PANS w Kro\u015bnie","robots":{"index":"index","follow":"follow","max-snippet":"max-snippet:-1","max-image-preview":"max-image-preview:large","max-video-preview":"max-video-preview:-1"},"canonical":"https:\/\/pans.krosno.pl\/fundusze-zewnetrzne\/projekty-realizowane\/iii-sympozjum-csm\/iii-sympozjum-csm-o-projekcie\/","og_locale":"pl_PL","og_type":"article","og_title":"III Sympozjum CSM - O projekcie","og_description":"Karpacka Pa\u0144stwowa Uczelnia w Kro\u015bnie od 1 listopada 2021 r. realizuje projekt pt. III Sympozjum Symulacji Medycznej&nbsp;&#8222;Wsp\u00f3\u0142czesne trendy w kszta\u0142ceniu na kierunkach medycznych&#8221;. Fundusze na realizacj\u0119 projektu w wysoko\u015bci 55 250,00 z\u0142 zosta\u0142y pozyskane ze \u015brodk\u00f3w Ministra Edukacji i Nauki w ramach programu \u201eDoskona\u0142a nauka\u201d. Celem III Sympozjum Symulacji Medycznej [\u2026] Read More","og_url":"https:\/\/pans.krosno.pl\/fundusze-zewnetrzne\/projekty-realizowane\/iii-sympozjum-csm\/iii-sympozjum-csm-o-projekcie\/","og_site_name":"Fundusze zewn\u0119trzne PANS w Kro\u015bnie","article_modified_time":"2023-02-28T07:37:52+00:00","twitter_card":"summary_large_image","twitter_misc":{"Szacowany czas czytania":"2 minuty"},"schema":{"@context":"https:\/\/schema.org","@graph":[{"@type":"WebPage","@id":"https:\/\/pans.krosno.pl\/fundusze-zewnetrzne\/projekty-realizowane\/iii-sympozjum-csm\/iii-sympozjum-csm-o-projekcie\/","url":"https:\/\/pans.krosno.pl\/fundusze-zewnetrzne\/projekty-realizowane\/iii-sympozjum-csm\/iii-sympozjum-csm-o-projekcie\/","name":"III Sympozjum CSM - O projekcie - Fundusze zewn\u0119trzne PANS w Kro\u015bnie","isPartOf":{"@id":"https:\/\/pans.krosno.pl\/fundusze-zewnetrzne\/#website"},"datePublished":"2022-03-09T08:30:54+00:00","dateModified":"2023-02-28T07:37:52+00:00","breadcrumb":{"@id":"https:\/\/pans.krosno.pl\/fundusze-zewnetrzne\/projekty-realizowane\/iii-sympozjum-csm\/iii-sympozjum-csm-o-projekcie\/#breadcrumb"},"inLanguage":"pl-PL","potentialAction":[{"@type":"ReadAction","target":["https:\/\/pans.krosno.pl\/fundusze-zewnetrzne\/projekty-realizowane\/iii-sympozjum-csm\/iii-sympozjum-csm-o-projekcie\/"]}]},{"@type":"BreadcrumbList","@id":"https:\/\/pans.krosno.pl\/fundusze-zewnetrzne\/projekty-realizowane\/iii-sympozjum-csm\/iii-sympozjum-csm-o-projekcie\/#breadcrumb","itemListElement":[{"@type":"ListItem","position":1,"name":"Strona g\u0142\u00f3wna","item":"https:\/\/pans.krosno.pl\/fundusze-zewnetrzne\/"},{"@type":"ListItem","position":2,"name":"Projekty realizowane","item":"https:\/\/pans.krosno.pl\/fundusze-zewnetrzne\/projekty-realizowane\/"},{"@type":"ListItem","position":3,"name":"III Sympozjum CSM","item":"https:\/\/pans.krosno.pl\/fundusze-zewnetrzne\/projekty-realizowane\/iii-sympozjum-csm\/"},{"@type":"ListItem","position":4,"name":"III Sympozjum CSM &#8211; O projekcie"}]},{"@type":"WebSite","@id":"https:\/\/pans.krosno.pl\/fundusze-zewnetrzne\/#website","url":"https:\/\/pans.krosno.pl\/fundusze-zewnetrzne\/","name":"Fundusze zewn\u0119trzne PANS w Kro\u015bnie","description":"Fundusze zewn\u0119trzne  - Pa\u0144stwowa Akademia Nauk Stosowanych","publisher":{"@id":"https:\/\/pans.krosno.pl\/fundusze-zewnetrzne\/#organization"},"potentialAction":[{"@type":"SearchAction","target":{"@type":"EntryPoint","urlTemplate":"https:\/\/pans.krosno.pl\/fundusze-zewnetrzne\/?s={search_term_string}"},"query-input":{"@type":"PropertyValueSpecification","valueRequired":true,"valueName":"search_term_string"}}],"inLanguage":"pl-PL"},{"@type":"Organization","@id":"https:\/\/pans.krosno.pl\/fundusze-zewnetrzne\/#organization","name":"Fundusze zewn\u0119trzne PANS w Kro\u015bnie","url":"https:\/\/pans.krosno.pl\/fundusze-zewnetrzne\/","logo":{"@type":"ImageObject","inLanguage":"pl-PL","@id":"https:\/\/pans.krosno.pl\/fundusze-zewnetrzne\/#\/schema\/logo\/image\/","url":"https:\/\/pans.krosno.pl\/fundusze-zewnetrzne\/wp-content\/uploads\/sites\/14\/2023\/01\/Logo-PANS-2022-pelne.png","contentUrl":"https:\/\/pans.krosno.pl\/fundusze-zewnetrzne\/wp-content\/uploads\/sites\/14\/2023\/01\/Logo-PANS-2022-pelne.png","width":3096,"height":696,"caption":"Fundusze zewn\u0119trzne PANS w Kro\u015bnie"},"image":{"@id":"https:\/\/pans.krosno.pl\/fundusze-zewnetrzne\/#\/schema\/logo\/image\/"}}]}},"_links":{"self":[{"href":"https:\/\/pans.krosno.pl\/fundusze-zewnetrzne\/wp-json\/wp\/v2\/pages\/2810","targetHints":{"allow":["GET"]}}],"collection":[{"href":"https:\/\/pans.krosno.pl\/fundusze-zewnetrzne\/wp-json\/wp\/v2\/pages"}],"about":[{"href":"https:\/\/pans.krosno.pl\/fundusze-zewnetrzne\/wp-json\/wp\/v2\/types\/page"}],"author":[{"embeddable":true,"href":"https:\/\/pans.krosno.pl\/fundusze-zewnetrzne\/wp-json\/wp\/v2\/users\/27"}],"replies":[{"embeddable":true,"href":"https:\/\/pans.krosno.pl\/fundusze-zewnetrzne\/wp-json\/wp\/v2\/comments?post=2810"}],"version-history":[{"count":6,"href":"https:\/\/pans.krosno.pl\/fundusze-zewnetrzne\/wp-json\/wp\/v2\/pages\/2810\/revisions"}],"predecessor-version":[{"id":3635,"href":"https:\/\/pans.krosno.pl\/fundusze-zewnetrzne\/wp-json\/wp\/v2\/pages\/2810\/revisions\/3635"}],"up":[{"embeddable":true,"href":"https:\/\/pans.krosno.pl\/fundusze-zewnetrzne\/wp-json\/wp\/v2\/pages\/2809"}],"wp:attachment":[{"href":"https:\/\/pans.krosno.pl\/fundusze-zewnetrzne\/wp-json\/wp\/v2\/media?parent=2810"}],"curies":[{"name":"wp","href":"https:\/\/api.w.org\/{rel}","templated":true}]}}