{"id":2799,"date":"2022-03-09T09:25:13","date_gmt":"2022-03-09T08:25:13","guid":{"rendered":"https:\/\/pans.krosno.pl\/fundusze-zewnetrzne\/?page_id=2799"},"modified":"2023-03-15T10:12:16","modified_gmt":"2023-03-15T09:12:16","slug":"studia-dualne-na-kierunku-automatyka-i-robotyka","status":"publish","type":"page","link":"https:\/\/pans.krosno.pl\/fundusze-zewnetrzne\/projekty-realizowane\/krosno-fundusze-norweskie\/studia-dualne-na-kierunku-automatyka-i-robotyka\/","title":{"rendered":"Studia dualne na kierunku Automatyka i robotyka"},"content":{"rendered":"\n<p> <\/p>\n\n\n\n<figure class=\"wp-block-image size-large is-resized\"><img loading=\"lazy\" decoding=\"async\" src=\"https:\/\/pans.krosno.pl\/fundusze-zewnetrzne\/wp-content\/uploads\/sites\/14\/2022\/03\/Norway_grants@4x-913x1024.png\" alt=\"\" class=\"wp-image-2888\" width=\"118\" height=\"132\" srcset=\"https:\/\/pans.krosno.pl\/fundusze-zewnetrzne\/wp-content\/uploads\/sites\/14\/2022\/03\/Norway_grants@4x-913x1024.png 913w, https:\/\/pans.krosno.pl\/fundusze-zewnetrzne\/wp-content\/uploads\/sites\/14\/2022\/03\/Norway_grants@4x-268x300.png 268w, https:\/\/pans.krosno.pl\/fundusze-zewnetrzne\/wp-content\/uploads\/sites\/14\/2022\/03\/Norway_grants@4x-768x861.png 768w, https:\/\/pans.krosno.pl\/fundusze-zewnetrzne\/wp-content\/uploads\/sites\/14\/2022\/03\/Norway_grants@4x-800x897.png 800w, https:\/\/pans.krosno.pl\/fundusze-zewnetrzne\/wp-content\/uploads\/sites\/14\/2022\/03\/Norway_grants@4x-580x650.png 580w, https:\/\/pans.krosno.pl\/fundusze-zewnetrzne\/wp-content\/uploads\/sites\/14\/2022\/03\/Norway_grants@4x.png 931w\" sizes=\"auto, (max-width: 118px) 100vw, 118px\" \/><\/figure>\n\n\n\n<hr class=\"wp-block-separator has-css-opacity\" \/>\n\n\n\n<h2 class=\"wp-block-heading\" id=\"h-stypendia-zamawiane-dla-studentow-kierunku-automatyka-i-robotyka-kpu-w-krosnie\">Stypendia zamawiane dla student\u00f3w kierunku Automatyka i robotyka KPU w Kro\u015bnie<\/h2>\n\n\n\n<p>Do 25 marca 2023 r. studenci I i II roku studi\u00f3w na kierunku Automatyka i robotyka mog\u0105 sk\u0142ada\u0107 wnioski o przyznanie stypendium zamawianego za wyniki w nauce na semestr letni roku akademickiego 2022\/2023. <\/p>\n\n\n\n<p>Stypendium jest przyznawane w ramach przedsi\u0119wzi\u0119cia <em>Organizacja studi\u00f3w dualnych na kierunku automatyka i robotyka<\/em> w projekcie \u201eKreujemy + Rozwijamy + O\u017cywiamy + Stymulujemy + Nakre\u015blamy + Odmieniamy = KROSNO\u201d finansowanym ze \u015brodk\u00f3w Norweskiego Mechanizmu Finansowego 2014-2021 oraz bud\u017cetu pa\u0144stwa.  <\/p>\n\n\n\n<p>Stypendium w semestrze zimowym zostanie przyznane na okres czterech miesi\u0119cy od marca 2023 do czerwca 2023 w\u0142\u0105cznie.<\/p>\n\n\n\n<p>Stypendium przyznaje si\u0119 na wniosek studenta. Wz\u00f3r wniosku okre\u015bla za\u0142\u0105cznik do niniejszego regulaminu.<\/p>\n\n\n\n<p>Obliczon\u0105 na wniosku \u015bredni\u0105 nale\u017cy potwierdzi\u0107 w Sekretariacie Instytutu Politechnicznego (ul. Wyspia\u0144skiego 20, Krosno).<\/p>\n\n\n\n<p>Wnioski nale\u017cy sk\u0142ada\u0107 do 25 marca 2023 r. w Sekcji zarz\u0105dzania projektami, kt\u00f3ra znajduje si\u0119 w Rektoracie (Rynek 1, Krosno), pok\u00f3j nr 11.<\/p>\n\n\n\n<p><strong>Regulamin oraz wz\u00f3r wniosku poni\u017cej:<\/strong><\/p>\n\n\n\n<div class=\"wp-block-file\"><a id=\"wp-block-file--media-687373b3-a3ea-4574-9800-b8bfd211d13e\" href=\"https:\/\/pans.krosno.pl\/fundusze-zewnetrzne\/wp-content\/uploads\/sites\/14\/2023\/01\/Regulamin-stypendium-zamawiane-AiR-po-zmianach.pdf\">Regulamin-stypendium-zamawiane-AiR-po-zmianach<\/a><a href=\"https:\/\/pans.krosno.pl\/fundusze-zewnetrzne\/wp-content\/uploads\/sites\/14\/2023\/01\/Regulamin-stypendium-zamawiane-AiR-po-zmianach.pdf\" class=\"wp-block-file__button wp-element-button\" download aria-describedby=\"wp-block-file--media-687373b3-a3ea-4574-9800-b8bfd211d13e\">Pobierz<\/a><\/div>\n\n\n\n<div class=\"wp-block-file\"><a id=\"wp-block-file--media-120ce33d-f83c-4988-8468-45e8f72cc173\" href=\"https:\/\/pans.krosno.pl\/fundusze-zewnetrzne\/wp-content\/uploads\/sites\/14\/2023\/01\/wniosek-o-przyznanie-stypendium.pdf\">wniosek-o-przyznanie-stypendium<\/a><a href=\"https:\/\/pans.krosno.pl\/fundusze-zewnetrzne\/wp-content\/uploads\/sites\/14\/2023\/01\/wniosek-o-przyznanie-stypendium.pdf\" class=\"wp-block-file__button wp-element-button\" download aria-describedby=\"wp-block-file--media-120ce33d-f83c-4988-8468-45e8f72cc173\">Pobierz<\/a><\/div>\n\n\n\n<div class=\"wp-block-file\"><a id=\"wp-block-file--media-777ca988-2514-43c2-937f-45d21e4fabf3\" href=\"https:\/\/pans.krosno.pl\/fundusze-zewnetrzne\/wp-content\/uploads\/sites\/14\/2023\/01\/wniosek-o-przyznanie-stypendium.doc\">wniosek-o-przyznanie-stypendium<\/a><a href=\"https:\/\/pans.krosno.pl\/fundusze-zewnetrzne\/wp-content\/uploads\/sites\/14\/2023\/01\/wniosek-o-przyznanie-stypendium.doc\" class=\"wp-block-file__button wp-element-button\" download aria-describedby=\"wp-block-file--media-777ca988-2514-43c2-937f-45d21e4fabf3\">Pobierz<\/a><\/div>\n\n\n\n<div class=\"wp-block-file\"><a id=\"wp-block-file--media-ce1ceea9-7fb2-4bba-830b-ad9594e8dc42\" href=\"https:\/\/pans.krosno.pl\/fundusze-zewnetrzne\/wp-content\/uploads\/sites\/14\/2023\/03\/DEKLARACJA-UCZESTNICTWA-W-PROJEKCIE.pdf\">DEKLARACJA-UCZESTNICTWA-W-PROJEKCIE<\/a><a href=\"https:\/\/pans.krosno.pl\/fundusze-zewnetrzne\/wp-content\/uploads\/sites\/14\/2023\/03\/DEKLARACJA-UCZESTNICTWA-W-PROJEKCIE.pdf\" class=\"wp-block-file__button wp-element-button\" download aria-describedby=\"wp-block-file--media-ce1ceea9-7fb2-4bba-830b-ad9594e8dc42\">Pobierz<\/a><\/div>\n","protected":false},"excerpt":{"rendered":"<p>Stypendia zamawiane dla student\u00f3w kierunku Automatyka i robotyka KPU w Kro\u015bnie Do 25 marca 2023 r. studenci I i II roku studi\u00f3w na kierunku Automatyka i robotyka mog\u0105 sk\u0142ada\u0107 wnioski o przyznanie stypendium zamawianego za wyniki w nauce na semestr letni roku akademickiego 2022\/2023. Stypendium jest przyznawane w ramach przedsi\u0119wzi\u0119cia [\u2026] <\/p>\n<div class=\"clear\"><\/div>\n<p><a class=\"more_link clearfix\" href=\"https:\/\/pans.krosno.pl\/fundusze-zewnetrzne\/projekty-realizowane\/krosno-fundusze-norweskie\/studia-dualne-na-kierunku-automatyka-i-robotyka\/\" rel=\"nofollow\">Read More<\/a><\/p>\n","protected":false},"author":27,"featured_media":0,"parent":2733,"menu_order":0,"comment_status":"closed","ping_status":"closed","template":"page-templates\/template-full-width.php","meta":{"ngg_post_thumbnail":0,"footnotes":""},"class_list":["post-2799","page","type-page","status-publish","hentry"],"yoast_head":"<!-- This site is optimized with the Yoast SEO Premium plugin v27.3 (Yoast SEO v27.3) - https:\/\/yoast.com\/product\/yoast-seo-premium-wordpress\/ -->\n<title>Studia dualne na kierunku Automatyka i robotyka - Fundusze zewn\u0119trzne PANS w Kro\u015bnie<\/title>\n<meta name=\"robots\" content=\"index, follow, max-snippet:-1, max-image-preview:large, max-video-preview:-1\" \/>\n<link rel=\"canonical\" href=\"https:\/\/pans.krosno.pl\/fundusze-zewnetrzne\/projekty-realizowane\/krosno-fundusze-norweskie\/studia-dualne-na-kierunku-automatyka-i-robotyka\/\" \/>\n<meta property=\"og:locale\" content=\"pl_PL\" \/>\n<meta property=\"og:type\" content=\"article\" \/>\n<meta property=\"og:title\" content=\"Studia dualne na kierunku Automatyka i robotyka\" \/>\n<meta property=\"og:description\" content=\"Stypendia zamawiane dla student\u00f3w kierunku Automatyka i robotyka KPU w Kro\u015bnie Do 25 marca 2023 r. studenci I i II roku studi\u00f3w na kierunku Automatyka i robotyka mog\u0105 sk\u0142ada\u0107 wnioski o przyznanie stypendium zamawianego za wyniki w nauce na semestr letni roku akademickiego 2022\/2023. Stypendium jest przyznawane w ramach przedsi\u0119wzi\u0119cia [\u2026] Read More\" \/>\n<meta property=\"og:url\" content=\"https:\/\/pans.krosno.pl\/fundusze-zewnetrzne\/projekty-realizowane\/krosno-fundusze-norweskie\/studia-dualne-na-kierunku-automatyka-i-robotyka\/\" \/>\n<meta property=\"og:site_name\" content=\"Fundusze zewn\u0119trzne PANS w Kro\u015bnie\" \/>\n<meta property=\"article:modified_time\" content=\"2023-03-15T09:12:16+00:00\" \/>\n<meta property=\"og:image\" content=\"https:\/\/pans.krosno.pl\/fundusze-zewnetrzne\/wp-content\/uploads\/sites\/14\/2022\/03\/Norway_grants@4x-913x1024.png\" \/>\n<meta name=\"twitter:card\" content=\"summary_large_image\" \/>\n<meta name=\"twitter:label1\" content=\"Szacowany czas czytania\" \/>\n\t<meta name=\"twitter:data1\" content=\"2 minuty\" \/>\n<script type=\"application\/ld+json\" class=\"yoast-schema-graph\">{\"@context\":\"https:\\\/\\\/schema.org\",\"@graph\":[{\"@type\":\"WebPage\",\"@id\":\"https:\\\/\\\/pans.krosno.pl\\\/fundusze-zewnetrzne\\\/projekty-realizowane\\\/krosno-fundusze-norweskie\\\/studia-dualne-na-kierunku-automatyka-i-robotyka\\\/\",\"url\":\"https:\\\/\\\/pans.krosno.pl\\\/fundusze-zewnetrzne\\\/projekty-realizowane\\\/krosno-fundusze-norweskie\\\/studia-dualne-na-kierunku-automatyka-i-robotyka\\\/\",\"name\":\"Studia dualne na kierunku Automatyka i robotyka - Fundusze zewn\u0119trzne PANS w Kro\u015bnie\",\"isPartOf\":{\"@id\":\"https:\\\/\\\/pans.krosno.pl\\\/fundusze-zewnetrzne\\\/#website\"},\"primaryImageOfPage\":{\"@id\":\"https:\\\/\\\/pans.krosno.pl\\\/fundusze-zewnetrzne\\\/projekty-realizowane\\\/krosno-fundusze-norweskie\\\/studia-dualne-na-kierunku-automatyka-i-robotyka\\\/#primaryimage\"},\"image\":{\"@id\":\"https:\\\/\\\/pans.krosno.pl\\\/fundusze-zewnetrzne\\\/projekty-realizowane\\\/krosno-fundusze-norweskie\\\/studia-dualne-na-kierunku-automatyka-i-robotyka\\\/#primaryimage\"},\"thumbnailUrl\":\"https:\\\/\\\/pans.krosno.pl\\\/fundusze-zewnetrzne\\\/wp-content\\\/uploads\\\/sites\\\/14\\\/2022\\\/03\\\/Norway_grants@4x-913x1024.png\",\"datePublished\":\"2022-03-09T08:25:13+00:00\",\"dateModified\":\"2023-03-15T09:12:16+00:00\",\"breadcrumb\":{\"@id\":\"https:\\\/\\\/pans.krosno.pl\\\/fundusze-zewnetrzne\\\/projekty-realizowane\\\/krosno-fundusze-norweskie\\\/studia-dualne-na-kierunku-automatyka-i-robotyka\\\/#breadcrumb\"},\"inLanguage\":\"pl-PL\",\"potentialAction\":[{\"@type\":\"ReadAction\",\"target\":[\"https:\\\/\\\/pans.krosno.pl\\\/fundusze-zewnetrzne\\\/projekty-realizowane\\\/krosno-fundusze-norweskie\\\/studia-dualne-na-kierunku-automatyka-i-robotyka\\\/\"]}]},{\"@type\":\"ImageObject\",\"inLanguage\":\"pl-PL\",\"@id\":\"https:\\\/\\\/pans.krosno.pl\\\/fundusze-zewnetrzne\\\/projekty-realizowane\\\/krosno-fundusze-norweskie\\\/studia-dualne-na-kierunku-automatyka-i-robotyka\\\/#primaryimage\",\"url\":\"https:\\\/\\\/pans.krosno.pl\\\/fundusze-zewnetrzne\\\/wp-content\\\/uploads\\\/sites\\\/14\\\/2022\\\/03\\\/Norway_grants@4x.png\",\"contentUrl\":\"https:\\\/\\\/pans.krosno.pl\\\/fundusze-zewnetrzne\\\/wp-content\\\/uploads\\\/sites\\\/14\\\/2022\\\/03\\\/Norway_grants@4x.png\",\"width\":931,\"height\":1044},{\"@type\":\"BreadcrumbList\",\"@id\":\"https:\\\/\\\/pans.krosno.pl\\\/fundusze-zewnetrzne\\\/projekty-realizowane\\\/krosno-fundusze-norweskie\\\/studia-dualne-na-kierunku-automatyka-i-robotyka\\\/#breadcrumb\",\"itemListElement\":[{\"@type\":\"ListItem\",\"position\":1,\"name\":\"Strona g\u0142\u00f3wna\",\"item\":\"https:\\\/\\\/pans.krosno.pl\\\/fundusze-zewnetrzne\\\/\"},{\"@type\":\"ListItem\",\"position\":2,\"name\":\"Projekty realizowane\",\"item\":\"https:\\\/\\\/pans.krosno.pl\\\/fundusze-zewnetrzne\\\/projekty-realizowane\\\/\"},{\"@type\":\"ListItem\",\"position\":3,\"name\":\"KROSNO &#8211; Norweski Mechanizm Finansowy\",\"item\":\"https:\\\/\\\/pans.krosno.pl\\\/fundusze-zewnetrzne\\\/projekty-realizowane\\\/krosno-fundusze-norweskie\\\/\"},{\"@type\":\"ListItem\",\"position\":4,\"name\":\"Studia dualne na kierunku Automatyka i robotyka\"}]},{\"@type\":\"WebSite\",\"@id\":\"https:\\\/\\\/pans.krosno.pl\\\/fundusze-zewnetrzne\\\/#website\",\"url\":\"https:\\\/\\\/pans.krosno.pl\\\/fundusze-zewnetrzne\\\/\",\"name\":\"Fundusze zewn\u0119trzne PANS w Kro\u015bnie\",\"description\":\"Fundusze zewn\u0119trzne  - Pa\u0144stwowa Akademia Nauk Stosowanych\",\"publisher\":{\"@id\":\"https:\\\/\\\/pans.krosno.pl\\\/fundusze-zewnetrzne\\\/#organization\"},\"potentialAction\":[{\"@type\":\"SearchAction\",\"target\":{\"@type\":\"EntryPoint\",\"urlTemplate\":\"https:\\\/\\\/pans.krosno.pl\\\/fundusze-zewnetrzne\\\/?s={search_term_string}\"},\"query-input\":{\"@type\":\"PropertyValueSpecification\",\"valueRequired\":true,\"valueName\":\"search_term_string\"}}],\"inLanguage\":\"pl-PL\"},{\"@type\":\"Organization\",\"@id\":\"https:\\\/\\\/pans.krosno.pl\\\/fundusze-zewnetrzne\\\/#organization\",\"name\":\"Fundusze zewn\u0119trzne PANS w Kro\u015bnie\",\"url\":\"https:\\\/\\\/pans.krosno.pl\\\/fundusze-zewnetrzne\\\/\",\"logo\":{\"@type\":\"ImageObject\",\"inLanguage\":\"pl-PL\",\"@id\":\"https:\\\/\\\/pans.krosno.pl\\\/fundusze-zewnetrzne\\\/#\\\/schema\\\/logo\\\/image\\\/\",\"url\":\"https:\\\/\\\/pans.krosno.pl\\\/fundusze-zewnetrzne\\\/wp-content\\\/uploads\\\/sites\\\/14\\\/2023\\\/01\\\/Logo-PANS-2022-pelne.png\",\"contentUrl\":\"https:\\\/\\\/pans.krosno.pl\\\/fundusze-zewnetrzne\\\/wp-content\\\/uploads\\\/sites\\\/14\\\/2023\\\/01\\\/Logo-PANS-2022-pelne.png\",\"width\":3096,\"height\":696,\"caption\":\"Fundusze zewn\u0119trzne PANS w Kro\u015bnie\"},\"image\":{\"@id\":\"https:\\\/\\\/pans.krosno.pl\\\/fundusze-zewnetrzne\\\/#\\\/schema\\\/logo\\\/image\\\/\"}}]}<\/script>\n<!-- \/ Yoast SEO Premium plugin. -->","yoast_head_json":{"title":"Studia dualne na kierunku Automatyka i robotyka - Fundusze zewn\u0119trzne PANS w Kro\u015bnie","robots":{"index":"index","follow":"follow","max-snippet":"max-snippet:-1","max-image-preview":"max-image-preview:large","max-video-preview":"max-video-preview:-1"},"canonical":"https:\/\/pans.krosno.pl\/fundusze-zewnetrzne\/projekty-realizowane\/krosno-fundusze-norweskie\/studia-dualne-na-kierunku-automatyka-i-robotyka\/","og_locale":"pl_PL","og_type":"article","og_title":"Studia dualne na kierunku Automatyka i robotyka","og_description":"Stypendia zamawiane dla student\u00f3w kierunku Automatyka i robotyka KPU w Kro\u015bnie Do 25 marca 2023 r. studenci I i II roku studi\u00f3w na kierunku Automatyka i robotyka mog\u0105 sk\u0142ada\u0107 wnioski o przyznanie stypendium zamawianego za wyniki w nauce na semestr letni roku akademickiego 2022\/2023. Stypendium jest przyznawane w ramach przedsi\u0119wzi\u0119cia [\u2026] Read More","og_url":"https:\/\/pans.krosno.pl\/fundusze-zewnetrzne\/projekty-realizowane\/krosno-fundusze-norweskie\/studia-dualne-na-kierunku-automatyka-i-robotyka\/","og_site_name":"Fundusze zewn\u0119trzne PANS w Kro\u015bnie","article_modified_time":"2023-03-15T09:12:16+00:00","og_image":[{"url":"https:\/\/pans.krosno.pl\/fundusze-zewnetrzne\/wp-content\/uploads\/sites\/14\/2022\/03\/Norway_grants@4x-913x1024.png","type":"","width":"","height":""}],"twitter_card":"summary_large_image","twitter_misc":{"Szacowany czas czytania":"2 minuty"},"schema":{"@context":"https:\/\/schema.org","@graph":[{"@type":"WebPage","@id":"https:\/\/pans.krosno.pl\/fundusze-zewnetrzne\/projekty-realizowane\/krosno-fundusze-norweskie\/studia-dualne-na-kierunku-automatyka-i-robotyka\/","url":"https:\/\/pans.krosno.pl\/fundusze-zewnetrzne\/projekty-realizowane\/krosno-fundusze-norweskie\/studia-dualne-na-kierunku-automatyka-i-robotyka\/","name":"Studia dualne na kierunku Automatyka i robotyka - Fundusze zewn\u0119trzne PANS w Kro\u015bnie","isPartOf":{"@id":"https:\/\/pans.krosno.pl\/fundusze-zewnetrzne\/#website"},"primaryImageOfPage":{"@id":"https:\/\/pans.krosno.pl\/fundusze-zewnetrzne\/projekty-realizowane\/krosno-fundusze-norweskie\/studia-dualne-na-kierunku-automatyka-i-robotyka\/#primaryimage"},"image":{"@id":"https:\/\/pans.krosno.pl\/fundusze-zewnetrzne\/projekty-realizowane\/krosno-fundusze-norweskie\/studia-dualne-na-kierunku-automatyka-i-robotyka\/#primaryimage"},"thumbnailUrl":"https:\/\/pans.krosno.pl\/fundusze-zewnetrzne\/wp-content\/uploads\/sites\/14\/2022\/03\/Norway_grants@4x-913x1024.png","datePublished":"2022-03-09T08:25:13+00:00","dateModified":"2023-03-15T09:12:16+00:00","breadcrumb":{"@id":"https:\/\/pans.krosno.pl\/fundusze-zewnetrzne\/projekty-realizowane\/krosno-fundusze-norweskie\/studia-dualne-na-kierunku-automatyka-i-robotyka\/#breadcrumb"},"inLanguage":"pl-PL","potentialAction":[{"@type":"ReadAction","target":["https:\/\/pans.krosno.pl\/fundusze-zewnetrzne\/projekty-realizowane\/krosno-fundusze-norweskie\/studia-dualne-na-kierunku-automatyka-i-robotyka\/"]}]},{"@type":"ImageObject","inLanguage":"pl-PL","@id":"https:\/\/pans.krosno.pl\/fundusze-zewnetrzne\/projekty-realizowane\/krosno-fundusze-norweskie\/studia-dualne-na-kierunku-automatyka-i-robotyka\/#primaryimage","url":"https:\/\/pans.krosno.pl\/fundusze-zewnetrzne\/wp-content\/uploads\/sites\/14\/2022\/03\/Norway_grants@4x.png","contentUrl":"https:\/\/pans.krosno.pl\/fundusze-zewnetrzne\/wp-content\/uploads\/sites\/14\/2022\/03\/Norway_grants@4x.png","width":931,"height":1044},{"@type":"BreadcrumbList","@id":"https:\/\/pans.krosno.pl\/fundusze-zewnetrzne\/projekty-realizowane\/krosno-fundusze-norweskie\/studia-dualne-na-kierunku-automatyka-i-robotyka\/#breadcrumb","itemListElement":[{"@type":"ListItem","position":1,"name":"Strona g\u0142\u00f3wna","item":"https:\/\/pans.krosno.pl\/fundusze-zewnetrzne\/"},{"@type":"ListItem","position":2,"name":"Projekty realizowane","item":"https:\/\/pans.krosno.pl\/fundusze-zewnetrzne\/projekty-realizowane\/"},{"@type":"ListItem","position":3,"name":"KROSNO &#8211; Norweski Mechanizm Finansowy","item":"https:\/\/pans.krosno.pl\/fundusze-zewnetrzne\/projekty-realizowane\/krosno-fundusze-norweskie\/"},{"@type":"ListItem","position":4,"name":"Studia dualne na kierunku Automatyka i robotyka"}]},{"@type":"WebSite","@id":"https:\/\/pans.krosno.pl\/fundusze-zewnetrzne\/#website","url":"https:\/\/pans.krosno.pl\/fundusze-zewnetrzne\/","name":"Fundusze zewn\u0119trzne PANS w Kro\u015bnie","description":"Fundusze zewn\u0119trzne  - Pa\u0144stwowa Akademia Nauk Stosowanych","publisher":{"@id":"https:\/\/pans.krosno.pl\/fundusze-zewnetrzne\/#organization"},"potentialAction":[{"@type":"SearchAction","target":{"@type":"EntryPoint","urlTemplate":"https:\/\/pans.krosno.pl\/fundusze-zewnetrzne\/?s={search_term_string}"},"query-input":{"@type":"PropertyValueSpecification","valueRequired":true,"valueName":"search_term_string"}}],"inLanguage":"pl-PL"},{"@type":"Organization","@id":"https:\/\/pans.krosno.pl\/fundusze-zewnetrzne\/#organization","name":"Fundusze zewn\u0119trzne PANS w Kro\u015bnie","url":"https:\/\/pans.krosno.pl\/fundusze-zewnetrzne\/","logo":{"@type":"ImageObject","inLanguage":"pl-PL","@id":"https:\/\/pans.krosno.pl\/fundusze-zewnetrzne\/#\/schema\/logo\/image\/","url":"https:\/\/pans.krosno.pl\/fundusze-zewnetrzne\/wp-content\/uploads\/sites\/14\/2023\/01\/Logo-PANS-2022-pelne.png","contentUrl":"https:\/\/pans.krosno.pl\/fundusze-zewnetrzne\/wp-content\/uploads\/sites\/14\/2023\/01\/Logo-PANS-2022-pelne.png","width":3096,"height":696,"caption":"Fundusze zewn\u0119trzne PANS w Kro\u015bnie"},"image":{"@id":"https:\/\/pans.krosno.pl\/fundusze-zewnetrzne\/#\/schema\/logo\/image\/"}}]}},"_links":{"self":[{"href":"https:\/\/pans.krosno.pl\/fundusze-zewnetrzne\/wp-json\/wp\/v2\/pages\/2799","targetHints":{"allow":["GET"]}}],"collection":[{"href":"https:\/\/pans.krosno.pl\/fundusze-zewnetrzne\/wp-json\/wp\/v2\/pages"}],"about":[{"href":"https:\/\/pans.krosno.pl\/fundusze-zewnetrzne\/wp-json\/wp\/v2\/types\/page"}],"author":[{"embeddable":true,"href":"https:\/\/pans.krosno.pl\/fundusze-zewnetrzne\/wp-json\/wp\/v2\/users\/27"}],"replies":[{"embeddable":true,"href":"https:\/\/pans.krosno.pl\/fundusze-zewnetrzne\/wp-json\/wp\/v2\/comments?post=2799"}],"version-history":[{"count":10,"href":"https:\/\/pans.krosno.pl\/fundusze-zewnetrzne\/wp-json\/wp\/v2\/pages\/2799\/revisions"}],"predecessor-version":[{"id":3639,"href":"https:\/\/pans.krosno.pl\/fundusze-zewnetrzne\/wp-json\/wp\/v2\/pages\/2799\/revisions\/3639"}],"up":[{"embeddable":true,"href":"https:\/\/pans.krosno.pl\/fundusze-zewnetrzne\/wp-json\/wp\/v2\/pages\/2733"}],"wp:attachment":[{"href":"https:\/\/pans.krosno.pl\/fundusze-zewnetrzne\/wp-json\/wp\/v2\/media?parent=2799"}],"curies":[{"name":"wp","href":"https:\/\/api.w.org\/{rel}","templated":true}]}}