{"id":2737,"date":"2022-01-20T15:25:49","date_gmt":"2022-01-20T14:25:49","guid":{"rendered":"https:\/\/pans.krosno.pl\/fundusze-zewnetrzne\/?page_id=2737"},"modified":"2023-12-07T12:15:54","modified_gmt":"2023-12-07T11:15:54","slug":"kreujemyrozwijamy-o-projekcie","status":"publish","type":"page","link":"https:\/\/pans.krosno.pl\/fundusze-zewnetrzne\/projekty-realizowane\/krosno-fundusze-norweskie\/kreujemyrozwijamy-o-projekcie\/","title":{"rendered":"O projekcie"},"content":{"rendered":"\n<figure class=\"wp-block-image size-large is-resized\"><img loading=\"lazy\" decoding=\"async\" src=\"https:\/\/pans.krosno.pl\/fundusze-zewnetrzne\/wp-content\/uploads\/sites\/14\/2022\/03\/Norway_grants@4x-913x1024.png\" alt=\"\" class=\"wp-image-2888\" width=\"105\" height=\"118\" srcset=\"https:\/\/pans.krosno.pl\/fundusze-zewnetrzne\/wp-content\/uploads\/sites\/14\/2022\/03\/Norway_grants@4x-913x1024.png 913w, https:\/\/pans.krosno.pl\/fundusze-zewnetrzne\/wp-content\/uploads\/sites\/14\/2022\/03\/Norway_grants@4x-268x300.png 268w, https:\/\/pans.krosno.pl\/fundusze-zewnetrzne\/wp-content\/uploads\/sites\/14\/2022\/03\/Norway_grants@4x-768x861.png 768w, https:\/\/pans.krosno.pl\/fundusze-zewnetrzne\/wp-content\/uploads\/sites\/14\/2022\/03\/Norway_grants@4x-800x897.png 800w, https:\/\/pans.krosno.pl\/fundusze-zewnetrzne\/wp-content\/uploads\/sites\/14\/2022\/03\/Norway_grants@4x-580x650.png 580w, https:\/\/pans.krosno.pl\/fundusze-zewnetrzne\/wp-content\/uploads\/sites\/14\/2022\/03\/Norway_grants@4x.png 931w\" sizes=\"auto, (max-width: 105px) 100vw, 105px\" \/><\/figure>\n\n\n\n<p class=\"has-text-align-center\">Projekt pn. \u201eKreujemy+Rozwijamy+O\u017cywiamy+Stymulujemy+Nakre\u015blamy+Odmieniamy=KROSNO\u201d realizowany w ramach Programu Rozw\u00f3j Lokalny, wsp\u00f3\u0142finansowany w 85% ze \u015brodk\u00f3w Norweskiego Mechanizmu Finansowego 2014-2021 oraz w 15% &nbsp;z bud\u017cetu pa\u0144stwa.<\/p>\n\n\n\n<p class=\"has-text-align-center\">\u201eWsp\u00f3lnie dzia\u0142amy na rzecz Europy zielonej, konkurencyjnej i sprzyjaj\u0105cej integracji spo\u0142ecznej\u201d<\/p>\n\n\n\n<p><strong>Pa\u0144stwowa Akademia Nauk Stosowanych w Kro\u015bnie jest Partnerem Urz\u0119du Miasta Krosna w realizacji projektu pn. &#8222;Kreujemy + Rozwijamy + O\u017cywiamy + Stymulujemy + Nakre\u015blamy + Odmieniamy = KROSNO&#8221;<\/strong><\/p>\n\n\n\n<p><strong>Partner wiod\u0105cy:<\/strong> Gmina Miasto Krosno<\/p>\n\n\n\n<p><strong>Okres realizacji projektu:<\/strong> 9 lipca 2021 r. \u2013 30 kwietnia 2024 r.<\/p>\n\n\n\n<p><strong>Cele projektu<\/strong>: Kompleksowa poprawa jako\u015bci \u017cycia w Kro\u015bnie oraz lepsze dostosowanie administracji do potrzeb mieszka\u0144c\u00f3w.&nbsp;<\/p>\n\n\n\n<p><strong>Program:<\/strong> Norweski Mechanizm Finansowy 2014-2021<\/p>\n\n\n\n<p><strong>Warto\u015b\u0107 ca\u0142kowita projektu:<\/strong> 17&nbsp;757&nbsp;066,33 PLN<\/p>\n\n\n\n<p><strong>Warto\u015b\u0107 dofinansowania: <\/strong>15&nbsp;328&nbsp;498,86 PLN<\/p>\n\n\n\n<p><\/p>\n\n\n\n<p><strong>W ramach projektu PANS w Kro\u015bnie realizuje nast\u0119puj\u0105ce przedsi\u0119wzi\u0119cia:<\/strong><\/p>\n\n\n\n<ul class=\"wp-block-list\">\n<li><strong>Organizacja studi\u00f3w dualnych na kierunku automatyka i robotyka<\/strong> \u2013 g\u0142\u00f3wnym celem przedsi\u0119wzi\u0119cia jest zwi\u0119kszenie liczby wysoko wykwalifikowanych pracownik\u00f3w posiadaj\u0105cych kompetencje poszukiwane przez pracodawc\u00f3w. Zadanie b\u0119dzie realizowane we wsp\u00f3\u0142pracy z przedsi\u0119biorcami, kt\u00f3rzy dzi\u0119ki dualnemu systemowi kszta\u0142cenia b\u0119d\u0105 mieli realny wp\u0142yw na kszta\u0142cenie przysz\u0142ych pracownik\u00f3w. Studenci studi\u00f3w dualnych, poprzez mo\u017cliwo\u015b\u0107 pog\u0142\u0119biania efekt\u00f3w kszta\u0142cenia w trakcie realizacji sta\u017cy w realnym \u015brodowisku pracy, b\u0119d\u0105 lepiej przygotowani do wykonywania powierzonych im zada\u0144 zawodowych.<\/li>\n\n\n\n<li><strong>Popularyzacja nauki w\u015br\u00f3d uczni\u00f3w szk\u00f3\u0142 podstawowych<\/strong> \u2013 rozbudzanie zainteresowa\u0144 technicznych, informatycznych, matematyczno \u2013 przyrodniczych oraz kompetencji w zakresie kreatywno\u015bci, innowacyjno\u015bci i krytycznego my\u015blenia, poprzez innowacyjne zaj\u0119cia w KPU. M\u0142odzie\u017c z kro\u015bnie\u0144skich szk\u00f3\u0142 podstawowych b\u0119dzie mog\u0142a uczestniczy\u0107 m.in. w warsztatach z programowania i robotyki, przedsi\u0119biorczo\u015bci, matematyki, eksperyment\u00f3w przyrodniczych, ekologii.<\/li>\n\n\n\n<li><strong>Zdobywaj do\u015bwiadczenie i umiej\u0119tno\u015bci z KPU w Kro\u015bnie<\/strong> \u2013 zaj\u0119cia dla m\u0142odzie\u017cy szk\u00f3\u0142 \u015brednich, maj\u0105ce na celu rozwijanie kompetencji technicznych, informatycznych i zwi\u0119kszanie szans na rynku pracy. Obejmuj\u0105 przede wszystkim: inspiruj\u0105ce i pobudzaj\u0105ce intelektualnie wyk\u0142ady, organizacj\u0119 hackaton\u00f3w \u2013 maraton\u00f3w programistycznych, konkursy \u201eescape room\u201d, konkursy dla przysz\u0142ych in\u017cynier\u00f3w, zawody e-sportowe, olimpiady tematyczne i wsp\u00f3\u0142prac\u0119 k\u00f3\u0142 naukowych ze szko\u0142ami.<\/li>\n\n\n\n<li><strong>M\u0142odzi bli\u017cej biznesu<\/strong> &#8211; realizacja zadania ma na celu powi\u0105zanie systemu edukacji z potrzebami lokalnej gospodarki: wi\u0119ksze zorientowanie uczelni na kszta\u0142cenie praktyczne, wzrost inicjatyw start-upowych i dzia\u0142alno\u015bci gospodarczej, kszta\u0142towanie postaw przedsi\u0119biorczych w\u015br\u00f3d uczni\u00f3w i student\u00f3w, umacnianie wsp\u00f3\u0142pracy z przedsi\u0119biorcami. Uczelnia zorganizuje targi pracy oraz seminaria bran\u017cowe na styku edukacji akademickiej i biznesu, dotycz\u0105ce nowych technologii, wdra\u017cania nowoczesnych system\u00f3w produkcyjnych oraz zmian zwi\u0105zanych z Przemys\u0142em 4.0.<\/li>\n<\/ul>\n","protected":false},"excerpt":{"rendered":"<p>Projekt pn. \u201eKreujemy+Rozwijamy+O\u017cywiamy+Stymulujemy+Nakre\u015blamy+Odmieniamy=KROSNO\u201d realizowany w ramach Programu Rozw\u00f3j Lokalny, wsp\u00f3\u0142finansowany w 85% ze \u015brodk\u00f3w Norweskiego Mechanizmu Finansowego 2014-2021 oraz w 15% &nbsp;z bud\u017cetu pa\u0144stwa. \u201eWsp\u00f3lnie dzia\u0142amy na rzecz Europy zielonej, konkurencyjnej i sprzyjaj\u0105cej integracji spo\u0142ecznej\u201d Pa\u0144stwowa Akademia Nauk Stosowanych w Kro\u015bnie jest Partnerem Urz\u0119du Miasta Krosna w realizacji projektu pn. [\u2026] <\/p>\n<div class=\"clear\"><\/div>\n<p><a class=\"more_link clearfix\" href=\"https:\/\/pans.krosno.pl\/fundusze-zewnetrzne\/projekty-realizowane\/krosno-fundusze-norweskie\/kreujemyrozwijamy-o-projekcie\/\" rel=\"nofollow\">Read More<\/a><\/p>\n","protected":false},"author":27,"featured_media":0,"parent":2733,"menu_order":0,"comment_status":"closed","ping_status":"closed","template":"page-templates\/template-full-width.php","meta":{"ngg_post_thumbnail":0,"footnotes":""},"class_list":["post-2737","page","type-page","status-publish","hentry"],"yoast_head":"<!-- This site is optimized with the Yoast SEO Premium plugin v27.3 (Yoast SEO v27.3) - https:\/\/yoast.com\/product\/yoast-seo-premium-wordpress\/ -->\n<title>O projekcie - Fundusze zewn\u0119trzne PANS w Kro\u015bnie<\/title>\n<meta name=\"robots\" content=\"index, follow, max-snippet:-1, max-image-preview:large, max-video-preview:-1\" \/>\n<link rel=\"canonical\" href=\"https:\/\/pans.krosno.pl\/fundusze-zewnetrzne\/projekty-realizowane\/krosno-fundusze-norweskie\/kreujemyrozwijamy-o-projekcie\/\" \/>\n<meta property=\"og:locale\" content=\"pl_PL\" \/>\n<meta property=\"og:type\" content=\"article\" \/>\n<meta property=\"og:title\" content=\"O projekcie\" \/>\n<meta property=\"og:description\" content=\"Projekt pn. \u201eKreujemy+Rozwijamy+O\u017cywiamy+Stymulujemy+Nakre\u015blamy+Odmieniamy=KROSNO\u201d realizowany w ramach Programu Rozw\u00f3j Lokalny, wsp\u00f3\u0142finansowany w 85% ze \u015brodk\u00f3w Norweskiego Mechanizmu Finansowego 2014-2021 oraz w 15% &nbsp;z bud\u017cetu pa\u0144stwa. \u201eWsp\u00f3lnie dzia\u0142amy na rzecz Europy zielonej, konkurencyjnej i sprzyjaj\u0105cej integracji spo\u0142ecznej\u201d Pa\u0144stwowa Akademia Nauk Stosowanych w Kro\u015bnie jest Partnerem Urz\u0119du Miasta Krosna w realizacji projektu pn. [\u2026] Read More\" \/>\n<meta property=\"og:url\" content=\"https:\/\/pans.krosno.pl\/fundusze-zewnetrzne\/projekty-realizowane\/krosno-fundusze-norweskie\/kreujemyrozwijamy-o-projekcie\/\" \/>\n<meta property=\"og:site_name\" content=\"Fundusze zewn\u0119trzne PANS w Kro\u015bnie\" \/>\n<meta property=\"article:modified_time\" content=\"2023-12-07T11:15:54+00:00\" \/>\n<meta property=\"og:image\" content=\"https:\/\/pans.krosno.pl\/fundusze-zewnetrzne\/wp-content\/uploads\/sites\/14\/2022\/03\/Norway_grants@4x-913x1024.png\" \/>\n<meta name=\"twitter:card\" content=\"summary_large_image\" \/>\n<meta name=\"twitter:label1\" content=\"Szacowany czas czytania\" \/>\n\t<meta name=\"twitter:data1\" content=\"3 minuty\" \/>\n<script type=\"application\/ld+json\" class=\"yoast-schema-graph\">{\"@context\":\"https:\\\/\\\/schema.org\",\"@graph\":[{\"@type\":\"WebPage\",\"@id\":\"https:\\\/\\\/pans.krosno.pl\\\/fundusze-zewnetrzne\\\/projekty-realizowane\\\/krosno-fundusze-norweskie\\\/kreujemyrozwijamy-o-projekcie\\\/\",\"url\":\"https:\\\/\\\/pans.krosno.pl\\\/fundusze-zewnetrzne\\\/projekty-realizowane\\\/krosno-fundusze-norweskie\\\/kreujemyrozwijamy-o-projekcie\\\/\",\"name\":\"O projekcie - Fundusze zewn\u0119trzne PANS w Kro\u015bnie\",\"isPartOf\":{\"@id\":\"https:\\\/\\\/pans.krosno.pl\\\/fundusze-zewnetrzne\\\/#website\"},\"primaryImageOfPage\":{\"@id\":\"https:\\\/\\\/pans.krosno.pl\\\/fundusze-zewnetrzne\\\/projekty-realizowane\\\/krosno-fundusze-norweskie\\\/kreujemyrozwijamy-o-projekcie\\\/#primaryimage\"},\"image\":{\"@id\":\"https:\\\/\\\/pans.krosno.pl\\\/fundusze-zewnetrzne\\\/projekty-realizowane\\\/krosno-fundusze-norweskie\\\/kreujemyrozwijamy-o-projekcie\\\/#primaryimage\"},\"thumbnailUrl\":\"https:\\\/\\\/pans.krosno.pl\\\/fundusze-zewnetrzne\\\/wp-content\\\/uploads\\\/sites\\\/14\\\/2022\\\/03\\\/Norway_grants@4x-913x1024.png\",\"datePublished\":\"2022-01-20T14:25:49+00:00\",\"dateModified\":\"2023-12-07T11:15:54+00:00\",\"breadcrumb\":{\"@id\":\"https:\\\/\\\/pans.krosno.pl\\\/fundusze-zewnetrzne\\\/projekty-realizowane\\\/krosno-fundusze-norweskie\\\/kreujemyrozwijamy-o-projekcie\\\/#breadcrumb\"},\"inLanguage\":\"pl-PL\",\"potentialAction\":[{\"@type\":\"ReadAction\",\"target\":[\"https:\\\/\\\/pans.krosno.pl\\\/fundusze-zewnetrzne\\\/projekty-realizowane\\\/krosno-fundusze-norweskie\\\/kreujemyrozwijamy-o-projekcie\\\/\"]}]},{\"@type\":\"ImageObject\",\"inLanguage\":\"pl-PL\",\"@id\":\"https:\\\/\\\/pans.krosno.pl\\\/fundusze-zewnetrzne\\\/projekty-realizowane\\\/krosno-fundusze-norweskie\\\/kreujemyrozwijamy-o-projekcie\\\/#primaryimage\",\"url\":\"https:\\\/\\\/pans.krosno.pl\\\/fundusze-zewnetrzne\\\/wp-content\\\/uploads\\\/sites\\\/14\\\/2022\\\/03\\\/Norway_grants@4x.png\",\"contentUrl\":\"https:\\\/\\\/pans.krosno.pl\\\/fundusze-zewnetrzne\\\/wp-content\\\/uploads\\\/sites\\\/14\\\/2022\\\/03\\\/Norway_grants@4x.png\",\"width\":931,\"height\":1044},{\"@type\":\"BreadcrumbList\",\"@id\":\"https:\\\/\\\/pans.krosno.pl\\\/fundusze-zewnetrzne\\\/projekty-realizowane\\\/krosno-fundusze-norweskie\\\/kreujemyrozwijamy-o-projekcie\\\/#breadcrumb\",\"itemListElement\":[{\"@type\":\"ListItem\",\"position\":1,\"name\":\"Strona g\u0142\u00f3wna\",\"item\":\"https:\\\/\\\/pans.krosno.pl\\\/fundusze-zewnetrzne\\\/\"},{\"@type\":\"ListItem\",\"position\":2,\"name\":\"Projekty realizowane\",\"item\":\"https:\\\/\\\/pans.krosno.pl\\\/fundusze-zewnetrzne\\\/projekty-realizowane\\\/\"},{\"@type\":\"ListItem\",\"position\":3,\"name\":\"KROSNO &#8211; Norweski Mechanizm Finansowy\",\"item\":\"https:\\\/\\\/pans.krosno.pl\\\/fundusze-zewnetrzne\\\/projekty-realizowane\\\/krosno-fundusze-norweskie\\\/\"},{\"@type\":\"ListItem\",\"position\":4,\"name\":\"O projekcie\"}]},{\"@type\":\"WebSite\",\"@id\":\"https:\\\/\\\/pans.krosno.pl\\\/fundusze-zewnetrzne\\\/#website\",\"url\":\"https:\\\/\\\/pans.krosno.pl\\\/fundusze-zewnetrzne\\\/\",\"name\":\"Fundusze zewn\u0119trzne PANS w Kro\u015bnie\",\"description\":\"Fundusze zewn\u0119trzne  - Pa\u0144stwowa Akademia Nauk Stosowanych\",\"publisher\":{\"@id\":\"https:\\\/\\\/pans.krosno.pl\\\/fundusze-zewnetrzne\\\/#organization\"},\"potentialAction\":[{\"@type\":\"SearchAction\",\"target\":{\"@type\":\"EntryPoint\",\"urlTemplate\":\"https:\\\/\\\/pans.krosno.pl\\\/fundusze-zewnetrzne\\\/?s={search_term_string}\"},\"query-input\":{\"@type\":\"PropertyValueSpecification\",\"valueRequired\":true,\"valueName\":\"search_term_string\"}}],\"inLanguage\":\"pl-PL\"},{\"@type\":\"Organization\",\"@id\":\"https:\\\/\\\/pans.krosno.pl\\\/fundusze-zewnetrzne\\\/#organization\",\"name\":\"Fundusze zewn\u0119trzne PANS w Kro\u015bnie\",\"url\":\"https:\\\/\\\/pans.krosno.pl\\\/fundusze-zewnetrzne\\\/\",\"logo\":{\"@type\":\"ImageObject\",\"inLanguage\":\"pl-PL\",\"@id\":\"https:\\\/\\\/pans.krosno.pl\\\/fundusze-zewnetrzne\\\/#\\\/schema\\\/logo\\\/image\\\/\",\"url\":\"https:\\\/\\\/pans.krosno.pl\\\/fundusze-zewnetrzne\\\/wp-content\\\/uploads\\\/sites\\\/14\\\/2023\\\/01\\\/Logo-PANS-2022-pelne.png\",\"contentUrl\":\"https:\\\/\\\/pans.krosno.pl\\\/fundusze-zewnetrzne\\\/wp-content\\\/uploads\\\/sites\\\/14\\\/2023\\\/01\\\/Logo-PANS-2022-pelne.png\",\"width\":3096,\"height\":696,\"caption\":\"Fundusze zewn\u0119trzne PANS w Kro\u015bnie\"},\"image\":{\"@id\":\"https:\\\/\\\/pans.krosno.pl\\\/fundusze-zewnetrzne\\\/#\\\/schema\\\/logo\\\/image\\\/\"}}]}<\/script>\n<!-- \/ Yoast SEO Premium plugin. -->","yoast_head_json":{"title":"O projekcie - Fundusze zewn\u0119trzne PANS w Kro\u015bnie","robots":{"index":"index","follow":"follow","max-snippet":"max-snippet:-1","max-image-preview":"max-image-preview:large","max-video-preview":"max-video-preview:-1"},"canonical":"https:\/\/pans.krosno.pl\/fundusze-zewnetrzne\/projekty-realizowane\/krosno-fundusze-norweskie\/kreujemyrozwijamy-o-projekcie\/","og_locale":"pl_PL","og_type":"article","og_title":"O projekcie","og_description":"Projekt pn. \u201eKreujemy+Rozwijamy+O\u017cywiamy+Stymulujemy+Nakre\u015blamy+Odmieniamy=KROSNO\u201d realizowany w ramach Programu Rozw\u00f3j Lokalny, wsp\u00f3\u0142finansowany w 85% ze \u015brodk\u00f3w Norweskiego Mechanizmu Finansowego 2014-2021 oraz w 15% &nbsp;z bud\u017cetu pa\u0144stwa. \u201eWsp\u00f3lnie dzia\u0142amy na rzecz Europy zielonej, konkurencyjnej i sprzyjaj\u0105cej integracji spo\u0142ecznej\u201d Pa\u0144stwowa Akademia Nauk Stosowanych w Kro\u015bnie jest Partnerem Urz\u0119du Miasta Krosna w realizacji projektu pn. [\u2026] Read More","og_url":"https:\/\/pans.krosno.pl\/fundusze-zewnetrzne\/projekty-realizowane\/krosno-fundusze-norweskie\/kreujemyrozwijamy-o-projekcie\/","og_site_name":"Fundusze zewn\u0119trzne PANS w Kro\u015bnie","article_modified_time":"2023-12-07T11:15:54+00:00","og_image":[{"url":"https:\/\/pans.krosno.pl\/fundusze-zewnetrzne\/wp-content\/uploads\/sites\/14\/2022\/03\/Norway_grants@4x-913x1024.png","type":"","width":"","height":""}],"twitter_card":"summary_large_image","twitter_misc":{"Szacowany czas czytania":"3 minuty"},"schema":{"@context":"https:\/\/schema.org","@graph":[{"@type":"WebPage","@id":"https:\/\/pans.krosno.pl\/fundusze-zewnetrzne\/projekty-realizowane\/krosno-fundusze-norweskie\/kreujemyrozwijamy-o-projekcie\/","url":"https:\/\/pans.krosno.pl\/fundusze-zewnetrzne\/projekty-realizowane\/krosno-fundusze-norweskie\/kreujemyrozwijamy-o-projekcie\/","name":"O projekcie - Fundusze zewn\u0119trzne PANS w Kro\u015bnie","isPartOf":{"@id":"https:\/\/pans.krosno.pl\/fundusze-zewnetrzne\/#website"},"primaryImageOfPage":{"@id":"https:\/\/pans.krosno.pl\/fundusze-zewnetrzne\/projekty-realizowane\/krosno-fundusze-norweskie\/kreujemyrozwijamy-o-projekcie\/#primaryimage"},"image":{"@id":"https:\/\/pans.krosno.pl\/fundusze-zewnetrzne\/projekty-realizowane\/krosno-fundusze-norweskie\/kreujemyrozwijamy-o-projekcie\/#primaryimage"},"thumbnailUrl":"https:\/\/pans.krosno.pl\/fundusze-zewnetrzne\/wp-content\/uploads\/sites\/14\/2022\/03\/Norway_grants@4x-913x1024.png","datePublished":"2022-01-20T14:25:49+00:00","dateModified":"2023-12-07T11:15:54+00:00","breadcrumb":{"@id":"https:\/\/pans.krosno.pl\/fundusze-zewnetrzne\/projekty-realizowane\/krosno-fundusze-norweskie\/kreujemyrozwijamy-o-projekcie\/#breadcrumb"},"inLanguage":"pl-PL","potentialAction":[{"@type":"ReadAction","target":["https:\/\/pans.krosno.pl\/fundusze-zewnetrzne\/projekty-realizowane\/krosno-fundusze-norweskie\/kreujemyrozwijamy-o-projekcie\/"]}]},{"@type":"ImageObject","inLanguage":"pl-PL","@id":"https:\/\/pans.krosno.pl\/fundusze-zewnetrzne\/projekty-realizowane\/krosno-fundusze-norweskie\/kreujemyrozwijamy-o-projekcie\/#primaryimage","url":"https:\/\/pans.krosno.pl\/fundusze-zewnetrzne\/wp-content\/uploads\/sites\/14\/2022\/03\/Norway_grants@4x.png","contentUrl":"https:\/\/pans.krosno.pl\/fundusze-zewnetrzne\/wp-content\/uploads\/sites\/14\/2022\/03\/Norway_grants@4x.png","width":931,"height":1044},{"@type":"BreadcrumbList","@id":"https:\/\/pans.krosno.pl\/fundusze-zewnetrzne\/projekty-realizowane\/krosno-fundusze-norweskie\/kreujemyrozwijamy-o-projekcie\/#breadcrumb","itemListElement":[{"@type":"ListItem","position":1,"name":"Strona g\u0142\u00f3wna","item":"https:\/\/pans.krosno.pl\/fundusze-zewnetrzne\/"},{"@type":"ListItem","position":2,"name":"Projekty realizowane","item":"https:\/\/pans.krosno.pl\/fundusze-zewnetrzne\/projekty-realizowane\/"},{"@type":"ListItem","position":3,"name":"KROSNO &#8211; Norweski Mechanizm Finansowy","item":"https:\/\/pans.krosno.pl\/fundusze-zewnetrzne\/projekty-realizowane\/krosno-fundusze-norweskie\/"},{"@type":"ListItem","position":4,"name":"O projekcie"}]},{"@type":"WebSite","@id":"https:\/\/pans.krosno.pl\/fundusze-zewnetrzne\/#website","url":"https:\/\/pans.krosno.pl\/fundusze-zewnetrzne\/","name":"Fundusze zewn\u0119trzne PANS w Kro\u015bnie","description":"Fundusze zewn\u0119trzne  - Pa\u0144stwowa Akademia Nauk Stosowanych","publisher":{"@id":"https:\/\/pans.krosno.pl\/fundusze-zewnetrzne\/#organization"},"potentialAction":[{"@type":"SearchAction","target":{"@type":"EntryPoint","urlTemplate":"https:\/\/pans.krosno.pl\/fundusze-zewnetrzne\/?s={search_term_string}"},"query-input":{"@type":"PropertyValueSpecification","valueRequired":true,"valueName":"search_term_string"}}],"inLanguage":"pl-PL"},{"@type":"Organization","@id":"https:\/\/pans.krosno.pl\/fundusze-zewnetrzne\/#organization","name":"Fundusze zewn\u0119trzne PANS w Kro\u015bnie","url":"https:\/\/pans.krosno.pl\/fundusze-zewnetrzne\/","logo":{"@type":"ImageObject","inLanguage":"pl-PL","@id":"https:\/\/pans.krosno.pl\/fundusze-zewnetrzne\/#\/schema\/logo\/image\/","url":"https:\/\/pans.krosno.pl\/fundusze-zewnetrzne\/wp-content\/uploads\/sites\/14\/2023\/01\/Logo-PANS-2022-pelne.png","contentUrl":"https:\/\/pans.krosno.pl\/fundusze-zewnetrzne\/wp-content\/uploads\/sites\/14\/2023\/01\/Logo-PANS-2022-pelne.png","width":3096,"height":696,"caption":"Fundusze zewn\u0119trzne PANS w Kro\u015bnie"},"image":{"@id":"https:\/\/pans.krosno.pl\/fundusze-zewnetrzne\/#\/schema\/logo\/image\/"}}]}},"_links":{"self":[{"href":"https:\/\/pans.krosno.pl\/fundusze-zewnetrzne\/wp-json\/wp\/v2\/pages\/2737","targetHints":{"allow":["GET"]}}],"collection":[{"href":"https:\/\/pans.krosno.pl\/fundusze-zewnetrzne\/wp-json\/wp\/v2\/pages"}],"about":[{"href":"https:\/\/pans.krosno.pl\/fundusze-zewnetrzne\/wp-json\/wp\/v2\/types\/page"}],"author":[{"embeddable":true,"href":"https:\/\/pans.krosno.pl\/fundusze-zewnetrzne\/wp-json\/wp\/v2\/users\/27"}],"replies":[{"embeddable":true,"href":"https:\/\/pans.krosno.pl\/fundusze-zewnetrzne\/wp-json\/wp\/v2\/comments?post=2737"}],"version-history":[{"count":5,"href":"https:\/\/pans.krosno.pl\/fundusze-zewnetrzne\/wp-json\/wp\/v2\/pages\/2737\/revisions"}],"predecessor-version":[{"id":3738,"href":"https:\/\/pans.krosno.pl\/fundusze-zewnetrzne\/wp-json\/wp\/v2\/pages\/2737\/revisions\/3738"}],"up":[{"embeddable":true,"href":"https:\/\/pans.krosno.pl\/fundusze-zewnetrzne\/wp-json\/wp\/v2\/pages\/2733"}],"wp:attachment":[{"href":"https:\/\/pans.krosno.pl\/fundusze-zewnetrzne\/wp-json\/wp\/v2\/media?parent=2737"}],"curies":[{"name":"wp","href":"https:\/\/api.w.org\/{rel}","templated":true}]}}