{"id":2733,"date":"2022-01-20T15:25:13","date_gmt":"2022-01-20T14:25:13","guid":{"rendered":"https:\/\/pans.krosno.pl\/fundusze-zewnetrzne\/?page_id=2733"},"modified":"2024-01-25T15:22:34","modified_gmt":"2024-01-25T14:22:34","slug":"krosno-fundusze-norweskie","status":"publish","type":"page","link":"https:\/\/pans.krosno.pl\/fundusze-zewnetrzne\/projekty-realizowane\/krosno-fundusze-norweskie\/","title":{"rendered":"KROSNO &#8211; Norweski Mechanizm Finansowy"},"content":{"rendered":"\n<figure class=\"wp-block-image size-large is-resized\"><img loading=\"lazy\" decoding=\"async\" src=\"https:\/\/pans.krosno.pl\/fundusze-zewnetrzne\/wp-content\/uploads\/sites\/14\/2022\/03\/Norway_grants@4x-913x1024.png\" alt=\"\" class=\"wp-image-2888\" width=\"155\" height=\"174\" srcset=\"https:\/\/pans.krosno.pl\/fundusze-zewnetrzne\/wp-content\/uploads\/sites\/14\/2022\/03\/Norway_grants@4x-913x1024.png 913w, https:\/\/pans.krosno.pl\/fundusze-zewnetrzne\/wp-content\/uploads\/sites\/14\/2022\/03\/Norway_grants@4x-268x300.png 268w, https:\/\/pans.krosno.pl\/fundusze-zewnetrzne\/wp-content\/uploads\/sites\/14\/2022\/03\/Norway_grants@4x-768x861.png 768w, https:\/\/pans.krosno.pl\/fundusze-zewnetrzne\/wp-content\/uploads\/sites\/14\/2022\/03\/Norway_grants@4x-800x897.png 800w, https:\/\/pans.krosno.pl\/fundusze-zewnetrzne\/wp-content\/uploads\/sites\/14\/2022\/03\/Norway_grants@4x-580x650.png 580w, https:\/\/pans.krosno.pl\/fundusze-zewnetrzne\/wp-content\/uploads\/sites\/14\/2022\/03\/Norway_grants@4x.png 931w\" sizes=\"auto, (max-width: 155px) 100vw, 155px\" \/><\/figure>\n\n\n\n<p style=\"font-size:30px\">\u201eKreujemy+Rozwijamy+O\u017cywiamy+Stymulujemy+Nakre\u015blamy+Odmieniamy=KROSNO\u201d<\/p>\n\n\n\n<p style=\"font-size:25px\"><a href=\"https:\/\/pans.krosno.pl\/fundusze-zewnetrzne\/projekty-realizowane\/krosno-fundusze-norweskie\/kreujemyrozwijamy-o-projekcie\/\">O projekcie<\/a><br><a href=\"https:\/\/pans.krosno.pl\/fundusze-zewnetrzne\/projekty-realizowane\/krosno-fundusze-norweskie\/kreujemyrozwijamy-aktualnosci\/\">Aktualno\u015bci<\/a><br><a href=\"https:\/\/pans.krosno.pl\/fundusze-zewnetrzne\/popularyzacja-nauki-wsrod-uczniow-szkol-podstawowych\/\">Popularyzacja nauki w\u015br\u00f3d uczni\u00f3w szk\u00f3\u0142 podstawowych<\/a><\/p>\n\n\n\n<p style=\"font-size:25px\"><a href=\"https:\/\/pans.krosno.pl\/fundusze-zewnetrzne\/wyklady-akademickie\/\">Wyk\u0142ady akademickie<\/a><a href=\"https:\/\/pans.krosno.pl\/fundusze-zewnetrzne\/popularyzacja-nauki-wsrod-uczniow-szkol-podstawowych\/\"><br><\/a><a href=\"https:\/\/pans.krosno.pl\/fundusze-zewnetrzne\/konkurs-dla-przyszlych-inzynierow\/\">Konkurs dla przysz\u0142ych in\u017cynier\u00f3w<br><\/a><a href=\"https:\/\/pans.krosno.pl\/fundusze-zewnetrzne\/olimpiada-energetyczna\/\">Olimpiada energetyczna<\/a><\/p>\n\n\n\n<p style=\"font-size:25px\"><a href=\"https:\/\/pans.krosno.pl\/fundusze-zewnetrzne\/zawody-e-sportowe-2\/\">Zawody e-sportowe<\/a><\/p>\n\n\n\n<p style=\"font-size:25px\"><a href=\"https:\/\/pans.krosno.pl\/fundusze-zewnetrzne\/pokoje-zagadek-pt-tajemniczy-labirynt\/\">POKOJE ZAGADEK pt. &#8222;Tajemnice uniwersum&#8221;<\/a><a href=\"https:\/\/pans.krosno.pl\/fundusze-zewnetrzne\/olimpiada-energetyczna\/\"><br><\/a><a href=\"https:\/\/pans.krosno.pl\/fundusze-zewnetrzne\/hackathon\/\">Hackathon<\/a><br><a href=\"https:\/\/pans.krosno.pl\/fundusze-zewnetrzne\/mlodzi-blizej-biznesu\/\">M\u0142odzi bli\u017cej biznesu<br><\/a><a href=\"https:\/\/pans.krosno.pl\/fundusze-zewnetrzne\/studia-dualne-na-kierunku-automatyka-i-robotyka\/\">Studia dualne na kierunku Automatyka i robotyka<br><\/a><a href=\"https:\/\/pans.krosno.pl\/fundusze-zewnetrzne\/projekty-realizowane\/krosno-fundusze-norweskie\/kreujemyrozwijamy-do-pobrania\/\">Do pobrania<br><\/a><a href=\"https:\/\/pans.krosno.pl\/fundusze-zewnetrzne\/dostepnosc\/\">Dost\u0119pno\u015b\u0107<\/a><\/p>\n\n\n\n<p style=\"font-size:25px\"><a href=\"https:\/\/pans.krosno.pl\/fundusze-zewnetrzne\/projekty-realizowane\/krosno-fundusze-norweskie\/kreujemyrozwijamy-kontakt\/\">Kontakt<\/a><\/p>\n","protected":false},"excerpt":{"rendered":"<p>\u201eKreujemy+Rozwijamy+O\u017cywiamy+Stymulujemy+Nakre\u015blamy+Odmieniamy=KROSNO\u201d O projekcieAktualno\u015bciPopularyzacja nauki w\u015br\u00f3d uczni\u00f3w szk\u00f3\u0142 podstawowych Wyk\u0142ady akademickieKonkurs dla przysz\u0142ych in\u017cynier\u00f3wOlimpiada energetyczna Zawody e-sportowe POKOJE ZAGADEK pt. &#8222;Tajemnice uniwersum&#8221;HackathonM\u0142odzi bli\u017cej biznesuStudia dualne na kierunku Automatyka i robotykaDo pobraniaDost\u0119pno\u015b\u0107 Kontakt<\/p>\n","protected":false},"author":27,"featured_media":0,"parent":12,"menu_order":0,"comment_status":"closed","ping_status":"closed","template":"page-templates\/template-full-width.php","meta":{"ngg_post_thumbnail":0,"footnotes":""},"class_list":["post-2733","page","type-page","status-publish","hentry"],"yoast_head":"<!-- This site is optimized with the Yoast SEO Premium plugin v27.3 (Yoast SEO v27.3) - https:\/\/yoast.com\/product\/yoast-seo-premium-wordpress\/ -->\n<title>KROSNO - Norweski Mechanizm Finansowy - Fundusze zewn\u0119trzne PANS w Kro\u015bnie<\/title>\n<meta name=\"robots\" content=\"index, follow, max-snippet:-1, max-image-preview:large, max-video-preview:-1\" \/>\n<link rel=\"canonical\" href=\"https:\/\/pans.krosno.pl\/fundusze-zewnetrzne\/projekty-realizowane\/krosno-fundusze-norweskie\/\" \/>\n<meta property=\"og:locale\" content=\"pl_PL\" \/>\n<meta property=\"og:type\" content=\"article\" \/>\n<meta property=\"og:title\" content=\"KROSNO - Norweski Mechanizm Finansowy\" \/>\n<meta property=\"og:description\" content=\"\u201eKreujemy+Rozwijamy+O\u017cywiamy+Stymulujemy+Nakre\u015blamy+Odmieniamy=KROSNO\u201d O projekcieAktualno\u015bciPopularyzacja nauki w\u015br\u00f3d uczni\u00f3w szk\u00f3\u0142 podstawowych Wyk\u0142ady akademickieKonkurs dla przysz\u0142ych in\u017cynier\u00f3wOlimpiada energetyczna Zawody e-sportowe POKOJE ZAGADEK pt. &#8222;Tajemnice uniwersum&#8221;HackathonM\u0142odzi bli\u017cej biznesuStudia dualne na kierunku Automatyka i robotykaDo pobraniaDost\u0119pno\u015b\u0107 Kontakt\" \/>\n<meta property=\"og:url\" content=\"https:\/\/pans.krosno.pl\/fundusze-zewnetrzne\/projekty-realizowane\/krosno-fundusze-norweskie\/\" \/>\n<meta property=\"og:site_name\" content=\"Fundusze zewn\u0119trzne PANS w Kro\u015bnie\" \/>\n<meta property=\"article:modified_time\" content=\"2024-01-25T14:22:34+00:00\" \/>\n<meta property=\"og:image\" content=\"https:\/\/pans.krosno.pl\/fundusze-zewnetrzne\/wp-content\/uploads\/sites\/14\/2022\/03\/Norway_grants@4x-913x1024.png\" \/>\n<meta name=\"twitter:card\" content=\"summary_large_image\" \/>\n<meta name=\"twitter:label1\" content=\"Szacowany czas czytania\" \/>\n\t<meta name=\"twitter:data1\" content=\"1 minuta\" \/>\n<script type=\"application\/ld+json\" class=\"yoast-schema-graph\">{\"@context\":\"https:\\\/\\\/schema.org\",\"@graph\":[{\"@type\":\"WebPage\",\"@id\":\"https:\\\/\\\/pans.krosno.pl\\\/fundusze-zewnetrzne\\\/projekty-realizowane\\\/krosno-fundusze-norweskie\\\/\",\"url\":\"https:\\\/\\\/pans.krosno.pl\\\/fundusze-zewnetrzne\\\/projekty-realizowane\\\/krosno-fundusze-norweskie\\\/\",\"name\":\"KROSNO - Norweski Mechanizm Finansowy - Fundusze zewn\u0119trzne PANS w Kro\u015bnie\",\"isPartOf\":{\"@id\":\"https:\\\/\\\/pans.krosno.pl\\\/fundusze-zewnetrzne\\\/#website\"},\"primaryImageOfPage\":{\"@id\":\"https:\\\/\\\/pans.krosno.pl\\\/fundusze-zewnetrzne\\\/projekty-realizowane\\\/krosno-fundusze-norweskie\\\/#primaryimage\"},\"image\":{\"@id\":\"https:\\\/\\\/pans.krosno.pl\\\/fundusze-zewnetrzne\\\/projekty-realizowane\\\/krosno-fundusze-norweskie\\\/#primaryimage\"},\"thumbnailUrl\":\"https:\\\/\\\/pans.krosno.pl\\\/fundusze-zewnetrzne\\\/wp-content\\\/uploads\\\/sites\\\/14\\\/2022\\\/03\\\/Norway_grants@4x-913x1024.png\",\"datePublished\":\"2022-01-20T14:25:13+00:00\",\"dateModified\":\"2024-01-25T14:22:34+00:00\",\"breadcrumb\":{\"@id\":\"https:\\\/\\\/pans.krosno.pl\\\/fundusze-zewnetrzne\\\/projekty-realizowane\\\/krosno-fundusze-norweskie\\\/#breadcrumb\"},\"inLanguage\":\"pl-PL\",\"potentialAction\":[{\"@type\":\"ReadAction\",\"target\":[\"https:\\\/\\\/pans.krosno.pl\\\/fundusze-zewnetrzne\\\/projekty-realizowane\\\/krosno-fundusze-norweskie\\\/\"]}]},{\"@type\":\"ImageObject\",\"inLanguage\":\"pl-PL\",\"@id\":\"https:\\\/\\\/pans.krosno.pl\\\/fundusze-zewnetrzne\\\/projekty-realizowane\\\/krosno-fundusze-norweskie\\\/#primaryimage\",\"url\":\"https:\\\/\\\/pans.krosno.pl\\\/fundusze-zewnetrzne\\\/wp-content\\\/uploads\\\/sites\\\/14\\\/2022\\\/03\\\/Norway_grants@4x.png\",\"contentUrl\":\"https:\\\/\\\/pans.krosno.pl\\\/fundusze-zewnetrzne\\\/wp-content\\\/uploads\\\/sites\\\/14\\\/2022\\\/03\\\/Norway_grants@4x.png\",\"width\":931,\"height\":1044},{\"@type\":\"BreadcrumbList\",\"@id\":\"https:\\\/\\\/pans.krosno.pl\\\/fundusze-zewnetrzne\\\/projekty-realizowane\\\/krosno-fundusze-norweskie\\\/#breadcrumb\",\"itemListElement\":[{\"@type\":\"ListItem\",\"position\":1,\"name\":\"Strona g\u0142\u00f3wna\",\"item\":\"https:\\\/\\\/pans.krosno.pl\\\/fundusze-zewnetrzne\\\/\"},{\"@type\":\"ListItem\",\"position\":2,\"name\":\"Projekty realizowane\",\"item\":\"https:\\\/\\\/pans.krosno.pl\\\/fundusze-zewnetrzne\\\/projekty-realizowane\\\/\"},{\"@type\":\"ListItem\",\"position\":3,\"name\":\"KROSNO &#8211; Norweski Mechanizm Finansowy\"}]},{\"@type\":\"WebSite\",\"@id\":\"https:\\\/\\\/pans.krosno.pl\\\/fundusze-zewnetrzne\\\/#website\",\"url\":\"https:\\\/\\\/pans.krosno.pl\\\/fundusze-zewnetrzne\\\/\",\"name\":\"Fundusze zewn\u0119trzne PANS w Kro\u015bnie\",\"description\":\"Fundusze zewn\u0119trzne  - Pa\u0144stwowa Akademia Nauk Stosowanych\",\"publisher\":{\"@id\":\"https:\\\/\\\/pans.krosno.pl\\\/fundusze-zewnetrzne\\\/#organization\"},\"potentialAction\":[{\"@type\":\"SearchAction\",\"target\":{\"@type\":\"EntryPoint\",\"urlTemplate\":\"https:\\\/\\\/pans.krosno.pl\\\/fundusze-zewnetrzne\\\/?s={search_term_string}\"},\"query-input\":{\"@type\":\"PropertyValueSpecification\",\"valueRequired\":true,\"valueName\":\"search_term_string\"}}],\"inLanguage\":\"pl-PL\"},{\"@type\":\"Organization\",\"@id\":\"https:\\\/\\\/pans.krosno.pl\\\/fundusze-zewnetrzne\\\/#organization\",\"name\":\"Fundusze zewn\u0119trzne PANS w Kro\u015bnie\",\"url\":\"https:\\\/\\\/pans.krosno.pl\\\/fundusze-zewnetrzne\\\/\",\"logo\":{\"@type\":\"ImageObject\",\"inLanguage\":\"pl-PL\",\"@id\":\"https:\\\/\\\/pans.krosno.pl\\\/fundusze-zewnetrzne\\\/#\\\/schema\\\/logo\\\/image\\\/\",\"url\":\"https:\\\/\\\/pans.krosno.pl\\\/fundusze-zewnetrzne\\\/wp-content\\\/uploads\\\/sites\\\/14\\\/2023\\\/01\\\/Logo-PANS-2022-pelne.png\",\"contentUrl\":\"https:\\\/\\\/pans.krosno.pl\\\/fundusze-zewnetrzne\\\/wp-content\\\/uploads\\\/sites\\\/14\\\/2023\\\/01\\\/Logo-PANS-2022-pelne.png\",\"width\":3096,\"height\":696,\"caption\":\"Fundusze zewn\u0119trzne PANS w Kro\u015bnie\"},\"image\":{\"@id\":\"https:\\\/\\\/pans.krosno.pl\\\/fundusze-zewnetrzne\\\/#\\\/schema\\\/logo\\\/image\\\/\"}}]}<\/script>\n<!-- \/ Yoast SEO Premium plugin. -->","yoast_head_json":{"title":"KROSNO - Norweski Mechanizm Finansowy - Fundusze zewn\u0119trzne PANS w Kro\u015bnie","robots":{"index":"index","follow":"follow","max-snippet":"max-snippet:-1","max-image-preview":"max-image-preview:large","max-video-preview":"max-video-preview:-1"},"canonical":"https:\/\/pans.krosno.pl\/fundusze-zewnetrzne\/projekty-realizowane\/krosno-fundusze-norweskie\/","og_locale":"pl_PL","og_type":"article","og_title":"KROSNO - Norweski Mechanizm Finansowy","og_description":"\u201eKreujemy+Rozwijamy+O\u017cywiamy+Stymulujemy+Nakre\u015blamy+Odmieniamy=KROSNO\u201d O projekcieAktualno\u015bciPopularyzacja nauki w\u015br\u00f3d uczni\u00f3w szk\u00f3\u0142 podstawowych Wyk\u0142ady akademickieKonkurs dla przysz\u0142ych in\u017cynier\u00f3wOlimpiada energetyczna Zawody e-sportowe POKOJE ZAGADEK pt. &#8222;Tajemnice uniwersum&#8221;HackathonM\u0142odzi bli\u017cej biznesuStudia dualne na kierunku Automatyka i robotykaDo pobraniaDost\u0119pno\u015b\u0107 Kontakt","og_url":"https:\/\/pans.krosno.pl\/fundusze-zewnetrzne\/projekty-realizowane\/krosno-fundusze-norweskie\/","og_site_name":"Fundusze zewn\u0119trzne PANS w Kro\u015bnie","article_modified_time":"2024-01-25T14:22:34+00:00","og_image":[{"url":"https:\/\/pans.krosno.pl\/fundusze-zewnetrzne\/wp-content\/uploads\/sites\/14\/2022\/03\/Norway_grants@4x-913x1024.png","type":"","width":"","height":""}],"twitter_card":"summary_large_image","twitter_misc":{"Szacowany czas czytania":"1 minuta"},"schema":{"@context":"https:\/\/schema.org","@graph":[{"@type":"WebPage","@id":"https:\/\/pans.krosno.pl\/fundusze-zewnetrzne\/projekty-realizowane\/krosno-fundusze-norweskie\/","url":"https:\/\/pans.krosno.pl\/fundusze-zewnetrzne\/projekty-realizowane\/krosno-fundusze-norweskie\/","name":"KROSNO - Norweski Mechanizm Finansowy - Fundusze zewn\u0119trzne PANS w Kro\u015bnie","isPartOf":{"@id":"https:\/\/pans.krosno.pl\/fundusze-zewnetrzne\/#website"},"primaryImageOfPage":{"@id":"https:\/\/pans.krosno.pl\/fundusze-zewnetrzne\/projekty-realizowane\/krosno-fundusze-norweskie\/#primaryimage"},"image":{"@id":"https:\/\/pans.krosno.pl\/fundusze-zewnetrzne\/projekty-realizowane\/krosno-fundusze-norweskie\/#primaryimage"},"thumbnailUrl":"https:\/\/pans.krosno.pl\/fundusze-zewnetrzne\/wp-content\/uploads\/sites\/14\/2022\/03\/Norway_grants@4x-913x1024.png","datePublished":"2022-01-20T14:25:13+00:00","dateModified":"2024-01-25T14:22:34+00:00","breadcrumb":{"@id":"https:\/\/pans.krosno.pl\/fundusze-zewnetrzne\/projekty-realizowane\/krosno-fundusze-norweskie\/#breadcrumb"},"inLanguage":"pl-PL","potentialAction":[{"@type":"ReadAction","target":["https:\/\/pans.krosno.pl\/fundusze-zewnetrzne\/projekty-realizowane\/krosno-fundusze-norweskie\/"]}]},{"@type":"ImageObject","inLanguage":"pl-PL","@id":"https:\/\/pans.krosno.pl\/fundusze-zewnetrzne\/projekty-realizowane\/krosno-fundusze-norweskie\/#primaryimage","url":"https:\/\/pans.krosno.pl\/fundusze-zewnetrzne\/wp-content\/uploads\/sites\/14\/2022\/03\/Norway_grants@4x.png","contentUrl":"https:\/\/pans.krosno.pl\/fundusze-zewnetrzne\/wp-content\/uploads\/sites\/14\/2022\/03\/Norway_grants@4x.png","width":931,"height":1044},{"@type":"BreadcrumbList","@id":"https:\/\/pans.krosno.pl\/fundusze-zewnetrzne\/projekty-realizowane\/krosno-fundusze-norweskie\/#breadcrumb","itemListElement":[{"@type":"ListItem","position":1,"name":"Strona g\u0142\u00f3wna","item":"https:\/\/pans.krosno.pl\/fundusze-zewnetrzne\/"},{"@type":"ListItem","position":2,"name":"Projekty realizowane","item":"https:\/\/pans.krosno.pl\/fundusze-zewnetrzne\/projekty-realizowane\/"},{"@type":"ListItem","position":3,"name":"KROSNO &#8211; Norweski Mechanizm Finansowy"}]},{"@type":"WebSite","@id":"https:\/\/pans.krosno.pl\/fundusze-zewnetrzne\/#website","url":"https:\/\/pans.krosno.pl\/fundusze-zewnetrzne\/","name":"Fundusze zewn\u0119trzne PANS w Kro\u015bnie","description":"Fundusze zewn\u0119trzne  - Pa\u0144stwowa Akademia Nauk Stosowanych","publisher":{"@id":"https:\/\/pans.krosno.pl\/fundusze-zewnetrzne\/#organization"},"potentialAction":[{"@type":"SearchAction","target":{"@type":"EntryPoint","urlTemplate":"https:\/\/pans.krosno.pl\/fundusze-zewnetrzne\/?s={search_term_string}"},"query-input":{"@type":"PropertyValueSpecification","valueRequired":true,"valueName":"search_term_string"}}],"inLanguage":"pl-PL"},{"@type":"Organization","@id":"https:\/\/pans.krosno.pl\/fundusze-zewnetrzne\/#organization","name":"Fundusze zewn\u0119trzne PANS w Kro\u015bnie","url":"https:\/\/pans.krosno.pl\/fundusze-zewnetrzne\/","logo":{"@type":"ImageObject","inLanguage":"pl-PL","@id":"https:\/\/pans.krosno.pl\/fundusze-zewnetrzne\/#\/schema\/logo\/image\/","url":"https:\/\/pans.krosno.pl\/fundusze-zewnetrzne\/wp-content\/uploads\/sites\/14\/2023\/01\/Logo-PANS-2022-pelne.png","contentUrl":"https:\/\/pans.krosno.pl\/fundusze-zewnetrzne\/wp-content\/uploads\/sites\/14\/2023\/01\/Logo-PANS-2022-pelne.png","width":3096,"height":696,"caption":"Fundusze zewn\u0119trzne PANS w Kro\u015bnie"},"image":{"@id":"https:\/\/pans.krosno.pl\/fundusze-zewnetrzne\/#\/schema\/logo\/image\/"}}]}},"_links":{"self":[{"href":"https:\/\/pans.krosno.pl\/fundusze-zewnetrzne\/wp-json\/wp\/v2\/pages\/2733","targetHints":{"allow":["GET"]}}],"collection":[{"href":"https:\/\/pans.krosno.pl\/fundusze-zewnetrzne\/wp-json\/wp\/v2\/pages"}],"about":[{"href":"https:\/\/pans.krosno.pl\/fundusze-zewnetrzne\/wp-json\/wp\/v2\/types\/page"}],"author":[{"embeddable":true,"href":"https:\/\/pans.krosno.pl\/fundusze-zewnetrzne\/wp-json\/wp\/v2\/users\/27"}],"replies":[{"embeddable":true,"href":"https:\/\/pans.krosno.pl\/fundusze-zewnetrzne\/wp-json\/wp\/v2\/comments?post=2733"}],"version-history":[{"count":20,"href":"https:\/\/pans.krosno.pl\/fundusze-zewnetrzne\/wp-json\/wp\/v2\/pages\/2733\/revisions"}],"predecessor-version":[{"id":3804,"href":"https:\/\/pans.krosno.pl\/fundusze-zewnetrzne\/wp-json\/wp\/v2\/pages\/2733\/revisions\/3804"}],"up":[{"embeddable":true,"href":"https:\/\/pans.krosno.pl\/fundusze-zewnetrzne\/wp-json\/wp\/v2\/pages\/12"}],"wp:attachment":[{"href":"https:\/\/pans.krosno.pl\/fundusze-zewnetrzne\/wp-json\/wp\/v2\/media?parent=2733"}],"curies":[{"name":"wp","href":"https:\/\/api.w.org\/{rel}","templated":true}]}}