{"id":248,"date":"2020-05-13T15:58:12","date_gmt":"2020-05-13T13:58:12","guid":{"rendered":"https:\/\/pans.krosno.pl\/fundusze-europejskie-kursy\/?page_id=248"},"modified":"2022-05-25T09:22:59","modified_gmt":"2022-05-25T07:22:59","slug":"regulamin-zajec-symulacyjnych-w-csm","status":"publish","type":"page","link":"https:\/\/pans.krosno.pl\/fundusze-zewnetrzne\/projekty-zrealizowane\/innowacyjne-ksztalcenie-na-kierunku-pielegniarstwo-2\/regulamin-zajec-symulacyjnych-w-csm\/","title":{"rendered":"Innowacyjne kszta\u0142cenie na kierunku Piel\u0119gniarstwo \u2013 utworzenie Centrum Symulacji Medycznej w PWSZ w Kro\u015bnie &#8211; Regulamin zaj\u0119\u0107 symulacyjnych w CSM"},"content":{"rendered":"<hr>\n<p><img loading=\"lazy\" decoding=\"async\" class=\"size-full wp-image-1093 aligncenter\" src=\"https:\/\/pans.krosno.pl\/fundusze-europejskie-kursy\/wp-content\/uploads\/sites\/14\/2020\/05\/LOGO-KOLOR-17.jpg\" alt=\"\" width=\"1988\" height=\"255\" srcset=\"https:\/\/pans.krosno.pl\/fundusze-zewnetrzne\/wp-content\/uploads\/sites\/14\/2020\/05\/LOGO-KOLOR-17.jpg 1988w, https:\/\/pans.krosno.pl\/fundusze-zewnetrzne\/wp-content\/uploads\/sites\/14\/2020\/05\/LOGO-KOLOR-17-300x38.jpg 300w, https:\/\/pans.krosno.pl\/fundusze-zewnetrzne\/wp-content\/uploads\/sites\/14\/2020\/05\/LOGO-KOLOR-17-1024x131.jpg 1024w, https:\/\/pans.krosno.pl\/fundusze-zewnetrzne\/wp-content\/uploads\/sites\/14\/2020\/05\/LOGO-KOLOR-17-768x99.jpg 768w, https:\/\/pans.krosno.pl\/fundusze-zewnetrzne\/wp-content\/uploads\/sites\/14\/2020\/05\/LOGO-KOLOR-17-1536x197.jpg 1536w, https:\/\/pans.krosno.pl\/fundusze-zewnetrzne\/wp-content\/uploads\/sites\/14\/2020\/05\/LOGO-KOLOR-17-800x103.jpg 800w, https:\/\/pans.krosno.pl\/fundusze-zewnetrzne\/wp-content\/uploads\/sites\/14\/2020\/05\/LOGO-KOLOR-17-580x74.jpg 580w\" sizes=\"auto, (max-width: 1988px) 100vw, 1988px\" \/><\/p>\n\n\n<p><strong>&nbsp;Regulamin zaj\u0119\u0107 symulacyjnych w CSM<\/strong><\/p>\n\n\n\n<div class=\"wp-block-file\"><a id=\"wp-block-file--media-6c8a4137-808b-4916-acb9-b49b9c8212de\" href=\"https:\/\/pans.krosno.pl\/fundusze-europejskie-kursy\/wp-content\/uploads\/sites\/14\/2020\/05\/skrocony_reg_ww-1.docx\">Skr\u00f3cony regulamin <\/a><a href=\"https:\/\/pans.krosno.pl\/fundusze-europejskie-kursy\/wp-content\/uploads\/sites\/14\/2020\/05\/skrocony_reg_ww-1.docx\" class=\"wp-block-file__button\" download aria-describedby=\"wp-block-file--media-6c8a4137-808b-4916-acb9-b49b9c8212de\">Pobierz<\/a><\/div>\n\n\n\n<hr class=\"wp-block-separator\"\/>\n\n\n\n<p><strong>Dokumenty rekrutacyjne<\/strong><\/p>\n\n\n\n<div class=\"wp-block-file\"><a id=\"wp-block-file--media-3697c8f2-d0c2-4f54-b99c-9bbbdc720517\" href=\"https:\/\/pans.krosno.pl\/fundusze-europejskie-kursy\/wp-content\/uploads\/sites\/14\/2020\/05\/regulamin_uczestnictwa_w_projekcie_csm.pdf\">regulamin_uczestnictwa_w_projekcie_csm<\/a><a href=\"https:\/\/pans.krosno.pl\/fundusze-europejskie-kursy\/wp-content\/uploads\/sites\/14\/2020\/05\/regulamin_uczestnictwa_w_projekcie_csm.pdf\" class=\"wp-block-file__button\" download aria-describedby=\"wp-block-file--media-3697c8f2-d0c2-4f54-b99c-9bbbdc720517\">Pobierz<\/a><\/div>\n\n\n\n<div class=\"wp-block-file\"><a id=\"wp-block-file--media-ad7773df-650c-4f24-88a0-fd97e245731f\" href=\"https:\/\/pans.krosno.pl\/fundusze-europejskie-kursy\/wp-content\/uploads\/sites\/14\/2020\/05\/zal_1_oswiadczenie_rodo.pdf\">zal_1_oswiadczenie_rodo<\/a><a href=\"https:\/\/pans.krosno.pl\/fundusze-europejskie-kursy\/wp-content\/uploads\/sites\/14\/2020\/05\/zal_1_oswiadczenie_rodo.pdf\" class=\"wp-block-file__button\" download aria-describedby=\"wp-block-file--media-ad7773df-650c-4f24-88a0-fd97e245731f\">Pobierz<\/a><\/div>\n\n\n\n<div class=\"wp-block-file\"><a id=\"wp-block-file--media-4e904b39-24e7-4435-a88b-1cc1ddce1a82\" href=\"https:\/\/pans.krosno.pl\/fundusze-europejskie-kursy\/wp-content\/uploads\/sites\/14\/2020\/05\/zal._2_deklaracja_rodo.pdf\">zal._2_deklaracja_rodo<\/a><a href=\"https:\/\/pans.krosno.pl\/fundusze-europejskie-kursy\/wp-content\/uploads\/sites\/14\/2020\/05\/zal._2_deklaracja_rodo.pdf\" class=\"wp-block-file__button\" download aria-describedby=\"wp-block-file--media-4e904b39-24e7-4435-a88b-1cc1ddce1a82\">Pobierz<\/a><\/div>\n\n\n\n<div class=\"wp-block-file\"><a id=\"wp-block-file--media-13fb5257-f343-4051-b7fe-511041666bc5\" href=\"https:\/\/pans.krosno.pl\/fundusze-europejskie-kursy\/wp-content\/uploads\/sites\/14\/2020\/05\/zal._3_form._student.pdf\">zal._3_form._student<\/a><a href=\"https:\/\/pans.krosno.pl\/fundusze-europejskie-kursy\/wp-content\/uploads\/sites\/14\/2020\/05\/zal._3_form._student.pdf\" class=\"wp-block-file__button\" download aria-describedby=\"wp-block-file--media-13fb5257-f343-4051-b7fe-511041666bc5\">Pobierz<\/a><\/div>\n\n\n\n<div class=\"wp-block-file\"><a id=\"wp-block-file--media-b637ecad-c9c2-46c6-bc56-5d4278c47bde\" href=\"https:\/\/pans.krosno.pl\/fundusze-europejskie-kursy\/wp-content\/uploads\/sites\/14\/2020\/05\/zal._3_form._student.docx\">zal._3_form._student<\/a><a href=\"https:\/\/pans.krosno.pl\/fundusze-europejskie-kursy\/wp-content\/uploads\/sites\/14\/2020\/05\/zal._3_form._student.docx\" class=\"wp-block-file__button\" download aria-describedby=\"wp-block-file--media-b637ecad-c9c2-46c6-bc56-5d4278c47bde\">Pobierz<\/a><\/div>\n\n\n\n<div class=\"wp-block-file\"><a id=\"wp-block-file--media-f221f109-d46b-455b-bde8-39ff4c1bf9be\" href=\"https:\/\/pans.krosno.pl\/fundusze-europejskie-kursy\/wp-content\/uploads\/sites\/14\/2020\/05\/zal._4_form._pracownik.pdf\">zal._4_form._pracownik<\/a><a href=\"https:\/\/pans.krosno.pl\/fundusze-europejskie-kursy\/wp-content\/uploads\/sites\/14\/2020\/05\/zal._4_form._pracownik.pdf\" class=\"wp-block-file__button\" download aria-describedby=\"wp-block-file--media-f221f109-d46b-455b-bde8-39ff4c1bf9be\">Pobierz<\/a><\/div>\n\n\n\n<div class=\"wp-block-file\"><a id=\"wp-block-file--media-d03efaf4-11a6-4023-b29d-9bb5d79ea703\" href=\"https:\/\/pans.krosno.pl\/fundusze-europejskie-kursy\/wp-content\/uploads\/sites\/14\/2020\/05\/zal._4_form._pracownik.docx\">zal._4_form._pracownik<\/a><a href=\"https:\/\/pans.krosno.pl\/fundusze-europejskie-kursy\/wp-content\/uploads\/sites\/14\/2020\/05\/zal._4_form._pracownik.docx\" class=\"wp-block-file__button\" download aria-describedby=\"wp-block-file--media-d03efaf4-11a6-4023-b29d-9bb5d79ea703\">Pobierz<\/a><\/div>\n\n\n\n<div class=\"wp-block-file\"><a id=\"wp-block-file--media-136813e7-643f-46b8-9d99-0c58393564e6\" href=\"https:\/\/pans.krosno.pl\/fundusze-europejskie-kursy\/wp-content\/uploads\/sites\/14\/2020\/05\/zal._5_karta_zgloszenia.pdf\">zal._5_karta_zgloszenia<\/a><a href=\"https:\/\/pans.krosno.pl\/fundusze-europejskie-kursy\/wp-content\/uploads\/sites\/14\/2020\/05\/zal._5_karta_zgloszenia.pdf\" class=\"wp-block-file__button\" download aria-describedby=\"wp-block-file--media-136813e7-643f-46b8-9d99-0c58393564e6\">Pobierz<\/a><\/div>\n\n\n\n<div class=\"wp-block-file\"><a id=\"wp-block-file--media-e72d22ab-cf65-4398-b823-70dc8b8534a3\" href=\"https:\/\/pans.krosno.pl\/fundusze-europejskie-kursy\/wp-content\/uploads\/sites\/14\/2020\/05\/zal._5_karta_zgloszenia.docx\">zal._5_karta_zgloszenia<\/a><a href=\"https:\/\/pans.krosno.pl\/fundusze-europejskie-kursy\/wp-content\/uploads\/sites\/14\/2020\/05\/zal._5_karta_zgloszenia.docx\" class=\"wp-block-file__button\" download aria-describedby=\"wp-block-file--media-e72d22ab-cf65-4398-b823-70dc8b8534a3\">Pobierz<\/a><\/div>\n\n\n\n<p><\/p>\n","protected":false},"excerpt":{"rendered":"<p>&nbsp;Regulamin zaj\u0119\u0107 symulacyjnych w CSM Dokumenty rekrutacyjne<\/p>\n","protected":false},"author":27,"featured_media":0,"parent":181,"menu_order":0,"comment_status":"closed","ping_status":"closed","template":"page-templates\/template-full-width.php","meta":{"ngg_post_thumbnail":0,"footnotes":""},"class_list":["post-248","page","type-page","status-publish","hentry"],"yoast_head":"<!-- This site is optimized with the Yoast SEO Premium plugin v27.3 (Yoast SEO v27.3) - https:\/\/yoast.com\/product\/yoast-seo-premium-wordpress\/ -->\n<title>Innowacyjne kszta\u0142cenie na kierunku Piel\u0119gniarstwo \u2013 utworzenie Centrum Symulacji Medycznej w PWSZ w Kro\u015bnie - Regulamin zaj\u0119\u0107 symulacyjnych w CSM - Fundusze zewn\u0119trzne PANS w Kro\u015bnie<\/title>\n<meta name=\"robots\" content=\"index, follow, max-snippet:-1, max-image-preview:large, max-video-preview:-1\" \/>\n<link rel=\"canonical\" href=\"https:\/\/pans.krosno.pl\/fundusze-zewnetrzne\/projekty-zrealizowane\/innowacyjne-ksztalcenie-na-kierunku-pielegniarstwo-2\/regulamin-zajec-symulacyjnych-w-csm\/\" \/>\n<meta property=\"og:locale\" content=\"pl_PL\" \/>\n<meta property=\"og:type\" content=\"article\" \/>\n<meta property=\"og:title\" content=\"Innowacyjne kszta\u0142cenie na kierunku Piel\u0119gniarstwo \u2013 utworzenie Centrum Symulacji Medycznej w PWSZ w Kro\u015bnie - Regulamin zaj\u0119\u0107 symulacyjnych w CSM\" \/>\n<meta property=\"og:description\" content=\"&nbsp;Regulamin zaj\u0119\u0107 symulacyjnych w CSM Dokumenty rekrutacyjne\" \/>\n<meta property=\"og:url\" content=\"https:\/\/pans.krosno.pl\/fundusze-zewnetrzne\/projekty-zrealizowane\/innowacyjne-ksztalcenie-na-kierunku-pielegniarstwo-2\/regulamin-zajec-symulacyjnych-w-csm\/\" \/>\n<meta property=\"og:site_name\" content=\"Fundusze zewn\u0119trzne PANS w Kro\u015bnie\" \/>\n<meta property=\"article:modified_time\" content=\"2022-05-25T07:22:59+00:00\" \/>\n<meta property=\"og:image\" content=\"https:\/\/pans.krosno.pl\/fundusze-europejskie-kursy\/wp-content\/uploads\/sites\/14\/2020\/05\/LOGO-KOLOR-17.jpg\" \/>\n<meta name=\"twitter:card\" content=\"summary_large_image\" \/>\n<meta name=\"twitter:label1\" content=\"Szacowany czas czytania\" \/>\n\t<meta name=\"twitter:data1\" content=\"1 minuta\" \/>\n<script type=\"application\/ld+json\" class=\"yoast-schema-graph\">{\"@context\":\"https:\\\/\\\/schema.org\",\"@graph\":[{\"@type\":\"WebPage\",\"@id\":\"https:\\\/\\\/pans.krosno.pl\\\/fundusze-zewnetrzne\\\/projekty-zrealizowane\\\/innowacyjne-ksztalcenie-na-kierunku-pielegniarstwo-2\\\/regulamin-zajec-symulacyjnych-w-csm\\\/\",\"url\":\"https:\\\/\\\/pans.krosno.pl\\\/fundusze-zewnetrzne\\\/projekty-zrealizowane\\\/innowacyjne-ksztalcenie-na-kierunku-pielegniarstwo-2\\\/regulamin-zajec-symulacyjnych-w-csm\\\/\",\"name\":\"Innowacyjne kszta\u0142cenie na kierunku Piel\u0119gniarstwo \u2013 utworzenie Centrum Symulacji Medycznej w PWSZ w Kro\u015bnie - Regulamin zaj\u0119\u0107 symulacyjnych w CSM - Fundusze zewn\u0119trzne PANS w Kro\u015bnie\",\"isPartOf\":{\"@id\":\"https:\\\/\\\/pans.krosno.pl\\\/fundusze-zewnetrzne\\\/#website\"},\"primaryImageOfPage\":{\"@id\":\"https:\\\/\\\/pans.krosno.pl\\\/fundusze-zewnetrzne\\\/projekty-zrealizowane\\\/innowacyjne-ksztalcenie-na-kierunku-pielegniarstwo-2\\\/regulamin-zajec-symulacyjnych-w-csm\\\/#primaryimage\"},\"image\":{\"@id\":\"https:\\\/\\\/pans.krosno.pl\\\/fundusze-zewnetrzne\\\/projekty-zrealizowane\\\/innowacyjne-ksztalcenie-na-kierunku-pielegniarstwo-2\\\/regulamin-zajec-symulacyjnych-w-csm\\\/#primaryimage\"},\"thumbnailUrl\":\"https:\\\/\\\/pans.krosno.pl\\\/fundusze-europejskie-kursy\\\/wp-content\\\/uploads\\\/sites\\\/14\\\/2020\\\/05\\\/LOGO-KOLOR-17.jpg\",\"datePublished\":\"2020-05-13T13:58:12+00:00\",\"dateModified\":\"2022-05-25T07:22:59+00:00\",\"breadcrumb\":{\"@id\":\"https:\\\/\\\/pans.krosno.pl\\\/fundusze-zewnetrzne\\\/projekty-zrealizowane\\\/innowacyjne-ksztalcenie-na-kierunku-pielegniarstwo-2\\\/regulamin-zajec-symulacyjnych-w-csm\\\/#breadcrumb\"},\"inLanguage\":\"pl-PL\",\"potentialAction\":[{\"@type\":\"ReadAction\",\"target\":[\"https:\\\/\\\/pans.krosno.pl\\\/fundusze-zewnetrzne\\\/projekty-zrealizowane\\\/innowacyjne-ksztalcenie-na-kierunku-pielegniarstwo-2\\\/regulamin-zajec-symulacyjnych-w-csm\\\/\"]}]},{\"@type\":\"ImageObject\",\"inLanguage\":\"pl-PL\",\"@id\":\"https:\\\/\\\/pans.krosno.pl\\\/fundusze-zewnetrzne\\\/projekty-zrealizowane\\\/innowacyjne-ksztalcenie-na-kierunku-pielegniarstwo-2\\\/regulamin-zajec-symulacyjnych-w-csm\\\/#primaryimage\",\"url\":\"https:\\\/\\\/pans.krosno.pl\\\/fundusze-europejskie-kursy\\\/wp-content\\\/uploads\\\/sites\\\/14\\\/2020\\\/05\\\/LOGO-KOLOR-17.jpg\",\"contentUrl\":\"https:\\\/\\\/pans.krosno.pl\\\/fundusze-europejskie-kursy\\\/wp-content\\\/uploads\\\/sites\\\/14\\\/2020\\\/05\\\/LOGO-KOLOR-17.jpg\"},{\"@type\":\"BreadcrumbList\",\"@id\":\"https:\\\/\\\/pans.krosno.pl\\\/fundusze-zewnetrzne\\\/projekty-zrealizowane\\\/innowacyjne-ksztalcenie-na-kierunku-pielegniarstwo-2\\\/regulamin-zajec-symulacyjnych-w-csm\\\/#breadcrumb\",\"itemListElement\":[{\"@type\":\"ListItem\",\"position\":1,\"name\":\"Strona g\u0142\u00f3wna\",\"item\":\"https:\\\/\\\/pans.krosno.pl\\\/fundusze-zewnetrzne\\\/\"},{\"@type\":\"ListItem\",\"position\":2,\"name\":\"Projekty zrealizowane\",\"item\":\"https:\\\/\\\/pans.krosno.pl\\\/fundusze-zewnetrzne\\\/projekty-zrealizowane\\\/\"},{\"@type\":\"ListItem\",\"position\":3,\"name\":\"Innowacyjne kszta\u0142cenie na kierunku Piel\u0119gniarstwo \u2013 utworzenie Centrum Symulacji Medycznej w PWSZ w Kro\u015bnie\",\"item\":\"https:\\\/\\\/pans.krosno.pl\\\/fundusze-zewnetrzne\\\/projekty-zrealizowane\\\/innowacyjne-ksztalcenie-na-kierunku-pielegniarstwo-2\\\/\"},{\"@type\":\"ListItem\",\"position\":4,\"name\":\"Innowacyjne kszta\u0142cenie na kierunku Piel\u0119gniarstwo \u2013 utworzenie Centrum Symulacji Medycznej w PWSZ w Kro\u015bnie &#8211; Regulamin zaj\u0119\u0107 symulacyjnych w CSM\"}]},{\"@type\":\"WebSite\",\"@id\":\"https:\\\/\\\/pans.krosno.pl\\\/fundusze-zewnetrzne\\\/#website\",\"url\":\"https:\\\/\\\/pans.krosno.pl\\\/fundusze-zewnetrzne\\\/\",\"name\":\"Fundusze zewn\u0119trzne PANS w Kro\u015bnie\",\"description\":\"Fundusze zewn\u0119trzne  - Pa\u0144stwowa Akademia Nauk Stosowanych\",\"publisher\":{\"@id\":\"https:\\\/\\\/pans.krosno.pl\\\/fundusze-zewnetrzne\\\/#organization\"},\"potentialAction\":[{\"@type\":\"SearchAction\",\"target\":{\"@type\":\"EntryPoint\",\"urlTemplate\":\"https:\\\/\\\/pans.krosno.pl\\\/fundusze-zewnetrzne\\\/?s={search_term_string}\"},\"query-input\":{\"@type\":\"PropertyValueSpecification\",\"valueRequired\":true,\"valueName\":\"search_term_string\"}}],\"inLanguage\":\"pl-PL\"},{\"@type\":\"Organization\",\"@id\":\"https:\\\/\\\/pans.krosno.pl\\\/fundusze-zewnetrzne\\\/#organization\",\"name\":\"Fundusze zewn\u0119trzne PANS w Kro\u015bnie\",\"url\":\"https:\\\/\\\/pans.krosno.pl\\\/fundusze-zewnetrzne\\\/\",\"logo\":{\"@type\":\"ImageObject\",\"inLanguage\":\"pl-PL\",\"@id\":\"https:\\\/\\\/pans.krosno.pl\\\/fundusze-zewnetrzne\\\/#\\\/schema\\\/logo\\\/image\\\/\",\"url\":\"https:\\\/\\\/pans.krosno.pl\\\/fundusze-zewnetrzne\\\/wp-content\\\/uploads\\\/sites\\\/14\\\/2023\\\/01\\\/Logo-PANS-2022-pelne.png\",\"contentUrl\":\"https:\\\/\\\/pans.krosno.pl\\\/fundusze-zewnetrzne\\\/wp-content\\\/uploads\\\/sites\\\/14\\\/2023\\\/01\\\/Logo-PANS-2022-pelne.png\",\"width\":3096,\"height\":696,\"caption\":\"Fundusze zewn\u0119trzne PANS w Kro\u015bnie\"},\"image\":{\"@id\":\"https:\\\/\\\/pans.krosno.pl\\\/fundusze-zewnetrzne\\\/#\\\/schema\\\/logo\\\/image\\\/\"}}]}<\/script>\n<!-- \/ Yoast SEO Premium plugin. -->","yoast_head_json":{"title":"Innowacyjne kszta\u0142cenie na kierunku Piel\u0119gniarstwo \u2013 utworzenie Centrum Symulacji Medycznej w PWSZ w Kro\u015bnie - Regulamin zaj\u0119\u0107 symulacyjnych w CSM - Fundusze zewn\u0119trzne PANS w Kro\u015bnie","robots":{"index":"index","follow":"follow","max-snippet":"max-snippet:-1","max-image-preview":"max-image-preview:large","max-video-preview":"max-video-preview:-1"},"canonical":"https:\/\/pans.krosno.pl\/fundusze-zewnetrzne\/projekty-zrealizowane\/innowacyjne-ksztalcenie-na-kierunku-pielegniarstwo-2\/regulamin-zajec-symulacyjnych-w-csm\/","og_locale":"pl_PL","og_type":"article","og_title":"Innowacyjne kszta\u0142cenie na kierunku Piel\u0119gniarstwo \u2013 utworzenie Centrum Symulacji Medycznej w PWSZ w Kro\u015bnie - Regulamin zaj\u0119\u0107 symulacyjnych w CSM","og_description":"&nbsp;Regulamin zaj\u0119\u0107 symulacyjnych w CSM Dokumenty rekrutacyjne","og_url":"https:\/\/pans.krosno.pl\/fundusze-zewnetrzne\/projekty-zrealizowane\/innowacyjne-ksztalcenie-na-kierunku-pielegniarstwo-2\/regulamin-zajec-symulacyjnych-w-csm\/","og_site_name":"Fundusze zewn\u0119trzne PANS w Kro\u015bnie","article_modified_time":"2022-05-25T07:22:59+00:00","og_image":[{"url":"https:\/\/pans.krosno.pl\/fundusze-europejskie-kursy\/wp-content\/uploads\/sites\/14\/2020\/05\/LOGO-KOLOR-17.jpg","type":"","width":"","height":""}],"twitter_card":"summary_large_image","twitter_misc":{"Szacowany czas czytania":"1 minuta"},"schema":{"@context":"https:\/\/schema.org","@graph":[{"@type":"WebPage","@id":"https:\/\/pans.krosno.pl\/fundusze-zewnetrzne\/projekty-zrealizowane\/innowacyjne-ksztalcenie-na-kierunku-pielegniarstwo-2\/regulamin-zajec-symulacyjnych-w-csm\/","url":"https:\/\/pans.krosno.pl\/fundusze-zewnetrzne\/projekty-zrealizowane\/innowacyjne-ksztalcenie-na-kierunku-pielegniarstwo-2\/regulamin-zajec-symulacyjnych-w-csm\/","name":"Innowacyjne kszta\u0142cenie na kierunku Piel\u0119gniarstwo \u2013 utworzenie Centrum Symulacji Medycznej w PWSZ w Kro\u015bnie - Regulamin zaj\u0119\u0107 symulacyjnych w CSM - Fundusze zewn\u0119trzne PANS w Kro\u015bnie","isPartOf":{"@id":"https:\/\/pans.krosno.pl\/fundusze-zewnetrzne\/#website"},"primaryImageOfPage":{"@id":"https:\/\/pans.krosno.pl\/fundusze-zewnetrzne\/projekty-zrealizowane\/innowacyjne-ksztalcenie-na-kierunku-pielegniarstwo-2\/regulamin-zajec-symulacyjnych-w-csm\/#primaryimage"},"image":{"@id":"https:\/\/pans.krosno.pl\/fundusze-zewnetrzne\/projekty-zrealizowane\/innowacyjne-ksztalcenie-na-kierunku-pielegniarstwo-2\/regulamin-zajec-symulacyjnych-w-csm\/#primaryimage"},"thumbnailUrl":"https:\/\/pans.krosno.pl\/fundusze-europejskie-kursy\/wp-content\/uploads\/sites\/14\/2020\/05\/LOGO-KOLOR-17.jpg","datePublished":"2020-05-13T13:58:12+00:00","dateModified":"2022-05-25T07:22:59+00:00","breadcrumb":{"@id":"https:\/\/pans.krosno.pl\/fundusze-zewnetrzne\/projekty-zrealizowane\/innowacyjne-ksztalcenie-na-kierunku-pielegniarstwo-2\/regulamin-zajec-symulacyjnych-w-csm\/#breadcrumb"},"inLanguage":"pl-PL","potentialAction":[{"@type":"ReadAction","target":["https:\/\/pans.krosno.pl\/fundusze-zewnetrzne\/projekty-zrealizowane\/innowacyjne-ksztalcenie-na-kierunku-pielegniarstwo-2\/regulamin-zajec-symulacyjnych-w-csm\/"]}]},{"@type":"ImageObject","inLanguage":"pl-PL","@id":"https:\/\/pans.krosno.pl\/fundusze-zewnetrzne\/projekty-zrealizowane\/innowacyjne-ksztalcenie-na-kierunku-pielegniarstwo-2\/regulamin-zajec-symulacyjnych-w-csm\/#primaryimage","url":"https:\/\/pans.krosno.pl\/fundusze-europejskie-kursy\/wp-content\/uploads\/sites\/14\/2020\/05\/LOGO-KOLOR-17.jpg","contentUrl":"https:\/\/pans.krosno.pl\/fundusze-europejskie-kursy\/wp-content\/uploads\/sites\/14\/2020\/05\/LOGO-KOLOR-17.jpg"},{"@type":"BreadcrumbList","@id":"https:\/\/pans.krosno.pl\/fundusze-zewnetrzne\/projekty-zrealizowane\/innowacyjne-ksztalcenie-na-kierunku-pielegniarstwo-2\/regulamin-zajec-symulacyjnych-w-csm\/#breadcrumb","itemListElement":[{"@type":"ListItem","position":1,"name":"Strona g\u0142\u00f3wna","item":"https:\/\/pans.krosno.pl\/fundusze-zewnetrzne\/"},{"@type":"ListItem","position":2,"name":"Projekty zrealizowane","item":"https:\/\/pans.krosno.pl\/fundusze-zewnetrzne\/projekty-zrealizowane\/"},{"@type":"ListItem","position":3,"name":"Innowacyjne kszta\u0142cenie na kierunku Piel\u0119gniarstwo \u2013 utworzenie Centrum Symulacji Medycznej w PWSZ w Kro\u015bnie","item":"https:\/\/pans.krosno.pl\/fundusze-zewnetrzne\/projekty-zrealizowane\/innowacyjne-ksztalcenie-na-kierunku-pielegniarstwo-2\/"},{"@type":"ListItem","position":4,"name":"Innowacyjne kszta\u0142cenie na kierunku Piel\u0119gniarstwo \u2013 utworzenie Centrum Symulacji Medycznej w PWSZ w Kro\u015bnie &#8211; Regulamin zaj\u0119\u0107 symulacyjnych w CSM"}]},{"@type":"WebSite","@id":"https:\/\/pans.krosno.pl\/fundusze-zewnetrzne\/#website","url":"https:\/\/pans.krosno.pl\/fundusze-zewnetrzne\/","name":"Fundusze zewn\u0119trzne PANS w Kro\u015bnie","description":"Fundusze zewn\u0119trzne  - Pa\u0144stwowa Akademia Nauk Stosowanych","publisher":{"@id":"https:\/\/pans.krosno.pl\/fundusze-zewnetrzne\/#organization"},"potentialAction":[{"@type":"SearchAction","target":{"@type":"EntryPoint","urlTemplate":"https:\/\/pans.krosno.pl\/fundusze-zewnetrzne\/?s={search_term_string}"},"query-input":{"@type":"PropertyValueSpecification","valueRequired":true,"valueName":"search_term_string"}}],"inLanguage":"pl-PL"},{"@type":"Organization","@id":"https:\/\/pans.krosno.pl\/fundusze-zewnetrzne\/#organization","name":"Fundusze zewn\u0119trzne PANS w Kro\u015bnie","url":"https:\/\/pans.krosno.pl\/fundusze-zewnetrzne\/","logo":{"@type":"ImageObject","inLanguage":"pl-PL","@id":"https:\/\/pans.krosno.pl\/fundusze-zewnetrzne\/#\/schema\/logo\/image\/","url":"https:\/\/pans.krosno.pl\/fundusze-zewnetrzne\/wp-content\/uploads\/sites\/14\/2023\/01\/Logo-PANS-2022-pelne.png","contentUrl":"https:\/\/pans.krosno.pl\/fundusze-zewnetrzne\/wp-content\/uploads\/sites\/14\/2023\/01\/Logo-PANS-2022-pelne.png","width":3096,"height":696,"caption":"Fundusze zewn\u0119trzne PANS w Kro\u015bnie"},"image":{"@id":"https:\/\/pans.krosno.pl\/fundusze-zewnetrzne\/#\/schema\/logo\/image\/"}}]}},"_links":{"self":[{"href":"https:\/\/pans.krosno.pl\/fundusze-zewnetrzne\/wp-json\/wp\/v2\/pages\/248","targetHints":{"allow":["GET"]}}],"collection":[{"href":"https:\/\/pans.krosno.pl\/fundusze-zewnetrzne\/wp-json\/wp\/v2\/pages"}],"about":[{"href":"https:\/\/pans.krosno.pl\/fundusze-zewnetrzne\/wp-json\/wp\/v2\/types\/page"}],"author":[{"embeddable":true,"href":"https:\/\/pans.krosno.pl\/fundusze-zewnetrzne\/wp-json\/wp\/v2\/users\/27"}],"replies":[{"embeddable":true,"href":"https:\/\/pans.krosno.pl\/fundusze-zewnetrzne\/wp-json\/wp\/v2\/comments?post=248"}],"version-history":[{"count":9,"href":"https:\/\/pans.krosno.pl\/fundusze-zewnetrzne\/wp-json\/wp\/v2\/pages\/248\/revisions"}],"predecessor-version":[{"id":3235,"href":"https:\/\/pans.krosno.pl\/fundusze-zewnetrzne\/wp-json\/wp\/v2\/pages\/248\/revisions\/3235"}],"up":[{"embeddable":true,"href":"https:\/\/pans.krosno.pl\/fundusze-zewnetrzne\/wp-json\/wp\/v2\/pages\/181"}],"wp:attachment":[{"href":"https:\/\/pans.krosno.pl\/fundusze-zewnetrzne\/wp-json\/wp\/v2\/media?parent=248"}],"curies":[{"name":"wp","href":"https:\/\/api.w.org\/{rel}","templated":true}]}}