{"id":2201,"date":"2021-12-14T09:52:34","date_gmt":"2021-12-14T08:52:34","guid":{"rendered":"https:\/\/pans.krosno.pl\/fundusze-europejskie-kursy\/?page_id=2201"},"modified":"2022-05-25T09:28:37","modified_gmt":"2022-05-25T07:28:37","slug":"studenckie_kola_naukowe_tworza_innowacje","status":"publish","type":"page","link":"https:\/\/pans.krosno.pl\/fundusze-zewnetrzne\/projekty-realizowane\/studenckie_kola_naukowe_tworza_innowacje\/","title":{"rendered":"&#8222;Badania struktur warstwowych kompozyt\u00f3w polimerowych&#8221;, nr SKN\/SP\/496589\/2021"},"content":{"rendered":"\n<p>Karpacka Pa\u0144stwowa Uczelnia w Kro\u015bnie od 23 czerwca 2021 r. realizuje projekt pt. \u201eBadania struktur warstwowych kompozyt\u00f3w polimerowych\u201d. Fundusze na realizacj\u0119 projektu w wysoko\u015bci 70 000,00 z\u0142 zosta\u0142y pozyskane ze \u015brodk\u00f3w Ministra Edukacji i Nauki w ramach programu \u201eStudenckie ko\u0142a naukowe tworz\u0105 innowacje\u201d.<\/p>\n\n\n\n<p>Celem projektu jest wdro\u017cenie przez student\u00f3w &#8211; cz\u0142onk\u00f3w Studenckiego Ko\u0142a Naukowego Rotor innowacyjnych rozwi\u0105za\u0144 oraz materia\u0142\u00f3w do konstrukcji pojazdu ekologicznego. W ramach dzia\u0142a\u0144 zostanie opracowany optymalny spos\u00f3b \u0142\u0105czenia konstrukcji podwozia samono\u015bnego wykonanego z laminat\u00f3w warstwowych z elementami uk\u0142adu jezdnego. Badaniom zostan\u0105 poddane kompozyty polimerowe wykonane z w\u0142\u00f3kna w\u0119glowego i w\u0119glowo-aramidowego oraz przek\u0142adek aramidowych. Cz\u0142onkowie ko\u0142a zapoznaj\u0105 si\u0119 z dost\u0119pnymi technologiami tworzenia laminat\u00f3w oraz stosowanymi rozwi\u0105zaniami pozwalaj\u0105cymi na montowanie do tego typu konstrukcji element\u00f3w obci\u0105\u017caj\u0105cych je si\u0142ami zewn\u0119trznymi. Celem dobrania odpowiednich konfiguracji materia\u0142owych konieczne b\u0119dzie wykonanie pr\u00f3bek oraz poddanie ich badaniom. Na podstawie bada\u0144 wytrzyma\u0142o\u015bciowych i termowizyjnych opracowany zostanie optymalny dla danego stanu napr\u0119\u017ce\u0144 kompozyt warstwowy oraz spos\u00f3b \u0142\u0105czenia struktur kompozytowych z elementami obci\u0105\u017caj\u0105cymi konstrukcj\u0119. Cz\u0142onkowie ko\u0142a na podstawie zdobytej wiedzy i umiej\u0119tno\u015bci zaprojektuj\u0105 i wykonaj\u0105 cz\u0119\u015b\u0107 samono\u015bnego podwozia wraz z elementami uk\u0142adu jezdnego ekopojazdu startuj\u0105cego w mi\u0119dzynarodowych zawodach. Wyniki bada\u0144 zostan\u0105 opublikowane w czasopismach naukowych.<\/p>\n\n\n\n<p><\/p>\n\n\n\n<p><img loading=\"lazy\" decoding=\"async\" width=\"1751\" height=\"583\" class=\"wp-image-2840\" style=\"width: 350px\" src=\"https:\/\/pans.krosno.pl\/fundusze-zewnetrzne\/wp-content\/uploads\/sites\/14\/2022\/03\/znaki_strona_www-1.png\" alt=\"\" srcset=\"https:\/\/pans.krosno.pl\/fundusze-zewnetrzne\/wp-content\/uploads\/sites\/14\/2022\/03\/znaki_strona_www-1.png 1751w, https:\/\/pans.krosno.pl\/fundusze-zewnetrzne\/wp-content\/uploads\/sites\/14\/2022\/03\/znaki_strona_www-1-300x100.png 300w, https:\/\/pans.krosno.pl\/fundusze-zewnetrzne\/wp-content\/uploads\/sites\/14\/2022\/03\/znaki_strona_www-1-1024x341.png 1024w, https:\/\/pans.krosno.pl\/fundusze-zewnetrzne\/wp-content\/uploads\/sites\/14\/2022\/03\/znaki_strona_www-1-768x256.png 768w, https:\/\/pans.krosno.pl\/fundusze-zewnetrzne\/wp-content\/uploads\/sites\/14\/2022\/03\/znaki_strona_www-1-1536x511.png 1536w, https:\/\/pans.krosno.pl\/fundusze-zewnetrzne\/wp-content\/uploads\/sites\/14\/2022\/03\/znaki_strona_www-1-800x266.png 800w, https:\/\/pans.krosno.pl\/fundusze-zewnetrzne\/wp-content\/uploads\/sites\/14\/2022\/03\/znaki_strona_www-1-580x193.png 580w\" sizes=\"auto, (max-width: 1751px) 100vw, 1751px\" \/><\/p>\n","protected":false},"excerpt":{"rendered":"<p>Karpacka Pa\u0144stwowa Uczelnia w Kro\u015bnie od 23 czerwca 2021 r. realizuje projekt pt. \u201eBadania struktur warstwowych kompozyt\u00f3w polimerowych\u201d. Fundusze na realizacj\u0119 projektu w wysoko\u015bci 70 000,00 z\u0142 zosta\u0142y pozyskane ze \u015brodk\u00f3w Ministra Edukacji i Nauki w ramach programu \u201eStudenckie ko\u0142a naukowe tworz\u0105 innowacje\u201d. Celem projektu jest wdro\u017cenie przez student\u00f3w &#8211; [\u2026] <\/p>\n<div class=\"clear\"><\/div>\n<p><a class=\"more_link clearfix\" href=\"https:\/\/pans.krosno.pl\/fundusze-zewnetrzne\/projekty-realizowane\/studenckie_kola_naukowe_tworza_innowacje\/\" rel=\"nofollow\">Read More<\/a><\/p>\n","protected":false},"author":53,"featured_media":0,"parent":12,"menu_order":0,"comment_status":"closed","ping_status":"closed","template":"","meta":{"ngg_post_thumbnail":0,"footnotes":""},"class_list":["post-2201","page","type-page","status-publish","hentry"],"yoast_head":"<!-- This site is optimized with the Yoast SEO Premium plugin v27.3 (Yoast SEO v27.3) - https:\/\/yoast.com\/product\/yoast-seo-premium-wordpress\/ -->\n<title>&quot;Badania struktur warstwowych kompozyt\u00f3w polimerowych&quot;, nr SKN\/SP\/496589\/2021 - Fundusze zewn\u0119trzne PANS w Kro\u015bnie<\/title>\n<meta name=\"robots\" content=\"index, follow, max-snippet:-1, max-image-preview:large, max-video-preview:-1\" \/>\n<link rel=\"canonical\" href=\"https:\/\/pans.krosno.pl\/fundusze-zewnetrzne\/projekty-realizowane\/studenckie_kola_naukowe_tworza_innowacje\/\" \/>\n<meta property=\"og:locale\" content=\"pl_PL\" \/>\n<meta property=\"og:type\" content=\"article\" \/>\n<meta property=\"og:title\" content=\"&quot;Badania struktur warstwowych kompozyt\u00f3w polimerowych&quot;, nr SKN\/SP\/496589\/2021\" \/>\n<meta property=\"og:description\" content=\"Karpacka Pa\u0144stwowa Uczelnia w Kro\u015bnie od 23 czerwca 2021 r. realizuje projekt pt. \u201eBadania struktur warstwowych kompozyt\u00f3w polimerowych\u201d. Fundusze na realizacj\u0119 projektu w wysoko\u015bci 70 000,00 z\u0142 zosta\u0142y pozyskane ze \u015brodk\u00f3w Ministra Edukacji i Nauki w ramach programu \u201eStudenckie ko\u0142a naukowe tworz\u0105 innowacje\u201d. Celem projektu jest wdro\u017cenie przez student\u00f3w &#8211; [\u2026] Read More\" \/>\n<meta property=\"og:url\" content=\"https:\/\/pans.krosno.pl\/fundusze-zewnetrzne\/projekty-realizowane\/studenckie_kola_naukowe_tworza_innowacje\/\" \/>\n<meta property=\"og:site_name\" content=\"Fundusze zewn\u0119trzne PANS w Kro\u015bnie\" \/>\n<meta property=\"article:modified_time\" content=\"2022-05-25T07:28:37+00:00\" \/>\n<meta property=\"og:image\" content=\"https:\/\/pans.krosno.pl\/fundusze-zewnetrzne\/wp-content\/uploads\/sites\/14\/2022\/03\/znaki_strona_www-1.png\" \/>\n<meta name=\"twitter:card\" content=\"summary_large_image\" \/>\n<meta name=\"twitter:label1\" content=\"Szacowany czas czytania\" \/>\n\t<meta name=\"twitter:data1\" content=\"2 minuty\" \/>\n<script type=\"application\/ld+json\" class=\"yoast-schema-graph\">{\"@context\":\"https:\\\/\\\/schema.org\",\"@graph\":[{\"@type\":\"WebPage\",\"@id\":\"https:\\\/\\\/pans.krosno.pl\\\/fundusze-zewnetrzne\\\/projekty-realizowane\\\/studenckie_kola_naukowe_tworza_innowacje\\\/\",\"url\":\"https:\\\/\\\/pans.krosno.pl\\\/fundusze-zewnetrzne\\\/projekty-realizowane\\\/studenckie_kola_naukowe_tworza_innowacje\\\/\",\"name\":\"\\\"Badania struktur warstwowych kompozyt\u00f3w polimerowych\\\", nr SKN\\\/SP\\\/496589\\\/2021 - Fundusze zewn\u0119trzne PANS w Kro\u015bnie\",\"isPartOf\":{\"@id\":\"https:\\\/\\\/pans.krosno.pl\\\/fundusze-zewnetrzne\\\/#website\"},\"primaryImageOfPage\":{\"@id\":\"https:\\\/\\\/pans.krosno.pl\\\/fundusze-zewnetrzne\\\/projekty-realizowane\\\/studenckie_kola_naukowe_tworza_innowacje\\\/#primaryimage\"},\"image\":{\"@id\":\"https:\\\/\\\/pans.krosno.pl\\\/fundusze-zewnetrzne\\\/projekty-realizowane\\\/studenckie_kola_naukowe_tworza_innowacje\\\/#primaryimage\"},\"thumbnailUrl\":\"https:\\\/\\\/pans.krosno.pl\\\/fundusze-zewnetrzne\\\/wp-content\\\/uploads\\\/sites\\\/14\\\/2022\\\/03\\\/znaki_strona_www-1.png\",\"datePublished\":\"2021-12-14T08:52:34+00:00\",\"dateModified\":\"2022-05-25T07:28:37+00:00\",\"breadcrumb\":{\"@id\":\"https:\\\/\\\/pans.krosno.pl\\\/fundusze-zewnetrzne\\\/projekty-realizowane\\\/studenckie_kola_naukowe_tworza_innowacje\\\/#breadcrumb\"},\"inLanguage\":\"pl-PL\",\"potentialAction\":[{\"@type\":\"ReadAction\",\"target\":[\"https:\\\/\\\/pans.krosno.pl\\\/fundusze-zewnetrzne\\\/projekty-realizowane\\\/studenckie_kola_naukowe_tworza_innowacje\\\/\"]}]},{\"@type\":\"ImageObject\",\"inLanguage\":\"pl-PL\",\"@id\":\"https:\\\/\\\/pans.krosno.pl\\\/fundusze-zewnetrzne\\\/projekty-realizowane\\\/studenckie_kola_naukowe_tworza_innowacje\\\/#primaryimage\",\"url\":\"https:\\\/\\\/pans.krosno.pl\\\/fundusze-zewnetrzne\\\/wp-content\\\/uploads\\\/sites\\\/14\\\/2022\\\/03\\\/znaki_strona_www-1.png\",\"contentUrl\":\"https:\\\/\\\/pans.krosno.pl\\\/fundusze-zewnetrzne\\\/wp-content\\\/uploads\\\/sites\\\/14\\\/2022\\\/03\\\/znaki_strona_www-1.png\",\"width\":1751,\"height\":583},{\"@type\":\"BreadcrumbList\",\"@id\":\"https:\\\/\\\/pans.krosno.pl\\\/fundusze-zewnetrzne\\\/projekty-realizowane\\\/studenckie_kola_naukowe_tworza_innowacje\\\/#breadcrumb\",\"itemListElement\":[{\"@type\":\"ListItem\",\"position\":1,\"name\":\"Strona g\u0142\u00f3wna\",\"item\":\"https:\\\/\\\/pans.krosno.pl\\\/fundusze-zewnetrzne\\\/\"},{\"@type\":\"ListItem\",\"position\":2,\"name\":\"Projekty realizowane\",\"item\":\"https:\\\/\\\/pans.krosno.pl\\\/fundusze-zewnetrzne\\\/projekty-realizowane\\\/\"},{\"@type\":\"ListItem\",\"position\":3,\"name\":\"&#8222;Badania struktur warstwowych kompozyt\u00f3w polimerowych&#8221;, nr SKN\\\/SP\\\/496589\\\/2021\"}]},{\"@type\":\"WebSite\",\"@id\":\"https:\\\/\\\/pans.krosno.pl\\\/fundusze-zewnetrzne\\\/#website\",\"url\":\"https:\\\/\\\/pans.krosno.pl\\\/fundusze-zewnetrzne\\\/\",\"name\":\"Fundusze zewn\u0119trzne PANS w Kro\u015bnie\",\"description\":\"Fundusze zewn\u0119trzne  - Pa\u0144stwowa Akademia Nauk Stosowanych\",\"publisher\":{\"@id\":\"https:\\\/\\\/pans.krosno.pl\\\/fundusze-zewnetrzne\\\/#organization\"},\"potentialAction\":[{\"@type\":\"SearchAction\",\"target\":{\"@type\":\"EntryPoint\",\"urlTemplate\":\"https:\\\/\\\/pans.krosno.pl\\\/fundusze-zewnetrzne\\\/?s={search_term_string}\"},\"query-input\":{\"@type\":\"PropertyValueSpecification\",\"valueRequired\":true,\"valueName\":\"search_term_string\"}}],\"inLanguage\":\"pl-PL\"},{\"@type\":\"Organization\",\"@id\":\"https:\\\/\\\/pans.krosno.pl\\\/fundusze-zewnetrzne\\\/#organization\",\"name\":\"Fundusze zewn\u0119trzne PANS w Kro\u015bnie\",\"url\":\"https:\\\/\\\/pans.krosno.pl\\\/fundusze-zewnetrzne\\\/\",\"logo\":{\"@type\":\"ImageObject\",\"inLanguage\":\"pl-PL\",\"@id\":\"https:\\\/\\\/pans.krosno.pl\\\/fundusze-zewnetrzne\\\/#\\\/schema\\\/logo\\\/image\\\/\",\"url\":\"https:\\\/\\\/pans.krosno.pl\\\/fundusze-zewnetrzne\\\/wp-content\\\/uploads\\\/sites\\\/14\\\/2023\\\/01\\\/Logo-PANS-2022-pelne.png\",\"contentUrl\":\"https:\\\/\\\/pans.krosno.pl\\\/fundusze-zewnetrzne\\\/wp-content\\\/uploads\\\/sites\\\/14\\\/2023\\\/01\\\/Logo-PANS-2022-pelne.png\",\"width\":3096,\"height\":696,\"caption\":\"Fundusze zewn\u0119trzne PANS w Kro\u015bnie\"},\"image\":{\"@id\":\"https:\\\/\\\/pans.krosno.pl\\\/fundusze-zewnetrzne\\\/#\\\/schema\\\/logo\\\/image\\\/\"}}]}<\/script>\n<!-- \/ Yoast SEO Premium plugin. -->","yoast_head_json":{"title":"\"Badania struktur warstwowych kompozyt\u00f3w polimerowych\", nr SKN\/SP\/496589\/2021 - Fundusze zewn\u0119trzne PANS w Kro\u015bnie","robots":{"index":"index","follow":"follow","max-snippet":"max-snippet:-1","max-image-preview":"max-image-preview:large","max-video-preview":"max-video-preview:-1"},"canonical":"https:\/\/pans.krosno.pl\/fundusze-zewnetrzne\/projekty-realizowane\/studenckie_kola_naukowe_tworza_innowacje\/","og_locale":"pl_PL","og_type":"article","og_title":"\"Badania struktur warstwowych kompozyt\u00f3w polimerowych\", nr SKN\/SP\/496589\/2021","og_description":"Karpacka Pa\u0144stwowa Uczelnia w Kro\u015bnie od 23 czerwca 2021 r. realizuje projekt pt. \u201eBadania struktur warstwowych kompozyt\u00f3w polimerowych\u201d. Fundusze na realizacj\u0119 projektu w wysoko\u015bci 70 000,00 z\u0142 zosta\u0142y pozyskane ze \u015brodk\u00f3w Ministra Edukacji i Nauki w ramach programu \u201eStudenckie ko\u0142a naukowe tworz\u0105 innowacje\u201d. Celem projektu jest wdro\u017cenie przez student\u00f3w &#8211; [\u2026] Read More","og_url":"https:\/\/pans.krosno.pl\/fundusze-zewnetrzne\/projekty-realizowane\/studenckie_kola_naukowe_tworza_innowacje\/","og_site_name":"Fundusze zewn\u0119trzne PANS w Kro\u015bnie","article_modified_time":"2022-05-25T07:28:37+00:00","og_image":[{"url":"https:\/\/pans.krosno.pl\/fundusze-zewnetrzne\/wp-content\/uploads\/sites\/14\/2022\/03\/znaki_strona_www-1.png","type":"","width":"","height":""}],"twitter_card":"summary_large_image","twitter_misc":{"Szacowany czas czytania":"2 minuty"},"schema":{"@context":"https:\/\/schema.org","@graph":[{"@type":"WebPage","@id":"https:\/\/pans.krosno.pl\/fundusze-zewnetrzne\/projekty-realizowane\/studenckie_kola_naukowe_tworza_innowacje\/","url":"https:\/\/pans.krosno.pl\/fundusze-zewnetrzne\/projekty-realizowane\/studenckie_kola_naukowe_tworza_innowacje\/","name":"\"Badania struktur warstwowych kompozyt\u00f3w polimerowych\", nr SKN\/SP\/496589\/2021 - Fundusze zewn\u0119trzne PANS w Kro\u015bnie","isPartOf":{"@id":"https:\/\/pans.krosno.pl\/fundusze-zewnetrzne\/#website"},"primaryImageOfPage":{"@id":"https:\/\/pans.krosno.pl\/fundusze-zewnetrzne\/projekty-realizowane\/studenckie_kola_naukowe_tworza_innowacje\/#primaryimage"},"image":{"@id":"https:\/\/pans.krosno.pl\/fundusze-zewnetrzne\/projekty-realizowane\/studenckie_kola_naukowe_tworza_innowacje\/#primaryimage"},"thumbnailUrl":"https:\/\/pans.krosno.pl\/fundusze-zewnetrzne\/wp-content\/uploads\/sites\/14\/2022\/03\/znaki_strona_www-1.png","datePublished":"2021-12-14T08:52:34+00:00","dateModified":"2022-05-25T07:28:37+00:00","breadcrumb":{"@id":"https:\/\/pans.krosno.pl\/fundusze-zewnetrzne\/projekty-realizowane\/studenckie_kola_naukowe_tworza_innowacje\/#breadcrumb"},"inLanguage":"pl-PL","potentialAction":[{"@type":"ReadAction","target":["https:\/\/pans.krosno.pl\/fundusze-zewnetrzne\/projekty-realizowane\/studenckie_kola_naukowe_tworza_innowacje\/"]}]},{"@type":"ImageObject","inLanguage":"pl-PL","@id":"https:\/\/pans.krosno.pl\/fundusze-zewnetrzne\/projekty-realizowane\/studenckie_kola_naukowe_tworza_innowacje\/#primaryimage","url":"https:\/\/pans.krosno.pl\/fundusze-zewnetrzne\/wp-content\/uploads\/sites\/14\/2022\/03\/znaki_strona_www-1.png","contentUrl":"https:\/\/pans.krosno.pl\/fundusze-zewnetrzne\/wp-content\/uploads\/sites\/14\/2022\/03\/znaki_strona_www-1.png","width":1751,"height":583},{"@type":"BreadcrumbList","@id":"https:\/\/pans.krosno.pl\/fundusze-zewnetrzne\/projekty-realizowane\/studenckie_kola_naukowe_tworza_innowacje\/#breadcrumb","itemListElement":[{"@type":"ListItem","position":1,"name":"Strona g\u0142\u00f3wna","item":"https:\/\/pans.krosno.pl\/fundusze-zewnetrzne\/"},{"@type":"ListItem","position":2,"name":"Projekty realizowane","item":"https:\/\/pans.krosno.pl\/fundusze-zewnetrzne\/projekty-realizowane\/"},{"@type":"ListItem","position":3,"name":"&#8222;Badania struktur warstwowych kompozyt\u00f3w polimerowych&#8221;, nr SKN\/SP\/496589\/2021"}]},{"@type":"WebSite","@id":"https:\/\/pans.krosno.pl\/fundusze-zewnetrzne\/#website","url":"https:\/\/pans.krosno.pl\/fundusze-zewnetrzne\/","name":"Fundusze zewn\u0119trzne PANS w Kro\u015bnie","description":"Fundusze zewn\u0119trzne  - Pa\u0144stwowa Akademia Nauk Stosowanych","publisher":{"@id":"https:\/\/pans.krosno.pl\/fundusze-zewnetrzne\/#organization"},"potentialAction":[{"@type":"SearchAction","target":{"@type":"EntryPoint","urlTemplate":"https:\/\/pans.krosno.pl\/fundusze-zewnetrzne\/?s={search_term_string}"},"query-input":{"@type":"PropertyValueSpecification","valueRequired":true,"valueName":"search_term_string"}}],"inLanguage":"pl-PL"},{"@type":"Organization","@id":"https:\/\/pans.krosno.pl\/fundusze-zewnetrzne\/#organization","name":"Fundusze zewn\u0119trzne PANS w Kro\u015bnie","url":"https:\/\/pans.krosno.pl\/fundusze-zewnetrzne\/","logo":{"@type":"ImageObject","inLanguage":"pl-PL","@id":"https:\/\/pans.krosno.pl\/fundusze-zewnetrzne\/#\/schema\/logo\/image\/","url":"https:\/\/pans.krosno.pl\/fundusze-zewnetrzne\/wp-content\/uploads\/sites\/14\/2023\/01\/Logo-PANS-2022-pelne.png","contentUrl":"https:\/\/pans.krosno.pl\/fundusze-zewnetrzne\/wp-content\/uploads\/sites\/14\/2023\/01\/Logo-PANS-2022-pelne.png","width":3096,"height":696,"caption":"Fundusze zewn\u0119trzne PANS w Kro\u015bnie"},"image":{"@id":"https:\/\/pans.krosno.pl\/fundusze-zewnetrzne\/#\/schema\/logo\/image\/"}}]}},"_links":{"self":[{"href":"https:\/\/pans.krosno.pl\/fundusze-zewnetrzne\/wp-json\/wp\/v2\/pages\/2201","targetHints":{"allow":["GET"]}}],"collection":[{"href":"https:\/\/pans.krosno.pl\/fundusze-zewnetrzne\/wp-json\/wp\/v2\/pages"}],"about":[{"href":"https:\/\/pans.krosno.pl\/fundusze-zewnetrzne\/wp-json\/wp\/v2\/types\/page"}],"author":[{"embeddable":true,"href":"https:\/\/pans.krosno.pl\/fundusze-zewnetrzne\/wp-json\/wp\/v2\/users\/53"}],"replies":[{"embeddable":true,"href":"https:\/\/pans.krosno.pl\/fundusze-zewnetrzne\/wp-json\/wp\/v2\/comments?post=2201"}],"version-history":[{"count":5,"href":"https:\/\/pans.krosno.pl\/fundusze-zewnetrzne\/wp-json\/wp\/v2\/pages\/2201\/revisions"}],"predecessor-version":[{"id":2846,"href":"https:\/\/pans.krosno.pl\/fundusze-zewnetrzne\/wp-json\/wp\/v2\/pages\/2201\/revisions\/2846"}],"up":[{"embeddable":true,"href":"https:\/\/pans.krosno.pl\/fundusze-zewnetrzne\/wp-json\/wp\/v2\/pages\/12"}],"wp:attachment":[{"href":"https:\/\/pans.krosno.pl\/fundusze-zewnetrzne\/wp-json\/wp\/v2\/media?parent=2201"}],"curies":[{"name":"wp","href":"https:\/\/api.w.org\/{rel}","templated":true}]}}