{"id":13,"date":"2019-10-31T10:05:01","date_gmt":"2019-10-31T09:05:01","guid":{"rendered":"https:\/\/pans.krosno.pl\/fundusze-europejskie-kursy\/?page_id=13"},"modified":"2026-04-09T10:28:49","modified_gmt":"2026-04-09T08:28:49","slug":"projekty-zrealizowane","status":"publish","type":"page","link":"https:\/\/pans.krosno.pl\/fundusze-zewnetrzne\/projekty-zrealizowane\/","title":{"rendered":"Projekty zrealizowane"},"content":{"rendered":"<ul>\n<li><a href=\"https:\/\/pans.krosno.pl\/fundusze-zewnetrzne\/projekty-realizowane\/przebudowa-czesci-zabytkowego-budynku-wraz-z-montazem-dzwigu-osobowego\/\">Przebudowa cz\u0119\u015bci zabytkowego budynku wraz z monta\u017cem d\u017awigu osobowego<\/a><\/li>\n<li><a href=\"https:\/\/pans.krosno.pl\/fundusze-zewnetrzne\/po-co-tobie-ojczyzna-o-modelach-patriotyzmu-i-biograficznych-doswiadczeniach-seniorow\/\">&#8222;Po co Tobie Ojczyzna? \u2013 o modelach patriotyzmu i biograficznych do\u015bwiadczeniach senior\u00f3w&#8221;<\/a><\/li>\n<li><a href=\"https:\/\/pans.krosno.pl\/fundusze-zewnetrzne\/rozwoj-infrastruktury-dydaktycznej-pans-w-krosnie\/\">\u201eRozw\u00f3j infrastruktury dydaktycznej w PANS w Kro\u015bnie\u201d<\/a><\/li>\n<li><a href=\"https:\/\/pans.krosno.pl\/fundusze-zewnetrzne\/projekty-realizowane\/stypendia-dla-studentow-kierunkow-medycznych\/?fbclid=IwY2xjawGC13pleHRuA2FlbQIxMAABHXeeGstE_cSxIRajWict2bsGnTNX3Sogft-8trPDLx0SJcYyYa7PQfJ3eA_aem_6e9ZY3A0hEqfukOEmp76tw\">&#8222;Obj\u0119cie wsparciem ze \u015brodk\u00f3w Planu rozwojowego, dzia\u0142ania w postaci stypendi\u00f3w dla student\u00f3w kierunku piel\u0119gniarstwo, po\u0142o\u017cnictwo oraz ratownictwo medyczne. Edycja 1, rok akademicki 2022\/2023&#8221;<\/a><\/li>\n<li><a href=\"https:\/\/pans.krosno.pl\/fundusze-zewnetrzne\/rola-roslin-zielarskich-i-barwierskich-w-ekologicznym-systemie-gospodarowania\/\">&#8222;Rola ro\u015blin zielarskich i barwierskich w ekologicznym systemie gospodarowania&#8221;<\/a><\/li>\n<li><a href=\"https:\/\/pans.krosno.pl\/fundusze-zewnetrzne\/projekty-realizowane\/opracowanie-innowacjnych-kol-z-wlokna-weglowego\/\">&#8222;Opracowanie innowacyjnych k\u00f3\u0142 z w\u0142\u00f3kna w\u0119glowego&#8221;<\/a><\/li>\n<li><a href=\"https:\/\/pans.krosno.pl\/fundusze-zewnetrzne\/miejsca-i-nie-miejsca-edukacji\/\">&#8222;Miejsca i nie-miejsca edukacji&#8221;<\/a><\/li>\n<li><a href=\"https:\/\/pans.krosno.pl\/fundusze-zewnetrzne\/miedzynarodowy-tydzien-symulacji-w-opiece-zdrowotnej\/\">&#8222;Mi\u0119dzynarodowy Tydzie\u0144 Symulacji w Opiece Zdrowotnej&#8221;<\/a><\/li>\n<li><a href=\"https:\/\/pans.krosno.pl\/fundusze-zewnetrzne\/modele-patriotyzmu-w-perspektywie-doswiadczen-biograficznych-20-40-i-60-latkow-na-podkarpaciu\/\">&#8222;Modele patriotyzmu w perspektywie do\u015bwiadcze\u0144 biograficznych 20, 40 i 60 latk\u00f3w na Podkarpaciu&#8221;<\/a><\/li>\n<li><a href=\"https:\/\/pans.krosno.pl\/fundusze-zewnetrzne\/projekty-realizowane\/krosno-fundusze-norweskie\/\">\u201eKreujemy+Rozwijamy+O\u017cywiamy+Stymulujemy+Nakre\u015blamy+Odmieniamy=KROSNO&#8221;<\/a><\/li>\n<li><a href=\"https:\/\/pans.krosno.pl\/fundusze-zewnetrzne\/dydaktyczna-inicjatywa-doskonalosci-2023\/\">&#8222;Dydaktyczna inicjatywa doskona\u0142o\u015bci&#8221;<\/a><\/li>\n<li>\u201eUtworzenie i wyposa\u017cenie laboratorium pomiar\u00f3w akustyki pomieszcze\u0144&#8221;<\/li>\n<li><a href=\"https:\/\/pans.krosno.pl\/fundusze-zewnetrzne\/usuwanie-azotu-w-procesie-anammox-opis-empiryczny-i-teoretyczny-praktyczne-zastosowanie\/\">&#8222;Usuwanie azotu w procesie anammox: opis empiryczny i teoretyczny, praktyczne zastosowanie&#8221;<\/a><\/li>\n<li><a href=\"https:\/\/pans.krosno.pl\/fundusze-zewnetrzne\/projekty-realizowane\/uczelnia-bez-barier-w-kierunku-edukacji\/\">&#8222;Uczelnia bez barier &#8211; w kierunku edukacji w\u0142\u0105czaj\u0105cej&#8221;, nr POWR.03.05.00-00-A079\/20<\/a><\/li>\n<li><a href=\"https:\/\/pans.krosno.pl\/fundusze-zewnetrzne\/iii-sympozjum-csm\/\">III Sympozjum Symulacji Medycznej &#8222;Wsp\u00f3\u0142czesne trendy w kszta\u0142ceniu na kierunkach medycznych\u201d<\/a><\/li>\n<li><a href=\"https:\/\/pans.krosno.pl\/fundusze-zewnetrzne\/projekty-realizowane\/opracowanie-innowacyjnej-technologii-wypieku-biszkoptow-wolnych-od-glutenu-laktozy-sacharozy-gmo-o-podwyzszonych-wlasciwosciach-prozdrowotnych\/\">\u201eOpracowanie innowacyjnej technologii wypieku biszkopt\u00f3w wolnych od glutenu, laktozy, sacharozy, GMO o podwy\u017cszonych w\u0142a\u015bciwo\u015bciach prozdrowotnych\u201d<\/a><\/li>\n<li><a href=\"https:\/\/pans.krosno.pl\/fundusze-zewnetrzne\/projekty-realizowane\/studenckie_kola_naukowe_tworza_innowacje\/\">\u201eBadania struktur warstwowych kompozyt\u00f3w polimerowych\u201d, nr SKN\/SP\/496589\/2021<\/a><\/li>\n<li><a href=\"https:\/\/pans.krosno.pl\/fundusze-zewnetrzne\/projekty-realizowane\/program-rozwoju-kierunku-pielegniarstwo\/program-rozwoju-kierunku-pielegniarstwo-o-projekcie\/\">\u201eProgram rozwoju kierunku piel\u0119gniarstwo w PWSZ w Kro\u015bnie\u201d nr POWR.05.03.00-00-0015\/15<\/a><\/li>\n<li><a href=\"https:\/\/pans.krosno.pl\/fundusze-zewnetrzne\/tworcze-dzieci\/\">&#8222;Tw\u00f3rcze dzieci \u2013 w poszukiwaniu indywidualno\u015bci.&#8221;, nr POWR.03.01.00-00-U043\/17<\/a><\/li>\n<li><a href=\"https:\/\/pans.krosno.pl\/fundusze-zewnetrzne\/innowacyjne-ksztalcenie-na-kierunku-pielegniarstwo-2\/\">\u201eInnowacyjne kszta\u0142cenie na kierunku Piel\u0119gniarstwo \u2013 utworzenie Centrum Symulacji Medycznej w PWSZ w Kro\u015bnie&#8221;, nr POWR.05.03.00-00-0076\/17<\/a><\/li>\n<li><a href=\"https:\/\/pans.krosno.pl\/fundusze-zewnetrzne\/akademia-mlodego-odkrywcy-w-pwsz-w-krosnie\/\">\u201eStawiam na nauk\u0119. Akademia m\u0142odego odkrywcy w PWSZ w Kro\u015bnie.\u201d, nr POWR.03.01.00-00-U053\/17<\/a><\/li>\n<li><a href=\"https:\/\/pans.krosno.pl\/fundusze-zewnetrzne\/rozbudowa-i-wyposazenie-infrastruktury-laboratoryjnej\/\">\u201eRozbudowa i wyposa\u017cenie infrastruktury laboratoryjnej PWSZ w Kro\u015bnie\u201d, nr RPPK.06.04.02-18-0003\/17-00<\/a><\/li>\n<li><a href=\"https:\/\/pans.krosno.pl\/fundusze-zewnetrzne\/biuro-karier\/\">\u201eZaplanuj swoj\u0105 przysz\u0142o\u015b\u0107 z Akademickim Biurem Karier w PWSZ w Kro\u015bnie\u201d nr POWR.03.01.00-00-B039\/17<\/a><\/li>\n<li><a href=\"https:\/\/pans.krosno.pl\/fundusze-zewnetrzne\/akademia-kreatywnego-ucznia\/\">\u201eAkademia kreatywnego ucznia w PWSZ w Kro\u015bnie\u201d nr POWR.03.01.00-00-C105\/16<\/a><\/li>\n<li><a href=\"https:\/\/pans.krosno.pl\/fundusze-zewnetrzne\/program-praktyk-zawodowych\/\">\u201eProgram praktyk zawodowych w Pa\u0144stwowych Wy\u017cszych Szko\u0142ach Zawodowych\u201d nr POWR.03.01.00-00-P002\/15<\/a><\/li>\n<li><a href=\"https:\/\/pans.krosno.pl\/fundusze-zewnetrzne\/ksztaltowanie-postaw-prozdrowotnych-wsrod-mlodziezy-na-obszarze-polsko-ukrainskiego-pogranicza\/\">&#8222;Kszta\u0142towanie postaw prozdrowotnych w\u015br\u00f3d m\u0142odzie\u017cy na obszarze polsko-ukrai\u0144skiego pogranicza&#8221;<\/a><\/li>\n<li><a href=\"https:\/\/pans.krosno.pl\/fundusze-zewnetrzne\/promocja-manufaktury-szklanej-jako-dziedzictwa-regionu-podkarpackiego\/\">&#8222;Promocja manufaktury szklanej jako dziedzictwa regionu podkarpackiego&#8221;<\/a><\/li>\n<li><a href=\"https:\/\/pans.krosno.pl\/fundusze-zewnetrzne\/diagnostyka-w-sporcie-kluczem-do-sukcesow-polskich-i-slowackich-klubow-akademickich\/\">&#8222;Diagnostyka w sporcie kluczem do sukces\u00f3w polskich i s\u0142owackich klub\u00f3w akademickich&#8221;<\/a><\/li>\n<li><a href=\"https:\/\/pans.krosno.pl\/fundusze-zewnetrzne\/geo-karpaty-utworzenie-polsko-ukrainskiego-szlaku-turystycznego\/\">&#8222;Geo-Karpaty \u2013 utworzenie polsko-ukrai\u0144skiego szlaku turystycznego&#8221;<\/a><\/li>\n<li><a href=\"https:\/\/pans.krosno.pl\/fundusze-zewnetrzne\/studia-inzynierskie-na-kierunkach-zamawianych-w-panstwowej-wyzszej-szkole-zawodowej-w-krosnie\/\">&#8222;Studia in\u017cynierskie na kierunkach zamawianych w Pa\u0144stwowej Wy\u017cszej Szkole Zawodowej w Kro\u015bnie&#8221;<\/a><\/li>\n<li><a href=\"https:\/\/pans.krosno.pl\/fundusze-zewnetrzne\/rozwoj-bazy-laboratoryjnej-dla-kierunkow-inzynierskich-w-ramach-kampusu-technicznego-pwsz-w-krosnie\/\">&#8222;Rozw\u00f3j bazy laboratoryjnej dla kierunk\u00f3w in\u017cynierskich w ramach Kampusu Technicznego PWSZ w Kro\u015bnie&#8221;<\/a><\/li>\n<li><a href=\"https:\/\/pans.krosno.pl\/fundusze-zewnetrzne\/silna-kadra-inzynierska-wsparcie-studentow-kierunkow-zamawianych-panstwowej-wyzszej-szkoly-zawodowej-w-krosnie\/\">&#8222;Silna kadra in\u017cynierska &#8211; wsparcie student\u00f3w kierunk\u00f3w zamawianych Pa\u0144stwowej Wy\u017cszej Szko\u0142y Zawodowej w Kro\u015bnie&#8221;<\/a><\/li>\n<li><a href=\"https:\/\/pans.krosno.pl\/fundusze-zewnetrzne\/kurs-na-gospodarke-program-rozwoju-panstwowej-wyzszej-szkoly-zawodowej-w-krosnie\/\">&#8222;Kurs na Gospodark\u0119! &#8211; program rozwoju Pa\u0144stwowej Wy\u017cszej Szko\u0142y Zawodowej w Kro\u015bnie&#8221;<\/a><\/li>\n<li><a href=\"https:\/\/pans.krosno.pl\/fundusze-zewnetrzne\/ksztalcenie-zawodowe-pielegniarek-i-poloznych-w-ramach-studiow-pomostowych\/\">&#8222;Kszta\u0142cenie zawodowe piel\u0119gniarek i po\u0142o\u017cnych w ramach studi\u00f3w pomostowych&#8221;<\/a><\/li>\n<li><a href=\"https:\/\/pans.krosno.pl\/fundusze-zewnetrzne\/wielkie-granie-polsko-slowacka-wymiana-doswiadczen-w-dziedzinie-sportu-akademickiego-oraz-promocji-aktywnosci-fizycznej\/\">&#8222;Wielkie Granie Polsko \u2013 S\u0142owacka wymiana do\u015bwiadcze\u0144 w dziedzinie sportu akademickiego oraz promocji aktywno\u015bci fizycznej&#8221;<\/a><\/li>\n<li><a href=\"https:\/\/pans.krosno.pl\/fundusze-zewnetrzne\/przebudowa-i-wyposazenie-obiektow-pwsz-w-krosnie-w-ramach-rpo-wp-na-lata-2007-2013\/\">&#8222;Przebudowa i wyposa\u017cenie obiekt\u00f3w PWSZ w Kro\u015bnie w ramach RPO WP na lata 2007-2013&#8221;<\/a><\/li>\n<li><a href=\"https:\/\/pans.krosno.pl\/fundusze-zewnetrzne\/aktywnosc-na-cale-zycie-polsko-slowacka-platforma-kultury-fizycznej-i-promocji-zdrowia-studentow\/\">&#8222;Aktywno\u015b\u0107 na ca\u0142e \u017cycie&#8221; Polsko-S\u0142owacka platforma kultury fizycznej i promocji zdrowia student\u00f3w&#8221;<\/a><\/li>\n<li><a href=\"https:\/\/pans.krosno.pl\/fundusze-zewnetrzne\/rozbudowa-przebudowa-i-wyposazenie-obiektow-panstwowej-wyzszej-szkoly-zawodowej-w-krosnie\/\">&#8222;Rozbudowa, przebudowa i wyposa\u017cenie obiekt\u00f3w Pa\u0144stwowej Wy\u017cszej Szko\u0142y Zawodowej w Kro\u015bnie&#8221;<\/a><\/li>\n<li><a href=\"https:\/\/pans.krosno.pl\/fundusze-zewnetrzne\/podnosze-swoje-kwalifikacje-i-wplywam-na-wzrost-poziomu-turystyki-na-podkarpaciu-organizacja-szkolen-zawodowych\/\">&#8222;Podnosz\u0119 swoje kwalifikacje i wp\u0142ywam na wzrost poziomu turystyki na Podkarpaciu \u2013 organizacja szkole\u0144 zawodowych&#8221;<\/a><\/li>\n<li><a href=\"https:\/\/pans.krosno.pl\/fundusze-zewnetrzne\/rzetelnie-i-profesjonalnie-obsluguje-nowoczesne-maszyny-organizacja-szkolen-z-zakresu-programowania-i-obslugi-obrabiarek\/\">&#8222;Rzetelnie i profesjonalnie obs\u0142uguj\u0119 nowoczesne maszyny-organizacja szkole\u0144 z zakresu programowania i obs\u0142ugi obrabiarek&#8221;<\/a><\/li>\n<li><a href=\"https:\/\/pans.krosno.pl\/fundusze-zewnetrzne\/wspolpraca-sfery-nauki-i-instytucji-rynkowych-w-zakresie-rozwoju-obszarow-wiejskich-oraz-lokalnego-przem-staze-dla-pracownikow\/\">&#8222;Wsp\u00f3\u0142praca sfery nauki i instytucji rynkowych w zakresie rozwoju obszar\u00f3w wiejskich oraz lokalnego przem.\u2013 sta\u017ce dla pracownik\u00f3w&#8221;<\/a><\/li>\n<li><a href=\"https:\/\/pans.krosno.pl\/fundusze-zewnetrzne\/dobry-czas-na-rozwoj-szkolenia-dla-osob-po-45-roku-zycia-z-zakresu-programowania-i-obslugi-obrabiarek-sterowanych-numerycznie\/\">&#8222;Dobry czas na rozw\u00f3j \u2013 szkolenia dla os\u00f3b po 45 roku \u017cycia z zakresu programowania i obs\u0142ugi obrabiarek sterowanych numerycznie&#8221;<\/a><\/li>\n<\/ul>\n\n\n<p><\/p>\n","protected":false},"excerpt":{"rendered":"<p>Przebudowa cz\u0119\u015bci zabytkowego budynku wraz z monta\u017cem d\u017awigu osobowego &#8222;Po co Tobie Ojczyzna? \u2013 o modelach patriotyzmu i biograficznych do\u015bwiadczeniach senior\u00f3w&#8221; \u201eRozw\u00f3j infrastruktury dydaktycznej w PANS w Kro\u015bnie\u201d &#8222;Obj\u0119cie wsparciem ze \u015brodk\u00f3w Planu rozwojowego, dzia\u0142ania w postaci stypendi\u00f3w dla student\u00f3w kierunku piel\u0119gniarstwo, po\u0142o\u017cnictwo oraz ratownictwo medyczne. Edycja 1, rok akademicki [\u2026] <\/p>\n<div class=\"clear\"><\/div>\n<p><a class=\"more_link clearfix\" href=\"https:\/\/pans.krosno.pl\/fundusze-zewnetrzne\/projekty-zrealizowane\/\" rel=\"nofollow\">Read More<\/a><\/p>\n","protected":false},"author":1,"featured_media":0,"parent":0,"menu_order":0,"comment_status":"closed","ping_status":"closed","template":"page-templates\/template-full-width.php","meta":{"ngg_post_thumbnail":0,"footnotes":""},"class_list":["post-13","page","type-page","status-publish","hentry"],"yoast_head":"<!-- This site is optimized with the Yoast SEO Premium plugin v27.3 (Yoast SEO v27.3) - https:\/\/yoast.com\/product\/yoast-seo-premium-wordpress\/ -->\n<title>Projekty zrealizowane - Fundusze zewn\u0119trzne PANS w Kro\u015bnie<\/title>\n<meta name=\"robots\" content=\"index, follow, max-snippet:-1, max-image-preview:large, max-video-preview:-1\" \/>\n<link rel=\"canonical\" href=\"https:\/\/pans.krosno.pl\/fundusze-zewnetrzne\/projekty-zrealizowane\/\" \/>\n<meta property=\"og:locale\" content=\"pl_PL\" \/>\n<meta property=\"og:type\" content=\"article\" \/>\n<meta property=\"og:title\" content=\"Projekty zrealizowane\" \/>\n<meta property=\"og:description\" content=\"Przebudowa cz\u0119\u015bci zabytkowego budynku wraz z monta\u017cem d\u017awigu osobowego &#8222;Po co Tobie Ojczyzna? \u2013 o modelach patriotyzmu i biograficznych do\u015bwiadczeniach senior\u00f3w&#8221; \u201eRozw\u00f3j infrastruktury dydaktycznej w PANS w Kro\u015bnie\u201d &#8222;Obj\u0119cie wsparciem ze \u015brodk\u00f3w Planu rozwojowego, dzia\u0142ania w postaci stypendi\u00f3w dla student\u00f3w kierunku piel\u0119gniarstwo, po\u0142o\u017cnictwo oraz ratownictwo medyczne. Edycja 1, rok akademicki [\u2026] Read More\" \/>\n<meta property=\"og:url\" content=\"https:\/\/pans.krosno.pl\/fundusze-zewnetrzne\/projekty-zrealizowane\/\" \/>\n<meta property=\"og:site_name\" content=\"Fundusze zewn\u0119trzne PANS w Kro\u015bnie\" \/>\n<meta property=\"article:modified_time\" content=\"2026-04-09T08:28:49+00:00\" \/>\n<meta name=\"twitter:card\" content=\"summary_large_image\" \/>\n<meta name=\"twitter:label1\" content=\"Szacowany czas czytania\" \/>\n\t<meta name=\"twitter:data1\" content=\"3 minuty\" \/>\n<script type=\"application\/ld+json\" class=\"yoast-schema-graph\">{\"@context\":\"https:\\\/\\\/schema.org\",\"@graph\":[{\"@type\":\"WebPage\",\"@id\":\"https:\\\/\\\/pans.krosno.pl\\\/fundusze-zewnetrzne\\\/projekty-zrealizowane\\\/\",\"url\":\"https:\\\/\\\/pans.krosno.pl\\\/fundusze-zewnetrzne\\\/projekty-zrealizowane\\\/\",\"name\":\"Projekty zrealizowane - Fundusze zewn\u0119trzne PANS w Kro\u015bnie\",\"isPartOf\":{\"@id\":\"https:\\\/\\\/pans.krosno.pl\\\/fundusze-zewnetrzne\\\/#website\"},\"datePublished\":\"2019-10-31T09:05:01+00:00\",\"dateModified\":\"2026-04-09T08:28:49+00:00\",\"breadcrumb\":{\"@id\":\"https:\\\/\\\/pans.krosno.pl\\\/fundusze-zewnetrzne\\\/projekty-zrealizowane\\\/#breadcrumb\"},\"inLanguage\":\"pl-PL\",\"potentialAction\":[{\"@type\":\"ReadAction\",\"target\":[\"https:\\\/\\\/pans.krosno.pl\\\/fundusze-zewnetrzne\\\/projekty-zrealizowane\\\/\"]}]},{\"@type\":\"BreadcrumbList\",\"@id\":\"https:\\\/\\\/pans.krosno.pl\\\/fundusze-zewnetrzne\\\/projekty-zrealizowane\\\/#breadcrumb\",\"itemListElement\":[{\"@type\":\"ListItem\",\"position\":1,\"name\":\"Strona g\u0142\u00f3wna\",\"item\":\"https:\\\/\\\/pans.krosno.pl\\\/fundusze-zewnetrzne\\\/\"},{\"@type\":\"ListItem\",\"position\":2,\"name\":\"Projekty zrealizowane\"}]},{\"@type\":\"WebSite\",\"@id\":\"https:\\\/\\\/pans.krosno.pl\\\/fundusze-zewnetrzne\\\/#website\",\"url\":\"https:\\\/\\\/pans.krosno.pl\\\/fundusze-zewnetrzne\\\/\",\"name\":\"Fundusze zewn\u0119trzne PANS w Kro\u015bnie\",\"description\":\"Fundusze zewn\u0119trzne  - Pa\u0144stwowa Akademia Nauk Stosowanych\",\"publisher\":{\"@id\":\"https:\\\/\\\/pans.krosno.pl\\\/fundusze-zewnetrzne\\\/#organization\"},\"potentialAction\":[{\"@type\":\"SearchAction\",\"target\":{\"@type\":\"EntryPoint\",\"urlTemplate\":\"https:\\\/\\\/pans.krosno.pl\\\/fundusze-zewnetrzne\\\/?s={search_term_string}\"},\"query-input\":{\"@type\":\"PropertyValueSpecification\",\"valueRequired\":true,\"valueName\":\"search_term_string\"}}],\"inLanguage\":\"pl-PL\"},{\"@type\":\"Organization\",\"@id\":\"https:\\\/\\\/pans.krosno.pl\\\/fundusze-zewnetrzne\\\/#organization\",\"name\":\"Fundusze zewn\u0119trzne PANS w Kro\u015bnie\",\"url\":\"https:\\\/\\\/pans.krosno.pl\\\/fundusze-zewnetrzne\\\/\",\"logo\":{\"@type\":\"ImageObject\",\"inLanguage\":\"pl-PL\",\"@id\":\"https:\\\/\\\/pans.krosno.pl\\\/fundusze-zewnetrzne\\\/#\\\/schema\\\/logo\\\/image\\\/\",\"url\":\"https:\\\/\\\/pans.krosno.pl\\\/fundusze-zewnetrzne\\\/wp-content\\\/uploads\\\/sites\\\/14\\\/2023\\\/01\\\/Logo-PANS-2022-pelne.png\",\"contentUrl\":\"https:\\\/\\\/pans.krosno.pl\\\/fundusze-zewnetrzne\\\/wp-content\\\/uploads\\\/sites\\\/14\\\/2023\\\/01\\\/Logo-PANS-2022-pelne.png\",\"width\":3096,\"height\":696,\"caption\":\"Fundusze zewn\u0119trzne PANS w Kro\u015bnie\"},\"image\":{\"@id\":\"https:\\\/\\\/pans.krosno.pl\\\/fundusze-zewnetrzne\\\/#\\\/schema\\\/logo\\\/image\\\/\"}}]}<\/script>\n<!-- \/ Yoast SEO Premium plugin. -->","yoast_head_json":{"title":"Projekty zrealizowane - Fundusze zewn\u0119trzne PANS w Kro\u015bnie","robots":{"index":"index","follow":"follow","max-snippet":"max-snippet:-1","max-image-preview":"max-image-preview:large","max-video-preview":"max-video-preview:-1"},"canonical":"https:\/\/pans.krosno.pl\/fundusze-zewnetrzne\/projekty-zrealizowane\/","og_locale":"pl_PL","og_type":"article","og_title":"Projekty zrealizowane","og_description":"Przebudowa cz\u0119\u015bci zabytkowego budynku wraz z monta\u017cem d\u017awigu osobowego &#8222;Po co Tobie Ojczyzna? \u2013 o modelach patriotyzmu i biograficznych do\u015bwiadczeniach senior\u00f3w&#8221; \u201eRozw\u00f3j infrastruktury dydaktycznej w PANS w Kro\u015bnie\u201d &#8222;Obj\u0119cie wsparciem ze \u015brodk\u00f3w Planu rozwojowego, dzia\u0142ania w postaci stypendi\u00f3w dla student\u00f3w kierunku piel\u0119gniarstwo, po\u0142o\u017cnictwo oraz ratownictwo medyczne. Edycja 1, rok akademicki [\u2026] Read More","og_url":"https:\/\/pans.krosno.pl\/fundusze-zewnetrzne\/projekty-zrealizowane\/","og_site_name":"Fundusze zewn\u0119trzne PANS w Kro\u015bnie","article_modified_time":"2026-04-09T08:28:49+00:00","twitter_card":"summary_large_image","twitter_misc":{"Szacowany czas czytania":"3 minuty"},"schema":{"@context":"https:\/\/schema.org","@graph":[{"@type":"WebPage","@id":"https:\/\/pans.krosno.pl\/fundusze-zewnetrzne\/projekty-zrealizowane\/","url":"https:\/\/pans.krosno.pl\/fundusze-zewnetrzne\/projekty-zrealizowane\/","name":"Projekty zrealizowane - Fundusze zewn\u0119trzne PANS w Kro\u015bnie","isPartOf":{"@id":"https:\/\/pans.krosno.pl\/fundusze-zewnetrzne\/#website"},"datePublished":"2019-10-31T09:05:01+00:00","dateModified":"2026-04-09T08:28:49+00:00","breadcrumb":{"@id":"https:\/\/pans.krosno.pl\/fundusze-zewnetrzne\/projekty-zrealizowane\/#breadcrumb"},"inLanguage":"pl-PL","potentialAction":[{"@type":"ReadAction","target":["https:\/\/pans.krosno.pl\/fundusze-zewnetrzne\/projekty-zrealizowane\/"]}]},{"@type":"BreadcrumbList","@id":"https:\/\/pans.krosno.pl\/fundusze-zewnetrzne\/projekty-zrealizowane\/#breadcrumb","itemListElement":[{"@type":"ListItem","position":1,"name":"Strona g\u0142\u00f3wna","item":"https:\/\/pans.krosno.pl\/fundusze-zewnetrzne\/"},{"@type":"ListItem","position":2,"name":"Projekty zrealizowane"}]},{"@type":"WebSite","@id":"https:\/\/pans.krosno.pl\/fundusze-zewnetrzne\/#website","url":"https:\/\/pans.krosno.pl\/fundusze-zewnetrzne\/","name":"Fundusze zewn\u0119trzne PANS w Kro\u015bnie","description":"Fundusze zewn\u0119trzne  - Pa\u0144stwowa Akademia Nauk Stosowanych","publisher":{"@id":"https:\/\/pans.krosno.pl\/fundusze-zewnetrzne\/#organization"},"potentialAction":[{"@type":"SearchAction","target":{"@type":"EntryPoint","urlTemplate":"https:\/\/pans.krosno.pl\/fundusze-zewnetrzne\/?s={search_term_string}"},"query-input":{"@type":"PropertyValueSpecification","valueRequired":true,"valueName":"search_term_string"}}],"inLanguage":"pl-PL"},{"@type":"Organization","@id":"https:\/\/pans.krosno.pl\/fundusze-zewnetrzne\/#organization","name":"Fundusze zewn\u0119trzne PANS w Kro\u015bnie","url":"https:\/\/pans.krosno.pl\/fundusze-zewnetrzne\/","logo":{"@type":"ImageObject","inLanguage":"pl-PL","@id":"https:\/\/pans.krosno.pl\/fundusze-zewnetrzne\/#\/schema\/logo\/image\/","url":"https:\/\/pans.krosno.pl\/fundusze-zewnetrzne\/wp-content\/uploads\/sites\/14\/2023\/01\/Logo-PANS-2022-pelne.png","contentUrl":"https:\/\/pans.krosno.pl\/fundusze-zewnetrzne\/wp-content\/uploads\/sites\/14\/2023\/01\/Logo-PANS-2022-pelne.png","width":3096,"height":696,"caption":"Fundusze zewn\u0119trzne PANS w Kro\u015bnie"},"image":{"@id":"https:\/\/pans.krosno.pl\/fundusze-zewnetrzne\/#\/schema\/logo\/image\/"}}]}},"_links":{"self":[{"href":"https:\/\/pans.krosno.pl\/fundusze-zewnetrzne\/wp-json\/wp\/v2\/pages\/13","targetHints":{"allow":["GET"]}}],"collection":[{"href":"https:\/\/pans.krosno.pl\/fundusze-zewnetrzne\/wp-json\/wp\/v2\/pages"}],"about":[{"href":"https:\/\/pans.krosno.pl\/fundusze-zewnetrzne\/wp-json\/wp\/v2\/types\/page"}],"author":[{"embeddable":true,"href":"https:\/\/pans.krosno.pl\/fundusze-zewnetrzne\/wp-json\/wp\/v2\/users\/1"}],"replies":[{"embeddable":true,"href":"https:\/\/pans.krosno.pl\/fundusze-zewnetrzne\/wp-json\/wp\/v2\/comments?post=13"}],"version-history":[{"count":52,"href":"https:\/\/pans.krosno.pl\/fundusze-zewnetrzne\/wp-json\/wp\/v2\/pages\/13\/revisions"}],"predecessor-version":[{"id":4423,"href":"https:\/\/pans.krosno.pl\/fundusze-zewnetrzne\/wp-json\/wp\/v2\/pages\/13\/revisions\/4423"}],"wp:attachment":[{"href":"https:\/\/pans.krosno.pl\/fundusze-zewnetrzne\/wp-json\/wp\/v2\/media?parent=13"}],"curies":[{"name":"wp","href":"https:\/\/api.w.org\/{rel}","templated":true}]}}