{"id":1216,"date":"2020-05-25T14:54:01","date_gmt":"2020-05-25T12:54:01","guid":{"rendered":"https:\/\/pans.krosno.pl\/fundusze-europejskie-kursy\/?page_id=1216"},"modified":"2021-08-23T11:31:52","modified_gmt":"2021-08-23T09:31:52","slug":"tworcze-dzieci-w-poszukiwaniu-indywidualnosci-aktualnosci","status":"publish","type":"page","link":"https:\/\/pans.krosno.pl\/fundusze-zewnetrzne\/projekty-zrealizowane\/tworcze-dzieci\/tworcze-dzieci-w-poszukiwaniu-indywidualnosci-aktualnosci\/","title":{"rendered":"Tw\u00f3rcze dzieci \u2013 w poszukiwaniu indywidualno\u015bci &#8211; Aktualno\u015bci"},"content":{"rendered":"<hr>\n<p><img loading=\"lazy\" decoding=\"async\" class=\"size-full wp-image-1151 aligncenter\" src=\"https:\/\/pans.krosno.pl\/fundusze-europejskie-kursy\/wp-content\/uploads\/sites\/14\/2020\/05\/LOGO-KOLOR-19.jpg\" alt=\"\" width=\"1988\" height=\"255\" srcset=\"https:\/\/pans.krosno.pl\/fundusze-zewnetrzne\/wp-content\/uploads\/sites\/14\/2020\/05\/LOGO-KOLOR-19.jpg 1988w, https:\/\/pans.krosno.pl\/fundusze-zewnetrzne\/wp-content\/uploads\/sites\/14\/2020\/05\/LOGO-KOLOR-19-300x38.jpg 300w, https:\/\/pans.krosno.pl\/fundusze-zewnetrzne\/wp-content\/uploads\/sites\/14\/2020\/05\/LOGO-KOLOR-19-1024x131.jpg 1024w, https:\/\/pans.krosno.pl\/fundusze-zewnetrzne\/wp-content\/uploads\/sites\/14\/2020\/05\/LOGO-KOLOR-19-768x99.jpg 768w, https:\/\/pans.krosno.pl\/fundusze-zewnetrzne\/wp-content\/uploads\/sites\/14\/2020\/05\/LOGO-KOLOR-19-1536x197.jpg 1536w, https:\/\/pans.krosno.pl\/fundusze-zewnetrzne\/wp-content\/uploads\/sites\/14\/2020\/05\/LOGO-KOLOR-19-800x103.jpg 800w, https:\/\/pans.krosno.pl\/fundusze-zewnetrzne\/wp-content\/uploads\/sites\/14\/2020\/05\/LOGO-KOLOR-19-580x74.jpg 580w\" sizes=\"auto, (max-width: 1988px) 100vw, 1988px\" \/><\/p>\n\n\n<div class=\"wp-block-group\"><div class=\"wp-block-group__inner-container is-layout-flow wp-block-group-is-layout-flow\">\n<div class=\"wp-block-group is-layout-flow wp-block-group-is-layout-flow\"><div class=\"wp-block-group__inner-container\"><\/div><\/div>\n<\/div><\/div>\n\n\n<ul class=\"wp-block-latest-posts__list has-dates wp-block-latest-posts\"><li><a class=\"wp-block-latest-posts__post-title\" href=\"https:\/\/pans.krosno.pl\/fundusze-zewnetrzne\/wznowienie-realizacji-zajec-w-projekcie-tworcze-dzieci-w-poszukiwaniu-indywidualnosci\/\">Wznowienie realizacji zaj\u0119\u0107 w projekcie &#8222;Tw\u00f3rcze dzieci &#8211; w poszukiwaniu indywidualno\u015bci&#8221;<\/a><time datetime=\"2021-04-26T09:55:00+02:00\" class=\"wp-block-latest-posts__post-date\">26 kwietnia 2021<\/time><div class=\"wp-block-latest-posts__post-excerpt\">W zwi\u0105zku z powrotem do stacjonarnej formy nauczania pocz\u0105tkowo w przedszkolach od dnia 19.04.2021 r., a nast\u0119pnie w szko\u0142ach w klasach 1-3 do formy nauczania hybrydowego od dnia 26.04.2021 r. rozpocz\u0119li\u015bmy powr\u00f3t do realizacji projektu. Z uwagi na dynamiczn\u0105 sytuacj\u0119 harmonogram wsparcia opublikowany na stronie projektu mo\u017ce ulega\u0107 modyfikacjom. Zapraszamy do \u015bledzenia aktualizacji.<\/div><\/li>\n<li><a class=\"wp-block-latest-posts__post-title\" href=\"https:\/\/pans.krosno.pl\/fundusze-zewnetrzne\/zawieszenie-realizacji-wszystkich-zajec-w-projekcie-od-dnia-27-03-2021\/\">Zawieszenie realizacji wszystkich zaj\u0119\u0107 w projekcie od dnia 27 marca 2021 r.<\/a><time datetime=\"2021-04-01T12:19:45+02:00\" class=\"wp-block-latest-posts__post-date\">1 kwietnia 2021<\/time><div class=\"wp-block-latest-posts__post-excerpt\">W zwi\u0105zku z wprowadzeniem na terenie ca\u0142ej Polski na okres od 27 marca do 9 kwietnia 2021 r. obostrze\u0144 obejmuj\u0105cych mi\u0119dzy innymi przej\u015bcie r\u00f3wnie\u017c przedszkoli w tryb edukacji zdalnej jeste\u015bmy zmuszeni zawiesi\u0107 realizacj\u0119 wszystkich zaj\u0119\u0107 w projekcie \u201eTw\u00f3rcze dzieci \u2013 w poszukiwaniu indywidualno\u015bci\u201d na ten okres.<\/div><\/li>\n<li><a class=\"wp-block-latest-posts__post-title\" href=\"https:\/\/pans.krosno.pl\/fundusze-zewnetrzne\/czesciowe-zawieszenie-realizacji-zajec-w-projekcie\/\">Cz\u0119\u015bciowe zawieszenie realizacji zaj\u0119\u0107 w projekcie od dnia 20 marca 2021 r.<\/a><time datetime=\"2021-03-18T14:11:27+01:00\" class=\"wp-block-latest-posts__post-date\">18 marca 2021<\/time><div class=\"wp-block-latest-posts__post-excerpt\">Ze wzgl\u0119du na panuj\u0105cy stan epidemii w zwi\u0105zku z zaka\u017ceniami wirusem SARS-CoV-2 i wprowadzeniem na terenie ca\u0142ej Polski na okres od 20 marca do 9 kwietnia 2021 r. obostrze\u0144 obejmuj\u0105cych mi\u0119dzy innymi przej\u015bcie klas 1-3 szk\u00f3\u0142 podstawowych w tryb edukacji zdalnej jeste\u015bmy zmuszeni cz\u0119\u015bciowo zawiesi\u0107 realizacj\u0119 zaj\u0119\u0107 w projekcie \u201eTw\u00f3rcze dzieci \u2013 w poszukiwaniu indywidualno\u015bci\u201d [\u2026] <div class=\"clear\"><\/div><a class=\"more_link clearfix\" href=\"https:\/\/pans.krosno.pl\/fundusze-zewnetrzne\/czesciowe-zawieszenie-realizacji-zajec-w-projekcie\/\" rel=\"nofollow\">Read More<\/a><\/div><\/li>\n<li><a class=\"wp-block-latest-posts__post-title\" href=\"https:\/\/pans.krosno.pl\/fundusze-zewnetrzne\/kontynuacja-realizacji-zajec-w-projekcie\/\">Wznowienie realizacji zaj\u0119\u0107 w projekcie &#8222;Tw\u00f3rcze dzieci&#8221;<\/a><time datetime=\"2021-01-27T09:00:14+01:00\" class=\"wp-block-latest-posts__post-date\">27 stycznia 2021<\/time><div class=\"wp-block-latest-posts__post-excerpt\">W zwi\u0105zku z powrotem do stacjonarnej formy nauczania w szko\u0142ach w klasach 1-3 rozpoczynamy powr\u00f3t do realizacji projektu. Ze wzgl\u0119du na panuj\u0105c\u0105 sytuacj\u0119 w zwi\u0105zku z zaka\u017ceniami wirusem SARS-CoV-2 i konieczno\u015b\u0107 zapewnienia odpowiednich warunk\u00f3w i bezpiecze\u0144stwa, zaj\u0119cia dla uczestnik\u00f3w\/-czek projektu &#8211; uczni\u00f3w klas 0, 1, 2 zaj\u0119cia b\u0119d\u0105 realizowane w poszczeg\u00f3lnych szko\u0142ach, do kt\u00f3rych ucz\u0119szczaj\u0105 [\u2026] <div class=\"clear\"><\/div><a class=\"more_link clearfix\" href=\"https:\/\/pans.krosno.pl\/fundusze-zewnetrzne\/kontynuacja-realizacji-zajec-w-projekcie\/\" rel=\"nofollow\">Read More<\/a><\/div><\/li>\n<li><a class=\"wp-block-latest-posts__post-title\" href=\"https:\/\/pans.krosno.pl\/fundusze-zewnetrzne\/informacja-o-zawieszeniu-realizacji-zajec-w-projekcie-od-dnia-27-10-2020\/\">Informacja o zawieszeniu realizacji zaj\u0119\u0107 w projekcie od dnia 27 pa\u017adziernika 2020 r.<\/a><time datetime=\"2020-10-27T12:26:00+01:00\" class=\"wp-block-latest-posts__post-date\">27 pa\u017adziernika 2020<\/time><div class=\"wp-block-latest-posts__post-excerpt\">Ze wzgl\u0119du na panuj\u0105cy stan epidemii w zwi\u0105zku z zaka\u017ceniami wirusem SARS-CoV-2 i wprowadzeniem na terenie ca\u0142ej Polski strefy czerwonej jeste\u015bmy zmuszeni zawiesi\u0107 realizacj\u0119 zaj\u0119\u0107 w projekcie \u201eTw\u00f3rcze dzieci \u2013 w poszukiwaniu indywidualno\u015bci\u201d do odwo\u0142ania.<\/div><\/li>\n<li><a class=\"wp-block-latest-posts__post-title\" href=\"https:\/\/pans.krosno.pl\/fundusze-zewnetrzne\/informacja-o-zawieszeniu-realizacji-zajec-w-projekcie\/\">Informacja o zawieszeniu realizacji zaj\u0119\u0107 w projekcie<\/a><time datetime=\"2020-03-11T13:18:00+01:00\" class=\"wp-block-latest-posts__post-date\">11 marca 2020<\/time><div class=\"wp-block-latest-posts__post-excerpt\">W zwi\u0105zku z sytuacj\u0105 panuj\u0105c\u0105 w kraju zwi\u0105zan\u0105 z zagro\u017ceniem SARS-CoV-2 i zwi\u0105zan\u0105 z tym decyzj\u0105 rz\u0105du o zamkni\u0119ciu na dwa tygodnie wszystkich plac\u00f3wek o\u015bwiatowych &#8211; \u017c\u0142obk\u00f3w, przedszkoli i szk\u00f3\u0142 (do dnia 25 marca 2020 r.) jeste\u015bmy zmuszeni zawiesi\u0107 realizacj\u0119 zaj\u0119\u0107 w projekcie &#8222;Tw\u00f3rcze dzieci &#8211; w poszukiwaniu indywidualno\u015bci&#8221; do odwo\u0142ania.<\/div><\/li>\n<li><a class=\"wp-block-latest-posts__post-title\" href=\"https:\/\/pans.krosno.pl\/fundusze-zewnetrzne\/rekrutacja-rodzicow-na-zajecia-tworczy-rodzic-cwiczenia-z-myslenia-realizowane-w-ramach-trzeciej-edycji-projektu\/\">Rekrutacja rodzic\u00f3w na zaj\u0119cia &#8222;Tw\u00f3rczy rodzic &#8211; \u0107wiczenia z my\u015blenia&#8221; realizowane w ramach trzeciej edycji projektu<\/a><time datetime=\"2019-09-18T13:19:00+02:00\" class=\"wp-block-latest-posts__post-date\">18 wrze\u015bnia 2019<\/time><div class=\"wp-block-latest-posts__post-excerpt\">W dniach 2 &#8211; 27 wrze\u015bnia 2019 r. prowadzona b\u0119dzie rekrutacja na zaj\u0119cia dla rodzic\u00f3w s\u0142u\u017c\u0105ce rozwojowi kompetencji wychowawczych i spo\u0142ecznych realizowane w ramach projektu \u201eTw\u00f3rcze dzieci \u2013 w poszukiwaniu indywidualno\u015bci.\u201d wsp\u00f3\u0142finansowanego ze \u015brodk\u00f3w Unii Europejskiej w ramach Europejskiego Funduszu Spo\u0142ecznego. Do realizacji zosta\u0142o przewidzianych 10 godzin dydaktycznych (4-5 spotka\u0144 trwaj\u0105cych po 2-3 godziny dydaktyczne). [\u2026] <div class=\"clear\"><\/div><a class=\"more_link clearfix\" href=\"https:\/\/pans.krosno.pl\/fundusze-zewnetrzne\/rekrutacja-rodzicow-na-zajecia-tworczy-rodzic-cwiczenia-z-myslenia-realizowane-w-ramach-trzeciej-edycji-projektu\/\" rel=\"nofollow\">Read More<\/a><\/div><\/li>\n<li><a class=\"wp-block-latest-posts__post-title\" href=\"https:\/\/pans.krosno.pl\/fundusze-zewnetrzne\/zajecia-dla-rodzicow\/\">Zaj\u0119cia dla rodzic\u00f3w<\/a><time datetime=\"2019-03-29T13:20:00+01:00\" class=\"wp-block-latest-posts__post-date\">29 marca 2019<\/time><div class=\"wp-block-latest-posts__post-excerpt\">Zapraszamy do udzia\u0142u w zaj\u0119ciach \u201eTw\u00f3rczy rodzic \u2013 \u0107wiczenia z my\u015blenia\u201d w ramach projektu \u201eTw\u00f3rcze dzieci &#8211; w poszukiwaniu indywidualno\u015bci\u201d wsp\u00f3\u0142finansowanego ze \u015brodk\u00f3w Unii Europejskiej w ramach Europejskiego Funduszu Spo\u0142ecznego. Cele og\u00f3lne zaj\u0119\u0107: Rozwijanie u rodzic\u00f3w umiej\u0119tno\u015bci dobierania warto\u015bciowej i tw\u00f3rczej literatury dzieci\u0119cej i odbierania jej w postaci przekazu wielozmys\u0142owego; Wdra\u017canie rodzic\u00f3w do budowania z [\u2026] <div class=\"clear\"><\/div><a class=\"more_link clearfix\" href=\"https:\/\/pans.krosno.pl\/fundusze-zewnetrzne\/zajecia-dla-rodzicow\/\" rel=\"nofollow\">Read More<\/a><\/div><\/li>\n<\/ul>\n\n\n<hr class=\"wp-block-separator is-style-default\" \/>\n\n\n\n<p><\/p>\n","protected":false},"excerpt":{"rendered":"","protected":false},"author":27,"featured_media":0,"parent":135,"menu_order":0,"comment_status":"closed","ping_status":"closed","template":"page-templates\/template-full-width.php","meta":{"ngg_post_thumbnail":0,"footnotes":""},"class_list":["post-1216","page","type-page","status-publish","hentry"],"yoast_head":"<!-- This site is optimized with the Yoast SEO Premium plugin v27.3 (Yoast SEO v27.3) - https:\/\/yoast.com\/product\/yoast-seo-premium-wordpress\/ -->\n<title>Tw\u00f3rcze dzieci \u2013 w poszukiwaniu indywidualno\u015bci - Aktualno\u015bci - Fundusze zewn\u0119trzne PANS w Kro\u015bnie<\/title>\n<meta name=\"robots\" content=\"index, follow, max-snippet:-1, max-image-preview:large, max-video-preview:-1\" \/>\n<link rel=\"canonical\" href=\"https:\/\/pans.krosno.pl\/fundusze-zewnetrzne\/projekty-zrealizowane\/tworcze-dzieci\/tworcze-dzieci-w-poszukiwaniu-indywidualnosci-aktualnosci\/\" \/>\n<meta property=\"og:locale\" content=\"pl_PL\" \/>\n<meta property=\"og:type\" content=\"article\" \/>\n<meta property=\"og:title\" content=\"Tw\u00f3rcze dzieci \u2013 w poszukiwaniu indywidualno\u015bci - Aktualno\u015bci\" \/>\n<meta property=\"og:url\" content=\"https:\/\/pans.krosno.pl\/fundusze-zewnetrzne\/projekty-zrealizowane\/tworcze-dzieci\/tworcze-dzieci-w-poszukiwaniu-indywidualnosci-aktualnosci\/\" \/>\n<meta property=\"og:site_name\" content=\"Fundusze zewn\u0119trzne PANS w Kro\u015bnie\" \/>\n<meta property=\"article:modified_time\" content=\"2021-08-23T09:31:52+00:00\" \/>\n<meta property=\"og:image\" content=\"https:\/\/pans.krosno.pl\/fundusze-europejskie-kursy\/wp-content\/uploads\/sites\/14\/2020\/05\/LOGO-KOLOR-19.jpg\" \/>\n<meta name=\"twitter:card\" content=\"summary_large_image\" \/>\n<script type=\"application\/ld+json\" class=\"yoast-schema-graph\">{\"@context\":\"https:\\\/\\\/schema.org\",\"@graph\":[{\"@type\":\"WebPage\",\"@id\":\"https:\\\/\\\/pans.krosno.pl\\\/fundusze-zewnetrzne\\\/projekty-zrealizowane\\\/tworcze-dzieci\\\/tworcze-dzieci-w-poszukiwaniu-indywidualnosci-aktualnosci\\\/\",\"url\":\"https:\\\/\\\/pans.krosno.pl\\\/fundusze-zewnetrzne\\\/projekty-zrealizowane\\\/tworcze-dzieci\\\/tworcze-dzieci-w-poszukiwaniu-indywidualnosci-aktualnosci\\\/\",\"name\":\"Tw\u00f3rcze dzieci \u2013 w poszukiwaniu indywidualno\u015bci - Aktualno\u015bci - Fundusze zewn\u0119trzne PANS w Kro\u015bnie\",\"isPartOf\":{\"@id\":\"https:\\\/\\\/pans.krosno.pl\\\/fundusze-zewnetrzne\\\/#website\"},\"primaryImageOfPage\":{\"@id\":\"https:\\\/\\\/pans.krosno.pl\\\/fundusze-zewnetrzne\\\/projekty-zrealizowane\\\/tworcze-dzieci\\\/tworcze-dzieci-w-poszukiwaniu-indywidualnosci-aktualnosci\\\/#primaryimage\"},\"image\":{\"@id\":\"https:\\\/\\\/pans.krosno.pl\\\/fundusze-zewnetrzne\\\/projekty-zrealizowane\\\/tworcze-dzieci\\\/tworcze-dzieci-w-poszukiwaniu-indywidualnosci-aktualnosci\\\/#primaryimage\"},\"thumbnailUrl\":\"https:\\\/\\\/pans.krosno.pl\\\/fundusze-europejskie-kursy\\\/wp-content\\\/uploads\\\/sites\\\/14\\\/2020\\\/05\\\/LOGO-KOLOR-19.jpg\",\"datePublished\":\"2020-05-25T12:54:01+00:00\",\"dateModified\":\"2021-08-23T09:31:52+00:00\",\"breadcrumb\":{\"@id\":\"https:\\\/\\\/pans.krosno.pl\\\/fundusze-zewnetrzne\\\/projekty-zrealizowane\\\/tworcze-dzieci\\\/tworcze-dzieci-w-poszukiwaniu-indywidualnosci-aktualnosci\\\/#breadcrumb\"},\"inLanguage\":\"pl-PL\",\"potentialAction\":[{\"@type\":\"ReadAction\",\"target\":[\"https:\\\/\\\/pans.krosno.pl\\\/fundusze-zewnetrzne\\\/projekty-zrealizowane\\\/tworcze-dzieci\\\/tworcze-dzieci-w-poszukiwaniu-indywidualnosci-aktualnosci\\\/\"]}]},{\"@type\":\"ImageObject\",\"inLanguage\":\"pl-PL\",\"@id\":\"https:\\\/\\\/pans.krosno.pl\\\/fundusze-zewnetrzne\\\/projekty-zrealizowane\\\/tworcze-dzieci\\\/tworcze-dzieci-w-poszukiwaniu-indywidualnosci-aktualnosci\\\/#primaryimage\",\"url\":\"https:\\\/\\\/pans.krosno.pl\\\/fundusze-europejskie-kursy\\\/wp-content\\\/uploads\\\/sites\\\/14\\\/2020\\\/05\\\/LOGO-KOLOR-19.jpg\",\"contentUrl\":\"https:\\\/\\\/pans.krosno.pl\\\/fundusze-europejskie-kursy\\\/wp-content\\\/uploads\\\/sites\\\/14\\\/2020\\\/05\\\/LOGO-KOLOR-19.jpg\"},{\"@type\":\"BreadcrumbList\",\"@id\":\"https:\\\/\\\/pans.krosno.pl\\\/fundusze-zewnetrzne\\\/projekty-zrealizowane\\\/tworcze-dzieci\\\/tworcze-dzieci-w-poszukiwaniu-indywidualnosci-aktualnosci\\\/#breadcrumb\",\"itemListElement\":[{\"@type\":\"ListItem\",\"position\":1,\"name\":\"Strona g\u0142\u00f3wna\",\"item\":\"https:\\\/\\\/pans.krosno.pl\\\/fundusze-zewnetrzne\\\/\"},{\"@type\":\"ListItem\",\"position\":2,\"name\":\"Projekty zrealizowane\",\"item\":\"https:\\\/\\\/pans.krosno.pl\\\/fundusze-zewnetrzne\\\/projekty-zrealizowane\\\/\"},{\"@type\":\"ListItem\",\"position\":3,\"name\":\"Tw\u00f3rcze dzieci &#8211; w poszukiwaniu indywidualno\u015bci\",\"item\":\"https:\\\/\\\/pans.krosno.pl\\\/fundusze-zewnetrzne\\\/projekty-zrealizowane\\\/tworcze-dzieci\\\/\"},{\"@type\":\"ListItem\",\"position\":4,\"name\":\"Tw\u00f3rcze dzieci \u2013 w poszukiwaniu indywidualno\u015bci &#8211; Aktualno\u015bci\"}]},{\"@type\":\"WebSite\",\"@id\":\"https:\\\/\\\/pans.krosno.pl\\\/fundusze-zewnetrzne\\\/#website\",\"url\":\"https:\\\/\\\/pans.krosno.pl\\\/fundusze-zewnetrzne\\\/\",\"name\":\"Fundusze zewn\u0119trzne PANS w Kro\u015bnie\",\"description\":\"Fundusze zewn\u0119trzne  - Pa\u0144stwowa Akademia Nauk Stosowanych\",\"publisher\":{\"@id\":\"https:\\\/\\\/pans.krosno.pl\\\/fundusze-zewnetrzne\\\/#organization\"},\"potentialAction\":[{\"@type\":\"SearchAction\",\"target\":{\"@type\":\"EntryPoint\",\"urlTemplate\":\"https:\\\/\\\/pans.krosno.pl\\\/fundusze-zewnetrzne\\\/?s={search_term_string}\"},\"query-input\":{\"@type\":\"PropertyValueSpecification\",\"valueRequired\":true,\"valueName\":\"search_term_string\"}}],\"inLanguage\":\"pl-PL\"},{\"@type\":\"Organization\",\"@id\":\"https:\\\/\\\/pans.krosno.pl\\\/fundusze-zewnetrzne\\\/#organization\",\"name\":\"Fundusze zewn\u0119trzne PANS w Kro\u015bnie\",\"url\":\"https:\\\/\\\/pans.krosno.pl\\\/fundusze-zewnetrzne\\\/\",\"logo\":{\"@type\":\"ImageObject\",\"inLanguage\":\"pl-PL\",\"@id\":\"https:\\\/\\\/pans.krosno.pl\\\/fundusze-zewnetrzne\\\/#\\\/schema\\\/logo\\\/image\\\/\",\"url\":\"https:\\\/\\\/pans.krosno.pl\\\/fundusze-zewnetrzne\\\/wp-content\\\/uploads\\\/sites\\\/14\\\/2023\\\/01\\\/Logo-PANS-2022-pelne.png\",\"contentUrl\":\"https:\\\/\\\/pans.krosno.pl\\\/fundusze-zewnetrzne\\\/wp-content\\\/uploads\\\/sites\\\/14\\\/2023\\\/01\\\/Logo-PANS-2022-pelne.png\",\"width\":3096,\"height\":696,\"caption\":\"Fundusze zewn\u0119trzne PANS w Kro\u015bnie\"},\"image\":{\"@id\":\"https:\\\/\\\/pans.krosno.pl\\\/fundusze-zewnetrzne\\\/#\\\/schema\\\/logo\\\/image\\\/\"}}]}<\/script>\n<!-- \/ Yoast SEO Premium plugin. -->","yoast_head_json":{"title":"Tw\u00f3rcze dzieci \u2013 w poszukiwaniu indywidualno\u015bci - Aktualno\u015bci - Fundusze zewn\u0119trzne PANS w Kro\u015bnie","robots":{"index":"index","follow":"follow","max-snippet":"max-snippet:-1","max-image-preview":"max-image-preview:large","max-video-preview":"max-video-preview:-1"},"canonical":"https:\/\/pans.krosno.pl\/fundusze-zewnetrzne\/projekty-zrealizowane\/tworcze-dzieci\/tworcze-dzieci-w-poszukiwaniu-indywidualnosci-aktualnosci\/","og_locale":"pl_PL","og_type":"article","og_title":"Tw\u00f3rcze dzieci \u2013 w poszukiwaniu indywidualno\u015bci - Aktualno\u015bci","og_url":"https:\/\/pans.krosno.pl\/fundusze-zewnetrzne\/projekty-zrealizowane\/tworcze-dzieci\/tworcze-dzieci-w-poszukiwaniu-indywidualnosci-aktualnosci\/","og_site_name":"Fundusze zewn\u0119trzne PANS w Kro\u015bnie","article_modified_time":"2021-08-23T09:31:52+00:00","og_image":[{"url":"https:\/\/pans.krosno.pl\/fundusze-europejskie-kursy\/wp-content\/uploads\/sites\/14\/2020\/05\/LOGO-KOLOR-19.jpg","type":"","width":"","height":""}],"twitter_card":"summary_large_image","schema":{"@context":"https:\/\/schema.org","@graph":[{"@type":"WebPage","@id":"https:\/\/pans.krosno.pl\/fundusze-zewnetrzne\/projekty-zrealizowane\/tworcze-dzieci\/tworcze-dzieci-w-poszukiwaniu-indywidualnosci-aktualnosci\/","url":"https:\/\/pans.krosno.pl\/fundusze-zewnetrzne\/projekty-zrealizowane\/tworcze-dzieci\/tworcze-dzieci-w-poszukiwaniu-indywidualnosci-aktualnosci\/","name":"Tw\u00f3rcze dzieci \u2013 w poszukiwaniu indywidualno\u015bci - Aktualno\u015bci - Fundusze zewn\u0119trzne PANS w Kro\u015bnie","isPartOf":{"@id":"https:\/\/pans.krosno.pl\/fundusze-zewnetrzne\/#website"},"primaryImageOfPage":{"@id":"https:\/\/pans.krosno.pl\/fundusze-zewnetrzne\/projekty-zrealizowane\/tworcze-dzieci\/tworcze-dzieci-w-poszukiwaniu-indywidualnosci-aktualnosci\/#primaryimage"},"image":{"@id":"https:\/\/pans.krosno.pl\/fundusze-zewnetrzne\/projekty-zrealizowane\/tworcze-dzieci\/tworcze-dzieci-w-poszukiwaniu-indywidualnosci-aktualnosci\/#primaryimage"},"thumbnailUrl":"https:\/\/pans.krosno.pl\/fundusze-europejskie-kursy\/wp-content\/uploads\/sites\/14\/2020\/05\/LOGO-KOLOR-19.jpg","datePublished":"2020-05-25T12:54:01+00:00","dateModified":"2021-08-23T09:31:52+00:00","breadcrumb":{"@id":"https:\/\/pans.krosno.pl\/fundusze-zewnetrzne\/projekty-zrealizowane\/tworcze-dzieci\/tworcze-dzieci-w-poszukiwaniu-indywidualnosci-aktualnosci\/#breadcrumb"},"inLanguage":"pl-PL","potentialAction":[{"@type":"ReadAction","target":["https:\/\/pans.krosno.pl\/fundusze-zewnetrzne\/projekty-zrealizowane\/tworcze-dzieci\/tworcze-dzieci-w-poszukiwaniu-indywidualnosci-aktualnosci\/"]}]},{"@type":"ImageObject","inLanguage":"pl-PL","@id":"https:\/\/pans.krosno.pl\/fundusze-zewnetrzne\/projekty-zrealizowane\/tworcze-dzieci\/tworcze-dzieci-w-poszukiwaniu-indywidualnosci-aktualnosci\/#primaryimage","url":"https:\/\/pans.krosno.pl\/fundusze-europejskie-kursy\/wp-content\/uploads\/sites\/14\/2020\/05\/LOGO-KOLOR-19.jpg","contentUrl":"https:\/\/pans.krosno.pl\/fundusze-europejskie-kursy\/wp-content\/uploads\/sites\/14\/2020\/05\/LOGO-KOLOR-19.jpg"},{"@type":"BreadcrumbList","@id":"https:\/\/pans.krosno.pl\/fundusze-zewnetrzne\/projekty-zrealizowane\/tworcze-dzieci\/tworcze-dzieci-w-poszukiwaniu-indywidualnosci-aktualnosci\/#breadcrumb","itemListElement":[{"@type":"ListItem","position":1,"name":"Strona g\u0142\u00f3wna","item":"https:\/\/pans.krosno.pl\/fundusze-zewnetrzne\/"},{"@type":"ListItem","position":2,"name":"Projekty zrealizowane","item":"https:\/\/pans.krosno.pl\/fundusze-zewnetrzne\/projekty-zrealizowane\/"},{"@type":"ListItem","position":3,"name":"Tw\u00f3rcze dzieci &#8211; w poszukiwaniu indywidualno\u015bci","item":"https:\/\/pans.krosno.pl\/fundusze-zewnetrzne\/projekty-zrealizowane\/tworcze-dzieci\/"},{"@type":"ListItem","position":4,"name":"Tw\u00f3rcze dzieci \u2013 w poszukiwaniu indywidualno\u015bci &#8211; Aktualno\u015bci"}]},{"@type":"WebSite","@id":"https:\/\/pans.krosno.pl\/fundusze-zewnetrzne\/#website","url":"https:\/\/pans.krosno.pl\/fundusze-zewnetrzne\/","name":"Fundusze zewn\u0119trzne PANS w Kro\u015bnie","description":"Fundusze zewn\u0119trzne  - Pa\u0144stwowa Akademia Nauk Stosowanych","publisher":{"@id":"https:\/\/pans.krosno.pl\/fundusze-zewnetrzne\/#organization"},"potentialAction":[{"@type":"SearchAction","target":{"@type":"EntryPoint","urlTemplate":"https:\/\/pans.krosno.pl\/fundusze-zewnetrzne\/?s={search_term_string}"},"query-input":{"@type":"PropertyValueSpecification","valueRequired":true,"valueName":"search_term_string"}}],"inLanguage":"pl-PL"},{"@type":"Organization","@id":"https:\/\/pans.krosno.pl\/fundusze-zewnetrzne\/#organization","name":"Fundusze zewn\u0119trzne PANS w Kro\u015bnie","url":"https:\/\/pans.krosno.pl\/fundusze-zewnetrzne\/","logo":{"@type":"ImageObject","inLanguage":"pl-PL","@id":"https:\/\/pans.krosno.pl\/fundusze-zewnetrzne\/#\/schema\/logo\/image\/","url":"https:\/\/pans.krosno.pl\/fundusze-zewnetrzne\/wp-content\/uploads\/sites\/14\/2023\/01\/Logo-PANS-2022-pelne.png","contentUrl":"https:\/\/pans.krosno.pl\/fundusze-zewnetrzne\/wp-content\/uploads\/sites\/14\/2023\/01\/Logo-PANS-2022-pelne.png","width":3096,"height":696,"caption":"Fundusze zewn\u0119trzne PANS w Kro\u015bnie"},"image":{"@id":"https:\/\/pans.krosno.pl\/fundusze-zewnetrzne\/#\/schema\/logo\/image\/"}}]}},"_links":{"self":[{"href":"https:\/\/pans.krosno.pl\/fundusze-zewnetrzne\/wp-json\/wp\/v2\/pages\/1216","targetHints":{"allow":["GET"]}}],"collection":[{"href":"https:\/\/pans.krosno.pl\/fundusze-zewnetrzne\/wp-json\/wp\/v2\/pages"}],"about":[{"href":"https:\/\/pans.krosno.pl\/fundusze-zewnetrzne\/wp-json\/wp\/v2\/types\/page"}],"author":[{"embeddable":true,"href":"https:\/\/pans.krosno.pl\/fundusze-zewnetrzne\/wp-json\/wp\/v2\/users\/27"}],"replies":[{"embeddable":true,"href":"https:\/\/pans.krosno.pl\/fundusze-zewnetrzne\/wp-json\/wp\/v2\/comments?post=1216"}],"version-history":[{"count":10,"href":"https:\/\/pans.krosno.pl\/fundusze-zewnetrzne\/wp-json\/wp\/v2\/pages\/1216\/revisions"}],"predecessor-version":[{"id":1728,"href":"https:\/\/pans.krosno.pl\/fundusze-zewnetrzne\/wp-json\/wp\/v2\/pages\/1216\/revisions\/1728"}],"up":[{"embeddable":true,"href":"https:\/\/pans.krosno.pl\/fundusze-zewnetrzne\/wp-json\/wp\/v2\/pages\/135"}],"wp:attachment":[{"href":"https:\/\/pans.krosno.pl\/fundusze-zewnetrzne\/wp-json\/wp\/v2\/media?parent=1216"}],"curies":[{"name":"wp","href":"https:\/\/api.w.org\/{rel}","templated":true}]}}