{"id":775,"date":"2020-07-06T16:03:41","date_gmt":"2020-07-06T14:03:41","guid":{"rendered":"https:\/\/pans.krosno.pl\/fa\/?page_id=775"},"modified":"2024-03-28T12:54:15","modified_gmt":"2024-03-28T11:54:15","slug":"publikacje","status":"publish","type":"page","link":"https:\/\/pans.krosno.pl\/fa\/publikacje\/","title":{"rendered":"Publikacje"},"content":{"rendered":"\n<p><strong>Publications<\/strong>: &nbsp;<\/p>\n\n\n\n<ul class=\"wp-block-list\">\n<li>2023 <em>Freedom of Expression Across Borders: Communication, Culture, and Language<\/em>. Eds. L. G. Kean, S. M. Shearman, M. Tucker-McLaughlin, W. Witalisz. University of North Carolina Press. <a href=\"https:\/\/uncpress.org\/book\/9781469677941\/freedom-of-expression-across-borders\/\">Freedom of Expression Across Borders | Linda G. Kean | University of North Carolina Press (uncpress.org)<\/a><\/li>\n\n\n\n<li>2020 <em>Across Borders: Cultural and Linguistic Shifts in the 21st Century<\/em>. Eds. E. Rusek, W. Witalisz. Series:&nbsp;<a href=\"https:\/\/www.peterlang.com\/series\/tmc\">Text \u2013 Meaning \u2013 Context: Cracow Studies in English Language, Literature and Culture<\/a>, Volume 18. Berlin: Peter Lang.  <a href=\"https:\/\/www.peterlang.com\/document\/1063336\">Across Borders &#8211; Peter Lang Verlag<\/a><\/li>\n\n\n\n<li>2018 <em>Methis &#8211; Studia Humaniora Estonica\u00a0<\/em>21\/22 &#8211; A<em>cross Borders &#8211; Literature in Dialogue<\/em>\u00a0&#8211; special issue &#8211;<a href=\"http:\/\/www.methis.ee\/back-issues\/methis-21-22-spring-autumn-2018\">\u00a0http:\/\/www.methis.ee\/back-issues\/methis-21-22-spring-autumn-2018<\/a><\/li>\n\n\n\n<li>2018\u00a0<em>P\u00f3\u0142rocznik Jezykoznawczy Tertium\u00a0<\/em>(<em>Tertium Linguistic Journal<\/em>) 3.1\u00a0<a href=\"https:\/\/journal.tertium.edu.pl\/index.php\/JaK\/issue\/view\/4\">https:\/\/journal.tertium.edu.pl\/index.php\/JaK\/issue\/view\/4<\/a><\/li>\n\n\n\n<li>2018&nbsp;<em>Across Borders 7: Cultures in Dialogue<\/em>. Prace Naukowo-Dydaktyczne PWSZ im. Stanis\u0142awa Pigonia w Kro\u015bnie 74,&nbsp;eds. L.Laineste, W. Ch\u0142opicki. Krosno: PWSZ.<\/li>\n\n\n\n<li>2017&nbsp;<em>Styles of Communication<\/em>&nbsp;9:2&nbsp;<a rel=\"noreferrer noopener\" href=\"http:\/\/stylesofcomm.fjsc.unibuc.ro\/\" target=\"_blank\">http:\/\/stylesofcomm.fjsc.unibuc.ro\/<\/a><\/li>\n\n\n\n<li>2017&nbsp;<em>Across Borders 6. The West Looks East.&nbsp;<\/em>Prace Naukowo-Dydaktyczne PWSZ im. Stanis\u0142awa Pigonia w Kro\u015bnie 71,&nbsp;eds. J. Ziobro-Strz\u0119pek. W. Ch\u0142opicki. Krosno: PWSZ.<\/li>\n\n\n\n<li>2015,\u00a0<em>Culture&#8217;s Software. Communication Styles<\/em>, eds. D. Brzozowska W. Ch\u0142opicki. Cambridge Scholars\u00a0Publishing.<\/li>\n\n\n\n<li>2013,&nbsp;<em>Papers on Language, Culture and Literature&nbsp;<\/em>4 &nbsp;Prace Naukowo-Dydaktyczne PWSZ im. Stanis\u0142awa Pigonia w Kro\u015bnie 61, ed. A. Witalisz, Krosno: PWSZ<\/li>\n\n\n\n<li>2011,&nbsp;<em>Migration, Narration, Communication. Cultural Exchanges in a Globalised World<\/em>, Text-Meaning-Context: Cracow Studies in English Language, Literature and Culture Vol. 1, ed. A. Witalisz, Peter Lang<\/li>\n\n\n\n<li>2011,&nbsp;<em>Papers on Language, Culture and Literature 3<\/em>,&nbsp;Prace Naukowo-Dydaktyczne PWSZ w&nbsp;Kro\u015bnie 55, ed. A. Witalisz, Krosno: PWSZ.<\/li>\n\n\n\n<li>2009,&nbsp;<em>Culture, Language and Literature Across Border Regions<\/em>, Prace Naukowo-Dydaktyczne PWSZ w&nbsp;Kro\u015bnie 37, eds. S. Tomascikova, W. Witalisz, P. Stekauer,&nbsp;Krosno: PWSZ.<\/li>\n\n\n\n<li>2007.&nbsp;<em>Culture, Language and Literature in European and World Border Regions<\/em>, Prace Naukowo-Dydaktyczne PWSZ w&nbsp;Kro\u015bnie 27, eds.&nbsp;W. Witalisz, D. Rygiel, Krosno: PWSZ.<\/li>\n<\/ul>\n\n\n\n<ul class=\"wp-block-list\">\n<li>2005,&nbsp;<em>Filled with many-splendored words. Papers on Culture, Language and Literature in Honour of Prof. Dr. Fritz Hans K\u00f6nig<\/em>, eds.A. Witalisz, D. Jandl, K. Odwarka, H.D. Pohl, W. Witalisz, Krosno: PWSZ.<\/li>\n\n\n\n<li>&nbsp;2005,&nbsp;<em>Papers on Language, Culture and Literature<\/em>,&nbsp;Prace Naukowo-Dydaktyczne PWSZ w&nbsp;Kro\u015bnie 19, ed.&nbsp;A. Witalisz, Krosno:&nbsp;PWSZ.<\/li>\n\n\n\n<li>2004,&nbsp;<em>Papers on Language, Culture and Literature<\/em>,&nbsp;Prace Naukowo-dydaktyczne PWSZ w&nbsp;Kro\u015bnie 9, ed.&nbsp;W. Witalisz, Krosno: PWSZ.<\/li>\n<\/ul>\n","protected":false},"excerpt":{"rendered":"<p>Publications: &nbsp;<\/p>\n","protected":false},"author":27,"featured_media":0,"parent":0,"menu_order":0,"comment_status":"closed","ping_status":"closed","template":"","meta":{"ngg_post_thumbnail":0,"footnotes":""},"class_list":["post-775","page","type-page","status-publish","hentry"],"yoast_head":"<!-- This site is optimized with the Yoast SEO Premium plugin v27.3 (Yoast SEO v27.3) - https:\/\/yoast.com\/product\/yoast-seo-premium-wordpress\/ -->\n<title>Publikacje - Filologia Angielska PANS w Kro\u015bnie<\/title>\n<meta name=\"description\" content=\"2018 Methis - Studia Humaniora Estonica 21\/22 - Across Borders - Literature in Dialogue - special issue\" \/>\n<meta name=\"robots\" content=\"index, follow, max-snippet:-1, max-image-preview:large, max-video-preview:-1\" \/>\n<link rel=\"canonical\" href=\"https:\/\/pans.krosno.pl\/fa\/publikacje\/\" \/>\n<meta property=\"og:locale\" content=\"pl_PL\" \/>\n<meta property=\"og:type\" content=\"article\" \/>\n<meta property=\"og:title\" content=\"Publikacje\" \/>\n<meta property=\"og:description\" content=\"2018 Methis - Studia Humaniora Estonica 21\/22 - Across Borders - Literature in Dialogue - special issue\" \/>\n<meta property=\"og:url\" content=\"https:\/\/pans.krosno.pl\/fa\/publikacje\/\" \/>\n<meta property=\"og:site_name\" content=\"Filologia Angielska PANS w Kro\u015bnie\" \/>\n<meta property=\"article:modified_time\" content=\"2024-03-28T11:54:15+00:00\" \/>\n<meta name=\"twitter:card\" content=\"summary_large_image\" \/>\n<meta name=\"twitter:label1\" content=\"Szacowany czas czytania\" \/>\n\t<meta name=\"twitter:data1\" content=\"3 minuty\" \/>\n<script type=\"application\/ld+json\" class=\"yoast-schema-graph\">{\"@context\":\"https:\\\/\\\/schema.org\",\"@graph\":[{\"@type\":\"WebPage\",\"@id\":\"https:\\\/\\\/pans.krosno.pl\\\/fa\\\/publikacje\\\/\",\"url\":\"https:\\\/\\\/pans.krosno.pl\\\/fa\\\/publikacje\\\/\",\"name\":\"Publikacje - Filologia Angielska PANS w Kro\u015bnie\",\"isPartOf\":{\"@id\":\"https:\\\/\\\/pans.krosno.pl\\\/fa\\\/#website\"},\"datePublished\":\"2020-07-06T14:03:41+00:00\",\"dateModified\":\"2024-03-28T11:54:15+00:00\",\"description\":\"2018 Methis - Studia Humaniora Estonica 21\\\/22 - Across Borders - Literature in Dialogue - special issue\",\"breadcrumb\":{\"@id\":\"https:\\\/\\\/pans.krosno.pl\\\/fa\\\/publikacje\\\/#breadcrumb\"},\"inLanguage\":\"pl-PL\",\"potentialAction\":[{\"@type\":\"ReadAction\",\"target\":[\"https:\\\/\\\/pans.krosno.pl\\\/fa\\\/publikacje\\\/\"]}]},{\"@type\":\"BreadcrumbList\",\"@id\":\"https:\\\/\\\/pans.krosno.pl\\\/fa\\\/publikacje\\\/#breadcrumb\",\"itemListElement\":[{\"@type\":\"ListItem\",\"position\":1,\"name\":\"Strona g\u0142\u00f3wna\",\"item\":\"https:\\\/\\\/pans.krosno.pl\\\/fa\\\/\"},{\"@type\":\"ListItem\",\"position\":2,\"name\":\"Publikacje\"}]},{\"@type\":\"WebSite\",\"@id\":\"https:\\\/\\\/pans.krosno.pl\\\/fa\\\/#website\",\"url\":\"https:\\\/\\\/pans.krosno.pl\\\/fa\\\/\",\"name\":\"Filologia Angielska PANS w Kro\u015bnie\",\"description\":\"Filologia Angielska - Pa\u0144stwowa Akademia Nauk Stosowanych\",\"publisher\":{\"@id\":\"https:\\\/\\\/pans.krosno.pl\\\/fa\\\/#organization\"},\"potentialAction\":[{\"@type\":\"SearchAction\",\"target\":{\"@type\":\"EntryPoint\",\"urlTemplate\":\"https:\\\/\\\/pans.krosno.pl\\\/fa\\\/?s={search_term_string}\"},\"query-input\":{\"@type\":\"PropertyValueSpecification\",\"valueRequired\":true,\"valueName\":\"search_term_string\"}}],\"inLanguage\":\"pl-PL\"},{\"@type\":\"Organization\",\"@id\":\"https:\\\/\\\/pans.krosno.pl\\\/fa\\\/#organization\",\"name\":\"Filologia Angielska PANS w Kro\u015bnie\",\"url\":\"https:\\\/\\\/pans.krosno.pl\\\/fa\\\/\",\"logo\":{\"@type\":\"ImageObject\",\"inLanguage\":\"pl-PL\",\"@id\":\"https:\\\/\\\/pans.krosno.pl\\\/fa\\\/#\\\/schema\\\/logo\\\/image\\\/\",\"url\":\"https:\\\/\\\/pans.krosno.pl\\\/fa\\\/wp-content\\\/uploads\\\/sites\\\/13\\\/2023\\\/01\\\/Logo-PANS-2022-pelne.png\",\"contentUrl\":\"https:\\\/\\\/pans.krosno.pl\\\/fa\\\/wp-content\\\/uploads\\\/sites\\\/13\\\/2023\\\/01\\\/Logo-PANS-2022-pelne.png\",\"width\":3096,\"height\":696,\"caption\":\"Filologia Angielska PANS w Kro\u015bnie\"},\"image\":{\"@id\":\"https:\\\/\\\/pans.krosno.pl\\\/fa\\\/#\\\/schema\\\/logo\\\/image\\\/\"}}]}<\/script>\n<!-- \/ Yoast SEO Premium plugin. -->","yoast_head_json":{"title":"Publikacje - Filologia Angielska PANS w Kro\u015bnie","description":"2018 Methis - Studia Humaniora Estonica 21\/22 - Across Borders - Literature in Dialogue - special issue","robots":{"index":"index","follow":"follow","max-snippet":"max-snippet:-1","max-image-preview":"max-image-preview:large","max-video-preview":"max-video-preview:-1"},"canonical":"https:\/\/pans.krosno.pl\/fa\/publikacje\/","og_locale":"pl_PL","og_type":"article","og_title":"Publikacje","og_description":"2018 Methis - Studia Humaniora Estonica 21\/22 - Across Borders - Literature in Dialogue - special issue","og_url":"https:\/\/pans.krosno.pl\/fa\/publikacje\/","og_site_name":"Filologia Angielska PANS w Kro\u015bnie","article_modified_time":"2024-03-28T11:54:15+00:00","twitter_card":"summary_large_image","twitter_misc":{"Szacowany czas czytania":"3 minuty"},"schema":{"@context":"https:\/\/schema.org","@graph":[{"@type":"WebPage","@id":"https:\/\/pans.krosno.pl\/fa\/publikacje\/","url":"https:\/\/pans.krosno.pl\/fa\/publikacje\/","name":"Publikacje - Filologia Angielska PANS w Kro\u015bnie","isPartOf":{"@id":"https:\/\/pans.krosno.pl\/fa\/#website"},"datePublished":"2020-07-06T14:03:41+00:00","dateModified":"2024-03-28T11:54:15+00:00","description":"2018 Methis - Studia Humaniora Estonica 21\/22 - Across Borders - Literature in Dialogue - special issue","breadcrumb":{"@id":"https:\/\/pans.krosno.pl\/fa\/publikacje\/#breadcrumb"},"inLanguage":"pl-PL","potentialAction":[{"@type":"ReadAction","target":["https:\/\/pans.krosno.pl\/fa\/publikacje\/"]}]},{"@type":"BreadcrumbList","@id":"https:\/\/pans.krosno.pl\/fa\/publikacje\/#breadcrumb","itemListElement":[{"@type":"ListItem","position":1,"name":"Strona g\u0142\u00f3wna","item":"https:\/\/pans.krosno.pl\/fa\/"},{"@type":"ListItem","position":2,"name":"Publikacje"}]},{"@type":"WebSite","@id":"https:\/\/pans.krosno.pl\/fa\/#website","url":"https:\/\/pans.krosno.pl\/fa\/","name":"Filologia Angielska PANS w Kro\u015bnie","description":"Filologia Angielska - Pa\u0144stwowa Akademia Nauk Stosowanych","publisher":{"@id":"https:\/\/pans.krosno.pl\/fa\/#organization"},"potentialAction":[{"@type":"SearchAction","target":{"@type":"EntryPoint","urlTemplate":"https:\/\/pans.krosno.pl\/fa\/?s={search_term_string}"},"query-input":{"@type":"PropertyValueSpecification","valueRequired":true,"valueName":"search_term_string"}}],"inLanguage":"pl-PL"},{"@type":"Organization","@id":"https:\/\/pans.krosno.pl\/fa\/#organization","name":"Filologia Angielska PANS w Kro\u015bnie","url":"https:\/\/pans.krosno.pl\/fa\/","logo":{"@type":"ImageObject","inLanguage":"pl-PL","@id":"https:\/\/pans.krosno.pl\/fa\/#\/schema\/logo\/image\/","url":"https:\/\/pans.krosno.pl\/fa\/wp-content\/uploads\/sites\/13\/2023\/01\/Logo-PANS-2022-pelne.png","contentUrl":"https:\/\/pans.krosno.pl\/fa\/wp-content\/uploads\/sites\/13\/2023\/01\/Logo-PANS-2022-pelne.png","width":3096,"height":696,"caption":"Filologia Angielska PANS w Kro\u015bnie"},"image":{"@id":"https:\/\/pans.krosno.pl\/fa\/#\/schema\/logo\/image\/"}}]}},"_links":{"self":[{"href":"https:\/\/pans.krosno.pl\/fa\/wp-json\/wp\/v2\/pages\/775","targetHints":{"allow":["GET"]}}],"collection":[{"href":"https:\/\/pans.krosno.pl\/fa\/wp-json\/wp\/v2\/pages"}],"about":[{"href":"https:\/\/pans.krosno.pl\/fa\/wp-json\/wp\/v2\/types\/page"}],"author":[{"embeddable":true,"href":"https:\/\/pans.krosno.pl\/fa\/wp-json\/wp\/v2\/users\/27"}],"replies":[{"embeddable":true,"href":"https:\/\/pans.krosno.pl\/fa\/wp-json\/wp\/v2\/comments?post=775"}],"version-history":[{"count":3,"href":"https:\/\/pans.krosno.pl\/fa\/wp-json\/wp\/v2\/pages\/775\/revisions"}],"predecessor-version":[{"id":4484,"href":"https:\/\/pans.krosno.pl\/fa\/wp-json\/wp\/v2\/pages\/775\/revisions\/4484"}],"wp:attachment":[{"href":"https:\/\/pans.krosno.pl\/fa\/wp-json\/wp\/v2\/media?parent=775"}],"curies":[{"name":"wp","href":"https:\/\/api.w.org\/{rel}","templated":true}]}}