{"id":64,"date":"2020-03-28T00:14:16","date_gmt":"2020-03-27T23:14:16","guid":{"rendered":"https:\/\/pans.krosno.pl\/fa\/?page_id=64"},"modified":"2026-03-09T23:23:47","modified_gmt":"2026-03-09T22:23:47","slug":"harmonogram-zajec","status":"publish","type":"page","link":"https:\/\/pans.krosno.pl\/fa\/harmonogram-zajec\/","title":{"rendered":"Harmonogram zaj\u0119\u0107"},"content":{"rendered":"\n<h1 class=\"wp-block-heading\" id=\"h-\"><\/h1>\n\n\n\n<hr class=\"wp-block-separator has-css-opacity\" \/>\n\n\n\n<hr class=\"wp-block-separator has-css-opacity\" \/>\n\n\n\n<h1 class=\"wp-block-heading\" id=\"h-semestr-letni-2025-2026\">Semestr letni 2025\/2026<\/h1>\n\n\n\n<p>Kierunek&nbsp;Filologia w zakresie Filologia angielska:<\/p>\n\n\n\n<div class=\"wp-block-file\"><a id=\"wp-block-file--media-db058d56-cdfa-4f9f-95d5-f6d9b7ee6dc2\" href=\"https:\/\/pans.krosno.pl\/fa\/wp-content\/uploads\/sites\/13\/2026\/03\/FA_lato_wersja-z-08.03.xls\">FA_lato_wersja z 08.03<\/a><a href=\"https:\/\/pans.krosno.pl\/fa\/wp-content\/uploads\/sites\/13\/2026\/03\/FA_lato_wersja-z-08.03.xls\" class=\"wp-block-file__button wp-element-button\" download aria-describedby=\"wp-block-file--media-db058d56-cdfa-4f9f-95d5-f6d9b7ee6dc2\">Pobierz<\/a><\/div>\n\n\n\n<div class=\"wp-block-file\"><a id=\"wp-block-file--media-ee6017ab-6aa2-4590-8627-eab35ad23ad9\" href=\"https:\/\/pans.krosno.pl\/fa\/wp-content\/uploads\/sites\/13\/2026\/02\/podzial-na-2-grupy-semestr-letni.pdf\">podzia\u0142 na 2 grupy &#8211; semestr letni<\/a><a href=\"https:\/\/pans.krosno.pl\/fa\/wp-content\/uploads\/sites\/13\/2026\/02\/podzial-na-2-grupy-semestr-letni.pdf\" class=\"wp-block-file__button wp-element-button\" download aria-describedby=\"wp-block-file--media-ee6017ab-6aa2-4590-8627-eab35ad23ad9\">Pobierz<\/a><\/div>\n\n\n\n<p>Kierunek Lingwistyka praktyczna<\/p>\n\n\n\n<p>UWAGA! Harmonogram mo\u017ce jeszcze ulec zmianie. Harmonogram w systemie USOS pojawi si\u0119 wkr\u00f3tce. <\/p>\n\n\n\n<p><a href=\"https:\/\/usos.kpu.krosno.pl\/kontroler.php?_action=katalog2\/przedmioty\/pokazPlanGrupyPrzedmiotow&amp;grupa_kod=F-ANG-S-25-S2&amp;cdyd_kod=2025L&amp;plan_format=html&amp;plan_showStartTime=1&amp;plan_showEndTime=1&amp;plan_showTypeShort=0&amp;plan_showTypeFull=1&amp;plan_showGroupNumber=1&amp;plan_showCourseName=1&amp;plan_showCourseCode=0&amp;plan_showRoom=1&amp;plan_showBuildingCode=0&amp;plan_showLecturers=1&amp;plan_overridePrintWidth=1&amp;plan_colorScheme=default\">Harmonogram zaj\u0119\u0107 &#8211; I rok FA<\/a><\/p>\n\n\n\n<p><a href=\"https:\/\/usos.kpu.krosno.pl\/kontroler.php?_action=katalog2\/przedmioty\/pokazPlanGrupyPrzedmiotow&amp;grupa_kod=F-ANG-S-24-S4&amp;cdyd_kod=2025L&amp;plan_format=html&amp;plan_showStartTime=1&amp;plan_showEndTime=1&amp;plan_showTypeShort=0&amp;plan_showTypeFull=1&amp;plan_showGroupNumber=1&amp;plan_showCourseName=1&amp;plan_showCourseCode=0&amp;plan_showRoom=1&amp;plan_showBuildingCode=0&amp;plan_showLecturers=1&amp;plan_overridePrintWidth=1&amp;plan_colorScheme=default\">Harmonogram zaj\u0119\u0107 &#8211; II rok FA<\/a><\/p>\n\n\n\n<p><a href=\"https:\/\/usos.kpu.krosno.pl\/kontroler.php?_action=katalog2\/przedmioty\/pokazPlanGrupyPrzedmiotow&amp;grupa_kod=F-ANG-S-23-S6&amp;cdyd_kod=2025L&amp;plan_format=html&amp;plan_showStartTime=1&amp;plan_showEndTime=1&amp;plan_showTypeShort=0&amp;plan_showTypeFull=1&amp;plan_showGroupNumber=1&amp;plan_showCourseName=1&amp;plan_showCourseCode=0&amp;plan_showRoom=1&amp;plan_showBuildingCode=0&amp;plan_showLecturers=1&amp;plan_overridePrintWidth=1&amp;plan_colorScheme=default\">Harmonogram zaj\u0119\u0107 &#8211; III rok FA<\/a><\/p>\n\n\n\n\n\n<figure class=\"wp-block-image size-large\"><img loading=\"lazy\" decoding=\"async\" width=\"747\" height=\"441\" src=\"https:\/\/pans.krosno.pl\/fa\/wp-content\/uploads\/sites\/13\/2020\/10\/Budynki-KW.png\" alt=\"\" class=\"wp-image-1026\" srcset=\"https:\/\/pans.krosno.pl\/fa\/wp-content\/uploads\/sites\/13\/2020\/10\/Budynki-KW.png 747w, https:\/\/pans.krosno.pl\/fa\/wp-content\/uploads\/sites\/13\/2020\/10\/Budynki-KW-300x177.png 300w, https:\/\/pans.krosno.pl\/fa\/wp-content\/uploads\/sites\/13\/2020\/10\/Budynki-KW-580x342.png 580w\" sizes=\"auto, (max-width: 747px) 100vw, 747px\" \/><figcaption class=\"wp-element-caption\">Budynki przy ulicy Kazimierza Wielkiego 4,6 i 8 (Instytut Humanistyczny) oraz Rynku 5 (Studium J\u0119zyk\u00f3w Obcych)<\/figcaption><\/figure>\n\n\n\n<div class=\"wp-block-file\"><a id=\"wp-block-file--media-432e2ff2-2cb2-4aa8-b77a-a1abdf532316\" href=\"https:\/\/pans.krosno.pl\/fa\/wp-content\/uploads\/sites\/13\/2022\/10\/Kalendarz-roku-akademickiego.docx\">Kalendarz-roku-akademickiego<\/a><a href=\"https:\/\/pans.krosno.pl\/fa\/wp-content\/uploads\/sites\/13\/2022\/10\/Kalendarz-roku-akademickiego.docx\" class=\"wp-block-file__button wp-element-button\" download aria-describedby=\"wp-block-file--media-432e2ff2-2cb2-4aa8-b77a-a1abdf532316\">Pobierz<\/a><\/div>\n\n\n\n<p><\/p>\n","protected":false},"excerpt":{"rendered":"<p>Semestr letni 2025\/2026 Kierunek&nbsp;Filologia w zakresie Filologia angielska: Kierunek Lingwistyka praktyczna UWAGA! Harmonogram mo\u017ce jeszcze ulec zmianie. Harmonogram w systemie USOS pojawi si\u0119 wkr\u00f3tce. Harmonogram zaj\u0119\u0107 &#8211; I rok FA Harmonogram zaj\u0119\u0107 &#8211; II rok FA Harmonogram zaj\u0119\u0107 &#8211; III rok FA<\/p>\n","protected":false},"author":27,"featured_media":0,"parent":0,"menu_order":0,"comment_status":"closed","ping_status":"closed","template":"page-templates\/template-full-width.php","meta":{"ngg_post_thumbnail":0,"footnotes":""},"class_list":["post-64","page","type-page","status-publish","hentry"],"yoast_head":"<!-- This site is optimized with the Yoast SEO Premium plugin v27.4 (Yoast SEO v27.4) - https:\/\/yoast.com\/product\/yoast-seo-premium-wordpress\/ -->\n<title>Harmonogram zaj\u0119\u0107 - Filologia Angielska PANS w Kro\u015bnie<\/title>\n<meta name=\"description\" content=\"Dwuj\u0119zyczne studia dla t\u0142umaczy, semestr letni 2019\/2020\" \/>\n<meta name=\"robots\" content=\"index, follow, max-snippet:-1, max-image-preview:large, max-video-preview:-1\" \/>\n<link rel=\"canonical\" href=\"https:\/\/pans.krosno.pl\/fa\/harmonogram-zajec\/\" \/>\n<meta property=\"og:locale\" content=\"pl_PL\" \/>\n<meta property=\"og:type\" content=\"article\" \/>\n<meta property=\"og:title\" content=\"Harmonogram zaj\u0119\u0107\" \/>\n<meta property=\"og:description\" content=\"Dwuj\u0119zyczne studia dla t\u0142umaczy, semestr letni 2019\/2020\" \/>\n<meta property=\"og:url\" content=\"https:\/\/pans.krosno.pl\/fa\/harmonogram-zajec\/\" \/>\n<meta property=\"og:site_name\" content=\"Filologia Angielska PANS w Kro\u015bnie\" \/>\n<meta property=\"article:modified_time\" content=\"2026-03-09T22:23:47+00:00\" \/>\n<meta property=\"og:image\" content=\"https:\/\/pans.krosno.pl\/fa\/wp-content\/uploads\/sites\/13\/2020\/10\/Budynki-KW.png\" \/>\n\t<meta property=\"og:image:width\" content=\"747\" \/>\n\t<meta property=\"og:image:height\" content=\"441\" \/>\n\t<meta property=\"og:image:type\" content=\"image\/png\" \/>\n<meta name=\"twitter:card\" content=\"summary_large_image\" \/>\n<meta name=\"twitter:label1\" content=\"Szacowany czas czytania\" \/>\n\t<meta name=\"twitter:data1\" content=\"1 minuta\" \/>\n<script type=\"application\/ld+json\" class=\"yoast-schema-graph\">{\"@context\":\"https:\\\/\\\/schema.org\",\"@graph\":[{\"@type\":\"WebPage\",\"@id\":\"https:\\\/\\\/pans.krosno.pl\\\/fa\\\/harmonogram-zajec\\\/\",\"url\":\"https:\\\/\\\/pans.krosno.pl\\\/fa\\\/harmonogram-zajec\\\/\",\"name\":\"Harmonogram zaj\u0119\u0107 - Filologia Angielska PANS w Kro\u015bnie\",\"isPartOf\":{\"@id\":\"https:\\\/\\\/pans.krosno.pl\\\/fa\\\/#website\"},\"primaryImageOfPage\":{\"@id\":\"https:\\\/\\\/pans.krosno.pl\\\/fa\\\/harmonogram-zajec\\\/#primaryimage\"},\"image\":{\"@id\":\"https:\\\/\\\/pans.krosno.pl\\\/fa\\\/harmonogram-zajec\\\/#primaryimage\"},\"thumbnailUrl\":\"https:\\\/\\\/pans.krosno.pl\\\/fa\\\/wp-content\\\/uploads\\\/sites\\\/13\\\/2020\\\/10\\\/Budynki-KW.png\",\"datePublished\":\"2020-03-27T23:14:16+00:00\",\"dateModified\":\"2026-03-09T22:23:47+00:00\",\"description\":\"Dwuj\u0119zyczne studia dla t\u0142umaczy, semestr letni 2019\\\/2020\",\"breadcrumb\":{\"@id\":\"https:\\\/\\\/pans.krosno.pl\\\/fa\\\/harmonogram-zajec\\\/#breadcrumb\"},\"inLanguage\":\"pl-PL\",\"potentialAction\":[{\"@type\":\"ReadAction\",\"target\":[\"https:\\\/\\\/pans.krosno.pl\\\/fa\\\/harmonogram-zajec\\\/\"]}]},{\"@type\":\"ImageObject\",\"inLanguage\":\"pl-PL\",\"@id\":\"https:\\\/\\\/pans.krosno.pl\\\/fa\\\/harmonogram-zajec\\\/#primaryimage\",\"url\":\"https:\\\/\\\/pans.krosno.pl\\\/fa\\\/wp-content\\\/uploads\\\/sites\\\/13\\\/2020\\\/10\\\/Budynki-KW.png\",\"contentUrl\":\"https:\\\/\\\/pans.krosno.pl\\\/fa\\\/wp-content\\\/uploads\\\/sites\\\/13\\\/2020\\\/10\\\/Budynki-KW.png\",\"width\":747,\"height\":441},{\"@type\":\"BreadcrumbList\",\"@id\":\"https:\\\/\\\/pans.krosno.pl\\\/fa\\\/harmonogram-zajec\\\/#breadcrumb\",\"itemListElement\":[{\"@type\":\"ListItem\",\"position\":1,\"name\":\"Strona g\u0142\u00f3wna\",\"item\":\"https:\\\/\\\/pans.krosno.pl\\\/fa\\\/\"},{\"@type\":\"ListItem\",\"position\":2,\"name\":\"Harmonogram zaj\u0119\u0107\"}]},{\"@type\":\"WebSite\",\"@id\":\"https:\\\/\\\/pans.krosno.pl\\\/fa\\\/#website\",\"url\":\"https:\\\/\\\/pans.krosno.pl\\\/fa\\\/\",\"name\":\"Filologia Angielska PANS w Kro\u015bnie\",\"description\":\"Filologia Angielska - Pa\u0144stwowa Akademia Nauk Stosowanych\",\"publisher\":{\"@id\":\"https:\\\/\\\/pans.krosno.pl\\\/fa\\\/#organization\"},\"potentialAction\":[{\"@type\":\"SearchAction\",\"target\":{\"@type\":\"EntryPoint\",\"urlTemplate\":\"https:\\\/\\\/pans.krosno.pl\\\/fa\\\/?s={search_term_string}\"},\"query-input\":{\"@type\":\"PropertyValueSpecification\",\"valueRequired\":true,\"valueName\":\"search_term_string\"}}],\"inLanguage\":\"pl-PL\"},{\"@type\":\"Organization\",\"@id\":\"https:\\\/\\\/pans.krosno.pl\\\/fa\\\/#organization\",\"name\":\"Filologia Angielska PANS w Kro\u015bnie\",\"url\":\"https:\\\/\\\/pans.krosno.pl\\\/fa\\\/\",\"logo\":{\"@type\":\"ImageObject\",\"inLanguage\":\"pl-PL\",\"@id\":\"https:\\\/\\\/pans.krosno.pl\\\/fa\\\/#\\\/schema\\\/logo\\\/image\\\/\",\"url\":\"https:\\\/\\\/pans.krosno.pl\\\/fa\\\/wp-content\\\/uploads\\\/sites\\\/13\\\/2023\\\/01\\\/Logo-PANS-2022-pelne.png\",\"contentUrl\":\"https:\\\/\\\/pans.krosno.pl\\\/fa\\\/wp-content\\\/uploads\\\/sites\\\/13\\\/2023\\\/01\\\/Logo-PANS-2022-pelne.png\",\"width\":3096,\"height\":696,\"caption\":\"Filologia Angielska PANS w Kro\u015bnie\"},\"image\":{\"@id\":\"https:\\\/\\\/pans.krosno.pl\\\/fa\\\/#\\\/schema\\\/logo\\\/image\\\/\"}}]}<\/script>\n<!-- \/ Yoast SEO Premium plugin. -->","yoast_head_json":{"title":"Harmonogram zaj\u0119\u0107 - Filologia Angielska PANS w Kro\u015bnie","description":"Dwuj\u0119zyczne studia dla t\u0142umaczy, semestr letni 2019\/2020","robots":{"index":"index","follow":"follow","max-snippet":"max-snippet:-1","max-image-preview":"max-image-preview:large","max-video-preview":"max-video-preview:-1"},"canonical":"https:\/\/pans.krosno.pl\/fa\/harmonogram-zajec\/","og_locale":"pl_PL","og_type":"article","og_title":"Harmonogram zaj\u0119\u0107","og_description":"Dwuj\u0119zyczne studia dla t\u0142umaczy, semestr letni 2019\/2020","og_url":"https:\/\/pans.krosno.pl\/fa\/harmonogram-zajec\/","og_site_name":"Filologia Angielska PANS w Kro\u015bnie","article_modified_time":"2026-03-09T22:23:47+00:00","og_image":[{"width":747,"height":441,"url":"https:\/\/pans.krosno.pl\/fa\/wp-content\/uploads\/sites\/13\/2020\/10\/Budynki-KW.png","type":"image\/png"}],"twitter_card":"summary_large_image","twitter_misc":{"Szacowany czas czytania":"1 minuta"},"schema":{"@context":"https:\/\/schema.org","@graph":[{"@type":"WebPage","@id":"https:\/\/pans.krosno.pl\/fa\/harmonogram-zajec\/","url":"https:\/\/pans.krosno.pl\/fa\/harmonogram-zajec\/","name":"Harmonogram zaj\u0119\u0107 - Filologia Angielska PANS w Kro\u015bnie","isPartOf":{"@id":"https:\/\/pans.krosno.pl\/fa\/#website"},"primaryImageOfPage":{"@id":"https:\/\/pans.krosno.pl\/fa\/harmonogram-zajec\/#primaryimage"},"image":{"@id":"https:\/\/pans.krosno.pl\/fa\/harmonogram-zajec\/#primaryimage"},"thumbnailUrl":"https:\/\/pans.krosno.pl\/fa\/wp-content\/uploads\/sites\/13\/2020\/10\/Budynki-KW.png","datePublished":"2020-03-27T23:14:16+00:00","dateModified":"2026-03-09T22:23:47+00:00","description":"Dwuj\u0119zyczne studia dla t\u0142umaczy, semestr letni 2019\/2020","breadcrumb":{"@id":"https:\/\/pans.krosno.pl\/fa\/harmonogram-zajec\/#breadcrumb"},"inLanguage":"pl-PL","potentialAction":[{"@type":"ReadAction","target":["https:\/\/pans.krosno.pl\/fa\/harmonogram-zajec\/"]}]},{"@type":"ImageObject","inLanguage":"pl-PL","@id":"https:\/\/pans.krosno.pl\/fa\/harmonogram-zajec\/#primaryimage","url":"https:\/\/pans.krosno.pl\/fa\/wp-content\/uploads\/sites\/13\/2020\/10\/Budynki-KW.png","contentUrl":"https:\/\/pans.krosno.pl\/fa\/wp-content\/uploads\/sites\/13\/2020\/10\/Budynki-KW.png","width":747,"height":441},{"@type":"BreadcrumbList","@id":"https:\/\/pans.krosno.pl\/fa\/harmonogram-zajec\/#breadcrumb","itemListElement":[{"@type":"ListItem","position":1,"name":"Strona g\u0142\u00f3wna","item":"https:\/\/pans.krosno.pl\/fa\/"},{"@type":"ListItem","position":2,"name":"Harmonogram zaj\u0119\u0107"}]},{"@type":"WebSite","@id":"https:\/\/pans.krosno.pl\/fa\/#website","url":"https:\/\/pans.krosno.pl\/fa\/","name":"Filologia Angielska PANS w Kro\u015bnie","description":"Filologia Angielska - Pa\u0144stwowa Akademia Nauk Stosowanych","publisher":{"@id":"https:\/\/pans.krosno.pl\/fa\/#organization"},"potentialAction":[{"@type":"SearchAction","target":{"@type":"EntryPoint","urlTemplate":"https:\/\/pans.krosno.pl\/fa\/?s={search_term_string}"},"query-input":{"@type":"PropertyValueSpecification","valueRequired":true,"valueName":"search_term_string"}}],"inLanguage":"pl-PL"},{"@type":"Organization","@id":"https:\/\/pans.krosno.pl\/fa\/#organization","name":"Filologia Angielska PANS w Kro\u015bnie","url":"https:\/\/pans.krosno.pl\/fa\/","logo":{"@type":"ImageObject","inLanguage":"pl-PL","@id":"https:\/\/pans.krosno.pl\/fa\/#\/schema\/logo\/image\/","url":"https:\/\/pans.krosno.pl\/fa\/wp-content\/uploads\/sites\/13\/2023\/01\/Logo-PANS-2022-pelne.png","contentUrl":"https:\/\/pans.krosno.pl\/fa\/wp-content\/uploads\/sites\/13\/2023\/01\/Logo-PANS-2022-pelne.png","width":3096,"height":696,"caption":"Filologia Angielska PANS w Kro\u015bnie"},"image":{"@id":"https:\/\/pans.krosno.pl\/fa\/#\/schema\/logo\/image\/"}}]}},"_links":{"self":[{"href":"https:\/\/pans.krosno.pl\/fa\/wp-json\/wp\/v2\/pages\/64","targetHints":{"allow":["GET"]}}],"collection":[{"href":"https:\/\/pans.krosno.pl\/fa\/wp-json\/wp\/v2\/pages"}],"about":[{"href":"https:\/\/pans.krosno.pl\/fa\/wp-json\/wp\/v2\/types\/page"}],"author":[{"embeddable":true,"href":"https:\/\/pans.krosno.pl\/fa\/wp-json\/wp\/v2\/users\/27"}],"replies":[{"embeddable":true,"href":"https:\/\/pans.krosno.pl\/fa\/wp-json\/wp\/v2\/comments?post=64"}],"version-history":[{"count":131,"href":"https:\/\/pans.krosno.pl\/fa\/wp-json\/wp\/v2\/pages\/64\/revisions"}],"predecessor-version":[{"id":6091,"href":"https:\/\/pans.krosno.pl\/fa\/wp-json\/wp\/v2\/pages\/64\/revisions\/6091"}],"wp:attachment":[{"href":"https:\/\/pans.krosno.pl\/fa\/wp-json\/wp\/v2\/media?parent=64"}],"curies":[{"name":"wp","href":"https:\/\/api.w.org\/{rel}","templated":true}]}}