{"id":54,"date":"2020-03-28T00:13:19","date_gmt":"2020-03-27T23:13:19","guid":{"rendered":"https:\/\/pans.krosno.pl\/fa\/?page_id=54"},"modified":"2025-09-22T15:24:55","modified_gmt":"2025-09-22T13:24:55","slug":"programy-studiow","status":"publish","type":"page","link":"https:\/\/pans.krosno.pl\/fa\/programy-studiow\/","title":{"rendered":"Programy studi\u00f3w"},"content":{"rendered":"\n<hr class=\"wp-block-separator has-alpha-channel-opacity\" \/>\n\n\n\n<p class=\"has-medium-font-size\"><strong>ROK I (cykl 2025-2028)<\/strong><\/p>\n\n\n\n<div class=\"wp-block-file\"><a id=\"wp-block-file--media-15205fc9-ed06-402a-bea6-ae511874f1f0\" href=\"https:\/\/pans.krosno.pl\/fa\/wp-content\/uploads\/sites\/13\/2025\/09\/Filologia-w-zakresie-filologii-angielskiej-program-st-2025-_-2028-1.pdf\">Filologia w zakresie filologii angielskiej program st 2025 _ 2028<\/a><a href=\"https:\/\/pans.krosno.pl\/fa\/wp-content\/uploads\/sites\/13\/2025\/09\/Filologia-w-zakresie-filologii-angielskiej-program-st-2025-_-2028-1.pdf\" class=\"wp-block-file__button wp-element-button\" download aria-describedby=\"wp-block-file--media-15205fc9-ed06-402a-bea6-ae511874f1f0\">Pobierz<\/a><\/div>\n\n\n\n<hr class=\"wp-block-separator has-alpha-channel-opacity\" \/>\n\n\n\n<p class=\"has-medium-font-size\"><strong>ROK II (Cykl 2024-2027)<\/strong><\/p>\n\n\n\n<div class=\"wp-block-file\"><a id=\"wp-block-file--media-9a84927f-f576-4d62-8633-41e8f9962c6b\" href=\"https:\/\/pans.krosno.pl\/fa\/wp-content\/uploads\/sites\/13\/2025\/09\/08.07._Program-studiow-dla-kierunku-Filologia-w-zakresie-filologii-angielskiej-dla-cyklu-ksztalcenia-2024-2027-6.pdf\">08.07._Program-studiow-dla-kierunku-Filologia-w-zakresie-filologii-angielskiej-dla-cyklu-ksztalcenia-2024-2027-6<\/a><a href=\"https:\/\/pans.krosno.pl\/fa\/wp-content\/uploads\/sites\/13\/2025\/09\/08.07._Program-studiow-dla-kierunku-Filologia-w-zakresie-filologii-angielskiej-dla-cyklu-ksztalcenia-2024-2027-6.pdf\" class=\"wp-block-file__button wp-element-button\" download aria-describedby=\"wp-block-file--media-9a84927f-f576-4d62-8633-41e8f9962c6b\">Pobierz<\/a><\/div>\n\n\n\n<hr class=\"wp-block-separator has-alpha-channel-opacity\" \/>\n\n\n\n<p class=\"has-medium-font-size\"><strong>ROK III (Cykl 2023-2026)<\/strong><\/p>\n\n\n\n<div class=\"wp-block-file\"><a id=\"wp-block-file--media-022bd8c2-2fcf-4274-97cf-8b42748511ea\" href=\"https:\/\/pans.krosno.pl\/fa\/wp-content\/uploads\/sites\/13\/2025\/09\/Program-studiow-dla-kierunku-Filologia-w-zakresie-filologii-angielskiej-dla-cyklu-ksztalcenia-2023-2026-1-6-2.pdf\">Program-studiow-dla-kierunku-Filologia-w-zakresie-filologii-angielskiej-dla-cyklu-ksztalcenia-2023-2026-1-6<\/a><a href=\"https:\/\/pans.krosno.pl\/fa\/wp-content\/uploads\/sites\/13\/2025\/09\/Program-studiow-dla-kierunku-Filologia-w-zakresie-filologii-angielskiej-dla-cyklu-ksztalcenia-2023-2026-1-6-2.pdf\" class=\"wp-block-file__button wp-element-button\" download aria-describedby=\"wp-block-file--media-022bd8c2-2fcf-4274-97cf-8b42748511ea\">Pobierz<\/a><\/div>\n\n\n\n<hr class=\"wp-block-separator has-alpha-channel-opacity\" \/>\n","protected":false},"excerpt":{"rendered":"<p>ROK I (cykl 2025-2028) ROK II (Cykl 2024-2027) ROK III (Cykl 2023-2026)<\/p>\n","protected":false},"author":27,"featured_media":0,"parent":0,"menu_order":0,"comment_status":"closed","ping_status":"closed","template":"page-templates\/template-full-width.php","meta":{"ngg_post_thumbnail":0,"footnotes":""},"class_list":["post-54","page","type-page","status-publish","hentry"],"yoast_head":"<!-- This site is optimized with the Yoast SEO Premium plugin v27.3 (Yoast SEO v27.3) - https:\/\/yoast.com\/product\/yoast-seo-premium-wordpress\/ -->\n<title>Programy studi\u00f3w - Filologia Angielska PANS w Kro\u015bnie<\/title>\n<meta name=\"description\" content=\"Program studi\u00f3w filologii angielskiej w cyklu 2019-2022 z trzema specjalizacjami\" \/>\n<meta name=\"robots\" content=\"index, follow, max-snippet:-1, max-image-preview:large, max-video-preview:-1\" \/>\n<link rel=\"canonical\" href=\"https:\/\/pans.krosno.pl\/fa\/programy-studiow\/\" \/>\n<meta property=\"og:locale\" content=\"pl_PL\" \/>\n<meta property=\"og:type\" content=\"article\" \/>\n<meta property=\"og:title\" content=\"Programy studi\u00f3w\" \/>\n<meta property=\"og:description\" content=\"Program studi\u00f3w filologii angielskiej w cyklu 2019-2022 z trzema specjalizacjami\" \/>\n<meta property=\"og:url\" content=\"https:\/\/pans.krosno.pl\/fa\/programy-studiow\/\" \/>\n<meta property=\"og:site_name\" content=\"Filologia Angielska PANS w Kro\u015bnie\" \/>\n<meta property=\"article:modified_time\" content=\"2025-09-22T13:24:55+00:00\" \/>\n<meta name=\"twitter:card\" content=\"summary_large_image\" \/>\n<meta name=\"twitter:label1\" content=\"Szacowany czas czytania\" \/>\n\t<meta name=\"twitter:data1\" content=\"1 minuta\" \/>\n<script type=\"application\/ld+json\" class=\"yoast-schema-graph\">{\"@context\":\"https:\\\/\\\/schema.org\",\"@graph\":[{\"@type\":\"WebPage\",\"@id\":\"https:\\\/\\\/pans.krosno.pl\\\/fa\\\/programy-studiow\\\/\",\"url\":\"https:\\\/\\\/pans.krosno.pl\\\/fa\\\/programy-studiow\\\/\",\"name\":\"Programy studi\u00f3w - Filologia Angielska PANS w Kro\u015bnie\",\"isPartOf\":{\"@id\":\"https:\\\/\\\/pans.krosno.pl\\\/fa\\\/#website\"},\"datePublished\":\"2020-03-27T23:13:19+00:00\",\"dateModified\":\"2025-09-22T13:24:55+00:00\",\"description\":\"Program studi\u00f3w filologii angielskiej w cyklu 2019-2022 z trzema specjalizacjami\",\"breadcrumb\":{\"@id\":\"https:\\\/\\\/pans.krosno.pl\\\/fa\\\/programy-studiow\\\/#breadcrumb\"},\"inLanguage\":\"pl-PL\",\"potentialAction\":[{\"@type\":\"ReadAction\",\"target\":[\"https:\\\/\\\/pans.krosno.pl\\\/fa\\\/programy-studiow\\\/\"]}]},{\"@type\":\"BreadcrumbList\",\"@id\":\"https:\\\/\\\/pans.krosno.pl\\\/fa\\\/programy-studiow\\\/#breadcrumb\",\"itemListElement\":[{\"@type\":\"ListItem\",\"position\":1,\"name\":\"Strona g\u0142\u00f3wna\",\"item\":\"https:\\\/\\\/pans.krosno.pl\\\/fa\\\/\"},{\"@type\":\"ListItem\",\"position\":2,\"name\":\"Programy studi\u00f3w\"}]},{\"@type\":\"WebSite\",\"@id\":\"https:\\\/\\\/pans.krosno.pl\\\/fa\\\/#website\",\"url\":\"https:\\\/\\\/pans.krosno.pl\\\/fa\\\/\",\"name\":\"Filologia Angielska PANS w Kro\u015bnie\",\"description\":\"Filologia Angielska - Pa\u0144stwowa Akademia Nauk Stosowanych\",\"publisher\":{\"@id\":\"https:\\\/\\\/pans.krosno.pl\\\/fa\\\/#organization\"},\"potentialAction\":[{\"@type\":\"SearchAction\",\"target\":{\"@type\":\"EntryPoint\",\"urlTemplate\":\"https:\\\/\\\/pans.krosno.pl\\\/fa\\\/?s={search_term_string}\"},\"query-input\":{\"@type\":\"PropertyValueSpecification\",\"valueRequired\":true,\"valueName\":\"search_term_string\"}}],\"inLanguage\":\"pl-PL\"},{\"@type\":\"Organization\",\"@id\":\"https:\\\/\\\/pans.krosno.pl\\\/fa\\\/#organization\",\"name\":\"Filologia Angielska PANS w Kro\u015bnie\",\"url\":\"https:\\\/\\\/pans.krosno.pl\\\/fa\\\/\",\"logo\":{\"@type\":\"ImageObject\",\"inLanguage\":\"pl-PL\",\"@id\":\"https:\\\/\\\/pans.krosno.pl\\\/fa\\\/#\\\/schema\\\/logo\\\/image\\\/\",\"url\":\"https:\\\/\\\/pans.krosno.pl\\\/fa\\\/wp-content\\\/uploads\\\/sites\\\/13\\\/2023\\\/01\\\/Logo-PANS-2022-pelne.png\",\"contentUrl\":\"https:\\\/\\\/pans.krosno.pl\\\/fa\\\/wp-content\\\/uploads\\\/sites\\\/13\\\/2023\\\/01\\\/Logo-PANS-2022-pelne.png\",\"width\":3096,\"height\":696,\"caption\":\"Filologia Angielska PANS w Kro\u015bnie\"},\"image\":{\"@id\":\"https:\\\/\\\/pans.krosno.pl\\\/fa\\\/#\\\/schema\\\/logo\\\/image\\\/\"}}]}<\/script>\n<!-- \/ Yoast SEO Premium plugin. -->","yoast_head_json":{"title":"Programy studi\u00f3w - Filologia Angielska PANS w Kro\u015bnie","description":"Program studi\u00f3w filologii angielskiej w cyklu 2019-2022 z trzema specjalizacjami","robots":{"index":"index","follow":"follow","max-snippet":"max-snippet:-1","max-image-preview":"max-image-preview:large","max-video-preview":"max-video-preview:-1"},"canonical":"https:\/\/pans.krosno.pl\/fa\/programy-studiow\/","og_locale":"pl_PL","og_type":"article","og_title":"Programy studi\u00f3w","og_description":"Program studi\u00f3w filologii angielskiej w cyklu 2019-2022 z trzema specjalizacjami","og_url":"https:\/\/pans.krosno.pl\/fa\/programy-studiow\/","og_site_name":"Filologia Angielska PANS w Kro\u015bnie","article_modified_time":"2025-09-22T13:24:55+00:00","twitter_card":"summary_large_image","twitter_misc":{"Szacowany czas czytania":"1 minuta"},"schema":{"@context":"https:\/\/schema.org","@graph":[{"@type":"WebPage","@id":"https:\/\/pans.krosno.pl\/fa\/programy-studiow\/","url":"https:\/\/pans.krosno.pl\/fa\/programy-studiow\/","name":"Programy studi\u00f3w - Filologia Angielska PANS w Kro\u015bnie","isPartOf":{"@id":"https:\/\/pans.krosno.pl\/fa\/#website"},"datePublished":"2020-03-27T23:13:19+00:00","dateModified":"2025-09-22T13:24:55+00:00","description":"Program studi\u00f3w filologii angielskiej w cyklu 2019-2022 z trzema specjalizacjami","breadcrumb":{"@id":"https:\/\/pans.krosno.pl\/fa\/programy-studiow\/#breadcrumb"},"inLanguage":"pl-PL","potentialAction":[{"@type":"ReadAction","target":["https:\/\/pans.krosno.pl\/fa\/programy-studiow\/"]}]},{"@type":"BreadcrumbList","@id":"https:\/\/pans.krosno.pl\/fa\/programy-studiow\/#breadcrumb","itemListElement":[{"@type":"ListItem","position":1,"name":"Strona g\u0142\u00f3wna","item":"https:\/\/pans.krosno.pl\/fa\/"},{"@type":"ListItem","position":2,"name":"Programy studi\u00f3w"}]},{"@type":"WebSite","@id":"https:\/\/pans.krosno.pl\/fa\/#website","url":"https:\/\/pans.krosno.pl\/fa\/","name":"Filologia Angielska PANS w Kro\u015bnie","description":"Filologia Angielska - Pa\u0144stwowa Akademia Nauk Stosowanych","publisher":{"@id":"https:\/\/pans.krosno.pl\/fa\/#organization"},"potentialAction":[{"@type":"SearchAction","target":{"@type":"EntryPoint","urlTemplate":"https:\/\/pans.krosno.pl\/fa\/?s={search_term_string}"},"query-input":{"@type":"PropertyValueSpecification","valueRequired":true,"valueName":"search_term_string"}}],"inLanguage":"pl-PL"},{"@type":"Organization","@id":"https:\/\/pans.krosno.pl\/fa\/#organization","name":"Filologia Angielska PANS w Kro\u015bnie","url":"https:\/\/pans.krosno.pl\/fa\/","logo":{"@type":"ImageObject","inLanguage":"pl-PL","@id":"https:\/\/pans.krosno.pl\/fa\/#\/schema\/logo\/image\/","url":"https:\/\/pans.krosno.pl\/fa\/wp-content\/uploads\/sites\/13\/2023\/01\/Logo-PANS-2022-pelne.png","contentUrl":"https:\/\/pans.krosno.pl\/fa\/wp-content\/uploads\/sites\/13\/2023\/01\/Logo-PANS-2022-pelne.png","width":3096,"height":696,"caption":"Filologia Angielska PANS w Kro\u015bnie"},"image":{"@id":"https:\/\/pans.krosno.pl\/fa\/#\/schema\/logo\/image\/"}}]}},"_links":{"self":[{"href":"https:\/\/pans.krosno.pl\/fa\/wp-json\/wp\/v2\/pages\/54","targetHints":{"allow":["GET"]}}],"collection":[{"href":"https:\/\/pans.krosno.pl\/fa\/wp-json\/wp\/v2\/pages"}],"about":[{"href":"https:\/\/pans.krosno.pl\/fa\/wp-json\/wp\/v2\/types\/page"}],"author":[{"embeddable":true,"href":"https:\/\/pans.krosno.pl\/fa\/wp-json\/wp\/v2\/users\/27"}],"replies":[{"embeddable":true,"href":"https:\/\/pans.krosno.pl\/fa\/wp-json\/wp\/v2\/comments?post=54"}],"version-history":[{"count":52,"href":"https:\/\/pans.krosno.pl\/fa\/wp-json\/wp\/v2\/pages\/54\/revisions"}],"predecessor-version":[{"id":5734,"href":"https:\/\/pans.krosno.pl\/fa\/wp-json\/wp\/v2\/pages\/54\/revisions\/5734"}],"wp:attachment":[{"href":"https:\/\/pans.krosno.pl\/fa\/wp-json\/wp\/v2\/media?parent=54"}],"curies":[{"name":"wp","href":"https:\/\/api.w.org\/{rel}","templated":true}]}}