{"id":493,"date":"2020-06-22T17:25:46","date_gmt":"2020-06-22T15:25:46","guid":{"rendered":"https:\/\/pans.krosno.pl\/fa\/?page_id=493"},"modified":"2023-07-26T08:53:52","modified_gmt":"2023-07-26T06:53:52","slug":"kursy-telekonferencyjne","status":"publish","type":"page","link":"https:\/\/pans.krosno.pl\/fa\/kursy-telekonferencyjne\/","title":{"rendered":"Kursy telekonferencyjne"},"content":{"rendered":"\n<h3 class=\"wp-block-heading\" id=\"h-program-global-understanding\">Program Global Understanding<\/h3>\n\n\n\n<p><strong>Oblicza wielokulturowo\u015bci<\/strong><\/p>\n\n\n\n<p>Pa\u0144stwowa Akademia Nauk Stosowanych jest cz\u0142onkiem organizacji Global Partners in Education (GPE), dzia\u0142aj\u0105cej przy East Carolina University, jednym z naszych uniwersytet\u00f3w partnerskich w USA. GPE jest organizacj\u0105 o globalnym zasi\u0119gu, skupiaj\u0105c\u0105 49 instytucji z 31 kraj\u00f3w. W ci\u0105gu ostatnich 15 lat w programach organizowanych przez GPE wzi\u0119\u0142o udzia\u0142 27000 student\u00f3w.<\/p>\n\n\n\n<p>W trakcie kursu Global Understanding studenci z Krosna wsp\u00f3\u0142pracuj\u0105 ze studentami z dwoch r\u00f3\u017cnych kraj\u00f3w. Z ka\u017cd\u0105 grup\u0105 pracuj\u0105 przez trzy tygodnie i w tym czasie odbywaj\u0105 sze\u015b\u0107 wideokonferencji. Podczas spotka\u0144 rozmawiaj\u0105 m.in. o \u017cyciu studenckim, rodzinie, sensie \u017cycia, religii, stereotypach i uprzedzeniach. Struktura kursu sprzyja budowaniu relacji w czasie zaj\u0119\u0107 oraz poza nimi. Ka\u017cdy student wsp\u00f3\u0142pracuje z partnerem z zagranicy, z kt\u00f3rym &nbsp;przygotowuje wsp\u00f3lny projekt. Podczas pracy nad projektem, studenci musz\u0105 poradzi\u0107 sobie z r\u00f3\u017cnicami czasu i r\u00f3\u017cnicami kulturowymi.<\/p>\n\n\n\n<p>W ci\u0105gu wielu lat uczestnictwa uczelni w programie studenci PANS w Kro\u015bnie wsp\u00f3\u0142pracowali m.in. ze studentami z USA, Chin, Indii, Pakistanu, Algierii, Libanu, Rosji, Macedonii, Niemiec, Francji, Malezji, Peru, Meksyku, Kolumbii oraz Nigerii.<\/p>\n\n\n\n<p>Dla wszystkich cz\u0142onk\u00f3w GPE, poza partnerami z USA, j\u0119zyk angielski jest j\u0119zykiem obcym. Uczestnicy programu studiuj\u0105 na r\u00f3\u017cnych kierunkach, takich jak biznes, ekonomia, nauki spo\u0142eczne, matematyka, in\u017cynieria, medycyna czy pedagogika. Dzi\u0119ki tej r\u00f3\u017cnorodno\u015bci, studenci z Krosna mog\u0105 pozna\u0107 r\u00f3\u017cne spojrzenia na \u015bwiat i poszerzy\u0107 swoje horyzonty.<\/p>\n\n\n\n<p>Program Global Understanding stwarza przyjazne warunki, w kt\u00f3rych studenci pewnie&nbsp; wkraczaj\u0105 w \u015bwiat komunikacji mi\u0119dzykulturowej i zdobywaj\u0105 umiej\u0119tno\u015bci niezb\u0119dne do porozumiewania si\u0119 w globalnym spo\u0142ecze\u0144stwie. Bior\u0105c udzia\u0142 w kursie, studenci poznaj\u0105 r\u00f3\u017cne kultury poprzez interakcje z r\u00f3wie\u015bnikami, w trakcie kt\u00f3rych rozmawiaj\u0105 o sprawach, kt\u00f3re ich interesuj\u0105. Ucz\u0105c si\u0119 komunikowa\u0107 z lud\u017ami z r\u00f3\u017cnych miejsc, rozwijaj\u0105 kompetencje komunikacyjne w praktyce i nabywaj\u0105 umiej\u0119tno\u015bci niezb\u0119dnych do \u015bwiadomego funkcjonowania we wsp\u00f3\u0142czesnym \u015bwiecie.<\/p>\n\n\n\n<p>W 2015 roku PWSZ w Kro\u015bnie otrzyma\u0142 od GPE nagrod\u0119 Global Centre of Excellence za prac\u0119 w\u0142o\u017con\u0105 w prowadzenie i rozw\u00f3j programu Global Understanding. Nauczyciele z Krosna byli te\u017c kilkakrotnie nominowani do nagrody Rosina Chia Award for Excellence in Teaching. Koordynatorem programu w PANS w Kro\u015bnie jest mgr Katarzyna Dziemian.<\/p>\n","protected":false},"excerpt":{"rendered":"<p>Program Global Understanding Oblicza wielokulturowo\u015bci Pa\u0144stwowa Akademia Nauk Stosowanych jest cz\u0142onkiem organizacji Global Partners in Education (GPE), dzia\u0142aj\u0105cej przy East Carolina University, jednym z naszych uniwersytet\u00f3w partnerskich w USA. GPE jest organizacj\u0105 o globalnym zasi\u0119gu, skupiaj\u0105c\u0105 49 instytucji z 31 kraj\u00f3w. W ci\u0105gu ostatnich 15 lat w programach organizowanych przez [\u2026] <\/p>\n<div class=\"clear\"><\/div>\n<p><a class=\"more_link clearfix\" href=\"https:\/\/pans.krosno.pl\/fa\/kursy-telekonferencyjne\/\" rel=\"nofollow\">Read More<\/a><\/p>\n","protected":false},"author":27,"featured_media":502,"parent":0,"menu_order":0,"comment_status":"closed","ping_status":"closed","template":"page-templates\/template-full-width.php","meta":{"ngg_post_thumbnail":0,"footnotes":""},"class_list":["post-493","page","type-page","status-publish","has-post-thumbnail","hentry"],"yoast_head":"<!-- This site is optimized with the Yoast SEO Premium plugin v27.4 (Yoast SEO v27.4) - https:\/\/yoast.com\/product\/yoast-seo-premium-wordpress\/ -->\n<title>Kursy telekonferencyjne - Filologia Angielska PANS w Kro\u015bnie<\/title>\n<meta name=\"description\" content=\"W trakcie kursu Global Understanding studenci z Krosna wsp\u00f3\u0142pracuj\u0105 ze studentami z trzech r\u00f3\u017cnych kraj\u00f3w na ca\u0142ym \u015bwiecie.\" \/>\n<meta name=\"robots\" content=\"index, follow, max-snippet:-1, max-image-preview:large, max-video-preview:-1\" \/>\n<link rel=\"canonical\" href=\"https:\/\/pans.krosno.pl\/fa\/kursy-telekonferencyjne\/\" \/>\n<meta property=\"og:locale\" content=\"pl_PL\" \/>\n<meta property=\"og:type\" content=\"article\" \/>\n<meta property=\"og:title\" content=\"Kursy telekonferencyjne\" \/>\n<meta property=\"og:description\" content=\"W trakcie kursu Global Understanding studenci z Krosna wsp\u00f3\u0142pracuj\u0105 ze studentami z trzech r\u00f3\u017cnych kraj\u00f3w na ca\u0142ym \u015bwiecie.\" \/>\n<meta property=\"og:url\" content=\"https:\/\/pans.krosno.pl\/fa\/kursy-telekonferencyjne\/\" \/>\n<meta property=\"og:site_name\" content=\"Filologia Angielska PANS w Kro\u015bnie\" \/>\n<meta property=\"article:modified_time\" content=\"2023-07-26T06:53:52+00:00\" \/>\n<meta property=\"og:image\" content=\"https:\/\/pans.krosno.pl\/wp-content\/uploads\/sites\/13\/2020\/06\/l3uW3JumZVWqkYlkZAgu2-1.jpg\" \/>\n\t<meta property=\"og:image:width\" content=\"134\" \/>\n\t<meta property=\"og:image:height\" content=\"90\" \/>\n\t<meta property=\"og:image:type\" content=\"image\/jpeg\" \/>\n<meta name=\"twitter:card\" content=\"summary_large_image\" \/>\n<meta name=\"twitter:label1\" content=\"Szacowany czas czytania\" \/>\n\t<meta name=\"twitter:data1\" content=\"3 minuty\" \/>\n<script type=\"application\/ld+json\" class=\"yoast-schema-graph\">{\"@context\":\"https:\\\/\\\/schema.org\",\"@graph\":[{\"@type\":\"WebPage\",\"@id\":\"https:\\\/\\\/pans.krosno.pl\\\/fa\\\/kursy-telekonferencyjne\\\/\",\"url\":\"https:\\\/\\\/pans.krosno.pl\\\/fa\\\/kursy-telekonferencyjne\\\/\",\"name\":\"Kursy telekonferencyjne - Filologia Angielska PANS w Kro\u015bnie\",\"isPartOf\":{\"@id\":\"https:\\\/\\\/pans.krosno.pl\\\/fa\\\/#website\"},\"primaryImageOfPage\":{\"@id\":\"https:\\\/\\\/pans.krosno.pl\\\/fa\\\/kursy-telekonferencyjne\\\/#primaryimage\"},\"image\":{\"@id\":\"https:\\\/\\\/pans.krosno.pl\\\/fa\\\/kursy-telekonferencyjne\\\/#primaryimage\"},\"thumbnailUrl\":\"https:\\\/\\\/pans.krosno.pl\\\/fa\\\/wp-content\\\/uploads\\\/sites\\\/13\\\/2020\\\/06\\\/l3uW3JumZVWqkYlkZAgu2-1.jpg\",\"datePublished\":\"2020-06-22T15:25:46+00:00\",\"dateModified\":\"2023-07-26T06:53:52+00:00\",\"description\":\"W trakcie kursu Global Understanding studenci z Krosna wsp\u00f3\u0142pracuj\u0105 ze studentami z trzech r\u00f3\u017cnych kraj\u00f3w na ca\u0142ym \u015bwiecie.\",\"breadcrumb\":{\"@id\":\"https:\\\/\\\/pans.krosno.pl\\\/fa\\\/kursy-telekonferencyjne\\\/#breadcrumb\"},\"inLanguage\":\"pl-PL\",\"potentialAction\":[{\"@type\":\"ReadAction\",\"target\":[\"https:\\\/\\\/pans.krosno.pl\\\/fa\\\/kursy-telekonferencyjne\\\/\"]}]},{\"@type\":\"ImageObject\",\"inLanguage\":\"pl-PL\",\"@id\":\"https:\\\/\\\/pans.krosno.pl\\\/fa\\\/kursy-telekonferencyjne\\\/#primaryimage\",\"url\":\"https:\\\/\\\/pans.krosno.pl\\\/fa\\\/wp-content\\\/uploads\\\/sites\\\/13\\\/2020\\\/06\\\/l3uW3JumZVWqkYlkZAgu2-1.jpg\",\"contentUrl\":\"https:\\\/\\\/pans.krosno.pl\\\/fa\\\/wp-content\\\/uploads\\\/sites\\\/13\\\/2020\\\/06\\\/l3uW3JumZVWqkYlkZAgu2-1.jpg\",\"width\":134,\"height\":90},{\"@type\":\"BreadcrumbList\",\"@id\":\"https:\\\/\\\/pans.krosno.pl\\\/fa\\\/kursy-telekonferencyjne\\\/#breadcrumb\",\"itemListElement\":[{\"@type\":\"ListItem\",\"position\":1,\"name\":\"Strona g\u0142\u00f3wna\",\"item\":\"https:\\\/\\\/pans.krosno.pl\\\/fa\\\/\"},{\"@type\":\"ListItem\",\"position\":2,\"name\":\"Kursy telekonferencyjne\"}]},{\"@type\":\"WebSite\",\"@id\":\"https:\\\/\\\/pans.krosno.pl\\\/fa\\\/#website\",\"url\":\"https:\\\/\\\/pans.krosno.pl\\\/fa\\\/\",\"name\":\"Filologia Angielska PANS w Kro\u015bnie\",\"description\":\"Filologia Angielska - Pa\u0144stwowa Akademia Nauk Stosowanych\",\"publisher\":{\"@id\":\"https:\\\/\\\/pans.krosno.pl\\\/fa\\\/#organization\"},\"potentialAction\":[{\"@type\":\"SearchAction\",\"target\":{\"@type\":\"EntryPoint\",\"urlTemplate\":\"https:\\\/\\\/pans.krosno.pl\\\/fa\\\/?s={search_term_string}\"},\"query-input\":{\"@type\":\"PropertyValueSpecification\",\"valueRequired\":true,\"valueName\":\"search_term_string\"}}],\"inLanguage\":\"pl-PL\"},{\"@type\":\"Organization\",\"@id\":\"https:\\\/\\\/pans.krosno.pl\\\/fa\\\/#organization\",\"name\":\"Filologia Angielska PANS w Kro\u015bnie\",\"url\":\"https:\\\/\\\/pans.krosno.pl\\\/fa\\\/\",\"logo\":{\"@type\":\"ImageObject\",\"inLanguage\":\"pl-PL\",\"@id\":\"https:\\\/\\\/pans.krosno.pl\\\/fa\\\/#\\\/schema\\\/logo\\\/image\\\/\",\"url\":\"https:\\\/\\\/pans.krosno.pl\\\/fa\\\/wp-content\\\/uploads\\\/sites\\\/13\\\/2023\\\/01\\\/Logo-PANS-2022-pelne.png\",\"contentUrl\":\"https:\\\/\\\/pans.krosno.pl\\\/fa\\\/wp-content\\\/uploads\\\/sites\\\/13\\\/2023\\\/01\\\/Logo-PANS-2022-pelne.png\",\"width\":3096,\"height\":696,\"caption\":\"Filologia Angielska PANS w Kro\u015bnie\"},\"image\":{\"@id\":\"https:\\\/\\\/pans.krosno.pl\\\/fa\\\/#\\\/schema\\\/logo\\\/image\\\/\"}}]}<\/script>\n<!-- \/ Yoast SEO Premium plugin. -->","yoast_head_json":{"title":"Kursy telekonferencyjne - Filologia Angielska PANS w Kro\u015bnie","description":"W trakcie kursu Global Understanding studenci z Krosna wsp\u00f3\u0142pracuj\u0105 ze studentami z trzech r\u00f3\u017cnych kraj\u00f3w na ca\u0142ym \u015bwiecie.","robots":{"index":"index","follow":"follow","max-snippet":"max-snippet:-1","max-image-preview":"max-image-preview:large","max-video-preview":"max-video-preview:-1"},"canonical":"https:\/\/pans.krosno.pl\/fa\/kursy-telekonferencyjne\/","og_locale":"pl_PL","og_type":"article","og_title":"Kursy telekonferencyjne","og_description":"W trakcie kursu Global Understanding studenci z Krosna wsp\u00f3\u0142pracuj\u0105 ze studentami z trzech r\u00f3\u017cnych kraj\u00f3w na ca\u0142ym \u015bwiecie.","og_url":"https:\/\/pans.krosno.pl\/fa\/kursy-telekonferencyjne\/","og_site_name":"Filologia Angielska PANS w Kro\u015bnie","article_modified_time":"2023-07-26T06:53:52+00:00","og_image":[{"width":134,"height":90,"url":"https:\/\/pans.krosno.pl\/wp-content\/uploads\/sites\/13\/2020\/06\/l3uW3JumZVWqkYlkZAgu2-1.jpg","type":"image\/jpeg"}],"twitter_card":"summary_large_image","twitter_misc":{"Szacowany czas czytania":"3 minuty"},"schema":{"@context":"https:\/\/schema.org","@graph":[{"@type":"WebPage","@id":"https:\/\/pans.krosno.pl\/fa\/kursy-telekonferencyjne\/","url":"https:\/\/pans.krosno.pl\/fa\/kursy-telekonferencyjne\/","name":"Kursy telekonferencyjne - Filologia Angielska PANS w Kro\u015bnie","isPartOf":{"@id":"https:\/\/pans.krosno.pl\/fa\/#website"},"primaryImageOfPage":{"@id":"https:\/\/pans.krosno.pl\/fa\/kursy-telekonferencyjne\/#primaryimage"},"image":{"@id":"https:\/\/pans.krosno.pl\/fa\/kursy-telekonferencyjne\/#primaryimage"},"thumbnailUrl":"https:\/\/pans.krosno.pl\/fa\/wp-content\/uploads\/sites\/13\/2020\/06\/l3uW3JumZVWqkYlkZAgu2-1.jpg","datePublished":"2020-06-22T15:25:46+00:00","dateModified":"2023-07-26T06:53:52+00:00","description":"W trakcie kursu Global Understanding studenci z Krosna wsp\u00f3\u0142pracuj\u0105 ze studentami z trzech r\u00f3\u017cnych kraj\u00f3w na ca\u0142ym \u015bwiecie.","breadcrumb":{"@id":"https:\/\/pans.krosno.pl\/fa\/kursy-telekonferencyjne\/#breadcrumb"},"inLanguage":"pl-PL","potentialAction":[{"@type":"ReadAction","target":["https:\/\/pans.krosno.pl\/fa\/kursy-telekonferencyjne\/"]}]},{"@type":"ImageObject","inLanguage":"pl-PL","@id":"https:\/\/pans.krosno.pl\/fa\/kursy-telekonferencyjne\/#primaryimage","url":"https:\/\/pans.krosno.pl\/fa\/wp-content\/uploads\/sites\/13\/2020\/06\/l3uW3JumZVWqkYlkZAgu2-1.jpg","contentUrl":"https:\/\/pans.krosno.pl\/fa\/wp-content\/uploads\/sites\/13\/2020\/06\/l3uW3JumZVWqkYlkZAgu2-1.jpg","width":134,"height":90},{"@type":"BreadcrumbList","@id":"https:\/\/pans.krosno.pl\/fa\/kursy-telekonferencyjne\/#breadcrumb","itemListElement":[{"@type":"ListItem","position":1,"name":"Strona g\u0142\u00f3wna","item":"https:\/\/pans.krosno.pl\/fa\/"},{"@type":"ListItem","position":2,"name":"Kursy telekonferencyjne"}]},{"@type":"WebSite","@id":"https:\/\/pans.krosno.pl\/fa\/#website","url":"https:\/\/pans.krosno.pl\/fa\/","name":"Filologia Angielska PANS w Kro\u015bnie","description":"Filologia Angielska - Pa\u0144stwowa Akademia Nauk Stosowanych","publisher":{"@id":"https:\/\/pans.krosno.pl\/fa\/#organization"},"potentialAction":[{"@type":"SearchAction","target":{"@type":"EntryPoint","urlTemplate":"https:\/\/pans.krosno.pl\/fa\/?s={search_term_string}"},"query-input":{"@type":"PropertyValueSpecification","valueRequired":true,"valueName":"search_term_string"}}],"inLanguage":"pl-PL"},{"@type":"Organization","@id":"https:\/\/pans.krosno.pl\/fa\/#organization","name":"Filologia Angielska PANS w Kro\u015bnie","url":"https:\/\/pans.krosno.pl\/fa\/","logo":{"@type":"ImageObject","inLanguage":"pl-PL","@id":"https:\/\/pans.krosno.pl\/fa\/#\/schema\/logo\/image\/","url":"https:\/\/pans.krosno.pl\/fa\/wp-content\/uploads\/sites\/13\/2023\/01\/Logo-PANS-2022-pelne.png","contentUrl":"https:\/\/pans.krosno.pl\/fa\/wp-content\/uploads\/sites\/13\/2023\/01\/Logo-PANS-2022-pelne.png","width":3096,"height":696,"caption":"Filologia Angielska PANS w Kro\u015bnie"},"image":{"@id":"https:\/\/pans.krosno.pl\/fa\/#\/schema\/logo\/image\/"}}]}},"_links":{"self":[{"href":"https:\/\/pans.krosno.pl\/fa\/wp-json\/wp\/v2\/pages\/493","targetHints":{"allow":["GET"]}}],"collection":[{"href":"https:\/\/pans.krosno.pl\/fa\/wp-json\/wp\/v2\/pages"}],"about":[{"href":"https:\/\/pans.krosno.pl\/fa\/wp-json\/wp\/v2\/types\/page"}],"author":[{"embeddable":true,"href":"https:\/\/pans.krosno.pl\/fa\/wp-json\/wp\/v2\/users\/27"}],"replies":[{"embeddable":true,"href":"https:\/\/pans.krosno.pl\/fa\/wp-json\/wp\/v2\/comments?post=493"}],"version-history":[{"count":2,"href":"https:\/\/pans.krosno.pl\/fa\/wp-json\/wp\/v2\/pages\/493\/revisions"}],"predecessor-version":[{"id":3588,"href":"https:\/\/pans.krosno.pl\/fa\/wp-json\/wp\/v2\/pages\/493\/revisions\/3588"}],"wp:featuredmedia":[{"embeddable":true,"href":"https:\/\/pans.krosno.pl\/fa\/wp-json\/wp\/v2\/media\/502"}],"wp:attachment":[{"href":"https:\/\/pans.krosno.pl\/fa\/wp-json\/wp\/v2\/media?parent=493"}],"curies":[{"name":"wp","href":"https:\/\/api.w.org\/{rel}","templated":true}]}}