{"id":39,"date":"2019-10-30T15:43:48","date_gmt":"2019-10-30T14:43:48","guid":{"rendered":"https:\/\/pans.krosno.pl\/zfa\/?page_id=39"},"modified":"2026-04-24T14:06:41","modified_gmt":"2026-04-24T12:06:41","slug":"dyzury-pracownikow","status":"publish","type":"page","link":"https:\/\/pans.krosno.pl\/fa\/dyzury-pracownikow\/","title":{"rendered":"Dy\u017cury pracownik\u00f3w"},"content":{"rendered":"\n<p class=\"has-text-align-center\"><strong>Dy\u017cury pracownik\u00f3w Zak\u0142adu w semestrze letnim roku akademickiego 2025\/202<\/strong>6<\/p>\n\n\n\n<div class=\"wp-block-columns is-layout-flex wp-container-core-columns-is-layout-28f84493 wp-block-columns-is-layout-flex\">\n<div class=\"wp-block-column is-layout-flow wp-block-column-is-layout-flow\" style=\"flex-basis:100%\">\n<figure class=\"wp-block-table is-style-stripes\"><table><thead><tr><th class=\"has-text-align-center\" data-align=\"center\">Imi\u0119 i nazwisko<\/th><th class=\"has-text-align-center\" data-align=\"center\">Dzie\u0144 <\/th><th class=\"has-text-align-center\" data-align=\"center\"><strong>Godzina<\/strong><\/th><th class=\"has-text-align-center\" data-align=\"center\">Miejsce<\/th><\/tr><\/thead><tbody><tr><td class=\"has-text-align-center\" data-align=\"center\"><a href=\"https:\/\/pans.krosno.pl\/pracownicy\/joanna-ziobro\/\">Dr Joanna Ziobro<br>(Dyrektor Instytutu Humanistycznego)<\/a><\/td><td class=\"has-text-align-center\" data-align=\"center\"><br>pi\u0105tek<\/td><td class=\"has-text-align-center\" data-align=\"center\"><br>12:30-14:30<\/td><td class=\"has-text-align-center\" data-align=\"center\">KW8-15 (gabinet dyrektora IH)<\/td><\/tr><tr><td class=\"has-text-align-center\" data-align=\"center\"><a href=\"https:\/\/pans.krosno.pl\/pracownicy\/agnieszka-habrat\/\" target=\"_blank\" rel=\"noreferrer noopener\">Dr Agnieszka Habrat <\/a><br>(kierownik Zak\u0142adu Filologii Angielskiej)<\/td><td class=\"has-text-align-center\" data-align=\"center\">wtorek<br>\u015broda<\/td><td class=\"has-text-align-center\" data-align=\"center\">8:30-9:45<br> 8:00-8:45<\/td><td class=\"has-text-align-center\" data-align=\"center\">KW4-22<\/td><\/tr><tr><td class=\"has-text-align-center\" data-align=\"center\"><a href=\"https:\/\/pans.krosno.pl\/pracownicy\/wladyslaw-chlopicki\/\" target=\"_blank\" rel=\"noreferrer noopener\">dr hab. prof. PANS W\u0142adys\u0142aw Ch\u0142opicki<\/a><\/td><td class=\"has-text-align-center\" data-align=\"center\">czwartek<\/td><td class=\"has-text-align-center\" data-align=\"center\">15:30-17:30<\/td><td class=\"has-text-align-center\" data-align=\"center\">MsTeams, by appointment<\/td><\/tr><tr><td class=\"has-text-align-center\" data-align=\"center\"><a href=\"https:\/\/pans.krosno.pl\/pracownicy\/elzbieta-bragiel\/\">mgr El\u017cbieta Br\u0105giel<\/a><\/td><td class=\"has-text-align-center\" data-align=\"center\">wtorek (3.03, 14.04, 28.04, 12.05, 26.05)<br>czwartek A<br>pi\u0105tek B<br>sobota A<br>sobota A (14.03, 28.03 i 11.04)<\/td><td class=\"has-text-align-center\" data-align=\"center\">14:45-15.45<br>9:00-9:45<br>15:00-16.30<br>11:00-12:00<br>19:15-20:00<br><\/td><td class=\"has-text-align-center\" data-align=\"center\">KW6-5<br>Wyspia\u0144skiego<br> Dmochowskiego, A1, s.28<br>Wyspia\u0144skiego<br>Dmochowskiego, A1, s.28<br><\/td><\/tr><tr><td class=\"has-text-align-center\" data-align=\"center\">mgr Aleksandra Brzana<\/td><td class=\"has-text-align-center\" data-align=\"center\">czwartek<br>pi\u0105tek<\/td><td class=\"has-text-align-center\" data-align=\"center\">7:45-8:45<br>12:15-13:15<\/td><td class=\"has-text-align-center\" data-align=\"center\">KW4-1<\/td><\/tr><tr><td class=\"has-text-align-center\" data-align=\"center\"><a href=\"https:\/\/pans.krosno.pl\/pracownicy\/katarzyna-dziemian\/\" target=\"_blank\" rel=\"noreferrer noopener\">Dr Katarzyna Dziemian<\/a><\/td><td class=\"has-text-align-center\" data-align=\"center\">\u015broda<br>czwartek<\/td><td class=\"has-text-align-center\" data-align=\"center\">8:45-9:45<br><\/td><td class=\"has-text-align-center\" data-align=\"center\">KW4-1<br>online, by appointment<\/td><\/tr><tr><td class=\"has-text-align-center\" data-align=\"center\">Dr Ewa Kowalska-Stasiak <\/td><td class=\"has-text-align-center\" data-align=\"center\">czwartek<\/td><td class=\"has-text-align-center\" data-align=\"center\">9:30-10:30<\/td><td class=\"has-text-align-center\" data-align=\"center\">KW4-1<\/td><\/tr><tr><td class=\"has-text-align-center\" data-align=\"center\"><a href=\"https:\/\/pans.krosno.pl\/pracownicy\/anna-lobodzinska\/\" target=\"_blank\" rel=\"noreferrer noopener\">Mgr Anna \u0141obodzi\u0144ska<\/a><\/td><td class=\"has-text-align-center\" data-align=\"center\">wtorek<br>pi\u0105tek<\/td><td class=\"has-text-align-center\" data-align=\"center\">13:00-14:00<br>9:00-10:00<\/td><td class=\"has-text-align-center\" data-align=\"center\">Biblioteka g\u0142\u00f3wna- czytelnia<br>KW4-1<\/td><\/tr><tr><td class=\"has-text-align-center\" data-align=\"center\"><a href=\"https:\/\/pans.krosno.pl\/pracownicy\/mariusz-marczak\/\">dr hab, Mariusz Marczak<\/a>, prof. PANS <\/td><td class=\"has-text-align-center\" data-align=\"center\">czwartek<\/td><td class=\"has-text-align-center\" data-align=\"center\">15:30-17:30<\/td><td class=\"has-text-align-center\" data-align=\"center\">KW4-11<\/td><\/tr><tr><td class=\"has-text-align-center\" data-align=\"center\"><a href=\"https:\/\/pans.krosno.pl\/pracownicy\/dorota-mihulka\/\" target=\"_blank\" rel=\"noreferrer noopener\">Dr Dorota Mihu\u0142ka<\/a><\/td><td class=\"has-text-align-center\" data-align=\"center\">wtorek<\/td><td class=\"has-text-align-center\" data-align=\"center\">9:30-11:30<\/td><td class=\"has-text-align-center\" data-align=\"center\">KW4-1, by appointment<\/td><\/tr><tr><td class=\"has-text-align-center\" data-align=\"center\"><a href=\"https:\/\/pans.krosno.pl\/pracownicy\/roberto-martinez-zabala\/\" target=\"_blank\" rel=\"noreferrer noopener\">Mgr Roberto Martinez<\/a><\/td><td class=\"has-text-align-center\" data-align=\"center\">\u015broda<\/td><td class=\"has-text-align-center\" data-align=\"center\">7:45-9:45<\/td><td class=\"has-text-align-center\" data-align=\"center\">KW4-1<\/td><\/tr><tr><td class=\"has-text-align-center\" data-align=\"center\">Anna Mojak<\/td><td class=\"has-text-align-center\" data-align=\"center\">poniedzia\u0142ek<\/td><td class=\"has-text-align-center\" data-align=\"center\">11:15-13:15<\/td><td class=\"has-text-align-center\" data-align=\"center\">KW4-1<\/td><\/tr><tr><td class=\"has-text-align-center\" data-align=\"center\"><a href=\"https:\/\/pans.krosno.pl\/pracownicy\/teresa-przyprawa\/\" target=\"_blank\" rel=\"noreferrer noopener\">Mgr Teresa Przyprawa<\/a><\/td><td class=\"has-text-align-center\" data-align=\"center\">poniedzia\u0142ek<br>\u015broda<\/td><td class=\"has-text-align-center\" data-align=\"center\">9:15-10:30<br>9:00-9:45<\/td><td class=\"has-text-align-center\" data-align=\"center\">KW8-14<\/td><\/tr><tr><td class=\"has-text-align-center\" data-align=\"center\"><a href=\"https:\/\/pans.krosno.pl\/pracownicy\/anna-rewis-letkowska\/\" target=\"_blank\" rel=\"noreferrer noopener\">Dr Anna-Rewi\u015b-\u0141\u0119tkowska <\/a><\/td><td class=\"has-text-align-center\" data-align=\"center\">wtorek<br>czwartek<\/td><td class=\"has-text-align-center\" data-align=\"center\">13:00-14:00<br>13:00-14:00<\/td><td class=\"has-text-align-center\" data-align=\"center\">KW4-1<\/td><\/tr><tr><td class=\"has-text-align-center\" data-align=\"center\"><a href=\"https:\/\/pans.krosno.pl\/pracownicy\/dorota-rygiel\/\" target=\"_blank\" rel=\"noreferrer noopener\">Dr Dorota Rygiel <\/a><\/td><td class=\"has-text-align-center\" data-align=\"center\">poniedzia\u0142ek<\/td><td class=\"has-text-align-center\" data-align=\"center\">16:30-18:30<\/td><td class=\"has-text-align-center\" data-align=\"center\">by appointment<\/td><\/tr><tr><td class=\"has-text-align-center\" data-align=\"center\">mgr Pawe\u0142 W\u0119grzyn<\/td><td class=\"has-text-align-center\" data-align=\"center\">czwartek<\/td><td class=\"has-text-align-center\" data-align=\"center\">9:30-11:30<\/td><td class=\"has-text-align-center\" data-align=\"center\">KW4-1<\/td><\/tr><tr><td class=\"has-text-align-center\" data-align=\"center\"><a href=\"https:\/\/pans.krosno.pl\/pracownicy\/bogumil-wolski\/\" target=\"_blank\" rel=\"noreferrer noopener\">Dr Bogumi\u0142 Wolski&nbsp;<\/a><\/td><td class=\"has-text-align-center\" data-align=\"center\">\u015broda<\/td><td class=\"has-text-align-center\" data-align=\"center\">13:00-14:30<\/td><td class=\"has-text-align-center\" data-align=\"center\">online, by appointment<\/td><\/tr><tr><td class=\"has-text-align-center\" data-align=\"center\"><a href=\"https:\/\/pans.krosno.pl\/pracownicy\/alicja-witalisz\/\">dr hab. Alicja Witalisz, prof. PANS<\/a><\/td><td class=\"has-text-align-center\" data-align=\"center\">\u015broda<br>pi\u0105tek<\/td><td class=\"has-text-align-center\" data-align=\"center\">10:00-11:00<br>16:30-17:30<br><\/td><td class=\"has-text-align-center\" data-align=\"center\">online<br>KW4-1<\/td><\/tr><tr><td class=\"has-text-align-center\" data-align=\"center\">mgr Joanna Winiarz<\/td><td class=\"has-text-align-center\" data-align=\"center\">poniedzia\u0142ek<\/td><td class=\"has-text-align-center\" data-align=\"center\">15:00-16:00<\/td><td class=\"has-text-align-center\" data-align=\"center\">online, by appointment<\/td><\/tr><\/tbody><\/table><\/figure>\n<\/div>\n<\/div>\n\n\n\n<p><\/p>\n\n\n\n<p><\/p>\n\n\n\n<p><\/p>\n","protected":false},"excerpt":{"rendered":"<p>Dy\u017cury pracownik\u00f3w Zak\u0142adu w semestrze letnim roku akademickiego 2025\/2026 Imi\u0119 i nazwisko Dzie\u0144 Godzina Miejsce Dr Joanna Ziobro(Dyrektor Instytutu Humanistycznego) pi\u0105tek 12:30-14:30 KW8-15 (gabinet dyrektora IH) Dr Agnieszka Habrat (kierownik Zak\u0142adu Filologii Angielskiej) wtorek\u015broda 8:30-9:45 8:00-8:45 KW4-22 dr hab. prof. PANS W\u0142adys\u0142aw Ch\u0142opicki czwartek 15:30-17:30 MsTeams, by appointment mgr El\u017cbieta [\u2026] <\/p>\n<div class=\"clear\"><\/div>\n<p><a class=\"more_link clearfix\" href=\"https:\/\/pans.krosno.pl\/fa\/dyzury-pracownikow\/\" rel=\"nofollow\">Read More<\/a><\/p>\n","protected":false},"author":27,"featured_media":0,"parent":0,"menu_order":0,"comment_status":"closed","ping_status":"closed","template":"page-templates\/template-full-width.php","meta":{"ngg_post_thumbnail":0,"footnotes":""},"class_list":["post-39","page","type-page","status-publish","hentry"],"yoast_head":"<!-- This site is optimized with the Yoast SEO Premium plugin v27.4 (Yoast SEO v27.4) - https:\/\/yoast.com\/product\/yoast-seo-premium-wordpress\/ -->\n<title>Dy\u017cury pracownik\u00f3w - Filologia Angielska PANS w Kro\u015bnie<\/title>\n<meta name=\"description\" content=\"Dy\u017cury pracownik\u00f3w Zak\u0142adu i nauczycieli wsp\u00f3\u0142pracuj\u0105cych z Zak\u0142adem w semestrze letnim 2019\/2020. Filologia Angielska PANS w Kro\u015bnie - Dy\u017cury pracownik\u00f3w\" \/>\n<meta name=\"robots\" content=\"index, follow, max-snippet:-1, max-image-preview:large, max-video-preview:-1\" \/>\n<link rel=\"canonical\" href=\"https:\/\/pans.krosno.pl\/fa\/dyzury-pracownikow\/\" \/>\n<meta property=\"og:locale\" content=\"pl_PL\" \/>\n<meta property=\"og:type\" content=\"article\" \/>\n<meta property=\"og:title\" content=\"Dy\u017cury pracownik\u00f3w\" \/>\n<meta property=\"og:description\" content=\"Dy\u017cury pracownik\u00f3w Zak\u0142adu i nauczycieli wsp\u00f3\u0142pracuj\u0105cych z Zak\u0142adem w semestrze letnim 2019\/2020. Filologia Angielska PANS w Kro\u015bnie - Dy\u017cury pracownik\u00f3w\" \/>\n<meta property=\"og:url\" content=\"https:\/\/pans.krosno.pl\/fa\/dyzury-pracownikow\/\" \/>\n<meta property=\"og:site_name\" content=\"Filologia Angielska PANS w Kro\u015bnie\" \/>\n<meta property=\"article:modified_time\" content=\"2026-04-24T12:06:41+00:00\" \/>\n<meta name=\"twitter:card\" content=\"summary_large_image\" \/>\n<meta name=\"twitter:label1\" content=\"Szacowany czas czytania\" \/>\n\t<meta name=\"twitter:data1\" content=\"2 minuty\" \/>\n<script type=\"application\/ld+json\" class=\"yoast-schema-graph\">{\"@context\":\"https:\\\/\\\/schema.org\",\"@graph\":[{\"@type\":\"WebPage\",\"@id\":\"https:\\\/\\\/pans.krosno.pl\\\/fa\\\/dyzury-pracownikow\\\/\",\"url\":\"https:\\\/\\\/pans.krosno.pl\\\/fa\\\/dyzury-pracownikow\\\/\",\"name\":\"Dy\u017cury pracownik\u00f3w - Filologia Angielska PANS w Kro\u015bnie\",\"isPartOf\":{\"@id\":\"https:\\\/\\\/pans.krosno.pl\\\/fa\\\/#website\"},\"datePublished\":\"2019-10-30T14:43:48+00:00\",\"dateModified\":\"2026-04-24T12:06:41+00:00\",\"description\":\"Dy\u017cury pracownik\u00f3w Zak\u0142adu i nauczycieli wsp\u00f3\u0142pracuj\u0105cych z Zak\u0142adem w semestrze letnim 2019\\\/2020. Filologia Angielska PANS w Kro\u015bnie - Dy\u017cury pracownik\u00f3w\",\"breadcrumb\":{\"@id\":\"https:\\\/\\\/pans.krosno.pl\\\/fa\\\/dyzury-pracownikow\\\/#breadcrumb\"},\"inLanguage\":\"pl-PL\",\"potentialAction\":[{\"@type\":\"ReadAction\",\"target\":[\"https:\\\/\\\/pans.krosno.pl\\\/fa\\\/dyzury-pracownikow\\\/\"]}]},{\"@type\":\"BreadcrumbList\",\"@id\":\"https:\\\/\\\/pans.krosno.pl\\\/fa\\\/dyzury-pracownikow\\\/#breadcrumb\",\"itemListElement\":[{\"@type\":\"ListItem\",\"position\":1,\"name\":\"Strona g\u0142\u00f3wna\",\"item\":\"https:\\\/\\\/pans.krosno.pl\\\/fa\\\/\"},{\"@type\":\"ListItem\",\"position\":2,\"name\":\"Dy\u017cury pracownik\u00f3w\"}]},{\"@type\":\"WebSite\",\"@id\":\"https:\\\/\\\/pans.krosno.pl\\\/fa\\\/#website\",\"url\":\"https:\\\/\\\/pans.krosno.pl\\\/fa\\\/\",\"name\":\"Filologia Angielska PANS w Kro\u015bnie\",\"description\":\"Filologia Angielska - Pa\u0144stwowa Akademia Nauk Stosowanych\",\"publisher\":{\"@id\":\"https:\\\/\\\/pans.krosno.pl\\\/fa\\\/#organization\"},\"potentialAction\":[{\"@type\":\"SearchAction\",\"target\":{\"@type\":\"EntryPoint\",\"urlTemplate\":\"https:\\\/\\\/pans.krosno.pl\\\/fa\\\/?s={search_term_string}\"},\"query-input\":{\"@type\":\"PropertyValueSpecification\",\"valueRequired\":true,\"valueName\":\"search_term_string\"}}],\"inLanguage\":\"pl-PL\"},{\"@type\":\"Organization\",\"@id\":\"https:\\\/\\\/pans.krosno.pl\\\/fa\\\/#organization\",\"name\":\"Filologia Angielska PANS w Kro\u015bnie\",\"url\":\"https:\\\/\\\/pans.krosno.pl\\\/fa\\\/\",\"logo\":{\"@type\":\"ImageObject\",\"inLanguage\":\"pl-PL\",\"@id\":\"https:\\\/\\\/pans.krosno.pl\\\/fa\\\/#\\\/schema\\\/logo\\\/image\\\/\",\"url\":\"https:\\\/\\\/pans.krosno.pl\\\/fa\\\/wp-content\\\/uploads\\\/sites\\\/13\\\/2023\\\/01\\\/Logo-PANS-2022-pelne.png\",\"contentUrl\":\"https:\\\/\\\/pans.krosno.pl\\\/fa\\\/wp-content\\\/uploads\\\/sites\\\/13\\\/2023\\\/01\\\/Logo-PANS-2022-pelne.png\",\"width\":3096,\"height\":696,\"caption\":\"Filologia Angielska PANS w Kro\u015bnie\"},\"image\":{\"@id\":\"https:\\\/\\\/pans.krosno.pl\\\/fa\\\/#\\\/schema\\\/logo\\\/image\\\/\"}}]}<\/script>\n<!-- \/ Yoast SEO Premium plugin. -->","yoast_head_json":{"title":"Dy\u017cury pracownik\u00f3w - Filologia Angielska PANS w Kro\u015bnie","description":"Dy\u017cury pracownik\u00f3w Zak\u0142adu i nauczycieli wsp\u00f3\u0142pracuj\u0105cych z Zak\u0142adem w semestrze letnim 2019\/2020. Filologia Angielska PANS w Kro\u015bnie - Dy\u017cury pracownik\u00f3w","robots":{"index":"index","follow":"follow","max-snippet":"max-snippet:-1","max-image-preview":"max-image-preview:large","max-video-preview":"max-video-preview:-1"},"canonical":"https:\/\/pans.krosno.pl\/fa\/dyzury-pracownikow\/","og_locale":"pl_PL","og_type":"article","og_title":"Dy\u017cury pracownik\u00f3w","og_description":"Dy\u017cury pracownik\u00f3w Zak\u0142adu i nauczycieli wsp\u00f3\u0142pracuj\u0105cych z Zak\u0142adem w semestrze letnim 2019\/2020. Filologia Angielska PANS w Kro\u015bnie - Dy\u017cury pracownik\u00f3w","og_url":"https:\/\/pans.krosno.pl\/fa\/dyzury-pracownikow\/","og_site_name":"Filologia Angielska PANS w Kro\u015bnie","article_modified_time":"2026-04-24T12:06:41+00:00","twitter_card":"summary_large_image","twitter_misc":{"Szacowany czas czytania":"2 minuty"},"schema":{"@context":"https:\/\/schema.org","@graph":[{"@type":"WebPage","@id":"https:\/\/pans.krosno.pl\/fa\/dyzury-pracownikow\/","url":"https:\/\/pans.krosno.pl\/fa\/dyzury-pracownikow\/","name":"Dy\u017cury pracownik\u00f3w - Filologia Angielska PANS w Kro\u015bnie","isPartOf":{"@id":"https:\/\/pans.krosno.pl\/fa\/#website"},"datePublished":"2019-10-30T14:43:48+00:00","dateModified":"2026-04-24T12:06:41+00:00","description":"Dy\u017cury pracownik\u00f3w Zak\u0142adu i nauczycieli wsp\u00f3\u0142pracuj\u0105cych z Zak\u0142adem w semestrze letnim 2019\/2020. Filologia Angielska PANS w Kro\u015bnie - Dy\u017cury pracownik\u00f3w","breadcrumb":{"@id":"https:\/\/pans.krosno.pl\/fa\/dyzury-pracownikow\/#breadcrumb"},"inLanguage":"pl-PL","potentialAction":[{"@type":"ReadAction","target":["https:\/\/pans.krosno.pl\/fa\/dyzury-pracownikow\/"]}]},{"@type":"BreadcrumbList","@id":"https:\/\/pans.krosno.pl\/fa\/dyzury-pracownikow\/#breadcrumb","itemListElement":[{"@type":"ListItem","position":1,"name":"Strona g\u0142\u00f3wna","item":"https:\/\/pans.krosno.pl\/fa\/"},{"@type":"ListItem","position":2,"name":"Dy\u017cury pracownik\u00f3w"}]},{"@type":"WebSite","@id":"https:\/\/pans.krosno.pl\/fa\/#website","url":"https:\/\/pans.krosno.pl\/fa\/","name":"Filologia Angielska PANS w Kro\u015bnie","description":"Filologia Angielska - Pa\u0144stwowa Akademia Nauk Stosowanych","publisher":{"@id":"https:\/\/pans.krosno.pl\/fa\/#organization"},"potentialAction":[{"@type":"SearchAction","target":{"@type":"EntryPoint","urlTemplate":"https:\/\/pans.krosno.pl\/fa\/?s={search_term_string}"},"query-input":{"@type":"PropertyValueSpecification","valueRequired":true,"valueName":"search_term_string"}}],"inLanguage":"pl-PL"},{"@type":"Organization","@id":"https:\/\/pans.krosno.pl\/fa\/#organization","name":"Filologia Angielska PANS w Kro\u015bnie","url":"https:\/\/pans.krosno.pl\/fa\/","logo":{"@type":"ImageObject","inLanguage":"pl-PL","@id":"https:\/\/pans.krosno.pl\/fa\/#\/schema\/logo\/image\/","url":"https:\/\/pans.krosno.pl\/fa\/wp-content\/uploads\/sites\/13\/2023\/01\/Logo-PANS-2022-pelne.png","contentUrl":"https:\/\/pans.krosno.pl\/fa\/wp-content\/uploads\/sites\/13\/2023\/01\/Logo-PANS-2022-pelne.png","width":3096,"height":696,"caption":"Filologia Angielska PANS w Kro\u015bnie"},"image":{"@id":"https:\/\/pans.krosno.pl\/fa\/#\/schema\/logo\/image\/"}}]}},"_links":{"self":[{"href":"https:\/\/pans.krosno.pl\/fa\/wp-json\/wp\/v2\/pages\/39","targetHints":{"allow":["GET"]}}],"collection":[{"href":"https:\/\/pans.krosno.pl\/fa\/wp-json\/wp\/v2\/pages"}],"about":[{"href":"https:\/\/pans.krosno.pl\/fa\/wp-json\/wp\/v2\/types\/page"}],"author":[{"embeddable":true,"href":"https:\/\/pans.krosno.pl\/fa\/wp-json\/wp\/v2\/users\/27"}],"replies":[{"embeddable":true,"href":"https:\/\/pans.krosno.pl\/fa\/wp-json\/wp\/v2\/comments?post=39"}],"version-history":[{"count":221,"href":"https:\/\/pans.krosno.pl\/fa\/wp-json\/wp\/v2\/pages\/39\/revisions"}],"predecessor-version":[{"id":6320,"href":"https:\/\/pans.krosno.pl\/fa\/wp-json\/wp\/v2\/pages\/39\/revisions\/6320"}],"wp:attachment":[{"href":"https:\/\/pans.krosno.pl\/fa\/wp-json\/wp\/v2\/media?parent=39"}],"curies":[{"name":"wp","href":"https:\/\/api.w.org\/{rel}","templated":true}]}}