{"id":318,"date":"2020-06-22T11:02:46","date_gmt":"2020-06-22T09:02:46","guid":{"rendered":"https:\/\/pans.krosno.pl\/fa\/?page_id=318"},"modified":"2025-06-26T13:09:29","modified_gmt":"2025-06-26T11:09:29","slug":"konferencje-naukowe","status":"publish","type":"page","link":"https:\/\/pans.krosno.pl\/fa\/konferencje-naukowe\/","title":{"rendered":"Konferencje naukowe"},"content":{"rendered":"\n<p class=\"has-medium-font-size\"><strong>J\u0119zykoznawstwo kognitywne w roku 2023: <em><strong>Stosowane j\u0119zykoznawstwo kognitywne: My\u015blenie i dzia\u0142anie<\/strong>.<\/em> &#8211; Krosno, 13-15 wrze\u015bnia 2023<\/strong><\/p>\n\n\n\n<p class=\"has-medium-font-size\"><a href=\"https:\/\/pans.krosno.pl\/fa\/jezykoznawstwo-kognitywne-w-roku-2023\/\">Strona konferencji <\/a><\/p>\n\n\n\n<p class=\"has-large-font-size\"><strong>Across Borders: International Conferences on Culture, Language and Literature<\/strong><\/p>\n\n\n\n<p><strong>Across Borders X<\/strong>:&nbsp;<strong><em>Difficult Neighbourhoods: The Semiotics of Conflict in Culture, Literature and Language<\/em><\/strong><em>,<\/em>&nbsp;<strong>23-25 September 2024, Krosno<\/strong><\/p>\n\n\n\n<p><strong><a href=\"https:\/\/pans.krosno.pl\/fa\/en\/across-borders-conference\/\">Conference website<\/a><\/strong><\/p>\n\n\n\n<p class=\"has-medium-font-size\"><strong>Across Borders IX:&nbsp;<em>Freedom of Expression: Communication, Identity and Culture,<\/em>&nbsp;16-19 May 2022, Greenville, NC, USA<\/strong><\/p>\n\n\n\n<p><a href=\"https:\/\/artscomm.ecu.edu\/across-borders\/\"><strong>Conference website<\/strong><\/a><\/p>\n\n\n\n<p class=\"has-medium-font-size\"><strong>Across Borders VIII:<\/strong> <strong><em>Cultural and Linguistic Shifts in the 21st Century<\/em><\/strong> &#8211; Krosno, 3-4 June 2019<\/p>\n\n\n\n<p><strong><a href=\"https:\/\/pans.krosno.pl\/across-borders-viii-2019\/\" target=\"_blank\" rel=\"noreferrer noopener\">Conference website<\/a><\/strong><\/p>\n\n\n\n<p class=\"has-medium-font-size\"><strong>Across Borders VII: <em>Cultures in Dialogue <\/em>&#8211; Tartu, Estonia, 27-29 April 2017<\/strong><\/p>\n\n\n\n<p><strong><a rel=\"noreferrer noopener\" href=\"http:\/\/www.folklore.ee\/rl\/fo\/konve\/AcrossBorders\/2017\/\" target=\"_blank\">Conference website<\/a><\/strong><\/p>\n\n\n\n<p class=\"has-medium-font-size\"><strong>Across Borders VI: <em>The West Looks East,<\/em> 27-28 April 2015, Krosno <\/strong><\/p>\n\n\n\n<p><strong><a rel=\"noreferrer noopener\" href=\"https:\/\/pans.krosno.pl\/fa\/wp-content\/uploads\/sites\/13\/2020\/06\/across_borders_-_conference_programme_fin.pdf\" target=\"_blank\">Conference Programme<\/a><\/strong><\/p>\n\n\n\n<p><strong><a rel=\"noreferrer noopener\" href=\"https:\/\/pans.krosno.pl\/fa\/wp-content\/uploads\/sites\/13\/2020\/06\/across_borders_-_book_of_abstracts.pdf\" target=\"_blank\">Book of Abstracts<\/a>, <\/strong><\/p>\n\n\n\n<p><strong>Post-conference <a rel=\"noreferrer noopener\" href=\"https:\/\/pans.krosno.pl\/fa\/galeria-zakladu-filologia-angielska\/nggallery\/filologia-angielska\/miedzynarodowa-konferencja-across-borders\" target=\"_blank\">Photogallery<\/a><\/strong><\/p>\n\n\n\n<p class=\"has-medium-font-size\"><strong>Across Borders V, 12-14 October 2012, Sarospatok<\/strong> <strong><a href=\"https:\/\/pans.krosno.pl\/fa\/wp-content\/uploads\/sites\/13\/2020\/06\/abic5_programme_updated_1-2.pdf\" target=\"_blank\" rel=\"noreferrer noopener\">Conference Programme<\/a><\/strong><\/p>\n\n\n\n<p class=\"has-medium-font-size\"><strong>Across Borders IV,<\/strong> <strong>16-17 April 2010, Krosno <a rel=\"noreferrer noopener\" href=\"https:\/\/pans.krosno.pl\/fa\/wp-content\/uploads\/sites\/13\/2020\/06\/program_konferencji_ostateczny.pdf\" target=\"_blank\">Conference Programme<\/a><\/strong><\/p>\n\n\n\n<p class=\"has-medium-font-size\"><strong>Across Borders III, 28-29 April 2008, Kosice <a href=\"https:\/\/pans.krosno.pl\/fa\/wp-content\/uploads\/sites\/13\/2020\/06\/ab_kosice_2008_book_of_abstracts.pdf\" target=\"_blank\" rel=\"noreferrer noopener\">Book of Abstracts<\/a><\/strong><\/p>\n\n\n\n<p class=\"has-medium-font-size\"><strong>Across Borders II, 21-23 April 2006, Krosno <a rel=\"noreferrer noopener\" href=\"https:\/\/pans.krosno.pl\/fa\/wp-content\/uploads\/sites\/13\/2020\/06\/program_konferencji_ab_06.pdf\" target=\"_blank\">Conference Programme<\/a><\/strong><\/p>\n\n\n\n<p class=\"has-medium-font-size\"><strong>Across Borders I, 2004,<\/strong> <strong>Krosno<\/strong><\/p>\n\n\n\n<p class=\"has-large-font-size\"><strong>International Communication Styles Conferences<\/strong><\/p>\n\n\n\n<p><strong>Fifth International Communication Styles Conference: <em>Communication in Times of Permacrisis <\/em>&#8211; Krak\u00f3w, 24-25 April 2023<\/strong><\/p>\n\n\n\n<p><strong><a href=\"https:\/\/tertium.edu.pl\/wp-content\/uploads\/2023\/04\/ICS5-conference-24-25-April-2023-with-links.pdf\">Conference program<\/a><\/strong><\/p>\n\n\n\n<p><a href=\"https:\/\/tertium.edu.pl\/wp-content\/uploads\/2022\/12\/Plenary_speakers_ICSC-05.pdf\"><strong>Plenary speakers<\/strong><\/a><\/p>\n\n\n\n<p><strong>Fourth International Communication Styles Conference&nbsp;<\/strong>: <em><strong>Radical Thought \u2013 Radical Language &#8211; Radical Communication Style&nbsp;<\/strong><\/em>&#8211; <strong>Krosno, 12-13 November 2019<\/strong><\/p>\n\n\n\n<p><strong><a href=\"https:\/\/pans.krosno.pl\/fa\/wp-content\/uploads\/sites\/13\/2020\/06\/iccs4_programme_final.pdf\" target=\"_blank\" rel=\"noreferrer noopener\">Conference program<\/a><\/strong><\/p>\n\n\n\n<p><strong><a href=\"https:\/\/www.youtube.com\/watch?v=g5j3kmQAT9Y\" target=\"_blank\" rel=\"noreferrer noopener\">Lecture by Helga Kotthoff<\/a><\/strong><\/p>\n\n\n\n<p><strong><a href=\"https:\/\/www.youtube.com\/watch?v=CqteSuowVJs\" target=\"_blank\" rel=\"noreferrer noopener\">Lecture by Colin Swatridge<\/a><\/strong><\/p>\n\n\n\n<p><strong><a href=\"https:\/\/www.youtube.com\/watch?v=9KZBFR9HBgk\" target=\"_blank\" rel=\"noreferrer noopener\">Lecture by Giselinde Kuipers<\/a><\/strong><\/p>\n\n\n\n<p><strong>Third International Communication Styles &nbsp;Conference &#8211; Krosno, 22-24 October 2017<\/strong><\/p>\n\n\n\n<p><strong><a href=\"https:\/\/pans.krosno.pl\/fa\/wp-content\/uploads\/sites\/13\/2020\/06\/iccs3_programme_version_17.10.pdf\" target=\"_blank\" rel=\"noreferrer noopener\">Conference program<\/a><\/strong><\/p>\n\n\n<p><strong><a href=\"https:\/\/www.youtube.com\/watch?v=aYZW6QrzJ5E\">Plenary lecture by Milton Bennett<\/a><\/strong><\/p>\n<div><strong><a href=\"https:\/\/www.youtube.com\/watch?v=Pa6h86lPbvc\">Plenary lecture by Gerard Steen<\/a><\/strong><\/div>\n\n\n<p><strong>Second International Conference on Communication Styles,&nbsp;12-14 October<\/strong><strong>&nbsp;2015<\/strong><\/p>\n\n\n\n<p><strong><a href=\"https:\/\/pans.krosno.pl\/fa\/wp-content\/uploads\/sites\/13\/2020\/06\/iccs2___programme_.pdf\" target=\"_blank\" rel=\"noreferrer noopener\">Conference Programme<\/a><\/strong><\/p>\n\n\n\n<p><strong><a rel=\"noreferrer noopener\" href=\"https:\/\/pans.krosno.pl\/fa\/wp-content\/uploads\/sites\/13\/2020\/06\/iccs2_book_of_abstracts_.pdf\" target=\"_blank\">Book of Abstracts<\/a><\/strong><\/p>\n\n\n<\/p>\n\n\n<\/p>\n<p>Plenary speakers:<\/p>\n<p>\n\n\n\n<\/p>\n<p><a href=\"https:\/\/pl.wikipedia.org\/wiki\/El%C5%BCbieta_Tabakowska\">El\u017cbieta Tabakowska<\/a><a href=\"https:\/\/youtu.be\/ygrGCjW4LPI\">&nbsp; (Lecture: Part 1<\/a>,&nbsp;<a href=\"https:\/\/youtu.be\/8DFfjEgGwck\">Part 2<\/a>)<\/p>\n<p>\n\n\n\n<\/p>\n<p><a href=\"http:\/\/www.uva.nl\/over-de-uva\/organisatie\/medewerkers\/content\/f\/o\/c.j.forceville\/c.j.forceville.html\">Charles Forceville<\/a><\/p>\n<p>\n\n\n\n<\/p>\n<p><a href=\"https:\/\/pans.krosno.pl\/fa\/galeria-zakladu-filologia-angielska\/nggallery\/filologia-angielska\/second-international-conference-on-communication-styles-october-12-14-2015\" target=\"_blank\" rel=\"noreferrer noopener\">Post-conference Photogallery<\/a><\/p>\n<p>\n\n\n<\/p>\n\n\n<p><strong>First International Conference on Communication Styles,&nbsp;Krosno 14-16 October&nbsp;2013&nbsp;<\/strong><\/p>\n\n\n\n<p><strong><a href=\"https:\/\/pans.krosno.pl\/fa\/wp-content\/uploads\/sites\/13\/2020\/06\/iccs_program_updated_3_oct_2-1.pdf\" target=\"_blank\" rel=\"noreferrer noopener\">Conference programme<\/a>,&nbsp;<a href=\"https:\/\/pans.krosno.pl\/fa\/wp-content\/uploads\/sites\/13\/2020\/06\/iccs_book_of_abstracts_updated_3_oct.pdf\" target=\"_blank\" rel=\"noreferrer noopener\">Book of abstracts,&nbsp;<\/a><\/strong><\/p>\n\n\n\n<p><strong><a href=\"https:\/\/www.youtube.com\/watch?v=jb0LNusnXTg\">Geert Hofstede&#8217;s lecture<\/a> on 14 October 2013 in Krosno<\/strong><\/p>\n\n\n\n<p><strong><a href=\"https:\/\/pans.krosno.pl\/fa\/wp-content\/uploads\/sites\/13\/2020\/06\/communication_krosno_2013-mg.pptx\" target=\"_blank\" rel=\"noreferrer noopener\">Geert Hofstede&#8217;s slides<\/a><\/strong> for the 2013 lecture<\/p>\n\n\n\n<p><strong><a href=\"https:\/\/www.youtube.com\/watch?v=zCR1cm468QE\">Michael Minkov&#8217;s lecture<\/a><\/strong> <strong>on 15 October 2013 in Krosno<\/strong><\/p>\n\n\n\n<p><strong><a href=\"https:\/\/pans.krosno.pl\/fa\/wp-content\/uploads\/sites\/13\/2020\/06\/final_discussion.pptx\" target=\"_blank\" rel=\"noreferrer noopener\">Final discussion (V. Tsakona &amp; D. Brzozowska)<\/a><\/strong><\/p>\n\n\n\n<p><\/p>\n\n\n\n<p><\/p>\n\n\n\n<h4 class=\"wp-block-heading has-medium-font-size\" id=\"h-creativity-and-tradition-in-polish-and-estonian-cultural-communication-28-29-october-2011-krosno-nbsp-nbsp-website-of-the-polish-estonian-project-creativity-and-tradition\"><strong>Creativity and Tradition in Polish and Estonian Cultural Communication, 28-29 October 2011, Krosno<\/strong><strong>&nbsp;&#8211;&nbsp;<\/strong><a href=\"http:\/\/www.folklore.ee\/rl\/fo\/koostoo\/poola\/index.html\">Website of the Polish-Estonian project: Creativity and Tradition<\/a><\/h4>\n","protected":false},"excerpt":{"rendered":"<p>J\u0119zykoznawstwo kognitywne w roku 2023: Stosowane j\u0119zykoznawstwo kognitywne: My\u015blenie i dzia\u0142anie. &#8211; Krosno, 13-15 wrze\u015bnia 2023 Strona konferencji Across Borders: International Conferences on Culture, Language and Literature Across Borders X:&nbsp;Difficult Neighbourhoods: The Semiotics of Conflict in Culture, Literature and Language,&nbsp;23-25 September 2024, Krosno Conference website Across Borders IX:&nbsp;Freedom of Expression: [\u2026] <\/p>\n<div class=\"clear\"><\/div>\n<p><a class=\"more_link clearfix\" href=\"https:\/\/pans.krosno.pl\/fa\/konferencje-naukowe\/\" rel=\"nofollow\">Read More<\/a><\/p>\n","protected":false},"author":27,"featured_media":0,"parent":0,"menu_order":0,"comment_status":"closed","ping_status":"closed","template":"page-templates\/template-full-width.php","meta":{"ngg_post_thumbnail":0,"footnotes":""},"class_list":["post-318","page","type-page","status-publish","hentry"],"yoast_head":"<!-- This site is optimized with the Yoast SEO Premium plugin v27.3 (Yoast SEO v27.3) - https:\/\/yoast.com\/product\/yoast-seo-premium-wordpress\/ -->\n<title>Konferencje naukowe - Filologia Angielska PANS w Kro\u015bnie<\/title>\n<meta name=\"robots\" content=\"index, follow, max-snippet:-1, max-image-preview:large, max-video-preview:-1\" \/>\n<link rel=\"canonical\" href=\"https:\/\/pans.krosno.pl\/fa\/konferencje-naukowe\/\" \/>\n<meta property=\"og:locale\" content=\"pl_PL\" \/>\n<meta property=\"og:type\" content=\"article\" \/>\n<meta property=\"og:title\" content=\"Konferencje naukowe\" \/>\n<meta property=\"og:description\" content=\"J\u0119zykoznawstwo kognitywne w roku 2023: Stosowane j\u0119zykoznawstwo kognitywne: My\u015blenie i dzia\u0142anie. &#8211; Krosno, 13-15 wrze\u015bnia 2023 Strona konferencji Across Borders: International Conferences on Culture, Language and Literature Across Borders X:&nbsp;Difficult Neighbourhoods: The Semiotics of Conflict in Culture, Literature and Language,&nbsp;23-25 September 2024, Krosno Conference website Across Borders IX:&nbsp;Freedom of Expression: [\u2026] Read More\" \/>\n<meta property=\"og:url\" content=\"https:\/\/pans.krosno.pl\/fa\/konferencje-naukowe\/\" \/>\n<meta property=\"og:site_name\" content=\"Filologia Angielska PANS w Kro\u015bnie\" \/>\n<meta property=\"article:modified_time\" content=\"2025-06-26T11:09:29+00:00\" \/>\n<meta name=\"twitter:card\" content=\"summary_large_image\" \/>\n<meta name=\"twitter:label1\" content=\"Szacowany czas czytania\" \/>\n\t<meta name=\"twitter:data1\" content=\"2 minuty\" \/>\n<script type=\"application\/ld+json\" class=\"yoast-schema-graph\">{\"@context\":\"https:\\\/\\\/schema.org\",\"@graph\":[{\"@type\":\"WebPage\",\"@id\":\"https:\\\/\\\/pans.krosno.pl\\\/fa\\\/konferencje-naukowe\\\/\",\"url\":\"https:\\\/\\\/pans.krosno.pl\\\/fa\\\/konferencje-naukowe\\\/\",\"name\":\"Konferencje naukowe - Filologia Angielska PANS w Kro\u015bnie\",\"isPartOf\":{\"@id\":\"https:\\\/\\\/pans.krosno.pl\\\/fa\\\/#website\"},\"datePublished\":\"2020-06-22T09:02:46+00:00\",\"dateModified\":\"2025-06-26T11:09:29+00:00\",\"breadcrumb\":{\"@id\":\"https:\\\/\\\/pans.krosno.pl\\\/fa\\\/konferencje-naukowe\\\/#breadcrumb\"},\"inLanguage\":\"pl-PL\",\"potentialAction\":[{\"@type\":\"ReadAction\",\"target\":[\"https:\\\/\\\/pans.krosno.pl\\\/fa\\\/konferencje-naukowe\\\/\"]}]},{\"@type\":\"BreadcrumbList\",\"@id\":\"https:\\\/\\\/pans.krosno.pl\\\/fa\\\/konferencje-naukowe\\\/#breadcrumb\",\"itemListElement\":[{\"@type\":\"ListItem\",\"position\":1,\"name\":\"Strona g\u0142\u00f3wna\",\"item\":\"https:\\\/\\\/pans.krosno.pl\\\/fa\\\/\"},{\"@type\":\"ListItem\",\"position\":2,\"name\":\"Konferencje naukowe\"}]},{\"@type\":\"WebSite\",\"@id\":\"https:\\\/\\\/pans.krosno.pl\\\/fa\\\/#website\",\"url\":\"https:\\\/\\\/pans.krosno.pl\\\/fa\\\/\",\"name\":\"Filologia Angielska PANS w Kro\u015bnie\",\"description\":\"Filologia Angielska - Pa\u0144stwowa Akademia Nauk Stosowanych\",\"publisher\":{\"@id\":\"https:\\\/\\\/pans.krosno.pl\\\/fa\\\/#organization\"},\"potentialAction\":[{\"@type\":\"SearchAction\",\"target\":{\"@type\":\"EntryPoint\",\"urlTemplate\":\"https:\\\/\\\/pans.krosno.pl\\\/fa\\\/?s={search_term_string}\"},\"query-input\":{\"@type\":\"PropertyValueSpecification\",\"valueRequired\":true,\"valueName\":\"search_term_string\"}}],\"inLanguage\":\"pl-PL\"},{\"@type\":\"Organization\",\"@id\":\"https:\\\/\\\/pans.krosno.pl\\\/fa\\\/#organization\",\"name\":\"Filologia Angielska PANS w Kro\u015bnie\",\"url\":\"https:\\\/\\\/pans.krosno.pl\\\/fa\\\/\",\"logo\":{\"@type\":\"ImageObject\",\"inLanguage\":\"pl-PL\",\"@id\":\"https:\\\/\\\/pans.krosno.pl\\\/fa\\\/#\\\/schema\\\/logo\\\/image\\\/\",\"url\":\"https:\\\/\\\/pans.krosno.pl\\\/fa\\\/wp-content\\\/uploads\\\/sites\\\/13\\\/2023\\\/01\\\/Logo-PANS-2022-pelne.png\",\"contentUrl\":\"https:\\\/\\\/pans.krosno.pl\\\/fa\\\/wp-content\\\/uploads\\\/sites\\\/13\\\/2023\\\/01\\\/Logo-PANS-2022-pelne.png\",\"width\":3096,\"height\":696,\"caption\":\"Filologia Angielska PANS w Kro\u015bnie\"},\"image\":{\"@id\":\"https:\\\/\\\/pans.krosno.pl\\\/fa\\\/#\\\/schema\\\/logo\\\/image\\\/\"}}]}<\/script>\n<!-- \/ Yoast SEO Premium plugin. -->","yoast_head_json":{"title":"Konferencje naukowe - Filologia Angielska PANS w Kro\u015bnie","robots":{"index":"index","follow":"follow","max-snippet":"max-snippet:-1","max-image-preview":"max-image-preview:large","max-video-preview":"max-video-preview:-1"},"canonical":"https:\/\/pans.krosno.pl\/fa\/konferencje-naukowe\/","og_locale":"pl_PL","og_type":"article","og_title":"Konferencje naukowe","og_description":"J\u0119zykoznawstwo kognitywne w roku 2023: Stosowane j\u0119zykoznawstwo kognitywne: My\u015blenie i dzia\u0142anie. &#8211; Krosno, 13-15 wrze\u015bnia 2023 Strona konferencji Across Borders: International Conferences on Culture, Language and Literature Across Borders X:&nbsp;Difficult Neighbourhoods: The Semiotics of Conflict in Culture, Literature and Language,&nbsp;23-25 September 2024, Krosno Conference website Across Borders IX:&nbsp;Freedom of Expression: [\u2026] Read More","og_url":"https:\/\/pans.krosno.pl\/fa\/konferencje-naukowe\/","og_site_name":"Filologia Angielska PANS w Kro\u015bnie","article_modified_time":"2025-06-26T11:09:29+00:00","twitter_card":"summary_large_image","twitter_misc":{"Szacowany czas czytania":"2 minuty"},"schema":{"@context":"https:\/\/schema.org","@graph":[{"@type":"WebPage","@id":"https:\/\/pans.krosno.pl\/fa\/konferencje-naukowe\/","url":"https:\/\/pans.krosno.pl\/fa\/konferencje-naukowe\/","name":"Konferencje naukowe - Filologia Angielska PANS w Kro\u015bnie","isPartOf":{"@id":"https:\/\/pans.krosno.pl\/fa\/#website"},"datePublished":"2020-06-22T09:02:46+00:00","dateModified":"2025-06-26T11:09:29+00:00","breadcrumb":{"@id":"https:\/\/pans.krosno.pl\/fa\/konferencje-naukowe\/#breadcrumb"},"inLanguage":"pl-PL","potentialAction":[{"@type":"ReadAction","target":["https:\/\/pans.krosno.pl\/fa\/konferencje-naukowe\/"]}]},{"@type":"BreadcrumbList","@id":"https:\/\/pans.krosno.pl\/fa\/konferencje-naukowe\/#breadcrumb","itemListElement":[{"@type":"ListItem","position":1,"name":"Strona g\u0142\u00f3wna","item":"https:\/\/pans.krosno.pl\/fa\/"},{"@type":"ListItem","position":2,"name":"Konferencje naukowe"}]},{"@type":"WebSite","@id":"https:\/\/pans.krosno.pl\/fa\/#website","url":"https:\/\/pans.krosno.pl\/fa\/","name":"Filologia Angielska PANS w Kro\u015bnie","description":"Filologia Angielska - Pa\u0144stwowa Akademia Nauk Stosowanych","publisher":{"@id":"https:\/\/pans.krosno.pl\/fa\/#organization"},"potentialAction":[{"@type":"SearchAction","target":{"@type":"EntryPoint","urlTemplate":"https:\/\/pans.krosno.pl\/fa\/?s={search_term_string}"},"query-input":{"@type":"PropertyValueSpecification","valueRequired":true,"valueName":"search_term_string"}}],"inLanguage":"pl-PL"},{"@type":"Organization","@id":"https:\/\/pans.krosno.pl\/fa\/#organization","name":"Filologia Angielska PANS w Kro\u015bnie","url":"https:\/\/pans.krosno.pl\/fa\/","logo":{"@type":"ImageObject","inLanguage":"pl-PL","@id":"https:\/\/pans.krosno.pl\/fa\/#\/schema\/logo\/image\/","url":"https:\/\/pans.krosno.pl\/fa\/wp-content\/uploads\/sites\/13\/2023\/01\/Logo-PANS-2022-pelne.png","contentUrl":"https:\/\/pans.krosno.pl\/fa\/wp-content\/uploads\/sites\/13\/2023\/01\/Logo-PANS-2022-pelne.png","width":3096,"height":696,"caption":"Filologia Angielska PANS w Kro\u015bnie"},"image":{"@id":"https:\/\/pans.krosno.pl\/fa\/#\/schema\/logo\/image\/"}}]}},"_links":{"self":[{"href":"https:\/\/pans.krosno.pl\/fa\/wp-json\/wp\/v2\/pages\/318","targetHints":{"allow":["GET"]}}],"collection":[{"href":"https:\/\/pans.krosno.pl\/fa\/wp-json\/wp\/v2\/pages"}],"about":[{"href":"https:\/\/pans.krosno.pl\/fa\/wp-json\/wp\/v2\/types\/page"}],"author":[{"embeddable":true,"href":"https:\/\/pans.krosno.pl\/fa\/wp-json\/wp\/v2\/users\/27"}],"replies":[{"embeddable":true,"href":"https:\/\/pans.krosno.pl\/fa\/wp-json\/wp\/v2\/comments?post=318"}],"version-history":[{"count":20,"href":"https:\/\/pans.krosno.pl\/fa\/wp-json\/wp\/v2\/pages\/318\/revisions"}],"predecessor-version":[{"id":5620,"href":"https:\/\/pans.krosno.pl\/fa\/wp-json\/wp\/v2\/pages\/318\/revisions\/5620"}],"wp:attachment":[{"href":"https:\/\/pans.krosno.pl\/fa\/wp-json\/wp\/v2\/media?parent=318"}],"curies":[{"name":"wp","href":"https:\/\/api.w.org\/{rel}","templated":true}]}}