{"id":3086,"date":"2023-03-19T14:54:50","date_gmt":"2023-03-19T13:54:50","guid":{"rendered":"https:\/\/pans.krosno.pl\/fa\/?page_id=3086"},"modified":"2023-03-20T19:32:23","modified_gmt":"2023-03-20T18:32:23","slug":"abc-studenta-1-roku-kierunku-filologii-angielskiej-w-pans","status":"publish","type":"page","link":"https:\/\/pans.krosno.pl\/fa\/strona-glowna\/abc-studenta-1-roku-kierunku-filologii-angielskiej-w-pans\/","title":{"rendered":"ABC studenta 1 roku kierunku Filologii angielskiej w PANS"},"content":{"rendered":"\n<p><strong>Zak\u0142ad Filologii Angielskiej jest cz\u0119\u015bci\u0105 Instytutu Humanistycznego w PANS w Kro\u015bnie.<\/strong><\/p>\n\n\n\n<p>Dyrektor Instytutu Humanistycznego: dr Joanna Ziobro-Strz\u0119pek<\/p>\n\n\n\n<p>Kierownik Zak\u0142adu Filologii Angielskiej: dr Agnieszka Habrat<\/p>\n\n\n\n<p>Wi\u0119kszo\u015b\u0107 zaj\u0119\u0107 na kierunku FA odbywa si\u0119 w budynku KW4. Niekt\u00f3re zj\u0119cia odbywaj\u0105 si\u0119:<\/p>\n\n\n\n<ul class=\"wp-block-list\">\n<li>Informatyka \u2013 budynek KW6<\/li>\n\n\n\n<li>Fonetyka \u2013 KW8<\/li>\n\n\n\n<li>W-f \u2013 form\u0119 zaj\u0119\u0107 ustala prowadz\u0105cy<\/li>\n<\/ul>\n\n\n\n<figure class=\"wp-block-image size-full\"><img loading=\"lazy\" decoding=\"async\" width=\"477\" height=\"286\" src=\"https:\/\/pans.krosno.pl\/fa\/wp-content\/uploads\/sites\/13\/2023\/03\/KPU-PANS.png\" alt=\"\" class=\"wp-image-3087\" srcset=\"https:\/\/pans.krosno.pl\/fa\/wp-content\/uploads\/sites\/13\/2023\/03\/KPU-PANS.png 477w, https:\/\/pans.krosno.pl\/fa\/wp-content\/uploads\/sites\/13\/2023\/03\/KPU-PANS-300x180.png 300w\" sizes=\"auto, (max-width: 477px) 100vw, 477px\" \/><\/figure>\n\n\n\n<p><strong>Aula <\/strong>\u2013 budynek KW4, I pi\u0119tro.<\/p>\n\n\n\n<p><strong>Bar studencki <\/strong>\u2013 budynek KW6, podziemia.<\/p>\n\n\n\n<p><strong>Biblioteka <\/strong>&#8211; Biblioteka G\u0142\u00f3wna (Wypo\u017cyczalnia, Czytelnia G\u0142\u00f3wna z Czytelni\u0105 Internetow\u0105), Rynek 1 (wej\u015bcie od ul. Blich; po lewej stronie Rektoratu).<\/p>\n\n\n\n<p><strong>e-learning<\/strong> \u2013 wirtualna platforma wspomagaj\u0105ca nauk\u0119 w formie online. Na platformie cz\u0119sto s\u0105 umieszczane dodatkowe matteria\u0142y lub zadania dla studenta.<\/p>\n\n\n\n<p><strong>ECTS <\/strong>\u2013 warto\u015b\u0107 ka\u017cdego przedmiotu jest okre\u015blana w punktach ECTS. Aby zaliczy\u0107 kolejny etap studi\u00f3w, ka\u017cdy student (zgodnie ze swoim programem studi\u00f3w) jest zobowi\u0105zany do zdobycia ustalonej liczby punkt\u00f3w ECTS. Do zaliczenia ca\u0142ego roku nale\u017cy uzbiera\u0107 60 punkt\u00f3w ECTS.<\/p>\n\n\n\n<p><strong>Plan zaj\u0119\u0107<\/strong> \u2013 mo\u017cesz go sprawdzi\u0107 na kilka sposob\u00f3w:<\/p>\n\n\n\n<ol class=\"wp-block-list\" type=\"1\">\n<li><strong>Strona g\u0142\u00f3wna uczelni<\/strong>-&gt;zak\u0142adka STUDENCI-&gt;<strong>USOSweb (<\/strong>po zalogowaniu si\u0119 w zak\u0142adce M\u00f3j USOSweb po lewej stronie znajdziesz zak\u0142adk\u0119 PLAN ZAJ\u0118\u0106<strong>). Zauwa\u017c, \u017ce tu znajduje si\u0119 TW\u00d3J INDYWIDUALNY PLAN zaj\u0119\u0107.<\/strong><\/li>\n\n\n\n<li>Strona Zak\u0142adu Filologi Angielskiej.<\/li>\n\n\n\n<li>Plan zaj\u0119\u0107 wisi <strong>w gablocie<\/strong> przy pokoju nauczycielskim w KW4.<\/li>\n<\/ol>\n\n\n\n<p><strong>Pok\u00f3j nauczycielski<\/strong> wyk\u0142adowc\u00f3w Zak\u0142adu Filologii Angielskiej (staff room) \u2013 budynek KW4, pok\u00f3j nr 1 (parter).<\/p>\n\n\n\n<p><strong>Przep\u0142yw informacji<\/strong> na drodze STUDENT-UCZELNIA \u2013 zawsze <strong>najpierw<\/strong> zg\u0142aszaj spraw\u0119 <strong>Opiekunowi Roku<\/strong>.<\/p>\n\n\n\n<p><strong>Rektorat <\/strong>\u2013 Rynek 1 (budynek z zegarem).<\/p>\n\n\n\n<p><strong>Sekretariat i gabinet dyrektora<\/strong> \u2013 budynek KW8, pok\u00f3j nr 15 (I pi\u0119tro).<\/p>\n\n\n\n<p><strong>Starosta <\/strong>\u2013 osoba reprezentuj\u0105ca twoj\u0105 grup\u0119. Powinna to by\u0107 osoba odpowiedzialna, rzetelna i godna zaufania.<\/p>\n\n\n\n<p><strong>USOS <\/strong>\u2013 to system do obs\u0142ugi student\u00f3w. Konto ma w nim ka\u017cdy student.<\/p>\n\n\n\n<p><strong>DOBRE RADY:<\/strong><\/p>\n\n\n\n<ul class=\"wp-block-list\">\n<li>Do wyk\u0142adowc\u00f3w nale\u017cy si\u0119 zwraca\u0107 zgodnie z ich tytu\u0142ami akademickimi.<\/li>\n\n\n\n<li>Kultura obowi\u0105zuje!! PANS to ma\u0142a uczelnia, wi\u0119c nie jeste\u015b anonimowy dla wyk\u0142adowc\u00f3w.<\/li>\n\n\n\n<li>Nie opuszczaj zaj\u0119\u0107! To najgorsza rzecz, kt\u00f3r\u0105 mo\u017cesz zrobi\u0107. Wyk\u0142adowcy zawsze zwracaj\u0105 uwag\u0119 na obecno\u015b\u0107. Nie przejmuj si\u0119, \u017ce nie masz zadania lub nic nie umiesz na kolokwium \u2013 to zawsze mo\u017cna nadrobi\u0107. Z nieobecno\u015bci\u0105 ju\u017c nie jest tak \u0142atwo.<\/li>\n\n\n\n<li>Za\u0142\u00f3\u017ccie grupow\u0105 poczt\u0119 lub grup\u0119 na Messenger lub WhatsApp \u2013 to bardzo pomaga w dzieleniu si\u0119 informacjami i szybkiej komunikacji.<\/li>\n\n\n\n<li>Wymie\u0144cie si\u0119 nr telefon\u00f3w i adresami email z wyk\u0142adowcami (oczywi\u015bcie, je\u015bli wyk\u0142adowca nie b\u0119dzie mia\u0142 nic przeciwko).&nbsp;<\/li>\n\n\n\n<li>Zawsze informujcie wyk\u0142adowc\u0119, \u017ce nast\u0105pi\u0142a zmiana w planie i grupa nie przyjdzie na zaj\u0119cia \u2013 szanujmy sw\u00f3j czas.<\/li>\n\n\n\n<li>Nie ma twojej grupy, nie panikuj! Post\u0119puj wg. wskaz\u00f3wek: 1. Sprawd\u017a plan zaj\u0119\u0107, mo\u017ce czekasz w z\u0142ym miejscu. 2. Sprawd\u017a poczt\u0119 \u2013 mo\u017ce nast\u0105pi\u0142a jaka\u015b zmiana w planie zaj\u0119\u0107. 3. Skontaktuj si\u0119 z kim\u015b z twojej grupy \u2013 mo\u017ce on wie, co si\u0119 dzieje. 4. Zapytaj w staff roomie, czy jest dany wyk\u0142adowca. 5. Je\u015bli ju\u017c upewnisz si\u0119, \u017ce zaj\u0119cia s\u0105 odwo\u0142ane \u2013 id\u017a do domu \ud83d\ude09<\/li>\n<\/ul>\n","protected":false},"excerpt":{"rendered":"<p>Warto uwa\u017cnie przeczyta\u0107!<\/p>\n","protected":false},"author":54,"featured_media":3089,"parent":77,"menu_order":1,"comment_status":"closed","ping_status":"closed","template":"","meta":{"ngg_post_thumbnail":0,"footnotes":""},"class_list":["post-3086","page","type-page","status-publish","has-post-thumbnail","hentry"],"yoast_head":"<!-- This site is optimized with the Yoast SEO Premium plugin v27.4 (Yoast SEO v27.4) - https:\/\/yoast.com\/product\/yoast-seo-premium-wordpress\/ -->\n<title>ABC studenta 1 roku kierunku Filologii angielskiej w PANS - Filologia Angielska PANS w Kro\u015bnie<\/title>\n<meta name=\"robots\" content=\"index, follow, max-snippet:-1, max-image-preview:large, max-video-preview:-1\" \/>\n<link rel=\"canonical\" href=\"https:\/\/pans.krosno.pl\/fa\/strona-glowna\/abc-studenta-1-roku-kierunku-filologii-angielskiej-w-pans\/\" \/>\n<meta property=\"og:locale\" content=\"pl_PL\" \/>\n<meta property=\"og:type\" content=\"article\" \/>\n<meta property=\"og:title\" content=\"ABC studenta 1 roku kierunku Filologii angielskiej w PANS\" \/>\n<meta property=\"og:description\" content=\"Warto uwa\u017cnie przeczyta\u0107!\" \/>\n<meta property=\"og:url\" content=\"https:\/\/pans.krosno.pl\/fa\/strona-glowna\/abc-studenta-1-roku-kierunku-filologii-angielskiej-w-pans\/\" \/>\n<meta property=\"og:site_name\" content=\"Filologia Angielska PANS w Kro\u015bnie\" \/>\n<meta property=\"article:modified_time\" content=\"2023-03-20T18:32:23+00:00\" \/>\n<meta property=\"og:image\" content=\"https:\/\/pans.krosno.pl\/wp-content\/uploads\/sites\/13\/2023\/03\/ADVICE.jpg\" \/>\n\t<meta property=\"og:image:width\" content=\"300\" \/>\n\t<meta property=\"og:image:height\" content=\"234\" \/>\n\t<meta property=\"og:image:type\" content=\"image\/jpeg\" \/>\n<meta name=\"twitter:card\" content=\"summary_large_image\" \/>\n<meta name=\"twitter:label1\" content=\"Szacowany czas czytania\" \/>\n\t<meta name=\"twitter:data1\" content=\"3 minuty\" \/>\n<script type=\"application\/ld+json\" class=\"yoast-schema-graph\">{\"@context\":\"https:\\\/\\\/schema.org\",\"@graph\":[{\"@type\":\"WebPage\",\"@id\":\"https:\\\/\\\/pans.krosno.pl\\\/fa\\\/strona-glowna\\\/abc-studenta-1-roku-kierunku-filologii-angielskiej-w-pans\\\/\",\"url\":\"https:\\\/\\\/pans.krosno.pl\\\/fa\\\/strona-glowna\\\/abc-studenta-1-roku-kierunku-filologii-angielskiej-w-pans\\\/\",\"name\":\"ABC studenta 1 roku kierunku Filologii angielskiej w PANS - Filologia Angielska PANS w Kro\u015bnie\",\"isPartOf\":{\"@id\":\"https:\\\/\\\/pans.krosno.pl\\\/fa\\\/#website\"},\"primaryImageOfPage\":{\"@id\":\"https:\\\/\\\/pans.krosno.pl\\\/fa\\\/strona-glowna\\\/abc-studenta-1-roku-kierunku-filologii-angielskiej-w-pans\\\/#primaryimage\"},\"image\":{\"@id\":\"https:\\\/\\\/pans.krosno.pl\\\/fa\\\/strona-glowna\\\/abc-studenta-1-roku-kierunku-filologii-angielskiej-w-pans\\\/#primaryimage\"},\"thumbnailUrl\":\"https:\\\/\\\/pans.krosno.pl\\\/fa\\\/wp-content\\\/uploads\\\/sites\\\/13\\\/2023\\\/03\\\/ADVICE.jpg\",\"datePublished\":\"2023-03-19T13:54:50+00:00\",\"dateModified\":\"2023-03-20T18:32:23+00:00\",\"breadcrumb\":{\"@id\":\"https:\\\/\\\/pans.krosno.pl\\\/fa\\\/strona-glowna\\\/abc-studenta-1-roku-kierunku-filologii-angielskiej-w-pans\\\/#breadcrumb\"},\"inLanguage\":\"pl-PL\",\"potentialAction\":[{\"@type\":\"ReadAction\",\"target\":[\"https:\\\/\\\/pans.krosno.pl\\\/fa\\\/strona-glowna\\\/abc-studenta-1-roku-kierunku-filologii-angielskiej-w-pans\\\/\"]}]},{\"@type\":\"ImageObject\",\"inLanguage\":\"pl-PL\",\"@id\":\"https:\\\/\\\/pans.krosno.pl\\\/fa\\\/strona-glowna\\\/abc-studenta-1-roku-kierunku-filologii-angielskiej-w-pans\\\/#primaryimage\",\"url\":\"https:\\\/\\\/pans.krosno.pl\\\/fa\\\/wp-content\\\/uploads\\\/sites\\\/13\\\/2023\\\/03\\\/ADVICE.jpg\",\"contentUrl\":\"https:\\\/\\\/pans.krosno.pl\\\/fa\\\/wp-content\\\/uploads\\\/sites\\\/13\\\/2023\\\/03\\\/ADVICE.jpg\",\"width\":300,\"height\":234},{\"@type\":\"BreadcrumbList\",\"@id\":\"https:\\\/\\\/pans.krosno.pl\\\/fa\\\/strona-glowna\\\/abc-studenta-1-roku-kierunku-filologii-angielskiej-w-pans\\\/#breadcrumb\",\"itemListElement\":[{\"@type\":\"ListItem\",\"position\":1,\"name\":\"Strona g\u0142\u00f3wna\",\"item\":\"https:\\\/\\\/pans.krosno.pl\\\/fa\\\/\"},{\"@type\":\"ListItem\",\"position\":2,\"name\":\"Strona g\u0142\u00f3wna\",\"item\":\"https:\\\/\\\/pans.krosno.pl\\\/fa\\\/\"},{\"@type\":\"ListItem\",\"position\":3,\"name\":\"ABC studenta 1 roku kierunku Filologii angielskiej w PANS\"}]},{\"@type\":\"WebSite\",\"@id\":\"https:\\\/\\\/pans.krosno.pl\\\/fa\\\/#website\",\"url\":\"https:\\\/\\\/pans.krosno.pl\\\/fa\\\/\",\"name\":\"Filologia Angielska PANS w Kro\u015bnie\",\"description\":\"Filologia Angielska - Pa\u0144stwowa Akademia Nauk Stosowanych\",\"publisher\":{\"@id\":\"https:\\\/\\\/pans.krosno.pl\\\/fa\\\/#organization\"},\"potentialAction\":[{\"@type\":\"SearchAction\",\"target\":{\"@type\":\"EntryPoint\",\"urlTemplate\":\"https:\\\/\\\/pans.krosno.pl\\\/fa\\\/?s={search_term_string}\"},\"query-input\":{\"@type\":\"PropertyValueSpecification\",\"valueRequired\":true,\"valueName\":\"search_term_string\"}}],\"inLanguage\":\"pl-PL\"},{\"@type\":\"Organization\",\"@id\":\"https:\\\/\\\/pans.krosno.pl\\\/fa\\\/#organization\",\"name\":\"Filologia Angielska PANS w Kro\u015bnie\",\"url\":\"https:\\\/\\\/pans.krosno.pl\\\/fa\\\/\",\"logo\":{\"@type\":\"ImageObject\",\"inLanguage\":\"pl-PL\",\"@id\":\"https:\\\/\\\/pans.krosno.pl\\\/fa\\\/#\\\/schema\\\/logo\\\/image\\\/\",\"url\":\"https:\\\/\\\/pans.krosno.pl\\\/fa\\\/wp-content\\\/uploads\\\/sites\\\/13\\\/2023\\\/01\\\/Logo-PANS-2022-pelne.png\",\"contentUrl\":\"https:\\\/\\\/pans.krosno.pl\\\/fa\\\/wp-content\\\/uploads\\\/sites\\\/13\\\/2023\\\/01\\\/Logo-PANS-2022-pelne.png\",\"width\":3096,\"height\":696,\"caption\":\"Filologia Angielska PANS w Kro\u015bnie\"},\"image\":{\"@id\":\"https:\\\/\\\/pans.krosno.pl\\\/fa\\\/#\\\/schema\\\/logo\\\/image\\\/\"}}]}<\/script>\n<!-- \/ Yoast SEO Premium plugin. -->","yoast_head_json":{"title":"ABC studenta 1 roku kierunku Filologii angielskiej w PANS - Filologia Angielska PANS w Kro\u015bnie","robots":{"index":"index","follow":"follow","max-snippet":"max-snippet:-1","max-image-preview":"max-image-preview:large","max-video-preview":"max-video-preview:-1"},"canonical":"https:\/\/pans.krosno.pl\/fa\/strona-glowna\/abc-studenta-1-roku-kierunku-filologii-angielskiej-w-pans\/","og_locale":"pl_PL","og_type":"article","og_title":"ABC studenta 1 roku kierunku Filologii angielskiej w PANS","og_description":"Warto uwa\u017cnie przeczyta\u0107!","og_url":"https:\/\/pans.krosno.pl\/fa\/strona-glowna\/abc-studenta-1-roku-kierunku-filologii-angielskiej-w-pans\/","og_site_name":"Filologia Angielska PANS w Kro\u015bnie","article_modified_time":"2023-03-20T18:32:23+00:00","og_image":[{"width":300,"height":234,"url":"https:\/\/pans.krosno.pl\/wp-content\/uploads\/sites\/13\/2023\/03\/ADVICE.jpg","type":"image\/jpeg"}],"twitter_card":"summary_large_image","twitter_misc":{"Szacowany czas czytania":"3 minuty"},"schema":{"@context":"https:\/\/schema.org","@graph":[{"@type":"WebPage","@id":"https:\/\/pans.krosno.pl\/fa\/strona-glowna\/abc-studenta-1-roku-kierunku-filologii-angielskiej-w-pans\/","url":"https:\/\/pans.krosno.pl\/fa\/strona-glowna\/abc-studenta-1-roku-kierunku-filologii-angielskiej-w-pans\/","name":"ABC studenta 1 roku kierunku Filologii angielskiej w PANS - Filologia Angielska PANS w Kro\u015bnie","isPartOf":{"@id":"https:\/\/pans.krosno.pl\/fa\/#website"},"primaryImageOfPage":{"@id":"https:\/\/pans.krosno.pl\/fa\/strona-glowna\/abc-studenta-1-roku-kierunku-filologii-angielskiej-w-pans\/#primaryimage"},"image":{"@id":"https:\/\/pans.krosno.pl\/fa\/strona-glowna\/abc-studenta-1-roku-kierunku-filologii-angielskiej-w-pans\/#primaryimage"},"thumbnailUrl":"https:\/\/pans.krosno.pl\/fa\/wp-content\/uploads\/sites\/13\/2023\/03\/ADVICE.jpg","datePublished":"2023-03-19T13:54:50+00:00","dateModified":"2023-03-20T18:32:23+00:00","breadcrumb":{"@id":"https:\/\/pans.krosno.pl\/fa\/strona-glowna\/abc-studenta-1-roku-kierunku-filologii-angielskiej-w-pans\/#breadcrumb"},"inLanguage":"pl-PL","potentialAction":[{"@type":"ReadAction","target":["https:\/\/pans.krosno.pl\/fa\/strona-glowna\/abc-studenta-1-roku-kierunku-filologii-angielskiej-w-pans\/"]}]},{"@type":"ImageObject","inLanguage":"pl-PL","@id":"https:\/\/pans.krosno.pl\/fa\/strona-glowna\/abc-studenta-1-roku-kierunku-filologii-angielskiej-w-pans\/#primaryimage","url":"https:\/\/pans.krosno.pl\/fa\/wp-content\/uploads\/sites\/13\/2023\/03\/ADVICE.jpg","contentUrl":"https:\/\/pans.krosno.pl\/fa\/wp-content\/uploads\/sites\/13\/2023\/03\/ADVICE.jpg","width":300,"height":234},{"@type":"BreadcrumbList","@id":"https:\/\/pans.krosno.pl\/fa\/strona-glowna\/abc-studenta-1-roku-kierunku-filologii-angielskiej-w-pans\/#breadcrumb","itemListElement":[{"@type":"ListItem","position":1,"name":"Strona g\u0142\u00f3wna","item":"https:\/\/pans.krosno.pl\/fa\/"},{"@type":"ListItem","position":2,"name":"Strona g\u0142\u00f3wna","item":"https:\/\/pans.krosno.pl\/fa\/"},{"@type":"ListItem","position":3,"name":"ABC studenta 1 roku kierunku Filologii angielskiej w PANS"}]},{"@type":"WebSite","@id":"https:\/\/pans.krosno.pl\/fa\/#website","url":"https:\/\/pans.krosno.pl\/fa\/","name":"Filologia Angielska PANS w Kro\u015bnie","description":"Filologia Angielska - Pa\u0144stwowa Akademia Nauk Stosowanych","publisher":{"@id":"https:\/\/pans.krosno.pl\/fa\/#organization"},"potentialAction":[{"@type":"SearchAction","target":{"@type":"EntryPoint","urlTemplate":"https:\/\/pans.krosno.pl\/fa\/?s={search_term_string}"},"query-input":{"@type":"PropertyValueSpecification","valueRequired":true,"valueName":"search_term_string"}}],"inLanguage":"pl-PL"},{"@type":"Organization","@id":"https:\/\/pans.krosno.pl\/fa\/#organization","name":"Filologia Angielska PANS w Kro\u015bnie","url":"https:\/\/pans.krosno.pl\/fa\/","logo":{"@type":"ImageObject","inLanguage":"pl-PL","@id":"https:\/\/pans.krosno.pl\/fa\/#\/schema\/logo\/image\/","url":"https:\/\/pans.krosno.pl\/fa\/wp-content\/uploads\/sites\/13\/2023\/01\/Logo-PANS-2022-pelne.png","contentUrl":"https:\/\/pans.krosno.pl\/fa\/wp-content\/uploads\/sites\/13\/2023\/01\/Logo-PANS-2022-pelne.png","width":3096,"height":696,"caption":"Filologia Angielska PANS w Kro\u015bnie"},"image":{"@id":"https:\/\/pans.krosno.pl\/fa\/#\/schema\/logo\/image\/"}}]}},"_links":{"self":[{"href":"https:\/\/pans.krosno.pl\/fa\/wp-json\/wp\/v2\/pages\/3086","targetHints":{"allow":["GET"]}}],"collection":[{"href":"https:\/\/pans.krosno.pl\/fa\/wp-json\/wp\/v2\/pages"}],"about":[{"href":"https:\/\/pans.krosno.pl\/fa\/wp-json\/wp\/v2\/types\/page"}],"author":[{"embeddable":true,"href":"https:\/\/pans.krosno.pl\/fa\/wp-json\/wp\/v2\/users\/54"}],"replies":[{"embeddable":true,"href":"https:\/\/pans.krosno.pl\/fa\/wp-json\/wp\/v2\/comments?post=3086"}],"version-history":[{"count":6,"href":"https:\/\/pans.krosno.pl\/fa\/wp-json\/wp\/v2\/pages\/3086\/revisions"}],"predecessor-version":[{"id":3137,"href":"https:\/\/pans.krosno.pl\/fa\/wp-json\/wp\/v2\/pages\/3086\/revisions\/3137"}],"up":[{"embeddable":true,"href":"https:\/\/pans.krosno.pl\/fa\/wp-json\/wp\/v2\/pages\/77"}],"wp:featuredmedia":[{"embeddable":true,"href":"https:\/\/pans.krosno.pl\/fa\/wp-json\/wp\/v2\/media\/3089"}],"wp:attachment":[{"href":"https:\/\/pans.krosno.pl\/fa\/wp-json\/wp\/v2\/media?parent=3086"}],"curies":[{"name":"wp","href":"https:\/\/api.w.org\/{rel}","templated":true}]}}