{"id":2750,"date":"2023-02-06T10:50:41","date_gmt":"2023-02-06T09:50:41","guid":{"rendered":"https:\/\/pans.krosno.pl\/fa\/?page_id=2750"},"modified":"2023-08-10T12:04:40","modified_gmt":"2023-08-10T10:04:40","slug":"informacje-praktyczne","status":"publish","type":"page","link":"https:\/\/pans.krosno.pl\/fa\/jezykoznawstwo-kognitywne-w-roku-2023\/informacje-praktyczne\/","title":{"rendered":"Informacje praktyczne"},"content":{"rendered":"\n<p>Dojazd do <a href=\"https:\/\/mapa.nocowanie.pl\/krosno\/\">Krosna<\/a><\/p>\n\n\n\n<p><strong>samolotem<\/strong>: Lotnisko w Balicach pod Krakowem, przejazd kolejka do dworca Krak\u00f3w G\u0142\u00f3wny, stamt\u0105d po\u0142\u0105czenia autobusowe lub kolejow\u0105<\/p>\n\n\n\n<p><strong>autobusem <\/strong>&#8211; regularne po\u0142\u0105czenia z Krakowa (2-3 godzin <strong>autobusem <\/strong>z Dworca autobusowego w Krakowie &#8211; regularne po\u0142\u0105czenia &#8211;<a href=\"https:\/\/barbara.net.pl\/?p=rozklady&amp;id=1\"> firma Barbara<\/a> lub <a href=\"http:\/\/neobus.pl\">Neobus <\/a>&#8211; ta ostatnia tak\u017ce z lotniska w Balicach), Warszawy, Rzeszowa, Lublina i innych miast<\/p>\n\n\n\n<p>poci\u0105giem &#8211; tylko dwa razy dziennie z Krakowa (<a href=\"http:\/\/intercity.pl\">intercity.pl,<\/a> <a href=\"http:\/\/bilkom.pl\">bilkom.pl<\/a>)  <\/p>\n\n\n\n<p><strong>samochodem<\/strong>: autostrada A4 do Pilzna, D\u0119bicy lub Rzeszowa, potem drog\u0105 krajow\u0105 do Krosna<\/p>\n\n\n\n<p><\/p>\n\n\n\n<p><strong>Miejsce konferencji:<\/strong><\/p>\n\n\n\n<p>Pa\u0144stwowa Akademia Nauk Stosowanych, Instytut Humanistyczny, ul Kazimierza Wielkiego 4-8, Krosno<\/p>\n\n\n\n<p>Polecane hotele &#8211; <a href=\"https:\/\/www.booking.com\/hotel\/pl\/portius.pl.html\">Hotel Portius<\/a>, <a href=\"https:\/\/nafta.pl\/\">Hotel Nafta<\/a>, <a href=\"https:\/\/e-turysta.pl\/pokoje-goscinne-mosir-krosno-111194.html\">Pokoje Go\u015bcinne MOSIR, <\/a><a href=\"http:\/\/www.twistkrosno.pl\/\">Hotel Twist<\/a>, <a href=\"https:\/\/hotelsniezka.pl\/\">Hotel \u015anie\u017cka<\/a> i inne<\/p>\n\n\n\n<p>S\u0105 tak\u017ce pokoje do wynaj\u0119cia przez serwisy typu AirB&amp;B<\/p>\n\n\n\n<p><\/p>\n\n\n\n<p><\/p>\n","protected":false},"excerpt":{"rendered":"<p>Dojazd do Krosna samolotem: Lotnisko w Balicach pod Krakowem, przejazd kolejka do dworca Krak\u00f3w G\u0142\u00f3wny, stamt\u0105d po\u0142\u0105czenia autobusowe lub kolejow\u0105 autobusem &#8211; regularne po\u0142\u0105czenia z Krakowa (2-3 godzin autobusem z Dworca autobusowego w Krakowie &#8211; regularne po\u0142\u0105czenia &#8211; firma Barbara lub Neobus &#8211; ta ostatnia tak\u017ce z lotniska w Balicach), [\u2026] <\/p>\n<div class=\"clear\"><\/div>\n<p><a class=\"more_link clearfix\" href=\"https:\/\/pans.krosno.pl\/fa\/jezykoznawstwo-kognitywne-w-roku-2023\/informacje-praktyczne\/\" rel=\"nofollow\">Read More<\/a><\/p>\n","protected":false},"author":27,"featured_media":0,"parent":2737,"menu_order":0,"comment_status":"closed","ping_status":"closed","template":"page-templates\/template-full-width.php","meta":{"ngg_post_thumbnail":0,"footnotes":""},"class_list":["post-2750","page","type-page","status-publish","hentry"],"yoast_head":"<!-- This site is optimized with the Yoast SEO Premium plugin v27.3 (Yoast SEO v27.3) - https:\/\/yoast.com\/product\/yoast-seo-premium-wordpress\/ -->\n<title>Informacje praktyczne - Filologia Angielska PANS w Kro\u015bnie<\/title>\n<meta name=\"robots\" content=\"index, follow, max-snippet:-1, max-image-preview:large, max-video-preview:-1\" \/>\n<link rel=\"canonical\" href=\"https:\/\/pans.krosno.pl\/fa\/jezykoznawstwo-kognitywne-w-roku-2023\/informacje-praktyczne\/\" \/>\n<meta property=\"og:locale\" content=\"pl_PL\" \/>\n<meta property=\"og:type\" content=\"article\" \/>\n<meta property=\"og:title\" content=\"Informacje praktyczne\" \/>\n<meta property=\"og:description\" content=\"Dojazd do Krosna samolotem: Lotnisko w Balicach pod Krakowem, przejazd kolejka do dworca Krak\u00f3w G\u0142\u00f3wny, stamt\u0105d po\u0142\u0105czenia autobusowe lub kolejow\u0105 autobusem &#8211; regularne po\u0142\u0105czenia z Krakowa (2-3 godzin autobusem z Dworca autobusowego w Krakowie &#8211; regularne po\u0142\u0105czenia &#8211; firma Barbara lub Neobus &#8211; ta ostatnia tak\u017ce z lotniska w Balicach), [\u2026] Read More\" \/>\n<meta property=\"og:url\" content=\"https:\/\/pans.krosno.pl\/fa\/jezykoznawstwo-kognitywne-w-roku-2023\/informacje-praktyczne\/\" \/>\n<meta property=\"og:site_name\" content=\"Filologia Angielska PANS w Kro\u015bnie\" \/>\n<meta property=\"article:modified_time\" content=\"2023-08-10T10:04:40+00:00\" \/>\n<meta name=\"twitter:card\" content=\"summary_large_image\" \/>\n<meta name=\"twitter:label1\" content=\"Szacowany czas czytania\" \/>\n\t<meta name=\"twitter:data1\" content=\"1 minuta\" \/>\n<script type=\"application\/ld+json\" class=\"yoast-schema-graph\">{\"@context\":\"https:\\\/\\\/schema.org\",\"@graph\":[{\"@type\":\"WebPage\",\"@id\":\"https:\\\/\\\/pans.krosno.pl\\\/fa\\\/jezykoznawstwo-kognitywne-w-roku-2023\\\/informacje-praktyczne\\\/\",\"url\":\"https:\\\/\\\/pans.krosno.pl\\\/fa\\\/jezykoznawstwo-kognitywne-w-roku-2023\\\/informacje-praktyczne\\\/\",\"name\":\"Informacje praktyczne - Filologia Angielska PANS w Kro\u015bnie\",\"isPartOf\":{\"@id\":\"https:\\\/\\\/pans.krosno.pl\\\/fa\\\/#website\"},\"datePublished\":\"2023-02-06T09:50:41+00:00\",\"dateModified\":\"2023-08-10T10:04:40+00:00\",\"breadcrumb\":{\"@id\":\"https:\\\/\\\/pans.krosno.pl\\\/fa\\\/jezykoznawstwo-kognitywne-w-roku-2023\\\/informacje-praktyczne\\\/#breadcrumb\"},\"inLanguage\":\"pl-PL\",\"potentialAction\":[{\"@type\":\"ReadAction\",\"target\":[\"https:\\\/\\\/pans.krosno.pl\\\/fa\\\/jezykoznawstwo-kognitywne-w-roku-2023\\\/informacje-praktyczne\\\/\"]}]},{\"@type\":\"BreadcrumbList\",\"@id\":\"https:\\\/\\\/pans.krosno.pl\\\/fa\\\/jezykoznawstwo-kognitywne-w-roku-2023\\\/informacje-praktyczne\\\/#breadcrumb\",\"itemListElement\":[{\"@type\":\"ListItem\",\"position\":1,\"name\":\"Strona g\u0142\u00f3wna\",\"item\":\"https:\\\/\\\/pans.krosno.pl\\\/fa\\\/\"},{\"@type\":\"ListItem\",\"position\":2,\"name\":\"J\u0119zykoznawstwo Kognitywne w roku 2023\",\"item\":\"https:\\\/\\\/pans.krosno.pl\\\/fa\\\/jezykoznawstwo-kognitywne-w-roku-2023\\\/\"},{\"@type\":\"ListItem\",\"position\":3,\"name\":\"Informacje praktyczne\"}]},{\"@type\":\"WebSite\",\"@id\":\"https:\\\/\\\/pans.krosno.pl\\\/fa\\\/#website\",\"url\":\"https:\\\/\\\/pans.krosno.pl\\\/fa\\\/\",\"name\":\"Filologia Angielska PANS w Kro\u015bnie\",\"description\":\"Filologia Angielska - Pa\u0144stwowa Akademia Nauk Stosowanych\",\"publisher\":{\"@id\":\"https:\\\/\\\/pans.krosno.pl\\\/fa\\\/#organization\"},\"potentialAction\":[{\"@type\":\"SearchAction\",\"target\":{\"@type\":\"EntryPoint\",\"urlTemplate\":\"https:\\\/\\\/pans.krosno.pl\\\/fa\\\/?s={search_term_string}\"},\"query-input\":{\"@type\":\"PropertyValueSpecification\",\"valueRequired\":true,\"valueName\":\"search_term_string\"}}],\"inLanguage\":\"pl-PL\"},{\"@type\":\"Organization\",\"@id\":\"https:\\\/\\\/pans.krosno.pl\\\/fa\\\/#organization\",\"name\":\"Filologia Angielska PANS w Kro\u015bnie\",\"url\":\"https:\\\/\\\/pans.krosno.pl\\\/fa\\\/\",\"logo\":{\"@type\":\"ImageObject\",\"inLanguage\":\"pl-PL\",\"@id\":\"https:\\\/\\\/pans.krosno.pl\\\/fa\\\/#\\\/schema\\\/logo\\\/image\\\/\",\"url\":\"https:\\\/\\\/pans.krosno.pl\\\/fa\\\/wp-content\\\/uploads\\\/sites\\\/13\\\/2023\\\/01\\\/Logo-PANS-2022-pelne.png\",\"contentUrl\":\"https:\\\/\\\/pans.krosno.pl\\\/fa\\\/wp-content\\\/uploads\\\/sites\\\/13\\\/2023\\\/01\\\/Logo-PANS-2022-pelne.png\",\"width\":3096,\"height\":696,\"caption\":\"Filologia Angielska PANS w Kro\u015bnie\"},\"image\":{\"@id\":\"https:\\\/\\\/pans.krosno.pl\\\/fa\\\/#\\\/schema\\\/logo\\\/image\\\/\"}}]}<\/script>\n<!-- \/ Yoast SEO Premium plugin. -->","yoast_head_json":{"title":"Informacje praktyczne - Filologia Angielska PANS w Kro\u015bnie","robots":{"index":"index","follow":"follow","max-snippet":"max-snippet:-1","max-image-preview":"max-image-preview:large","max-video-preview":"max-video-preview:-1"},"canonical":"https:\/\/pans.krosno.pl\/fa\/jezykoznawstwo-kognitywne-w-roku-2023\/informacje-praktyczne\/","og_locale":"pl_PL","og_type":"article","og_title":"Informacje praktyczne","og_description":"Dojazd do Krosna samolotem: Lotnisko w Balicach pod Krakowem, przejazd kolejka do dworca Krak\u00f3w G\u0142\u00f3wny, stamt\u0105d po\u0142\u0105czenia autobusowe lub kolejow\u0105 autobusem &#8211; regularne po\u0142\u0105czenia z Krakowa (2-3 godzin autobusem z Dworca autobusowego w Krakowie &#8211; regularne po\u0142\u0105czenia &#8211; firma Barbara lub Neobus &#8211; ta ostatnia tak\u017ce z lotniska w Balicach), [\u2026] Read More","og_url":"https:\/\/pans.krosno.pl\/fa\/jezykoznawstwo-kognitywne-w-roku-2023\/informacje-praktyczne\/","og_site_name":"Filologia Angielska PANS w Kro\u015bnie","article_modified_time":"2023-08-10T10:04:40+00:00","twitter_card":"summary_large_image","twitter_misc":{"Szacowany czas czytania":"1 minuta"},"schema":{"@context":"https:\/\/schema.org","@graph":[{"@type":"WebPage","@id":"https:\/\/pans.krosno.pl\/fa\/jezykoznawstwo-kognitywne-w-roku-2023\/informacje-praktyczne\/","url":"https:\/\/pans.krosno.pl\/fa\/jezykoznawstwo-kognitywne-w-roku-2023\/informacje-praktyczne\/","name":"Informacje praktyczne - Filologia Angielska PANS w Kro\u015bnie","isPartOf":{"@id":"https:\/\/pans.krosno.pl\/fa\/#website"},"datePublished":"2023-02-06T09:50:41+00:00","dateModified":"2023-08-10T10:04:40+00:00","breadcrumb":{"@id":"https:\/\/pans.krosno.pl\/fa\/jezykoznawstwo-kognitywne-w-roku-2023\/informacje-praktyczne\/#breadcrumb"},"inLanguage":"pl-PL","potentialAction":[{"@type":"ReadAction","target":["https:\/\/pans.krosno.pl\/fa\/jezykoznawstwo-kognitywne-w-roku-2023\/informacje-praktyczne\/"]}]},{"@type":"BreadcrumbList","@id":"https:\/\/pans.krosno.pl\/fa\/jezykoznawstwo-kognitywne-w-roku-2023\/informacje-praktyczne\/#breadcrumb","itemListElement":[{"@type":"ListItem","position":1,"name":"Strona g\u0142\u00f3wna","item":"https:\/\/pans.krosno.pl\/fa\/"},{"@type":"ListItem","position":2,"name":"J\u0119zykoznawstwo Kognitywne w roku 2023","item":"https:\/\/pans.krosno.pl\/fa\/jezykoznawstwo-kognitywne-w-roku-2023\/"},{"@type":"ListItem","position":3,"name":"Informacje praktyczne"}]},{"@type":"WebSite","@id":"https:\/\/pans.krosno.pl\/fa\/#website","url":"https:\/\/pans.krosno.pl\/fa\/","name":"Filologia Angielska PANS w Kro\u015bnie","description":"Filologia Angielska - Pa\u0144stwowa Akademia Nauk Stosowanych","publisher":{"@id":"https:\/\/pans.krosno.pl\/fa\/#organization"},"potentialAction":[{"@type":"SearchAction","target":{"@type":"EntryPoint","urlTemplate":"https:\/\/pans.krosno.pl\/fa\/?s={search_term_string}"},"query-input":{"@type":"PropertyValueSpecification","valueRequired":true,"valueName":"search_term_string"}}],"inLanguage":"pl-PL"},{"@type":"Organization","@id":"https:\/\/pans.krosno.pl\/fa\/#organization","name":"Filologia Angielska PANS w Kro\u015bnie","url":"https:\/\/pans.krosno.pl\/fa\/","logo":{"@type":"ImageObject","inLanguage":"pl-PL","@id":"https:\/\/pans.krosno.pl\/fa\/#\/schema\/logo\/image\/","url":"https:\/\/pans.krosno.pl\/fa\/wp-content\/uploads\/sites\/13\/2023\/01\/Logo-PANS-2022-pelne.png","contentUrl":"https:\/\/pans.krosno.pl\/fa\/wp-content\/uploads\/sites\/13\/2023\/01\/Logo-PANS-2022-pelne.png","width":3096,"height":696,"caption":"Filologia Angielska PANS w Kro\u015bnie"},"image":{"@id":"https:\/\/pans.krosno.pl\/fa\/#\/schema\/logo\/image\/"}}]}},"_links":{"self":[{"href":"https:\/\/pans.krosno.pl\/fa\/wp-json\/wp\/v2\/pages\/2750","targetHints":{"allow":["GET"]}}],"collection":[{"href":"https:\/\/pans.krosno.pl\/fa\/wp-json\/wp\/v2\/pages"}],"about":[{"href":"https:\/\/pans.krosno.pl\/fa\/wp-json\/wp\/v2\/types\/page"}],"author":[{"embeddable":true,"href":"https:\/\/pans.krosno.pl\/fa\/wp-json\/wp\/v2\/users\/27"}],"replies":[{"embeddable":true,"href":"https:\/\/pans.krosno.pl\/fa\/wp-json\/wp\/v2\/comments?post=2750"}],"version-history":[{"count":12,"href":"https:\/\/pans.krosno.pl\/fa\/wp-json\/wp\/v2\/pages\/2750\/revisions"}],"predecessor-version":[{"id":3627,"href":"https:\/\/pans.krosno.pl\/fa\/wp-json\/wp\/v2\/pages\/2750\/revisions\/3627"}],"up":[{"embeddable":true,"href":"https:\/\/pans.krosno.pl\/fa\/wp-json\/wp\/v2\/pages\/2737"}],"wp:attachment":[{"href":"https:\/\/pans.krosno.pl\/fa\/wp-json\/wp\/v2\/media?parent=2750"}],"curies":[{"name":"wp","href":"https:\/\/api.w.org\/{rel}","templated":true}]}}