{"id":2742,"date":"2023-02-06T10:50:40","date_gmt":"2023-02-06T09:50:40","guid":{"rendered":"https:\/\/pans.krosno.pl\/fa\/?page_id=2742"},"modified":"2023-09-13T14:16:15","modified_gmt":"2023-09-13T12:16:15","slug":"program-ramowy","status":"publish","type":"page","link":"https:\/\/pans.krosno.pl\/fa\/jezykoznawstwo-kognitywne-w-roku-2023\/program-ramowy\/","title":{"rendered":"Program konferencji"},"content":{"rendered":"\n<p><strong>Program konferencji (wersja z 13 wrze\u015bnia)<\/strong><\/p>\n\n\n\n<div class=\"wp-block-file\"><a id=\"wp-block-file--media-4e68589f-4e18-4d50-9d58-322fd3463a3b\" href=\"https:\/\/pans.krosno.pl\/fa\/wp-content\/uploads\/sites\/13\/2023\/09\/Krosno_conference_program_3_3-3.pdf\">Krosno_conference_program_3_3<\/a><a href=\"https:\/\/pans.krosno.pl\/fa\/wp-content\/uploads\/sites\/13\/2023\/09\/Krosno_conference_program_3_3-3.pdf\" class=\"wp-block-file__button wp-element-button\" download aria-describedby=\"wp-block-file--media-4e68589f-4e18-4d50-9d58-322fd3463a3b\">Pobierz<\/a><\/div>\n\n\n\n<p><strong>Program ramowy<\/strong>:<\/p>\n\n\n\n<p>12 wrze\u015bnia 2023 (wtorek)- Przyjazd do Krosna<\/p>\n\n\n\n<p><strong>13 wrze\u015bnia (\u015broda) &#8211; pierwszy dzie\u0144 konferencji<\/strong><\/p>\n\n\n\n<p>9:30 uroczyste otwarcie konferencji<\/p>\n\n\n\n<p>10:00-11:00 wyk\u0142ad plenarny &#8211; Lena Boroditsky, California, USA<\/p>\n\n\n\n<p>11:30 przerwa kawowa<\/p>\n\n\n\n<p>12:00-13:30 obrady w sekcjach<\/p>\n\n\n\n<p>obiad<\/p>\n\n\n\n<p>15:00-16:00 wyk\u0142ad plenarny, Neil Cohn, Tilburg, Holandia<\/p>\n\n\n\n<p>16:00 przerwa kawowa<\/p>\n\n\n\n<p>16:30-18:00 obrady w sekcjach<\/p>\n\n\n\n<p>Kolacja (indywidualnie)<\/p>\n\n\n\n<p><strong>14 wrze\u015bnia (czwartek) &#8211; drugi dzie\u0144 konferencji<\/strong><\/p>\n\n\n\n<p>9:00-10:00 wyk\u0142ad plenarny, Vasyl Starko, Lw\u00f3w, Ukraina<\/p>\n\n\n\n<p>10:00-11:30 obrady w sekcjach<\/p>\n\n\n\n<p>11:30 przerwa kawowa<\/p>\n\n\n\n<p>12:00-13:00 wyk\u0142ad plenarny, Peter Stockwell, Nottingham, Wlk. Brytania<\/p>\n\n\n\n<p>obiad<\/p>\n\n\n\n<p>15:00-16:30 obrady w sekcjach<\/p>\n\n\n\n<p>16:30 przerwa kawowa<\/p>\n\n\n\n<p>17:00-18:30 obrady w sekcjach<\/p>\n\n\n\n<p>19:00 bankiet konferencyjny <\/p>\n\n\n\n<p><strong>15 wrze\u015bnia (pi\u0105tek) &#8211; trzeci dzie\u0144 konferencji<\/strong><\/p>\n\n\n\n<p>9:00-10:00 wyk\u0142ad plenarny &#8211; Iwona Kraska-Szlenk, Uniwersytet Warszawski<\/p>\n\n\n\n<p>10:00-11:30 obrady w sekcjach<\/p>\n\n\n\n<p>11:30 przerwa kawowa<\/p>\n\n\n\n<p>12:00-13:30 plenarna debata konferencyjna z udzia\u0142em wszystkich wyk\u0142ad\u00f3wc\u00f3w plenarnych<\/p>\n\n\n\n<p>Zako\u0144czenie cz\u0119\u015bci naukowej konferencji<\/p>\n\n\n\n<p>14:00 Wycieczka (Skansen w Sanoku) dla os\u00f3b, kt\u00f3re wyrazi\u0142y zainteresowanie wycieczk\u0105  <\/p>\n\n\n\n<p><\/p>\n","protected":false},"excerpt":{"rendered":"<p>Program konferencji (wersja z 13 wrze\u015bnia) Program ramowy: 12 wrze\u015bnia 2023 (wtorek)- Przyjazd do Krosna 13 wrze\u015bnia (\u015broda) &#8211; pierwszy dzie\u0144 konferencji 9:30 uroczyste otwarcie konferencji 10:00-11:00 wyk\u0142ad plenarny &#8211; Lena Boroditsky, California, USA 11:30 przerwa kawowa 12:00-13:30 obrady w sekcjach obiad 15:00-16:00 wyk\u0142ad plenarny, Neil Cohn, Tilburg, Holandia 16:00 [\u2026] <\/p>\n<div class=\"clear\"><\/div>\n<p><a class=\"more_link clearfix\" href=\"https:\/\/pans.krosno.pl\/fa\/jezykoznawstwo-kognitywne-w-roku-2023\/program-ramowy\/\" rel=\"nofollow\">Read More<\/a><\/p>\n","protected":false},"author":27,"featured_media":0,"parent":2737,"menu_order":0,"comment_status":"closed","ping_status":"closed","template":"page-templates\/template-full-width.php","meta":{"ngg_post_thumbnail":0,"footnotes":""},"class_list":["post-2742","page","type-page","status-publish","hentry"],"yoast_head":"<!-- This site is optimized with the Yoast SEO Premium plugin v27.4 (Yoast SEO v27.4) - https:\/\/yoast.com\/product\/yoast-seo-premium-wordpress\/ -->\n<title>Program konferencji - Filologia Angielska PANS w Kro\u015bnie<\/title>\n<meta name=\"robots\" content=\"index, follow, max-snippet:-1, max-image-preview:large, max-video-preview:-1\" \/>\n<link rel=\"canonical\" href=\"https:\/\/pans.krosno.pl\/fa\/jezykoznawstwo-kognitywne-w-roku-2023\/program-ramowy\/\" \/>\n<meta property=\"og:locale\" content=\"pl_PL\" \/>\n<meta property=\"og:type\" content=\"article\" \/>\n<meta property=\"og:title\" content=\"Program konferencji\" \/>\n<meta property=\"og:description\" content=\"Program konferencji (wersja z 13 wrze\u015bnia) Program ramowy: 12 wrze\u015bnia 2023 (wtorek)- Przyjazd do Krosna 13 wrze\u015bnia (\u015broda) &#8211; pierwszy dzie\u0144 konferencji 9:30 uroczyste otwarcie konferencji 10:00-11:00 wyk\u0142ad plenarny &#8211; Lena Boroditsky, California, USA 11:30 przerwa kawowa 12:00-13:30 obrady w sekcjach obiad 15:00-16:00 wyk\u0142ad plenarny, Neil Cohn, Tilburg, Holandia 16:00 [\u2026] Read More\" \/>\n<meta property=\"og:url\" content=\"https:\/\/pans.krosno.pl\/fa\/jezykoznawstwo-kognitywne-w-roku-2023\/program-ramowy\/\" \/>\n<meta property=\"og:site_name\" content=\"Filologia Angielska PANS w Kro\u015bnie\" \/>\n<meta property=\"article:modified_time\" content=\"2023-09-13T12:16:15+00:00\" \/>\n<meta name=\"twitter:card\" content=\"summary_large_image\" \/>\n<meta name=\"twitter:label1\" content=\"Szacowany czas czytania\" \/>\n\t<meta name=\"twitter:data1\" content=\"1 minuta\" \/>\n<script type=\"application\/ld+json\" class=\"yoast-schema-graph\">{\"@context\":\"https:\\\/\\\/schema.org\",\"@graph\":[{\"@type\":\"WebPage\",\"@id\":\"https:\\\/\\\/pans.krosno.pl\\\/fa\\\/jezykoznawstwo-kognitywne-w-roku-2023\\\/program-ramowy\\\/\",\"url\":\"https:\\\/\\\/pans.krosno.pl\\\/fa\\\/jezykoznawstwo-kognitywne-w-roku-2023\\\/program-ramowy\\\/\",\"name\":\"Program konferencji - Filologia Angielska PANS w Kro\u015bnie\",\"isPartOf\":{\"@id\":\"https:\\\/\\\/pans.krosno.pl\\\/fa\\\/#website\"},\"datePublished\":\"2023-02-06T09:50:40+00:00\",\"dateModified\":\"2023-09-13T12:16:15+00:00\",\"breadcrumb\":{\"@id\":\"https:\\\/\\\/pans.krosno.pl\\\/fa\\\/jezykoznawstwo-kognitywne-w-roku-2023\\\/program-ramowy\\\/#breadcrumb\"},\"inLanguage\":\"pl-PL\",\"potentialAction\":[{\"@type\":\"ReadAction\",\"target\":[\"https:\\\/\\\/pans.krosno.pl\\\/fa\\\/jezykoznawstwo-kognitywne-w-roku-2023\\\/program-ramowy\\\/\"]}]},{\"@type\":\"BreadcrumbList\",\"@id\":\"https:\\\/\\\/pans.krosno.pl\\\/fa\\\/jezykoznawstwo-kognitywne-w-roku-2023\\\/program-ramowy\\\/#breadcrumb\",\"itemListElement\":[{\"@type\":\"ListItem\",\"position\":1,\"name\":\"Strona g\u0142\u00f3wna\",\"item\":\"https:\\\/\\\/pans.krosno.pl\\\/fa\\\/\"},{\"@type\":\"ListItem\",\"position\":2,\"name\":\"J\u0119zykoznawstwo Kognitywne w roku 2023\",\"item\":\"https:\\\/\\\/pans.krosno.pl\\\/fa\\\/jezykoznawstwo-kognitywne-w-roku-2023\\\/\"},{\"@type\":\"ListItem\",\"position\":3,\"name\":\"Program konferencji\"}]},{\"@type\":\"WebSite\",\"@id\":\"https:\\\/\\\/pans.krosno.pl\\\/fa\\\/#website\",\"url\":\"https:\\\/\\\/pans.krosno.pl\\\/fa\\\/\",\"name\":\"Filologia Angielska PANS w Kro\u015bnie\",\"description\":\"Filologia Angielska - Pa\u0144stwowa Akademia Nauk Stosowanych\",\"publisher\":{\"@id\":\"https:\\\/\\\/pans.krosno.pl\\\/fa\\\/#organization\"},\"potentialAction\":[{\"@type\":\"SearchAction\",\"target\":{\"@type\":\"EntryPoint\",\"urlTemplate\":\"https:\\\/\\\/pans.krosno.pl\\\/fa\\\/?s={search_term_string}\"},\"query-input\":{\"@type\":\"PropertyValueSpecification\",\"valueRequired\":true,\"valueName\":\"search_term_string\"}}],\"inLanguage\":\"pl-PL\"},{\"@type\":\"Organization\",\"@id\":\"https:\\\/\\\/pans.krosno.pl\\\/fa\\\/#organization\",\"name\":\"Filologia Angielska PANS w Kro\u015bnie\",\"url\":\"https:\\\/\\\/pans.krosno.pl\\\/fa\\\/\",\"logo\":{\"@type\":\"ImageObject\",\"inLanguage\":\"pl-PL\",\"@id\":\"https:\\\/\\\/pans.krosno.pl\\\/fa\\\/#\\\/schema\\\/logo\\\/image\\\/\",\"url\":\"https:\\\/\\\/pans.krosno.pl\\\/fa\\\/wp-content\\\/uploads\\\/sites\\\/13\\\/2023\\\/01\\\/Logo-PANS-2022-pelne.png\",\"contentUrl\":\"https:\\\/\\\/pans.krosno.pl\\\/fa\\\/wp-content\\\/uploads\\\/sites\\\/13\\\/2023\\\/01\\\/Logo-PANS-2022-pelne.png\",\"width\":3096,\"height\":696,\"caption\":\"Filologia Angielska PANS w Kro\u015bnie\"},\"image\":{\"@id\":\"https:\\\/\\\/pans.krosno.pl\\\/fa\\\/#\\\/schema\\\/logo\\\/image\\\/\"}}]}<\/script>\n<!-- \/ Yoast SEO Premium plugin. -->","yoast_head_json":{"title":"Program konferencji - Filologia Angielska PANS w Kro\u015bnie","robots":{"index":"index","follow":"follow","max-snippet":"max-snippet:-1","max-image-preview":"max-image-preview:large","max-video-preview":"max-video-preview:-1"},"canonical":"https:\/\/pans.krosno.pl\/fa\/jezykoznawstwo-kognitywne-w-roku-2023\/program-ramowy\/","og_locale":"pl_PL","og_type":"article","og_title":"Program konferencji","og_description":"Program konferencji (wersja z 13 wrze\u015bnia) Program ramowy: 12 wrze\u015bnia 2023 (wtorek)- Przyjazd do Krosna 13 wrze\u015bnia (\u015broda) &#8211; pierwszy dzie\u0144 konferencji 9:30 uroczyste otwarcie konferencji 10:00-11:00 wyk\u0142ad plenarny &#8211; Lena Boroditsky, California, USA 11:30 przerwa kawowa 12:00-13:30 obrady w sekcjach obiad 15:00-16:00 wyk\u0142ad plenarny, Neil Cohn, Tilburg, Holandia 16:00 [\u2026] Read More","og_url":"https:\/\/pans.krosno.pl\/fa\/jezykoznawstwo-kognitywne-w-roku-2023\/program-ramowy\/","og_site_name":"Filologia Angielska PANS w Kro\u015bnie","article_modified_time":"2023-09-13T12:16:15+00:00","twitter_card":"summary_large_image","twitter_misc":{"Szacowany czas czytania":"1 minuta"},"schema":{"@context":"https:\/\/schema.org","@graph":[{"@type":"WebPage","@id":"https:\/\/pans.krosno.pl\/fa\/jezykoznawstwo-kognitywne-w-roku-2023\/program-ramowy\/","url":"https:\/\/pans.krosno.pl\/fa\/jezykoznawstwo-kognitywne-w-roku-2023\/program-ramowy\/","name":"Program konferencji - Filologia Angielska PANS w Kro\u015bnie","isPartOf":{"@id":"https:\/\/pans.krosno.pl\/fa\/#website"},"datePublished":"2023-02-06T09:50:40+00:00","dateModified":"2023-09-13T12:16:15+00:00","breadcrumb":{"@id":"https:\/\/pans.krosno.pl\/fa\/jezykoznawstwo-kognitywne-w-roku-2023\/program-ramowy\/#breadcrumb"},"inLanguage":"pl-PL","potentialAction":[{"@type":"ReadAction","target":["https:\/\/pans.krosno.pl\/fa\/jezykoznawstwo-kognitywne-w-roku-2023\/program-ramowy\/"]}]},{"@type":"BreadcrumbList","@id":"https:\/\/pans.krosno.pl\/fa\/jezykoznawstwo-kognitywne-w-roku-2023\/program-ramowy\/#breadcrumb","itemListElement":[{"@type":"ListItem","position":1,"name":"Strona g\u0142\u00f3wna","item":"https:\/\/pans.krosno.pl\/fa\/"},{"@type":"ListItem","position":2,"name":"J\u0119zykoznawstwo Kognitywne w roku 2023","item":"https:\/\/pans.krosno.pl\/fa\/jezykoznawstwo-kognitywne-w-roku-2023\/"},{"@type":"ListItem","position":3,"name":"Program konferencji"}]},{"@type":"WebSite","@id":"https:\/\/pans.krosno.pl\/fa\/#website","url":"https:\/\/pans.krosno.pl\/fa\/","name":"Filologia Angielska PANS w Kro\u015bnie","description":"Filologia Angielska - Pa\u0144stwowa Akademia Nauk Stosowanych","publisher":{"@id":"https:\/\/pans.krosno.pl\/fa\/#organization"},"potentialAction":[{"@type":"SearchAction","target":{"@type":"EntryPoint","urlTemplate":"https:\/\/pans.krosno.pl\/fa\/?s={search_term_string}"},"query-input":{"@type":"PropertyValueSpecification","valueRequired":true,"valueName":"search_term_string"}}],"inLanguage":"pl-PL"},{"@type":"Organization","@id":"https:\/\/pans.krosno.pl\/fa\/#organization","name":"Filologia Angielska PANS w Kro\u015bnie","url":"https:\/\/pans.krosno.pl\/fa\/","logo":{"@type":"ImageObject","inLanguage":"pl-PL","@id":"https:\/\/pans.krosno.pl\/fa\/#\/schema\/logo\/image\/","url":"https:\/\/pans.krosno.pl\/fa\/wp-content\/uploads\/sites\/13\/2023\/01\/Logo-PANS-2022-pelne.png","contentUrl":"https:\/\/pans.krosno.pl\/fa\/wp-content\/uploads\/sites\/13\/2023\/01\/Logo-PANS-2022-pelne.png","width":3096,"height":696,"caption":"Filologia Angielska PANS w Kro\u015bnie"},"image":{"@id":"https:\/\/pans.krosno.pl\/fa\/#\/schema\/logo\/image\/"}}]}},"_links":{"self":[{"href":"https:\/\/pans.krosno.pl\/fa\/wp-json\/wp\/v2\/pages\/2742","targetHints":{"allow":["GET"]}}],"collection":[{"href":"https:\/\/pans.krosno.pl\/fa\/wp-json\/wp\/v2\/pages"}],"about":[{"href":"https:\/\/pans.krosno.pl\/fa\/wp-json\/wp\/v2\/types\/page"}],"author":[{"embeddable":true,"href":"https:\/\/pans.krosno.pl\/fa\/wp-json\/wp\/v2\/users\/27"}],"replies":[{"embeddable":true,"href":"https:\/\/pans.krosno.pl\/fa\/wp-json\/wp\/v2\/comments?post=2742"}],"version-history":[{"count":19,"href":"https:\/\/pans.krosno.pl\/fa\/wp-json\/wp\/v2\/pages\/2742\/revisions"}],"predecessor-version":[{"id":3732,"href":"https:\/\/pans.krosno.pl\/fa\/wp-json\/wp\/v2\/pages\/2742\/revisions\/3732"}],"up":[{"embeddable":true,"href":"https:\/\/pans.krosno.pl\/fa\/wp-json\/wp\/v2\/pages\/2737"}],"wp:attachment":[{"href":"https:\/\/pans.krosno.pl\/fa\/wp-json\/wp\/v2\/media?parent=2742"}],"curies":[{"name":"wp","href":"https:\/\/api.w.org\/{rel}","templated":true}]}}