{"id":2740,"date":"2023-02-06T10:50:40","date_gmt":"2023-02-06T09:50:40","guid":{"rendered":"https:\/\/pans.krosno.pl\/fa\/?page_id=2740"},"modified":"2023-02-22T19:18:35","modified_gmt":"2023-02-22T18:18:35","slug":"komitet-naukowa","status":"publish","type":"page","link":"https:\/\/pans.krosno.pl\/fa\/jezykoznawstwo-kognitywne-w-roku-2023\/komitet-naukowa\/","title":{"rendered":"Mi\u0119dzynarodowy Komitet Naukowy"},"content":{"rendered":"\n<p><\/p>\n\n\n\n<ol class=\"wp-block-list\" type=\"1\" start=\"1\">\n<li>Ewa Data-Bukowska, Uniwersytet Jagiello\u0144ski<\/li>\n\n\n\n<li>Miko\u0142aj Deckert, Uniwersytet \u0141\u00f3dzki<\/li>\n\n\n\n<li>Ma\u0142gorzata Fabiszak, Uniwersytet Adama Mickiewicza w Poznaniu<\/li>\n\n\n\n<li>Marta Falkowska, Uniwersytet Warszawski &nbsp;<\/li>\n\n\n\n<li>Charles Forceville, University of Amsterdam<\/li>\n\n\n\n<li>Gerard Steen, University of Amsterdam<\/li>\n\n\n\n<li>Adam G\u0142az, Uniwersytet Marii Curie Sk\u0142odowskiej w Lublinie<\/li>\n\n\n\n<li>Marcin Grygiel, Uniwersytet Rzeszowski<\/li>\n\n\n\n<li>Agata Ho\u0142obut, Uniwersytet Jagiello\u0144ski<\/li>\n\n\n\n<li>Henryk Kardela, Uniwersytet Marii Curie Sk\u0142odowskiej w Lublinie<\/li>\n\n\n\n<li>Krzysztof Kosecki Uniwersytet \u0141\u00f3dzki<\/li>\n\n\n\n<li>Micha\u0142 Szawerna, Uniwersytet Wroc\u0142awski<\/li>\n\n\n\n<li>El\u017cbieta Tabakowska, Uniwersytet Jagiello\u0144ski<\/li>\n\n\n\n<li>Thora Tenbrink, University of Bangor, Wielka Brytania<\/li>\n\n\n\n<li>Martin Hilpert, Neuchatel, Szwajcaria<\/li>\n\n\n\n<li>Micha\u0142 Post, Wy\u017csza Szko\u0142a Bankowa, Wroc\u0142aw<\/li>\n\n\n\n<li>Jordan Zlatev, University of Lund, Szwecja<\/li>\n\n\n\n<li>Andreas Baumann, University of Vienna, Austria<\/li>\n\n\n\n<li>Lise-Lotte Holmgreen, Aalbord University, Dania<\/li>\n\n\n\n<li>Agnieszka Kaleta, Uniwersytet Jana Kochanowskiego w Kielcach<\/li>\n\n\n\n<li>John Newman, Monash University, Australia<\/li>\n\n\n\n<li>Vera Tobin, Case Western Reserve, USA<\/li>\n\n\n\n<li>Serhiy Potapenko, Kyiv National Linguistic University, Ukraina<\/li>\n<\/ol>\n","protected":false},"excerpt":{"rendered":"","protected":false},"author":27,"featured_media":0,"parent":2737,"menu_order":0,"comment_status":"closed","ping_status":"closed","template":"page-templates\/template-full-width.php","meta":{"ngg_post_thumbnail":0,"footnotes":""},"class_list":["post-2740","page","type-page","status-publish","hentry"],"yoast_head":"<!-- This site is optimized with the Yoast SEO Premium plugin v27.3 (Yoast SEO v27.3) - https:\/\/yoast.com\/product\/yoast-seo-premium-wordpress\/ -->\n<title>Mi\u0119dzynarodowy Komitet Naukowy - Filologia Angielska PANS w Kro\u015bnie<\/title>\n<meta name=\"robots\" content=\"index, follow, max-snippet:-1, max-image-preview:large, max-video-preview:-1\" \/>\n<link rel=\"canonical\" href=\"https:\/\/pans.krosno.pl\/fa\/jezykoznawstwo-kognitywne-w-roku-2023\/komitet-naukowa\/\" \/>\n<meta property=\"og:locale\" content=\"pl_PL\" \/>\n<meta property=\"og:type\" content=\"article\" \/>\n<meta property=\"og:title\" content=\"Mi\u0119dzynarodowy Komitet Naukowy\" \/>\n<meta property=\"og:url\" content=\"https:\/\/pans.krosno.pl\/fa\/jezykoznawstwo-kognitywne-w-roku-2023\/komitet-naukowa\/\" \/>\n<meta property=\"og:site_name\" content=\"Filologia Angielska PANS w Kro\u015bnie\" \/>\n<meta property=\"article:modified_time\" content=\"2023-02-22T18:18:35+00:00\" \/>\n<meta name=\"twitter:card\" content=\"summary_large_image\" \/>\n<meta name=\"twitter:label1\" content=\"Szacowany czas czytania\" \/>\n\t<meta name=\"twitter:data1\" content=\"1 minuta\" \/>\n<script type=\"application\/ld+json\" class=\"yoast-schema-graph\">{\"@context\":\"https:\\\/\\\/schema.org\",\"@graph\":[{\"@type\":\"WebPage\",\"@id\":\"https:\\\/\\\/pans.krosno.pl\\\/fa\\\/jezykoznawstwo-kognitywne-w-roku-2023\\\/komitet-naukowa\\\/\",\"url\":\"https:\\\/\\\/pans.krosno.pl\\\/fa\\\/jezykoznawstwo-kognitywne-w-roku-2023\\\/komitet-naukowa\\\/\",\"name\":\"Mi\u0119dzynarodowy Komitet Naukowy - Filologia Angielska PANS w Kro\u015bnie\",\"isPartOf\":{\"@id\":\"https:\\\/\\\/pans.krosno.pl\\\/fa\\\/#website\"},\"datePublished\":\"2023-02-06T09:50:40+00:00\",\"dateModified\":\"2023-02-22T18:18:35+00:00\",\"breadcrumb\":{\"@id\":\"https:\\\/\\\/pans.krosno.pl\\\/fa\\\/jezykoznawstwo-kognitywne-w-roku-2023\\\/komitet-naukowa\\\/#breadcrumb\"},\"inLanguage\":\"pl-PL\",\"potentialAction\":[{\"@type\":\"ReadAction\",\"target\":[\"https:\\\/\\\/pans.krosno.pl\\\/fa\\\/jezykoznawstwo-kognitywne-w-roku-2023\\\/komitet-naukowa\\\/\"]}]},{\"@type\":\"BreadcrumbList\",\"@id\":\"https:\\\/\\\/pans.krosno.pl\\\/fa\\\/jezykoznawstwo-kognitywne-w-roku-2023\\\/komitet-naukowa\\\/#breadcrumb\",\"itemListElement\":[{\"@type\":\"ListItem\",\"position\":1,\"name\":\"Strona g\u0142\u00f3wna\",\"item\":\"https:\\\/\\\/pans.krosno.pl\\\/fa\\\/\"},{\"@type\":\"ListItem\",\"position\":2,\"name\":\"J\u0119zykoznawstwo Kognitywne w roku 2023\",\"item\":\"https:\\\/\\\/pans.krosno.pl\\\/fa\\\/jezykoznawstwo-kognitywne-w-roku-2023\\\/\"},{\"@type\":\"ListItem\",\"position\":3,\"name\":\"Mi\u0119dzynarodowy Komitet Naukowy\"}]},{\"@type\":\"WebSite\",\"@id\":\"https:\\\/\\\/pans.krosno.pl\\\/fa\\\/#website\",\"url\":\"https:\\\/\\\/pans.krosno.pl\\\/fa\\\/\",\"name\":\"Filologia Angielska PANS w Kro\u015bnie\",\"description\":\"Filologia Angielska - Pa\u0144stwowa Akademia Nauk Stosowanych\",\"publisher\":{\"@id\":\"https:\\\/\\\/pans.krosno.pl\\\/fa\\\/#organization\"},\"potentialAction\":[{\"@type\":\"SearchAction\",\"target\":{\"@type\":\"EntryPoint\",\"urlTemplate\":\"https:\\\/\\\/pans.krosno.pl\\\/fa\\\/?s={search_term_string}\"},\"query-input\":{\"@type\":\"PropertyValueSpecification\",\"valueRequired\":true,\"valueName\":\"search_term_string\"}}],\"inLanguage\":\"pl-PL\"},{\"@type\":\"Organization\",\"@id\":\"https:\\\/\\\/pans.krosno.pl\\\/fa\\\/#organization\",\"name\":\"Filologia Angielska PANS w Kro\u015bnie\",\"url\":\"https:\\\/\\\/pans.krosno.pl\\\/fa\\\/\",\"logo\":{\"@type\":\"ImageObject\",\"inLanguage\":\"pl-PL\",\"@id\":\"https:\\\/\\\/pans.krosno.pl\\\/fa\\\/#\\\/schema\\\/logo\\\/image\\\/\",\"url\":\"https:\\\/\\\/pans.krosno.pl\\\/fa\\\/wp-content\\\/uploads\\\/sites\\\/13\\\/2023\\\/01\\\/Logo-PANS-2022-pelne.png\",\"contentUrl\":\"https:\\\/\\\/pans.krosno.pl\\\/fa\\\/wp-content\\\/uploads\\\/sites\\\/13\\\/2023\\\/01\\\/Logo-PANS-2022-pelne.png\",\"width\":3096,\"height\":696,\"caption\":\"Filologia Angielska PANS w Kro\u015bnie\"},\"image\":{\"@id\":\"https:\\\/\\\/pans.krosno.pl\\\/fa\\\/#\\\/schema\\\/logo\\\/image\\\/\"}}]}<\/script>\n<!-- \/ Yoast SEO Premium plugin. -->","yoast_head_json":{"title":"Mi\u0119dzynarodowy Komitet Naukowy - Filologia Angielska PANS w Kro\u015bnie","robots":{"index":"index","follow":"follow","max-snippet":"max-snippet:-1","max-image-preview":"max-image-preview:large","max-video-preview":"max-video-preview:-1"},"canonical":"https:\/\/pans.krosno.pl\/fa\/jezykoznawstwo-kognitywne-w-roku-2023\/komitet-naukowa\/","og_locale":"pl_PL","og_type":"article","og_title":"Mi\u0119dzynarodowy Komitet Naukowy","og_url":"https:\/\/pans.krosno.pl\/fa\/jezykoznawstwo-kognitywne-w-roku-2023\/komitet-naukowa\/","og_site_name":"Filologia Angielska PANS w Kro\u015bnie","article_modified_time":"2023-02-22T18:18:35+00:00","twitter_card":"summary_large_image","twitter_misc":{"Szacowany czas czytania":"1 minuta"},"schema":{"@context":"https:\/\/schema.org","@graph":[{"@type":"WebPage","@id":"https:\/\/pans.krosno.pl\/fa\/jezykoznawstwo-kognitywne-w-roku-2023\/komitet-naukowa\/","url":"https:\/\/pans.krosno.pl\/fa\/jezykoznawstwo-kognitywne-w-roku-2023\/komitet-naukowa\/","name":"Mi\u0119dzynarodowy Komitet Naukowy - Filologia Angielska PANS w Kro\u015bnie","isPartOf":{"@id":"https:\/\/pans.krosno.pl\/fa\/#website"},"datePublished":"2023-02-06T09:50:40+00:00","dateModified":"2023-02-22T18:18:35+00:00","breadcrumb":{"@id":"https:\/\/pans.krosno.pl\/fa\/jezykoznawstwo-kognitywne-w-roku-2023\/komitet-naukowa\/#breadcrumb"},"inLanguage":"pl-PL","potentialAction":[{"@type":"ReadAction","target":["https:\/\/pans.krosno.pl\/fa\/jezykoznawstwo-kognitywne-w-roku-2023\/komitet-naukowa\/"]}]},{"@type":"BreadcrumbList","@id":"https:\/\/pans.krosno.pl\/fa\/jezykoznawstwo-kognitywne-w-roku-2023\/komitet-naukowa\/#breadcrumb","itemListElement":[{"@type":"ListItem","position":1,"name":"Strona g\u0142\u00f3wna","item":"https:\/\/pans.krosno.pl\/fa\/"},{"@type":"ListItem","position":2,"name":"J\u0119zykoznawstwo Kognitywne w roku 2023","item":"https:\/\/pans.krosno.pl\/fa\/jezykoznawstwo-kognitywne-w-roku-2023\/"},{"@type":"ListItem","position":3,"name":"Mi\u0119dzynarodowy Komitet Naukowy"}]},{"@type":"WebSite","@id":"https:\/\/pans.krosno.pl\/fa\/#website","url":"https:\/\/pans.krosno.pl\/fa\/","name":"Filologia Angielska PANS w Kro\u015bnie","description":"Filologia Angielska - Pa\u0144stwowa Akademia Nauk Stosowanych","publisher":{"@id":"https:\/\/pans.krosno.pl\/fa\/#organization"},"potentialAction":[{"@type":"SearchAction","target":{"@type":"EntryPoint","urlTemplate":"https:\/\/pans.krosno.pl\/fa\/?s={search_term_string}"},"query-input":{"@type":"PropertyValueSpecification","valueRequired":true,"valueName":"search_term_string"}}],"inLanguage":"pl-PL"},{"@type":"Organization","@id":"https:\/\/pans.krosno.pl\/fa\/#organization","name":"Filologia Angielska PANS w Kro\u015bnie","url":"https:\/\/pans.krosno.pl\/fa\/","logo":{"@type":"ImageObject","inLanguage":"pl-PL","@id":"https:\/\/pans.krosno.pl\/fa\/#\/schema\/logo\/image\/","url":"https:\/\/pans.krosno.pl\/fa\/wp-content\/uploads\/sites\/13\/2023\/01\/Logo-PANS-2022-pelne.png","contentUrl":"https:\/\/pans.krosno.pl\/fa\/wp-content\/uploads\/sites\/13\/2023\/01\/Logo-PANS-2022-pelne.png","width":3096,"height":696,"caption":"Filologia Angielska PANS w Kro\u015bnie"},"image":{"@id":"https:\/\/pans.krosno.pl\/fa\/#\/schema\/logo\/image\/"}}]}},"_links":{"self":[{"href":"https:\/\/pans.krosno.pl\/fa\/wp-json\/wp\/v2\/pages\/2740","targetHints":{"allow":["GET"]}}],"collection":[{"href":"https:\/\/pans.krosno.pl\/fa\/wp-json\/wp\/v2\/pages"}],"about":[{"href":"https:\/\/pans.krosno.pl\/fa\/wp-json\/wp\/v2\/types\/page"}],"author":[{"embeddable":true,"href":"https:\/\/pans.krosno.pl\/fa\/wp-json\/wp\/v2\/users\/27"}],"replies":[{"embeddable":true,"href":"https:\/\/pans.krosno.pl\/fa\/wp-json\/wp\/v2\/comments?post=2740"}],"version-history":[{"count":4,"href":"https:\/\/pans.krosno.pl\/fa\/wp-json\/wp\/v2\/pages\/2740\/revisions"}],"predecessor-version":[{"id":2990,"href":"https:\/\/pans.krosno.pl\/fa\/wp-json\/wp\/v2\/pages\/2740\/revisions\/2990"}],"up":[{"embeddable":true,"href":"https:\/\/pans.krosno.pl\/fa\/wp-json\/wp\/v2\/pages\/2737"}],"wp:attachment":[{"href":"https:\/\/pans.krosno.pl\/fa\/wp-json\/wp\/v2\/media?parent=2740"}],"curies":[{"name":"wp","href":"https:\/\/api.w.org\/{rel}","templated":true}]}}