{"id":16,"date":"2019-10-30T15:38:59","date_gmt":"2019-10-30T14:38:59","guid":{"rendered":"https:\/\/pans.krosno.pl\/zfa\/?page_id=16"},"modified":"2026-01-26T22:57:48","modified_gmt":"2026-01-26T21:57:48","slug":"egzamin-dyplomowy","status":"publish","type":"page","link":"https:\/\/pans.krosno.pl\/fa\/egzamin-dyplomowy\/","title":{"rendered":"Egzamin dyplomowy"},"content":{"rendered":"\n<p>LINK\u2014\u2013&gt; <a href=\"https:\/\/pans.krosno.pl\/instytut-humanistyczny\/egzaminy-dyplomowe\/\">Informacje o pracy dyplomowej <\/a><\/p>\n\n\n\n<h3 class=\"wp-block-heading\" id=\"h-zagadnienia-do-egzaminu-dyplomowego\">Zagadnienia do egzaminu dyplomowego <\/h3>\n\n\n\n<p>Filologia w zakresie Filologia angielska<\/p>\n\n\n\n<p><strong>Pytania og\u00f3lne z j\u0119zykoznawstwa stosowanego\/metodyki nauczania j\u0119zyk\u00f3w obcych na egzamin dyplomowy <\/strong><\/p>\n\n\n\n<p>Dr Agnieszka Habrat<\/p>\n\n\n\n<ol start=\"1\" class=\"wp-block-list\">\n<li>Present the structure of a PPP and ESA lesson and explain the role of the particular parts<\/li>\n\n\n\n<li>Are lesson plans necessary? Justify your answer.<\/li>\n\n\n\n<li>Describe various teacher roles in English Language Teaching. Does the teacher have to assume the role of a psychologist?<\/li>\n\n\n\n<li>What criteria would you take into consideration while evaluating a course book or other teaching materials? Why is it worth supplementing or adapting a course book to the needs of a class?<\/li>\n\n\n\n<li>Discuss teaching grammar to different age groups \u2013 take into consideration approaches, methods and techniques.<\/li>\n\n\n\n<li>How to present grammar structures successfully? What aspects need to be covered? What is the role of situational context?<\/li>\n\n\n\n<li>Discuss common sources of error and techniques of error correction.<\/li>\n\n\n\n<li>What is the role of assessment? What forms of assessment do you know?<\/li>\n\n\n\n<li>Explain the differences between the following types of tests: proficiency, achievement, placement, diagnostic. What are the criteria for good tests?<\/li>\n\n\n\n<li>Discuss the role of the age factor in L2 acquisition.<\/li>\n\n\n\n<li>Present some practical advice for teachers of early adolescent learners based on developmental characteristics of the age group.<\/li>\n\n\n\n<li>Discuss the role and major typologies of motivation in Second Language Acquisition.<\/li>\n\n\n\n<li>What makes teaching English to young learners different from teaching English to older age learners? Compare lower and upper primary learners.<\/li>\n\n\n\n<li>Present the principles of planning English lessons for lower primary and upper primary students.<\/li>\n\n\n\n<li>What are the sources of discipline problems?<\/li>\n\n\n\n<li>Discuss pros and cons of using IT (information technology) in language learning<\/li>\n\n\n\n<li>Present Content and Language Integrated Learning. Focus on the rationale for combining language and content subjects as well as benefits of the method.<\/li>\n\n\n\n<li>How do different interaction patterns influence classroom discipline?<\/li>\n<\/ol>\n\n\n\n<p><strong>Pytania praktyczne<\/strong><\/p>\n\n\n\n<ol start=\"1\" class=\"wp-block-list\">\n<li>Suggest some useful techniques for teaching listening<\/li>\n\n\n\n<li>Suggest some useful techniques for teaching speaking<\/li>\n\n\n\n<li>Suggest some useful techniques for teaching writing<\/li>\n\n\n\n<li>Suggest some useful techniques for teaching reading<\/li>\n\n\n\n<li>What is the role of pre-reading and pre-listening activities? Illustrate your answer with some examples<\/li>\n\n\n\n<li>Explain the pros and cons of lockstep, pairwork and groupwork as patterns of classroom interaction. What stage of a lesson would you recommend each type for?<\/li>\n\n\n\n<li>What are the principles of giving effective class instructions? Should they be given in L2? When is L1 advisable in class?<\/li>\n\n\n\n<li>Present several ways of motivating, inspiring and sustaining learning curiosity of primary learners.<\/li>\n\n\n\n<li>Give examples of websites and applications that can be used in language learning. Briefly evaluate each.<\/li>\n\n\n\n<li>Give examples of interactive language tasks designed with word-processing (Microsoft WORD) and presentation software (Microsoft PowerPoint).<\/li>\n\n\n\n<li>What is task-based teaching? Present the framework of the method and types of tasks. Give an example of a TBT lesson.<\/li>\n\n\n\n<li>How to prevent and deal with discipline problems? Give some examples to show how class management and discipline problems may be related<\/li>\n\n\n\n<li>Present five practical solutions for developing learner autonomy.<\/li>\n\n\n\n<li>Give an example of presenting grammar or vocabulary in situations.<\/li>\n\n\n\n<li>Describe different ways in which you could use visuals in the classroom.<\/li>\n\n\n\n<li>How can teachers combine traditional teaching methods with technology?<\/li>\n\n\n\n<li>Is it important for teachers to update their technological skills?<\/li>\n\n\n\n<li>Present some correction techniques used for evaluating oral performance.<\/li>\n<\/ol>\n\n\n\n<p><strong>Seminarium J\u0119zyk<\/strong>i <strong>specjalistyczne<\/strong><\/p>\n\n\n\n<p>Dr hab. W\u0142adys\u0142aw Ch\u0142opicki, prof. PANS<\/p>\n\n\n\n<p><\/p>\n\n\n\n<p><strong>Przyk\u0142adowe pytania aplikacyjne:<\/strong><\/p>\n\n\n\n<ul class=\"wp-block-list\">\n<li>Jak wykorzysta Pan\/Pani w przysz\u0142ej pracy zawodowej nabyt\u0105 podczas pisania pracy dyplomowej \u015bwiadomo\u015b\u0107 dwuznaczno\u015bci j\u0119zykowej?<\/li>\n\n\n\n<li>Jakie s\u0105 mo\u017cliwo\u015bci praktycznego wykorzystania w przysz\u0142ej pracy zawodowej wynik\u00f3w Pana\/Pani pracy dyplomowej?<\/li>\n\n\n\n<li>Jak wykorzysta Pan\/Pani w przysz\u0142ej pracy zawodowej nabyt\u0105 podczas pisania pracy dyplomowej umiej\u0119tno\u015b\u0107 analizy i syntezy przeciwstawnych pogl\u0105d\u00f3w?<\/li>\n\n\n\n<li>Jak u\u017cyje Pan\/Pani zbadane strategie przek\u0142adowe zastosowane w pracy dyplomowej do wykonania przyk\u0142adowego zadania w pracy zawodowej?<\/li>\n\n\n\n<li>W jaki spos\u00f3b wyniki Pana\/Pani pracy \/ umiej\u0119tno\u015bci zdobyte podczas przygotowywania pracy przyczyni\u0107 si\u0119 mog\u0105 do rozwi\u0105zania przyk\u0142adowego problemu, kt\u00f3ry mo\u017ce Pan\/Pani napotka\u0107 w pracy zawodowej?<\/li>\n\n\n\n<li>Kt\u00f3re z technik omawianych w Pana\/Pani pracy wydaj\u0105 si\u0119 Panu\/Pani najbardziej potrzebne w przysz\u0142ej pracy zawodowej?<\/li>\n\n\n\n<li>Prosz\u0119 poda\u0107 dwa przyk\u0142ady sytuacji zawodowych, w kt\u00f3rych b\u0119dzie mo\u017cna zastosowa\u0107 wyniki Pani\/Pana pracy licencjackiej?<\/li>\n<\/ul>\n","protected":false},"excerpt":{"rendered":"<p>LINK\u2014\u2013&gt; Informacje o pracy dyplomowej Zagadnienia do egzaminu dyplomowego Filologia w zakresie Filologia angielska Pytania og\u00f3lne z j\u0119zykoznawstwa stosowanego\/metodyki nauczania j\u0119zyk\u00f3w obcych na egzamin dyplomowy Dr Agnieszka Habrat Pytania praktyczne Seminarium J\u0119zyki specjalistyczne Dr hab. W\u0142adys\u0142aw Ch\u0142opicki, prof. PANS Przyk\u0142adowe pytania aplikacyjne:<\/p>\n","protected":false},"author":27,"featured_media":0,"parent":0,"menu_order":0,"comment_status":"closed","ping_status":"closed","template":"page-templates\/template-full-width.php","meta":{"ngg_post_thumbnail":0,"footnotes":""},"class_list":["post-16","page","type-page","status-publish","hentry"],"yoast_head":"<!-- This site is optimized with the Yoast SEO Premium plugin v27.4 (Yoast SEO v27.4) - https:\/\/yoast.com\/product\/yoast-seo-premium-wordpress\/ -->\n<title>Egzamin dyplomowy - Filologia Angielska PANS w Kro\u015bnie<\/title>\n<meta name=\"description\" content=\"Zagadnienia do egzaminu dyplomowego w roku akademickim 2019\/2020\" \/>\n<meta name=\"robots\" content=\"index, follow, max-snippet:-1, max-image-preview:large, max-video-preview:-1\" \/>\n<link rel=\"canonical\" href=\"https:\/\/pans.krosno.pl\/fa\/egzamin-dyplomowy\/\" \/>\n<meta property=\"og:locale\" content=\"pl_PL\" \/>\n<meta property=\"og:type\" content=\"article\" \/>\n<meta property=\"og:title\" content=\"Egzamin dyplomowy\" \/>\n<meta property=\"og:description\" content=\"Zagadnienia do egzaminu dyplomowego w roku akademickim 2019\/2020\" \/>\n<meta property=\"og:url\" content=\"https:\/\/pans.krosno.pl\/fa\/egzamin-dyplomowy\/\" \/>\n<meta property=\"og:site_name\" content=\"Filologia Angielska PANS w Kro\u015bnie\" \/>\n<meta property=\"article:modified_time\" content=\"2026-01-26T21:57:48+00:00\" \/>\n<meta name=\"twitter:card\" content=\"summary_large_image\" \/>\n<meta name=\"twitter:label1\" content=\"Szacowany czas czytania\" \/>\n\t<meta name=\"twitter:data1\" content=\"5 minut\" \/>\n<script type=\"application\/ld+json\" class=\"yoast-schema-graph\">{\"@context\":\"https:\\\/\\\/schema.org\",\"@graph\":[{\"@type\":\"WebPage\",\"@id\":\"https:\\\/\\\/pans.krosno.pl\\\/fa\\\/egzamin-dyplomowy\\\/\",\"url\":\"https:\\\/\\\/pans.krosno.pl\\\/fa\\\/egzamin-dyplomowy\\\/\",\"name\":\"Egzamin dyplomowy - Filologia Angielska PANS w Kro\u015bnie\",\"isPartOf\":{\"@id\":\"https:\\\/\\\/pans.krosno.pl\\\/fa\\\/#website\"},\"datePublished\":\"2019-10-30T14:38:59+00:00\",\"dateModified\":\"2026-01-26T21:57:48+00:00\",\"description\":\"Zagadnienia do egzaminu dyplomowego w roku akademickim 2019\\\/2020\",\"breadcrumb\":{\"@id\":\"https:\\\/\\\/pans.krosno.pl\\\/fa\\\/egzamin-dyplomowy\\\/#breadcrumb\"},\"inLanguage\":\"pl-PL\",\"potentialAction\":[{\"@type\":\"ReadAction\",\"target\":[\"https:\\\/\\\/pans.krosno.pl\\\/fa\\\/egzamin-dyplomowy\\\/\"]}]},{\"@type\":\"BreadcrumbList\",\"@id\":\"https:\\\/\\\/pans.krosno.pl\\\/fa\\\/egzamin-dyplomowy\\\/#breadcrumb\",\"itemListElement\":[{\"@type\":\"ListItem\",\"position\":1,\"name\":\"Strona g\u0142\u00f3wna\",\"item\":\"https:\\\/\\\/pans.krosno.pl\\\/fa\\\/\"},{\"@type\":\"ListItem\",\"position\":2,\"name\":\"Egzamin dyplomowy\"}]},{\"@type\":\"WebSite\",\"@id\":\"https:\\\/\\\/pans.krosno.pl\\\/fa\\\/#website\",\"url\":\"https:\\\/\\\/pans.krosno.pl\\\/fa\\\/\",\"name\":\"Filologia Angielska PANS w Kro\u015bnie\",\"description\":\"Filologia Angielska - Pa\u0144stwowa Akademia Nauk Stosowanych\",\"publisher\":{\"@id\":\"https:\\\/\\\/pans.krosno.pl\\\/fa\\\/#organization\"},\"potentialAction\":[{\"@type\":\"SearchAction\",\"target\":{\"@type\":\"EntryPoint\",\"urlTemplate\":\"https:\\\/\\\/pans.krosno.pl\\\/fa\\\/?s={search_term_string}\"},\"query-input\":{\"@type\":\"PropertyValueSpecification\",\"valueRequired\":true,\"valueName\":\"search_term_string\"}}],\"inLanguage\":\"pl-PL\"},{\"@type\":\"Organization\",\"@id\":\"https:\\\/\\\/pans.krosno.pl\\\/fa\\\/#organization\",\"name\":\"Filologia Angielska PANS w Kro\u015bnie\",\"url\":\"https:\\\/\\\/pans.krosno.pl\\\/fa\\\/\",\"logo\":{\"@type\":\"ImageObject\",\"inLanguage\":\"pl-PL\",\"@id\":\"https:\\\/\\\/pans.krosno.pl\\\/fa\\\/#\\\/schema\\\/logo\\\/image\\\/\",\"url\":\"https:\\\/\\\/pans.krosno.pl\\\/fa\\\/wp-content\\\/uploads\\\/sites\\\/13\\\/2023\\\/01\\\/Logo-PANS-2022-pelne.png\",\"contentUrl\":\"https:\\\/\\\/pans.krosno.pl\\\/fa\\\/wp-content\\\/uploads\\\/sites\\\/13\\\/2023\\\/01\\\/Logo-PANS-2022-pelne.png\",\"width\":3096,\"height\":696,\"caption\":\"Filologia Angielska PANS w Kro\u015bnie\"},\"image\":{\"@id\":\"https:\\\/\\\/pans.krosno.pl\\\/fa\\\/#\\\/schema\\\/logo\\\/image\\\/\"}}]}<\/script>\n<!-- \/ Yoast SEO Premium plugin. -->","yoast_head_json":{"title":"Egzamin dyplomowy - Filologia Angielska PANS w Kro\u015bnie","description":"Zagadnienia do egzaminu dyplomowego w roku akademickim 2019\/2020","robots":{"index":"index","follow":"follow","max-snippet":"max-snippet:-1","max-image-preview":"max-image-preview:large","max-video-preview":"max-video-preview:-1"},"canonical":"https:\/\/pans.krosno.pl\/fa\/egzamin-dyplomowy\/","og_locale":"pl_PL","og_type":"article","og_title":"Egzamin dyplomowy","og_description":"Zagadnienia do egzaminu dyplomowego w roku akademickim 2019\/2020","og_url":"https:\/\/pans.krosno.pl\/fa\/egzamin-dyplomowy\/","og_site_name":"Filologia Angielska PANS w Kro\u015bnie","article_modified_time":"2026-01-26T21:57:48+00:00","twitter_card":"summary_large_image","twitter_misc":{"Szacowany czas czytania":"5 minut"},"schema":{"@context":"https:\/\/schema.org","@graph":[{"@type":"WebPage","@id":"https:\/\/pans.krosno.pl\/fa\/egzamin-dyplomowy\/","url":"https:\/\/pans.krosno.pl\/fa\/egzamin-dyplomowy\/","name":"Egzamin dyplomowy - Filologia Angielska PANS w Kro\u015bnie","isPartOf":{"@id":"https:\/\/pans.krosno.pl\/fa\/#website"},"datePublished":"2019-10-30T14:38:59+00:00","dateModified":"2026-01-26T21:57:48+00:00","description":"Zagadnienia do egzaminu dyplomowego w roku akademickim 2019\/2020","breadcrumb":{"@id":"https:\/\/pans.krosno.pl\/fa\/egzamin-dyplomowy\/#breadcrumb"},"inLanguage":"pl-PL","potentialAction":[{"@type":"ReadAction","target":["https:\/\/pans.krosno.pl\/fa\/egzamin-dyplomowy\/"]}]},{"@type":"BreadcrumbList","@id":"https:\/\/pans.krosno.pl\/fa\/egzamin-dyplomowy\/#breadcrumb","itemListElement":[{"@type":"ListItem","position":1,"name":"Strona g\u0142\u00f3wna","item":"https:\/\/pans.krosno.pl\/fa\/"},{"@type":"ListItem","position":2,"name":"Egzamin dyplomowy"}]},{"@type":"WebSite","@id":"https:\/\/pans.krosno.pl\/fa\/#website","url":"https:\/\/pans.krosno.pl\/fa\/","name":"Filologia Angielska PANS w Kro\u015bnie","description":"Filologia Angielska - Pa\u0144stwowa Akademia Nauk Stosowanych","publisher":{"@id":"https:\/\/pans.krosno.pl\/fa\/#organization"},"potentialAction":[{"@type":"SearchAction","target":{"@type":"EntryPoint","urlTemplate":"https:\/\/pans.krosno.pl\/fa\/?s={search_term_string}"},"query-input":{"@type":"PropertyValueSpecification","valueRequired":true,"valueName":"search_term_string"}}],"inLanguage":"pl-PL"},{"@type":"Organization","@id":"https:\/\/pans.krosno.pl\/fa\/#organization","name":"Filologia Angielska PANS w Kro\u015bnie","url":"https:\/\/pans.krosno.pl\/fa\/","logo":{"@type":"ImageObject","inLanguage":"pl-PL","@id":"https:\/\/pans.krosno.pl\/fa\/#\/schema\/logo\/image\/","url":"https:\/\/pans.krosno.pl\/fa\/wp-content\/uploads\/sites\/13\/2023\/01\/Logo-PANS-2022-pelne.png","contentUrl":"https:\/\/pans.krosno.pl\/fa\/wp-content\/uploads\/sites\/13\/2023\/01\/Logo-PANS-2022-pelne.png","width":3096,"height":696,"caption":"Filologia Angielska PANS w Kro\u015bnie"},"image":{"@id":"https:\/\/pans.krosno.pl\/fa\/#\/schema\/logo\/image\/"}}]}},"_links":{"self":[{"href":"https:\/\/pans.krosno.pl\/fa\/wp-json\/wp\/v2\/pages\/16","targetHints":{"allow":["GET"]}}],"collection":[{"href":"https:\/\/pans.krosno.pl\/fa\/wp-json\/wp\/v2\/pages"}],"about":[{"href":"https:\/\/pans.krosno.pl\/fa\/wp-json\/wp\/v2\/types\/page"}],"author":[{"embeddable":true,"href":"https:\/\/pans.krosno.pl\/fa\/wp-json\/wp\/v2\/users\/27"}],"replies":[{"embeddable":true,"href":"https:\/\/pans.krosno.pl\/fa\/wp-json\/wp\/v2\/comments?post=16"}],"version-history":[{"count":20,"href":"https:\/\/pans.krosno.pl\/fa\/wp-json\/wp\/v2\/pages\/16\/revisions"}],"predecessor-version":[{"id":6047,"href":"https:\/\/pans.krosno.pl\/fa\/wp-json\/wp\/v2\/pages\/16\/revisions\/6047"}],"wp:attachment":[{"href":"https:\/\/pans.krosno.pl\/fa\/wp-json\/wp\/v2\/media?parent=16"}],"curies":[{"name":"wp","href":"https:\/\/api.w.org\/{rel}","templated":true}]}}