{"id":15,"date":"2019-10-30T15:38:59","date_gmt":"2019-10-30T14:38:59","guid":{"rendered":"https:\/\/pans.krosno.pl\/zfa\/?page_id=15"},"modified":"2026-03-15T23:58:43","modified_gmt":"2026-03-15T22:58:43","slug":"praktyki-zawodowe","status":"publish","type":"page","link":"https:\/\/pans.krosno.pl\/fa\/praktyki-zawodowe\/","title":{"rendered":"Praktyki zawodowe"},"content":{"rendered":"\n<hr class=\"wp-block-separator has-alpha-channel-opacity\" \/>\n\n\n\n<p style=\"font-size:25px\"><strong><u>Dokumenty dla cyklu 2021-2024 (poprawione wg zalece\u0144 PKA)<\/u><\/strong><\/p>\n\n\n\n<p>Kierunkowy program praktyk \u2013 dost\u0119pny wkr\u00f3tce<\/p>\n\n\n\n<p><a href=\"https:\/\/pans.krosno.pl\/fa\/wp-content\/uploads\/sites\/13\/2023\/09\/Zalaczniki_dokumentacja-praktyk.pdf\"><strong>Dokumenty do pobrania \u2013 dokumentacja praktyk<\/strong><\/a><\/p>\n\n\n\n<p>Karty weryfikacji efekt\u00f3w uczenia si\u0119 (wype\u0142nione) \u2013 dost\u0119pne wkr\u00f3tce<\/p>\n\n\n\n<p><a href=\"https:\/\/pans.krosno.pl\/fa\/wp-content\/uploads\/sites\/13\/2023\/09\/Lista-szkol.pdf\"><strong>Lista szk\u00f3\u0142<\/strong><\/a><\/p>\n\n\n\n<p><a href=\"https:\/\/pans.krosno.pl\/fa\/wp-content\/uploads\/sites\/13\/2023\/09\/Lista-firm-i-instytucji.pdf\"><strong>Lista firm i instytucji<\/strong><\/a><\/p>\n\n\n\n<hr class=\"wp-block-separator has-alpha-channel-opacity\" \/>\n\n\n\n<p style=\"font-size:25px\"><strong><u>Dokumenty dla cyklu 2022-2025 (poprawione wg zalece\u0144 PKA)<\/u><\/strong><\/p>\n\n\n\n<p>Kierunkowy program praktyk \u2013 dost\u0119pny wkr\u00f3tce<\/p>\n\n\n\n<p><a href=\"https:\/\/pans.krosno.pl\/fa\/wp-content\/uploads\/sites\/13\/2023\/09\/Zalaczniki_dokumentacja-praktyk.pdf\"><strong>Dokumenty do pobrania \u2013 dokumentacja praktyk<\/strong><\/a><\/p>\n\n\n\n<p>Karty weryfikacji efekt\u00f3w uczenia si\u0119 (wype\u0142nione) <\/p>\n\n\n\n<div class=\"wp-block-file\"><a id=\"wp-block-file--media-7db468c7-2d5f-4485-98b8-22fa7f66e1f0\" href=\"https:\/\/pans.krosno.pl\/fa\/wp-content\/uploads\/sites\/13\/2025\/03\/Karta-weryfikacji_prakt_psychologiczno_pedagogiczna.docx\">Karta weryfikacji_prakt_psychologiczno_pedagogiczna<\/a><a href=\"https:\/\/pans.krosno.pl\/fa\/wp-content\/uploads\/sites\/13\/2025\/03\/Karta-weryfikacji_prakt_psychologiczno_pedagogiczna.docx\" class=\"wp-block-file__button wp-element-button\" download aria-describedby=\"wp-block-file--media-7db468c7-2d5f-4485-98b8-22fa7f66e1f0\">Pobierz<\/a><\/div>\n\n\n\n<div class=\"wp-block-file\"><a id=\"wp-block-file--media-b2cc00eb-9bd9-4fed-a141-cf3f813751da\" href=\"https:\/\/pans.krosno.pl\/fa\/wp-content\/uploads\/sites\/13\/2025\/03\/Karty-weryfikacji-praktyk-dla-spec-jezyki-specjalistyczne.docx\">Karty weryfikacji praktyk dla spec j\u0119zyki specjalistyczne<\/a><a href=\"https:\/\/pans.krosno.pl\/fa\/wp-content\/uploads\/sites\/13\/2025\/03\/Karty-weryfikacji-praktyk-dla-spec-jezyki-specjalistyczne.docx\" class=\"wp-block-file__button wp-element-button\" download aria-describedby=\"wp-block-file--media-b2cc00eb-9bd9-4fed-a141-cf3f813751da\">Pobierz<\/a><\/div>\n\n\n\n<div class=\"wp-block-file\"><a id=\"wp-block-file--media-ef8bf903-e9b0-4011-8463-f6276df124b1\" href=\"https:\/\/pans.krosno.pl\/fa\/wp-content\/uploads\/sites\/13\/2025\/03\/Karta-weryfikacji-efektow-uczenia-sie-Praktyka-pedagogiczna-1-1.doc\">Karta-weryfikacji-efektow-uczenia-sie-Praktyka pedagogiczna (1)<\/a><a href=\"https:\/\/pans.krosno.pl\/fa\/wp-content\/uploads\/sites\/13\/2025\/03\/Karta-weryfikacji-efektow-uczenia-sie-Praktyka-pedagogiczna-1-1.doc\" class=\"wp-block-file__button wp-element-button\" download aria-describedby=\"wp-block-file--media-ef8bf903-e9b0-4011-8463-f6276df124b1\">Pobierz<\/a><\/div>\n\n\n\n<div class=\"wp-block-file\"><a id=\"wp-block-file--media-976fe7c4-ebe7-4718-9469-8271fbe2a3c3\" href=\"https:\/\/pans.krosno.pl\/fa\/wp-content\/uploads\/sites\/13\/2025\/03\/22_25_Karta-weryfikacji-efektow-uczenia-sie-Praktyka-zawodowa-w-zakresie-ksztalcenia-nauczycielskiego-1.doc\">22_25_Karta-weryfikacji-efektow-uczenia-sie-Praktyka zawodowa w zakresie kszta\u0142cenia nauczycielskiego (1)<\/a><a href=\"https:\/\/pans.krosno.pl\/fa\/wp-content\/uploads\/sites\/13\/2025\/03\/22_25_Karta-weryfikacji-efektow-uczenia-sie-Praktyka-zawodowa-w-zakresie-ksztalcenia-nauczycielskiego-1.doc\" class=\"wp-block-file__button wp-element-button\" download aria-describedby=\"wp-block-file--media-976fe7c4-ebe7-4718-9469-8271fbe2a3c3\">Pobierz<\/a><\/div>\n\n\n\n<p><a href=\"https:\/\/pans.krosno.pl\/fa\/wp-content\/uploads\/sites\/13\/2023\/09\/Lista-szkol.pdf\"><strong>Lista szk\u00f3\u0142<\/strong><\/a><\/p>\n\n\n\n\n\n<p><a href=\"https:\/\/pans.krosno.pl\/fa\/wp-content\/uploads\/sites\/13\/2023\/09\/Lista-firm-i-instytucji.pdf\"><strong>Lista firm i instytucji<\/strong><\/a><\/p>\n\n\n\n<hr class=\"wp-block-separator has-alpha-channel-opacity\" \/>\n\n\n\n<p style=\"font-size:25px\"><strong><u>Dokumenty dla cyklu 2023-2026<\/u><\/strong><\/p>\n\n\n\n<p><a href=\"https:\/\/pans.krosno.pl\/fa\/wp-content\/uploads\/sites\/13\/2023\/09\/KIERUNKOWY-PROGRAM-PRAKTYK-dla-cyklu-2023-2026.docx\"><strong>Kierunkowy program praktyk<\/strong><\/a><\/p>\n\n\n\n<p><a href=\"https:\/\/pans.krosno.pl\/fa\/wp-content\/uploads\/sites\/13\/2023\/09\/Zalaczniki_dokumentacja-praktyk.pdf\"><strong>Dokumenty do pobrania \u2013 dokumentacja praktyk<\/strong><\/a><\/p>\n\n\n\n<p><a href=\"https:\/\/pans.krosno.pl\/fa\/wp-content\/uploads\/sites\/13\/2023\/09\/Karty-weryfikacji-efektow-uczenia-sie-dla-praktyk-dla-cyklu-2023-2026.doc\"><strong>Karty weryfikacji efekt\u00f3w uczenia si\u0119 (wype\u0142nione)<\/strong><\/a><\/p>\n\n\n\n<p><a href=\"https:\/\/pans.krosno.pl\/fa\/wp-content\/uploads\/sites\/13\/2023\/09\/Lista-szkol.pdf\"><strong>Lista szk\u00f3\u0142<\/strong><\/a><\/p>\n\n\n\n<p><a href=\"https:\/\/pans.krosno.pl\/fa\/wp-content\/uploads\/sites\/13\/2023\/09\/Lista-firm-i-instytucji.pdf\"><strong>Lista firm i instytucji<\/strong><\/a><\/p>\n\n\n\n<div class=\"wp-block-file\"><a id=\"wp-block-file--media-f58a451c-5cb4-4fa2-814e-884fef5258c5\" href=\"https:\/\/pans.krosno.pl\/fa\/wp-content\/uploads\/sites\/13\/2026\/03\/Praktyki-psych_ped_regulamin.docx\"><strong>Praktyki-psych_ped_regulamin<\/strong><\/a><a href=\"https:\/\/pans.krosno.pl\/fa\/wp-content\/uploads\/sites\/13\/2026\/03\/Praktyki-psych_ped_regulamin.docx\" class=\"wp-block-file__button wp-element-button\" download aria-describedby=\"wp-block-file--media-f58a451c-5cb4-4fa2-814e-884fef5258c5\">Pobierz<\/a><\/div>\n\n\n\n<div class=\"wp-block-file\"><a id=\"wp-block-file--media-97e7c3ec-96dd-4e2f-90ad-7fbba3a10f4c\" href=\"https:\/\/pans.krosno.pl\/fa\/wp-content\/uploads\/sites\/13\/2026\/03\/Praktyki-psych_ped_skrocony-regulamin.docx\"><strong>Praktyki psych_ped_skr\u00f3cony regulamin<\/strong><\/a><a href=\"https:\/\/pans.krosno.pl\/fa\/wp-content\/uploads\/sites\/13\/2026\/03\/Praktyki-psych_ped_skrocony-regulamin.docx\" class=\"wp-block-file__button wp-element-button\" download aria-describedby=\"wp-block-file--media-97e7c3ec-96dd-4e2f-90ad-7fbba3a10f4c\">Pobierz<\/a><\/div>\n\n\n\n<div class=\"wp-block-file\"><a id=\"wp-block-file--media-fabcabd3-dfec-43d2-bcdc-8608ca0220ee\" href=\"https:\/\/pans.krosno.pl\/fa\/wp-content\/uploads\/sites\/13\/2026\/03\/Praktyki-psych-ped-karta-obserwacji-dr-M-Wojcik.docx\"><strong>Praktyki psych ped karta obserwacji dr M W\u00f3jcik<\/strong><\/a><a href=\"https:\/\/pans.krosno.pl\/fa\/wp-content\/uploads\/sites\/13\/2026\/03\/Praktyki-psych-ped-karta-obserwacji-dr-M-Wojcik.docx\" class=\"wp-block-file__button wp-element-button\" download aria-describedby=\"wp-block-file--media-fabcabd3-dfec-43d2-bcdc-8608ca0220ee\">Pobierz<\/a><\/div>\n","protected":false},"excerpt":{"rendered":"<p>Dokumenty dla cyklu 2021-2024 (poprawione wg zalece\u0144 PKA) Kierunkowy program praktyk \u2013 dost\u0119pny wkr\u00f3tce Dokumenty do pobrania \u2013 dokumentacja praktyk Karty weryfikacji efekt\u00f3w uczenia si\u0119 (wype\u0142nione) \u2013 dost\u0119pne wkr\u00f3tce Lista szk\u00f3\u0142 Lista firm i instytucji Dokumenty dla cyklu 2022-2025 (poprawione wg zalece\u0144 PKA) Kierunkowy program praktyk \u2013 dost\u0119pny wkr\u00f3tce Dokumenty [\u2026] <\/p>\n<div class=\"clear\"><\/div>\n<p><a class=\"more_link clearfix\" href=\"https:\/\/pans.krosno.pl\/fa\/praktyki-zawodowe\/\" rel=\"nofollow\">Read More<\/a><\/p>\n","protected":false},"author":27,"featured_media":0,"parent":0,"menu_order":0,"comment_status":"closed","ping_status":"closed","template":"page-templates\/template-full-width.php","meta":{"ngg_post_thumbnail":0,"footnotes":""},"class_list":["post-15","page","type-page","status-publish","hentry"],"yoast_head":"<!-- This site is optimized with the Yoast SEO Premium plugin v27.3 (Yoast SEO v27.3) - https:\/\/yoast.com\/product\/yoast-seo-premium-wordpress\/ -->\n<title>Praktyki zawodowe - Filologia Angielska PANS w Kro\u015bnie<\/title>\n<meta name=\"description\" content=\"Instrukcja dla student\u00f3w odbywaj\u0105cych inne praktyki zawodowe\" \/>\n<meta name=\"robots\" content=\"index, follow, max-snippet:-1, max-image-preview:large, max-video-preview:-1\" \/>\n<link rel=\"canonical\" href=\"https:\/\/pans.krosno.pl\/fa\/praktyki-zawodowe\/\" \/>\n<meta property=\"og:locale\" content=\"pl_PL\" \/>\n<meta property=\"og:type\" content=\"article\" \/>\n<meta property=\"og:title\" content=\"Praktyki zawodowe\" \/>\n<meta property=\"og:description\" content=\"Instrukcja dla student\u00f3w odbywaj\u0105cych inne praktyki zawodowe\" \/>\n<meta property=\"og:url\" content=\"https:\/\/pans.krosno.pl\/fa\/praktyki-zawodowe\/\" \/>\n<meta property=\"og:site_name\" content=\"Filologia Angielska PANS w Kro\u015bnie\" \/>\n<meta property=\"article:modified_time\" content=\"2026-03-15T22:58:43+00:00\" \/>\n<meta name=\"twitter:card\" content=\"summary_large_image\" \/>\n<meta name=\"twitter:label1\" content=\"Szacowany czas czytania\" \/>\n\t<meta name=\"twitter:data1\" content=\"1 minuta\" \/>\n<script type=\"application\/ld+json\" class=\"yoast-schema-graph\">{\"@context\":\"https:\\\/\\\/schema.org\",\"@graph\":[{\"@type\":\"WebPage\",\"@id\":\"https:\\\/\\\/pans.krosno.pl\\\/fa\\\/praktyki-zawodowe\\\/\",\"url\":\"https:\\\/\\\/pans.krosno.pl\\\/fa\\\/praktyki-zawodowe\\\/\",\"name\":\"Praktyki zawodowe - Filologia Angielska PANS w Kro\u015bnie\",\"isPartOf\":{\"@id\":\"https:\\\/\\\/pans.krosno.pl\\\/fa\\\/#website\"},\"datePublished\":\"2019-10-30T14:38:59+00:00\",\"dateModified\":\"2026-03-15T22:58:43+00:00\",\"description\":\"Instrukcja dla student\u00f3w odbywaj\u0105cych inne praktyki zawodowe\",\"breadcrumb\":{\"@id\":\"https:\\\/\\\/pans.krosno.pl\\\/fa\\\/praktyki-zawodowe\\\/#breadcrumb\"},\"inLanguage\":\"pl-PL\",\"potentialAction\":[{\"@type\":\"ReadAction\",\"target\":[\"https:\\\/\\\/pans.krosno.pl\\\/fa\\\/praktyki-zawodowe\\\/\"]}]},{\"@type\":\"BreadcrumbList\",\"@id\":\"https:\\\/\\\/pans.krosno.pl\\\/fa\\\/praktyki-zawodowe\\\/#breadcrumb\",\"itemListElement\":[{\"@type\":\"ListItem\",\"position\":1,\"name\":\"Strona g\u0142\u00f3wna\",\"item\":\"https:\\\/\\\/pans.krosno.pl\\\/fa\\\/\"},{\"@type\":\"ListItem\",\"position\":2,\"name\":\"Praktyki zawodowe\"}]},{\"@type\":\"WebSite\",\"@id\":\"https:\\\/\\\/pans.krosno.pl\\\/fa\\\/#website\",\"url\":\"https:\\\/\\\/pans.krosno.pl\\\/fa\\\/\",\"name\":\"Filologia Angielska PANS w Kro\u015bnie\",\"description\":\"Filologia Angielska - Pa\u0144stwowa Akademia Nauk Stosowanych\",\"publisher\":{\"@id\":\"https:\\\/\\\/pans.krosno.pl\\\/fa\\\/#organization\"},\"potentialAction\":[{\"@type\":\"SearchAction\",\"target\":{\"@type\":\"EntryPoint\",\"urlTemplate\":\"https:\\\/\\\/pans.krosno.pl\\\/fa\\\/?s={search_term_string}\"},\"query-input\":{\"@type\":\"PropertyValueSpecification\",\"valueRequired\":true,\"valueName\":\"search_term_string\"}}],\"inLanguage\":\"pl-PL\"},{\"@type\":\"Organization\",\"@id\":\"https:\\\/\\\/pans.krosno.pl\\\/fa\\\/#organization\",\"name\":\"Filologia Angielska PANS w Kro\u015bnie\",\"url\":\"https:\\\/\\\/pans.krosno.pl\\\/fa\\\/\",\"logo\":{\"@type\":\"ImageObject\",\"inLanguage\":\"pl-PL\",\"@id\":\"https:\\\/\\\/pans.krosno.pl\\\/fa\\\/#\\\/schema\\\/logo\\\/image\\\/\",\"url\":\"https:\\\/\\\/pans.krosno.pl\\\/fa\\\/wp-content\\\/uploads\\\/sites\\\/13\\\/2023\\\/01\\\/Logo-PANS-2022-pelne.png\",\"contentUrl\":\"https:\\\/\\\/pans.krosno.pl\\\/fa\\\/wp-content\\\/uploads\\\/sites\\\/13\\\/2023\\\/01\\\/Logo-PANS-2022-pelne.png\",\"width\":3096,\"height\":696,\"caption\":\"Filologia Angielska PANS w Kro\u015bnie\"},\"image\":{\"@id\":\"https:\\\/\\\/pans.krosno.pl\\\/fa\\\/#\\\/schema\\\/logo\\\/image\\\/\"}}]}<\/script>\n<!-- \/ Yoast SEO Premium plugin. -->","yoast_head_json":{"title":"Praktyki zawodowe - Filologia Angielska PANS w Kro\u015bnie","description":"Instrukcja dla student\u00f3w odbywaj\u0105cych inne praktyki zawodowe","robots":{"index":"index","follow":"follow","max-snippet":"max-snippet:-1","max-image-preview":"max-image-preview:large","max-video-preview":"max-video-preview:-1"},"canonical":"https:\/\/pans.krosno.pl\/fa\/praktyki-zawodowe\/","og_locale":"pl_PL","og_type":"article","og_title":"Praktyki zawodowe","og_description":"Instrukcja dla student\u00f3w odbywaj\u0105cych inne praktyki zawodowe","og_url":"https:\/\/pans.krosno.pl\/fa\/praktyki-zawodowe\/","og_site_name":"Filologia Angielska PANS w Kro\u015bnie","article_modified_time":"2026-03-15T22:58:43+00:00","twitter_card":"summary_large_image","twitter_misc":{"Szacowany czas czytania":"1 minuta"},"schema":{"@context":"https:\/\/schema.org","@graph":[{"@type":"WebPage","@id":"https:\/\/pans.krosno.pl\/fa\/praktyki-zawodowe\/","url":"https:\/\/pans.krosno.pl\/fa\/praktyki-zawodowe\/","name":"Praktyki zawodowe - Filologia Angielska PANS w Kro\u015bnie","isPartOf":{"@id":"https:\/\/pans.krosno.pl\/fa\/#website"},"datePublished":"2019-10-30T14:38:59+00:00","dateModified":"2026-03-15T22:58:43+00:00","description":"Instrukcja dla student\u00f3w odbywaj\u0105cych inne praktyki zawodowe","breadcrumb":{"@id":"https:\/\/pans.krosno.pl\/fa\/praktyki-zawodowe\/#breadcrumb"},"inLanguage":"pl-PL","potentialAction":[{"@type":"ReadAction","target":["https:\/\/pans.krosno.pl\/fa\/praktyki-zawodowe\/"]}]},{"@type":"BreadcrumbList","@id":"https:\/\/pans.krosno.pl\/fa\/praktyki-zawodowe\/#breadcrumb","itemListElement":[{"@type":"ListItem","position":1,"name":"Strona g\u0142\u00f3wna","item":"https:\/\/pans.krosno.pl\/fa\/"},{"@type":"ListItem","position":2,"name":"Praktyki zawodowe"}]},{"@type":"WebSite","@id":"https:\/\/pans.krosno.pl\/fa\/#website","url":"https:\/\/pans.krosno.pl\/fa\/","name":"Filologia Angielska PANS w Kro\u015bnie","description":"Filologia Angielska - Pa\u0144stwowa Akademia Nauk Stosowanych","publisher":{"@id":"https:\/\/pans.krosno.pl\/fa\/#organization"},"potentialAction":[{"@type":"SearchAction","target":{"@type":"EntryPoint","urlTemplate":"https:\/\/pans.krosno.pl\/fa\/?s={search_term_string}"},"query-input":{"@type":"PropertyValueSpecification","valueRequired":true,"valueName":"search_term_string"}}],"inLanguage":"pl-PL"},{"@type":"Organization","@id":"https:\/\/pans.krosno.pl\/fa\/#organization","name":"Filologia Angielska PANS w Kro\u015bnie","url":"https:\/\/pans.krosno.pl\/fa\/","logo":{"@type":"ImageObject","inLanguage":"pl-PL","@id":"https:\/\/pans.krosno.pl\/fa\/#\/schema\/logo\/image\/","url":"https:\/\/pans.krosno.pl\/fa\/wp-content\/uploads\/sites\/13\/2023\/01\/Logo-PANS-2022-pelne.png","contentUrl":"https:\/\/pans.krosno.pl\/fa\/wp-content\/uploads\/sites\/13\/2023\/01\/Logo-PANS-2022-pelne.png","width":3096,"height":696,"caption":"Filologia Angielska PANS w Kro\u015bnie"},"image":{"@id":"https:\/\/pans.krosno.pl\/fa\/#\/schema\/logo\/image\/"}}]}},"_links":{"self":[{"href":"https:\/\/pans.krosno.pl\/fa\/wp-json\/wp\/v2\/pages\/15","targetHints":{"allow":["GET"]}}],"collection":[{"href":"https:\/\/pans.krosno.pl\/fa\/wp-json\/wp\/v2\/pages"}],"about":[{"href":"https:\/\/pans.krosno.pl\/fa\/wp-json\/wp\/v2\/types\/page"}],"author":[{"embeddable":true,"href":"https:\/\/pans.krosno.pl\/fa\/wp-json\/wp\/v2\/users\/27"}],"replies":[{"embeddable":true,"href":"https:\/\/pans.krosno.pl\/fa\/wp-json\/wp\/v2\/comments?post=15"}],"version-history":[{"count":29,"href":"https:\/\/pans.krosno.pl\/fa\/wp-json\/wp\/v2\/pages\/15\/revisions"}],"predecessor-version":[{"id":6117,"href":"https:\/\/pans.krosno.pl\/fa\/wp-json\/wp\/v2\/pages\/15\/revisions\/6117"}],"wp:attachment":[{"href":"https:\/\/pans.krosno.pl\/fa\/wp-json\/wp\/v2\/media?parent=15"}],"curies":[{"name":"wp","href":"https:\/\/api.w.org\/{rel}","templated":true}]}}