{"id":1053,"date":"2020-10-07T11:56:15","date_gmt":"2020-10-07T09:56:15","guid":{"rendered":"https:\/\/pans.krosno.pl\/fa\/?page_id=1053"},"modified":"2021-03-10T09:38:33","modified_gmt":"2021-03-10T08:38:33","slug":"nagrody","status":"publish","type":"page","link":"https:\/\/pans.krosno.pl\/fa\/nagrody\/","title":{"rendered":"Nagrody"},"content":{"rendered":"\n<figure class=\"wp-block-image is-resized\"><img loading=\"lazy\" decoding=\"async\" src=\"https:\/\/pans.krosno.pl\/fa\/wp-content\/uploads\/sites\/13\/2020\/10\/arnold_krammer_nagroda-150x150.jpg\" alt=\"\" width=\"364\" height=\"364\" \/><\/figure>\n\n\n<h2><strong>Nagrody imienia Arnolda Paula Krammera&nbsp;<\/strong><\/h2>\n<p style=\"font-weight: 400\">(Barbara Foundation)<\/p>\n<p style=\"font-weight: 400\"><strong>Zak\u0142ad Filologii Angielskiej przyznaje coroczne nagrody imienia Arnolda Paula Krammera <\/strong><strong>dla najlepszego absolwenta\/\u00f3w filologii angielskiej i dwuj\u0119zykowych studi\u00f3w&nbsp; dla t\u0142umaczy oraz<\/strong><strong> dla student\u00f3w I i II roku filologii angielskiej i DST,&nbsp; autor\u00f3w najlepszych esej\u00f3w (250 s\u0142\u00f3w) na temat <\/strong><em><strong>Why did I choose to study English\/Translation<\/strong><\/em><strong>?<\/strong><\/p>\n<p>Kryteria przyznawania nagrody dla absolwent\u00f3w:<\/p>\n<ul>\n<li>\u015brednia ocen<\/li>\n<li>og\u00f3lna postawa pro-spo\u0142eczna<\/li>\n<li>zaanga\u017cowanie w \u017cycie Zak\u0142adu i w \u017cycie studenckie<\/li>\n<li>solidno\u015b\u0107 i terminowo\u015b\u0107 w trakcie okresu studi\u00f3w<\/li>\n<li>obrona w lipcu w trzecim roku studi\u00f3w<\/li>\n<\/ul>\n<p>Kryteria przyznawania nagrody na student\u00f3w I i II roku:<\/p>\n<ul>\n<li>napisanie eseju zgodnie z&nbsp; zadanym tematem<\/li>\n<li>oddanie go w styczniu, pod koniec pierwszego semestru studi\u00f3w<\/li>\n<li>og\u00f3lna postawa pro-spo\u0142eczna&nbsp;<\/li>\n<li>zaanga\u017cowanie w \u017cycie Zak\u0142adu i w \u017cycie studenckie<\/li>\n<\/ul>\n<p>W sk\u0142ad jury nagr\u00f3d im. A.P. Krammera wchodz\u0105 pracownicy Zak\u0142adu Filologii Angielskiej, wyznaczeni przez Fundatora, mgr Jacka Lal\u0119.&nbsp; Nominacje do nagrody dla najepszych absolwent\u00f3w zglaszaj\u0105 wszyscy pracownicy Zak\u0142adu w lipcu ka\u017cdego roku, za\u015b wr\u0119czenie wszystkich nagr\u00f3d nast\u0119puje w trakcie inauguracji roku akademickiego w Instytucie Humanistycznym.&nbsp; &nbsp; &nbsp;<\/p>\n<p><strong>Professor Arnold Paul Krammer<\/strong><\/p>\n<p style=\"font-weight: 400\">&nbsp;Dr. Krammer, 1941-2018, was an American Historian who specialized in German and United States history. His career as a professor and teacher at Texas A&amp;M University spanned 5 decades until his retirement in 2015. He led numerous Study Abroad programs while at A&amp;M, bringing students to Germany, Italy, Normandy and Poland. He also helped to organize the Holocaust conferences that were held at the Jagiellonian University from 2001 to 2011 along with his good friend, Professor Fritz Koenig. His connection to Krosno State College began in 2003 when he brought a group of his students to Krosno at the urging of his friend, Professor W\u0142adys\u0142aw Witalisz, and his former doctoral student, Jack Lala. He remained a good friend to the students of Krosno State College until his death. This Award is dedicated to his memory, and in recognition of his contributions to our school, and his pursuit of the lessons of history.<\/p>\n<p style=\"font-weight: 400\">&nbsp;<\/p>\n\n\n<p><\/p>\n","protected":false},"excerpt":{"rendered":"<p>Nagrody imienia Arnolda Paula Krammera&nbsp; (Barbara Foundation) Zak\u0142ad Filologii Angielskiej przyznaje coroczne nagrody imienia Arnolda Paula Krammera dla najlepszego absolwenta\/\u00f3w filologii angielskiej i dwuj\u0119zykowych studi\u00f3w&nbsp; dla t\u0142umaczy oraz dla student\u00f3w I i II roku filologii angielskiej i DST,&nbsp; autor\u00f3w najlepszych esej\u00f3w (250 s\u0142\u00f3w) na temat Why did I choose to [\u2026] <\/p>\n<div class=\"clear\"><\/div>\n<p><a class=\"more_link clearfix\" href=\"https:\/\/pans.krosno.pl\/fa\/nagrody\/\" rel=\"nofollow\">Read More<\/a><\/p>\n","protected":false},"author":27,"featured_media":1146,"parent":0,"menu_order":0,"comment_status":"closed","ping_status":"closed","template":"page-templates\/template-full-width.php","meta":{"ngg_post_thumbnail":0,"footnotes":""},"class_list":["post-1053","page","type-page","status-publish","has-post-thumbnail","hentry"],"yoast_head":"<!-- This site is optimized with the Yoast SEO Premium plugin v27.4 (Yoast SEO v27.4) - https:\/\/yoast.com\/product\/yoast-seo-premium-wordpress\/ -->\n<title>Nagrody - Filologia Angielska PANS w Kro\u015bnie<\/title>\n<meta name=\"robots\" content=\"index, follow, max-snippet:-1, max-image-preview:large, max-video-preview:-1\" \/>\n<link rel=\"canonical\" href=\"https:\/\/pans.krosno.pl\/fa\/nagrody\/\" \/>\n<meta property=\"og:locale\" content=\"pl_PL\" \/>\n<meta property=\"og:type\" content=\"article\" \/>\n<meta property=\"og:title\" content=\"Nagrody\" \/>\n<meta property=\"og:description\" content=\"Nagrody imienia Arnolda Paula Krammera&nbsp; (Barbara Foundation) Zak\u0142ad Filologii Angielskiej przyznaje coroczne nagrody imienia Arnolda Paula Krammera dla najlepszego absolwenta\/\u00f3w filologii angielskiej i dwuj\u0119zykowych studi\u00f3w&nbsp; dla t\u0142umaczy oraz dla student\u00f3w I i II roku filologii angielskiej i DST,&nbsp; autor\u00f3w najlepszych esej\u00f3w (250 s\u0142\u00f3w) na temat Why did I choose to [\u2026] Read More\" \/>\n<meta property=\"og:url\" content=\"https:\/\/pans.krosno.pl\/fa\/nagrody\/\" \/>\n<meta property=\"og:site_name\" content=\"Filologia Angielska PANS w Kro\u015bnie\" \/>\n<meta property=\"article:modified_time\" content=\"2021-03-10T08:38:33+00:00\" \/>\n<meta property=\"og:image\" content=\"https:\/\/pans.krosno.pl\/wp-content\/uploads\/sites\/13\/2020\/10\/arnold_krammer_nagroda.jpg\" \/>\n\t<meta property=\"og:image:width\" content=\"960\" \/>\n\t<meta property=\"og:image:height\" content=\"674\" \/>\n\t<meta property=\"og:image:type\" content=\"image\/jpeg\" \/>\n<meta name=\"twitter:card\" content=\"summary_large_image\" \/>\n<meta name=\"twitter:label1\" content=\"Szacowany czas czytania\" \/>\n\t<meta name=\"twitter:data1\" content=\"2 minuty\" \/>\n<script type=\"application\/ld+json\" class=\"yoast-schema-graph\">{\"@context\":\"https:\\\/\\\/schema.org\",\"@graph\":[{\"@type\":\"WebPage\",\"@id\":\"https:\\\/\\\/pans.krosno.pl\\\/fa\\\/nagrody\\\/\",\"url\":\"https:\\\/\\\/pans.krosno.pl\\\/fa\\\/nagrody\\\/\",\"name\":\"Nagrody - Filologia Angielska PANS w Kro\u015bnie\",\"isPartOf\":{\"@id\":\"https:\\\/\\\/pans.krosno.pl\\\/fa\\\/#website\"},\"primaryImageOfPage\":{\"@id\":\"https:\\\/\\\/pans.krosno.pl\\\/fa\\\/nagrody\\\/#primaryimage\"},\"image\":{\"@id\":\"https:\\\/\\\/pans.krosno.pl\\\/fa\\\/nagrody\\\/#primaryimage\"},\"thumbnailUrl\":\"https:\\\/\\\/pans.krosno.pl\\\/fa\\\/wp-content\\\/uploads\\\/sites\\\/13\\\/2020\\\/10\\\/arnold_krammer_nagroda.jpg\",\"datePublished\":\"2020-10-07T09:56:15+00:00\",\"dateModified\":\"2021-03-10T08:38:33+00:00\",\"breadcrumb\":{\"@id\":\"https:\\\/\\\/pans.krosno.pl\\\/fa\\\/nagrody\\\/#breadcrumb\"},\"inLanguage\":\"pl-PL\",\"potentialAction\":[{\"@type\":\"ReadAction\",\"target\":[\"https:\\\/\\\/pans.krosno.pl\\\/fa\\\/nagrody\\\/\"]}]},{\"@type\":\"ImageObject\",\"inLanguage\":\"pl-PL\",\"@id\":\"https:\\\/\\\/pans.krosno.pl\\\/fa\\\/nagrody\\\/#primaryimage\",\"url\":\"https:\\\/\\\/pans.krosno.pl\\\/fa\\\/wp-content\\\/uploads\\\/sites\\\/13\\\/2020\\\/10\\\/arnold_krammer_nagroda.jpg\",\"contentUrl\":\"https:\\\/\\\/pans.krosno.pl\\\/fa\\\/wp-content\\\/uploads\\\/sites\\\/13\\\/2020\\\/10\\\/arnold_krammer_nagroda.jpg\",\"width\":960,\"height\":674},{\"@type\":\"BreadcrumbList\",\"@id\":\"https:\\\/\\\/pans.krosno.pl\\\/fa\\\/nagrody\\\/#breadcrumb\",\"itemListElement\":[{\"@type\":\"ListItem\",\"position\":1,\"name\":\"Strona g\u0142\u00f3wna\",\"item\":\"https:\\\/\\\/pans.krosno.pl\\\/fa\\\/\"},{\"@type\":\"ListItem\",\"position\":2,\"name\":\"Nagrody\"}]},{\"@type\":\"WebSite\",\"@id\":\"https:\\\/\\\/pans.krosno.pl\\\/fa\\\/#website\",\"url\":\"https:\\\/\\\/pans.krosno.pl\\\/fa\\\/\",\"name\":\"Filologia Angielska PANS w Kro\u015bnie\",\"description\":\"Filologia Angielska - Pa\u0144stwowa Akademia Nauk Stosowanych\",\"publisher\":{\"@id\":\"https:\\\/\\\/pans.krosno.pl\\\/fa\\\/#organization\"},\"potentialAction\":[{\"@type\":\"SearchAction\",\"target\":{\"@type\":\"EntryPoint\",\"urlTemplate\":\"https:\\\/\\\/pans.krosno.pl\\\/fa\\\/?s={search_term_string}\"},\"query-input\":{\"@type\":\"PropertyValueSpecification\",\"valueRequired\":true,\"valueName\":\"search_term_string\"}}],\"inLanguage\":\"pl-PL\"},{\"@type\":\"Organization\",\"@id\":\"https:\\\/\\\/pans.krosno.pl\\\/fa\\\/#organization\",\"name\":\"Filologia Angielska PANS w Kro\u015bnie\",\"url\":\"https:\\\/\\\/pans.krosno.pl\\\/fa\\\/\",\"logo\":{\"@type\":\"ImageObject\",\"inLanguage\":\"pl-PL\",\"@id\":\"https:\\\/\\\/pans.krosno.pl\\\/fa\\\/#\\\/schema\\\/logo\\\/image\\\/\",\"url\":\"https:\\\/\\\/pans.krosno.pl\\\/fa\\\/wp-content\\\/uploads\\\/sites\\\/13\\\/2023\\\/01\\\/Logo-PANS-2022-pelne.png\",\"contentUrl\":\"https:\\\/\\\/pans.krosno.pl\\\/fa\\\/wp-content\\\/uploads\\\/sites\\\/13\\\/2023\\\/01\\\/Logo-PANS-2022-pelne.png\",\"width\":3096,\"height\":696,\"caption\":\"Filologia Angielska PANS w Kro\u015bnie\"},\"image\":{\"@id\":\"https:\\\/\\\/pans.krosno.pl\\\/fa\\\/#\\\/schema\\\/logo\\\/image\\\/\"}}]}<\/script>\n<!-- \/ Yoast SEO Premium plugin. -->","yoast_head_json":{"title":"Nagrody - Filologia Angielska PANS w Kro\u015bnie","robots":{"index":"index","follow":"follow","max-snippet":"max-snippet:-1","max-image-preview":"max-image-preview:large","max-video-preview":"max-video-preview:-1"},"canonical":"https:\/\/pans.krosno.pl\/fa\/nagrody\/","og_locale":"pl_PL","og_type":"article","og_title":"Nagrody","og_description":"Nagrody imienia Arnolda Paula Krammera&nbsp; (Barbara Foundation) Zak\u0142ad Filologii Angielskiej przyznaje coroczne nagrody imienia Arnolda Paula Krammera dla najlepszego absolwenta\/\u00f3w filologii angielskiej i dwuj\u0119zykowych studi\u00f3w&nbsp; dla t\u0142umaczy oraz dla student\u00f3w I i II roku filologii angielskiej i DST,&nbsp; autor\u00f3w najlepszych esej\u00f3w (250 s\u0142\u00f3w) na temat Why did I choose to [\u2026] Read More","og_url":"https:\/\/pans.krosno.pl\/fa\/nagrody\/","og_site_name":"Filologia Angielska PANS w Kro\u015bnie","article_modified_time":"2021-03-10T08:38:33+00:00","og_image":[{"width":960,"height":674,"url":"https:\/\/pans.krosno.pl\/wp-content\/uploads\/sites\/13\/2020\/10\/arnold_krammer_nagroda.jpg","type":"image\/jpeg"}],"twitter_card":"summary_large_image","twitter_misc":{"Szacowany czas czytania":"2 minuty"},"schema":{"@context":"https:\/\/schema.org","@graph":[{"@type":"WebPage","@id":"https:\/\/pans.krosno.pl\/fa\/nagrody\/","url":"https:\/\/pans.krosno.pl\/fa\/nagrody\/","name":"Nagrody - Filologia Angielska PANS w Kro\u015bnie","isPartOf":{"@id":"https:\/\/pans.krosno.pl\/fa\/#website"},"primaryImageOfPage":{"@id":"https:\/\/pans.krosno.pl\/fa\/nagrody\/#primaryimage"},"image":{"@id":"https:\/\/pans.krosno.pl\/fa\/nagrody\/#primaryimage"},"thumbnailUrl":"https:\/\/pans.krosno.pl\/fa\/wp-content\/uploads\/sites\/13\/2020\/10\/arnold_krammer_nagroda.jpg","datePublished":"2020-10-07T09:56:15+00:00","dateModified":"2021-03-10T08:38:33+00:00","breadcrumb":{"@id":"https:\/\/pans.krosno.pl\/fa\/nagrody\/#breadcrumb"},"inLanguage":"pl-PL","potentialAction":[{"@type":"ReadAction","target":["https:\/\/pans.krosno.pl\/fa\/nagrody\/"]}]},{"@type":"ImageObject","inLanguage":"pl-PL","@id":"https:\/\/pans.krosno.pl\/fa\/nagrody\/#primaryimage","url":"https:\/\/pans.krosno.pl\/fa\/wp-content\/uploads\/sites\/13\/2020\/10\/arnold_krammer_nagroda.jpg","contentUrl":"https:\/\/pans.krosno.pl\/fa\/wp-content\/uploads\/sites\/13\/2020\/10\/arnold_krammer_nagroda.jpg","width":960,"height":674},{"@type":"BreadcrumbList","@id":"https:\/\/pans.krosno.pl\/fa\/nagrody\/#breadcrumb","itemListElement":[{"@type":"ListItem","position":1,"name":"Strona g\u0142\u00f3wna","item":"https:\/\/pans.krosno.pl\/fa\/"},{"@type":"ListItem","position":2,"name":"Nagrody"}]},{"@type":"WebSite","@id":"https:\/\/pans.krosno.pl\/fa\/#website","url":"https:\/\/pans.krosno.pl\/fa\/","name":"Filologia Angielska PANS w Kro\u015bnie","description":"Filologia Angielska - Pa\u0144stwowa Akademia Nauk Stosowanych","publisher":{"@id":"https:\/\/pans.krosno.pl\/fa\/#organization"},"potentialAction":[{"@type":"SearchAction","target":{"@type":"EntryPoint","urlTemplate":"https:\/\/pans.krosno.pl\/fa\/?s={search_term_string}"},"query-input":{"@type":"PropertyValueSpecification","valueRequired":true,"valueName":"search_term_string"}}],"inLanguage":"pl-PL"},{"@type":"Organization","@id":"https:\/\/pans.krosno.pl\/fa\/#organization","name":"Filologia Angielska PANS w Kro\u015bnie","url":"https:\/\/pans.krosno.pl\/fa\/","logo":{"@type":"ImageObject","inLanguage":"pl-PL","@id":"https:\/\/pans.krosno.pl\/fa\/#\/schema\/logo\/image\/","url":"https:\/\/pans.krosno.pl\/fa\/wp-content\/uploads\/sites\/13\/2023\/01\/Logo-PANS-2022-pelne.png","contentUrl":"https:\/\/pans.krosno.pl\/fa\/wp-content\/uploads\/sites\/13\/2023\/01\/Logo-PANS-2022-pelne.png","width":3096,"height":696,"caption":"Filologia Angielska PANS w Kro\u015bnie"},"image":{"@id":"https:\/\/pans.krosno.pl\/fa\/#\/schema\/logo\/image\/"}}]}},"_links":{"self":[{"href":"https:\/\/pans.krosno.pl\/fa\/wp-json\/wp\/v2\/pages\/1053","targetHints":{"allow":["GET"]}}],"collection":[{"href":"https:\/\/pans.krosno.pl\/fa\/wp-json\/wp\/v2\/pages"}],"about":[{"href":"https:\/\/pans.krosno.pl\/fa\/wp-json\/wp\/v2\/types\/page"}],"author":[{"embeddable":true,"href":"https:\/\/pans.krosno.pl\/fa\/wp-json\/wp\/v2\/users\/27"}],"replies":[{"embeddable":true,"href":"https:\/\/pans.krosno.pl\/fa\/wp-json\/wp\/v2\/comments?post=1053"}],"version-history":[{"count":9,"href":"https:\/\/pans.krosno.pl\/fa\/wp-json\/wp\/v2\/pages\/1053\/revisions"}],"predecessor-version":[{"id":1571,"href":"https:\/\/pans.krosno.pl\/fa\/wp-json\/wp\/v2\/pages\/1053\/revisions\/1571"}],"wp:featuredmedia":[{"embeddable":true,"href":"https:\/\/pans.krosno.pl\/fa\/wp-json\/wp\/v2\/media\/1146"}],"wp:attachment":[{"href":"https:\/\/pans.krosno.pl\/fa\/wp-json\/wp\/v2\/media?parent=1053"}],"curies":[{"name":"wp","href":"https:\/\/api.w.org\/{rel}","templated":true}]}}