{"id":626,"date":"2020-06-24T12:47:20","date_gmt":"2020-06-24T10:47:20","guid":{"rendered":"https:\/\/pans.krosno.pl\/fa\/staff-office-hours\/"},"modified":"2025-09-29T11:10:58","modified_gmt":"2025-09-29T09:10:58","slug":"staff-office-hours","status":"publish","type":"page","link":"https:\/\/pans.krosno.pl\/fa\/en\/staff-office-hours\/","title":{"rendered":"Staff office hours"},"content":{"rendered":"\n<p>Office hours of staff members of the Department of English and other teachers in the spring semester 2019\/2020,<\/p>\n\n\n\n<figure class=\"wp-block-table is-style-stripes\"><table><thead><tr><th>Imi\u0119 i nazwisko<\/th><th>Dzie\u0144 <\/th><th><strong>Godzina<\/strong><\/th><th>Miejsce<\/th><\/tr><\/thead><tbody><tr><td><a href=\"https:\/\/pans.krosno.pl\/pracownicy\/wladyslaw-chlopicki\/\" target=\"_blank\" rel=\"noreferrer noopener\">Prof. ndzw dr hab. W\u0142adys\u0142aw Ch\u0142opicki<\/a><\/td><td>Tuesday <\/td><td>10:45-12:45<\/td><td>KW4-22 <\/td><\/tr><tr><td><a href=\"https:\/\/pans.krosno.pl\/pracownicy\/justyna-biskup\/\" target=\"_blank\" rel=\"noreferrer noopener\">Mgr Justyna Biskup <\/a><\/td><td>Tuesday <br>Wednesday <\/td><td>10:45-12:15<br>10:30-11:00<\/td><td>KW4-1<\/td><\/tr><tr><td><a href=\"https:\/\/pans.krosno.pl\/pracownicy\/anna-bystrzanowska\/\" target=\"_blank\" rel=\"noreferrer noopener\">Mgr Anna Bystrzanowska<\/a><\/td><td>Monday <br>Monday <br>Thursday <\/td><td>8:00 &#8211; 8:30<br>11:15-11:45<br>10:30-11:30<\/td><td>KW4-1<br>KW4-1<br>KW4-1<\/td><\/tr><tr><td><a href=\"https:\/\/pans.krosno.pl\/pracownicy\/iryna-durkalevych\/\" target=\"_blank\" rel=\"noreferrer noopener\">Dr Irina Durkalevych <\/a><\/td><td>Week A. Wednesday <br>Week B <\/td><td>11:00-13:00<br>13:00-15:00<\/td><td>KW8-1 <\/td><\/tr><tr><td><a href=\"https:\/\/pans.krosno.pl\/pracownicy\/katarzyna-dziemian\/\" target=\"_blank\" rel=\"noreferrer noopener\">Mgr Katarzyna Dziemian<\/a><\/td><td>Monday <br>Wednesday <\/td><td>12:30-14:00<br>11:30-12:15<\/td><td>Library s. 202<\/td><\/tr><tr><td><a href=\"https:\/\/pans.krosno.pl\/pracownicy\/agnieszka-habrat\/\" target=\"_blank\" rel=\"noreferrer noopener\">Dr Agnieszka Habrat <\/a><\/td><td>Monday <\/td><td>11:15-13:15<\/td><td>KW4-1<\/td><\/tr><tr><td><a href=\"https:\/\/pans.krosno.pl\/pracownicy\/krzysztof-kasprzyk\/\" target=\"_blank\" rel=\"noreferrer noopener\">Dr Krzysztof Kasprzyk <\/a><\/td><td>Tuesday <\/td><td>16:00-18:00<\/td><td>KW4-1<\/td><\/tr><tr><td><a href=\"https:\/\/pans.krosno.pl\/pracownicy\/joanna-kulakowska-lis\/\" target=\"_blank\" rel=\"noreferrer noopener\">Dr Joanna Ku\u0142akowska-Lis<\/a><\/td><td>Week B: Monday <br>Week B: Tuesday <br>Week A: Monday <br>Week A: Monday <\/td><td>9.30-11.00<br>11.30-12.00<br>9.00-9.45<br>14.45-16.15  <\/td><td><\/td><\/tr><tr><td><a href=\"https:\/\/pans.krosno.pl\/pracownicy\/jack-lala\/\" target=\"_blank\" rel=\"noreferrer noopener\">Mgr Jack Lala III<\/a><\/td><td>Thursday <\/td><td>9:00-11:00<\/td><td>KW 4-1<\/td><\/tr><tr><td><a href=\"https:\/\/pans.krosno.pl\/pracownicy\/anna-lobodzinska\/\" target=\"_blank\" rel=\"noreferrer noopener\">Mgr Anna \u0141obodzi\u0144ska<\/a><\/td><td>Tuesday <\/td><td>12:15-14:15<\/td><td>KW4-1<\/td><\/tr><tr><td><a href=\"https:\/\/pans.krosno.pl\/pracownicy\/dorota-mihulka\/\" target=\"_blank\" rel=\"noreferrer noopener\">Dr Dorota Mihu\u0142ka<\/a><\/td><td>Tuesday <br>Wednesday <\/td><td>14:15-15:45<br>10:00-10:30<\/td><td>KW4-1<\/td><\/tr><tr><td><a href=\"https:\/\/pans.krosno.pl\/pracownicy\/roberto-martinez-zabala\/\" target=\"_blank\" rel=\"noreferrer noopener\">Mgr Roberto Martinez<\/a><\/td><td>Tuesday <br>Thursday <\/td><td>9:30-10:30<br>11:15-12:15<\/td><td>KW4-1<\/td><\/tr><tr><td><a href=\"https:\/\/pans.krosno.pl\/pracownicy\/ewa-newerle-wolska\/\" target=\"_blank\" rel=\"noreferrer noopener\">Dr Ewa Newerle-Wolska<\/a><\/td><td>Wednesday <\/td><td>11:15-13:15<\/td><td>KW4-1<\/td><\/tr><tr><td><a href=\"https:\/\/pans.krosno.pl\/pracownicy\/teresa-przyprawa\/\" target=\"_blank\" rel=\"noreferrer noopener\">Mgr Teresa Przyprawa<\/a><\/td><td>Monday <br>Thursday <\/td><td>11:30-12:15<br>9:25-10:20<\/td><td><\/td><\/tr><tr><td><a href=\"https:\/\/pans.krosno.pl\/pracownicy\/anna-rewis-letkowska\/\" target=\"_blank\" rel=\"noreferrer noopener\">Dr Anna-Rewi\u015b-\u0141\u0119tkowska <\/a><\/td><td>Tuesday <\/td><td>9:00-11:00<\/td><td>KW4-1<\/td><\/tr><tr><td><a href=\"https:\/\/pans.krosno.pl\/pracownicy\/ewa-rusek\/\" target=\"_blank\" rel=\"noreferrer noopener\">Dr Ewa Rusek <\/a><\/td><td>Tuesday <\/td><td>13:00-15:00<\/td><td>KW4-1<\/td><\/tr><tr><td><a href=\"https:\/\/pans.krosno.pl\/pracownicy\/dorota-rygiel\/\" target=\"_blank\" rel=\"noreferrer noopener\">Dr Dorota Rygiel <\/a><\/td><td>Monday <br>Monday <br>Tuesday <\/td><td>7:30-8:00<br>14-14:30<br>14:15-15:15<\/td><td>KW4-1<\/td><\/tr><tr><td><a href=\"https:\/\/pans.krosno.pl\/pracownicy\/anna-slowik\/\" target=\"_blank\" rel=\"noreferrer noopener\">Dr Anna S\u0142owik<\/a><\/td><td>Monday <br>Tuesday <\/td><td>14:30-15:30<br>15:30-16:30<\/td><td>Turasz\u00f3wka pok\u00f3j 1A<\/td><\/tr><tr><td><a href=\"https:\/\/pans.krosno.pl\/pracownicy\/olga-slowik-matys\/\" target=\"_blank\" rel=\"noreferrer noopener\">Mgr Olga S\u0142owik-Matys <\/a><\/td><td> Tuesday <\/td><td>9:30-10:30<\/td><td>KW4-1<\/td><\/tr><tr><td><a href=\"https:\/\/pans.krosno.pl\/pracownicy\/kazimierz-szmyd\/\" target=\"_blank\" rel=\"noreferrer noopener\">Prof. dr hab. Kazimierz Szmyd <\/a><\/td><td>Week A Monday <br>Week B Monday <\/td><td>11.30-13.30<br>13.00-15.00<\/td><td>KW8-22<\/td><\/tr><tr><td><a href=\"https:\/\/pans.krosno.pl\/pracownicy\/malgorzata-swidrak\/\" target=\"_blank\" rel=\"noreferrer noopener\">Dr Ma\u0142gorzata \u015awidrak<\/a><\/td><td>Tuesday <\/td><td>12:00-13:00<\/td><td>KW8-1<\/td><\/tr><tr><td><a href=\"https:\/\/pans.krosno.pl\/pracownicy\/anna-swist\/\">Mgr Anna \u015awist<\/a><\/td><td>Wednesday <\/td><td>8:00-9:30<\/td><td>Rynek 5<\/td><\/tr><tr><td><a href=\"https:\/\/pans.krosno.pl\/pracownicy\/alicja-witalisz\/\" target=\"_blank\" rel=\"noreferrer noopener\">Prof. nadzw. dr hab. Alicja Witalisz<\/a><\/td><td>Tuesday <br>Tuesday <\/td><td>11.15-11.45<br>16.00-17.30<\/td><td>KW4-1<\/td><\/tr><tr><td><a href=\"https:\/\/pans.krosno.pl\/pracownicy\/2573-2\/\" target=\"_blank\" rel=\"noreferrer noopener\">Prof. nadzw. dr hab. W\u0142adys\u0142aw Witalisz <\/a><\/td><td>Monday <\/td><td>10.00-12.00<\/td><td>Rynek 1, pok. 09<\/td><\/tr><tr><td><a href=\"https:\/\/pans.krosno.pl\/pracownicy\/bogumil-wolski\/\" target=\"_blank\" rel=\"noreferrer noopener\">Dr Bogumi\u0142 Wolski <\/a><\/td><td>Wednesday <br>Thursday <\/td><td>13:00-13:30<br>15:30-17:00<\/td><td>KW4-1<\/td><\/tr><tr><td><a href=\"https:\/\/pans.krosno.pl\/pracownicy\/anna-wyrwa\/\" target=\"_blank\" rel=\"noreferrer noopener\">Mgr Anna Wyrwa<\/a><\/td><td>Monday <br>Tuesday <br>Tuesday <\/td><td>17:30-18:00<br>8:00-8:30<br>14:00-15:00<\/td><td>KW4-1<\/td><\/tr><tr><td><a href=\"https:\/\/pans.krosno.pl\/pracownicy\/joanna-ziobro\/\" target=\"_blank\" rel=\"noreferrer noopener\">Dr Joanna Ziobro-Strz\u0119pek <\/a>(Head of Department)<\/td><td>Thursday <\/td><td>9:15-11:15<\/td><td>KW4-1<\/td><\/tr><\/tbody><\/table><\/figure>\n\n\n\n<p><\/p>\n","protected":false},"excerpt":{"rendered":"<p>Office hours of staff members of the Department of English and other teachers in the spring semester 2019\/2020, Imi\u0119 i nazwisko Dzie\u0144 Godzina Miejsce Prof. ndzw dr hab. W\u0142adys\u0142aw Ch\u0142opicki Tuesday 10:45-12:45 KW4-22 Mgr Justyna Biskup Tuesday Wednesday 10:45-12:1510:30-11:00 KW4-1 Mgr Anna Bystrzanowska Monday Monday Thursday 8:00 &#8211; 8:3011:15-11:4510:30-11:30 KW4-1KW4-1KW4-1 [\u2026] <\/p>\n<div class=\"clear\"><\/div>\n<p><a class=\"more_link clearfix\" href=\"https:\/\/pans.krosno.pl\/fa\/en\/staff-office-hours\/\" rel=\"nofollow\">Read More<\/a><\/p>\n","protected":false},"author":27,"featured_media":0,"parent":0,"menu_order":0,"comment_status":"closed","ping_status":"closed","template":"page-templates\/template-full-width.php","meta":{"ngg_post_thumbnail":0,"footnotes":""},"class_list":["post-626","page","type-page","status-publish","hentry"],"yoast_head":"<!-- This site is optimized with the Yoast SEO Premium plugin v27.3 (Yoast SEO v27.3) - https:\/\/yoast.com\/product\/yoast-seo-premium-wordpress\/ -->\n<title>Staff office hours - Filologia Angielska PANS w Kro\u015bnie<\/title>\n<meta name=\"robots\" content=\"index, follow, max-snippet:-1, max-image-preview:large, max-video-preview:-1\" \/>\n<link rel=\"canonical\" href=\"https:\/\/pans.krosno.pl\/fa\/en\/staff-office-hours\/\" \/>\n<meta property=\"og:locale\" content=\"en_US\" \/>\n<meta property=\"og:type\" content=\"article\" \/>\n<meta property=\"og:title\" content=\"Staff office hours\" \/>\n<meta property=\"og:description\" content=\"Office hours of staff members of the Department of English and other teachers in the spring semester 2019\/2020, Imi\u0119 i nazwisko Dzie\u0144 Godzina Miejsce Prof. ndzw dr hab. W\u0142adys\u0142aw Ch\u0142opicki Tuesday 10:45-12:45 KW4-22 Mgr Justyna Biskup Tuesday Wednesday 10:45-12:1510:30-11:00 KW4-1 Mgr Anna Bystrzanowska Monday Monday Thursday 8:00 &#8211; 8:3011:15-11:4510:30-11:30 KW4-1KW4-1KW4-1 [\u2026] Read More\" \/>\n<meta property=\"og:url\" content=\"https:\/\/pans.krosno.pl\/fa\/en\/staff-office-hours\/\" \/>\n<meta property=\"og:site_name\" content=\"Filologia Angielska PANS w Kro\u015bnie\" \/>\n<meta property=\"article:modified_time\" content=\"2025-09-29T09:10:58+00:00\" \/>\n<meta name=\"twitter:card\" content=\"summary_large_image\" \/>\n<meta name=\"twitter:label1\" content=\"Est. reading time\" \/>\n\t<meta name=\"twitter:data1\" content=\"2 minutes\" \/>\n<script type=\"application\/ld+json\" class=\"yoast-schema-graph\">{\"@context\":\"https:\\\/\\\/schema.org\",\"@graph\":[{\"@type\":\"WebPage\",\"@id\":\"https:\\\/\\\/pans.krosno.pl\\\/fa\\\/en\\\/staff-office-hours\\\/\",\"url\":\"https:\\\/\\\/pans.krosno.pl\\\/fa\\\/en\\\/staff-office-hours\\\/\",\"name\":\"Staff office hours - Filologia Angielska PANS w Kro\u015bnie\",\"isPartOf\":{\"@id\":\"https:\\\/\\\/pans.krosno.pl\\\/fa\\\/#website\"},\"datePublished\":\"2020-06-24T10:47:20+00:00\",\"dateModified\":\"2025-09-29T09:10:58+00:00\",\"breadcrumb\":{\"@id\":\"https:\\\/\\\/pans.krosno.pl\\\/fa\\\/en\\\/staff-office-hours\\\/#breadcrumb\"},\"inLanguage\":\"en-US\",\"potentialAction\":[{\"@type\":\"ReadAction\",\"target\":[\"https:\\\/\\\/pans.krosno.pl\\\/fa\\\/en\\\/staff-office-hours\\\/\"]}]},{\"@type\":\"BreadcrumbList\",\"@id\":\"https:\\\/\\\/pans.krosno.pl\\\/fa\\\/en\\\/staff-office-hours\\\/#breadcrumb\",\"itemListElement\":[{\"@type\":\"ListItem\",\"position\":1,\"name\":\"Strona g\u0142\u00f3wna\",\"item\":\"https:\\\/\\\/pans.krosno.pl\\\/fa\\\/\"},{\"@type\":\"ListItem\",\"position\":2,\"name\":\"Staff office hours\"}]},{\"@type\":\"WebSite\",\"@id\":\"https:\\\/\\\/pans.krosno.pl\\\/fa\\\/#website\",\"url\":\"https:\\\/\\\/pans.krosno.pl\\\/fa\\\/\",\"name\":\"Filologia Angielska PANS w Kro\u015bnie\",\"description\":\"Filologia Angielska - Pa\u0144stwowa Akademia Nauk Stosowanych\",\"publisher\":{\"@id\":\"https:\\\/\\\/pans.krosno.pl\\\/fa\\\/#organization\"},\"potentialAction\":[{\"@type\":\"SearchAction\",\"target\":{\"@type\":\"EntryPoint\",\"urlTemplate\":\"https:\\\/\\\/pans.krosno.pl\\\/fa\\\/?s={search_term_string}\"},\"query-input\":{\"@type\":\"PropertyValueSpecification\",\"valueRequired\":true,\"valueName\":\"search_term_string\"}}],\"inLanguage\":\"en-US\"},{\"@type\":\"Organization\",\"@id\":\"https:\\\/\\\/pans.krosno.pl\\\/fa\\\/#organization\",\"name\":\"Filologia Angielska PANS w Kro\u015bnie\",\"url\":\"https:\\\/\\\/pans.krosno.pl\\\/fa\\\/\",\"logo\":{\"@type\":\"ImageObject\",\"inLanguage\":\"en-US\",\"@id\":\"https:\\\/\\\/pans.krosno.pl\\\/fa\\\/#\\\/schema\\\/logo\\\/image\\\/\",\"url\":\"https:\\\/\\\/pans.krosno.pl\\\/fa\\\/wp-content\\\/uploads\\\/sites\\\/13\\\/2023\\\/01\\\/Logo-PANS-2022-pelne.png\",\"contentUrl\":\"https:\\\/\\\/pans.krosno.pl\\\/fa\\\/wp-content\\\/uploads\\\/sites\\\/13\\\/2023\\\/01\\\/Logo-PANS-2022-pelne.png\",\"width\":3096,\"height\":696,\"caption\":\"Filologia Angielska PANS w Kro\u015bnie\"},\"image\":{\"@id\":\"https:\\\/\\\/pans.krosno.pl\\\/fa\\\/#\\\/schema\\\/logo\\\/image\\\/\"}}]}<\/script>\n<!-- \/ Yoast SEO Premium plugin. -->","yoast_head_json":{"title":"Staff office hours - Filologia Angielska PANS w Kro\u015bnie","robots":{"index":"index","follow":"follow","max-snippet":"max-snippet:-1","max-image-preview":"max-image-preview:large","max-video-preview":"max-video-preview:-1"},"canonical":"https:\/\/pans.krosno.pl\/fa\/en\/staff-office-hours\/","og_locale":"en_US","og_type":"article","og_title":"Staff office hours","og_description":"Office hours of staff members of the Department of English and other teachers in the spring semester 2019\/2020, Imi\u0119 i nazwisko Dzie\u0144 Godzina Miejsce Prof. ndzw dr hab. W\u0142adys\u0142aw Ch\u0142opicki Tuesday 10:45-12:45 KW4-22 Mgr Justyna Biskup Tuesday Wednesday 10:45-12:1510:30-11:00 KW4-1 Mgr Anna Bystrzanowska Monday Monday Thursday 8:00 &#8211; 8:3011:15-11:4510:30-11:30 KW4-1KW4-1KW4-1 [\u2026] Read More","og_url":"https:\/\/pans.krosno.pl\/fa\/en\/staff-office-hours\/","og_site_name":"Filologia Angielska PANS w Kro\u015bnie","article_modified_time":"2025-09-29T09:10:58+00:00","twitter_card":"summary_large_image","twitter_misc":{"Est. reading time":"2 minutes"},"schema":{"@context":"https:\/\/schema.org","@graph":[{"@type":"WebPage","@id":"https:\/\/pans.krosno.pl\/fa\/en\/staff-office-hours\/","url":"https:\/\/pans.krosno.pl\/fa\/en\/staff-office-hours\/","name":"Staff office hours - Filologia Angielska PANS w Kro\u015bnie","isPartOf":{"@id":"https:\/\/pans.krosno.pl\/fa\/#website"},"datePublished":"2020-06-24T10:47:20+00:00","dateModified":"2025-09-29T09:10:58+00:00","breadcrumb":{"@id":"https:\/\/pans.krosno.pl\/fa\/en\/staff-office-hours\/#breadcrumb"},"inLanguage":"en-US","potentialAction":[{"@type":"ReadAction","target":["https:\/\/pans.krosno.pl\/fa\/en\/staff-office-hours\/"]}]},{"@type":"BreadcrumbList","@id":"https:\/\/pans.krosno.pl\/fa\/en\/staff-office-hours\/#breadcrumb","itemListElement":[{"@type":"ListItem","position":1,"name":"Strona g\u0142\u00f3wna","item":"https:\/\/pans.krosno.pl\/fa\/"},{"@type":"ListItem","position":2,"name":"Staff office hours"}]},{"@type":"WebSite","@id":"https:\/\/pans.krosno.pl\/fa\/#website","url":"https:\/\/pans.krosno.pl\/fa\/","name":"Filologia Angielska PANS w Kro\u015bnie","description":"Filologia Angielska - Pa\u0144stwowa Akademia Nauk Stosowanych","publisher":{"@id":"https:\/\/pans.krosno.pl\/fa\/#organization"},"potentialAction":[{"@type":"SearchAction","target":{"@type":"EntryPoint","urlTemplate":"https:\/\/pans.krosno.pl\/fa\/?s={search_term_string}"},"query-input":{"@type":"PropertyValueSpecification","valueRequired":true,"valueName":"search_term_string"}}],"inLanguage":"en-US"},{"@type":"Organization","@id":"https:\/\/pans.krosno.pl\/fa\/#organization","name":"Filologia Angielska PANS w Kro\u015bnie","url":"https:\/\/pans.krosno.pl\/fa\/","logo":{"@type":"ImageObject","inLanguage":"en-US","@id":"https:\/\/pans.krosno.pl\/fa\/#\/schema\/logo\/image\/","url":"https:\/\/pans.krosno.pl\/fa\/wp-content\/uploads\/sites\/13\/2023\/01\/Logo-PANS-2022-pelne.png","contentUrl":"https:\/\/pans.krosno.pl\/fa\/wp-content\/uploads\/sites\/13\/2023\/01\/Logo-PANS-2022-pelne.png","width":3096,"height":696,"caption":"Filologia Angielska PANS w Kro\u015bnie"},"image":{"@id":"https:\/\/pans.krosno.pl\/fa\/#\/schema\/logo\/image\/"}}]}},"_links":{"self":[{"href":"https:\/\/pans.krosno.pl\/fa\/en\/wp-json\/wp\/v2\/pages\/626","targetHints":{"allow":["GET"]}}],"collection":[{"href":"https:\/\/pans.krosno.pl\/fa\/en\/wp-json\/wp\/v2\/pages"}],"about":[{"href":"https:\/\/pans.krosno.pl\/fa\/en\/wp-json\/wp\/v2\/types\/page"}],"author":[{"embeddable":true,"href":"https:\/\/pans.krosno.pl\/fa\/en\/wp-json\/wp\/v2\/users\/27"}],"replies":[{"embeddable":true,"href":"https:\/\/pans.krosno.pl\/fa\/en\/wp-json\/wp\/v2\/comments?post=626"}],"version-history":[{"count":11,"href":"https:\/\/pans.krosno.pl\/fa\/en\/wp-json\/wp\/v2\/pages\/626\/revisions"}],"predecessor-version":[{"id":5765,"href":"https:\/\/pans.krosno.pl\/fa\/en\/wp-json\/wp\/v2\/pages\/626\/revisions\/5765"}],"wp:attachment":[{"href":"https:\/\/pans.krosno.pl\/fa\/en\/wp-json\/wp\/v2\/media?parent=626"}],"curies":[{"name":"wp","href":"https:\/\/api.w.org\/{rel}","templated":true}]}}