{"id":622,"date":"2020-06-24T12:17:17","date_gmt":"2020-06-24T10:17:17","guid":{"rendered":"https:\/\/pans.krosno.pl\/fa\/staff-members\/"},"modified":"2026-01-09T15:21:39","modified_gmt":"2026-01-09T14:21:39","slug":"staff-members","status":"publish","type":"page","link":"https:\/\/pans.krosno.pl\/fa\/en\/staff-members\/","title":{"rendered":"Staff members"},"content":{"rendered":"<div class=\"wp-block-column is-layout-flow wp-block-column-is-layout-flow\">\n<p class=\"has-text-align-center\" style=\"text-align: left\">Current staff members<\/p>\n<ul class=\"wp-block-list\">\n<li><a href=\"https:\/\/pans.krosno.pl\/pracownicy\/agnieszka-habrat\/\" target=\"_blank\" rel=\"noreferrer noopener\">dr Agnieszka Habrat<\/a> (Head of Department of English)<\/li>\n<li><a href=\"https:\/\/pans.krosno.pl\/pracownicy\/wladyslaw-chlopicki\/\">dr hab. W\u0142adys\u0142aw Ch\u0142opicki, prof. PANS<\/a><\/li>\n<li><a href=\"https:\/\/pans.krosno.pl\/pracownicy\/mariusz-marczak\/\">dr hab. Mariusz Marczak, prof. PANS<\/a><\/li>\n<li><a href=\"https:\/\/pans.krosno.pl\/pracownicy\/alicja-witalisz\/\">dr hab. Alicja Witalisz, prof. PANS<\/a><\/li>\n<li><a href=\"https:\/\/pans.krosno.pl\/pracownicy\/katarzyna-dziemian\/\" target=\"_blank\" rel=\"noreferrer noopener\">dr Katarzyna Dziemian<\/a><\/li>\n<li><ins>dr Ewa Kowalska-Stasiak<\/ins><\/li>\n<li><a href=\"https:\/\/pans.krosno.pl\/pracownicy\/dorota-mihulka\/\" target=\"_blank\" rel=\"noreferrer noopener\">dr Dorota Mihu\u0142ka<\/a><\/li>\n<li><a href=\"https:\/\/pans.krosno.pl\/pracownicy\/anna-rewis-letkowska\/\" target=\"_blank\" rel=\"noreferrer noopener\">dr Anna Rewi\u015b-\u0141\u0119tkowska<\/a><\/li>\n<li><a href=\"https:\/\/pans.krosno.pl\/pracownicy\/dorota-rygiel\/\" target=\"_blank\" rel=\"noreferrer noopener\">dr Dorota Rygiel<\/a><\/li>\n<li><a href=\"https:\/\/pans.krosno.pl\/pracownicy\/bogumil-wolski\/\" target=\"_blank\" rel=\"noreferrer noopener\">dr Bogumi\u0142 Wolski<\/a><\/li>\n<li><a href=\"https:\/\/pans.krosno.pl\/pracownicy\/joanna-ziobro\/\">dr Joanna Ziobro<\/a> (Head of Faculty of Humanities)<\/li>\n<li>mgr Aleksandra Brzana<\/li>\n<li><a href=\"https:\/\/pans.krosno.pl\/pracownicy\/anna-lobodzinska\/\" target=\"_blank\" rel=\"noreferrer noopener\">mgr Anna \u0141obodzi\u0144ska<\/a><\/li>\n<li><a href=\"https:\/\/pans.krosno.pl\/pracownicy\/roberto-martinez-zabala\/\" target=\"_blank\" rel=\"noreferrer noopener\">mgr Roberto Martinez<\/a><\/li>\n<li>mgr Anna Mojak<\/li>\n<li><a href=\"https:\/\/pans.krosno.pl\/pracownicy\/teresa-przyprawa\/\" target=\"_blank\" rel=\"noreferrer noopener\">mgr Teresa Przyprawa<\/a><\/li>\n<li>mgr Pawe\u0142 W\u0119grzyn<\/li>\n<\/ul>\n<\/div>\n<div class=\"wp-block-column is-layout-flow wp-block-column-is-layout-flow\">\n<p class=\"has-text-align-center\" style=\"text-align: left\">Former staff members<\/p>\n<ul class=\"wp-block-list\">\n<li>prof. Fritz Koenig<\/li>\n<li>dr hab. W\u0142adys\u0142aw Witalisz, prof. PANS<\/li>\n<li>dr Krzysztof Kasprzyk<\/li>\n<li>dr Ewa Newerle-Wolska<\/li>\n<li>dr Ewa Rusek<\/li>\n<li>dr Anna Wyrwa<\/li>\n<li>mgr Jack Lala<\/li>\n<li>mgr Justyna Biskup<\/li>\n<li>mgr Anna Bystrzanowska<\/li>\n<\/ul>\n<\/div>\n","protected":false},"excerpt":{"rendered":"<p>Current staff members dr Agnieszka Habrat (Head of Department of English) dr hab. W\u0142adys\u0142aw Ch\u0142opicki, prof. PANS dr hab. Mariusz Marczak, prof. PANS dr hab. Alicja Witalisz, prof. PANS dr Katarzyna Dziemian dr Ewa Kowalska-Stasiak dr Dorota Mihu\u0142ka dr Anna Rewi\u015b-\u0141\u0119tkowska dr Dorota Rygiel dr Bogumi\u0142 Wolski dr Joanna Ziobro [\u2026] <\/p>\n<div class=\"clear\"><\/div>\n<p><a class=\"more_link clearfix\" href=\"https:\/\/pans.krosno.pl\/fa\/en\/staff-members\/\" rel=\"nofollow\">Read More<\/a><\/p>\n","protected":false},"author":27,"featured_media":0,"parent":0,"menu_order":0,"comment_status":"closed","ping_status":"closed","template":"page-templates\/template-full-width.php","meta":{"ngg_post_thumbnail":0,"footnotes":""},"class_list":["post-622","page","type-page","status-publish","hentry"],"yoast_head":"<!-- This site is optimized with the Yoast SEO Premium plugin v27.4 (Yoast SEO v27.4) - https:\/\/yoast.com\/product\/yoast-seo-premium-wordpress\/ -->\n<title>Staff members - Filologia Angielska PANS w Kro\u015bnie<\/title>\n<meta name=\"robots\" content=\"index, follow, max-snippet:-1, max-image-preview:large, max-video-preview:-1\" \/>\n<link rel=\"canonical\" href=\"https:\/\/pans.krosno.pl\/fa\/en\/staff-members\/\" \/>\n<meta property=\"og:locale\" content=\"en_US\" \/>\n<meta property=\"og:type\" content=\"article\" \/>\n<meta property=\"og:title\" content=\"Staff members\" \/>\n<meta property=\"og:description\" content=\"Current staff members dr Agnieszka Habrat (Head of Department of English) dr hab. W\u0142adys\u0142aw Ch\u0142opicki, prof. PANS dr hab. Mariusz Marczak, prof. PANS dr hab. Alicja Witalisz, prof. PANS dr Katarzyna Dziemian dr Ewa Kowalska-Stasiak dr Dorota Mihu\u0142ka dr Anna Rewi\u015b-\u0141\u0119tkowska dr Dorota Rygiel dr Bogumi\u0142 Wolski dr Joanna Ziobro [\u2026] Read More\" \/>\n<meta property=\"og:url\" content=\"https:\/\/pans.krosno.pl\/fa\/en\/staff-members\/\" \/>\n<meta property=\"og:site_name\" content=\"Filologia Angielska PANS w Kro\u015bnie\" \/>\n<meta property=\"article:modified_time\" content=\"2026-01-09T14:21:39+00:00\" \/>\n<meta name=\"twitter:card\" content=\"summary_large_image\" \/>\n<meta name=\"twitter:label1\" content=\"Est. reading time\" \/>\n\t<meta name=\"twitter:data1\" content=\"1 minute\" \/>\n<script type=\"application\/ld+json\" class=\"yoast-schema-graph\">{\"@context\":\"https:\\\/\\\/schema.org\",\"@graph\":[{\"@type\":\"WebPage\",\"@id\":\"https:\\\/\\\/pans.krosno.pl\\\/fa\\\/en\\\/staff-members\\\/\",\"url\":\"https:\\\/\\\/pans.krosno.pl\\\/fa\\\/en\\\/staff-members\\\/\",\"name\":\"Staff members - Filologia Angielska PANS w Kro\u015bnie\",\"isPartOf\":{\"@id\":\"https:\\\/\\\/pans.krosno.pl\\\/fa\\\/#website\"},\"datePublished\":\"2020-06-24T10:17:17+00:00\",\"dateModified\":\"2026-01-09T14:21:39+00:00\",\"breadcrumb\":{\"@id\":\"https:\\\/\\\/pans.krosno.pl\\\/fa\\\/en\\\/staff-members\\\/#breadcrumb\"},\"inLanguage\":\"en-US\",\"potentialAction\":[{\"@type\":\"ReadAction\",\"target\":[\"https:\\\/\\\/pans.krosno.pl\\\/fa\\\/en\\\/staff-members\\\/\"]}]},{\"@type\":\"BreadcrumbList\",\"@id\":\"https:\\\/\\\/pans.krosno.pl\\\/fa\\\/en\\\/staff-members\\\/#breadcrumb\",\"itemListElement\":[{\"@type\":\"ListItem\",\"position\":1,\"name\":\"Strona g\u0142\u00f3wna\",\"item\":\"https:\\\/\\\/pans.krosno.pl\\\/fa\\\/\"},{\"@type\":\"ListItem\",\"position\":2,\"name\":\"Staff members\"}]},{\"@type\":\"WebSite\",\"@id\":\"https:\\\/\\\/pans.krosno.pl\\\/fa\\\/#website\",\"url\":\"https:\\\/\\\/pans.krosno.pl\\\/fa\\\/\",\"name\":\"Filologia Angielska PANS w Kro\u015bnie\",\"description\":\"Filologia Angielska - Pa\u0144stwowa Akademia Nauk Stosowanych\",\"publisher\":{\"@id\":\"https:\\\/\\\/pans.krosno.pl\\\/fa\\\/#organization\"},\"potentialAction\":[{\"@type\":\"SearchAction\",\"target\":{\"@type\":\"EntryPoint\",\"urlTemplate\":\"https:\\\/\\\/pans.krosno.pl\\\/fa\\\/?s={search_term_string}\"},\"query-input\":{\"@type\":\"PropertyValueSpecification\",\"valueRequired\":true,\"valueName\":\"search_term_string\"}}],\"inLanguage\":\"en-US\"},{\"@type\":\"Organization\",\"@id\":\"https:\\\/\\\/pans.krosno.pl\\\/fa\\\/#organization\",\"name\":\"Filologia Angielska PANS w Kro\u015bnie\",\"url\":\"https:\\\/\\\/pans.krosno.pl\\\/fa\\\/\",\"logo\":{\"@type\":\"ImageObject\",\"inLanguage\":\"en-US\",\"@id\":\"https:\\\/\\\/pans.krosno.pl\\\/fa\\\/#\\\/schema\\\/logo\\\/image\\\/\",\"url\":\"https:\\\/\\\/pans.krosno.pl\\\/fa\\\/wp-content\\\/uploads\\\/sites\\\/13\\\/2023\\\/01\\\/Logo-PANS-2022-pelne.png\",\"contentUrl\":\"https:\\\/\\\/pans.krosno.pl\\\/fa\\\/wp-content\\\/uploads\\\/sites\\\/13\\\/2023\\\/01\\\/Logo-PANS-2022-pelne.png\",\"width\":3096,\"height\":696,\"caption\":\"Filologia Angielska PANS w Kro\u015bnie\"},\"image\":{\"@id\":\"https:\\\/\\\/pans.krosno.pl\\\/fa\\\/#\\\/schema\\\/logo\\\/image\\\/\"}}]}<\/script>\n<!-- \/ Yoast SEO Premium plugin. -->","yoast_head_json":{"title":"Staff members - Filologia Angielska PANS w Kro\u015bnie","robots":{"index":"index","follow":"follow","max-snippet":"max-snippet:-1","max-image-preview":"max-image-preview:large","max-video-preview":"max-video-preview:-1"},"canonical":"https:\/\/pans.krosno.pl\/fa\/en\/staff-members\/","og_locale":"en_US","og_type":"article","og_title":"Staff members","og_description":"Current staff members dr Agnieszka Habrat (Head of Department of English) dr hab. W\u0142adys\u0142aw Ch\u0142opicki, prof. PANS dr hab. Mariusz Marczak, prof. PANS dr hab. Alicja Witalisz, prof. PANS dr Katarzyna Dziemian dr Ewa Kowalska-Stasiak dr Dorota Mihu\u0142ka dr Anna Rewi\u015b-\u0141\u0119tkowska dr Dorota Rygiel dr Bogumi\u0142 Wolski dr Joanna Ziobro [\u2026] Read More","og_url":"https:\/\/pans.krosno.pl\/fa\/en\/staff-members\/","og_site_name":"Filologia Angielska PANS w Kro\u015bnie","article_modified_time":"2026-01-09T14:21:39+00:00","twitter_card":"summary_large_image","twitter_misc":{"Est. reading time":"1 minute"},"schema":{"@context":"https:\/\/schema.org","@graph":[{"@type":"WebPage","@id":"https:\/\/pans.krosno.pl\/fa\/en\/staff-members\/","url":"https:\/\/pans.krosno.pl\/fa\/en\/staff-members\/","name":"Staff members - Filologia Angielska PANS w Kro\u015bnie","isPartOf":{"@id":"https:\/\/pans.krosno.pl\/fa\/#website"},"datePublished":"2020-06-24T10:17:17+00:00","dateModified":"2026-01-09T14:21:39+00:00","breadcrumb":{"@id":"https:\/\/pans.krosno.pl\/fa\/en\/staff-members\/#breadcrumb"},"inLanguage":"en-US","potentialAction":[{"@type":"ReadAction","target":["https:\/\/pans.krosno.pl\/fa\/en\/staff-members\/"]}]},{"@type":"BreadcrumbList","@id":"https:\/\/pans.krosno.pl\/fa\/en\/staff-members\/#breadcrumb","itemListElement":[{"@type":"ListItem","position":1,"name":"Strona g\u0142\u00f3wna","item":"https:\/\/pans.krosno.pl\/fa\/"},{"@type":"ListItem","position":2,"name":"Staff members"}]},{"@type":"WebSite","@id":"https:\/\/pans.krosno.pl\/fa\/#website","url":"https:\/\/pans.krosno.pl\/fa\/","name":"Filologia Angielska PANS w Kro\u015bnie","description":"Filologia Angielska - Pa\u0144stwowa Akademia Nauk Stosowanych","publisher":{"@id":"https:\/\/pans.krosno.pl\/fa\/#organization"},"potentialAction":[{"@type":"SearchAction","target":{"@type":"EntryPoint","urlTemplate":"https:\/\/pans.krosno.pl\/fa\/?s={search_term_string}"},"query-input":{"@type":"PropertyValueSpecification","valueRequired":true,"valueName":"search_term_string"}}],"inLanguage":"en-US"},{"@type":"Organization","@id":"https:\/\/pans.krosno.pl\/fa\/#organization","name":"Filologia Angielska PANS w Kro\u015bnie","url":"https:\/\/pans.krosno.pl\/fa\/","logo":{"@type":"ImageObject","inLanguage":"en-US","@id":"https:\/\/pans.krosno.pl\/fa\/#\/schema\/logo\/image\/","url":"https:\/\/pans.krosno.pl\/fa\/wp-content\/uploads\/sites\/13\/2023\/01\/Logo-PANS-2022-pelne.png","contentUrl":"https:\/\/pans.krosno.pl\/fa\/wp-content\/uploads\/sites\/13\/2023\/01\/Logo-PANS-2022-pelne.png","width":3096,"height":696,"caption":"Filologia Angielska PANS w Kro\u015bnie"},"image":{"@id":"https:\/\/pans.krosno.pl\/fa\/#\/schema\/logo\/image\/"}}]}},"_links":{"self":[{"href":"https:\/\/pans.krosno.pl\/fa\/en\/wp-json\/wp\/v2\/pages\/622","targetHints":{"allow":["GET"]}}],"collection":[{"href":"https:\/\/pans.krosno.pl\/fa\/en\/wp-json\/wp\/v2\/pages"}],"about":[{"href":"https:\/\/pans.krosno.pl\/fa\/en\/wp-json\/wp\/v2\/types\/page"}],"author":[{"embeddable":true,"href":"https:\/\/pans.krosno.pl\/fa\/en\/wp-json\/wp\/v2\/users\/27"}],"replies":[{"embeddable":true,"href":"https:\/\/pans.krosno.pl\/fa\/en\/wp-json\/wp\/v2\/comments?post=622"}],"version-history":[{"count":11,"href":"https:\/\/pans.krosno.pl\/fa\/en\/wp-json\/wp\/v2\/pages\/622\/revisions"}],"predecessor-version":[{"id":6027,"href":"https:\/\/pans.krosno.pl\/fa\/en\/wp-json\/wp\/v2\/pages\/622\/revisions\/6027"}],"wp:attachment":[{"href":"https:\/\/pans.krosno.pl\/fa\/en\/wp-json\/wp\/v2\/media?parent=622"}],"curies":[{"name":"wp","href":"https:\/\/api.w.org\/{rel}","templated":true}]}}