{"id":4299,"date":"2024-03-13T11:22:55","date_gmt":"2024-03-13T10:22:55","guid":{"rendered":"https:\/\/pans.krosno.pl\/fa\/practical-information-2024\/"},"modified":"2024-03-15T09:00:45","modified_gmt":"2024-03-15T08:00:45","slug":"practical-information-2024","status":"publish","type":"page","link":"https:\/\/pans.krosno.pl\/fa\/en\/across-borders-conference\/practical-information-2024\/","title":{"rendered":"Practical information"},"content":{"rendered":"\n<p><strong>Getting to&nbsp;<a href=\"https:\/\/mapa.nocowanie.pl\/krosno\/\">Krosno<\/a><\/strong><\/p>\n\n\n\n<p><strong>by plane:<\/strong><\/p>\n\n\n\n<p>To Krakow International Airport, from there a short train ride to Krakow G\u0142\u00f3wny train station and 2-3 hours by bus (or train) from the nearby bus station in Krakow<\/p>\n\n\n\n<p><strong>by bus&nbsp;<\/strong>\u2013 regular connections from Krakow \u2013&nbsp;<a href=\"https:\/\/barbara.net.pl\/?p=rozklady&amp;id=1\">Barbara company<\/a>. or&nbsp;<a href=\"http:\/\/neobus.pl\/\">Neobus company<\/a>&nbsp;(it also runs directly from the Krak\u00f3w airport to Krosno, but it takes longer than from the Krak\u00f3w bus station), Warsaw, Rzesz\u00f3w, Lublin and other Polish cities<\/p>\n\n\n\n<p><strong>by train<\/strong>&nbsp;\u2013 two trains a day only&nbsp;<a href=\"http:\/\/intercity.pl\/\">(intercity.pl<\/a>,<a href=\"http:\/\/bilkom.pl\/\">&nbsp;bilkom.pl<\/a>)<\/p>\n\n\n\n<p><strong>by car:&nbsp;<\/strong>A4 motorway to Pilzno, D\u0119bica or Rzesz\u00f3w, then the national road to Krosno<\/p>\n\n\n\n<p><strong>Conference venue:<\/strong><\/p>\n\n\n\n<p>State Academy of Applied Sciences, Institute of Humanities, ul. Kazimierza Wielkiego 4-8, Krosno<\/p>\n\n\n\n<p>Recommended hotels \u2013&nbsp;<a href=\"https:\/\/www.booking.com\/hotel\/pl\/portius.pl.html\">Hotel Portius,<\/a>&nbsp;<a href=\"https:\/\/nafta.pl\/\">Hotel Nafta<\/a>,&nbsp;<a href=\"https:\/\/e-turysta.pl\/pokoje-goscinne-mosir-krosno-111194.html\">Pokoje Go\u015bcinne MOSIR,&nbsp;<\/a><a href=\"http:\/\/www.twistkrosno.pl\/\">Hotel Twist<\/a>,&nbsp;<a href=\"https:\/\/hotelsniezka.pl\/\">Hotel \u015anie\u017cka<\/a>&nbsp;and others<\/p>\n\n\n\n<p>There are also rooms for rent through AirB&amp;B and other services<\/p>\n","protected":false},"excerpt":{"rendered":"<p>Getting to&nbsp;Krosno by plane: To Krakow International Airport, from there a short train ride to Krakow G\u0142\u00f3wny train station and 2-3 hours by bus (or train) from the nearby bus station in Krakow by bus&nbsp;\u2013 regular connections from Krakow \u2013&nbsp;Barbara company. or&nbsp;Neobus company&nbsp;(it also runs directly from the Krak\u00f3w airport [\u2026] <\/p>\n<div class=\"clear\"><\/div>\n<p><a class=\"more_link clearfix\" href=\"https:\/\/pans.krosno.pl\/fa\/en\/across-borders-conference\/practical-information-2024\/\" rel=\"nofollow\">Read More<\/a><\/p>\n","protected":false},"author":27,"featured_media":0,"parent":4301,"menu_order":0,"comment_status":"closed","ping_status":"closed","template":"page-templates\/template-full-width.php","meta":{"ngg_post_thumbnail":0,"footnotes":""},"class_list":["post-4299","page","type-page","status-publish","hentry"],"yoast_head":"<!-- This site is optimized with the Yoast SEO Premium plugin v27.4 (Yoast SEO v27.4) - https:\/\/yoast.com\/product\/yoast-seo-premium-wordpress\/ -->\n<title>Practical information - Filologia Angielska PANS w Kro\u015bnie<\/title>\n<meta name=\"robots\" content=\"index, follow, max-snippet:-1, max-image-preview:large, max-video-preview:-1\" \/>\n<link rel=\"canonical\" href=\"https:\/\/pans.krosno.pl\/fa\/across-borders-conference\/practical-information-2024\/\" \/>\n<meta property=\"og:locale\" content=\"en_US\" \/>\n<meta property=\"og:type\" content=\"article\" \/>\n<meta property=\"og:title\" content=\"Practical information\" \/>\n<meta property=\"og:description\" content=\"Getting to&nbsp;Krosno by plane: To Krakow International Airport, from there a short train ride to Krakow G\u0142\u00f3wny train station and 2-3 hours by bus (or train) from the nearby bus station in Krakow by bus&nbsp;\u2013 regular connections from Krakow \u2013&nbsp;Barbara company. or&nbsp;Neobus company&nbsp;(it also runs directly from the Krak\u00f3w airport [\u2026] Read More\" \/>\n<meta property=\"og:url\" content=\"https:\/\/pans.krosno.pl\/fa\/across-borders-conference\/practical-information-2024\/\" \/>\n<meta property=\"og:site_name\" content=\"Filologia Angielska PANS w Kro\u015bnie\" \/>\n<meta property=\"article:modified_time\" content=\"2024-03-15T08:00:45+00:00\" \/>\n<meta name=\"twitter:card\" content=\"summary_large_image\" \/>\n<meta name=\"twitter:label1\" content=\"Est. reading time\" \/>\n\t<meta name=\"twitter:data1\" content=\"1 minute\" \/>\n<script type=\"application\/ld+json\" class=\"yoast-schema-graph\">{\"@context\":\"https:\\\/\\\/schema.org\",\"@graph\":[{\"@type\":\"WebPage\",\"@id\":\"https:\\\/\\\/pans.krosno.pl\\\/fa\\\/across-borders-conference\\\/practical-information-2024\\\/\",\"url\":\"https:\\\/\\\/pans.krosno.pl\\\/fa\\\/across-borders-conference\\\/practical-information-2024\\\/\",\"name\":\"Practical information - Filologia Angielska PANS w Kro\u015bnie\",\"isPartOf\":{\"@id\":\"https:\\\/\\\/pans.krosno.pl\\\/fa\\\/#website\"},\"datePublished\":\"2024-03-13T10:22:55+00:00\",\"dateModified\":\"2024-03-15T08:00:45+00:00\",\"breadcrumb\":{\"@id\":\"https:\\\/\\\/pans.krosno.pl\\\/fa\\\/across-borders-conference\\\/practical-information-2024\\\/#breadcrumb\"},\"inLanguage\":\"en-US\",\"potentialAction\":[{\"@type\":\"ReadAction\",\"target\":[\"https:\\\/\\\/pans.krosno.pl\\\/fa\\\/across-borders-conference\\\/practical-information-2024\\\/\"]}]},{\"@type\":\"BreadcrumbList\",\"@id\":\"https:\\\/\\\/pans.krosno.pl\\\/fa\\\/across-borders-conference\\\/practical-information-2024\\\/#breadcrumb\",\"itemListElement\":[{\"@type\":\"ListItem\",\"position\":1,\"name\":\"Strona g\u0142\u00f3wna\",\"item\":\"https:\\\/\\\/pans.krosno.pl\\\/fa\\\/\"},{\"@type\":\"ListItem\",\"position\":2,\"name\":\"Across Borders Conference Ten\",\"item\":\"https:\\\/\\\/pans.krosno.pl\\\/fa\\\/across-borders-conference\\\/\"},{\"@type\":\"ListItem\",\"position\":3,\"name\":\"Practical information\"}]},{\"@type\":\"WebSite\",\"@id\":\"https:\\\/\\\/pans.krosno.pl\\\/fa\\\/#website\",\"url\":\"https:\\\/\\\/pans.krosno.pl\\\/fa\\\/\",\"name\":\"Filologia Angielska PANS w Kro\u015bnie\",\"description\":\"Filologia Angielska - Pa\u0144stwowa Akademia Nauk Stosowanych\",\"publisher\":{\"@id\":\"https:\\\/\\\/pans.krosno.pl\\\/fa\\\/#organization\"},\"potentialAction\":[{\"@type\":\"SearchAction\",\"target\":{\"@type\":\"EntryPoint\",\"urlTemplate\":\"https:\\\/\\\/pans.krosno.pl\\\/fa\\\/?s={search_term_string}\"},\"query-input\":{\"@type\":\"PropertyValueSpecification\",\"valueRequired\":true,\"valueName\":\"search_term_string\"}}],\"inLanguage\":\"en-US\"},{\"@type\":\"Organization\",\"@id\":\"https:\\\/\\\/pans.krosno.pl\\\/fa\\\/#organization\",\"name\":\"Filologia Angielska PANS w Kro\u015bnie\",\"url\":\"https:\\\/\\\/pans.krosno.pl\\\/fa\\\/\",\"logo\":{\"@type\":\"ImageObject\",\"inLanguage\":\"en-US\",\"@id\":\"https:\\\/\\\/pans.krosno.pl\\\/fa\\\/#\\\/schema\\\/logo\\\/image\\\/\",\"url\":\"https:\\\/\\\/pans.krosno.pl\\\/fa\\\/wp-content\\\/uploads\\\/sites\\\/13\\\/2023\\\/01\\\/Logo-PANS-2022-pelne.png\",\"contentUrl\":\"https:\\\/\\\/pans.krosno.pl\\\/fa\\\/wp-content\\\/uploads\\\/sites\\\/13\\\/2023\\\/01\\\/Logo-PANS-2022-pelne.png\",\"width\":3096,\"height\":696,\"caption\":\"Filologia Angielska PANS w Kro\u015bnie\"},\"image\":{\"@id\":\"https:\\\/\\\/pans.krosno.pl\\\/fa\\\/#\\\/schema\\\/logo\\\/image\\\/\"}}]}<\/script>\n<!-- \/ Yoast SEO Premium plugin. -->","yoast_head_json":{"title":"Practical information - Filologia Angielska PANS w Kro\u015bnie","robots":{"index":"index","follow":"follow","max-snippet":"max-snippet:-1","max-image-preview":"max-image-preview:large","max-video-preview":"max-video-preview:-1"},"canonical":"https:\/\/pans.krosno.pl\/fa\/across-borders-conference\/practical-information-2024\/","og_locale":"en_US","og_type":"article","og_title":"Practical information","og_description":"Getting to&nbsp;Krosno by plane: To Krakow International Airport, from there a short train ride to Krakow G\u0142\u00f3wny train station and 2-3 hours by bus (or train) from the nearby bus station in Krakow by bus&nbsp;\u2013 regular connections from Krakow \u2013&nbsp;Barbara company. or&nbsp;Neobus company&nbsp;(it also runs directly from the Krak\u00f3w airport [\u2026] Read More","og_url":"https:\/\/pans.krosno.pl\/fa\/across-borders-conference\/practical-information-2024\/","og_site_name":"Filologia Angielska PANS w Kro\u015bnie","article_modified_time":"2024-03-15T08:00:45+00:00","twitter_card":"summary_large_image","twitter_misc":{"Est. reading time":"1 minute"},"schema":{"@context":"https:\/\/schema.org","@graph":[{"@type":"WebPage","@id":"https:\/\/pans.krosno.pl\/fa\/across-borders-conference\/practical-information-2024\/","url":"https:\/\/pans.krosno.pl\/fa\/across-borders-conference\/practical-information-2024\/","name":"Practical information - Filologia Angielska PANS w Kro\u015bnie","isPartOf":{"@id":"https:\/\/pans.krosno.pl\/fa\/#website"},"datePublished":"2024-03-13T10:22:55+00:00","dateModified":"2024-03-15T08:00:45+00:00","breadcrumb":{"@id":"https:\/\/pans.krosno.pl\/fa\/across-borders-conference\/practical-information-2024\/#breadcrumb"},"inLanguage":"en-US","potentialAction":[{"@type":"ReadAction","target":["https:\/\/pans.krosno.pl\/fa\/across-borders-conference\/practical-information-2024\/"]}]},{"@type":"BreadcrumbList","@id":"https:\/\/pans.krosno.pl\/fa\/across-borders-conference\/practical-information-2024\/#breadcrumb","itemListElement":[{"@type":"ListItem","position":1,"name":"Strona g\u0142\u00f3wna","item":"https:\/\/pans.krosno.pl\/fa\/"},{"@type":"ListItem","position":2,"name":"Across Borders Conference Ten","item":"https:\/\/pans.krosno.pl\/fa\/across-borders-conference\/"},{"@type":"ListItem","position":3,"name":"Practical information"}]},{"@type":"WebSite","@id":"https:\/\/pans.krosno.pl\/fa\/#website","url":"https:\/\/pans.krosno.pl\/fa\/","name":"Filologia Angielska PANS w Kro\u015bnie","description":"Filologia Angielska - Pa\u0144stwowa Akademia Nauk Stosowanych","publisher":{"@id":"https:\/\/pans.krosno.pl\/fa\/#organization"},"potentialAction":[{"@type":"SearchAction","target":{"@type":"EntryPoint","urlTemplate":"https:\/\/pans.krosno.pl\/fa\/?s={search_term_string}"},"query-input":{"@type":"PropertyValueSpecification","valueRequired":true,"valueName":"search_term_string"}}],"inLanguage":"en-US"},{"@type":"Organization","@id":"https:\/\/pans.krosno.pl\/fa\/#organization","name":"Filologia Angielska PANS w Kro\u015bnie","url":"https:\/\/pans.krosno.pl\/fa\/","logo":{"@type":"ImageObject","inLanguage":"en-US","@id":"https:\/\/pans.krosno.pl\/fa\/#\/schema\/logo\/image\/","url":"https:\/\/pans.krosno.pl\/fa\/wp-content\/uploads\/sites\/13\/2023\/01\/Logo-PANS-2022-pelne.png","contentUrl":"https:\/\/pans.krosno.pl\/fa\/wp-content\/uploads\/sites\/13\/2023\/01\/Logo-PANS-2022-pelne.png","width":3096,"height":696,"caption":"Filologia Angielska PANS w Kro\u015bnie"},"image":{"@id":"https:\/\/pans.krosno.pl\/fa\/#\/schema\/logo\/image\/"}}]}},"_links":{"self":[{"href":"https:\/\/pans.krosno.pl\/fa\/en\/wp-json\/wp\/v2\/pages\/4299","targetHints":{"allow":["GET"]}}],"collection":[{"href":"https:\/\/pans.krosno.pl\/fa\/en\/wp-json\/wp\/v2\/pages"}],"about":[{"href":"https:\/\/pans.krosno.pl\/fa\/en\/wp-json\/wp\/v2\/types\/page"}],"author":[{"embeddable":true,"href":"https:\/\/pans.krosno.pl\/fa\/en\/wp-json\/wp\/v2\/users\/27"}],"replies":[{"embeddable":true,"href":"https:\/\/pans.krosno.pl\/fa\/en\/wp-json\/wp\/v2\/comments?post=4299"}],"version-history":[{"count":3,"href":"https:\/\/pans.krosno.pl\/fa\/en\/wp-json\/wp\/v2\/pages\/4299\/revisions"}],"predecessor-version":[{"id":4357,"href":"https:\/\/pans.krosno.pl\/fa\/en\/wp-json\/wp\/v2\/pages\/4299\/revisions\/4357"}],"up":[{"embeddable":true,"href":"https:\/\/pans.krosno.pl\/fa\/en\/wp-json\/wp\/v2\/pages\/4301"}],"wp:attachment":[{"href":"https:\/\/pans.krosno.pl\/fa\/en\/wp-json\/wp\/v2\/media?parent=4299"}],"curies":[{"name":"wp","href":"https:\/\/api.w.org\/{rel}","templated":true}]}}