{"id":53,"date":"2020-03-28T00:01:49","date_gmt":"2020-03-27T23:01:49","guid":{"rendered":"https:\/\/pans.krosno.pl\/dsdt\/?page_id=53"},"modified":"2026-03-09T21:49:02","modified_gmt":"2026-03-09T20:49:02","slug":"harmonogram-zajec","status":"publish","type":"page","link":"https:\/\/pans.krosno.pl\/dsdt\/harmonogram-zajec\/","title":{"rendered":"Harmonogram zaj\u0119\u0107"},"content":{"rendered":"\n<p><strong>UWAGA! Harmonogramy mog\u0105 jeszcze ulec zmianie, dlatego prosimy o regularne odwiedzanie naszej witryny.<\/strong><\/p>\n\n\n\n<p>Harmonogram zaj\u0119\u0107 w semestrze letnim w roku akademickim 2025\/2026<\/p>\n\n\n\n<div class=\"wp-block-file\"><a id=\"wp-block-file--media-18ace8c4-0ef4-4bab-ab58-1f07a9762ba2\" href=\"https:\/\/pans.krosno.pl\/dsdt\/wp-content\/uploads\/sites\/27\/2026\/03\/DST_2026_LATO_08.03.xls\">DST_2026_LATO_08.03<\/a><a href=\"https:\/\/pans.krosno.pl\/dsdt\/wp-content\/uploads\/sites\/27\/2026\/03\/DST_2026_LATO_08.03.xls\" class=\"wp-block-file__button wp-element-button\" download aria-describedby=\"wp-block-file--media-18ace8c4-0ef4-4bab-ab58-1f07a9762ba2\">Pobierz<\/a><\/div>\n\n\n\n<p><a href=\"https:\/\/usos.kpu.krosno.pl\/kontroler.php?_action=katalog2\/przedmioty\/pokazPlanGrupyPrzedmiotow&amp;grupa_kod=DST-S-25-S2&amp;cdyd_kod=2025L&amp;plan_format=html&amp;plan_showStartTime=1&amp;plan_showEndTime=1&amp;plan_showTypeShort=0&amp;plan_showTypeFull=1&amp;plan_showGroupNumber=1&amp;plan_showCourseName=1&amp;plan_showCourseCode=0&amp;plan_showRoom=1&amp;plan_showBuildingCode=0&amp;plan_showLecturers=1&amp;plan_overridePrintWidth=1&amp;plan_colorScheme=default\">I rok<\/a><\/p>\n\n\n\n<p><a href=\"https:\/\/usos.kpu.krosno.pl\/kontroler.php?_action=katalog2\/przedmioty\/pokazPlanGrupyPrzedmiotow&amp;grupa_kod=DST-S-23-S6&amp;cdyd_kod=2025L&amp;plan_format=html&amp;plan_showStartTime=1&amp;plan_showEndTime=1&amp;plan_showTypeShort=0&amp;plan_showTypeFull=1&amp;plan_showGroupNumber=1&amp;plan_showCourseName=1&amp;plan_showCourseCode=0&amp;plan_showRoom=1&amp;plan_showBuildingCode=0&amp;plan_showLecturers=1&amp;plan_overridePrintWidth=1&amp;plan_colorScheme=default\">III rok<\/a><\/p>\n\n\n\n<h2 class=\"wp-block-heading\" id=\"h-budynki\">Budynki:<\/h2>\n\n\n\n<ul class=\"wp-block-list\">\n<li><a href=\"https:\/\/goo.gl\/maps\/xmjhpYkBWHqukLVE8\">KW- (ul. Kazimierza Wielkiego 4,6,8)<\/a> <\/li>\n\n\n\n<li><a href=\"https:\/\/goo.gl\/maps\/4zdHimL9o8SYwtae9\">Rynek 5 &#8211; ul. Rynek 5, Studium J\u0119zyk\u00f3w Obcych KPU w Kro\u015bnie <\/a><\/li>\n<\/ul>\n\n\n\n<figure class=\"wp-block-image size-large\"><img loading=\"lazy\" decoding=\"async\" width=\"747\" height=\"441\" src=\"https:\/\/pans.krosno.pl\/dsdt\/wp-content\/uploads\/sites\/27\/2020\/10\/Budynki-KW.jpg\" alt=\"\" class=\"wp-image-331\" srcset=\"https:\/\/pans.krosno.pl\/dsdt\/wp-content\/uploads\/sites\/27\/2020\/10\/Budynki-KW.jpg 747w, https:\/\/pans.krosno.pl\/dsdt\/wp-content\/uploads\/sites\/27\/2020\/10\/Budynki-KW-300x177.jpg 300w, https:\/\/pans.krosno.pl\/dsdt\/wp-content\/uploads\/sites\/27\/2020\/10\/Budynki-KW-580x342.jpg 580w\" sizes=\"auto, (max-width: 747px) 100vw, 747px\" \/><\/figure>\n","protected":false},"excerpt":{"rendered":"<p>UWAGA! Harmonogramy mog\u0105 jeszcze ulec zmianie, dlatego prosimy o regularne odwiedzanie naszej witryny. Harmonogram zaj\u0119\u0107 w semestrze letnim w roku akademickim 2025\/2026 I rok III rok Budynki:<\/p>\n","protected":false},"author":27,"featured_media":0,"parent":0,"menu_order":0,"comment_status":"closed","ping_status":"closed","template":"page-templates\/template-full-width.php","meta":{"ngg_post_thumbnail":0,"footnotes":""},"class_list":["post-53","page","type-page","status-publish","hentry"],"yoast_head":"<!-- This site is optimized with the Yoast SEO Premium plugin v27.3 (Yoast SEO v27.3) - https:\/\/yoast.com\/product\/yoast-seo-premium-wordpress\/ -->\n<title>Harmonogram zaj\u0119\u0107 - Dwuj\u0119zykowe Studia dla T\u0142umaczy PANS w Kro\u015bnie<\/title>\n<meta name=\"description\" content=\"Harmonogram zaj\u0119\u0107 dla I-III\u00a0roku\u00a0dwuj\u0119zykowych studi\u00f3w dla t\u0142umaczy\u00a0- studia stacjonarne - w semestrze letnim 2019\/2020\" \/>\n<meta name=\"robots\" content=\"index, follow, max-snippet:-1, max-image-preview:large, max-video-preview:-1\" \/>\n<link rel=\"canonical\" href=\"https:\/\/pans.krosno.pl\/dsdt\/harmonogram-zajec\/\" \/>\n<meta property=\"og:locale\" content=\"pl_PL\" \/>\n<meta property=\"og:type\" content=\"article\" \/>\n<meta property=\"og:title\" content=\"Harmonogram zaj\u0119\u0107\" \/>\n<meta property=\"og:description\" content=\"Harmonogram zaj\u0119\u0107 dla I-III\u00a0roku\u00a0dwuj\u0119zykowych studi\u00f3w dla t\u0142umaczy\u00a0- studia stacjonarne - w semestrze letnim 2019\/2020\" \/>\n<meta property=\"og:url\" content=\"https:\/\/pans.krosno.pl\/dsdt\/harmonogram-zajec\/\" \/>\n<meta property=\"og:site_name\" content=\"Dwuj\u0119zykowe Studia dla T\u0142umaczy PANS w Kro\u015bnie\" \/>\n<meta property=\"article:modified_time\" content=\"2026-03-09T20:49:02+00:00\" \/>\n<meta property=\"og:image\" content=\"https:\/\/pans.krosno.pl\/dsdt\/wp-content\/uploads\/sites\/27\/2020\/10\/Budynki-KW.jpg\" \/>\n\t<meta property=\"og:image:width\" content=\"747\" \/>\n\t<meta property=\"og:image:height\" content=\"441\" \/>\n\t<meta property=\"og:image:type\" content=\"image\/jpeg\" \/>\n<meta name=\"twitter:card\" content=\"summary_large_image\" \/>\n<meta name=\"twitter:label1\" content=\"Szacowany czas czytania\" \/>\n\t<meta name=\"twitter:data1\" content=\"1 minuta\" \/>\n<script type=\"application\/ld+json\" class=\"yoast-schema-graph\">{\"@context\":\"https:\\\/\\\/schema.org\",\"@graph\":[{\"@type\":\"WebPage\",\"@id\":\"https:\\\/\\\/pans.krosno.pl\\\/dsdt\\\/harmonogram-zajec\\\/\",\"url\":\"https:\\\/\\\/pans.krosno.pl\\\/dsdt\\\/harmonogram-zajec\\\/\",\"name\":\"Harmonogram zaj\u0119\u0107 - Dwuj\u0119zykowe Studia dla T\u0142umaczy PANS w Kro\u015bnie\",\"isPartOf\":{\"@id\":\"https:\\\/\\\/pans.krosno.pl\\\/dsdt\\\/#website\"},\"primaryImageOfPage\":{\"@id\":\"https:\\\/\\\/pans.krosno.pl\\\/dsdt\\\/harmonogram-zajec\\\/#primaryimage\"},\"image\":{\"@id\":\"https:\\\/\\\/pans.krosno.pl\\\/dsdt\\\/harmonogram-zajec\\\/#primaryimage\"},\"thumbnailUrl\":\"https:\\\/\\\/pans.krosno.pl\\\/dsdt\\\/wp-content\\\/uploads\\\/sites\\\/27\\\/2020\\\/10\\\/Budynki-KW.jpg\",\"datePublished\":\"2020-03-27T23:01:49+00:00\",\"dateModified\":\"2026-03-09T20:49:02+00:00\",\"description\":\"Harmonogram zaj\u0119\u0107 dla I-III\u00a0roku\u00a0dwuj\u0119zykowych studi\u00f3w dla t\u0142umaczy\u00a0- studia stacjonarne - w semestrze letnim 2019\\\/2020\",\"breadcrumb\":{\"@id\":\"https:\\\/\\\/pans.krosno.pl\\\/dsdt\\\/harmonogram-zajec\\\/#breadcrumb\"},\"inLanguage\":\"pl-PL\",\"potentialAction\":[{\"@type\":\"ReadAction\",\"target\":[\"https:\\\/\\\/pans.krosno.pl\\\/dsdt\\\/harmonogram-zajec\\\/\"]}]},{\"@type\":\"ImageObject\",\"inLanguage\":\"pl-PL\",\"@id\":\"https:\\\/\\\/pans.krosno.pl\\\/dsdt\\\/harmonogram-zajec\\\/#primaryimage\",\"url\":\"https:\\\/\\\/pans.krosno.pl\\\/dsdt\\\/wp-content\\\/uploads\\\/sites\\\/27\\\/2020\\\/10\\\/Budynki-KW.jpg\",\"contentUrl\":\"https:\\\/\\\/pans.krosno.pl\\\/dsdt\\\/wp-content\\\/uploads\\\/sites\\\/27\\\/2020\\\/10\\\/Budynki-KW.jpg\",\"width\":747,\"height\":441},{\"@type\":\"BreadcrumbList\",\"@id\":\"https:\\\/\\\/pans.krosno.pl\\\/dsdt\\\/harmonogram-zajec\\\/#breadcrumb\",\"itemListElement\":[{\"@type\":\"ListItem\",\"position\":1,\"name\":\"Strona g\u0142\u00f3wna\",\"item\":\"https:\\\/\\\/pans.krosno.pl\\\/dsdt\\\/\"},{\"@type\":\"ListItem\",\"position\":2,\"name\":\"Harmonogram zaj\u0119\u0107\"}]},{\"@type\":\"WebSite\",\"@id\":\"https:\\\/\\\/pans.krosno.pl\\\/dsdt\\\/#website\",\"url\":\"https:\\\/\\\/pans.krosno.pl\\\/dsdt\\\/\",\"name\":\"Dwuj\u0119zykowe Studia dla T\u0142umaczy PANS w Kro\u015bnie\",\"description\":\"Dwuj\u0119zykowe Studia dla T\u0142umaczy - Pa\u0144stwowa Akademia Nauk Stosowanych\",\"publisher\":{\"@id\":\"https:\\\/\\\/pans.krosno.pl\\\/dsdt\\\/#organization\"},\"potentialAction\":[{\"@type\":\"SearchAction\",\"target\":{\"@type\":\"EntryPoint\",\"urlTemplate\":\"https:\\\/\\\/pans.krosno.pl\\\/dsdt\\\/?s={search_term_string}\"},\"query-input\":{\"@type\":\"PropertyValueSpecification\",\"valueRequired\":true,\"valueName\":\"search_term_string\"}}],\"inLanguage\":\"pl-PL\"},{\"@type\":\"Organization\",\"@id\":\"https:\\\/\\\/pans.krosno.pl\\\/dsdt\\\/#organization\",\"name\":\"Dwuj\u0119zykowe Studia dla T\u0142umaczy PANS w Kro\u015bnie\",\"url\":\"https:\\\/\\\/pans.krosno.pl\\\/dsdt\\\/\",\"logo\":{\"@type\":\"ImageObject\",\"inLanguage\":\"pl-PL\",\"@id\":\"https:\\\/\\\/pans.krosno.pl\\\/dsdt\\\/#\\\/schema\\\/logo\\\/image\\\/\",\"url\":\"https:\\\/\\\/pans.krosno.pl\\\/dsdt\\\/wp-content\\\/uploads\\\/sites\\\/27\\\/2023\\\/01\\\/Logo-PANS-2022-pelne.png\",\"contentUrl\":\"https:\\\/\\\/pans.krosno.pl\\\/dsdt\\\/wp-content\\\/uploads\\\/sites\\\/27\\\/2023\\\/01\\\/Logo-PANS-2022-pelne.png\",\"width\":3096,\"height\":696,\"caption\":\"Dwuj\u0119zykowe Studia dla T\u0142umaczy PANS w Kro\u015bnie\"},\"image\":{\"@id\":\"https:\\\/\\\/pans.krosno.pl\\\/dsdt\\\/#\\\/schema\\\/logo\\\/image\\\/\"}}]}<\/script>\n<!-- \/ Yoast SEO Premium plugin. -->","yoast_head_json":{"title":"Harmonogram zaj\u0119\u0107 - Dwuj\u0119zykowe Studia dla T\u0142umaczy PANS w Kro\u015bnie","description":"Harmonogram zaj\u0119\u0107 dla I-III\u00a0roku\u00a0dwuj\u0119zykowych studi\u00f3w dla t\u0142umaczy\u00a0- studia stacjonarne - w semestrze letnim 2019\/2020","robots":{"index":"index","follow":"follow","max-snippet":"max-snippet:-1","max-image-preview":"max-image-preview:large","max-video-preview":"max-video-preview:-1"},"canonical":"https:\/\/pans.krosno.pl\/dsdt\/harmonogram-zajec\/","og_locale":"pl_PL","og_type":"article","og_title":"Harmonogram zaj\u0119\u0107","og_description":"Harmonogram zaj\u0119\u0107 dla I-III\u00a0roku\u00a0dwuj\u0119zykowych studi\u00f3w dla t\u0142umaczy\u00a0- studia stacjonarne - w semestrze letnim 2019\/2020","og_url":"https:\/\/pans.krosno.pl\/dsdt\/harmonogram-zajec\/","og_site_name":"Dwuj\u0119zykowe Studia dla T\u0142umaczy PANS w Kro\u015bnie","article_modified_time":"2026-03-09T20:49:02+00:00","og_image":[{"width":747,"height":441,"url":"https:\/\/pans.krosno.pl\/dsdt\/wp-content\/uploads\/sites\/27\/2020\/10\/Budynki-KW.jpg","type":"image\/jpeg"}],"twitter_card":"summary_large_image","twitter_misc":{"Szacowany czas czytania":"1 minuta"},"schema":{"@context":"https:\/\/schema.org","@graph":[{"@type":"WebPage","@id":"https:\/\/pans.krosno.pl\/dsdt\/harmonogram-zajec\/","url":"https:\/\/pans.krosno.pl\/dsdt\/harmonogram-zajec\/","name":"Harmonogram zaj\u0119\u0107 - Dwuj\u0119zykowe Studia dla T\u0142umaczy PANS w Kro\u015bnie","isPartOf":{"@id":"https:\/\/pans.krosno.pl\/dsdt\/#website"},"primaryImageOfPage":{"@id":"https:\/\/pans.krosno.pl\/dsdt\/harmonogram-zajec\/#primaryimage"},"image":{"@id":"https:\/\/pans.krosno.pl\/dsdt\/harmonogram-zajec\/#primaryimage"},"thumbnailUrl":"https:\/\/pans.krosno.pl\/dsdt\/wp-content\/uploads\/sites\/27\/2020\/10\/Budynki-KW.jpg","datePublished":"2020-03-27T23:01:49+00:00","dateModified":"2026-03-09T20:49:02+00:00","description":"Harmonogram zaj\u0119\u0107 dla I-III\u00a0roku\u00a0dwuj\u0119zykowych studi\u00f3w dla t\u0142umaczy\u00a0- studia stacjonarne - w semestrze letnim 2019\/2020","breadcrumb":{"@id":"https:\/\/pans.krosno.pl\/dsdt\/harmonogram-zajec\/#breadcrumb"},"inLanguage":"pl-PL","potentialAction":[{"@type":"ReadAction","target":["https:\/\/pans.krosno.pl\/dsdt\/harmonogram-zajec\/"]}]},{"@type":"ImageObject","inLanguage":"pl-PL","@id":"https:\/\/pans.krosno.pl\/dsdt\/harmonogram-zajec\/#primaryimage","url":"https:\/\/pans.krosno.pl\/dsdt\/wp-content\/uploads\/sites\/27\/2020\/10\/Budynki-KW.jpg","contentUrl":"https:\/\/pans.krosno.pl\/dsdt\/wp-content\/uploads\/sites\/27\/2020\/10\/Budynki-KW.jpg","width":747,"height":441},{"@type":"BreadcrumbList","@id":"https:\/\/pans.krosno.pl\/dsdt\/harmonogram-zajec\/#breadcrumb","itemListElement":[{"@type":"ListItem","position":1,"name":"Strona g\u0142\u00f3wna","item":"https:\/\/pans.krosno.pl\/dsdt\/"},{"@type":"ListItem","position":2,"name":"Harmonogram zaj\u0119\u0107"}]},{"@type":"WebSite","@id":"https:\/\/pans.krosno.pl\/dsdt\/#website","url":"https:\/\/pans.krosno.pl\/dsdt\/","name":"Dwuj\u0119zykowe Studia dla T\u0142umaczy PANS w Kro\u015bnie","description":"Dwuj\u0119zykowe Studia dla T\u0142umaczy - Pa\u0144stwowa Akademia Nauk Stosowanych","publisher":{"@id":"https:\/\/pans.krosno.pl\/dsdt\/#organization"},"potentialAction":[{"@type":"SearchAction","target":{"@type":"EntryPoint","urlTemplate":"https:\/\/pans.krosno.pl\/dsdt\/?s={search_term_string}"},"query-input":{"@type":"PropertyValueSpecification","valueRequired":true,"valueName":"search_term_string"}}],"inLanguage":"pl-PL"},{"@type":"Organization","@id":"https:\/\/pans.krosno.pl\/dsdt\/#organization","name":"Dwuj\u0119zykowe Studia dla T\u0142umaczy PANS w Kro\u015bnie","url":"https:\/\/pans.krosno.pl\/dsdt\/","logo":{"@type":"ImageObject","inLanguage":"pl-PL","@id":"https:\/\/pans.krosno.pl\/dsdt\/#\/schema\/logo\/image\/","url":"https:\/\/pans.krosno.pl\/dsdt\/wp-content\/uploads\/sites\/27\/2023\/01\/Logo-PANS-2022-pelne.png","contentUrl":"https:\/\/pans.krosno.pl\/dsdt\/wp-content\/uploads\/sites\/27\/2023\/01\/Logo-PANS-2022-pelne.png","width":3096,"height":696,"caption":"Dwuj\u0119zykowe Studia dla T\u0142umaczy PANS w Kro\u015bnie"},"image":{"@id":"https:\/\/pans.krosno.pl\/dsdt\/#\/schema\/logo\/image\/"}}]}},"_links":{"self":[{"href":"https:\/\/pans.krosno.pl\/dsdt\/wp-json\/wp\/v2\/pages\/53","targetHints":{"allow":["GET"]}}],"collection":[{"href":"https:\/\/pans.krosno.pl\/dsdt\/wp-json\/wp\/v2\/pages"}],"about":[{"href":"https:\/\/pans.krosno.pl\/dsdt\/wp-json\/wp\/v2\/types\/page"}],"author":[{"embeddable":true,"href":"https:\/\/pans.krosno.pl\/dsdt\/wp-json\/wp\/v2\/users\/27"}],"replies":[{"embeddable":true,"href":"https:\/\/pans.krosno.pl\/dsdt\/wp-json\/wp\/v2\/comments?post=53"}],"version-history":[{"count":96,"href":"https:\/\/pans.krosno.pl\/dsdt\/wp-json\/wp\/v2\/pages\/53\/revisions"}],"predecessor-version":[{"id":4320,"href":"https:\/\/pans.krosno.pl\/dsdt\/wp-json\/wp\/v2\/pages\/53\/revisions\/4320"}],"wp:attachment":[{"href":"https:\/\/pans.krosno.pl\/dsdt\/wp-json\/wp\/v2\/media?parent=53"}],"curies":[{"name":"wp","href":"https:\/\/api.w.org\/{rel}","templated":true}]}}