{"id":49,"date":"2020-03-28T00:01:49","date_gmt":"2020-03-27T23:01:49","guid":{"rendered":"https:\/\/pans.krosno.pl\/dsdt\/?page_id=49"},"modified":"2025-09-30T10:50:46","modified_gmt":"2025-09-30T08:50:46","slug":"programy-studiow","status":"publish","type":"page","link":"https:\/\/pans.krosno.pl\/dsdt\/programy-studiow\/","title":{"rendered":"Programy studi\u00f3w"},"content":{"rendered":"\n<div class=\"wp-block-file\"><a id=\"wp-block-file--media-8840b95e-fde1-4f78-a57e-98b681584210\" href=\"https:\/\/pans.krosno.pl\/dsdt\/wp-content\/uploads\/sites\/27\/2025\/09\/od-2025.pdf\" target=\"_blank\" rel=\"noreferrer noopener\">od 2025<\/a><a href=\"https:\/\/pans.krosno.pl\/dsdt\/wp-content\/uploads\/sites\/27\/2025\/09\/od-2025.pdf\" class=\"wp-block-file__button wp-element-button\" download aria-describedby=\"wp-block-file--media-8840b95e-fde1-4f78-a57e-98b681584210\">Pobierz<\/a><\/div>\n\n\n\n<div class=\"wp-block-file\"><a id=\"wp-block-file--media-1f730684-7c40-4588-870b-b0395956ae40\" href=\"https:\/\/pans.krosno.pl\/dsdt\/wp-content\/uploads\/sites\/27\/2025\/04\/Aktualny_Szczegolowy-opis-procesu-ksztalcenia-dla-kierunku-dwujezykowe-studia-dla-tlumaczy-od-roku-akademickiego-2024_2025.docx\">Od 2024<\/a><a href=\"https:\/\/pans.krosno.pl\/dsdt\/wp-content\/uploads\/sites\/27\/2025\/04\/Aktualny_Szczegolowy-opis-procesu-ksztalcenia-dla-kierunku-dwujezykowe-studia-dla-tlumaczy-od-roku-akademickiego-2024_2025.docx\" class=\"wp-block-file__button wp-element-button\" download aria-describedby=\"wp-block-file--media-1f730684-7c40-4588-870b-b0395956ae40\">Pobierz<\/a><\/div>\n\n\n\n<div class=\"wp-block-file\"><a id=\"wp-block-file--media-735eaec3-c4aa-412e-8af3-9e51e5c49c31\" href=\"https:\/\/pans.krosno.pl\/dsdt\/wp-content\/uploads\/sites\/27\/2025\/01\/DST_rok-I_2023-20261.pdf\">2023-2026<\/a><a href=\"https:\/\/pans.krosno.pl\/dsdt\/wp-content\/uploads\/sites\/27\/2025\/01\/DST_rok-I_2023-20261.pdf\" class=\"wp-block-file__button wp-element-button\" download aria-describedby=\"wp-block-file--media-735eaec3-c4aa-412e-8af3-9e51e5c49c31\">Pobierz<\/a><\/div>\n\n\n\n\n\n<p><\/p>\n","protected":false},"excerpt":{"rendered":"","protected":false},"author":27,"featured_media":0,"parent":0,"menu_order":0,"comment_status":"closed","ping_status":"closed","template":"page-templates\/template-full-width.php","meta":{"ngg_post_thumbnail":0,"footnotes":""},"class_list":["post-49","page","type-page","status-publish","hentry"],"yoast_head":"<!-- This site is optimized with the Yoast SEO Premium plugin v27.3 (Yoast SEO v27.3) - https:\/\/yoast.com\/product\/yoast-seo-premium-wordpress\/ -->\n<title>Programy studi\u00f3w - Dwuj\u0119zykowe Studia dla T\u0142umaczy PANS w Kro\u015bnie<\/title>\n<meta name=\"description\" content=\"KPU w Kro\u015bnie\" \/>\n<meta name=\"robots\" content=\"index, follow, max-snippet:-1, max-image-preview:large, max-video-preview:-1\" \/>\n<link rel=\"canonical\" href=\"https:\/\/pans.krosno.pl\/dsdt\/programy-studiow\/\" \/>\n<meta property=\"og:locale\" content=\"pl_PL\" \/>\n<meta property=\"og:type\" content=\"article\" \/>\n<meta property=\"og:title\" content=\"Programy studi\u00f3w\" \/>\n<meta property=\"og:description\" content=\"KPU w Kro\u015bnie\" \/>\n<meta property=\"og:url\" content=\"https:\/\/pans.krosno.pl\/dsdt\/programy-studiow\/\" \/>\n<meta property=\"og:site_name\" content=\"Dwuj\u0119zykowe Studia dla T\u0142umaczy PANS w Kro\u015bnie\" \/>\n<meta property=\"article:modified_time\" content=\"2025-09-30T08:50:46+00:00\" \/>\n<meta name=\"twitter:card\" content=\"summary_large_image\" \/>\n<meta name=\"twitter:label1\" content=\"Szacowany czas czytania\" \/>\n\t<meta name=\"twitter:data1\" content=\"1 minuta\" \/>\n<script type=\"application\/ld+json\" class=\"yoast-schema-graph\">{\"@context\":\"https:\\\/\\\/schema.org\",\"@graph\":[{\"@type\":\"WebPage\",\"@id\":\"https:\\\/\\\/pans.krosno.pl\\\/dsdt\\\/programy-studiow\\\/\",\"url\":\"https:\\\/\\\/pans.krosno.pl\\\/dsdt\\\/programy-studiow\\\/\",\"name\":\"Programy studi\u00f3w - Dwuj\u0119zykowe Studia dla T\u0142umaczy PANS w Kro\u015bnie\",\"isPartOf\":{\"@id\":\"https:\\\/\\\/pans.krosno.pl\\\/dsdt\\\/#website\"},\"datePublished\":\"2020-03-27T23:01:49+00:00\",\"dateModified\":\"2025-09-30T08:50:46+00:00\",\"description\":\"KPU w Kro\u015bnie\",\"breadcrumb\":{\"@id\":\"https:\\\/\\\/pans.krosno.pl\\\/dsdt\\\/programy-studiow\\\/#breadcrumb\"},\"inLanguage\":\"pl-PL\",\"potentialAction\":[{\"@type\":\"ReadAction\",\"target\":[\"https:\\\/\\\/pans.krosno.pl\\\/dsdt\\\/programy-studiow\\\/\"]}]},{\"@type\":\"BreadcrumbList\",\"@id\":\"https:\\\/\\\/pans.krosno.pl\\\/dsdt\\\/programy-studiow\\\/#breadcrumb\",\"itemListElement\":[{\"@type\":\"ListItem\",\"position\":1,\"name\":\"Strona g\u0142\u00f3wna\",\"item\":\"https:\\\/\\\/pans.krosno.pl\\\/dsdt\\\/\"},{\"@type\":\"ListItem\",\"position\":2,\"name\":\"Programy studi\u00f3w\"}]},{\"@type\":\"WebSite\",\"@id\":\"https:\\\/\\\/pans.krosno.pl\\\/dsdt\\\/#website\",\"url\":\"https:\\\/\\\/pans.krosno.pl\\\/dsdt\\\/\",\"name\":\"Dwuj\u0119zykowe Studia dla T\u0142umaczy PANS w Kro\u015bnie\",\"description\":\"Dwuj\u0119zykowe Studia dla T\u0142umaczy - Pa\u0144stwowa Akademia Nauk Stosowanych\",\"publisher\":{\"@id\":\"https:\\\/\\\/pans.krosno.pl\\\/dsdt\\\/#organization\"},\"potentialAction\":[{\"@type\":\"SearchAction\",\"target\":{\"@type\":\"EntryPoint\",\"urlTemplate\":\"https:\\\/\\\/pans.krosno.pl\\\/dsdt\\\/?s={search_term_string}\"},\"query-input\":{\"@type\":\"PropertyValueSpecification\",\"valueRequired\":true,\"valueName\":\"search_term_string\"}}],\"inLanguage\":\"pl-PL\"},{\"@type\":\"Organization\",\"@id\":\"https:\\\/\\\/pans.krosno.pl\\\/dsdt\\\/#organization\",\"name\":\"Dwuj\u0119zykowe Studia dla T\u0142umaczy PANS w Kro\u015bnie\",\"url\":\"https:\\\/\\\/pans.krosno.pl\\\/dsdt\\\/\",\"logo\":{\"@type\":\"ImageObject\",\"inLanguage\":\"pl-PL\",\"@id\":\"https:\\\/\\\/pans.krosno.pl\\\/dsdt\\\/#\\\/schema\\\/logo\\\/image\\\/\",\"url\":\"https:\\\/\\\/pans.krosno.pl\\\/dsdt\\\/wp-content\\\/uploads\\\/sites\\\/27\\\/2023\\\/01\\\/Logo-PANS-2022-pelne.png\",\"contentUrl\":\"https:\\\/\\\/pans.krosno.pl\\\/dsdt\\\/wp-content\\\/uploads\\\/sites\\\/27\\\/2023\\\/01\\\/Logo-PANS-2022-pelne.png\",\"width\":3096,\"height\":696,\"caption\":\"Dwuj\u0119zykowe Studia dla T\u0142umaczy PANS w Kro\u015bnie\"},\"image\":{\"@id\":\"https:\\\/\\\/pans.krosno.pl\\\/dsdt\\\/#\\\/schema\\\/logo\\\/image\\\/\"}}]}<\/script>\n<!-- \/ Yoast SEO Premium plugin. -->","yoast_head_json":{"title":"Programy studi\u00f3w - Dwuj\u0119zykowe Studia dla T\u0142umaczy PANS w Kro\u015bnie","description":"KPU w Kro\u015bnie","robots":{"index":"index","follow":"follow","max-snippet":"max-snippet:-1","max-image-preview":"max-image-preview:large","max-video-preview":"max-video-preview:-1"},"canonical":"https:\/\/pans.krosno.pl\/dsdt\/programy-studiow\/","og_locale":"pl_PL","og_type":"article","og_title":"Programy studi\u00f3w","og_description":"KPU w Kro\u015bnie","og_url":"https:\/\/pans.krosno.pl\/dsdt\/programy-studiow\/","og_site_name":"Dwuj\u0119zykowe Studia dla T\u0142umaczy PANS w Kro\u015bnie","article_modified_time":"2025-09-30T08:50:46+00:00","twitter_card":"summary_large_image","twitter_misc":{"Szacowany czas czytania":"1 minuta"},"schema":{"@context":"https:\/\/schema.org","@graph":[{"@type":"WebPage","@id":"https:\/\/pans.krosno.pl\/dsdt\/programy-studiow\/","url":"https:\/\/pans.krosno.pl\/dsdt\/programy-studiow\/","name":"Programy studi\u00f3w - Dwuj\u0119zykowe Studia dla T\u0142umaczy PANS w Kro\u015bnie","isPartOf":{"@id":"https:\/\/pans.krosno.pl\/dsdt\/#website"},"datePublished":"2020-03-27T23:01:49+00:00","dateModified":"2025-09-30T08:50:46+00:00","description":"KPU w Kro\u015bnie","breadcrumb":{"@id":"https:\/\/pans.krosno.pl\/dsdt\/programy-studiow\/#breadcrumb"},"inLanguage":"pl-PL","potentialAction":[{"@type":"ReadAction","target":["https:\/\/pans.krosno.pl\/dsdt\/programy-studiow\/"]}]},{"@type":"BreadcrumbList","@id":"https:\/\/pans.krosno.pl\/dsdt\/programy-studiow\/#breadcrumb","itemListElement":[{"@type":"ListItem","position":1,"name":"Strona g\u0142\u00f3wna","item":"https:\/\/pans.krosno.pl\/dsdt\/"},{"@type":"ListItem","position":2,"name":"Programy studi\u00f3w"}]},{"@type":"WebSite","@id":"https:\/\/pans.krosno.pl\/dsdt\/#website","url":"https:\/\/pans.krosno.pl\/dsdt\/","name":"Dwuj\u0119zykowe Studia dla T\u0142umaczy PANS w Kro\u015bnie","description":"Dwuj\u0119zykowe Studia dla T\u0142umaczy - Pa\u0144stwowa Akademia Nauk Stosowanych","publisher":{"@id":"https:\/\/pans.krosno.pl\/dsdt\/#organization"},"potentialAction":[{"@type":"SearchAction","target":{"@type":"EntryPoint","urlTemplate":"https:\/\/pans.krosno.pl\/dsdt\/?s={search_term_string}"},"query-input":{"@type":"PropertyValueSpecification","valueRequired":true,"valueName":"search_term_string"}}],"inLanguage":"pl-PL"},{"@type":"Organization","@id":"https:\/\/pans.krosno.pl\/dsdt\/#organization","name":"Dwuj\u0119zykowe Studia dla T\u0142umaczy PANS w Kro\u015bnie","url":"https:\/\/pans.krosno.pl\/dsdt\/","logo":{"@type":"ImageObject","inLanguage":"pl-PL","@id":"https:\/\/pans.krosno.pl\/dsdt\/#\/schema\/logo\/image\/","url":"https:\/\/pans.krosno.pl\/dsdt\/wp-content\/uploads\/sites\/27\/2023\/01\/Logo-PANS-2022-pelne.png","contentUrl":"https:\/\/pans.krosno.pl\/dsdt\/wp-content\/uploads\/sites\/27\/2023\/01\/Logo-PANS-2022-pelne.png","width":3096,"height":696,"caption":"Dwuj\u0119zykowe Studia dla T\u0142umaczy PANS w Kro\u015bnie"},"image":{"@id":"https:\/\/pans.krosno.pl\/dsdt\/#\/schema\/logo\/image\/"}}]}},"_links":{"self":[{"href":"https:\/\/pans.krosno.pl\/dsdt\/wp-json\/wp\/v2\/pages\/49","targetHints":{"allow":["GET"]}}],"collection":[{"href":"https:\/\/pans.krosno.pl\/dsdt\/wp-json\/wp\/v2\/pages"}],"about":[{"href":"https:\/\/pans.krosno.pl\/dsdt\/wp-json\/wp\/v2\/types\/page"}],"author":[{"embeddable":true,"href":"https:\/\/pans.krosno.pl\/dsdt\/wp-json\/wp\/v2\/users\/27"}],"replies":[{"embeddable":true,"href":"https:\/\/pans.krosno.pl\/dsdt\/wp-json\/wp\/v2\/comments?post=49"}],"version-history":[{"count":43,"href":"https:\/\/pans.krosno.pl\/dsdt\/wp-json\/wp\/v2\/pages\/49\/revisions"}],"predecessor-version":[{"id":4004,"href":"https:\/\/pans.krosno.pl\/dsdt\/wp-json\/wp\/v2\/pages\/49\/revisions\/4004"}],"wp:attachment":[{"href":"https:\/\/pans.krosno.pl\/dsdt\/wp-json\/wp\/v2\/media?parent=49"}],"curies":[{"name":"wp","href":"https:\/\/api.w.org\/{rel}","templated":true}]}}