{"id":18,"date":"2019-11-07T15:36:22","date_gmt":"2019-11-07T14:36:22","guid":{"rendered":"https:\/\/pans.krosno.pl\/dsdt\/?page_id=18"},"modified":"2026-03-10T13:07:11","modified_gmt":"2026-03-10T12:07:11","slug":"dyzury-pracownikow","status":"publish","type":"page","link":"https:\/\/pans.krosno.pl\/dsdt\/dyzury-pracownikow\/","title":{"rendered":"Dy\u017cury pracownik\u00f3w"},"content":{"rendered":"<p style=\"text-align: center\">Zak\u0142ad Studi\u00f3w Dwuj\u0119zykowych<br \/>Konsultacje w trakcie semestru letniego 2025\/2026<\/p>\n\n\n<p><\/p>\n\n\n\n<p><\/p>\n\n\n\n<div class=\"wp-block-columns is-layout-flex wp-container-core-columns-is-layout-28f84493 wp-block-columns-is-layout-flex\">\n<div class=\"wp-block-column is-layout-flow wp-block-column-is-layout-flow\" style=\"flex-basis:100%\">\n<figure class=\"wp-block-table is-style-regular\"><table><thead><tr><th>Imi\u0119 i Nazwisko<\/th><th>Dzie\u0144 <\/th><th><strong>Godzina<\/strong><\/th><th class=\"has-text-align-center\" data-align=\"center\">Miejsce<\/th><\/tr><\/thead><tbody><tr><td><a href=\"https:\/\/pans.krosno.pl\/pracownicy\/joanna-ziobro\/\">dr Joanna Ziobro<\/a><br>(Dyrektor Instytutu Humanistycznego)<\/td><td>czwartek<br>pi\u0105tek<\/td><td>14.45p15.30<br>14.00-15.15<\/td><td class=\"has-text-align-center\" data-align=\"center\">KW8-15 (gabinet dyrektora IH)<br><\/td><\/tr><tr><td><a href=\"https:\/\/pans.krosno.pl\/pracownicy\/anna-hycnar\/\">mgr Anna Hycnar<\/a> (kierownik zak\u0142adu oraz opiekun praktyk)<\/td><td>wtorek<br><\/td><td><br>13.00-15.00<br><br><\/td><td class=\"has-text-align-center\" data-align=\"center\">KW8-7<\/td><\/tr><tr><td><a href=\"https:\/\/pans.krosno.pl\/pracownicy\/grzegorz-przebinda\/\">prof. dr hab. Grzegorz Przebinda <\/a><\/td><td>poniedzia\u0142ek tyg. A,<br> tyg. B poniedzia\u0142ek &#8211; zdalnie<\/td><td>14.30-16.00<br>14.30-16.00 <\/td><td class=\"has-text-align-center\" data-align=\"center\">Turasz\u00f3wka s. 2A<\/td><\/tr><tr><td><a href=\"https:\/\/pans.krosno.pl\/pracownicy\/kazimierz-sikora\/\" target=\"_blank\" rel=\"noreferrer noopener\">prof. dr hab. Kazimierz Sikora<\/a><\/td><td><br>czwartek<br><\/td><td><br><\/td><td class=\"has-text-align-center\" data-align=\"center\">KW8-12<\/td><\/tr><tr><td><a href=\"https:\/\/pans.krosno.pl\/pracownicy\/joanna-kulakowska-lis\/\" target=\"_blank\" rel=\"noreferrer noopener\">dr hab<\/a>.,<a href=\"https:\/\/pans.krosno.pl\/pracownicy\/joanna-kulakowska-lis\/\" target=\"_blank\" rel=\"noreferrer noopener\"> prof. PANS W\u0142adys\u0142aw Ch\u0142opicki<\/a><\/td><td>czwartek<\/td><td>15.30-17.30<\/td><td class=\"has-text-align-center\" data-align=\"center\">MsTeams, by appointment<br><\/td><\/tr><tr><td><a href=\"https:\/\/pans.krosno.pl\/pracownicy\/leszek-habrat\/\">dr Leszek Habrat<\/a><\/td><td>poniedzia\u0142ek<br>\u015broda<\/td><td>10.30-11.30<br>9.30-10.30<\/td><td class=\"has-text-align-center\" data-align=\"center\">KW8-7<\/td><\/tr><tr><td><a href=\"https:\/\/pans.krosno.pl\/pracownicy\/joanna-kulakowska-lis\/\">dr Joanna Ku\u0142akowska-Lis<\/a><br><\/td><td>wtorek<br>\u015broda<br><\/td><td>16.45-17.15<br>15.00-15.30<br><br><\/td><td class=\"has-text-align-center\" data-align=\"center\">KW8-2<br>KW4-14<\/td><\/tr><tr><td><a href=\"https:\/\/pans.krosno.pl\/pracownicy\/dorota-mihulka\/\">dr Dorota Mihu\u0142ka<\/a><\/td><td>wtorek<\/td><td>9.30-11.30<\/td><td class=\"has-text-align-center\" data-align=\"center\">KW4-1, by appointment<\/td><\/tr><tr><td><a href=\"https:\/\/pans.krosno.pl\/pracownicy\/dorota-rygiel\/\">dr Dorota Rygiel<\/a><\/td><td>poniedzia\u0142ek<\/td><td>16.30-18.30<\/td><td class=\"has-text-align-center\" data-align=\"center\">by appointment<\/td><\/tr><tr><td><a href=\"https:\/\/pans.krosno.pl\/pracownicy\/roberto-martinez\/\">mgr Roberto Martinez Zabala<\/a><\/td><td>\u015broda<\/td><td>7.45-9.45<\/td><td class=\"has-text-align-center\" data-align=\"center\">KW4-1<\/td><\/tr><tr><td>mgr Pawe\u0142 W\u0119grzyn<\/td><td>czwartek<\/td><td>9.30-11.30<\/td><td class=\"has-text-align-center\" data-align=\"center\">KW4-1<\/td><\/tr><tr><td><a href=\"https:\/\/pans.krosno.pl\/pracownicy\/teresa-przyprawa\/\">mgr Teresa Przyprawa<\/a><\/td><td>poniedzia\u0142ek<br>\u015broda<\/td><td>9.15-10.30<br>9.00-9.45<\/td><td class=\"has-text-align-center\" data-align=\"center\">KW8-14<\/td><\/tr><tr><td>mgr Aleksandra Brzana<\/td><td>czwartek<br>pi\u0105tek<\/td><td>7.45-8.45<br>12.15-13.15<\/td><td class=\"has-text-align-center\" data-align=\"center\">KW4-1<\/td><\/tr><tr><td><a href=\"https:\/\/pans.krosno.pl\/pracownicy\/malgorzata-gorka\/\">dr Ma\u0142gorzata G\u00f3rka<\/a><\/td><td>poniedzia\u0142ek<\/td><td>11.00-13.00<\/td><td class=\"has-text-align-center\" data-align=\"center\">KW4-23<\/td><\/tr><tr><td><a href=\"https:\/\/pans.krosno.pl\/pracownicy\/anna-slowik\/\">dr Anna S\u0142owik-Ciekli\u0144ska<\/a><\/td><td>wtorek<\/td><td>13.45-16.45 tyg. A<\/td><td class=\"has-text-align-center\" data-align=\"center\">Turasz\u00f3wka, s. 110 B<\/td><\/tr><tr><td><a href=\"https:\/\/pans.krosno.pl\/pracownicy\/joanna-kocur\/\">mgr Joanna Kocur<\/a><\/td><td>poniedzia\u0142ek<br>\u015broda<\/td><td>12.45-13.45<br>10.30-11.30<\/td><td class=\"has-text-align-center\" data-align=\"center\">KW6<br>Turasz\u00f3wka, s. 5 C<\/td><\/tr><tr><td><a href=\"https:\/\/pans.krosno.pl\/pracownicy\/elzbieta-bragiel\/\">mgr in\u017c. El\u017cbieta Br\u0105giel<\/a><\/td><td>Wtorek<br>3,03,, 14,04., 28,04., 12,05., 26,05.<br>Czwartek A<br>Sobota A<br>28.02., 14.03., 28.03., 11.04., 25.04.<br>Sobota A<br>14.03., 28.03., 11.04.,<br>Pi\u0105tek B<\/td><td>14.45-15.45<br><br><br>9.00-9.45<br>11.00-12.00<br><br>19.15-20.00<br><br>15.00-16.30<\/td><td class=\"has-text-align-center\" data-align=\"center\">Ul. Kazimierza Wielkiego 6, sala 5<br>Turasz\u00f3wka<br>ul. Wyspia\u0144skiego<br>ul. Dmochowskiego, A1, s.28<br>Turasz\u00f3wka<br>ul. Wyspia\u0144skiego<br>ul. Dmochowskiego, A1, s.28<\/td><\/tr><tr><td><a href=\"https:\/\/pans.krosno.pl\/pracownicy\/katarzyna-kotowska\/\">mgr Katarzyna Kotowska<\/a><\/td><td>\u015broda<\/td><td>11.00-12.30<\/td><td class=\"has-text-align-center\" data-align=\"center\">KW8-10<\/td><\/tr><\/tbody><\/table><\/figure>\n<\/div>\n<\/div>\n\n\n\n<p>Bezp\u0142atne konsultacje psychologiczne (mgr Katarzyna Kotowska) \u015broda 17.15-18.15. KW8-10<\/p>\n","protected":false},"excerpt":{"rendered":"<p>Zak\u0142ad Studi\u00f3w Dwuj\u0119zykowychKonsultacje w trakcie semestru letniego 2025\/2026 Imi\u0119 i Nazwisko Dzie\u0144 Godzina Miejsce dr Joanna Ziobro(Dyrektor Instytutu Humanistycznego) czwartekpi\u0105tek 14.45p15.3014.00-15.15 KW8-15 (gabinet dyrektora IH) mgr Anna Hycnar (kierownik zak\u0142adu oraz opiekun praktyk) wtorek 13.00-15.00 KW8-7 prof. dr hab. Grzegorz Przebinda poniedzia\u0142ek tyg. A, tyg. B poniedzia\u0142ek &#8211; zdalnie 14.30-16.0014.30-16.00 [\u2026] <\/p>\n<div class=\"clear\"><\/div>\n<p><a class=\"more_link clearfix\" href=\"https:\/\/pans.krosno.pl\/dsdt\/dyzury-pracownikow\/\" rel=\"nofollow\">Read More<\/a><\/p>\n","protected":false},"author":27,"featured_media":0,"parent":0,"menu_order":0,"comment_status":"closed","ping_status":"closed","template":"page-templates\/template-full-width.php","meta":{"ngg_post_thumbnail":0,"footnotes":""},"class_list":["post-18","page","type-page","status-publish","hentry"],"yoast_head":"<!-- This site is optimized with the Yoast SEO Premium plugin v27.3 (Yoast SEO v27.3) - https:\/\/yoast.com\/product\/yoast-seo-premium-wordpress\/ -->\n<title>Dy\u017cury pracownik\u00f3w - Dwuj\u0119zykowe Studia dla T\u0142umaczy PANS w Kro\u015bnie<\/title>\n<meta name=\"description\" content=\"Zak\u0142ad Komunikacji Mi\u0119dzykulturowejKonsultacje w semestrze letnim 2019\/2020\" \/>\n<meta name=\"robots\" content=\"index, follow, max-snippet:-1, max-image-preview:large, max-video-preview:-1\" \/>\n<link rel=\"canonical\" href=\"https:\/\/pans.krosno.pl\/dsdt\/dyzury-pracownikow\/\" \/>\n<meta property=\"og:locale\" content=\"pl_PL\" \/>\n<meta property=\"og:type\" content=\"article\" \/>\n<meta property=\"og:title\" content=\"Dy\u017cury pracownik\u00f3w\" \/>\n<meta property=\"og:description\" content=\"Zak\u0142ad Komunikacji Mi\u0119dzykulturowejKonsultacje w semestrze letnim 2019\/2020\" \/>\n<meta property=\"og:url\" content=\"https:\/\/pans.krosno.pl\/dsdt\/dyzury-pracownikow\/\" \/>\n<meta property=\"og:site_name\" content=\"Dwuj\u0119zykowe Studia dla T\u0142umaczy PANS w Kro\u015bnie\" \/>\n<meta property=\"article:modified_time\" content=\"2026-03-10T12:07:11+00:00\" \/>\n<meta name=\"twitter:card\" content=\"summary_large_image\" \/>\n<meta name=\"twitter:label1\" content=\"Szacowany czas czytania\" \/>\n\t<meta name=\"twitter:data1\" content=\"2 minuty\" \/>\n<script type=\"application\/ld+json\" class=\"yoast-schema-graph\">{\"@context\":\"https:\\\/\\\/schema.org\",\"@graph\":[{\"@type\":\"WebPage\",\"@id\":\"https:\\\/\\\/pans.krosno.pl\\\/dsdt\\\/dyzury-pracownikow\\\/\",\"url\":\"https:\\\/\\\/pans.krosno.pl\\\/dsdt\\\/dyzury-pracownikow\\\/\",\"name\":\"Dy\u017cury pracownik\u00f3w - Dwuj\u0119zykowe Studia dla T\u0142umaczy PANS w Kro\u015bnie\",\"isPartOf\":{\"@id\":\"https:\\\/\\\/pans.krosno.pl\\\/dsdt\\\/#website\"},\"datePublished\":\"2019-11-07T14:36:22+00:00\",\"dateModified\":\"2026-03-10T12:07:11+00:00\",\"description\":\"Zak\u0142ad Komunikacji Mi\u0119dzykulturowejKonsultacje w semestrze letnim 2019\\\/2020\",\"breadcrumb\":{\"@id\":\"https:\\\/\\\/pans.krosno.pl\\\/dsdt\\\/dyzury-pracownikow\\\/#breadcrumb\"},\"inLanguage\":\"pl-PL\",\"potentialAction\":[{\"@type\":\"ReadAction\",\"target\":[\"https:\\\/\\\/pans.krosno.pl\\\/dsdt\\\/dyzury-pracownikow\\\/\"]}]},{\"@type\":\"BreadcrumbList\",\"@id\":\"https:\\\/\\\/pans.krosno.pl\\\/dsdt\\\/dyzury-pracownikow\\\/#breadcrumb\",\"itemListElement\":[{\"@type\":\"ListItem\",\"position\":1,\"name\":\"Strona g\u0142\u00f3wna\",\"item\":\"https:\\\/\\\/pans.krosno.pl\\\/dsdt\\\/\"},{\"@type\":\"ListItem\",\"position\":2,\"name\":\"Dy\u017cury pracownik\u00f3w\"}]},{\"@type\":\"WebSite\",\"@id\":\"https:\\\/\\\/pans.krosno.pl\\\/dsdt\\\/#website\",\"url\":\"https:\\\/\\\/pans.krosno.pl\\\/dsdt\\\/\",\"name\":\"Dwuj\u0119zykowe Studia dla T\u0142umaczy PANS w Kro\u015bnie\",\"description\":\"Dwuj\u0119zykowe Studia dla T\u0142umaczy - Pa\u0144stwowa Akademia Nauk Stosowanych\",\"publisher\":{\"@id\":\"https:\\\/\\\/pans.krosno.pl\\\/dsdt\\\/#organization\"},\"potentialAction\":[{\"@type\":\"SearchAction\",\"target\":{\"@type\":\"EntryPoint\",\"urlTemplate\":\"https:\\\/\\\/pans.krosno.pl\\\/dsdt\\\/?s={search_term_string}\"},\"query-input\":{\"@type\":\"PropertyValueSpecification\",\"valueRequired\":true,\"valueName\":\"search_term_string\"}}],\"inLanguage\":\"pl-PL\"},{\"@type\":\"Organization\",\"@id\":\"https:\\\/\\\/pans.krosno.pl\\\/dsdt\\\/#organization\",\"name\":\"Dwuj\u0119zykowe Studia dla T\u0142umaczy PANS w Kro\u015bnie\",\"url\":\"https:\\\/\\\/pans.krosno.pl\\\/dsdt\\\/\",\"logo\":{\"@type\":\"ImageObject\",\"inLanguage\":\"pl-PL\",\"@id\":\"https:\\\/\\\/pans.krosno.pl\\\/dsdt\\\/#\\\/schema\\\/logo\\\/image\\\/\",\"url\":\"https:\\\/\\\/pans.krosno.pl\\\/dsdt\\\/wp-content\\\/uploads\\\/sites\\\/27\\\/2023\\\/01\\\/Logo-PANS-2022-pelne.png\",\"contentUrl\":\"https:\\\/\\\/pans.krosno.pl\\\/dsdt\\\/wp-content\\\/uploads\\\/sites\\\/27\\\/2023\\\/01\\\/Logo-PANS-2022-pelne.png\",\"width\":3096,\"height\":696,\"caption\":\"Dwuj\u0119zykowe Studia dla T\u0142umaczy PANS w Kro\u015bnie\"},\"image\":{\"@id\":\"https:\\\/\\\/pans.krosno.pl\\\/dsdt\\\/#\\\/schema\\\/logo\\\/image\\\/\"}}]}<\/script>\n<!-- \/ Yoast SEO Premium plugin. -->","yoast_head_json":{"title":"Dy\u017cury pracownik\u00f3w - Dwuj\u0119zykowe Studia dla T\u0142umaczy PANS w Kro\u015bnie","description":"Zak\u0142ad Komunikacji Mi\u0119dzykulturowejKonsultacje w semestrze letnim 2019\/2020","robots":{"index":"index","follow":"follow","max-snippet":"max-snippet:-1","max-image-preview":"max-image-preview:large","max-video-preview":"max-video-preview:-1"},"canonical":"https:\/\/pans.krosno.pl\/dsdt\/dyzury-pracownikow\/","og_locale":"pl_PL","og_type":"article","og_title":"Dy\u017cury pracownik\u00f3w","og_description":"Zak\u0142ad Komunikacji Mi\u0119dzykulturowejKonsultacje w semestrze letnim 2019\/2020","og_url":"https:\/\/pans.krosno.pl\/dsdt\/dyzury-pracownikow\/","og_site_name":"Dwuj\u0119zykowe Studia dla T\u0142umaczy PANS w Kro\u015bnie","article_modified_time":"2026-03-10T12:07:11+00:00","twitter_card":"summary_large_image","twitter_misc":{"Szacowany czas czytania":"2 minuty"},"schema":{"@context":"https:\/\/schema.org","@graph":[{"@type":"WebPage","@id":"https:\/\/pans.krosno.pl\/dsdt\/dyzury-pracownikow\/","url":"https:\/\/pans.krosno.pl\/dsdt\/dyzury-pracownikow\/","name":"Dy\u017cury pracownik\u00f3w - Dwuj\u0119zykowe Studia dla T\u0142umaczy PANS w Kro\u015bnie","isPartOf":{"@id":"https:\/\/pans.krosno.pl\/dsdt\/#website"},"datePublished":"2019-11-07T14:36:22+00:00","dateModified":"2026-03-10T12:07:11+00:00","description":"Zak\u0142ad Komunikacji Mi\u0119dzykulturowejKonsultacje w semestrze letnim 2019\/2020","breadcrumb":{"@id":"https:\/\/pans.krosno.pl\/dsdt\/dyzury-pracownikow\/#breadcrumb"},"inLanguage":"pl-PL","potentialAction":[{"@type":"ReadAction","target":["https:\/\/pans.krosno.pl\/dsdt\/dyzury-pracownikow\/"]}]},{"@type":"BreadcrumbList","@id":"https:\/\/pans.krosno.pl\/dsdt\/dyzury-pracownikow\/#breadcrumb","itemListElement":[{"@type":"ListItem","position":1,"name":"Strona g\u0142\u00f3wna","item":"https:\/\/pans.krosno.pl\/dsdt\/"},{"@type":"ListItem","position":2,"name":"Dy\u017cury pracownik\u00f3w"}]},{"@type":"WebSite","@id":"https:\/\/pans.krosno.pl\/dsdt\/#website","url":"https:\/\/pans.krosno.pl\/dsdt\/","name":"Dwuj\u0119zykowe Studia dla T\u0142umaczy PANS w Kro\u015bnie","description":"Dwuj\u0119zykowe Studia dla T\u0142umaczy - Pa\u0144stwowa Akademia Nauk Stosowanych","publisher":{"@id":"https:\/\/pans.krosno.pl\/dsdt\/#organization"},"potentialAction":[{"@type":"SearchAction","target":{"@type":"EntryPoint","urlTemplate":"https:\/\/pans.krosno.pl\/dsdt\/?s={search_term_string}"},"query-input":{"@type":"PropertyValueSpecification","valueRequired":true,"valueName":"search_term_string"}}],"inLanguage":"pl-PL"},{"@type":"Organization","@id":"https:\/\/pans.krosno.pl\/dsdt\/#organization","name":"Dwuj\u0119zykowe Studia dla T\u0142umaczy PANS w Kro\u015bnie","url":"https:\/\/pans.krosno.pl\/dsdt\/","logo":{"@type":"ImageObject","inLanguage":"pl-PL","@id":"https:\/\/pans.krosno.pl\/dsdt\/#\/schema\/logo\/image\/","url":"https:\/\/pans.krosno.pl\/dsdt\/wp-content\/uploads\/sites\/27\/2023\/01\/Logo-PANS-2022-pelne.png","contentUrl":"https:\/\/pans.krosno.pl\/dsdt\/wp-content\/uploads\/sites\/27\/2023\/01\/Logo-PANS-2022-pelne.png","width":3096,"height":696,"caption":"Dwuj\u0119zykowe Studia dla T\u0142umaczy PANS w Kro\u015bnie"},"image":{"@id":"https:\/\/pans.krosno.pl\/dsdt\/#\/schema\/logo\/image\/"}}]}},"_links":{"self":[{"href":"https:\/\/pans.krosno.pl\/dsdt\/wp-json\/wp\/v2\/pages\/18","targetHints":{"allow":["GET"]}}],"collection":[{"href":"https:\/\/pans.krosno.pl\/dsdt\/wp-json\/wp\/v2\/pages"}],"about":[{"href":"https:\/\/pans.krosno.pl\/dsdt\/wp-json\/wp\/v2\/types\/page"}],"author":[{"embeddable":true,"href":"https:\/\/pans.krosno.pl\/dsdt\/wp-json\/wp\/v2\/users\/27"}],"replies":[{"embeddable":true,"href":"https:\/\/pans.krosno.pl\/dsdt\/wp-json\/wp\/v2\/comments?post=18"}],"version-history":[{"count":189,"href":"https:\/\/pans.krosno.pl\/dsdt\/wp-json\/wp\/v2\/pages\/18\/revisions"}],"predecessor-version":[{"id":4327,"href":"https:\/\/pans.krosno.pl\/dsdt\/wp-json\/wp\/v2\/pages\/18\/revisions\/4327"}],"wp:attachment":[{"href":"https:\/\/pans.krosno.pl\/dsdt\/wp-json\/wp\/v2\/media?parent=18"}],"curies":[{"name":"wp","href":"https:\/\/api.w.org\/{rel}","templated":true}]}}