{"id":50,"date":"2026-04-08T12:44:38","date_gmt":"2026-04-08T11:44:38","guid":{"rendered":"https:\/\/pans.krosno.pl\/czasopisma\/?page_id=50"},"modified":"2026-04-08T12:44:38","modified_gmt":"2026-04-08T11:44:38","slug":"herbalism-etyka-wydawnicza","status":"publish","type":"page","link":"https:\/\/pans.krosno.pl\/czasopisma\/herbalism-etyka-wydawnicza\/","title":{"rendered":"HERBALISM &#8211; etyka wydawnicza"},"content":{"rendered":"","protected":false},"excerpt":{"rendered":"","protected":false},"author":27,"featured_media":0,"parent":0,"menu_order":0,"comment_status":"closed","ping_status":"closed","template":"","meta":{"ngg_post_thumbnail":0,"footnotes":""},"class_list":["post-50","page","type-page","status-publish","hentry"],"yoast_head":"<!-- This site is optimized with the Yoast SEO Premium plugin v27.3 (Yoast SEO v27.3) - https:\/\/yoast.com\/product\/yoast-seo-premium-wordpress\/ -->\n<title>HERBALISM - etyka wydawnicza - Polskiego Towarzystwa Zielarzy i Fitoterapeut\u00f3w<\/title>\n<meta name=\"robots\" content=\"index, follow, max-snippet:-1, max-image-preview:large, max-video-preview:-1\" \/>\n<link rel=\"canonical\" href=\"https:\/\/pans.krosno.pl\/czasopisma\/herbalism-etyka-wydawnicza\/\" \/>\n<meta property=\"og:locale\" content=\"pl_PL\" \/>\n<meta property=\"og:type\" content=\"article\" \/>\n<meta property=\"og:title\" content=\"HERBALISM - etyka wydawnicza\" \/>\n<meta property=\"og:url\" content=\"https:\/\/pans.krosno.pl\/czasopisma\/herbalism-etyka-wydawnicza\/\" \/>\n<meta property=\"og:site_name\" content=\"Polskiego Towarzystwa Zielarzy i Fitoterapeut\u00f3w\" \/>\n<meta property=\"article:publisher\" content=\"https:\/\/www.facebook.com\/StudiaKrosno\/\" \/>\n<meta name=\"twitter:card\" content=\"summary_large_image\" \/>\n<script type=\"application\/ld+json\" class=\"yoast-schema-graph\">{\"@context\":\"https:\\\/\\\/schema.org\",\"@graph\":[{\"@type\":\"WebPage\",\"@id\":\"https:\\\/\\\/pans.krosno.pl\\\/czasopisma\\\/herbalism-etyka-wydawnicza\\\/\",\"url\":\"https:\\\/\\\/pans.krosno.pl\\\/czasopisma\\\/herbalism-etyka-wydawnicza\\\/\",\"name\":\"HERBALISM - etyka wydawnicza - Polskiego Towarzystwa Zielarzy i Fitoterapeut\u00f3w\",\"isPartOf\":{\"@id\":\"https:\\\/\\\/pans.krosno.pl\\\/czasopisma\\\/#website\"},\"datePublished\":\"2026-04-08T11:44:38+00:00\",\"breadcrumb\":{\"@id\":\"https:\\\/\\\/pans.krosno.pl\\\/czasopisma\\\/herbalism-etyka-wydawnicza\\\/#breadcrumb\"},\"inLanguage\":\"pl-PL\",\"potentialAction\":[{\"@type\":\"ReadAction\",\"target\":[\"https:\\\/\\\/pans.krosno.pl\\\/czasopisma\\\/herbalism-etyka-wydawnicza\\\/\"]}]},{\"@type\":\"BreadcrumbList\",\"@id\":\"https:\\\/\\\/pans.krosno.pl\\\/czasopisma\\\/herbalism-etyka-wydawnicza\\\/#breadcrumb\",\"itemListElement\":[{\"@type\":\"ListItem\",\"position\":1,\"name\":\"Strona g\u0142\u00f3wna\",\"item\":\"https:\\\/\\\/pans.krosno.pl\\\/czasopisma\\\/\"},{\"@type\":\"ListItem\",\"position\":2,\"name\":\"HERBALISM &#8211; etyka wydawnicza\"}]},{\"@type\":\"WebSite\",\"@id\":\"https:\\\/\\\/pans.krosno.pl\\\/czasopisma\\\/#website\",\"url\":\"https:\\\/\\\/pans.krosno.pl\\\/czasopisma\\\/\",\"name\":\"PANS w Kro\u015bnie\",\"description\":\"\",\"publisher\":{\"@id\":\"https:\\\/\\\/pans.krosno.pl\\\/czasopisma\\\/#organization\"},\"alternateName\":\"PANS Krosno\",\"potentialAction\":[{\"@type\":\"SearchAction\",\"target\":{\"@type\":\"EntryPoint\",\"urlTemplate\":\"https:\\\/\\\/pans.krosno.pl\\\/czasopisma\\\/?s={search_term_string}\"},\"query-input\":{\"@type\":\"PropertyValueSpecification\",\"valueRequired\":true,\"valueName\":\"search_term_string\"}}],\"inLanguage\":\"pl-PL\"},{\"@type\":\"Organization\",\"@id\":\"https:\\\/\\\/pans.krosno.pl\\\/czasopisma\\\/#organization\",\"name\":\"Pa\u0144stwowa Akademia Nauk Stosowanych w Kro\u015bnie\",\"alternateName\":\"PANS Krosno\",\"url\":\"https:\\\/\\\/pans.krosno.pl\\\/czasopisma\\\/\",\"logo\":{\"@type\":\"ImageObject\",\"inLanguage\":\"pl-PL\",\"@id\":\"https:\\\/\\\/pans.krosno.pl\\\/czasopisma\\\/#\\\/schema\\\/logo\\\/image\\\/\",\"url\":\"https:\\\/\\\/pans.krosno.pl\\\/wp-content\\\/uploads\\\/2023\\\/01\\\/Logo-PANS-2022-pelne-2-scaled.jpg\",\"contentUrl\":\"https:\\\/\\\/pans.krosno.pl\\\/wp-content\\\/uploads\\\/2023\\\/01\\\/Logo-PANS-2022-pelne-2-scaled.jpg\",\"width\":2560,\"height\":576,\"caption\":\"Pa\u0144stwowa Akademia Nauk Stosowanych w Kro\u015bnie\"},\"image\":{\"@id\":\"https:\\\/\\\/pans.krosno.pl\\\/czasopisma\\\/#\\\/schema\\\/logo\\\/image\\\/\"},\"sameAs\":[\"https:\\\/\\\/www.facebook.com\\\/StudiaKrosno\\\/\",\"https:\\\/\\\/www.instagram.com\\\/pans.krosno\\\/\",\"https:\\\/\\\/pl.linkedin.com\\\/company\\\/pwsz-krosno\",\"https:\\\/\\\/www.youtube.com\\\/user\\\/pwszkrosno\\\/\",\"https:\\\/\\\/pl.wikipedia.org\\\/wiki\\\/Pa\u0144stwowa_Wy\u017csza_Szko\u0142a_Zawodowa_im._Stanis\u0142awa_Pigonia_w_Kro\u015bnie\"]}]}<\/script>\n<!-- \/ Yoast SEO Premium plugin. -->","yoast_head_json":{"title":"HERBALISM - etyka wydawnicza - Polskiego Towarzystwa Zielarzy i Fitoterapeut\u00f3w","robots":{"index":"index","follow":"follow","max-snippet":"max-snippet:-1","max-image-preview":"max-image-preview:large","max-video-preview":"max-video-preview:-1"},"canonical":"https:\/\/pans.krosno.pl\/czasopisma\/herbalism-etyka-wydawnicza\/","og_locale":"pl_PL","og_type":"article","og_title":"HERBALISM - etyka wydawnicza","og_url":"https:\/\/pans.krosno.pl\/czasopisma\/herbalism-etyka-wydawnicza\/","og_site_name":"Polskiego Towarzystwa Zielarzy i Fitoterapeut\u00f3w","article_publisher":"https:\/\/www.facebook.com\/StudiaKrosno\/","twitter_card":"summary_large_image","schema":{"@context":"https:\/\/schema.org","@graph":[{"@type":"WebPage","@id":"https:\/\/pans.krosno.pl\/czasopisma\/herbalism-etyka-wydawnicza\/","url":"https:\/\/pans.krosno.pl\/czasopisma\/herbalism-etyka-wydawnicza\/","name":"HERBALISM - etyka wydawnicza - Polskiego Towarzystwa Zielarzy i Fitoterapeut\u00f3w","isPartOf":{"@id":"https:\/\/pans.krosno.pl\/czasopisma\/#website"},"datePublished":"2026-04-08T11:44:38+00:00","breadcrumb":{"@id":"https:\/\/pans.krosno.pl\/czasopisma\/herbalism-etyka-wydawnicza\/#breadcrumb"},"inLanguage":"pl-PL","potentialAction":[{"@type":"ReadAction","target":["https:\/\/pans.krosno.pl\/czasopisma\/herbalism-etyka-wydawnicza\/"]}]},{"@type":"BreadcrumbList","@id":"https:\/\/pans.krosno.pl\/czasopisma\/herbalism-etyka-wydawnicza\/#breadcrumb","itemListElement":[{"@type":"ListItem","position":1,"name":"Strona g\u0142\u00f3wna","item":"https:\/\/pans.krosno.pl\/czasopisma\/"},{"@type":"ListItem","position":2,"name":"HERBALISM &#8211; etyka wydawnicza"}]},{"@type":"WebSite","@id":"https:\/\/pans.krosno.pl\/czasopisma\/#website","url":"https:\/\/pans.krosno.pl\/czasopisma\/","name":"PANS w Kro\u015bnie","description":"","publisher":{"@id":"https:\/\/pans.krosno.pl\/czasopisma\/#organization"},"alternateName":"PANS Krosno","potentialAction":[{"@type":"SearchAction","target":{"@type":"EntryPoint","urlTemplate":"https:\/\/pans.krosno.pl\/czasopisma\/?s={search_term_string}"},"query-input":{"@type":"PropertyValueSpecification","valueRequired":true,"valueName":"search_term_string"}}],"inLanguage":"pl-PL"},{"@type":"Organization","@id":"https:\/\/pans.krosno.pl\/czasopisma\/#organization","name":"Pa\u0144stwowa Akademia Nauk Stosowanych w Kro\u015bnie","alternateName":"PANS Krosno","url":"https:\/\/pans.krosno.pl\/czasopisma\/","logo":{"@type":"ImageObject","inLanguage":"pl-PL","@id":"https:\/\/pans.krosno.pl\/czasopisma\/#\/schema\/logo\/image\/","url":"https:\/\/pans.krosno.pl\/wp-content\/uploads\/2023\/01\/Logo-PANS-2022-pelne-2-scaled.jpg","contentUrl":"https:\/\/pans.krosno.pl\/wp-content\/uploads\/2023\/01\/Logo-PANS-2022-pelne-2-scaled.jpg","width":2560,"height":576,"caption":"Pa\u0144stwowa Akademia Nauk Stosowanych w Kro\u015bnie"},"image":{"@id":"https:\/\/pans.krosno.pl\/czasopisma\/#\/schema\/logo\/image\/"},"sameAs":["https:\/\/www.facebook.com\/StudiaKrosno\/","https:\/\/www.instagram.com\/pans.krosno\/","https:\/\/pl.linkedin.com\/company\/pwsz-krosno","https:\/\/www.youtube.com\/user\/pwszkrosno\/","https:\/\/pl.wikipedia.org\/wiki\/Pa\u0144stwowa_Wy\u017csza_Szko\u0142a_Zawodowa_im._Stanis\u0142awa_Pigonia_w_Kro\u015bnie"]}]}},"_links":{"self":[{"href":"https:\/\/pans.krosno.pl\/czasopisma\/wp-json\/wp\/v2\/pages\/50","targetHints":{"allow":["GET"]}}],"collection":[{"href":"https:\/\/pans.krosno.pl\/czasopisma\/wp-json\/wp\/v2\/pages"}],"about":[{"href":"https:\/\/pans.krosno.pl\/czasopisma\/wp-json\/wp\/v2\/types\/page"}],"author":[{"embeddable":true,"href":"https:\/\/pans.krosno.pl\/czasopisma\/wp-json\/wp\/v2\/users\/27"}],"replies":[{"embeddable":true,"href":"https:\/\/pans.krosno.pl\/czasopisma\/wp-json\/wp\/v2\/comments?post=50"}],"version-history":[{"count":1,"href":"https:\/\/pans.krosno.pl\/czasopisma\/wp-json\/wp\/v2\/pages\/50\/revisions"}],"predecessor-version":[{"id":56,"href":"https:\/\/pans.krosno.pl\/czasopisma\/wp-json\/wp\/v2\/pages\/50\/revisions\/56"}],"wp:attachment":[{"href":"https:\/\/pans.krosno.pl\/czasopisma\/wp-json\/wp\/v2\/media?parent=50"}],"curies":[{"name":"wp","href":"https:\/\/api.w.org\/{rel}","templated":true}]}}