{"id":2,"date":"2025-03-18T10:01:05","date_gmt":"2025-03-18T10:01:05","guid":{"rendered":"https:\/\/pans.krosno.pl\/ptzif\/?page_id=2"},"modified":"2026-04-08T14:45:12","modified_gmt":"2026-04-08T13:45:12","slug":"sample-page","status":"publish","type":"page","link":"https:\/\/pans.krosno.pl\/czasopisma\/","title":{"rendered":"Strona g\u0142\u00f3wna"},"content":{"rendered":"\n<p class=\"has-text-align-center has-large-font-size\"><strong>Czasopisma PANS w Kro\u015bnie<\/strong><\/p>\n\n\n\n<div class=\"wp-block-columns is-layout-flex wp-container-core-columns-is-layout-28f84493 wp-block-columns-is-layout-flex\">\n<div class=\"wp-block-column is-layout-flow wp-block-column-is-layout-flow\">\n<figure class=\"wp-block-image size-large\"><a href=\"https:\/\/pans.krosno.pl\/czasopisma\/studia-pigoniana\/\"><img loading=\"lazy\" decoding=\"async\" width=\"1024\" height=\"485\" src=\"https:\/\/pans.krosno.pl\/czasopisma\/wp-content\/uploads\/sites\/67\/2026\/04\/image-1024x485.png\" alt=\"\" class=\"wp-image-29\" srcset=\"https:\/\/pans.krosno.pl\/czasopisma\/wp-content\/uploads\/sites\/67\/2026\/04\/image-1024x485.png 1024w, https:\/\/pans.krosno.pl\/czasopisma\/wp-content\/uploads\/sites\/67\/2026\/04\/image-300x142.png 300w, https:\/\/pans.krosno.pl\/czasopisma\/wp-content\/uploads\/sites\/67\/2026\/04\/image-768x363.png 768w, https:\/\/pans.krosno.pl\/czasopisma\/wp-content\/uploads\/sites\/67\/2026\/04\/image-800x379.png 800w, https:\/\/pans.krosno.pl\/czasopisma\/wp-content\/uploads\/sites\/67\/2026\/04\/image-580x274.png 580w, https:\/\/pans.krosno.pl\/czasopisma\/wp-content\/uploads\/sites\/67\/2026\/04\/image.png 1192w\" sizes=\"auto, (max-width: 1024px) 100vw, 1024px\" \/><\/a><\/figure>\n<\/div>\n\n\n\n<div class=\"wp-block-column is-layout-flow wp-block-column-is-layout-flow\">\n<figure class=\"wp-block-image size-large\"><a href=\"https:\/\/pans.krosno.pl\/czasopisma\/herbalism\/\"><img loading=\"lazy\" decoding=\"async\" width=\"1024\" height=\"487\" src=\"https:\/\/pans.krosno.pl\/czasopisma\/wp-content\/uploads\/sites\/67\/2026\/04\/image-1-1024x487.png\" alt=\"\" class=\"wp-image-30\" srcset=\"https:\/\/pans.krosno.pl\/czasopisma\/wp-content\/uploads\/sites\/67\/2026\/04\/image-1-1024x487.png 1024w, https:\/\/pans.krosno.pl\/czasopisma\/wp-content\/uploads\/sites\/67\/2026\/04\/image-1-300x143.png 300w, https:\/\/pans.krosno.pl\/czasopisma\/wp-content\/uploads\/sites\/67\/2026\/04\/image-1-768x365.png 768w, https:\/\/pans.krosno.pl\/czasopisma\/wp-content\/uploads\/sites\/67\/2026\/04\/image-1-800x380.png 800w, https:\/\/pans.krosno.pl\/czasopisma\/wp-content\/uploads\/sites\/67\/2026\/04\/image-1-580x276.png 580w, https:\/\/pans.krosno.pl\/czasopisma\/wp-content\/uploads\/sites\/67\/2026\/04\/image-1.png 1178w\" sizes=\"auto, (max-width: 1024px) 100vw, 1024px\" \/><\/a><\/figure>\n<\/div>\n<\/div>\n\n\n\n<div class=\"wp-block-columns is-layout-flex wp-container-core-columns-is-layout-28f84493 wp-block-columns-is-layout-flex\">\n<div class=\"wp-block-column is-layout-flow wp-block-column-is-layout-flow\">\n<figure class=\"wp-block-image size-full\"><img loading=\"lazy\" decoding=\"async\" width=\"1307\" height=\"647\" src=\"https:\/\/pans.krosno.pl\/czasopisma\/wp-content\/uploads\/sites\/67\/2026\/04\/image-6.png\" alt=\"\" class=\"wp-image-95\" srcset=\"https:\/\/pans.krosno.pl\/czasopisma\/wp-content\/uploads\/sites\/67\/2026\/04\/image-6.png 1307w, https:\/\/pans.krosno.pl\/czasopisma\/wp-content\/uploads\/sites\/67\/2026\/04\/image-6-300x149.png 300w, https:\/\/pans.krosno.pl\/czasopisma\/wp-content\/uploads\/sites\/67\/2026\/04\/image-6-1024x507.png 1024w, https:\/\/pans.krosno.pl\/czasopisma\/wp-content\/uploads\/sites\/67\/2026\/04\/image-6-768x380.png 768w, https:\/\/pans.krosno.pl\/czasopisma\/wp-content\/uploads\/sites\/67\/2026\/04\/image-6-800x396.png 800w, https:\/\/pans.krosno.pl\/czasopisma\/wp-content\/uploads\/sites\/67\/2026\/04\/image-6-580x287.png 580w\" sizes=\"auto, (max-width: 1307px) 100vw, 1307px\" \/><\/figure>\n<\/div>\n\n\n\n<div class=\"wp-block-column is-layout-flow wp-block-column-is-layout-flow\">\n<figure class=\"wp-block-image size-large\"><a href=\"https:\/\/sklep.krosnopans.pl\/pl\/c\/Porady-na-Zdrowie\/49\"><img loading=\"lazy\" decoding=\"async\" width=\"1024\" height=\"487\" src=\"https:\/\/pans.krosno.pl\/czasopisma\/wp-content\/uploads\/sites\/67\/2026\/04\/image-2-1024x487.png\" alt=\"\" class=\"wp-image-31\" srcset=\"https:\/\/pans.krosno.pl\/czasopisma\/wp-content\/uploads\/sites\/67\/2026\/04\/image-2-1024x487.png 1024w, https:\/\/pans.krosno.pl\/czasopisma\/wp-content\/uploads\/sites\/67\/2026\/04\/image-2-300x143.png 300w, https:\/\/pans.krosno.pl\/czasopisma\/wp-content\/uploads\/sites\/67\/2026\/04\/image-2-768x365.png 768w, https:\/\/pans.krosno.pl\/czasopisma\/wp-content\/uploads\/sites\/67\/2026\/04\/image-2-800x380.png 800w, https:\/\/pans.krosno.pl\/czasopisma\/wp-content\/uploads\/sites\/67\/2026\/04\/image-2-580x276.png 580w, https:\/\/pans.krosno.pl\/czasopisma\/wp-content\/uploads\/sites\/67\/2026\/04\/image-2.png 1178w\" sizes=\"auto, (max-width: 1024px) 100vw, 1024px\" \/><\/a><\/figure>\n<\/div>\n<\/div>\n","protected":false},"excerpt":{"rendered":"<p>Czasopisma PANS w Kro\u015bnie<\/p>\n","protected":false},"author":1,"featured_media":0,"parent":0,"menu_order":0,"comment_status":"closed","ping_status":"open","template":"page-templates\/template-full-width-without-breadcrumbs.php","meta":{"ngg_post_thumbnail":0,"footnotes":""},"class_list":["post-2","page","type-page","status-publish","hentry"],"yoast_head":"<!-- This site is optimized with the Yoast SEO Premium plugin v27.3 (Yoast SEO v27.3) - https:\/\/yoast.com\/product\/yoast-seo-premium-wordpress\/ -->\n<title>Strona g\u0142\u00f3wna - Polskiego Towarzystwa Zielarzy i Fitoterapeut\u00f3w<\/title>\n<meta name=\"robots\" content=\"index, follow, max-snippet:-1, max-image-preview:large, max-video-preview:-1\" \/>\n<link rel=\"canonical\" href=\"https:\/\/pans.krosno.pl\/czasopisma\/\" \/>\n<meta property=\"og:locale\" content=\"pl_PL\" \/>\n<meta property=\"og:type\" content=\"article\" \/>\n<meta property=\"og:title\" content=\"Strona g\u0142\u00f3wna\" \/>\n<meta property=\"og:description\" content=\"Czasopisma PANS w Kro\u015bnie\" \/>\n<meta property=\"og:url\" content=\"https:\/\/pans.krosno.pl\/czasopisma\/\" \/>\n<meta property=\"og:site_name\" content=\"Polskiego Towarzystwa Zielarzy i Fitoterapeut\u00f3w\" \/>\n<meta property=\"article:publisher\" content=\"https:\/\/www.facebook.com\/StudiaKrosno\/\" \/>\n<meta property=\"article:modified_time\" content=\"2026-04-08T13:45:12+00:00\" \/>\n<meta property=\"og:image\" content=\"https:\/\/pans.krosno.pl\/czasopisma\/wp-content\/uploads\/sites\/67\/2026\/04\/image.png\" \/>\n\t<meta property=\"og:image:width\" content=\"1192\" \/>\n\t<meta property=\"og:image:height\" content=\"564\" \/>\n\t<meta property=\"og:image:type\" content=\"image\/png\" \/>\n<meta name=\"twitter:card\" content=\"summary_large_image\" \/>\n<meta name=\"twitter:label1\" content=\"Szacowany czas czytania\" \/>\n\t<meta name=\"twitter:data1\" content=\"1 minuta\" \/>\n<script type=\"application\/ld+json\" class=\"yoast-schema-graph\">{\"@context\":\"https:\\\/\\\/schema.org\",\"@graph\":[{\"@type\":\"WebPage\",\"@id\":\"https:\\\/\\\/pans.krosno.pl\\\/czasopisma\\\/\",\"url\":\"https:\\\/\\\/pans.krosno.pl\\\/czasopisma\\\/\",\"name\":\"Strona g\u0142\u00f3wna - Polskiego Towarzystwa Zielarzy i Fitoterapeut\u00f3w\",\"isPartOf\":{\"@id\":\"https:\\\/\\\/pans.krosno.pl\\\/czasopisma\\\/#website\"},\"primaryImageOfPage\":{\"@id\":\"https:\\\/\\\/pans.krosno.pl\\\/czasopisma\\\/#primaryimage\"},\"image\":{\"@id\":\"https:\\\/\\\/pans.krosno.pl\\\/czasopisma\\\/#primaryimage\"},\"thumbnailUrl\":\"https:\\\/\\\/pans.krosno.pl\\\/czasopisma\\\/wp-content\\\/uploads\\\/sites\\\/67\\\/2026\\\/04\\\/image-1024x485.png\",\"datePublished\":\"2025-03-18T10:01:05+00:00\",\"dateModified\":\"2026-04-08T13:45:12+00:00\",\"breadcrumb\":{\"@id\":\"https:\\\/\\\/pans.krosno.pl\\\/czasopisma\\\/#breadcrumb\"},\"inLanguage\":\"pl-PL\",\"potentialAction\":[{\"@type\":\"ReadAction\",\"target\":[\"https:\\\/\\\/pans.krosno.pl\\\/czasopisma\\\/\"]}]},{\"@type\":\"ImageObject\",\"inLanguage\":\"pl-PL\",\"@id\":\"https:\\\/\\\/pans.krosno.pl\\\/czasopisma\\\/#primaryimage\",\"url\":\"https:\\\/\\\/pans.krosno.pl\\\/czasopisma\\\/wp-content\\\/uploads\\\/sites\\\/67\\\/2026\\\/04\\\/image.png\",\"contentUrl\":\"https:\\\/\\\/pans.krosno.pl\\\/czasopisma\\\/wp-content\\\/uploads\\\/sites\\\/67\\\/2026\\\/04\\\/image.png\",\"width\":1192,\"height\":564},{\"@type\":\"BreadcrumbList\",\"@id\":\"https:\\\/\\\/pans.krosno.pl\\\/czasopisma\\\/#breadcrumb\",\"itemListElement\":[{\"@type\":\"ListItem\",\"position\":1,\"name\":\"Strona g\u0142\u00f3wna\",\"item\":\"https:\\\/\\\/pans.krosno.pl\\\/czasopisma\\\/\"},{\"@type\":\"ListItem\",\"position\":2,\"name\":\"Strona g\u0142\u00f3wna\"}]},{\"@type\":\"WebSite\",\"@id\":\"https:\\\/\\\/pans.krosno.pl\\\/czasopisma\\\/#website\",\"url\":\"https:\\\/\\\/pans.krosno.pl\\\/czasopisma\\\/\",\"name\":\"PANS w Kro\u015bnie\",\"description\":\"\",\"publisher\":{\"@id\":\"https:\\\/\\\/pans.krosno.pl\\\/czasopisma\\\/#organization\"},\"alternateName\":\"PANS Krosno\",\"potentialAction\":[{\"@type\":\"SearchAction\",\"target\":{\"@type\":\"EntryPoint\",\"urlTemplate\":\"https:\\\/\\\/pans.krosno.pl\\\/czasopisma\\\/?s={search_term_string}\"},\"query-input\":{\"@type\":\"PropertyValueSpecification\",\"valueRequired\":true,\"valueName\":\"search_term_string\"}}],\"inLanguage\":\"pl-PL\"},{\"@type\":\"Organization\",\"@id\":\"https:\\\/\\\/pans.krosno.pl\\\/czasopisma\\\/#organization\",\"name\":\"Pa\u0144stwowa Akademia Nauk Stosowanych w Kro\u015bnie\",\"alternateName\":\"PANS Krosno\",\"url\":\"https:\\\/\\\/pans.krosno.pl\\\/czasopisma\\\/\",\"logo\":{\"@type\":\"ImageObject\",\"inLanguage\":\"pl-PL\",\"@id\":\"https:\\\/\\\/pans.krosno.pl\\\/czasopisma\\\/#\\\/schema\\\/logo\\\/image\\\/\",\"url\":\"https:\\\/\\\/pans.krosno.pl\\\/wp-content\\\/uploads\\\/2023\\\/01\\\/Logo-PANS-2022-pelne-2-scaled.jpg\",\"contentUrl\":\"https:\\\/\\\/pans.krosno.pl\\\/wp-content\\\/uploads\\\/2023\\\/01\\\/Logo-PANS-2022-pelne-2-scaled.jpg\",\"width\":2560,\"height\":576,\"caption\":\"Pa\u0144stwowa Akademia Nauk Stosowanych w Kro\u015bnie\"},\"image\":{\"@id\":\"https:\\\/\\\/pans.krosno.pl\\\/czasopisma\\\/#\\\/schema\\\/logo\\\/image\\\/\"},\"sameAs\":[\"https:\\\/\\\/www.facebook.com\\\/StudiaKrosno\\\/\",\"https:\\\/\\\/www.instagram.com\\\/pans.krosno\\\/\",\"https:\\\/\\\/pl.linkedin.com\\\/company\\\/pwsz-krosno\",\"https:\\\/\\\/www.youtube.com\\\/user\\\/pwszkrosno\\\/\",\"https:\\\/\\\/pl.wikipedia.org\\\/wiki\\\/Pa\u0144stwowa_Wy\u017csza_Szko\u0142a_Zawodowa_im._Stanis\u0142awa_Pigonia_w_Kro\u015bnie\"]}]}<\/script>\n<!-- \/ Yoast SEO Premium plugin. -->","yoast_head_json":{"title":"Strona g\u0142\u00f3wna - Polskiego Towarzystwa Zielarzy i Fitoterapeut\u00f3w","robots":{"index":"index","follow":"follow","max-snippet":"max-snippet:-1","max-image-preview":"max-image-preview:large","max-video-preview":"max-video-preview:-1"},"canonical":"https:\/\/pans.krosno.pl\/czasopisma\/","og_locale":"pl_PL","og_type":"article","og_title":"Strona g\u0142\u00f3wna","og_description":"Czasopisma PANS w Kro\u015bnie","og_url":"https:\/\/pans.krosno.pl\/czasopisma\/","og_site_name":"Polskiego Towarzystwa Zielarzy i Fitoterapeut\u00f3w","article_publisher":"https:\/\/www.facebook.com\/StudiaKrosno\/","article_modified_time":"2026-04-08T13:45:12+00:00","og_image":[{"width":1192,"height":564,"url":"https:\/\/pans.krosno.pl\/czasopisma\/wp-content\/uploads\/sites\/67\/2026\/04\/image.png","type":"image\/png"}],"twitter_card":"summary_large_image","twitter_misc":{"Szacowany czas czytania":"1 minuta"},"schema":{"@context":"https:\/\/schema.org","@graph":[{"@type":"WebPage","@id":"https:\/\/pans.krosno.pl\/czasopisma\/","url":"https:\/\/pans.krosno.pl\/czasopisma\/","name":"Strona g\u0142\u00f3wna - Polskiego Towarzystwa Zielarzy i Fitoterapeut\u00f3w","isPartOf":{"@id":"https:\/\/pans.krosno.pl\/czasopisma\/#website"},"primaryImageOfPage":{"@id":"https:\/\/pans.krosno.pl\/czasopisma\/#primaryimage"},"image":{"@id":"https:\/\/pans.krosno.pl\/czasopisma\/#primaryimage"},"thumbnailUrl":"https:\/\/pans.krosno.pl\/czasopisma\/wp-content\/uploads\/sites\/67\/2026\/04\/image-1024x485.png","datePublished":"2025-03-18T10:01:05+00:00","dateModified":"2026-04-08T13:45:12+00:00","breadcrumb":{"@id":"https:\/\/pans.krosno.pl\/czasopisma\/#breadcrumb"},"inLanguage":"pl-PL","potentialAction":[{"@type":"ReadAction","target":["https:\/\/pans.krosno.pl\/czasopisma\/"]}]},{"@type":"ImageObject","inLanguage":"pl-PL","@id":"https:\/\/pans.krosno.pl\/czasopisma\/#primaryimage","url":"https:\/\/pans.krosno.pl\/czasopisma\/wp-content\/uploads\/sites\/67\/2026\/04\/image.png","contentUrl":"https:\/\/pans.krosno.pl\/czasopisma\/wp-content\/uploads\/sites\/67\/2026\/04\/image.png","width":1192,"height":564},{"@type":"BreadcrumbList","@id":"https:\/\/pans.krosno.pl\/czasopisma\/#breadcrumb","itemListElement":[{"@type":"ListItem","position":1,"name":"Strona g\u0142\u00f3wna","item":"https:\/\/pans.krosno.pl\/czasopisma\/"},{"@type":"ListItem","position":2,"name":"Strona g\u0142\u00f3wna"}]},{"@type":"WebSite","@id":"https:\/\/pans.krosno.pl\/czasopisma\/#website","url":"https:\/\/pans.krosno.pl\/czasopisma\/","name":"PANS w Kro\u015bnie","description":"","publisher":{"@id":"https:\/\/pans.krosno.pl\/czasopisma\/#organization"},"alternateName":"PANS Krosno","potentialAction":[{"@type":"SearchAction","target":{"@type":"EntryPoint","urlTemplate":"https:\/\/pans.krosno.pl\/czasopisma\/?s={search_term_string}"},"query-input":{"@type":"PropertyValueSpecification","valueRequired":true,"valueName":"search_term_string"}}],"inLanguage":"pl-PL"},{"@type":"Organization","@id":"https:\/\/pans.krosno.pl\/czasopisma\/#organization","name":"Pa\u0144stwowa Akademia Nauk Stosowanych w Kro\u015bnie","alternateName":"PANS Krosno","url":"https:\/\/pans.krosno.pl\/czasopisma\/","logo":{"@type":"ImageObject","inLanguage":"pl-PL","@id":"https:\/\/pans.krosno.pl\/czasopisma\/#\/schema\/logo\/image\/","url":"https:\/\/pans.krosno.pl\/wp-content\/uploads\/2023\/01\/Logo-PANS-2022-pelne-2-scaled.jpg","contentUrl":"https:\/\/pans.krosno.pl\/wp-content\/uploads\/2023\/01\/Logo-PANS-2022-pelne-2-scaled.jpg","width":2560,"height":576,"caption":"Pa\u0144stwowa Akademia Nauk Stosowanych w Kro\u015bnie"},"image":{"@id":"https:\/\/pans.krosno.pl\/czasopisma\/#\/schema\/logo\/image\/"},"sameAs":["https:\/\/www.facebook.com\/StudiaKrosno\/","https:\/\/www.instagram.com\/pans.krosno\/","https:\/\/pl.linkedin.com\/company\/pwsz-krosno","https:\/\/www.youtube.com\/user\/pwszkrosno\/","https:\/\/pl.wikipedia.org\/wiki\/Pa\u0144stwowa_Wy\u017csza_Szko\u0142a_Zawodowa_im._Stanis\u0142awa_Pigonia_w_Kro\u015bnie"]}]}},"_links":{"self":[{"href":"https:\/\/pans.krosno.pl\/czasopisma\/wp-json\/wp\/v2\/pages\/2","targetHints":{"allow":["GET"]}}],"collection":[{"href":"https:\/\/pans.krosno.pl\/czasopisma\/wp-json\/wp\/v2\/pages"}],"about":[{"href":"https:\/\/pans.krosno.pl\/czasopisma\/wp-json\/wp\/v2\/types\/page"}],"author":[{"embeddable":true,"href":"https:\/\/pans.krosno.pl\/czasopisma\/wp-json\/wp\/v2\/users\/1"}],"replies":[{"embeddable":true,"href":"https:\/\/pans.krosno.pl\/czasopisma\/wp-json\/wp\/v2\/comments?post=2"}],"version-history":[{"count":8,"href":"https:\/\/pans.krosno.pl\/czasopisma\/wp-json\/wp\/v2\/pages\/2\/revisions"}],"predecessor-version":[{"id":96,"href":"https:\/\/pans.krosno.pl\/czasopisma\/wp-json\/wp\/v2\/pages\/2\/revisions\/96"}],"wp:attachment":[{"href":"https:\/\/pans.krosno.pl\/czasopisma\/wp-json\/wp\/v2\/media?parent=2"}],"curies":[{"name":"wp","href":"https:\/\/api.w.org\/{rel}","templated":true}]}}