{"id":760,"date":"2020-10-01T11:28:15","date_gmt":"2020-10-01T09:28:15","guid":{"rendered":"https:\/\/pans.krosno.pl\/bk\/?page_id=760"},"modified":"2023-09-20T09:55:31","modified_gmt":"2023-09-20T07:55:31","slug":"druki-na-praktyki-do-pobrania","status":"publish","type":"page","link":"https:\/\/pans.krosno.pl\/cti\/praktyki\/druki-na-praktyki-do-pobrania\/","title":{"rendered":"Druki na praktyki \u2013 do pobrania"},"content":{"rendered":"<p>Wykaz za\u0142\u0105cznik\u00f3w do Zarz\u0105dzenia 19\/23 Rektora PANS w Kro\u015bnie z dnia 5 kwietnia 2023 roku:<\/p>\n<p><a href=\"https:\/\/pans.krosno.pl\/cti\/wp-content\/uploads\/sites\/38\/2023\/04\/Zalacznik-1a-i-1b-\u2013-Skierowanie-na-praktyke-i-oswiadczenie-o-przyjeciu-na-praktyke.doc\">Za\u0142\u0105cznik 1a i 1b \u2013 Skierowanie na praktyk\u0119 i o\u015bwiadczenie o przyj\u0119ciu na praktyk\u0119<\/a><\/p>\n<p><a href=\"https:\/\/pans.krosno.pl\/cti\/wp-content\/uploads\/sites\/38\/2023\/04\/Zalacznik-1c-Oswiadczenie-o-posiadaniu-ubezpieczenia-NNW.doc\">Za\u0142\u0105cznik 1c &#8211; O\u015bwiadczenie o posiadaniu ubezpieczenia NNW<\/a><\/p>\n<p><a href=\"https:\/\/pans.krosno.pl\/cti\/wp-content\/uploads\/sites\/38\/2023\/04\/Zalacznik-2a-\u2013-Porozumienie-dla-jednego-studenta-1.doc\">Za\u0142\u0105cznik 2a \u2013 Porozumienie dla jednego studenta<\/a><\/p>\n<p><a href=\"https:\/\/pans.krosno.pl\/cti\/wp-content\/uploads\/sites\/38\/2023\/04\/Zalacznik-2b-\u2013-Porozumienie-dla-grupy-studentow.doc\">Za\u0142\u0105cznik 2b \u2013 Porozumienie dla grupy student\u00f3w<\/a><\/p>\n<p><a href=\"https:\/\/pans.krosno.pl\/cti\/wp-content\/uploads\/sites\/38\/2023\/04\/Zalacznik-3-\u2013-Karta-weryfikacji-efektow-uczenia-sie.doc\">Za\u0142\u0105cznik 3 \u2013 Karta weryfikacji efekt\u00f3w uczenia si\u0119<\/a><\/p>\n<p><a href=\"https:\/\/pans.krosno.pl\/cti\/wp-content\/uploads\/sites\/38\/2023\/05\/Zalacznik-4a-\u2013-podanie-studenta-o-zaliczenie-praktyk-w-ramach-zatrudnienia.doc\">Za\u0142\u0105cznik 4a \u2013 podanie studenta o zaliczenie praktyk w ramach zatrudnienia<\/a><\/p>\n<p><a href=\"https:\/\/pans.krosno.pl\/cti\/wp-content\/uploads\/sites\/38\/2023\/05\/Zalacznik-4b-\u2013-zaswiadczenie-pracodawcy.doc\">Za\u0142\u0105cznik 4b \u2013 za\u015bwiadczenie pracodawcy<\/a><\/p>\n<p><a href=\"https:\/\/pans.krosno.pl\/cti\/wp-content\/uploads\/sites\/38\/2023\/04\/Zalacznik-4c-\u2013-oswiadczenie-o-wykonywanych-czynnosciach.doc\">Za\u0142\u0105cznik 4c \u2013 o\u015bwiadczenie o wykonywanych czynno\u015bciach<\/a><\/p>\n<p><a href=\"https:\/\/pans.krosno.pl\/cti\/wp-content\/uploads\/sites\/38\/2023\/04\/Zalacznik-5-\u2013-wykaz-studentow-odbywajacych-praktyki.doc\">Za\u0142\u0105cznik 5 \u2013 wykaz student\u00f3w odbywaj\u0105cych praktyki<\/a><\/p>\n<p><a href=\"https:\/\/pans.krosno.pl\/cti\/wp-content\/uploads\/sites\/38\/2023\/04\/Zalacznik-6-\u2013-sprawozdanie.doc\">Za\u0142\u0105cznik 6 \u2013 sprawozdanie<\/a><\/p>\n<p><a href=\"https:\/\/pans.krosno.pl\/cti\/wp-content\/uploads\/sites\/38\/2023\/04\/Zalacznik-7a-\u2013-protokol-hospitacji-bezposredniej.doc\">Za\u0142\u0105cznik 7a \u2013 protok\u00f3\u0142 hospitacji bezpo\u015bredniej<\/a><\/p>\n<p><a href=\"https:\/\/pans.krosno.pl\/cti\/wp-content\/uploads\/sites\/38\/2023\/04\/Zalacznik-7b-\u2013-protokol-hospitacji-telefonicznej.doc\">Za\u0142\u0105cznik 7b \u2013 protok\u00f3\u0142 hospitacji telefonicznej<\/a><\/p>\n<p><a href=\"https:\/\/pans.krosno.pl\/cti\/wp-content\/uploads\/sites\/38\/2023\/04\/Zalacznik-8-\u2013-ankieta-oceny-miejsca-realizacji-praktyk.doc\">Za\u0142\u0105cznik 8 \u2013 ankieta oceny miejsca realizacji praktyk<\/a><\/p>\n","protected":false},"excerpt":{"rendered":"<p>Wykaz za\u0142\u0105cznik\u00f3w do Zarz\u0105dzenia 19\/23 Rektora PANS w Kro\u015bnie z dnia 5 kwietnia 2023 roku: Za\u0142\u0105cznik 1a i 1b \u2013 Skierowanie na praktyk\u0119 i o\u015bwiadczenie o przyj\u0119ciu na praktyk\u0119 Za\u0142\u0105cznik 1c &#8211; O\u015bwiadczenie o posiadaniu ubezpieczenia NNW Za\u0142\u0105cznik 2a \u2013 Porozumienie dla jednego studenta Za\u0142\u0105cznik 2b \u2013 Porozumienie dla grupy [\u2026] <\/p>\n<div class=\"clear\"><\/div>\n<p><a class=\"more_link clearfix\" href=\"https:\/\/pans.krosno.pl\/cti\/praktyki\/druki-na-praktyki-do-pobrania\/\" rel=\"nofollow\">Read More<\/a><\/p>\n","protected":false},"author":27,"featured_media":0,"parent":222,"menu_order":0,"comment_status":"closed","ping_status":"closed","template":"page-templates\/template-full-width.php","meta":{"ngg_post_thumbnail":0,"footnotes":""},"class_list":["post-760","page","type-page","status-publish","hentry"],"yoast_head":"<!-- This site is optimized with the Yoast SEO Premium plugin v27.3 (Yoast SEO v27.3) - https:\/\/yoast.com\/product\/yoast-seo-premium-wordpress\/ -->\n<title>Druki na praktyki \u2013 do pobrania - Centrum Technologiczne Inkubator PANS w Kro\u015bnie<\/title>\n<meta name=\"robots\" content=\"index, follow, max-snippet:-1, max-image-preview:large, max-video-preview:-1\" \/>\n<link rel=\"canonical\" href=\"https:\/\/pans.krosno.pl\/cti\/praktyki\/druki-na-praktyki-do-pobrania\/\" \/>\n<meta property=\"og:locale\" content=\"pl_PL\" \/>\n<meta property=\"og:type\" content=\"article\" \/>\n<meta property=\"og:title\" content=\"Druki na praktyki \u2013 do pobrania\" \/>\n<meta property=\"og:description\" content=\"Wykaz za\u0142\u0105cznik\u00f3w do Zarz\u0105dzenia 19\/23 Rektora PANS w Kro\u015bnie z dnia 5 kwietnia 2023 roku: Za\u0142\u0105cznik 1a i 1b \u2013 Skierowanie na praktyk\u0119 i o\u015bwiadczenie o przyj\u0119ciu na praktyk\u0119 Za\u0142\u0105cznik 1c &#8211; O\u015bwiadczenie o posiadaniu ubezpieczenia NNW Za\u0142\u0105cznik 2a \u2013 Porozumienie dla jednego studenta Za\u0142\u0105cznik 2b \u2013 Porozumienie dla grupy [\u2026] Read More\" \/>\n<meta property=\"og:url\" content=\"https:\/\/pans.krosno.pl\/cti\/praktyki\/druki-na-praktyki-do-pobrania\/\" \/>\n<meta property=\"og:site_name\" content=\"Centrum Technologiczne Inkubator PANS w Kro\u015bnie\" \/>\n<meta property=\"article:publisher\" content=\"https:\/\/www.facebook.com\/BKKPUKROSNO\/\" \/>\n<meta property=\"article:modified_time\" content=\"2023-09-20T07:55:31+00:00\" \/>\n<meta name=\"twitter:card\" content=\"summary_large_image\" \/>\n<script type=\"application\/ld+json\" class=\"yoast-schema-graph\">{\"@context\":\"https:\\\/\\\/schema.org\",\"@graph\":[{\"@type\":\"WebPage\",\"@id\":\"https:\\\/\\\/pans.krosno.pl\\\/cti\\\/praktyki\\\/druki-na-praktyki-do-pobrania\\\/\",\"url\":\"https:\\\/\\\/pans.krosno.pl\\\/cti\\\/praktyki\\\/druki-na-praktyki-do-pobrania\\\/\",\"name\":\"Druki na praktyki \u2013 do pobrania - Centrum Technologiczne Inkubator PANS w Kro\u015bnie\",\"isPartOf\":{\"@id\":\"https:\\\/\\\/pans.krosno.pl\\\/cti\\\/#website\"},\"datePublished\":\"2020-10-01T09:28:15+00:00\",\"dateModified\":\"2023-09-20T07:55:31+00:00\",\"breadcrumb\":{\"@id\":\"https:\\\/\\\/pans.krosno.pl\\\/cti\\\/praktyki\\\/druki-na-praktyki-do-pobrania\\\/#breadcrumb\"},\"inLanguage\":\"pl-PL\",\"potentialAction\":[{\"@type\":\"ReadAction\",\"target\":[\"https:\\\/\\\/pans.krosno.pl\\\/cti\\\/praktyki\\\/druki-na-praktyki-do-pobrania\\\/\"]}]},{\"@type\":\"BreadcrumbList\",\"@id\":\"https:\\\/\\\/pans.krosno.pl\\\/cti\\\/praktyki\\\/druki-na-praktyki-do-pobrania\\\/#breadcrumb\",\"itemListElement\":[{\"@type\":\"ListItem\",\"position\":1,\"name\":\"Strona g\u0142\u00f3wna\",\"item\":\"https:\\\/\\\/pans.krosno.pl\\\/cti\\\/\"},{\"@type\":\"ListItem\",\"position\":2,\"name\":\"Praktyki\",\"item\":\"https:\\\/\\\/pans.krosno.pl\\\/cti\\\/praktyki\\\/\"},{\"@type\":\"ListItem\",\"position\":3,\"name\":\"Druki na praktyki \u2013 do pobrania\"}]},{\"@type\":\"WebSite\",\"@id\":\"https:\\\/\\\/pans.krosno.pl\\\/cti\\\/#website\",\"url\":\"https:\\\/\\\/pans.krosno.pl\\\/cti\\\/\",\"name\":\"Biuro Karier\",\"description\":\"Centrum Technologiczne Inkubator - Pa\u0144stwowa Akademia Nauk Stosowanych\",\"publisher\":{\"@id\":\"https:\\\/\\\/pans.krosno.pl\\\/cti\\\/#organization\"},\"potentialAction\":[{\"@type\":\"SearchAction\",\"target\":{\"@type\":\"EntryPoint\",\"urlTemplate\":\"https:\\\/\\\/pans.krosno.pl\\\/cti\\\/?s={search_term_string}\"},\"query-input\":{\"@type\":\"PropertyValueSpecification\",\"valueRequired\":true,\"valueName\":\"search_term_string\"}}],\"inLanguage\":\"pl-PL\"},{\"@type\":\"Organization\",\"@id\":\"https:\\\/\\\/pans.krosno.pl\\\/cti\\\/#organization\",\"name\":\"Biuro Karier - Karpacka Pa\u0144stwowa Uczelnia w Kro\u015bnie\",\"url\":\"https:\\\/\\\/pans.krosno.pl\\\/cti\\\/\",\"logo\":{\"@type\":\"ImageObject\",\"inLanguage\":\"pl-PL\",\"@id\":\"https:\\\/\\\/pans.krosno.pl\\\/cti\\\/#\\\/schema\\\/logo\\\/image\\\/\",\"url\":\"https:\\\/\\\/pans.krosno.pl\\\/bk\\\/wp-content\\\/uploads\\\/sites\\\/38\\\/2020\\\/05\\\/96735643_906333539807912_5732186373989859328_n-1.gif\",\"contentUrl\":\"https:\\\/\\\/pans.krosno.pl\\\/bk\\\/wp-content\\\/uploads\\\/sites\\\/38\\\/2020\\\/05\\\/96735643_906333539807912_5732186373989859328_n-1.gif\",\"width\":762,\"height\":137,\"caption\":\"Biuro Karier - Karpacka Pa\u0144stwowa Uczelnia w Kro\u015bnie\"},\"image\":{\"@id\":\"https:\\\/\\\/pans.krosno.pl\\\/cti\\\/#\\\/schema\\\/logo\\\/image\\\/\"},\"sameAs\":[\"https:\\\/\\\/www.facebook.com\\\/BKKPUKROSNO\\\/\"]}]}<\/script>\n<!-- \/ Yoast SEO Premium plugin. -->","yoast_head_json":{"title":"Druki na praktyki \u2013 do pobrania - Centrum Technologiczne Inkubator PANS w Kro\u015bnie","robots":{"index":"index","follow":"follow","max-snippet":"max-snippet:-1","max-image-preview":"max-image-preview:large","max-video-preview":"max-video-preview:-1"},"canonical":"https:\/\/pans.krosno.pl\/cti\/praktyki\/druki-na-praktyki-do-pobrania\/","og_locale":"pl_PL","og_type":"article","og_title":"Druki na praktyki \u2013 do pobrania","og_description":"Wykaz za\u0142\u0105cznik\u00f3w do Zarz\u0105dzenia 19\/23 Rektora PANS w Kro\u015bnie z dnia 5 kwietnia 2023 roku: Za\u0142\u0105cznik 1a i 1b \u2013 Skierowanie na praktyk\u0119 i o\u015bwiadczenie o przyj\u0119ciu na praktyk\u0119 Za\u0142\u0105cznik 1c &#8211; O\u015bwiadczenie o posiadaniu ubezpieczenia NNW Za\u0142\u0105cznik 2a \u2013 Porozumienie dla jednego studenta Za\u0142\u0105cznik 2b \u2013 Porozumienie dla grupy [\u2026] Read More","og_url":"https:\/\/pans.krosno.pl\/cti\/praktyki\/druki-na-praktyki-do-pobrania\/","og_site_name":"Centrum Technologiczne Inkubator PANS w Kro\u015bnie","article_publisher":"https:\/\/www.facebook.com\/BKKPUKROSNO\/","article_modified_time":"2023-09-20T07:55:31+00:00","twitter_card":"summary_large_image","schema":{"@context":"https:\/\/schema.org","@graph":[{"@type":"WebPage","@id":"https:\/\/pans.krosno.pl\/cti\/praktyki\/druki-na-praktyki-do-pobrania\/","url":"https:\/\/pans.krosno.pl\/cti\/praktyki\/druki-na-praktyki-do-pobrania\/","name":"Druki na praktyki \u2013 do pobrania - Centrum Technologiczne Inkubator PANS w Kro\u015bnie","isPartOf":{"@id":"https:\/\/pans.krosno.pl\/cti\/#website"},"datePublished":"2020-10-01T09:28:15+00:00","dateModified":"2023-09-20T07:55:31+00:00","breadcrumb":{"@id":"https:\/\/pans.krosno.pl\/cti\/praktyki\/druki-na-praktyki-do-pobrania\/#breadcrumb"},"inLanguage":"pl-PL","potentialAction":[{"@type":"ReadAction","target":["https:\/\/pans.krosno.pl\/cti\/praktyki\/druki-na-praktyki-do-pobrania\/"]}]},{"@type":"BreadcrumbList","@id":"https:\/\/pans.krosno.pl\/cti\/praktyki\/druki-na-praktyki-do-pobrania\/#breadcrumb","itemListElement":[{"@type":"ListItem","position":1,"name":"Strona g\u0142\u00f3wna","item":"https:\/\/pans.krosno.pl\/cti\/"},{"@type":"ListItem","position":2,"name":"Praktyki","item":"https:\/\/pans.krosno.pl\/cti\/praktyki\/"},{"@type":"ListItem","position":3,"name":"Druki na praktyki \u2013 do pobrania"}]},{"@type":"WebSite","@id":"https:\/\/pans.krosno.pl\/cti\/#website","url":"https:\/\/pans.krosno.pl\/cti\/","name":"Biuro Karier","description":"Centrum Technologiczne Inkubator - Pa\u0144stwowa Akademia Nauk Stosowanych","publisher":{"@id":"https:\/\/pans.krosno.pl\/cti\/#organization"},"potentialAction":[{"@type":"SearchAction","target":{"@type":"EntryPoint","urlTemplate":"https:\/\/pans.krosno.pl\/cti\/?s={search_term_string}"},"query-input":{"@type":"PropertyValueSpecification","valueRequired":true,"valueName":"search_term_string"}}],"inLanguage":"pl-PL"},{"@type":"Organization","@id":"https:\/\/pans.krosno.pl\/cti\/#organization","name":"Biuro Karier - Karpacka Pa\u0144stwowa Uczelnia w Kro\u015bnie","url":"https:\/\/pans.krosno.pl\/cti\/","logo":{"@type":"ImageObject","inLanguage":"pl-PL","@id":"https:\/\/pans.krosno.pl\/cti\/#\/schema\/logo\/image\/","url":"https:\/\/pans.krosno.pl\/bk\/wp-content\/uploads\/sites\/38\/2020\/05\/96735643_906333539807912_5732186373989859328_n-1.gif","contentUrl":"https:\/\/pans.krosno.pl\/bk\/wp-content\/uploads\/sites\/38\/2020\/05\/96735643_906333539807912_5732186373989859328_n-1.gif","width":762,"height":137,"caption":"Biuro Karier - Karpacka Pa\u0144stwowa Uczelnia w Kro\u015bnie"},"image":{"@id":"https:\/\/pans.krosno.pl\/cti\/#\/schema\/logo\/image\/"},"sameAs":["https:\/\/www.facebook.com\/BKKPUKROSNO\/"]}]}},"_links":{"self":[{"href":"https:\/\/pans.krosno.pl\/cti\/wp-json\/wp\/v2\/pages\/760","targetHints":{"allow":["GET"]}}],"collection":[{"href":"https:\/\/pans.krosno.pl\/cti\/wp-json\/wp\/v2\/pages"}],"about":[{"href":"https:\/\/pans.krosno.pl\/cti\/wp-json\/wp\/v2\/types\/page"}],"author":[{"embeddable":true,"href":"https:\/\/pans.krosno.pl\/cti\/wp-json\/wp\/v2\/users\/27"}],"replies":[{"embeddable":true,"href":"https:\/\/pans.krosno.pl\/cti\/wp-json\/wp\/v2\/comments?post=760"}],"version-history":[{"count":42,"href":"https:\/\/pans.krosno.pl\/cti\/wp-json\/wp\/v2\/pages\/760\/revisions"}],"predecessor-version":[{"id":5018,"href":"https:\/\/pans.krosno.pl\/cti\/wp-json\/wp\/v2\/pages\/760\/revisions\/5018"}],"up":[{"embeddable":true,"href":"https:\/\/pans.krosno.pl\/cti\/wp-json\/wp\/v2\/pages\/222"}],"wp:attachment":[{"href":"https:\/\/pans.krosno.pl\/cti\/wp-json\/wp\/v2\/media?parent=760"}],"curies":[{"name":"wp","href":"https:\/\/api.w.org\/{rel}","templated":true}]}}