{"id":754,"date":"2020-10-01T11:22:40","date_gmt":"2020-10-01T09:22:40","guid":{"rendered":"https:\/\/pans.krosno.pl\/bk\/?page_id=754"},"modified":"2023-09-20T09:56:38","modified_gmt":"2023-09-20T07:56:38","slug":"regulamin-praktyk-2","status":"publish","type":"page","link":"https:\/\/pans.krosno.pl\/cti\/praktyki\/regulamin-praktyk-2\/","title":{"rendered":"Regulamin praktyk"},"content":{"rendered":"\n<p><strong>Regulamin praktyk<\/strong><\/p>\n\n\n<p><a href=\"https:\/\/pans.krosno.pl\/cti\/wp-content\/uploads\/sites\/38\/2023\/04\/Zarzadzenie-19_23.pdf\">Zarz\u0105dzenie nr 19\/23 Rektora Karpackiej Pa\u0144stwowej Uczelni w Kro\u015bnie z dnia 5 kwietnia 2023 roku w sprawie wprowadzenia Regulaminu praktyk studenckich w Pa\u0144stwowej Akademii Nauk Stosowanych w Kro\u015bnie<\/a><\/p>\n<p><a href=\"https:\/\/pans.krosno.pl\/cti\/wp-content\/uploads\/sites\/38\/2023\/04\/Zalacznik-zarzadzenie-19_23.pdf\">Za\u0142\u0105cznik nr 1 do Zarz\u0105dzenia 19\/23&nbsp; &#8211; Regulamin praktyk studenckich Pa\u0144stwowej Akademii Nauk Stosowanych w Kro\u015bnie<\/a><\/p>\n<p>&nbsp;<\/p>","protected":false},"excerpt":{"rendered":"<p>Regulamin praktyk Zarz\u0105dzenie nr 19\/23 Rektora Karpackiej Pa\u0144stwowej Uczelni w Kro\u015bnie z dnia 5 kwietnia 2023 roku w sprawie wprowadzenia Regulaminu praktyk studenckich w Pa\u0144stwowej Akademii Nauk Stosowanych w Kro\u015bnie Za\u0142\u0105cznik nr 1 do Zarz\u0105dzenia 19\/23&nbsp; &#8211; Regulamin praktyk studenckich Pa\u0144stwowej Akademii Nauk Stosowanych w Kro\u015bnie &nbsp;<\/p>\n","protected":false},"author":34,"featured_media":0,"parent":222,"menu_order":0,"comment_status":"closed","ping_status":"closed","template":"page-templates\/template-full-width.php","meta":{"ngg_post_thumbnail":0,"footnotes":""},"class_list":["post-754","page","type-page","status-publish","hentry"],"yoast_head":"<!-- This site is optimized with the Yoast SEO Premium plugin v27.3 (Yoast SEO v27.3) - https:\/\/yoast.com\/product\/yoast-seo-premium-wordpress\/ -->\n<title>Regulamin praktyk - Centrum Technologiczne Inkubator PANS w Kro\u015bnie<\/title>\n<meta name=\"robots\" content=\"index, follow, max-snippet:-1, max-image-preview:large, max-video-preview:-1\" \/>\n<link rel=\"canonical\" href=\"https:\/\/pans.krosno.pl\/cti\/praktyki\/regulamin-praktyk-2\/\" \/>\n<meta property=\"og:locale\" content=\"pl_PL\" \/>\n<meta property=\"og:type\" content=\"article\" \/>\n<meta property=\"og:title\" content=\"Regulamin praktyk\" \/>\n<meta property=\"og:description\" content=\"Regulamin praktyk Zarz\u0105dzenie nr 19\/23 Rektora Karpackiej Pa\u0144stwowej Uczelni w Kro\u015bnie z dnia 5 kwietnia 2023 roku w sprawie wprowadzenia Regulaminu praktyk studenckich w Pa\u0144stwowej Akademii Nauk Stosowanych w Kro\u015bnie Za\u0142\u0105cznik nr 1 do Zarz\u0105dzenia 19\/23&nbsp; &#8211; Regulamin praktyk studenckich Pa\u0144stwowej Akademii Nauk Stosowanych w Kro\u015bnie &nbsp;\" \/>\n<meta property=\"og:url\" content=\"https:\/\/pans.krosno.pl\/cti\/praktyki\/regulamin-praktyk-2\/\" \/>\n<meta property=\"og:site_name\" content=\"Centrum Technologiczne Inkubator PANS w Kro\u015bnie\" \/>\n<meta property=\"article:publisher\" content=\"https:\/\/www.facebook.com\/BKKPUKROSNO\/\" \/>\n<meta property=\"article:modified_time\" content=\"2023-09-20T07:56:38+00:00\" \/>\n<meta name=\"twitter:card\" content=\"summary_large_image\" \/>\n<script type=\"application\/ld+json\" class=\"yoast-schema-graph\">{\"@context\":\"https:\\\/\\\/schema.org\",\"@graph\":[{\"@type\":\"WebPage\",\"@id\":\"https:\\\/\\\/pans.krosno.pl\\\/cti\\\/praktyki\\\/regulamin-praktyk-2\\\/\",\"url\":\"https:\\\/\\\/pans.krosno.pl\\\/cti\\\/praktyki\\\/regulamin-praktyk-2\\\/\",\"name\":\"Regulamin praktyk - Centrum Technologiczne Inkubator PANS w Kro\u015bnie\",\"isPartOf\":{\"@id\":\"https:\\\/\\\/pans.krosno.pl\\\/cti\\\/#website\"},\"datePublished\":\"2020-10-01T09:22:40+00:00\",\"dateModified\":\"2023-09-20T07:56:38+00:00\",\"breadcrumb\":{\"@id\":\"https:\\\/\\\/pans.krosno.pl\\\/cti\\\/praktyki\\\/regulamin-praktyk-2\\\/#breadcrumb\"},\"inLanguage\":\"pl-PL\",\"potentialAction\":[{\"@type\":\"ReadAction\",\"target\":[\"https:\\\/\\\/pans.krosno.pl\\\/cti\\\/praktyki\\\/regulamin-praktyk-2\\\/\"]}]},{\"@type\":\"BreadcrumbList\",\"@id\":\"https:\\\/\\\/pans.krosno.pl\\\/cti\\\/praktyki\\\/regulamin-praktyk-2\\\/#breadcrumb\",\"itemListElement\":[{\"@type\":\"ListItem\",\"position\":1,\"name\":\"Strona g\u0142\u00f3wna\",\"item\":\"https:\\\/\\\/pans.krosno.pl\\\/cti\\\/\"},{\"@type\":\"ListItem\",\"position\":2,\"name\":\"Praktyki\",\"item\":\"https:\\\/\\\/pans.krosno.pl\\\/cti\\\/praktyki\\\/\"},{\"@type\":\"ListItem\",\"position\":3,\"name\":\"Regulamin praktyk\"}]},{\"@type\":\"WebSite\",\"@id\":\"https:\\\/\\\/pans.krosno.pl\\\/cti\\\/#website\",\"url\":\"https:\\\/\\\/pans.krosno.pl\\\/cti\\\/\",\"name\":\"Biuro Karier\",\"description\":\"Centrum Technologiczne Inkubator - Pa\u0144stwowa Akademia Nauk Stosowanych\",\"publisher\":{\"@id\":\"https:\\\/\\\/pans.krosno.pl\\\/cti\\\/#organization\"},\"potentialAction\":[{\"@type\":\"SearchAction\",\"target\":{\"@type\":\"EntryPoint\",\"urlTemplate\":\"https:\\\/\\\/pans.krosno.pl\\\/cti\\\/?s={search_term_string}\"},\"query-input\":{\"@type\":\"PropertyValueSpecification\",\"valueRequired\":true,\"valueName\":\"search_term_string\"}}],\"inLanguage\":\"pl-PL\"},{\"@type\":\"Organization\",\"@id\":\"https:\\\/\\\/pans.krosno.pl\\\/cti\\\/#organization\",\"name\":\"Biuro Karier - Karpacka Pa\u0144stwowa Uczelnia w Kro\u015bnie\",\"url\":\"https:\\\/\\\/pans.krosno.pl\\\/cti\\\/\",\"logo\":{\"@type\":\"ImageObject\",\"inLanguage\":\"pl-PL\",\"@id\":\"https:\\\/\\\/pans.krosno.pl\\\/cti\\\/#\\\/schema\\\/logo\\\/image\\\/\",\"url\":\"https:\\\/\\\/pans.krosno.pl\\\/bk\\\/wp-content\\\/uploads\\\/sites\\\/38\\\/2020\\\/05\\\/96735643_906333539807912_5732186373989859328_n-1.gif\",\"contentUrl\":\"https:\\\/\\\/pans.krosno.pl\\\/bk\\\/wp-content\\\/uploads\\\/sites\\\/38\\\/2020\\\/05\\\/96735643_906333539807912_5732186373989859328_n-1.gif\",\"width\":762,\"height\":137,\"caption\":\"Biuro Karier - Karpacka Pa\u0144stwowa Uczelnia w Kro\u015bnie\"},\"image\":{\"@id\":\"https:\\\/\\\/pans.krosno.pl\\\/cti\\\/#\\\/schema\\\/logo\\\/image\\\/\"},\"sameAs\":[\"https:\\\/\\\/www.facebook.com\\\/BKKPUKROSNO\\\/\"]}]}<\/script>\n<!-- \/ Yoast SEO Premium plugin. -->","yoast_head_json":{"title":"Regulamin praktyk - Centrum Technologiczne Inkubator PANS w Kro\u015bnie","robots":{"index":"index","follow":"follow","max-snippet":"max-snippet:-1","max-image-preview":"max-image-preview:large","max-video-preview":"max-video-preview:-1"},"canonical":"https:\/\/pans.krosno.pl\/cti\/praktyki\/regulamin-praktyk-2\/","og_locale":"pl_PL","og_type":"article","og_title":"Regulamin praktyk","og_description":"Regulamin praktyk Zarz\u0105dzenie nr 19\/23 Rektora Karpackiej Pa\u0144stwowej Uczelni w Kro\u015bnie z dnia 5 kwietnia 2023 roku w sprawie wprowadzenia Regulaminu praktyk studenckich w Pa\u0144stwowej Akademii Nauk Stosowanych w Kro\u015bnie Za\u0142\u0105cznik nr 1 do Zarz\u0105dzenia 19\/23&nbsp; &#8211; Regulamin praktyk studenckich Pa\u0144stwowej Akademii Nauk Stosowanych w Kro\u015bnie &nbsp;","og_url":"https:\/\/pans.krosno.pl\/cti\/praktyki\/regulamin-praktyk-2\/","og_site_name":"Centrum Technologiczne Inkubator PANS w Kro\u015bnie","article_publisher":"https:\/\/www.facebook.com\/BKKPUKROSNO\/","article_modified_time":"2023-09-20T07:56:38+00:00","twitter_card":"summary_large_image","schema":{"@context":"https:\/\/schema.org","@graph":[{"@type":"WebPage","@id":"https:\/\/pans.krosno.pl\/cti\/praktyki\/regulamin-praktyk-2\/","url":"https:\/\/pans.krosno.pl\/cti\/praktyki\/regulamin-praktyk-2\/","name":"Regulamin praktyk - Centrum Technologiczne Inkubator PANS w Kro\u015bnie","isPartOf":{"@id":"https:\/\/pans.krosno.pl\/cti\/#website"},"datePublished":"2020-10-01T09:22:40+00:00","dateModified":"2023-09-20T07:56:38+00:00","breadcrumb":{"@id":"https:\/\/pans.krosno.pl\/cti\/praktyki\/regulamin-praktyk-2\/#breadcrumb"},"inLanguage":"pl-PL","potentialAction":[{"@type":"ReadAction","target":["https:\/\/pans.krosno.pl\/cti\/praktyki\/regulamin-praktyk-2\/"]}]},{"@type":"BreadcrumbList","@id":"https:\/\/pans.krosno.pl\/cti\/praktyki\/regulamin-praktyk-2\/#breadcrumb","itemListElement":[{"@type":"ListItem","position":1,"name":"Strona g\u0142\u00f3wna","item":"https:\/\/pans.krosno.pl\/cti\/"},{"@type":"ListItem","position":2,"name":"Praktyki","item":"https:\/\/pans.krosno.pl\/cti\/praktyki\/"},{"@type":"ListItem","position":3,"name":"Regulamin praktyk"}]},{"@type":"WebSite","@id":"https:\/\/pans.krosno.pl\/cti\/#website","url":"https:\/\/pans.krosno.pl\/cti\/","name":"Biuro Karier","description":"Centrum Technologiczne Inkubator - Pa\u0144stwowa Akademia Nauk Stosowanych","publisher":{"@id":"https:\/\/pans.krosno.pl\/cti\/#organization"},"potentialAction":[{"@type":"SearchAction","target":{"@type":"EntryPoint","urlTemplate":"https:\/\/pans.krosno.pl\/cti\/?s={search_term_string}"},"query-input":{"@type":"PropertyValueSpecification","valueRequired":true,"valueName":"search_term_string"}}],"inLanguage":"pl-PL"},{"@type":"Organization","@id":"https:\/\/pans.krosno.pl\/cti\/#organization","name":"Biuro Karier - Karpacka Pa\u0144stwowa Uczelnia w Kro\u015bnie","url":"https:\/\/pans.krosno.pl\/cti\/","logo":{"@type":"ImageObject","inLanguage":"pl-PL","@id":"https:\/\/pans.krosno.pl\/cti\/#\/schema\/logo\/image\/","url":"https:\/\/pans.krosno.pl\/bk\/wp-content\/uploads\/sites\/38\/2020\/05\/96735643_906333539807912_5732186373989859328_n-1.gif","contentUrl":"https:\/\/pans.krosno.pl\/bk\/wp-content\/uploads\/sites\/38\/2020\/05\/96735643_906333539807912_5732186373989859328_n-1.gif","width":762,"height":137,"caption":"Biuro Karier - Karpacka Pa\u0144stwowa Uczelnia w Kro\u015bnie"},"image":{"@id":"https:\/\/pans.krosno.pl\/cti\/#\/schema\/logo\/image\/"},"sameAs":["https:\/\/www.facebook.com\/BKKPUKROSNO\/"]}]}},"_links":{"self":[{"href":"https:\/\/pans.krosno.pl\/cti\/wp-json\/wp\/v2\/pages\/754","targetHints":{"allow":["GET"]}}],"collection":[{"href":"https:\/\/pans.krosno.pl\/cti\/wp-json\/wp\/v2\/pages"}],"about":[{"href":"https:\/\/pans.krosno.pl\/cti\/wp-json\/wp\/v2\/types\/page"}],"author":[{"embeddable":true,"href":"https:\/\/pans.krosno.pl\/cti\/wp-json\/wp\/v2\/users\/34"}],"replies":[{"embeddable":true,"href":"https:\/\/pans.krosno.pl\/cti\/wp-json\/wp\/v2\/comments?post=754"}],"version-history":[{"count":16,"href":"https:\/\/pans.krosno.pl\/cti\/wp-json\/wp\/v2\/pages\/754\/revisions"}],"predecessor-version":[{"id":5022,"href":"https:\/\/pans.krosno.pl\/cti\/wp-json\/wp\/v2\/pages\/754\/revisions\/5022"}],"up":[{"embeddable":true,"href":"https:\/\/pans.krosno.pl\/cti\/wp-json\/wp\/v2\/pages\/222"}],"wp:attachment":[{"href":"https:\/\/pans.krosno.pl\/cti\/wp-json\/wp\/v2\/media?parent=754"}],"curies":[{"name":"wp","href":"https:\/\/api.w.org\/{rel}","templated":true}]}}